{"id":15792,"date":"2025-06-10T16:33:10","date_gmt":"2025-06-10T16:33:10","guid":{"rendered":"https:\/\/vitablanca.ma\/product\/bio-oil-huile-de-soin\/"},"modified":"2025-06-10T16:33:11","modified_gmt":"2025-06-10T16:33:11","slug":"bio-oil-huile-de-soin","status":"publish","type":"product","link":"https:\/\/vitablanca.ma\/en\/product\/bio-oil-huile-de-soin\/","title":{"rendered":"Bio-Oil Care Oil"},"content":{"rendered":"<h2 data-mce-fragment=\"1\">Bio-Oil Care Oil.<\/h2>\n<p data-mce-fragment=\"1\">Bio-oil is a specialized skincare product formulated to help improve the appearance of scars, stretch marks, and uneven skin tone. Its unique formulation is also highly effective for aging and dehydrated skin.<\/p>\n<ul class=\"a-unordered-list a-vertical a-spacing-mini\" data-mce-fragment=\"1\">\n<li data-mce-fragment=\"1\"><span class=\"a-list-item\" data-mce-fragment=\"1\">Bio-Oil Skin Care Oil is the world&#039;s leading scar and stretch mark remover. Its unique formula is also highly effective for uneven, aging, and dehydrated skin.<\/span><\/li>\n<li data-mce-fragment=\"1\"><span class=\"a-list-item\" data-mce-fragment=\"1\">The formula helps supplement the skin&#039;s natural oils and helps prevent dry skin. It is non-comedogenic (won&#039;t block pores), hypoallergenic, and suitable for even the most sensitive skin.<\/span><\/li>\n<li data-mce-fragment=\"1\"><span class=\"a-list-item\" data-mce-fragment=\"1\">Bio-Oil Skin Care Oil can be applied to the face and body and should be massaged into the scar in a circular motion twice a day for a minimum of 3 months. On new scars, the skin care oil should only be applied once the wound has healed and should not be used on damaged skin. Results vary from person to person.<\/span><\/li>\n<li data-mce-fragment=\"1\"><span class=\"a-list-item\" data-mce-fragment=\"1\">PurCellin Oil reduces the thickness of the Bio-Oil skincare formula, making it easily absorbed. This helps deliver key ingredients like vitamins A and E, as well as calendula, lavender, rosemary, and chamomile oils.<\/span><\/li>\n<li data-mce-fragment=\"1\"><span class=\"a-list-item\" data-mce-fragment=\"1\">The skin care oil is not sticky or greasy, a little goes a long way. For maximum absorption, it should be applied to cleansed skin. Can be used continuously as part of your daily skin care routine.<\/span><\/li>\n<\/ul>\n<p><span class=\"a-list-item\" data-mce-fragment=\"1\">25ml<span data-mce-fragment=\"1\">\u00a0<\/span>60ml<span data-mce-fragment=\"1\">\u00a0<\/span>125ml<span data-mce-fragment=\"1\">\u00a0<\/span>200ml<\/span><\/p>\n<h3 class=\"default\" data-mce-fragment=\"1\"><\/h3>\n<div class=\"a-section a-spacing-small\" id=\"productDescription\" data-mce-fragment=\"1\"><\/div>","protected":false},"excerpt":{"rendered":"<p>Bio-Oil Huile De Soin. Bio-oil est un produit de soin sp\u00e9cialis\u00e9 formul\u00e9 pour aider \u00e0 am\u00e9liorer l&rsquo;apparence des cicatrices, vergetures et teint irr\u00e9gulier. Sa formulation unique est \u00e9galement tr\u00e8s efficace pour les peaux vieillissantes et d\u00e9shydrat\u00e9es. L&rsquo;huile de soin pour la peau Bio-Oil est le leader mondial des produits cicatrices et extensibles. Sa formule unique [&hellip;]<\/p>\n","protected":false},"featured_media":15777,"template":"","meta":{"om_disable_all_campaigns":false},"product_brand":[],"product_cat":[15],"product_tag":[],"class_list":{"0":"post-15792","1":"product","2":"type-product","3":"status-publish","4":"has-post-thumbnail","6":"product_cat-beaute-sante-complements-alimentaires-soins-et-bien-etre-au-meilleur-prix","8":"first","9":"instock","10":"sale","11":"taxable","12":"shipping-taxable","13":"purchasable","14":"product-type-variable"},"yoast_head":"<!-- This site is optimized with the Yoast SEO plugin v27.4 - https:\/\/yoast.com\/product\/yoast-seo-wordpress\/ -->\n<title>Bio-Oil Huile De Soin - Maroc Prix<\/title>\n<meta name=\"description\" content=\"Bio-Oil Huile De Soin\" \/>\n<meta name=\"robots\" content=\"index, follow, max-snippet:-1, max-image-preview:large, max-video-preview:-1\" \/>\n<link rel=\"canonical\" href=\"https:\/\/vitablanca.ma\/en\/product\/bio-oil-huile-de-soin\/\" \/>\n<meta property=\"og:locale\" content=\"en_US\" \/>\n<meta property=\"og:type\" content=\"article\" \/>\n<meta property=\"og:title\" content=\"Bio-Oil Huile De Soin - Maroc Prix\" \/>\n<meta property=\"og:description\" content=\"Bio-Oil Huile De Soin\" \/>\n<meta property=\"og:url\" content=\"https:\/\/vitablanca.ma\/en\/product\/bio-oil-huile-de-soin\/\" \/>\n<meta property=\"og:site_name\" content=\"Vitablanca.ma &ndash; Sant&eacute;, vitalit&eacute; et bien-&ecirc;tre pour tous les Marocains\" \/>\n<meta property=\"article:publisher\" content=\"https:\/\/www.facebook.com\/profile.php?id=61576678196717\" \/>\n<meta property=\"article:modified_time\" content=\"2025-06-10T16:33:11+00:00\" \/>\n<meta property=\"og:image\" content=\"https:\/\/vitablanca.ma\/wp-content\/uploads\/2025\/06\/Bio-Oil-Huile-De-Soin-25ml-nova-parapharmacie-casablanca.jpg\" \/>\n\t<meta property=\"og:image:width\" content=\"1000\" \/>\n\t<meta property=\"og:image:height\" content=\"1000\" \/>\n\t<meta property=\"og:image:type\" content=\"image\/jpeg\" \/>\n<meta name=\"twitter:card\" content=\"summary_large_image\" \/>\n<meta name=\"twitter:label1\" content=\"Est. reading time\" \/>\n\t<meta name=\"twitter:data1\" content=\"1 minute\" \/>\n<script type=\"application\/ld+json\" class=\"yoast-schema-graph\">{\"@context\":\"https:\\\/\\\/schema.org\",\"@graph\":[{\"@type\":[\"WebPage\",\"ItemPage\"],\"@id\":\"https:\\\/\\\/vitablanca.ma\\\/produit\\\/bio-oil-huile-de-soin\\\/\",\"url\":\"https:\\\/\\\/vitablanca.ma\\\/produit\\\/bio-oil-huile-de-soin\\\/\",\"name\":\"Bio-Oil Huile De Soin - Maroc Prix\",\"isPartOf\":{\"@id\":\"https:\\\/\\\/vitablanca.ma\\\/#website\"},\"primaryImageOfPage\":{\"@id\":\"https:\\\/\\\/vitablanca.ma\\\/produit\\\/bio-oil-huile-de-soin\\\/#primaryimage\"},\"image\":{\"@id\":\"https:\\\/\\\/vitablanca.ma\\\/produit\\\/bio-oil-huile-de-soin\\\/#primaryimage\"},\"thumbnailUrl\":\"https:\\\/\\\/vitablanca.ma\\\/wp-content\\\/uploads\\\/2025\\\/06\\\/Bio-Oil-Huile-De-Soin-25ml-nova-parapharmacie-casablanca.jpg\",\"datePublished\":\"2025-06-10T16:33:10+00:00\",\"dateModified\":\"2025-06-10T16:33:11+00:00\",\"description\":\"Bio-Oil Huile De Soin\",\"breadcrumb\":{\"@id\":\"https:\\\/\\\/vitablanca.ma\\\/produit\\\/bio-oil-huile-de-soin\\\/#breadcrumb\"},\"inLanguage\":\"en-US\",\"potentialAction\":[{\"@type\":\"ReadAction\",\"target\":[\"https:\\\/\\\/vitablanca.ma\\\/produit\\\/bio-oil-huile-de-soin\\\/\"]}]},{\"@type\":\"ImageObject\",\"inLanguage\":\"en-US\",\"@id\":\"https:\\\/\\\/vitablanca.ma\\\/produit\\\/bio-oil-huile-de-soin\\\/#primaryimage\",\"url\":\"https:\\\/\\\/vitablanca.ma\\\/wp-content\\\/uploads\\\/2025\\\/06\\\/Bio-Oil-Huile-De-Soin-25ml-nova-parapharmacie-casablanca.jpg\",\"contentUrl\":\"https:\\\/\\\/vitablanca.ma\\\/wp-content\\\/uploads\\\/2025\\\/06\\\/Bio-Oil-Huile-De-Soin-25ml-nova-parapharmacie-casablanca.jpg\",\"width\":1000,\"height\":1000},{\"@type\":\"BreadcrumbList\",\"@id\":\"https:\\\/\\\/vitablanca.ma\\\/produit\\\/bio-oil-huile-de-soin\\\/#breadcrumb\",\"itemListElement\":[{\"@type\":\"ListItem\",\"position\":1,\"name\":\"Home\",\"item\":\"https:\\\/\\\/vitablanca.ma\\\/\"},{\"@type\":\"ListItem\",\"position\":2,\"name\":\"Tous Les Produits\",\"item\":\"https:\\\/\\\/vitablanca.ma\\\/tous-les-produits\\\/\"},{\"@type\":\"ListItem\",\"position\":3,\"name\":\"Bio-Oil Huile De Soin\"}]},{\"@type\":\"WebSite\",\"@id\":\"https:\\\/\\\/vitablanca.ma\\\/#website\",\"url\":\"https:\\\/\\\/vitablanca.ma\\\/\",\"name\":\"VitaBlanca.ma | Compl\u00e9ments alimentaires, sant\u00e9 & beaut\u00e9 au Maroc\",\"description\":\"vendre vitamines et compl\u00e9ments premium des USA &amp; Canada, Nouvelle Z\u00e9lande,Maroc (NOW Foods, Solgar, Manuka). Livraison rapide partout au Maroc.\",\"publisher\":{\"@id\":\"https:\\\/\\\/vitablanca.ma\\\/#organization\"},\"alternateName\":\"VitaBlanca.ma\",\"potentialAction\":[{\"@type\":\"SearchAction\",\"target\":{\"@type\":\"EntryPoint\",\"urlTemplate\":\"https:\\\/\\\/vitablanca.ma\\\/?s={search_term_string}\"},\"query-input\":{\"@type\":\"PropertyValueSpecification\",\"valueRequired\":true,\"valueName\":\"search_term_string\"}}],\"inLanguage\":\"en-US\"},{\"@type\":\"Organization\",\"@id\":\"https:\\\/\\\/vitablanca.ma\\\/#organization\",\"name\":\"VitaBlanca\",\"url\":\"https:\\\/\\\/vitablanca.ma\\\/\",\"logo\":{\"@type\":\"ImageObject\",\"inLanguage\":\"en-US\",\"@id\":\"https:\\\/\\\/vitablanca.ma\\\/#\\\/schema\\\/logo\\\/image\\\/\",\"url\":\"https:\\\/\\\/vitablanca.ma\\\/wp-content\\\/uploads\\\/2025\\\/05\\\/cropped-vitablanca.png\",\"contentUrl\":\"https:\\\/\\\/vitablanca.ma\\\/wp-content\\\/uploads\\\/2025\\\/05\\\/cropped-vitablanca.png\",\"width\":360,\"height\":67,\"caption\":\"VitaBlanca\"},\"image\":{\"@id\":\"https:\\\/\\\/vitablanca.ma\\\/#\\\/schema\\\/logo\\\/image\\\/\"},\"sameAs\":[\"https:\\\/\\\/www.facebook.com\\\/profile.php?id=61576678196717\",\"https:\\\/\\\/www.tiktok.com\\\/@vitablanca.ma\",\"https:\\\/\\\/www.instagram.com\\\/vitablanca.ma\\\/\"]}]}<\/script>\n<!-- \/ Yoast SEO plugin. -->","yoast_head_json":{"title":"Bio-Oil Care Oil - Morocco Price","description":"Bio-Oil Care Oil","robots":{"index":"index","follow":"follow","max-snippet":"max-snippet:-1","max-image-preview":"max-image-preview:large","max-video-preview":"max-video-preview:-1"},"canonical":"https:\/\/vitablanca.ma\/en\/product\/bio-oil-huile-de-soin\/","og_locale":"en_US","og_type":"article","og_title":"Bio-Oil Huile De Soin - Maroc Prix","og_description":"Bio-Oil Huile De Soin","og_url":"https:\/\/vitablanca.ma\/en\/product\/bio-oil-huile-de-soin\/","og_site_name":"Vitablanca.ma &ndash; Sant&eacute;, vitalit&eacute; et bien-&ecirc;tre pour tous les Marocains","article_publisher":"https:\/\/www.facebook.com\/profile.php?id=61576678196717","article_modified_time":"2025-06-10T16:33:11+00:00","og_image":[{"width":1000,"height":1000,"url":"https:\/\/vitablanca.ma\/wp-content\/uploads\/2025\/06\/Bio-Oil-Huile-De-Soin-25ml-nova-parapharmacie-casablanca.jpg","type":"image\/jpeg"}],"twitter_card":"summary_large_image","twitter_misc":{"Est. reading time":"1 minute"},"schema":{"@context":"https:\/\/schema.org","@graph":[{"@type":["WebPage","ItemPage"],"@id":"https:\/\/vitablanca.ma\/produit\/bio-oil-huile-de-soin\/","url":"https:\/\/vitablanca.ma\/produit\/bio-oil-huile-de-soin\/","name":"Bio-Oil Care Oil - Morocco Price","isPartOf":{"@id":"https:\/\/vitablanca.ma\/#website"},"primaryImageOfPage":{"@id":"https:\/\/vitablanca.ma\/produit\/bio-oil-huile-de-soin\/#primaryimage"},"image":{"@id":"https:\/\/vitablanca.ma\/produit\/bio-oil-huile-de-soin\/#primaryimage"},"thumbnailUrl":"https:\/\/vitablanca.ma\/wp-content\/uploads\/2025\/06\/Bio-Oil-Huile-De-Soin-25ml-nova-parapharmacie-casablanca.jpg","datePublished":"2025-06-10T16:33:10+00:00","dateModified":"2025-06-10T16:33:11+00:00","description":"Bio-Oil Care Oil","breadcrumb":{"@id":"https:\/\/vitablanca.ma\/produit\/bio-oil-huile-de-soin\/#breadcrumb"},"inLanguage":"en-US","potentialAction":[{"@type":"ReadAction","target":["https:\/\/vitablanca.ma\/produit\/bio-oil-huile-de-soin\/"]}]},{"@type":"ImageObject","inLanguage":"en-US","@id":"https:\/\/vitablanca.ma\/produit\/bio-oil-huile-de-soin\/#primaryimage","url":"https:\/\/vitablanca.ma\/wp-content\/uploads\/2025\/06\/Bio-Oil-Huile-De-Soin-25ml-nova-parapharmacie-casablanca.jpg","contentUrl":"https:\/\/vitablanca.ma\/wp-content\/uploads\/2025\/06\/Bio-Oil-Huile-De-Soin-25ml-nova-parapharmacie-casablanca.jpg","width":1000,"height":1000},{"@type":"BreadcrumbList","@id":"https:\/\/vitablanca.ma\/produit\/bio-oil-huile-de-soin\/#breadcrumb","itemListElement":[{"@type":"ListItem","position":1,"name":"Home","item":"https:\/\/vitablanca.ma\/"},{"@type":"ListItem","position":2,"name":"Tous Les Produits","item":"https:\/\/vitablanca.ma\/tous-les-produits\/"},{"@type":"ListItem","position":3,"name":"Bio-Oil Huile De Soin"}]},{"@type":"WebSite","@id":"https:\/\/vitablanca.ma\/#website","url":"https:\/\/vitablanca.ma\/","name":"VitaBlanca.ma | Food supplements, health &amp; beauty in Morocco","description":"sell premium vitamins and supplements from USA &amp; Canada, New Zealand, Morocco (NOW Foods, Solgar, Manuka). Fast delivery anywhere in Morocco.","publisher":{"@id":"https:\/\/vitablanca.ma\/#organization"},"alternateName":"VitaBlanca.ma","potentialAction":[{"@type":"SearchAction","target":{"@type":"EntryPoint","urlTemplate":"https:\/\/vitablanca.ma\/?s={search_term_string}"},"query-input":{"@type":"PropertyValueSpecification","valueRequired":true,"valueName":"search_term_string"}}],"inLanguage":"en-US"},{"@type":"Organization","@id":"https:\/\/vitablanca.ma\/#organization","name":"VitaBlanca","url":"https:\/\/vitablanca.ma\/","logo":{"@type":"ImageObject","inLanguage":"en-US","@id":"https:\/\/vitablanca.ma\/#\/schema\/logo\/image\/","url":"https:\/\/vitablanca.ma\/wp-content\/uploads\/2025\/05\/cropped-vitablanca.png","contentUrl":"https:\/\/vitablanca.ma\/wp-content\/uploads\/2025\/05\/cropped-vitablanca.png","width":360,"height":67,"caption":"VitaBlanca"},"image":{"@id":"https:\/\/vitablanca.ma\/#\/schema\/logo\/image\/"},"sameAs":["https:\/\/www.facebook.com\/profile.php?id=61576678196717","https:\/\/www.tiktok.com\/@vitablanca.ma","https:\/\/www.instagram.com\/vitablanca.ma\/"]}]}},"jetpack_sharing_enabled":true,"_links":{"self":[{"href":"https:\/\/vitablanca.ma\/en\/wp-json\/wp\/v2\/product\/15792","targetHints":{"allow":["GET"]}}],"collection":[{"href":"https:\/\/vitablanca.ma\/en\/wp-json\/wp\/v2\/product"}],"about":[{"href":"https:\/\/vitablanca.ma\/en\/wp-json\/wp\/v2\/types\/product"}],"wp:featuredmedia":[{"embeddable":true,"href":"https:\/\/vitablanca.ma\/en\/wp-json\/wp\/v2\/media\/15777"}],"wp:attachment":[{"href":"https:\/\/vitablanca.ma\/en\/wp-json\/wp\/v2\/media?parent=15792"}],"wp:term":[{"taxonomy":"product_brand","embeddable":true,"href":"https:\/\/vitablanca.ma\/en\/wp-json\/wp\/v2\/product_brand?post=15792"},{"taxonomy":"product_cat","embeddable":true,"href":"https:\/\/vitablanca.ma\/en\/wp-json\/wp\/v2\/product_cat?post=15792"},{"taxonomy":"product_tag","embeddable":true,"href":"https:\/\/vitablanca.ma\/en\/wp-json\/wp\/v2\/product_tag?post=15792"}],"curies":[{"name":"wp","href":"https:\/\/api.w.org\/{rel}","templated":true}]}}