{"id":15772,"date":"2025-06-10T16:33:00","date_gmt":"2025-06-10T16:33:00","guid":{"rendered":"https:\/\/vitablanca.ma\/product\/bioderma-photoderm-nude-touch-spf50-40ml\/"},"modified":"2026-01-21T18:15:38","modified_gmt":"2026-01-21T18:15:38","slug":"bioderma-photoderm-nude-touch-spf50-40ml","status":"publish","type":"product","link":"https:\/\/vitablanca.ma\/en\/product\/bioderma-photoderm-nude-touch-spf50-40ml\/","title":{"rendered":"Bioderma Photoderm NUDE Touch SPF50+ 40ml"},"content":{"rendered":"<h2>Bioderma Photoderm NUDE Touch SPF50+ mineral sunscreen, bare skin effect.<\/h2>\n<p>Combination to oily skin<br \/><span>Adults<\/span><\/p>\n<h3>Benefits<\/h3>\n<ul>\n<li>The combination of 100% mineral UVA\/UVB filters and the Cellular Bioprotection\u2122 patent provides optimized protection against the harmful effects of UV rays.<\/li>\n<li>Reduces shine for 8 hours thanks to its absorbent powders<\/li>\n<li>Provides an even and radiant complexion with a bare skin effect<\/li>\n<li>Reduces imperfections day after day<\/li>\n<\/ul>\n<p><span>Ultra-light texture, silky touch, powdery finish in perfect fusion with the skin \u2013 Very good tolerance \u2013 Non-comedogenic \u2013 Very high water resistance \u2013 Available in two shades, light and golden<\/span><\/p>\n<h3><span>Directions for use<\/span><\/h3>\n<div id=\"div1\" class=\"no-treatment\">\n<p>Daily use<\/p>\n<ul class=\"step-list\">\n<li>\n<strong>STEP 1:\u00a0<\/strong>Before each use, shake the product well until you hear the sound of the balls.<\/li>\n<li>\n<strong>STEP 2:\u00a0<\/strong>Use after your daily moisturizer. Apply evenly and generously to the face and neck before sun exposure (a smaller amount of product decreases the level of sun protection).<\/li>\n<li>\n<strong>STEP 3:\u00a0<\/strong>Reapply frequently, before and after each bath, rubbing or sporting activity.<\/li>\n<\/ul>\n<\/div>\n<div class=\"small\">\n<p>Also available in a tinted version: very light or golden. Apply to healthy skin. Adults. Excessive sun exposure is bad for your health.<\/p>\n<\/div>\n<p style=\"text-align: center\">Discover <strong>Bioderma Photoderm NUDE Touch<\/strong>, a product carefully selected to meet your specific needs, and enjoy an exceptional shopping experience on our site,\u00a0<strong>Vita Blanca Parapharmacie Maroc<\/strong><\/p>","protected":false},"excerpt":{"rendered":"<p>Bioderma Photoderm NUDE Touch SPF50+ soin solaire min\u00e9ral, effet peau nue. Peaux mixtes \u00e0 grassesAdultes B\u00e9n\u00e9fices L&rsquo;association de filtres UVA\/UVB 100% min\u00e9reaux et du brevet Bioprotection Cellulaire\u2122 offre une protection optimis\u00e9e contre les m\u00e9faits des UV. Att\u00e9nue la brillance pendant 8\u00a0h gr\u00e2ce \u00e0 ses poudres absorbantes Offre un teint uniforme et \u00e9clatant avec un effet [&hellip;]<\/p>\n","protected":false},"featured_media":15767,"template":"","meta":{"om_disable_all_campaigns":false},"product_brand":[5990],"product_cat":[18,15],"product_tag":[5991,5992],"class_list":{"0":"post-15772","1":"product","2":"type-product","3":"status-publish","4":"has-post-thumbnail","6":"product_brand-bioderma-original-maroc-au-meilleur-prix","7":"product_cat-beaute-sante","8":"product_cat-beaute-sante-complements-alimentaires-soins-et-bien-etre-au-meilleur-prix","9":"product_tag-bioderma","10":"product_tag-bioderma-maroc","12":"first","13":"instock","14":"sale","15":"taxable","16":"shipping-taxable","17":"purchasable","18":"product-type-variable"},"yoast_head":"<!-- This site is optimized with the Yoast SEO plugin v27.4 - https:\/\/yoast.com\/product\/yoast-seo-wordpress\/ -->\n<title>Bioderma Photoderm NUDE Touch SPF50+ 40ml - Maroc Prix<\/title>\n<meta name=\"description\" content=\"Bioderma Photoderm NUDE Touch SPF50+ 40ml\" \/>\n<meta name=\"robots\" content=\"index, follow, max-snippet:-1, max-image-preview:large, max-video-preview:-1\" \/>\n<link rel=\"canonical\" href=\"https:\/\/vitablanca.ma\/en\/product\/bioderma-photoderm-nude-touch-spf50-40ml\/\" \/>\n<meta property=\"og:locale\" content=\"en_US\" \/>\n<meta property=\"og:type\" content=\"article\" \/>\n<meta property=\"og:title\" content=\"Bioderma Photoderm NUDE Touch SPF50+ 40ml - Maroc Prix\" \/>\n<meta property=\"og:description\" content=\"Bioderma Photoderm NUDE Touch SPF50+ 40ml\" \/>\n<meta property=\"og:url\" content=\"https:\/\/vitablanca.ma\/en\/product\/bioderma-photoderm-nude-touch-spf50-40ml\/\" \/>\n<meta property=\"og:site_name\" content=\"Vitablanca.ma &ndash; Sant&eacute;, vitalit&eacute; et bien-&ecirc;tre pour tous les Marocains\" \/>\n<meta property=\"article:publisher\" content=\"https:\/\/www.facebook.com\/profile.php?id=61576678196717\" \/>\n<meta property=\"article:modified_time\" content=\"2026-01-21T18:15:38+00:00\" \/>\n<meta property=\"og:image\" content=\"https:\/\/vitablanca.ma\/wp-content\/uploads\/2025\/06\/Bioderma-Photoderm-NUDE-Touch-SPF50_-40ml-Doree-nova-prapharmacie-maroc.jpg\" \/>\n\t<meta property=\"og:image:width\" content=\"1000\" \/>\n\t<meta property=\"og:image:height\" content=\"1000\" \/>\n\t<meta property=\"og:image:type\" content=\"image\/jpeg\" \/>\n<meta name=\"twitter:card\" content=\"summary_large_image\" \/>\n<meta name=\"twitter:label1\" content=\"Est. reading time\" \/>\n\t<meta name=\"twitter:data1\" content=\"1 minute\" \/>\n<script type=\"application\/ld+json\" class=\"yoast-schema-graph\">{\"@context\":\"https:\\\/\\\/schema.org\",\"@graph\":[{\"@type\":[\"WebPage\",\"ItemPage\"],\"@id\":\"https:\\\/\\\/vitablanca.ma\\\/produit\\\/bioderma-photoderm-nude-touch-spf50-40ml\\\/\",\"url\":\"https:\\\/\\\/vitablanca.ma\\\/produit\\\/bioderma-photoderm-nude-touch-spf50-40ml\\\/\",\"name\":\"Bioderma Photoderm NUDE Touch SPF50+ 40ml - Maroc Prix\",\"isPartOf\":{\"@id\":\"https:\\\/\\\/vitablanca.ma\\\/#website\"},\"primaryImageOfPage\":{\"@id\":\"https:\\\/\\\/vitablanca.ma\\\/produit\\\/bioderma-photoderm-nude-touch-spf50-40ml\\\/#primaryimage\"},\"image\":{\"@id\":\"https:\\\/\\\/vitablanca.ma\\\/produit\\\/bioderma-photoderm-nude-touch-spf50-40ml\\\/#primaryimage\"},\"thumbnailUrl\":\"https:\\\/\\\/vitablanca.ma\\\/wp-content\\\/uploads\\\/2025\\\/06\\\/Bioderma-Photoderm-NUDE-Touch-SPF50_-40ml-Doree-nova-prapharmacie-maroc.jpg\",\"datePublished\":\"2025-06-10T16:33:00+00:00\",\"dateModified\":\"2026-01-21T18:15:38+00:00\",\"description\":\"Bioderma Photoderm NUDE Touch SPF50+ 40ml\",\"breadcrumb\":{\"@id\":\"https:\\\/\\\/vitablanca.ma\\\/produit\\\/bioderma-photoderm-nude-touch-spf50-40ml\\\/#breadcrumb\"},\"inLanguage\":\"en-US\",\"potentialAction\":[{\"@type\":\"ReadAction\",\"target\":[\"https:\\\/\\\/vitablanca.ma\\\/produit\\\/bioderma-photoderm-nude-touch-spf50-40ml\\\/\"]}]},{\"@type\":\"ImageObject\",\"inLanguage\":\"en-US\",\"@id\":\"https:\\\/\\\/vitablanca.ma\\\/produit\\\/bioderma-photoderm-nude-touch-spf50-40ml\\\/#primaryimage\",\"url\":\"https:\\\/\\\/vitablanca.ma\\\/wp-content\\\/uploads\\\/2025\\\/06\\\/Bioderma-Photoderm-NUDE-Touch-SPF50_-40ml-Doree-nova-prapharmacie-maroc.jpg\",\"contentUrl\":\"https:\\\/\\\/vitablanca.ma\\\/wp-content\\\/uploads\\\/2025\\\/06\\\/Bioderma-Photoderm-NUDE-Touch-SPF50_-40ml-Doree-nova-prapharmacie-maroc.jpg\",\"width\":1000,\"height\":1000},{\"@type\":\"BreadcrumbList\",\"@id\":\"https:\\\/\\\/vitablanca.ma\\\/produit\\\/bioderma-photoderm-nude-touch-spf50-40ml\\\/#breadcrumb\",\"itemListElement\":[{\"@type\":\"ListItem\",\"position\":1,\"name\":\"Home\",\"item\":\"https:\\\/\\\/vitablanca.ma\\\/\"},{\"@type\":\"ListItem\",\"position\":2,\"name\":\"Tous Les Produits\",\"item\":\"https:\\\/\\\/vitablanca.ma\\\/tous-les-produits\\\/\"},{\"@type\":\"ListItem\",\"position\":3,\"name\":\"Bioderma Photoderm NUDE Touch SPF50+ 40ml\"}]},{\"@type\":\"WebSite\",\"@id\":\"https:\\\/\\\/vitablanca.ma\\\/#website\",\"url\":\"https:\\\/\\\/vitablanca.ma\\\/\",\"name\":\"VitaBlanca.ma | Compl\u00e9ments alimentaires, sant\u00e9 & beaut\u00e9 au Maroc\",\"description\":\"vendre vitamines et compl\u00e9ments premium des USA &amp; Canada, Nouvelle Z\u00e9lande,Maroc (NOW Foods, Solgar, Manuka). Livraison rapide partout au Maroc.\",\"publisher\":{\"@id\":\"https:\\\/\\\/vitablanca.ma\\\/#organization\"},\"alternateName\":\"VitaBlanca.ma\",\"potentialAction\":[{\"@type\":\"SearchAction\",\"target\":{\"@type\":\"EntryPoint\",\"urlTemplate\":\"https:\\\/\\\/vitablanca.ma\\\/?s={search_term_string}\"},\"query-input\":{\"@type\":\"PropertyValueSpecification\",\"valueRequired\":true,\"valueName\":\"search_term_string\"}}],\"inLanguage\":\"en-US\"},{\"@type\":\"Organization\",\"@id\":\"https:\\\/\\\/vitablanca.ma\\\/#organization\",\"name\":\"VitaBlanca\",\"url\":\"https:\\\/\\\/vitablanca.ma\\\/\",\"logo\":{\"@type\":\"ImageObject\",\"inLanguage\":\"en-US\",\"@id\":\"https:\\\/\\\/vitablanca.ma\\\/#\\\/schema\\\/logo\\\/image\\\/\",\"url\":\"https:\\\/\\\/vitablanca.ma\\\/wp-content\\\/uploads\\\/2025\\\/05\\\/cropped-vitablanca.png\",\"contentUrl\":\"https:\\\/\\\/vitablanca.ma\\\/wp-content\\\/uploads\\\/2025\\\/05\\\/cropped-vitablanca.png\",\"width\":360,\"height\":67,\"caption\":\"VitaBlanca\"},\"image\":{\"@id\":\"https:\\\/\\\/vitablanca.ma\\\/#\\\/schema\\\/logo\\\/image\\\/\"},\"sameAs\":[\"https:\\\/\\\/www.facebook.com\\\/profile.php?id=61576678196717\",\"https:\\\/\\\/www.tiktok.com\\\/@vitablanca.ma\",\"https:\\\/\\\/www.instagram.com\\\/vitablanca.ma\\\/\"]}]}<\/script>\n<!-- \/ Yoast SEO plugin. -->","yoast_head_json":{"title":"Bioderma Photoderm NUDE Touch SPF50+ 40ml - Morocco Price","description":"Bioderma Photoderm NUDE Touch SPF50+ 40ml","robots":{"index":"index","follow":"follow","max-snippet":"max-snippet:-1","max-image-preview":"max-image-preview:large","max-video-preview":"max-video-preview:-1"},"canonical":"https:\/\/vitablanca.ma\/en\/product\/bioderma-photoderm-nude-touch-spf50-40ml\/","og_locale":"en_US","og_type":"article","og_title":"Bioderma Photoderm NUDE Touch SPF50+ 40ml - Maroc Prix","og_description":"Bioderma Photoderm NUDE Touch SPF50+ 40ml","og_url":"https:\/\/vitablanca.ma\/en\/product\/bioderma-photoderm-nude-touch-spf50-40ml\/","og_site_name":"Vitablanca.ma &ndash; Sant&eacute;, vitalit&eacute; et bien-&ecirc;tre pour tous les Marocains","article_publisher":"https:\/\/www.facebook.com\/profile.php?id=61576678196717","article_modified_time":"2026-01-21T18:15:38+00:00","og_image":[{"width":1000,"height":1000,"url":"https:\/\/vitablanca.ma\/wp-content\/uploads\/2025\/06\/Bioderma-Photoderm-NUDE-Touch-SPF50_-40ml-Doree-nova-prapharmacie-maroc.jpg","type":"image\/jpeg"}],"twitter_card":"summary_large_image","twitter_misc":{"Est. reading time":"1 minute"},"schema":{"@context":"https:\/\/schema.org","@graph":[{"@type":["WebPage","ItemPage"],"@id":"https:\/\/vitablanca.ma\/produit\/bioderma-photoderm-nude-touch-spf50-40ml\/","url":"https:\/\/vitablanca.ma\/produit\/bioderma-photoderm-nude-touch-spf50-40ml\/","name":"Bioderma Photoderm NUDE Touch SPF50+ 40ml - Morocco Price","isPartOf":{"@id":"https:\/\/vitablanca.ma\/#website"},"primaryImageOfPage":{"@id":"https:\/\/vitablanca.ma\/produit\/bioderma-photoderm-nude-touch-spf50-40ml\/#primaryimage"},"image":{"@id":"https:\/\/vitablanca.ma\/produit\/bioderma-photoderm-nude-touch-spf50-40ml\/#primaryimage"},"thumbnailUrl":"https:\/\/vitablanca.ma\/wp-content\/uploads\/2025\/06\/Bioderma-Photoderm-NUDE-Touch-SPF50_-40ml-Doree-nova-prapharmacie-maroc.jpg","datePublished":"2025-06-10T16:33:00+00:00","dateModified":"2026-01-21T18:15:38+00:00","description":"Bioderma Photoderm NUDE Touch SPF50+ 40ml","breadcrumb":{"@id":"https:\/\/vitablanca.ma\/produit\/bioderma-photoderm-nude-touch-spf50-40ml\/#breadcrumb"},"inLanguage":"en-US","potentialAction":[{"@type":"ReadAction","target":["https:\/\/vitablanca.ma\/produit\/bioderma-photoderm-nude-touch-spf50-40ml\/"]}]},{"@type":"ImageObject","inLanguage":"en-US","@id":"https:\/\/vitablanca.ma\/produit\/bioderma-photoderm-nude-touch-spf50-40ml\/#primaryimage","url":"https:\/\/vitablanca.ma\/wp-content\/uploads\/2025\/06\/Bioderma-Photoderm-NUDE-Touch-SPF50_-40ml-Doree-nova-prapharmacie-maroc.jpg","contentUrl":"https:\/\/vitablanca.ma\/wp-content\/uploads\/2025\/06\/Bioderma-Photoderm-NUDE-Touch-SPF50_-40ml-Doree-nova-prapharmacie-maroc.jpg","width":1000,"height":1000},{"@type":"BreadcrumbList","@id":"https:\/\/vitablanca.ma\/produit\/bioderma-photoderm-nude-touch-spf50-40ml\/#breadcrumb","itemListElement":[{"@type":"ListItem","position":1,"name":"Home","item":"https:\/\/vitablanca.ma\/"},{"@type":"ListItem","position":2,"name":"Tous Les Produits","item":"https:\/\/vitablanca.ma\/tous-les-produits\/"},{"@type":"ListItem","position":3,"name":"Bioderma Photoderm NUDE Touch SPF50+ 40ml"}]},{"@type":"WebSite","@id":"https:\/\/vitablanca.ma\/#website","url":"https:\/\/vitablanca.ma\/","name":"VitaBlanca.ma | Food supplements, health &amp; beauty in Morocco","description":"sell premium vitamins and supplements from USA &amp; Canada, New Zealand, Morocco (NOW Foods, Solgar, Manuka). Fast delivery anywhere in Morocco.","publisher":{"@id":"https:\/\/vitablanca.ma\/#organization"},"alternateName":"VitaBlanca.ma","potentialAction":[{"@type":"SearchAction","target":{"@type":"EntryPoint","urlTemplate":"https:\/\/vitablanca.ma\/?s={search_term_string}"},"query-input":{"@type":"PropertyValueSpecification","valueRequired":true,"valueName":"search_term_string"}}],"inLanguage":"en-US"},{"@type":"Organization","@id":"https:\/\/vitablanca.ma\/#organization","name":"VitaBlanca","url":"https:\/\/vitablanca.ma\/","logo":{"@type":"ImageObject","inLanguage":"en-US","@id":"https:\/\/vitablanca.ma\/#\/schema\/logo\/image\/","url":"https:\/\/vitablanca.ma\/wp-content\/uploads\/2025\/05\/cropped-vitablanca.png","contentUrl":"https:\/\/vitablanca.ma\/wp-content\/uploads\/2025\/05\/cropped-vitablanca.png","width":360,"height":67,"caption":"VitaBlanca"},"image":{"@id":"https:\/\/vitablanca.ma\/#\/schema\/logo\/image\/"},"sameAs":["https:\/\/www.facebook.com\/profile.php?id=61576678196717","https:\/\/www.tiktok.com\/@vitablanca.ma","https:\/\/www.instagram.com\/vitablanca.ma\/"]}]}},"jetpack_sharing_enabled":true,"_links":{"self":[{"href":"https:\/\/vitablanca.ma\/en\/wp-json\/wp\/v2\/product\/15772","targetHints":{"allow":["GET"]}}],"collection":[{"href":"https:\/\/vitablanca.ma\/en\/wp-json\/wp\/v2\/product"}],"about":[{"href":"https:\/\/vitablanca.ma\/en\/wp-json\/wp\/v2\/types\/product"}],"wp:featuredmedia":[{"embeddable":true,"href":"https:\/\/vitablanca.ma\/en\/wp-json\/wp\/v2\/media\/15767"}],"wp:attachment":[{"href":"https:\/\/vitablanca.ma\/en\/wp-json\/wp\/v2\/media?parent=15772"}],"wp:term":[{"taxonomy":"product_brand","embeddable":true,"href":"https:\/\/vitablanca.ma\/en\/wp-json\/wp\/v2\/product_brand?post=15772"},{"taxonomy":"product_cat","embeddable":true,"href":"https:\/\/vitablanca.ma\/en\/wp-json\/wp\/v2\/product_cat?post=15772"},{"taxonomy":"product_tag","embeddable":true,"href":"https:\/\/vitablanca.ma\/en\/wp-json\/wp\/v2\/product_tag?post=15772"}],"curies":[{"name":"wp","href":"https:\/\/api.w.org\/{rel}","templated":true}]}}