{"id":15747,"date":"2025-06-10T16:32:35","date_gmt":"2025-06-10T16:32:35","guid":{"rendered":"https:\/\/vitablanca.ma\/product\/bionike-shine-on-6-blond-fonce-soin-colorant-capillaire\/"},"modified":"2025-06-10T16:32:35","modified_gmt":"2025-06-10T16:32:35","slug":"bionike-shine-on-6-blond-fonce-soin-colorant-capillaire","status":"publish","type":"product","link":"https:\/\/vitablanca.ma\/en\/product\/bionike-shine-on-6-blond-fonce-soin-colorant-capillaire\/","title":{"rendered":"Bionike Shine On 6 Dark Blonde Hair Color Treatment"},"content":{"rendered":"<h2 data-mce-fragment=\"1\"><span data-mce-fragment=\"1\">Bionike Shine On 6 Dark Blonde Hair Color Treatment for nourished and healthy hair. Very well tolerated.<\/span><\/h2>\n<p data-mce-fragment=\"1\"><span data-mce-fragment=\"1\">Permanent dye with phytosterols and plant proteins, designed to provide high-performance coloring that respects hair and scalp.<br data-mce-fragment=\"1\"><\/span><\/p>\n<p data-mce-fragment=\"1\">SHINE ON is<\/p>\n<p data-mce-fragment=\"1\">\u2022 AMMONIA-FREE<br data-mce-fragment=\"1\">\u2022 without RESORCIN<br data-mce-fragment=\"1\">\u2022 without PARAPHENYLENEDIAMINE<br data-mce-fragment=\"1\">\u2022 without PRESERVATIVES<br data-mce-fragment=\"1\">\u2022 GLUTEN-FREE<br data-mce-fragment=\"1\">and tested to minimize the presence of NICKEL.\u00a0<\/p>\n<p data-mce-fragment=\"1\">NB: The absence of PARAPHENYLENEDIAMINE does not exclude allergic reactions in people who are particularly sensitive and reactive to this substance. This is due to the possibility of &quot;cross-reactivity&quot; to PARATOLUENEDIAMINE (INCI: toluene-2,5-diamine sulfate), used in the product as a component with considerably lower allergenic potential.\u00a0<br data-mce-fragment=\"1\">In case of particular sensitivity to PHENYLENEDIAMINES (PARAPHENYLENEDIAMINE, PARATOLUENEDIAMINE), it is preferable to opt for one of the SHINE ON HS shades.\u00a0<\/p>\n<h3 data-mce-fragment=\"1\">Recommended for:<\/h3>\n<p data-mce-fragment=\"1\">People who want to do a home coloring with a very well-tolerated product, perfect for covering gray hair, modifying or reviving natural color.<\/p>\n<h3 data-mce-fragment=\"1\">Instructions for use:<\/h3>\n<p data-mce-fragment=\"1\">Read the instructions carefully before use and follow the precautions for use indicated on the packaging and in the explanatory leaflet. Carry out an ALLERGY ALERT TEST 48 hours before each application.<\/p>\n<ul data-mce-fragment=\"1\" class=\"accordion\" data-accordion=\"e8k8hc-accordion\" data-allow-all-closed=\"true\" role=\"tablist\">\n<li data-mce-fragment=\"1\" class=\"accordion-item is-active\">\n<div data-mce-fragment=\"1\" id=\"accordion-item-1809\" class=\"accordion-content\" role=\"tabpanel\" data-tab-content=\"\" aria-labelledby=\"accordion-item-1809-label\" aria-hidden=\"false\">\n<p data-mce-fragment=\"1\">The SHINE ON box contains:<\/p>\n<ul data-mce-fragment=\"1\">\n<li data-mce-fragment=\"1\">1 tube of 50 ml single-dose hair coloring cream<\/li>\n<li data-mce-fragment=\"1\">1 bottle of 75 ml single-dose cream developer (contains hydrogen peroxide)<\/li>\n<li data-mce-fragment=\"1\">1 bottle of DEFENCE HAIR DERMO-SOOTHING ULTRA-DELICATE SHAMPOO in a single dose of 15 ml<\/li>\n<li data-mce-fragment=\"1\">1 sachet of DEFENCE HAIR DERMO-SOOTHING REBALANCING MASK in a single dose of 15 ml<\/li>\n<li data-mce-fragment=\"1\">1 instruction leaflet. 1 pair of disposable gloves.<\/li>\n<\/ul>\n<\/div>\n<\/li>\n<\/ul>","protected":false},"excerpt":{"rendered":"<p>Bionike Shine On 6 Blond Fonce Soin Colorant Capillaire Couleur pour des cheveux nourris et sains. Tr\u00e8s bien tol\u00e9r\u00e9. Teinture permanente aux phytost\u00e9rols et aux prot\u00e9ines v\u00e9g\u00e9tales, con\u00e7ue pour offrir une coloration haute performance qui respecte les cheveux et le cuir chevelu. SHINE ON est \u2022 sans AMMONIAQUE\u2022 sans RESORCINE\u2022 sans PARAPHENYLENEDIAMINE\u2022 sans CONSERVATEURS\u2022 sans [&hellip;]<\/p>\n","protected":false},"featured_media":15746,"template":"","meta":{"om_disable_all_campaigns":false},"product_brand":[],"product_cat":[15],"product_tag":[],"class_list":{"0":"post-15747","1":"product","2":"type-product","3":"status-publish","4":"has-post-thumbnail","6":"product_cat-beaute-sante-complements-alimentaires-soins-et-bien-etre-au-meilleur-prix","8":"first","9":"instock","10":"sale","11":"taxable","12":"shipping-taxable","13":"purchasable","14":"product-type-simple"},"yoast_head":"<!-- This site is optimized with the Yoast SEO plugin v27.4 - https:\/\/yoast.com\/product\/yoast-seo-wordpress\/ -->\n<title>Bionike Shine On 6 Blond Fonce Soin Colorant Capillaire - Maroc Prix<\/title>\n<meta name=\"description\" content=\"Bionike Shine On 6 Blond Fonce Soin Colorant Capillaire\" \/>\n<meta name=\"robots\" content=\"index, follow, max-snippet:-1, max-image-preview:large, max-video-preview:-1\" \/>\n<link rel=\"canonical\" href=\"https:\/\/vitablanca.ma\/en\/product\/bionike-shine-on-6-blond-fonce-soin-colorant-capillaire\/\" \/>\n<meta property=\"og:locale\" content=\"en_US\" \/>\n<meta property=\"og:type\" content=\"article\" \/>\n<meta property=\"og:title\" content=\"Bionike Shine On 6 Blond Fonce Soin Colorant Capillaire - Maroc Prix\" \/>\n<meta property=\"og:description\" content=\"Bionike Shine On 6 Blond Fonce Soin Colorant Capillaire\" \/>\n<meta property=\"og:url\" content=\"https:\/\/vitablanca.ma\/en\/product\/bionike-shine-on-6-blond-fonce-soin-colorant-capillaire\/\" \/>\n<meta property=\"og:site_name\" content=\"Vitablanca.ma &ndash; Sant&eacute;, vitalit&eacute; et bien-&ecirc;tre pour tous les Marocains\" \/>\n<meta property=\"article:publisher\" content=\"https:\/\/www.facebook.com\/profile.php?id=61576678196717\" \/>\n<meta property=\"og:image\" content=\"https:\/\/vitablanca.ma\/wp-content\/uploads\/2025\/06\/Bionike-Shine-On-6-Blond-Fonce-Soin-Colorant-Capillaire-prix-maroc-parapharmacie-casablanca.jpg\" \/>\n\t<meta property=\"og:image:width\" content=\"1000\" \/>\n\t<meta property=\"og:image:height\" content=\"1000\" \/>\n\t<meta property=\"og:image:type\" content=\"image\/jpeg\" \/>\n<meta name=\"twitter:card\" content=\"summary_large_image\" \/>\n<meta name=\"twitter:label1\" content=\"Est. reading time\" \/>\n\t<meta name=\"twitter:data1\" content=\"1 minute\" \/>\n<script type=\"application\/ld+json\" class=\"yoast-schema-graph\">{\"@context\":\"https:\\\/\\\/schema.org\",\"@graph\":[{\"@type\":[\"WebPage\",\"ItemPage\"],\"@id\":\"https:\\\/\\\/vitablanca.ma\\\/produit\\\/bionike-shine-on-6-blond-fonce-soin-colorant-capillaire\\\/\",\"url\":\"https:\\\/\\\/vitablanca.ma\\\/produit\\\/bionike-shine-on-6-blond-fonce-soin-colorant-capillaire\\\/\",\"name\":\"Bionike Shine On 6 Blond Fonce Soin Colorant Capillaire - Maroc Prix\",\"isPartOf\":{\"@id\":\"https:\\\/\\\/vitablanca.ma\\\/#website\"},\"primaryImageOfPage\":{\"@id\":\"https:\\\/\\\/vitablanca.ma\\\/produit\\\/bionike-shine-on-6-blond-fonce-soin-colorant-capillaire\\\/#primaryimage\"},\"image\":{\"@id\":\"https:\\\/\\\/vitablanca.ma\\\/produit\\\/bionike-shine-on-6-blond-fonce-soin-colorant-capillaire\\\/#primaryimage\"},\"thumbnailUrl\":\"https:\\\/\\\/vitablanca.ma\\\/wp-content\\\/uploads\\\/2025\\\/06\\\/Bionike-Shine-On-6-Blond-Fonce-Soin-Colorant-Capillaire-prix-maroc-parapharmacie-casablanca.jpg\",\"datePublished\":\"2025-06-10T16:32:35+00:00\",\"description\":\"Bionike Shine On 6 Blond Fonce Soin Colorant Capillaire\",\"breadcrumb\":{\"@id\":\"https:\\\/\\\/vitablanca.ma\\\/produit\\\/bionike-shine-on-6-blond-fonce-soin-colorant-capillaire\\\/#breadcrumb\"},\"inLanguage\":\"en-US\",\"potentialAction\":[{\"@type\":\"ReadAction\",\"target\":[\"https:\\\/\\\/vitablanca.ma\\\/produit\\\/bionike-shine-on-6-blond-fonce-soin-colorant-capillaire\\\/\"]}]},{\"@type\":\"ImageObject\",\"inLanguage\":\"en-US\",\"@id\":\"https:\\\/\\\/vitablanca.ma\\\/produit\\\/bionike-shine-on-6-blond-fonce-soin-colorant-capillaire\\\/#primaryimage\",\"url\":\"https:\\\/\\\/vitablanca.ma\\\/wp-content\\\/uploads\\\/2025\\\/06\\\/Bionike-Shine-On-6-Blond-Fonce-Soin-Colorant-Capillaire-prix-maroc-parapharmacie-casablanca.jpg\",\"contentUrl\":\"https:\\\/\\\/vitablanca.ma\\\/wp-content\\\/uploads\\\/2025\\\/06\\\/Bionike-Shine-On-6-Blond-Fonce-Soin-Colorant-Capillaire-prix-maroc-parapharmacie-casablanca.jpg\",\"width\":1000,\"height\":1000},{\"@type\":\"BreadcrumbList\",\"@id\":\"https:\\\/\\\/vitablanca.ma\\\/produit\\\/bionike-shine-on-6-blond-fonce-soin-colorant-capillaire\\\/#breadcrumb\",\"itemListElement\":[{\"@type\":\"ListItem\",\"position\":1,\"name\":\"Home\",\"item\":\"https:\\\/\\\/vitablanca.ma\\\/\"},{\"@type\":\"ListItem\",\"position\":2,\"name\":\"Tous Les Produits\",\"item\":\"https:\\\/\\\/vitablanca.ma\\\/tous-les-produits\\\/\"},{\"@type\":\"ListItem\",\"position\":3,\"name\":\"Bionike Shine On 6 Blond Fonce Soin Colorant Capillaire\"}]},{\"@type\":\"WebSite\",\"@id\":\"https:\\\/\\\/vitablanca.ma\\\/#website\",\"url\":\"https:\\\/\\\/vitablanca.ma\\\/\",\"name\":\"VitaBlanca.ma | Compl\u00e9ments alimentaires, sant\u00e9 & beaut\u00e9 au Maroc\",\"description\":\"vendre vitamines et compl\u00e9ments premium des USA &amp; Canada, Nouvelle Z\u00e9lande,Maroc (NOW Foods, Solgar, Manuka). Livraison rapide partout au Maroc.\",\"publisher\":{\"@id\":\"https:\\\/\\\/vitablanca.ma\\\/#organization\"},\"alternateName\":\"VitaBlanca.ma\",\"potentialAction\":[{\"@type\":\"SearchAction\",\"target\":{\"@type\":\"EntryPoint\",\"urlTemplate\":\"https:\\\/\\\/vitablanca.ma\\\/?s={search_term_string}\"},\"query-input\":{\"@type\":\"PropertyValueSpecification\",\"valueRequired\":true,\"valueName\":\"search_term_string\"}}],\"inLanguage\":\"en-US\"},{\"@type\":\"Organization\",\"@id\":\"https:\\\/\\\/vitablanca.ma\\\/#organization\",\"name\":\"VitaBlanca\",\"url\":\"https:\\\/\\\/vitablanca.ma\\\/\",\"logo\":{\"@type\":\"ImageObject\",\"inLanguage\":\"en-US\",\"@id\":\"https:\\\/\\\/vitablanca.ma\\\/#\\\/schema\\\/logo\\\/image\\\/\",\"url\":\"https:\\\/\\\/vitablanca.ma\\\/wp-content\\\/uploads\\\/2025\\\/05\\\/cropped-vitablanca.png\",\"contentUrl\":\"https:\\\/\\\/vitablanca.ma\\\/wp-content\\\/uploads\\\/2025\\\/05\\\/cropped-vitablanca.png\",\"width\":360,\"height\":67,\"caption\":\"VitaBlanca\"},\"image\":{\"@id\":\"https:\\\/\\\/vitablanca.ma\\\/#\\\/schema\\\/logo\\\/image\\\/\"},\"sameAs\":[\"https:\\\/\\\/www.facebook.com\\\/profile.php?id=61576678196717\",\"https:\\\/\\\/www.tiktok.com\\\/@vitablanca.ma\",\"https:\\\/\\\/www.instagram.com\\\/vitablanca.ma\\\/\"]}]}<\/script>\n<!-- \/ Yoast SEO plugin. -->","yoast_head_json":{"title":"Bionike Shine On 6 Dark Blonde Hair Color Treatment - Morocco Price","description":"Bionike Shine On 6 Dark Blonde Hair Color Treatment","robots":{"index":"index","follow":"follow","max-snippet":"max-snippet:-1","max-image-preview":"max-image-preview:large","max-video-preview":"max-video-preview:-1"},"canonical":"https:\/\/vitablanca.ma\/en\/product\/bionike-shine-on-6-blond-fonce-soin-colorant-capillaire\/","og_locale":"en_US","og_type":"article","og_title":"Bionike Shine On 6 Blond Fonce Soin Colorant Capillaire - Maroc Prix","og_description":"Bionike Shine On 6 Blond Fonce Soin Colorant Capillaire","og_url":"https:\/\/vitablanca.ma\/en\/product\/bionike-shine-on-6-blond-fonce-soin-colorant-capillaire\/","og_site_name":"Vitablanca.ma &ndash; Sant&eacute;, vitalit&eacute; et bien-&ecirc;tre pour tous les Marocains","article_publisher":"https:\/\/www.facebook.com\/profile.php?id=61576678196717","og_image":[{"width":1000,"height":1000,"url":"https:\/\/vitablanca.ma\/wp-content\/uploads\/2025\/06\/Bionike-Shine-On-6-Blond-Fonce-Soin-Colorant-Capillaire-prix-maroc-parapharmacie-casablanca.jpg","type":"image\/jpeg"}],"twitter_card":"summary_large_image","twitter_misc":{"Est. reading time":"1 minute"},"schema":{"@context":"https:\/\/schema.org","@graph":[{"@type":["WebPage","ItemPage"],"@id":"https:\/\/vitablanca.ma\/produit\/bionike-shine-on-6-blond-fonce-soin-colorant-capillaire\/","url":"https:\/\/vitablanca.ma\/produit\/bionike-shine-on-6-blond-fonce-soin-colorant-capillaire\/","name":"Bionike Shine On 6 Dark Blonde Hair Color Treatment - Morocco Price","isPartOf":{"@id":"https:\/\/vitablanca.ma\/#website"},"primaryImageOfPage":{"@id":"https:\/\/vitablanca.ma\/produit\/bionike-shine-on-6-blond-fonce-soin-colorant-capillaire\/#primaryimage"},"image":{"@id":"https:\/\/vitablanca.ma\/produit\/bionike-shine-on-6-blond-fonce-soin-colorant-capillaire\/#primaryimage"},"thumbnailUrl":"https:\/\/vitablanca.ma\/wp-content\/uploads\/2025\/06\/Bionike-Shine-On-6-Blond-Fonce-Soin-Colorant-Capillaire-prix-maroc-parapharmacie-casablanca.jpg","datePublished":"2025-06-10T16:32:35+00:00","description":"Bionike Shine On 6 Dark Blonde Hair Color Treatment","breadcrumb":{"@id":"https:\/\/vitablanca.ma\/produit\/bionike-shine-on-6-blond-fonce-soin-colorant-capillaire\/#breadcrumb"},"inLanguage":"en-US","potentialAction":[{"@type":"ReadAction","target":["https:\/\/vitablanca.ma\/produit\/bionike-shine-on-6-blond-fonce-soin-colorant-capillaire\/"]}]},{"@type":"ImageObject","inLanguage":"en-US","@id":"https:\/\/vitablanca.ma\/produit\/bionike-shine-on-6-blond-fonce-soin-colorant-capillaire\/#primaryimage","url":"https:\/\/vitablanca.ma\/wp-content\/uploads\/2025\/06\/Bionike-Shine-On-6-Blond-Fonce-Soin-Colorant-Capillaire-prix-maroc-parapharmacie-casablanca.jpg","contentUrl":"https:\/\/vitablanca.ma\/wp-content\/uploads\/2025\/06\/Bionike-Shine-On-6-Blond-Fonce-Soin-Colorant-Capillaire-prix-maroc-parapharmacie-casablanca.jpg","width":1000,"height":1000},{"@type":"BreadcrumbList","@id":"https:\/\/vitablanca.ma\/produit\/bionike-shine-on-6-blond-fonce-soin-colorant-capillaire\/#breadcrumb","itemListElement":[{"@type":"ListItem","position":1,"name":"Home","item":"https:\/\/vitablanca.ma\/"},{"@type":"ListItem","position":2,"name":"Tous Les Produits","item":"https:\/\/vitablanca.ma\/tous-les-produits\/"},{"@type":"ListItem","position":3,"name":"Bionike Shine On 6 Blond Fonce Soin Colorant Capillaire"}]},{"@type":"WebSite","@id":"https:\/\/vitablanca.ma\/#website","url":"https:\/\/vitablanca.ma\/","name":"VitaBlanca.ma | Food supplements, health &amp; beauty in Morocco","description":"sell premium vitamins and supplements from USA &amp; Canada, New Zealand, Morocco (NOW Foods, Solgar, Manuka). Fast delivery anywhere in Morocco.","publisher":{"@id":"https:\/\/vitablanca.ma\/#organization"},"alternateName":"VitaBlanca.ma","potentialAction":[{"@type":"SearchAction","target":{"@type":"EntryPoint","urlTemplate":"https:\/\/vitablanca.ma\/?s={search_term_string}"},"query-input":{"@type":"PropertyValueSpecification","valueRequired":true,"valueName":"search_term_string"}}],"inLanguage":"en-US"},{"@type":"Organization","@id":"https:\/\/vitablanca.ma\/#organization","name":"VitaBlanca","url":"https:\/\/vitablanca.ma\/","logo":{"@type":"ImageObject","inLanguage":"en-US","@id":"https:\/\/vitablanca.ma\/#\/schema\/logo\/image\/","url":"https:\/\/vitablanca.ma\/wp-content\/uploads\/2025\/05\/cropped-vitablanca.png","contentUrl":"https:\/\/vitablanca.ma\/wp-content\/uploads\/2025\/05\/cropped-vitablanca.png","width":360,"height":67,"caption":"VitaBlanca"},"image":{"@id":"https:\/\/vitablanca.ma\/#\/schema\/logo\/image\/"},"sameAs":["https:\/\/www.facebook.com\/profile.php?id=61576678196717","https:\/\/www.tiktok.com\/@vitablanca.ma","https:\/\/www.instagram.com\/vitablanca.ma\/"]}]}},"jetpack_sharing_enabled":true,"_links":{"self":[{"href":"https:\/\/vitablanca.ma\/en\/wp-json\/wp\/v2\/product\/15747","targetHints":{"allow":["GET"]}}],"collection":[{"href":"https:\/\/vitablanca.ma\/en\/wp-json\/wp\/v2\/product"}],"about":[{"href":"https:\/\/vitablanca.ma\/en\/wp-json\/wp\/v2\/types\/product"}],"wp:featuredmedia":[{"embeddable":true,"href":"https:\/\/vitablanca.ma\/en\/wp-json\/wp\/v2\/media\/15746"}],"wp:attachment":[{"href":"https:\/\/vitablanca.ma\/en\/wp-json\/wp\/v2\/media?parent=15747"}],"wp:term":[{"taxonomy":"product_brand","embeddable":true,"href":"https:\/\/vitablanca.ma\/en\/wp-json\/wp\/v2\/product_brand?post=15747"},{"taxonomy":"product_cat","embeddable":true,"href":"https:\/\/vitablanca.ma\/en\/wp-json\/wp\/v2\/product_cat?post=15747"},{"taxonomy":"product_tag","embeddable":true,"href":"https:\/\/vitablanca.ma\/en\/wp-json\/wp\/v2\/product_tag?post=15747"}],"curies":[{"name":"wp","href":"https:\/\/api.w.org\/{rel}","templated":true}]}}