{"id":15745,"date":"2025-06-10T16:32:31","date_gmt":"2025-06-10T16:32:31","guid":{"rendered":"https:\/\/vitablanca.ma\/product\/bionike-defence-ecran-50-creme-fondante-50ml\/"},"modified":"2025-06-10T16:32:31","modified_gmt":"2025-06-10T16:32:31","slug":"bionike-defence-ecran-50-creme-fondante-50ml","status":"publish","type":"product","link":"https:\/\/vitablanca.ma\/en\/product\/bionike-defence-ecran-50-creme-fondante-50ml\/","title":{"rendered":"Bionike Defense Ecran 50+ Melting Cream 50ml"},"content":{"rendered":"<h2>Bionike Defense Ecran 50+ Melting Cream\u00a0<span data-mce-fragment=\"1\">sunscreen with a creamy, comfortable, non-greasy texture<\/span><br \/>\n<\/h2>\n<p>This sunscreen with its creamy, comfortable, non-greasy texture is perfect for the face.<br \/>It is formulated to ensure a<span>\u00a0<\/span><strong>triple photoprotection:<\/strong><\/p>\n<ol>\n<li>defense against short-term damage, guaranteed by the UVA-UVB filtering system,<\/li>\n<li>defense against free radicals generated by infrared rays,\u00a0<\/li>\n<li>defense against long-term biological damage, thanks to the<span>\u00a0<\/span><strong>\u201cPRO-REPAIR Complex\u201d<span>\u00a0<\/span><\/strong>exclusive that strengthens DNA protection and repair mechanisms.<\/li>\n<\/ol>\n<p><strong>Tested non-comedogenic.<br \/>UVA-UVB-IR protection.<br \/>Water resistant.<\/strong><\/p>\n<h3>Recommended for<\/h3>\n<p>The first exposures, in case of intense sunlight, for very light skin that is hyper-reactive to the sun.<\/p>\n<p>Perfect for normal\/dry skin.<\/p>\n<h3>Instructions for use<\/h3>\n<p><span>Apply before sun exposure and reapply frequently.<\/span><br \/><span>Avoid direct contact with clothing.<\/span><\/p>\n<h3>Composition<\/h3>\n<p><strong>Photostable UVA and UVB filters.<br \/>PRO-REPAIR Complex<\/strong>, exclusive synergy of active ingredients:<\/p>\n<ul>\n<li>\n<strong>Niacin:<\/strong><span>\u00a0<\/span>It helps combat biological damage by strengthening natural DNA protection and repair mechanisms,<\/li>\n<li>\n<strong>Beta-glucan\/L-carnosine:<span>\u00a0<\/span><\/strong>This patented combination stimulates the skin&#039;s natural biological defenses and fights the action of free radicals,<\/li>\n<li>\n<strong>Vitamin E:<span>\u00a0<\/span><\/strong>antioxidant action.<\/li>\n<\/ul>","protected":false},"excerpt":{"rendered":"<p>Bionike Defence Ecran 50+ Cr\u00e8me Fondante\u00a0cr\u00e8me solaire \u00e0 la texture onctueuse et confortable, non grasse Cette cr\u00e8me solaire \u00e0 la texture onctueuse et confortable, non grasse, est parfaite pour le visage.Elle est formul\u00e9e pour garantir une\u00a0triple photoprotection\u00a0: d\u00e9fense contre les dommages \u00e0 court terme, garantie par le syst\u00e8me filtrant UVA-UVB, d\u00e9fense contre les radicaux libres [&hellip;]<\/p>\n","protected":false},"featured_media":15744,"template":"","meta":{"om_disable_all_campaigns":false},"product_brand":[],"product_cat":[15],"product_tag":[],"class_list":{"0":"post-15745","1":"product","2":"type-product","3":"status-publish","4":"has-post-thumbnail","6":"product_cat-beaute-sante-complements-alimentaires-soins-et-bien-etre-au-meilleur-prix","8":"first","9":"instock","10":"sale","11":"taxable","12":"shipping-taxable","13":"purchasable","14":"product-type-simple"},"yoast_head":"<!-- This site is optimized with the Yoast SEO plugin v27.4 - https:\/\/yoast.com\/product\/yoast-seo-wordpress\/ -->\n<title>Bionike Defence Ecran 50+ Cr\u00e8me Fondante 50ml - Maroc Prix<\/title>\n<meta name=\"description\" content=\"Bionike Defence Ecran 50+ Cr\u00e8me Fondante 50ml\" \/>\n<meta name=\"robots\" content=\"index, follow, max-snippet:-1, max-image-preview:large, max-video-preview:-1\" \/>\n<link rel=\"canonical\" href=\"https:\/\/vitablanca.ma\/en\/product\/bionike-defence-ecran-50-creme-fondante-50ml\/\" \/>\n<meta property=\"og:locale\" content=\"en_US\" \/>\n<meta property=\"og:type\" content=\"article\" \/>\n<meta property=\"og:title\" content=\"Bionike Defence Ecran 50+ Cr\u00e8me Fondante 50ml - Maroc Prix\" \/>\n<meta property=\"og:description\" content=\"Bionike Defence Ecran 50+ Cr\u00e8me Fondante 50ml\" \/>\n<meta property=\"og:url\" content=\"https:\/\/vitablanca.ma\/en\/product\/bionike-defence-ecran-50-creme-fondante-50ml\/\" \/>\n<meta property=\"og:site_name\" content=\"Vitablanca.ma &ndash; Sant&eacute;, vitalit&eacute; et bien-&ecirc;tre pour tous les Marocains\" \/>\n<meta property=\"article:publisher\" content=\"https:\/\/www.facebook.com\/profile.php?id=61576678196717\" \/>\n<meta property=\"og:image\" content=\"https:\/\/vitablanca.ma\/wp-content\/uploads\/2025\/06\/Bionike-Defence-Ecran-50_-Creme-Fondante-50ml-nova-parapharmacie-maroc.jpg\" \/>\n\t<meta property=\"og:image:width\" content=\"1000\" \/>\n\t<meta property=\"og:image:height\" content=\"1000\" \/>\n\t<meta property=\"og:image:type\" content=\"image\/jpeg\" \/>\n<meta name=\"twitter:card\" content=\"summary_large_image\" \/>\n<meta name=\"twitter:label1\" content=\"Est. reading time\" \/>\n\t<meta name=\"twitter:data1\" content=\"1 minute\" \/>\n<script type=\"application\/ld+json\" class=\"yoast-schema-graph\">{\"@context\":\"https:\\\/\\\/schema.org\",\"@graph\":[{\"@type\":[\"WebPage\",\"ItemPage\"],\"@id\":\"https:\\\/\\\/vitablanca.ma\\\/produit\\\/bionike-defence-ecran-50-creme-fondante-50ml\\\/\",\"url\":\"https:\\\/\\\/vitablanca.ma\\\/produit\\\/bionike-defence-ecran-50-creme-fondante-50ml\\\/\",\"name\":\"Bionike Defence Ecran 50+ Cr\u00e8me Fondante 50ml - Maroc Prix\",\"isPartOf\":{\"@id\":\"https:\\\/\\\/vitablanca.ma\\\/#website\"},\"primaryImageOfPage\":{\"@id\":\"https:\\\/\\\/vitablanca.ma\\\/produit\\\/bionike-defence-ecran-50-creme-fondante-50ml\\\/#primaryimage\"},\"image\":{\"@id\":\"https:\\\/\\\/vitablanca.ma\\\/produit\\\/bionike-defence-ecran-50-creme-fondante-50ml\\\/#primaryimage\"},\"thumbnailUrl\":\"https:\\\/\\\/vitablanca.ma\\\/wp-content\\\/uploads\\\/2025\\\/06\\\/Bionike-Defence-Ecran-50_-Creme-Fondante-50ml-nova-parapharmacie-maroc.jpg\",\"datePublished\":\"2025-06-10T16:32:31+00:00\",\"description\":\"Bionike Defence Ecran 50+ Cr\u00e8me Fondante 50ml\",\"breadcrumb\":{\"@id\":\"https:\\\/\\\/vitablanca.ma\\\/produit\\\/bionike-defence-ecran-50-creme-fondante-50ml\\\/#breadcrumb\"},\"inLanguage\":\"en-US\",\"potentialAction\":[{\"@type\":\"ReadAction\",\"target\":[\"https:\\\/\\\/vitablanca.ma\\\/produit\\\/bionike-defence-ecran-50-creme-fondante-50ml\\\/\"]}]},{\"@type\":\"ImageObject\",\"inLanguage\":\"en-US\",\"@id\":\"https:\\\/\\\/vitablanca.ma\\\/produit\\\/bionike-defence-ecran-50-creme-fondante-50ml\\\/#primaryimage\",\"url\":\"https:\\\/\\\/vitablanca.ma\\\/wp-content\\\/uploads\\\/2025\\\/06\\\/Bionike-Defence-Ecran-50_-Creme-Fondante-50ml-nova-parapharmacie-maroc.jpg\",\"contentUrl\":\"https:\\\/\\\/vitablanca.ma\\\/wp-content\\\/uploads\\\/2025\\\/06\\\/Bionike-Defence-Ecran-50_-Creme-Fondante-50ml-nova-parapharmacie-maroc.jpg\",\"width\":1000,\"height\":1000},{\"@type\":\"BreadcrumbList\",\"@id\":\"https:\\\/\\\/vitablanca.ma\\\/produit\\\/bionike-defence-ecran-50-creme-fondante-50ml\\\/#breadcrumb\",\"itemListElement\":[{\"@type\":\"ListItem\",\"position\":1,\"name\":\"Home\",\"item\":\"https:\\\/\\\/vitablanca.ma\\\/\"},{\"@type\":\"ListItem\",\"position\":2,\"name\":\"Tous Les Produits\",\"item\":\"https:\\\/\\\/vitablanca.ma\\\/tous-les-produits\\\/\"},{\"@type\":\"ListItem\",\"position\":3,\"name\":\"Bionike Defence Ecran 50+ Cr\u00e8me Fondante 50ml\"}]},{\"@type\":\"WebSite\",\"@id\":\"https:\\\/\\\/vitablanca.ma\\\/#website\",\"url\":\"https:\\\/\\\/vitablanca.ma\\\/\",\"name\":\"VitaBlanca.ma | Compl\u00e9ments alimentaires, sant\u00e9 & beaut\u00e9 au Maroc\",\"description\":\"vendre vitamines et compl\u00e9ments premium des USA &amp; Canada, Nouvelle Z\u00e9lande,Maroc (NOW Foods, Solgar, Manuka). Livraison rapide partout au Maroc.\",\"publisher\":{\"@id\":\"https:\\\/\\\/vitablanca.ma\\\/#organization\"},\"alternateName\":\"VitaBlanca.ma\",\"potentialAction\":[{\"@type\":\"SearchAction\",\"target\":{\"@type\":\"EntryPoint\",\"urlTemplate\":\"https:\\\/\\\/vitablanca.ma\\\/?s={search_term_string}\"},\"query-input\":{\"@type\":\"PropertyValueSpecification\",\"valueRequired\":true,\"valueName\":\"search_term_string\"}}],\"inLanguage\":\"en-US\"},{\"@type\":\"Organization\",\"@id\":\"https:\\\/\\\/vitablanca.ma\\\/#organization\",\"name\":\"VitaBlanca\",\"url\":\"https:\\\/\\\/vitablanca.ma\\\/\",\"logo\":{\"@type\":\"ImageObject\",\"inLanguage\":\"en-US\",\"@id\":\"https:\\\/\\\/vitablanca.ma\\\/#\\\/schema\\\/logo\\\/image\\\/\",\"url\":\"https:\\\/\\\/vitablanca.ma\\\/wp-content\\\/uploads\\\/2025\\\/05\\\/cropped-vitablanca.png\",\"contentUrl\":\"https:\\\/\\\/vitablanca.ma\\\/wp-content\\\/uploads\\\/2025\\\/05\\\/cropped-vitablanca.png\",\"width\":360,\"height\":67,\"caption\":\"VitaBlanca\"},\"image\":{\"@id\":\"https:\\\/\\\/vitablanca.ma\\\/#\\\/schema\\\/logo\\\/image\\\/\"},\"sameAs\":[\"https:\\\/\\\/www.facebook.com\\\/profile.php?id=61576678196717\",\"https:\\\/\\\/www.tiktok.com\\\/@vitablanca.ma\",\"https:\\\/\\\/www.instagram.com\\\/vitablanca.ma\\\/\"]}]}<\/script>\n<!-- \/ Yoast SEO plugin. -->","yoast_head_json":{"title":"Bionike Defence Ecran 50+ Melting Cream 50ml - Morocco Price","description":"Bionike Defense Ecran 50+ Melting Cream 50ml","robots":{"index":"index","follow":"follow","max-snippet":"max-snippet:-1","max-image-preview":"max-image-preview:large","max-video-preview":"max-video-preview:-1"},"canonical":"https:\/\/vitablanca.ma\/en\/product\/bionike-defence-ecran-50-creme-fondante-50ml\/","og_locale":"en_US","og_type":"article","og_title":"Bionike Defence Ecran 50+ Cr\u00e8me Fondante 50ml - Maroc Prix","og_description":"Bionike Defence Ecran 50+ Cr\u00e8me Fondante 50ml","og_url":"https:\/\/vitablanca.ma\/en\/product\/bionike-defence-ecran-50-creme-fondante-50ml\/","og_site_name":"Vitablanca.ma &ndash; Sant&eacute;, vitalit&eacute; et bien-&ecirc;tre pour tous les Marocains","article_publisher":"https:\/\/www.facebook.com\/profile.php?id=61576678196717","og_image":[{"width":1000,"height":1000,"url":"https:\/\/vitablanca.ma\/wp-content\/uploads\/2025\/06\/Bionike-Defence-Ecran-50_-Creme-Fondante-50ml-nova-parapharmacie-maroc.jpg","type":"image\/jpeg"}],"twitter_card":"summary_large_image","twitter_misc":{"Est. reading time":"1 minute"},"schema":{"@context":"https:\/\/schema.org","@graph":[{"@type":["WebPage","ItemPage"],"@id":"https:\/\/vitablanca.ma\/produit\/bionike-defence-ecran-50-creme-fondante-50ml\/","url":"https:\/\/vitablanca.ma\/produit\/bionike-defence-ecran-50-creme-fondante-50ml\/","name":"Bionike Defence Ecran 50+ Melting Cream 50ml - Morocco Price","isPartOf":{"@id":"https:\/\/vitablanca.ma\/#website"},"primaryImageOfPage":{"@id":"https:\/\/vitablanca.ma\/produit\/bionike-defence-ecran-50-creme-fondante-50ml\/#primaryimage"},"image":{"@id":"https:\/\/vitablanca.ma\/produit\/bionike-defence-ecran-50-creme-fondante-50ml\/#primaryimage"},"thumbnailUrl":"https:\/\/vitablanca.ma\/wp-content\/uploads\/2025\/06\/Bionike-Defence-Ecran-50_-Creme-Fondante-50ml-nova-parapharmacie-maroc.jpg","datePublished":"2025-06-10T16:32:31+00:00","description":"Bionike Defense Ecran 50+ Melting Cream 50ml","breadcrumb":{"@id":"https:\/\/vitablanca.ma\/produit\/bionike-defence-ecran-50-creme-fondante-50ml\/#breadcrumb"},"inLanguage":"en-US","potentialAction":[{"@type":"ReadAction","target":["https:\/\/vitablanca.ma\/produit\/bionike-defence-ecran-50-creme-fondante-50ml\/"]}]},{"@type":"ImageObject","inLanguage":"en-US","@id":"https:\/\/vitablanca.ma\/produit\/bionike-defence-ecran-50-creme-fondante-50ml\/#primaryimage","url":"https:\/\/vitablanca.ma\/wp-content\/uploads\/2025\/06\/Bionike-Defence-Ecran-50_-Creme-Fondante-50ml-nova-parapharmacie-maroc.jpg","contentUrl":"https:\/\/vitablanca.ma\/wp-content\/uploads\/2025\/06\/Bionike-Defence-Ecran-50_-Creme-Fondante-50ml-nova-parapharmacie-maroc.jpg","width":1000,"height":1000},{"@type":"BreadcrumbList","@id":"https:\/\/vitablanca.ma\/produit\/bionike-defence-ecran-50-creme-fondante-50ml\/#breadcrumb","itemListElement":[{"@type":"ListItem","position":1,"name":"Home","item":"https:\/\/vitablanca.ma\/"},{"@type":"ListItem","position":2,"name":"Tous Les Produits","item":"https:\/\/vitablanca.ma\/tous-les-produits\/"},{"@type":"ListItem","position":3,"name":"Bionike Defence Ecran 50+ Cr\u00e8me Fondante 50ml"}]},{"@type":"WebSite","@id":"https:\/\/vitablanca.ma\/#website","url":"https:\/\/vitablanca.ma\/","name":"VitaBlanca.ma | Food supplements, health &amp; beauty in Morocco","description":"sell premium vitamins and supplements from USA &amp; Canada, New Zealand, Morocco (NOW Foods, Solgar, Manuka). Fast delivery anywhere in Morocco.","publisher":{"@id":"https:\/\/vitablanca.ma\/#organization"},"alternateName":"VitaBlanca.ma","potentialAction":[{"@type":"SearchAction","target":{"@type":"EntryPoint","urlTemplate":"https:\/\/vitablanca.ma\/?s={search_term_string}"},"query-input":{"@type":"PropertyValueSpecification","valueRequired":true,"valueName":"search_term_string"}}],"inLanguage":"en-US"},{"@type":"Organization","@id":"https:\/\/vitablanca.ma\/#organization","name":"VitaBlanca","url":"https:\/\/vitablanca.ma\/","logo":{"@type":"ImageObject","inLanguage":"en-US","@id":"https:\/\/vitablanca.ma\/#\/schema\/logo\/image\/","url":"https:\/\/vitablanca.ma\/wp-content\/uploads\/2025\/05\/cropped-vitablanca.png","contentUrl":"https:\/\/vitablanca.ma\/wp-content\/uploads\/2025\/05\/cropped-vitablanca.png","width":360,"height":67,"caption":"VitaBlanca"},"image":{"@id":"https:\/\/vitablanca.ma\/#\/schema\/logo\/image\/"},"sameAs":["https:\/\/www.facebook.com\/profile.php?id=61576678196717","https:\/\/www.tiktok.com\/@vitablanca.ma","https:\/\/www.instagram.com\/vitablanca.ma\/"]}]}},"jetpack_sharing_enabled":true,"_links":{"self":[{"href":"https:\/\/vitablanca.ma\/en\/wp-json\/wp\/v2\/product\/15745","targetHints":{"allow":["GET"]}}],"collection":[{"href":"https:\/\/vitablanca.ma\/en\/wp-json\/wp\/v2\/product"}],"about":[{"href":"https:\/\/vitablanca.ma\/en\/wp-json\/wp\/v2\/types\/product"}],"wp:featuredmedia":[{"embeddable":true,"href":"https:\/\/vitablanca.ma\/en\/wp-json\/wp\/v2\/media\/15744"}],"wp:attachment":[{"href":"https:\/\/vitablanca.ma\/en\/wp-json\/wp\/v2\/media?parent=15745"}],"wp:term":[{"taxonomy":"product_brand","embeddable":true,"href":"https:\/\/vitablanca.ma\/en\/wp-json\/wp\/v2\/product_brand?post=15745"},{"taxonomy":"product_cat","embeddable":true,"href":"https:\/\/vitablanca.ma\/en\/wp-json\/wp\/v2\/product_cat?post=15745"},{"taxonomy":"product_tag","embeddable":true,"href":"https:\/\/vitablanca.ma\/en\/wp-json\/wp\/v2\/product_tag?post=15745"}],"curies":[{"name":"wp","href":"https:\/\/api.w.org\/{rel}","templated":true}]}}