{"id":15731,"date":"2025-06-10T16:31:58","date_gmt":"2025-06-10T16:31:58","guid":{"rendered":"https:\/\/vitablanca.ma\/product\/biolectra-magnesium-forte-20-comprimes-243mg\/"},"modified":"2025-06-10T16:31:58","modified_gmt":"2025-06-10T16:31:58","slug":"biolectra-magnesium-forte-20-comprimes-243mg","status":"publish","type":"product","link":"https:\/\/vitablanca.ma\/en\/product\/biolectra-magnesium-forte-20-comprimes-243mg\/","title":{"rendered":"Biolectra Magnesium Forte 20 Tablets 243mg"},"content":{"rendered":"<h2><span data-mce-fragment=\"1\">Biolectra Magnesium Forte 20 Tablets<\/span><\/h2>\n<p>Magnesium is an essential mineral for our health and well-being.<\/p>\n<p>Magnesium contributes to:<\/p>\n<p>\u2022 Reduction of tiredness and fatigue;<br \/>\u2022 Normal functioning of the nervous system and for normal psychological function;<br \/>\u2022 Normal muscle function.<\/p>\n<p>Magnesium is an important mineral for our body, playing an important role in the nervous system, brain, and heart muscle. Since our body is not able to synthesize magnesium, it depends on daily intake from food. The daily intake of magnesium recommended by the European Union is 375 mg and corresponds to the directive (90\/496\/EC).<\/p>\n<p>Biolectra Magnesium 243 strong effervescent tablets with a pleasant lemon flavor are the ideal daily magnesium supplement. Refreshing, natural, and with a fruity flavor!<\/p>","protected":false},"excerpt":{"rendered":"<p>Biolectra Magnesium Forte 20 Comprim\u00e9s Le magn\u00e9sium est un min\u00e9ral indispensable pour notre sant\u00e9 et notre bien-\u00eatre. Le magn\u00e9sium contribue \u00e0: \u2022 La r\u00e9duction de la fatigue et de la fatigue;\u2022 Le fonctionnement normal du syst\u00e8me nerveux et pour une fonction psychologique normale;\u2022 Fonction musculaire normale. Le magn\u00e9sium est un min\u00e9ral important pour notre corps, [&hellip;]<\/p>\n","protected":false},"featured_media":15729,"template":"","meta":{"om_disable_all_campaigns":false},"product_brand":[],"product_cat":[15],"product_tag":[],"class_list":{"0":"post-15731","1":"product","2":"type-product","3":"status-publish","4":"has-post-thumbnail","6":"product_cat-beaute-sante-complements-alimentaires-soins-et-bien-etre-au-meilleur-prix","8":"first","9":"instock","10":"sale","11":"taxable","12":"shipping-taxable","13":"purchasable","14":"product-type-simple"},"yoast_head":"<!-- This site is optimized with the Yoast SEO plugin v27.3 - https:\/\/yoast.com\/product\/yoast-seo-wordpress\/ -->\n<title>Biolectra Magnesium Forte 20 Comprim\u00e9s 243mg - Maroc Prix<\/title>\n<meta name=\"description\" content=\"Biolectra Magnesium Forte 20 Comprim\u00e9s 243mg\" \/>\n<meta name=\"robots\" content=\"index, follow, max-snippet:-1, max-image-preview:large, max-video-preview:-1\" \/>\n<link rel=\"canonical\" href=\"https:\/\/vitablanca.ma\/en\/product\/biolectra-magnesium-forte-20-comprimes-243mg\/\" \/>\n<meta property=\"og:locale\" content=\"en_US\" \/>\n<meta property=\"og:type\" content=\"article\" \/>\n<meta property=\"og:title\" content=\"Biolectra Magnesium Forte 20 Comprim\u00e9s 243mg - Maroc Prix\" \/>\n<meta property=\"og:description\" content=\"Biolectra Magnesium Forte 20 Comprim\u00e9s 243mg\" \/>\n<meta property=\"og:url\" content=\"https:\/\/vitablanca.ma\/en\/product\/biolectra-magnesium-forte-20-comprimes-243mg\/\" \/>\n<meta property=\"og:site_name\" content=\"Vitablanca.ma &ndash; Sant&eacute;, vitalit&eacute; et bien-&ecirc;tre pour tous les Marocains\" \/>\n<meta property=\"article:publisher\" content=\"https:\/\/www.facebook.com\/profile.php?id=61576678196717\" \/>\n<meta property=\"og:image\" content=\"https:\/\/vitablanca.ma\/wp-content\/uploads\/2025\/06\/Biolectra-Magnesium-Forte-20-Comprimes-243mg-nova-parapharmacie-casablanca.jpg\" \/>\n\t<meta property=\"og:image:width\" content=\"1000\" \/>\n\t<meta property=\"og:image:height\" content=\"1000\" \/>\n\t<meta property=\"og:image:type\" content=\"image\/jpeg\" \/>\n<meta name=\"twitter:card\" content=\"summary_large_image\" \/>\n<meta name=\"twitter:label1\" content=\"Est. reading time\" \/>\n\t<meta name=\"twitter:data1\" content=\"1 minute\" \/>\n<script type=\"application\/ld+json\" class=\"yoast-schema-graph\">{\"@context\":\"https:\\\/\\\/schema.org\",\"@graph\":[{\"@type\":[\"WebPage\",\"ItemPage\"],\"@id\":\"https:\\\/\\\/vitablanca.ma\\\/produit\\\/biolectra-magnesium-forte-20-comprimes-243mg\\\/\",\"url\":\"https:\\\/\\\/vitablanca.ma\\\/produit\\\/biolectra-magnesium-forte-20-comprimes-243mg\\\/\",\"name\":\"Biolectra Magnesium Forte 20 Comprim\u00e9s 243mg - Maroc Prix\",\"isPartOf\":{\"@id\":\"https:\\\/\\\/vitablanca.ma\\\/#website\"},\"primaryImageOfPage\":{\"@id\":\"https:\\\/\\\/vitablanca.ma\\\/produit\\\/biolectra-magnesium-forte-20-comprimes-243mg\\\/#primaryimage\"},\"image\":{\"@id\":\"https:\\\/\\\/vitablanca.ma\\\/produit\\\/biolectra-magnesium-forte-20-comprimes-243mg\\\/#primaryimage\"},\"thumbnailUrl\":\"https:\\\/\\\/vitablanca.ma\\\/wp-content\\\/uploads\\\/2025\\\/06\\\/Biolectra-Magnesium-Forte-20-Comprimes-243mg-nova-parapharmacie-casablanca.jpg\",\"datePublished\":\"2025-06-10T16:31:58+00:00\",\"description\":\"Biolectra Magnesium Forte 20 Comprim\u00e9s 243mg\",\"breadcrumb\":{\"@id\":\"https:\\\/\\\/vitablanca.ma\\\/produit\\\/biolectra-magnesium-forte-20-comprimes-243mg\\\/#breadcrumb\"},\"inLanguage\":\"en-US\",\"potentialAction\":[{\"@type\":\"ReadAction\",\"target\":[\"https:\\\/\\\/vitablanca.ma\\\/produit\\\/biolectra-magnesium-forte-20-comprimes-243mg\\\/\"]}]},{\"@type\":\"ImageObject\",\"inLanguage\":\"en-US\",\"@id\":\"https:\\\/\\\/vitablanca.ma\\\/produit\\\/biolectra-magnesium-forte-20-comprimes-243mg\\\/#primaryimage\",\"url\":\"https:\\\/\\\/vitablanca.ma\\\/wp-content\\\/uploads\\\/2025\\\/06\\\/Biolectra-Magnesium-Forte-20-Comprimes-243mg-nova-parapharmacie-casablanca.jpg\",\"contentUrl\":\"https:\\\/\\\/vitablanca.ma\\\/wp-content\\\/uploads\\\/2025\\\/06\\\/Biolectra-Magnesium-Forte-20-Comprimes-243mg-nova-parapharmacie-casablanca.jpg\",\"width\":1000,\"height\":1000},{\"@type\":\"BreadcrumbList\",\"@id\":\"https:\\\/\\\/vitablanca.ma\\\/produit\\\/biolectra-magnesium-forte-20-comprimes-243mg\\\/#breadcrumb\",\"itemListElement\":[{\"@type\":\"ListItem\",\"position\":1,\"name\":\"Home\",\"item\":\"https:\\\/\\\/vitablanca.ma\\\/\"},{\"@type\":\"ListItem\",\"position\":2,\"name\":\"Tous Les Produits\",\"item\":\"https:\\\/\\\/vitablanca.ma\\\/tous-les-produits\\\/\"},{\"@type\":\"ListItem\",\"position\":3,\"name\":\"Biolectra Magnesium Forte 20 Comprim\u00e9s 243mg\"}]},{\"@type\":\"WebSite\",\"@id\":\"https:\\\/\\\/vitablanca.ma\\\/#website\",\"url\":\"https:\\\/\\\/vitablanca.ma\\\/\",\"name\":\"VitaBlanca.ma | Compl\u00e9ments alimentaires, sant\u00e9 & beaut\u00e9 au Maroc\",\"description\":\"vendre vitamines et compl\u00e9ments premium des USA &amp; Canada, Nouvelle Z\u00e9lande,Maroc (NOW Foods, Solgar, Manuka). Livraison rapide partout au Maroc.\",\"publisher\":{\"@id\":\"https:\\\/\\\/vitablanca.ma\\\/#organization\"},\"alternateName\":\"VitaBlanca.ma\",\"potentialAction\":[{\"@type\":\"SearchAction\",\"target\":{\"@type\":\"EntryPoint\",\"urlTemplate\":\"https:\\\/\\\/vitablanca.ma\\\/?s={search_term_string}\"},\"query-input\":{\"@type\":\"PropertyValueSpecification\",\"valueRequired\":true,\"valueName\":\"search_term_string\"}}],\"inLanguage\":\"en-US\"},{\"@type\":\"Organization\",\"@id\":\"https:\\\/\\\/vitablanca.ma\\\/#organization\",\"name\":\"VitaBlanca\",\"url\":\"https:\\\/\\\/vitablanca.ma\\\/\",\"logo\":{\"@type\":\"ImageObject\",\"inLanguage\":\"en-US\",\"@id\":\"https:\\\/\\\/vitablanca.ma\\\/#\\\/schema\\\/logo\\\/image\\\/\",\"url\":\"https:\\\/\\\/vitablanca.ma\\\/wp-content\\\/uploads\\\/2025\\\/05\\\/cropped-vitablanca.png\",\"contentUrl\":\"https:\\\/\\\/vitablanca.ma\\\/wp-content\\\/uploads\\\/2025\\\/05\\\/cropped-vitablanca.png\",\"width\":360,\"height\":67,\"caption\":\"VitaBlanca\"},\"image\":{\"@id\":\"https:\\\/\\\/vitablanca.ma\\\/#\\\/schema\\\/logo\\\/image\\\/\"},\"sameAs\":[\"https:\\\/\\\/www.facebook.com\\\/profile.php?id=61576678196717\",\"https:\\\/\\\/www.tiktok.com\\\/@vitablanca.ma\",\"https:\\\/\\\/www.instagram.com\\\/vitablanca.ma\\\/\"]}]}<\/script>\n<!-- \/ Yoast SEO plugin. -->","yoast_head_json":{"title":"Biolectra Magnesium Forte 20 Tablets 243mg - Morocco Price","description":"Biolectra Magnesium Forte 20 Tablets 243mg","robots":{"index":"index","follow":"follow","max-snippet":"max-snippet:-1","max-image-preview":"max-image-preview:large","max-video-preview":"max-video-preview:-1"},"canonical":"https:\/\/vitablanca.ma\/en\/product\/biolectra-magnesium-forte-20-comprimes-243mg\/","og_locale":"en_US","og_type":"article","og_title":"Biolectra Magnesium Forte 20 Comprim\u00e9s 243mg - Maroc Prix","og_description":"Biolectra Magnesium Forte 20 Comprim\u00e9s 243mg","og_url":"https:\/\/vitablanca.ma\/en\/product\/biolectra-magnesium-forte-20-comprimes-243mg\/","og_site_name":"Vitablanca.ma &ndash; Sant&eacute;, vitalit&eacute; et bien-&ecirc;tre pour tous les Marocains","article_publisher":"https:\/\/www.facebook.com\/profile.php?id=61576678196717","og_image":[{"width":1000,"height":1000,"url":"https:\/\/vitablanca.ma\/wp-content\/uploads\/2025\/06\/Biolectra-Magnesium-Forte-20-Comprimes-243mg-nova-parapharmacie-casablanca.jpg","type":"image\/jpeg"}],"twitter_card":"summary_large_image","twitter_misc":{"Est. reading time":"1 minute"},"schema":{"@context":"https:\/\/schema.org","@graph":[{"@type":["WebPage","ItemPage"],"@id":"https:\/\/vitablanca.ma\/produit\/biolectra-magnesium-forte-20-comprimes-243mg\/","url":"https:\/\/vitablanca.ma\/produit\/biolectra-magnesium-forte-20-comprimes-243mg\/","name":"Biolectra Magnesium Forte 20 Tablets 243mg - Morocco Price","isPartOf":{"@id":"https:\/\/vitablanca.ma\/#website"},"primaryImageOfPage":{"@id":"https:\/\/vitablanca.ma\/produit\/biolectra-magnesium-forte-20-comprimes-243mg\/#primaryimage"},"image":{"@id":"https:\/\/vitablanca.ma\/produit\/biolectra-magnesium-forte-20-comprimes-243mg\/#primaryimage"},"thumbnailUrl":"https:\/\/vitablanca.ma\/wp-content\/uploads\/2025\/06\/Biolectra-Magnesium-Forte-20-Comprimes-243mg-nova-parapharmacie-casablanca.jpg","datePublished":"2025-06-10T16:31:58+00:00","description":"Biolectra Magnesium Forte 20 Tablets 243mg","breadcrumb":{"@id":"https:\/\/vitablanca.ma\/produit\/biolectra-magnesium-forte-20-comprimes-243mg\/#breadcrumb"},"inLanguage":"en-US","potentialAction":[{"@type":"ReadAction","target":["https:\/\/vitablanca.ma\/produit\/biolectra-magnesium-forte-20-comprimes-243mg\/"]}]},{"@type":"ImageObject","inLanguage":"en-US","@id":"https:\/\/vitablanca.ma\/produit\/biolectra-magnesium-forte-20-comprimes-243mg\/#primaryimage","url":"https:\/\/vitablanca.ma\/wp-content\/uploads\/2025\/06\/Biolectra-Magnesium-Forte-20-Comprimes-243mg-nova-parapharmacie-casablanca.jpg","contentUrl":"https:\/\/vitablanca.ma\/wp-content\/uploads\/2025\/06\/Biolectra-Magnesium-Forte-20-Comprimes-243mg-nova-parapharmacie-casablanca.jpg","width":1000,"height":1000},{"@type":"BreadcrumbList","@id":"https:\/\/vitablanca.ma\/produit\/biolectra-magnesium-forte-20-comprimes-243mg\/#breadcrumb","itemListElement":[{"@type":"ListItem","position":1,"name":"Home","item":"https:\/\/vitablanca.ma\/"},{"@type":"ListItem","position":2,"name":"Tous Les Produits","item":"https:\/\/vitablanca.ma\/tous-les-produits\/"},{"@type":"ListItem","position":3,"name":"Biolectra Magnesium Forte 20 Comprim\u00e9s 243mg"}]},{"@type":"WebSite","@id":"https:\/\/vitablanca.ma\/#website","url":"https:\/\/vitablanca.ma\/","name":"VitaBlanca.ma | Food supplements, health &amp; beauty in Morocco","description":"sell premium vitamins and supplements from USA &amp; Canada, New Zealand, Morocco (NOW Foods, Solgar, Manuka). Fast delivery anywhere in Morocco.","publisher":{"@id":"https:\/\/vitablanca.ma\/#organization"},"alternateName":"VitaBlanca.ma","potentialAction":[{"@type":"SearchAction","target":{"@type":"EntryPoint","urlTemplate":"https:\/\/vitablanca.ma\/?s={search_term_string}"},"query-input":{"@type":"PropertyValueSpecification","valueRequired":true,"valueName":"search_term_string"}}],"inLanguage":"en-US"},{"@type":"Organization","@id":"https:\/\/vitablanca.ma\/#organization","name":"VitaBlanca","url":"https:\/\/vitablanca.ma\/","logo":{"@type":"ImageObject","inLanguage":"en-US","@id":"https:\/\/vitablanca.ma\/#\/schema\/logo\/image\/","url":"https:\/\/vitablanca.ma\/wp-content\/uploads\/2025\/05\/cropped-vitablanca.png","contentUrl":"https:\/\/vitablanca.ma\/wp-content\/uploads\/2025\/05\/cropped-vitablanca.png","width":360,"height":67,"caption":"VitaBlanca"},"image":{"@id":"https:\/\/vitablanca.ma\/#\/schema\/logo\/image\/"},"sameAs":["https:\/\/www.facebook.com\/profile.php?id=61576678196717","https:\/\/www.tiktok.com\/@vitablanca.ma","https:\/\/www.instagram.com\/vitablanca.ma\/"]}]}},"jetpack_sharing_enabled":true,"_links":{"self":[{"href":"https:\/\/vitablanca.ma\/en\/wp-json\/wp\/v2\/product\/15731","targetHints":{"allow":["GET"]}}],"collection":[{"href":"https:\/\/vitablanca.ma\/en\/wp-json\/wp\/v2\/product"}],"about":[{"href":"https:\/\/vitablanca.ma\/en\/wp-json\/wp\/v2\/types\/product"}],"wp:featuredmedia":[{"embeddable":true,"href":"https:\/\/vitablanca.ma\/en\/wp-json\/wp\/v2\/media\/15729"}],"wp:attachment":[{"href":"https:\/\/vitablanca.ma\/en\/wp-json\/wp\/v2\/media?parent=15731"}],"wp:term":[{"taxonomy":"product_brand","embeddable":true,"href":"https:\/\/vitablanca.ma\/en\/wp-json\/wp\/v2\/product_brand?post=15731"},{"taxonomy":"product_cat","embeddable":true,"href":"https:\/\/vitablanca.ma\/en\/wp-json\/wp\/v2\/product_cat?post=15731"},{"taxonomy":"product_tag","embeddable":true,"href":"https:\/\/vitablanca.ma\/en\/wp-json\/wp\/v2\/product_tag?post=15731"}],"curies":[{"name":"wp","href":"https:\/\/api.w.org\/{rel}","templated":true}]}}