{"id":15728,"date":"2025-06-10T16:31:55","date_gmt":"2025-06-10T16:31:55","guid":{"rendered":"https:\/\/vitablanca.ma\/product\/biofar-phyto-digestion-boite-de-8-comprimes\/"},"modified":"2025-06-10T16:31:55","modified_gmt":"2025-06-10T16:31:55","slug":"biofar-phyto-digestion-boite-de-8-comprimes","status":"publish","type":"product","link":"https:\/\/vitablanca.ma\/en\/product\/biofar-phyto-digestion-boite-de-8-comprimes\/","title":{"rendered":"Biofar Phyto Digestion Box of 8 Tablets"},"content":{"rendered":"<h2>Biofar Phyto Digestion Promotes Digestion<\/h2>\n<p>Digestion is a<span>\u00a0<\/span><b>complex phenomenon<\/b>, as well<span>\u00a0<\/span><b>mechanical<\/b><span>\u00a0<\/span>that<span>\u00a0<\/span><b>chemical<\/b>, whose<span>\u00a0<\/span><b>disorders<\/b><span>\u00a0<\/span>bring their share of<span>\u00a0<\/span><b>inconveniences<\/b><span>\u00a0<\/span>every day!<\/p>\n<p>Biofar Laboratories have taken<span>\u00a0<\/span><b>the best of nature<span>\u00a0<\/span><\/b>to aid your digestion, with a fresh extract of<b>artichoke<\/b>, with a detoxifying effect<b>,<\/b><span>\u00a0<\/span>which helps promote digestion and proper liver function, stimulates the flow of digestive juices, contributes to the proper functioning of the digestive and intestinal tracts, as well as intestinal comfort. Extracts of<b>pineapple<\/b><span>\u00a0<\/span>and of<span>\u00a0<\/span><b>papaya<\/b>, of the<span>\u00a0<\/span><b>fibers<\/b>, as well as<span>\u00a0<\/span><b>B vitamins<span>\u00a0<\/span><\/b>enrich the formula of \u201c\u00a0<b>Phyto Digestion \u00bb<\/b>, all with a good citrus taste!<\/p>\n<ul>\n<li>A concentrated and balanced formula.<\/li>\n<li>An artichoke extract made from<span>\u00a0<\/span><strong>fresh juice<\/strong>.<\/li>\n<li>An optimal synergy with pineapple, papaya and fiber.<\/li>\n<\/ul>\n<div class=\"uabb-adv-accordion-button uabb-adv-accordion-button5b59bf7b13521 uabb-adv-after-text\">\n<h3 class=\"uabb-adv-accordion-button-label\">DIRECTIONS FOR USE:<\/h3>\n<\/div>\n<div class=\"uabb-adv-accordion-content uabb-adv-accordion-content5b59bf7b13521 fl-clearfix uabb-accordion-desc uabb-text-editor\">\n<p>Biofar Phyto Digestion is a food supplement reserved for adults.<\/p>\n<p>1 to 2 tablets per day, after a meal, to be dissolved in a large glass of water and drunk immediately after dissolution. Use especially after a large or fatty meal to facilitate digestion and reduce the feeling of digestive heaviness. Repeat as needed.<\/p>\n<p><strong>The plus?<\/strong><span>\u00a0<\/span>A fresh artichoke concentrate to help improve your digestion!<\/p>\n<p>Biofar Phyto products are<span>\u00a0<\/span><strong>sugar-free, aspartame-free, colorant-free<span>\u00a0<\/span><\/strong>And\u00a0<strong>with a good fruity taste.<\/strong><\/p>\n<p>Ask your pharmacist or doctor for advice.<\/p>\n<\/div>","protected":false},"excerpt":{"rendered":"<p>Biofar Phyto Digestion Favorise La Digestion La digestion est un\u00a0ph\u00e9nom\u00e8ne complexe, aussi bien\u00a0m\u00e9canique\u00a0que\u00a0chimique, dont les\u00a0d\u00e9r\u00e8glements\u00a0apportent leur lot de\u00a0d\u00e9sagr\u00e9ments\u00a0au quotidien ! Les Laboratoires Biofar ont pris\u00a0le meilleur de la nature\u00a0pour favoriser votre digestion, avec un extrait frais d\u2019artichaut, \u00e0 l\u2019effet d\u00e9toxifiant,\u00a0qui aide \u00e0 favoriser digestion et bon fonctionnement du foie, stimule le flux des sucs digestifs, [&hellip;]<\/p>\n","protected":false},"featured_media":15727,"template":"","meta":{"om_disable_all_campaigns":false},"product_brand":[],"product_cat":[15],"product_tag":[],"class_list":{"0":"post-15728","1":"product","2":"type-product","3":"status-publish","4":"has-post-thumbnail","6":"product_cat-beaute-sante-complements-alimentaires-soins-et-bien-etre-au-meilleur-prix","8":"first","9":"instock","10":"sale","11":"taxable","12":"shipping-taxable","13":"purchasable","14":"product-type-simple"},"yoast_head":"<!-- This site is optimized with the Yoast SEO plugin v27.3 - https:\/\/yoast.com\/product\/yoast-seo-wordpress\/ -->\n<title>Biofar Phyto Digestion Boite De 8 Comprim\u00e9s - Maroc Prix<\/title>\n<meta name=\"description\" content=\"Biofar Phyto Digestion Boite De 8 Comprim\u00e9s\" \/>\n<meta name=\"robots\" content=\"index, follow, max-snippet:-1, max-image-preview:large, max-video-preview:-1\" \/>\n<link rel=\"canonical\" href=\"https:\/\/vitablanca.ma\/en\/product\/biofar-phyto-digestion-boite-de-8-comprimes\/\" \/>\n<meta property=\"og:locale\" content=\"en_US\" \/>\n<meta property=\"og:type\" content=\"article\" \/>\n<meta property=\"og:title\" content=\"Biofar Phyto Digestion Boite De 8 Comprim\u00e9s - Maroc Prix\" \/>\n<meta property=\"og:description\" content=\"Biofar Phyto Digestion Boite De 8 Comprim\u00e9s\" \/>\n<meta property=\"og:url\" content=\"https:\/\/vitablanca.ma\/en\/product\/biofar-phyto-digestion-boite-de-8-comprimes\/\" \/>\n<meta property=\"og:site_name\" content=\"Vitablanca.ma &ndash; Sant&eacute;, vitalit&eacute; et bien-&ecirc;tre pour tous les Marocains\" \/>\n<meta property=\"article:publisher\" content=\"https:\/\/www.facebook.com\/profile.php?id=61576678196717\" \/>\n<meta property=\"og:image\" content=\"https:\/\/vitablanca.ma\/wp-content\/uploads\/2025\/06\/Biofar-Phyto-Digestion-Boite-De-8-Comprimes-nova-parapharmacie-casablanca.jpg\" \/>\n\t<meta property=\"og:image:width\" content=\"1000\" \/>\n\t<meta property=\"og:image:height\" content=\"1000\" \/>\n\t<meta property=\"og:image:type\" content=\"image\/jpeg\" \/>\n<meta name=\"twitter:card\" content=\"summary_large_image\" \/>\n<meta name=\"twitter:label1\" content=\"Est. reading time\" \/>\n\t<meta name=\"twitter:data1\" content=\"1 minute\" \/>\n<script type=\"application\/ld+json\" class=\"yoast-schema-graph\">{\"@context\":\"https:\\\/\\\/schema.org\",\"@graph\":[{\"@type\":[\"WebPage\",\"ItemPage\"],\"@id\":\"https:\\\/\\\/vitablanca.ma\\\/produit\\\/biofar-phyto-digestion-boite-de-8-comprimes\\\/\",\"url\":\"https:\\\/\\\/vitablanca.ma\\\/produit\\\/biofar-phyto-digestion-boite-de-8-comprimes\\\/\",\"name\":\"Biofar Phyto Digestion Boite De 8 Comprim\u00e9s - Maroc Prix\",\"isPartOf\":{\"@id\":\"https:\\\/\\\/vitablanca.ma\\\/#website\"},\"primaryImageOfPage\":{\"@id\":\"https:\\\/\\\/vitablanca.ma\\\/produit\\\/biofar-phyto-digestion-boite-de-8-comprimes\\\/#primaryimage\"},\"image\":{\"@id\":\"https:\\\/\\\/vitablanca.ma\\\/produit\\\/biofar-phyto-digestion-boite-de-8-comprimes\\\/#primaryimage\"},\"thumbnailUrl\":\"https:\\\/\\\/vitablanca.ma\\\/wp-content\\\/uploads\\\/2025\\\/06\\\/Biofar-Phyto-Digestion-Boite-De-8-Comprimes-nova-parapharmacie-casablanca.jpg\",\"datePublished\":\"2025-06-10T16:31:55+00:00\",\"description\":\"Biofar Phyto Digestion Boite De 8 Comprim\u00e9s\",\"breadcrumb\":{\"@id\":\"https:\\\/\\\/vitablanca.ma\\\/produit\\\/biofar-phyto-digestion-boite-de-8-comprimes\\\/#breadcrumb\"},\"inLanguage\":\"en-US\",\"potentialAction\":[{\"@type\":\"ReadAction\",\"target\":[\"https:\\\/\\\/vitablanca.ma\\\/produit\\\/biofar-phyto-digestion-boite-de-8-comprimes\\\/\"]}]},{\"@type\":\"ImageObject\",\"inLanguage\":\"en-US\",\"@id\":\"https:\\\/\\\/vitablanca.ma\\\/produit\\\/biofar-phyto-digestion-boite-de-8-comprimes\\\/#primaryimage\",\"url\":\"https:\\\/\\\/vitablanca.ma\\\/wp-content\\\/uploads\\\/2025\\\/06\\\/Biofar-Phyto-Digestion-Boite-De-8-Comprimes-nova-parapharmacie-casablanca.jpg\",\"contentUrl\":\"https:\\\/\\\/vitablanca.ma\\\/wp-content\\\/uploads\\\/2025\\\/06\\\/Biofar-Phyto-Digestion-Boite-De-8-Comprimes-nova-parapharmacie-casablanca.jpg\",\"width\":1000,\"height\":1000},{\"@type\":\"BreadcrumbList\",\"@id\":\"https:\\\/\\\/vitablanca.ma\\\/produit\\\/biofar-phyto-digestion-boite-de-8-comprimes\\\/#breadcrumb\",\"itemListElement\":[{\"@type\":\"ListItem\",\"position\":1,\"name\":\"Home\",\"item\":\"https:\\\/\\\/vitablanca.ma\\\/\"},{\"@type\":\"ListItem\",\"position\":2,\"name\":\"Tous Les Produits\",\"item\":\"https:\\\/\\\/vitablanca.ma\\\/tous-les-produits\\\/\"},{\"@type\":\"ListItem\",\"position\":3,\"name\":\"Biofar Phyto Digestion Boite De 8 Comprim\u00e9s\"}]},{\"@type\":\"WebSite\",\"@id\":\"https:\\\/\\\/vitablanca.ma\\\/#website\",\"url\":\"https:\\\/\\\/vitablanca.ma\\\/\",\"name\":\"VitaBlanca.ma | Compl\u00e9ments alimentaires, sant\u00e9 & beaut\u00e9 au Maroc\",\"description\":\"vendre vitamines et compl\u00e9ments premium des USA &amp; Canada, Nouvelle Z\u00e9lande,Maroc (NOW Foods, Solgar, Manuka). Livraison rapide partout au Maroc.\",\"publisher\":{\"@id\":\"https:\\\/\\\/vitablanca.ma\\\/#organization\"},\"alternateName\":\"VitaBlanca.ma\",\"potentialAction\":[{\"@type\":\"SearchAction\",\"target\":{\"@type\":\"EntryPoint\",\"urlTemplate\":\"https:\\\/\\\/vitablanca.ma\\\/?s={search_term_string}\"},\"query-input\":{\"@type\":\"PropertyValueSpecification\",\"valueRequired\":true,\"valueName\":\"search_term_string\"}}],\"inLanguage\":\"en-US\"},{\"@type\":\"Organization\",\"@id\":\"https:\\\/\\\/vitablanca.ma\\\/#organization\",\"name\":\"VitaBlanca\",\"url\":\"https:\\\/\\\/vitablanca.ma\\\/\",\"logo\":{\"@type\":\"ImageObject\",\"inLanguage\":\"en-US\",\"@id\":\"https:\\\/\\\/vitablanca.ma\\\/#\\\/schema\\\/logo\\\/image\\\/\",\"url\":\"https:\\\/\\\/vitablanca.ma\\\/wp-content\\\/uploads\\\/2025\\\/05\\\/cropped-vitablanca.png\",\"contentUrl\":\"https:\\\/\\\/vitablanca.ma\\\/wp-content\\\/uploads\\\/2025\\\/05\\\/cropped-vitablanca.png\",\"width\":360,\"height\":67,\"caption\":\"VitaBlanca\"},\"image\":{\"@id\":\"https:\\\/\\\/vitablanca.ma\\\/#\\\/schema\\\/logo\\\/image\\\/\"},\"sameAs\":[\"https:\\\/\\\/www.facebook.com\\\/profile.php?id=61576678196717\",\"https:\\\/\\\/www.tiktok.com\\\/@vitablanca.ma\",\"https:\\\/\\\/www.instagram.com\\\/vitablanca.ma\\\/\"]}]}<\/script>\n<!-- \/ Yoast SEO plugin. -->","yoast_head_json":{"title":"Biofar Phyto Digestion Box of 8 Tablets - Morocco Price","description":"Biofar Phyto Digestion Box of 8 Tablets","robots":{"index":"index","follow":"follow","max-snippet":"max-snippet:-1","max-image-preview":"max-image-preview:large","max-video-preview":"max-video-preview:-1"},"canonical":"https:\/\/vitablanca.ma\/en\/product\/biofar-phyto-digestion-boite-de-8-comprimes\/","og_locale":"en_US","og_type":"article","og_title":"Biofar Phyto Digestion Boite De 8 Comprim\u00e9s - Maroc Prix","og_description":"Biofar Phyto Digestion Boite De 8 Comprim\u00e9s","og_url":"https:\/\/vitablanca.ma\/en\/product\/biofar-phyto-digestion-boite-de-8-comprimes\/","og_site_name":"Vitablanca.ma &ndash; Sant&eacute;, vitalit&eacute; et bien-&ecirc;tre pour tous les Marocains","article_publisher":"https:\/\/www.facebook.com\/profile.php?id=61576678196717","og_image":[{"width":1000,"height":1000,"url":"https:\/\/vitablanca.ma\/wp-content\/uploads\/2025\/06\/Biofar-Phyto-Digestion-Boite-De-8-Comprimes-nova-parapharmacie-casablanca.jpg","type":"image\/jpeg"}],"twitter_card":"summary_large_image","twitter_misc":{"Est. reading time":"1 minute"},"schema":{"@context":"https:\/\/schema.org","@graph":[{"@type":["WebPage","ItemPage"],"@id":"https:\/\/vitablanca.ma\/produit\/biofar-phyto-digestion-boite-de-8-comprimes\/","url":"https:\/\/vitablanca.ma\/produit\/biofar-phyto-digestion-boite-de-8-comprimes\/","name":"Biofar Phyto Digestion Box of 8 Tablets - Morocco Price","isPartOf":{"@id":"https:\/\/vitablanca.ma\/#website"},"primaryImageOfPage":{"@id":"https:\/\/vitablanca.ma\/produit\/biofar-phyto-digestion-boite-de-8-comprimes\/#primaryimage"},"image":{"@id":"https:\/\/vitablanca.ma\/produit\/biofar-phyto-digestion-boite-de-8-comprimes\/#primaryimage"},"thumbnailUrl":"https:\/\/vitablanca.ma\/wp-content\/uploads\/2025\/06\/Biofar-Phyto-Digestion-Boite-De-8-Comprimes-nova-parapharmacie-casablanca.jpg","datePublished":"2025-06-10T16:31:55+00:00","description":"Biofar Phyto Digestion Box of 8 Tablets","breadcrumb":{"@id":"https:\/\/vitablanca.ma\/produit\/biofar-phyto-digestion-boite-de-8-comprimes\/#breadcrumb"},"inLanguage":"en-US","potentialAction":[{"@type":"ReadAction","target":["https:\/\/vitablanca.ma\/produit\/biofar-phyto-digestion-boite-de-8-comprimes\/"]}]},{"@type":"ImageObject","inLanguage":"en-US","@id":"https:\/\/vitablanca.ma\/produit\/biofar-phyto-digestion-boite-de-8-comprimes\/#primaryimage","url":"https:\/\/vitablanca.ma\/wp-content\/uploads\/2025\/06\/Biofar-Phyto-Digestion-Boite-De-8-Comprimes-nova-parapharmacie-casablanca.jpg","contentUrl":"https:\/\/vitablanca.ma\/wp-content\/uploads\/2025\/06\/Biofar-Phyto-Digestion-Boite-De-8-Comprimes-nova-parapharmacie-casablanca.jpg","width":1000,"height":1000},{"@type":"BreadcrumbList","@id":"https:\/\/vitablanca.ma\/produit\/biofar-phyto-digestion-boite-de-8-comprimes\/#breadcrumb","itemListElement":[{"@type":"ListItem","position":1,"name":"Home","item":"https:\/\/vitablanca.ma\/"},{"@type":"ListItem","position":2,"name":"Tous Les Produits","item":"https:\/\/vitablanca.ma\/tous-les-produits\/"},{"@type":"ListItem","position":3,"name":"Biofar Phyto Digestion Boite De 8 Comprim\u00e9s"}]},{"@type":"WebSite","@id":"https:\/\/vitablanca.ma\/#website","url":"https:\/\/vitablanca.ma\/","name":"VitaBlanca.ma | Food supplements, health &amp; beauty in Morocco","description":"sell premium vitamins and supplements from USA &amp; Canada, New Zealand, Morocco (NOW Foods, Solgar, Manuka). Fast delivery anywhere in Morocco.","publisher":{"@id":"https:\/\/vitablanca.ma\/#organization"},"alternateName":"VitaBlanca.ma","potentialAction":[{"@type":"SearchAction","target":{"@type":"EntryPoint","urlTemplate":"https:\/\/vitablanca.ma\/?s={search_term_string}"},"query-input":{"@type":"PropertyValueSpecification","valueRequired":true,"valueName":"search_term_string"}}],"inLanguage":"en-US"},{"@type":"Organization","@id":"https:\/\/vitablanca.ma\/#organization","name":"VitaBlanca","url":"https:\/\/vitablanca.ma\/","logo":{"@type":"ImageObject","inLanguage":"en-US","@id":"https:\/\/vitablanca.ma\/#\/schema\/logo\/image\/","url":"https:\/\/vitablanca.ma\/wp-content\/uploads\/2025\/05\/cropped-vitablanca.png","contentUrl":"https:\/\/vitablanca.ma\/wp-content\/uploads\/2025\/05\/cropped-vitablanca.png","width":360,"height":67,"caption":"VitaBlanca"},"image":{"@id":"https:\/\/vitablanca.ma\/#\/schema\/logo\/image\/"},"sameAs":["https:\/\/www.facebook.com\/profile.php?id=61576678196717","https:\/\/www.tiktok.com\/@vitablanca.ma","https:\/\/www.instagram.com\/vitablanca.ma\/"]}]}},"jetpack_sharing_enabled":true,"_links":{"self":[{"href":"https:\/\/vitablanca.ma\/en\/wp-json\/wp\/v2\/product\/15728","targetHints":{"allow":["GET"]}}],"collection":[{"href":"https:\/\/vitablanca.ma\/en\/wp-json\/wp\/v2\/product"}],"about":[{"href":"https:\/\/vitablanca.ma\/en\/wp-json\/wp\/v2\/types\/product"}],"wp:featuredmedia":[{"embeddable":true,"href":"https:\/\/vitablanca.ma\/en\/wp-json\/wp\/v2\/media\/15727"}],"wp:attachment":[{"href":"https:\/\/vitablanca.ma\/en\/wp-json\/wp\/v2\/media?parent=15728"}],"wp:term":[{"taxonomy":"product_brand","embeddable":true,"href":"https:\/\/vitablanca.ma\/en\/wp-json\/wp\/v2\/product_brand?post=15728"},{"taxonomy":"product_cat","embeddable":true,"href":"https:\/\/vitablanca.ma\/en\/wp-json\/wp\/v2\/product_cat?post=15728"},{"taxonomy":"product_tag","embeddable":true,"href":"https:\/\/vitablanca.ma\/en\/wp-json\/wp\/v2\/product_tag?post=15728"}],"curies":[{"name":"wp","href":"https:\/\/api.w.org\/{rel}","templated":true}]}}