{"id":15726,"date":"2025-06-10T16:31:51","date_gmt":"2025-06-10T16:31:51","guid":{"rendered":"https:\/\/vitablanca.ma\/product\/biofar-fer-acide-folique-20-comprimes\/"},"modified":"2025-06-10T16:31:51","modified_gmt":"2025-06-10T16:31:51","slug":"biofar-fer-acide-folique-20-comprimes","status":"publish","type":"product","link":"https:\/\/vitablanca.ma\/en\/product\/biofar-fer-acide-folique-20-comprimes\/","title":{"rendered":"Biofar Iron Folic Acid 20 Tablets"},"content":{"rendered":"<h2>Biofar Iron Folic Acid for Female Energy<\/h2>\n<p>Iron deficiency is common in women and can quickly lead to fatigue and lack of energy. Especially for pregnant women, it is strongly recommended to supplement with folic acid for the healthy growth of the baby. Don&#039;t wait any longer! Biofar Laboratories has developed for you<span>\u00a0<\/span><strong>&quot;Iron Folic Acid&quot;<\/strong>, a formula\u00a0<strong>rich and synergistic\u00a0<\/strong>to the good taste of\u00a0<strong>blackcurrant<\/strong>, to preserve your feminine energy on a daily basis or during pregnancy.<\/p>\n<p>Dosages<span>\u00a0<\/span><strong>optimal and balanced<\/strong><span>\u00a0<\/span>hell<span>\u00a0<\/span><strong>100 %<span>\u00a0<\/span>organic<\/strong><span>\u00a0<\/span>and B vitamins (folic acid, etc.). Biofar Laboratories have brought together the necessary elements to ensure your specific needs as a woman. Indeed:<\/p>\n<ul>\n<li>iron and vitamins B2, B6, B12 and C contribute to<span>\u00a0<\/span><strong>reduce fatigue<\/strong><span>\u00a0<\/span>and normal energy metabolism,<\/li>\n<li>vitamin B9 and iron play a role in<span>\u00a0<\/span><strong>cell division process<\/strong>,<\/li>\n<li>vitamin B9 also participates in the<span>\u00a0<\/span><strong>maternal tissue growth<\/strong><span>\u00a0<\/span><strong>during pregnancy.<\/strong>\n<\/li>\n<\/ul>\n<ul>\n<li>A formula<span>\u00a0<\/span><strong>synergistic<\/strong>.<\/li>\n<li>Ingredients<span>\u00a0<\/span><strong>specific<\/strong><span>\u00a0<\/span>to<span>\u00a0<\/span><strong>female needs<\/strong>.<\/li>\n<li>Iron\u00a0<strong>100 % organic\u00a0<\/strong>for a<span>\u00a0<\/span><strong>optimal bioavailability<\/strong>.<\/li>\n<\/ul>\n<div class=\"uabb-adv-accordion-button uabb-adv-accordion-button5b59bf7b13521 uabb-adv-after-text\">\n<h3 class=\"uabb-adv-accordion-button-label\">DIRECTIONS FOR USE:<\/h3>\n<\/div>\n<div class=\"uabb-adv-accordion-content uabb-adv-accordion-content5b59bf7b13521 fl-clearfix uabb-accordion-desc uabb-text-editor\">\n<p>Iron Folic Acid is a food supplement reserved for adults.<\/p>\n<p>1 tablet per day to be dissolved in a large glass of water, preferably between meals. Avoid consuming tea, coffee or dairy products within one hour before or after taking the tablet to ensure proper absorption.<\/p>\n<p><strong>The plus?<\/strong>\u00a0Just one tablet a day for feminine energy!<\/p>\n<p>Biofar Vital products are<span>\u00a0<\/span><strong>sugar-free, aspartame-free, colorant-free<span>\u00a0<\/span><\/strong>And\u00a0<strong>with a good fruity taste.<\/strong><\/p>\n<p>Ask your pharmacist or doctor for advice.<\/p>\n<\/div>","protected":false},"excerpt":{"rendered":"<p>Biofar Fer Acide Folique Pour L\u2019\u00e9nergie F\u00e9minine Une d\u00e9ficience en fer est fr\u00e9quente chez la femme et peut rapidement conduire \u00e0 une fatigue et un manque d\u2019\u00e9nergie. Chez la femme enceinte particuli\u00e8rement, il est vivement recommand\u00e9 de se suppl\u00e9menter en acide folique pour la bonne croissance du b\u00e9b\u00e9. \u00a0N\u2019attendez plus ! Les Laboratoires Biofar ont [&hellip;]<\/p>\n","protected":false},"featured_media":15725,"template":"","meta":{"om_disable_all_campaigns":false},"product_brand":[],"product_cat":[15],"product_tag":[],"class_list":{"0":"post-15726","1":"product","2":"type-product","3":"status-publish","4":"has-post-thumbnail","6":"product_cat-beaute-sante-complements-alimentaires-soins-et-bien-etre-au-meilleur-prix","8":"first","9":"instock","10":"sale","11":"taxable","12":"shipping-taxable","13":"purchasable","14":"product-type-simple"},"yoast_head":"<!-- This site is optimized with the Yoast SEO plugin v27.3 - https:\/\/yoast.com\/product\/yoast-seo-wordpress\/ -->\n<title>Biofar Fer Acide Folique 20 Comprim\u00e9s - Maroc Prix<\/title>\n<meta name=\"description\" content=\"Biofar Fer Acide Folique 20 Comprim\u00e9s\" \/>\n<meta name=\"robots\" content=\"index, follow, max-snippet:-1, max-image-preview:large, max-video-preview:-1\" \/>\n<link rel=\"canonical\" href=\"https:\/\/vitablanca.ma\/en\/product\/biofar-fer-acide-folique-20-comprimes\/\" \/>\n<meta property=\"og:locale\" content=\"en_US\" \/>\n<meta property=\"og:type\" content=\"article\" \/>\n<meta property=\"og:title\" content=\"Biofar Fer Acide Folique 20 Comprim\u00e9s - Maroc Prix\" \/>\n<meta property=\"og:description\" content=\"Biofar Fer Acide Folique 20 Comprim\u00e9s\" \/>\n<meta property=\"og:url\" content=\"https:\/\/vitablanca.ma\/en\/product\/biofar-fer-acide-folique-20-comprimes\/\" \/>\n<meta property=\"og:site_name\" content=\"Vitablanca.ma &ndash; Sant&eacute;, vitalit&eacute; et bien-&ecirc;tre pour tous les Marocains\" \/>\n<meta property=\"article:publisher\" content=\"https:\/\/www.facebook.com\/profile.php?id=61576678196717\" \/>\n<meta property=\"og:image\" content=\"https:\/\/vitablanca.ma\/wp-content\/uploads\/2025\/06\/Biofar-Fer-Acide-Folique-20-Comprimes-nova-parapharmacie-casablanca.jpg\" \/>\n\t<meta property=\"og:image:width\" content=\"1000\" \/>\n\t<meta property=\"og:image:height\" content=\"1000\" \/>\n\t<meta property=\"og:image:type\" content=\"image\/jpeg\" \/>\n<meta name=\"twitter:card\" content=\"summary_large_image\" \/>\n<meta name=\"twitter:label1\" content=\"Est. reading time\" \/>\n\t<meta name=\"twitter:data1\" content=\"2 minutes\" \/>\n<script type=\"application\/ld+json\" class=\"yoast-schema-graph\">{\"@context\":\"https:\\\/\\\/schema.org\",\"@graph\":[{\"@type\":[\"WebPage\",\"ItemPage\"],\"@id\":\"https:\\\/\\\/vitablanca.ma\\\/produit\\\/biofar-fer-acide-folique-20-comprimes\\\/\",\"url\":\"https:\\\/\\\/vitablanca.ma\\\/produit\\\/biofar-fer-acide-folique-20-comprimes\\\/\",\"name\":\"Biofar Fer Acide Folique 20 Comprim\u00e9s - Maroc Prix\",\"isPartOf\":{\"@id\":\"https:\\\/\\\/vitablanca.ma\\\/#website\"},\"primaryImageOfPage\":{\"@id\":\"https:\\\/\\\/vitablanca.ma\\\/produit\\\/biofar-fer-acide-folique-20-comprimes\\\/#primaryimage\"},\"image\":{\"@id\":\"https:\\\/\\\/vitablanca.ma\\\/produit\\\/biofar-fer-acide-folique-20-comprimes\\\/#primaryimage\"},\"thumbnailUrl\":\"https:\\\/\\\/vitablanca.ma\\\/wp-content\\\/uploads\\\/2025\\\/06\\\/Biofar-Fer-Acide-Folique-20-Comprimes-nova-parapharmacie-casablanca.jpg\",\"datePublished\":\"2025-06-10T16:31:51+00:00\",\"description\":\"Biofar Fer Acide Folique 20 Comprim\u00e9s\",\"breadcrumb\":{\"@id\":\"https:\\\/\\\/vitablanca.ma\\\/produit\\\/biofar-fer-acide-folique-20-comprimes\\\/#breadcrumb\"},\"inLanguage\":\"en-US\",\"potentialAction\":[{\"@type\":\"ReadAction\",\"target\":[\"https:\\\/\\\/vitablanca.ma\\\/produit\\\/biofar-fer-acide-folique-20-comprimes\\\/\"]}]},{\"@type\":\"ImageObject\",\"inLanguage\":\"en-US\",\"@id\":\"https:\\\/\\\/vitablanca.ma\\\/produit\\\/biofar-fer-acide-folique-20-comprimes\\\/#primaryimage\",\"url\":\"https:\\\/\\\/vitablanca.ma\\\/wp-content\\\/uploads\\\/2025\\\/06\\\/Biofar-Fer-Acide-Folique-20-Comprimes-nova-parapharmacie-casablanca.jpg\",\"contentUrl\":\"https:\\\/\\\/vitablanca.ma\\\/wp-content\\\/uploads\\\/2025\\\/06\\\/Biofar-Fer-Acide-Folique-20-Comprimes-nova-parapharmacie-casablanca.jpg\",\"width\":1000,\"height\":1000},{\"@type\":\"BreadcrumbList\",\"@id\":\"https:\\\/\\\/vitablanca.ma\\\/produit\\\/biofar-fer-acide-folique-20-comprimes\\\/#breadcrumb\",\"itemListElement\":[{\"@type\":\"ListItem\",\"position\":1,\"name\":\"Home\",\"item\":\"https:\\\/\\\/vitablanca.ma\\\/\"},{\"@type\":\"ListItem\",\"position\":2,\"name\":\"Tous Les Produits\",\"item\":\"https:\\\/\\\/vitablanca.ma\\\/tous-les-produits\\\/\"},{\"@type\":\"ListItem\",\"position\":3,\"name\":\"Biofar Fer Acide Folique 20 Comprim\u00e9s\"}]},{\"@type\":\"WebSite\",\"@id\":\"https:\\\/\\\/vitablanca.ma\\\/#website\",\"url\":\"https:\\\/\\\/vitablanca.ma\\\/\",\"name\":\"VitaBlanca.ma | Compl\u00e9ments alimentaires, sant\u00e9 & beaut\u00e9 au Maroc\",\"description\":\"vendre vitamines et compl\u00e9ments premium des USA &amp; Canada, Nouvelle Z\u00e9lande,Maroc (NOW Foods, Solgar, Manuka). Livraison rapide partout au Maroc.\",\"publisher\":{\"@id\":\"https:\\\/\\\/vitablanca.ma\\\/#organization\"},\"alternateName\":\"VitaBlanca.ma\",\"potentialAction\":[{\"@type\":\"SearchAction\",\"target\":{\"@type\":\"EntryPoint\",\"urlTemplate\":\"https:\\\/\\\/vitablanca.ma\\\/?s={search_term_string}\"},\"query-input\":{\"@type\":\"PropertyValueSpecification\",\"valueRequired\":true,\"valueName\":\"search_term_string\"}}],\"inLanguage\":\"en-US\"},{\"@type\":\"Organization\",\"@id\":\"https:\\\/\\\/vitablanca.ma\\\/#organization\",\"name\":\"VitaBlanca\",\"url\":\"https:\\\/\\\/vitablanca.ma\\\/\",\"logo\":{\"@type\":\"ImageObject\",\"inLanguage\":\"en-US\",\"@id\":\"https:\\\/\\\/vitablanca.ma\\\/#\\\/schema\\\/logo\\\/image\\\/\",\"url\":\"https:\\\/\\\/vitablanca.ma\\\/wp-content\\\/uploads\\\/2025\\\/05\\\/cropped-vitablanca.png\",\"contentUrl\":\"https:\\\/\\\/vitablanca.ma\\\/wp-content\\\/uploads\\\/2025\\\/05\\\/cropped-vitablanca.png\",\"width\":360,\"height\":67,\"caption\":\"VitaBlanca\"},\"image\":{\"@id\":\"https:\\\/\\\/vitablanca.ma\\\/#\\\/schema\\\/logo\\\/image\\\/\"},\"sameAs\":[\"https:\\\/\\\/www.facebook.com\\\/profile.php?id=61576678196717\",\"https:\\\/\\\/www.tiktok.com\\\/@vitablanca.ma\",\"https:\\\/\\\/www.instagram.com\\\/vitablanca.ma\\\/\"]}]}<\/script>\n<!-- \/ Yoast SEO plugin. -->","yoast_head_json":{"title":"Biofar Iron Folic Acid 20 Tablets - Morocco Price","description":"Biofar Iron Folic Acid 20 Tablets","robots":{"index":"index","follow":"follow","max-snippet":"max-snippet:-1","max-image-preview":"max-image-preview:large","max-video-preview":"max-video-preview:-1"},"canonical":"https:\/\/vitablanca.ma\/en\/product\/biofar-fer-acide-folique-20-comprimes\/","og_locale":"en_US","og_type":"article","og_title":"Biofar Fer Acide Folique 20 Comprim\u00e9s - Maroc Prix","og_description":"Biofar Fer Acide Folique 20 Comprim\u00e9s","og_url":"https:\/\/vitablanca.ma\/en\/product\/biofar-fer-acide-folique-20-comprimes\/","og_site_name":"Vitablanca.ma &ndash; Sant&eacute;, vitalit&eacute; et bien-&ecirc;tre pour tous les Marocains","article_publisher":"https:\/\/www.facebook.com\/profile.php?id=61576678196717","og_image":[{"width":1000,"height":1000,"url":"https:\/\/vitablanca.ma\/wp-content\/uploads\/2025\/06\/Biofar-Fer-Acide-Folique-20-Comprimes-nova-parapharmacie-casablanca.jpg","type":"image\/jpeg"}],"twitter_card":"summary_large_image","twitter_misc":{"Est. reading time":"2 minutes"},"schema":{"@context":"https:\/\/schema.org","@graph":[{"@type":["WebPage","ItemPage"],"@id":"https:\/\/vitablanca.ma\/produit\/biofar-fer-acide-folique-20-comprimes\/","url":"https:\/\/vitablanca.ma\/produit\/biofar-fer-acide-folique-20-comprimes\/","name":"Biofar Iron Folic Acid 20 Tablets - Morocco Price","isPartOf":{"@id":"https:\/\/vitablanca.ma\/#website"},"primaryImageOfPage":{"@id":"https:\/\/vitablanca.ma\/produit\/biofar-fer-acide-folique-20-comprimes\/#primaryimage"},"image":{"@id":"https:\/\/vitablanca.ma\/produit\/biofar-fer-acide-folique-20-comprimes\/#primaryimage"},"thumbnailUrl":"https:\/\/vitablanca.ma\/wp-content\/uploads\/2025\/06\/Biofar-Fer-Acide-Folique-20-Comprimes-nova-parapharmacie-casablanca.jpg","datePublished":"2025-06-10T16:31:51+00:00","description":"Biofar Iron Folic Acid 20 Tablets","breadcrumb":{"@id":"https:\/\/vitablanca.ma\/produit\/biofar-fer-acide-folique-20-comprimes\/#breadcrumb"},"inLanguage":"en-US","potentialAction":[{"@type":"ReadAction","target":["https:\/\/vitablanca.ma\/produit\/biofar-fer-acide-folique-20-comprimes\/"]}]},{"@type":"ImageObject","inLanguage":"en-US","@id":"https:\/\/vitablanca.ma\/produit\/biofar-fer-acide-folique-20-comprimes\/#primaryimage","url":"https:\/\/vitablanca.ma\/wp-content\/uploads\/2025\/06\/Biofar-Fer-Acide-Folique-20-Comprimes-nova-parapharmacie-casablanca.jpg","contentUrl":"https:\/\/vitablanca.ma\/wp-content\/uploads\/2025\/06\/Biofar-Fer-Acide-Folique-20-Comprimes-nova-parapharmacie-casablanca.jpg","width":1000,"height":1000},{"@type":"BreadcrumbList","@id":"https:\/\/vitablanca.ma\/produit\/biofar-fer-acide-folique-20-comprimes\/#breadcrumb","itemListElement":[{"@type":"ListItem","position":1,"name":"Home","item":"https:\/\/vitablanca.ma\/"},{"@type":"ListItem","position":2,"name":"Tous Les Produits","item":"https:\/\/vitablanca.ma\/tous-les-produits\/"},{"@type":"ListItem","position":3,"name":"Biofar Fer Acide Folique 20 Comprim\u00e9s"}]},{"@type":"WebSite","@id":"https:\/\/vitablanca.ma\/#website","url":"https:\/\/vitablanca.ma\/","name":"VitaBlanca.ma | Food supplements, health &amp; beauty in Morocco","description":"sell premium vitamins and supplements from USA &amp; Canada, New Zealand, Morocco (NOW Foods, Solgar, Manuka). Fast delivery anywhere in Morocco.","publisher":{"@id":"https:\/\/vitablanca.ma\/#organization"},"alternateName":"VitaBlanca.ma","potentialAction":[{"@type":"SearchAction","target":{"@type":"EntryPoint","urlTemplate":"https:\/\/vitablanca.ma\/?s={search_term_string}"},"query-input":{"@type":"PropertyValueSpecification","valueRequired":true,"valueName":"search_term_string"}}],"inLanguage":"en-US"},{"@type":"Organization","@id":"https:\/\/vitablanca.ma\/#organization","name":"VitaBlanca","url":"https:\/\/vitablanca.ma\/","logo":{"@type":"ImageObject","inLanguage":"en-US","@id":"https:\/\/vitablanca.ma\/#\/schema\/logo\/image\/","url":"https:\/\/vitablanca.ma\/wp-content\/uploads\/2025\/05\/cropped-vitablanca.png","contentUrl":"https:\/\/vitablanca.ma\/wp-content\/uploads\/2025\/05\/cropped-vitablanca.png","width":360,"height":67,"caption":"VitaBlanca"},"image":{"@id":"https:\/\/vitablanca.ma\/#\/schema\/logo\/image\/"},"sameAs":["https:\/\/www.facebook.com\/profile.php?id=61576678196717","https:\/\/www.tiktok.com\/@vitablanca.ma","https:\/\/www.instagram.com\/vitablanca.ma\/"]}]}},"jetpack_sharing_enabled":true,"_links":{"self":[{"href":"https:\/\/vitablanca.ma\/en\/wp-json\/wp\/v2\/product\/15726","targetHints":{"allow":["GET"]}}],"collection":[{"href":"https:\/\/vitablanca.ma\/en\/wp-json\/wp\/v2\/product"}],"about":[{"href":"https:\/\/vitablanca.ma\/en\/wp-json\/wp\/v2\/types\/product"}],"wp:featuredmedia":[{"embeddable":true,"href":"https:\/\/vitablanca.ma\/en\/wp-json\/wp\/v2\/media\/15725"}],"wp:attachment":[{"href":"https:\/\/vitablanca.ma\/en\/wp-json\/wp\/v2\/media?parent=15726"}],"wp:term":[{"taxonomy":"product_brand","embeddable":true,"href":"https:\/\/vitablanca.ma\/en\/wp-json\/wp\/v2\/product_brand?post=15726"},{"taxonomy":"product_cat","embeddable":true,"href":"https:\/\/vitablanca.ma\/en\/wp-json\/wp\/v2\/product_cat?post=15726"},{"taxonomy":"product_tag","embeddable":true,"href":"https:\/\/vitablanca.ma\/en\/wp-json\/wp\/v2\/product_tag?post=15726"}],"curies":[{"name":"wp","href":"https:\/\/api.w.org\/{rel}","templated":true}]}}