{"id":15712,"date":"2025-06-10T16:31:10","date_gmt":"2025-06-10T16:31:10","guid":{"rendered":"https:\/\/vitablanca.ma\/product\/bioderma-photoderm-brume-invisible-spf50-150ml\/"},"modified":"2026-01-21T18:15:40","modified_gmt":"2026-01-21T18:15:40","slug":"bioderma-photoderm-brume-invisible-spf50-150ml","status":"publish","type":"product","link":"https:\/\/vitablanca.ma\/en\/product\/bioderma-photoderm-brume-invisible-spf50-150ml\/","title":{"rendered":"Bioderma Photoderm Invisible Mist SPF50+ 150ml"},"content":{"rendered":"<h2>Bioderma Photoderm Invisible Mist SPF50+\u00a0<span data-mce-fragment=\"1\">Provides an immediate cooling effect<\/span><br \/>\n<\/h2>\n<p>For the whole family (children over 3 years old)<\/p>\n<p>Benefits<\/p>\n<li><span lang=\"fr\" xml:lang=\"fr\">Guarantees very high UVA\/UVB protection<\/span><\/li>\n<li><span lang=\"fr\" xml:lang=\"fr\">CELL PROTECTION: protects cells from oxidative stress thanks to antioxidant vitamin E<\/span><\/li>\n<li><span lang=\"fr\" xml:lang=\"fr\">8 hours of hydration<\/span><\/li>\n<li><span lang=\"fr\" xml:lang=\"fr\">Provides an immediate cooling effect<\/span><\/li>\n<li><span lang=\"fr\" xml:lang=\"fr\">Easy application, even upside down, without spreading\u00a0<\/span><\/li>\n<p><span lang=\"fr\" xml:lang=\"fr\">For face &amp; body \u2013 Invisible finish \u2013 Non-sticky \u2013 Non-greasy \u2013 Absorbs quickly \u2013 Perfumed \u2013 Very good tolerance \u2013 Non-comedogenic \u2013 Applicable on wet or dry skin \u2013 Very resistant to water and perspiration<br \/><\/span><\/p>\n<h3><span>Directions for use<\/span><\/h3>\n<div class=\"no-treatment\" id=\"div1\">\n<div class=\"no-treatment\" id=\"div1\">\n<p><span lang=\"fr\" xml:lang=\"fr\">Apply several times a day in case of sun exposure. Can be applied to the face and body.<\/span><\/p>\n<ul class=\"step-list\">\n<li>\n<strong>STEP 1:\u00a0<\/strong>Spray generously before sun exposure (a small amount of product reduces the level of sun protection).<\/li>\n<li>\n<strong>STEP 2:\u00a0<\/strong>Reapply after swimming or rubbing.<\/li>\n<li>\n<strong>STEP 3:\u00a0<\/strong>Spray into the palm of your hand before applying to your face.<\/li>\n<\/ul>\n<\/div>\n<div class=\"small\">\n<p><span lang=\"fr\" xml:lang=\"fr\">Avoid contact with fabrics. For children over 3 years old. Keep babies and young children out of the sun. Encourage children to wear protective clothing and use the product on uncovered areas. Overexposure to the sun can be harmful to health. Do not stay in the sun for too long.<\/span><\/p>\n<\/div>\n<\/div>\n<div class=\"small\"><\/div>\n<div id=\"div1\" class=\"no-treatment\">\n<div class=\"small\"><\/div>\n<\/div>","protected":false},"excerpt":{"rendered":"<p>Bioderma Photoderm Brume Invisible SPF50+\u00a0Procure un effet rafra\u00eechissant imm\u00e9diat Pour toute la famille (enfants de plus de 3\u00a0ans) B\u00e9n\u00e9fices Garantit une tr\u00e8s haute protection UVA\/UVB PROTECTION CELLULAIRE : prot\u00e8ge les cellules du stress oxydatif gr\u00e2ce \u00e0 la vitamine E antioxydante 8h d&rsquo;hydratation Procure un effet rafra\u00eechissant imm\u00e9diat Application facile, m\u00eame \u00e0 l&rsquo;envers, sans \u00e9talement\u00a0 Pour [&hellip;]<\/p>\n","protected":false},"featured_media":15711,"template":"","meta":{"om_disable_all_campaigns":false},"product_brand":[5990],"product_cat":[18,15],"product_tag":[5991,5992],"class_list":{"0":"post-15712","1":"product","2":"type-product","3":"status-publish","4":"has-post-thumbnail","6":"product_brand-bioderma-original-maroc-au-meilleur-prix","7":"product_cat-beaute-sante","8":"product_cat-beaute-sante-complements-alimentaires-soins-et-bien-etre-au-meilleur-prix","9":"product_tag-bioderma","10":"product_tag-bioderma-maroc","12":"first","13":"instock","14":"sale","15":"taxable","16":"shipping-taxable","17":"purchasable","18":"product-type-simple"},"yoast_head":"<!-- This site is optimized with the Yoast SEO plugin v27.5 - https:\/\/yoast.com\/product\/yoast-seo-wordpress\/ -->\n<title>Bioderma Photoderm Brume Invisible SPF50+ 150ml - Maroc Prix<\/title>\n<meta name=\"description\" content=\"Bioderma Photoderm Brume Invisible SPF50+ 150ml\" \/>\n<meta name=\"robots\" content=\"index, follow, max-snippet:-1, max-image-preview:large, max-video-preview:-1\" \/>\n<link rel=\"canonical\" href=\"https:\/\/vitablanca.ma\/en\/product\/bioderma-photoderm-brume-invisible-spf50-150ml\/\" \/>\n<meta property=\"og:locale\" content=\"en_US\" \/>\n<meta property=\"og:type\" content=\"article\" \/>\n<meta property=\"og:title\" content=\"Bioderma Photoderm Brume Invisible SPF50+ 150ml - Maroc Prix\" \/>\n<meta property=\"og:description\" content=\"Bioderma Photoderm Brume Invisible SPF50+ 150ml\" \/>\n<meta property=\"og:url\" content=\"https:\/\/vitablanca.ma\/en\/product\/bioderma-photoderm-brume-invisible-spf50-150ml\/\" \/>\n<meta property=\"og:site_name\" content=\"Vitablanca.ma &ndash; Sant&eacute;, vitalit&eacute; et bien-&ecirc;tre pour tous les Marocains\" \/>\n<meta property=\"article:publisher\" content=\"https:\/\/www.facebook.com\/profile.php?id=61576678196717\" \/>\n<meta property=\"article:modified_time\" content=\"2026-01-21T18:15:40+00:00\" \/>\n<meta property=\"og:image\" content=\"https:\/\/vitablanca.ma\/wp-content\/uploads\/2025\/06\/Bioderma-Photoderm-Brume-Invisible-SPF50_-150ml-Nova-para-prix-Maroc.jpg\" \/>\n\t<meta property=\"og:image:width\" content=\"1000\" \/>\n\t<meta property=\"og:image:height\" content=\"1000\" \/>\n\t<meta property=\"og:image:type\" content=\"image\/jpeg\" \/>\n<meta name=\"twitter:card\" content=\"summary_large_image\" \/>\n<meta name=\"twitter:label1\" content=\"Est. reading time\" \/>\n\t<meta name=\"twitter:data1\" content=\"1 minute\" \/>\n<script type=\"application\/ld+json\" class=\"yoast-schema-graph\">{\"@context\":\"https:\\\/\\\/schema.org\",\"@graph\":[{\"@type\":[\"WebPage\",\"ItemPage\"],\"@id\":\"https:\\\/\\\/vitablanca.ma\\\/produit\\\/bioderma-photoderm-brume-invisible-spf50-150ml\\\/\",\"url\":\"https:\\\/\\\/vitablanca.ma\\\/produit\\\/bioderma-photoderm-brume-invisible-spf50-150ml\\\/\",\"name\":\"Bioderma Photoderm Brume Invisible SPF50+ 150ml - Maroc Prix\",\"isPartOf\":{\"@id\":\"https:\\\/\\\/vitablanca.ma\\\/#website\"},\"primaryImageOfPage\":{\"@id\":\"https:\\\/\\\/vitablanca.ma\\\/produit\\\/bioderma-photoderm-brume-invisible-spf50-150ml\\\/#primaryimage\"},\"image\":{\"@id\":\"https:\\\/\\\/vitablanca.ma\\\/produit\\\/bioderma-photoderm-brume-invisible-spf50-150ml\\\/#primaryimage\"},\"thumbnailUrl\":\"https:\\\/\\\/vitablanca.ma\\\/wp-content\\\/uploads\\\/2025\\\/06\\\/Bioderma-Photoderm-Brume-Invisible-SPF50_-150ml-Nova-para-prix-Maroc.jpg\",\"datePublished\":\"2025-06-10T16:31:10+00:00\",\"dateModified\":\"2026-01-21T18:15:40+00:00\",\"description\":\"Bioderma Photoderm Brume Invisible SPF50+ 150ml\",\"breadcrumb\":{\"@id\":\"https:\\\/\\\/vitablanca.ma\\\/produit\\\/bioderma-photoderm-brume-invisible-spf50-150ml\\\/#breadcrumb\"},\"inLanguage\":\"en-US\",\"potentialAction\":[{\"@type\":\"ReadAction\",\"target\":[\"https:\\\/\\\/vitablanca.ma\\\/produit\\\/bioderma-photoderm-brume-invisible-spf50-150ml\\\/\"]}]},{\"@type\":\"ImageObject\",\"inLanguage\":\"en-US\",\"@id\":\"https:\\\/\\\/vitablanca.ma\\\/produit\\\/bioderma-photoderm-brume-invisible-spf50-150ml\\\/#primaryimage\",\"url\":\"https:\\\/\\\/vitablanca.ma\\\/wp-content\\\/uploads\\\/2025\\\/06\\\/Bioderma-Photoderm-Brume-Invisible-SPF50_-150ml-Nova-para-prix-Maroc.jpg\",\"contentUrl\":\"https:\\\/\\\/vitablanca.ma\\\/wp-content\\\/uploads\\\/2025\\\/06\\\/Bioderma-Photoderm-Brume-Invisible-SPF50_-150ml-Nova-para-prix-Maroc.jpg\",\"width\":1000,\"height\":1000},{\"@type\":\"BreadcrumbList\",\"@id\":\"https:\\\/\\\/vitablanca.ma\\\/produit\\\/bioderma-photoderm-brume-invisible-spf50-150ml\\\/#breadcrumb\",\"itemListElement\":[{\"@type\":\"ListItem\",\"position\":1,\"name\":\"Home\",\"item\":\"https:\\\/\\\/vitablanca.ma\\\/\"},{\"@type\":\"ListItem\",\"position\":2,\"name\":\"Tous Les Produits\",\"item\":\"https:\\\/\\\/vitablanca.ma\\\/tous-les-produits\\\/\"},{\"@type\":\"ListItem\",\"position\":3,\"name\":\"Bioderma Photoderm Brume Invisible SPF50+ 150ml\"}]},{\"@type\":\"WebSite\",\"@id\":\"https:\\\/\\\/vitablanca.ma\\\/#website\",\"url\":\"https:\\\/\\\/vitablanca.ma\\\/\",\"name\":\"VitaBlanca.ma | Compl\u00e9ments alimentaires, sant\u00e9 & beaut\u00e9 au Maroc\",\"description\":\"vendre vitamines et compl\u00e9ments premium des USA &amp; Canada, Nouvelle Z\u00e9lande,Maroc (NOW Foods, Solgar, Manuka). Livraison rapide partout au Maroc.\",\"publisher\":{\"@id\":\"https:\\\/\\\/vitablanca.ma\\\/#organization\"},\"alternateName\":\"VitaBlanca.ma\",\"potentialAction\":[{\"@type\":\"SearchAction\",\"target\":{\"@type\":\"EntryPoint\",\"urlTemplate\":\"https:\\\/\\\/vitablanca.ma\\\/?s={search_term_string}\"},\"query-input\":{\"@type\":\"PropertyValueSpecification\",\"valueRequired\":true,\"valueName\":\"search_term_string\"}}],\"inLanguage\":\"en-US\"},{\"@type\":\"Organization\",\"@id\":\"https:\\\/\\\/vitablanca.ma\\\/#organization\",\"name\":\"VitaBlanca\",\"url\":\"https:\\\/\\\/vitablanca.ma\\\/\",\"logo\":{\"@type\":\"ImageObject\",\"inLanguage\":\"en-US\",\"@id\":\"https:\\\/\\\/vitablanca.ma\\\/#\\\/schema\\\/logo\\\/image\\\/\",\"url\":\"https:\\\/\\\/vitablanca.ma\\\/wp-content\\\/uploads\\\/2025\\\/05\\\/cropped-vitablanca.png\",\"contentUrl\":\"https:\\\/\\\/vitablanca.ma\\\/wp-content\\\/uploads\\\/2025\\\/05\\\/cropped-vitablanca.png\",\"width\":360,\"height\":67,\"caption\":\"VitaBlanca\"},\"image\":{\"@id\":\"https:\\\/\\\/vitablanca.ma\\\/#\\\/schema\\\/logo\\\/image\\\/\"},\"sameAs\":[\"https:\\\/\\\/www.facebook.com\\\/profile.php?id=61576678196717\",\"https:\\\/\\\/www.tiktok.com\\\/@vitablanca.ma\",\"https:\\\/\\\/www.instagram.com\\\/vitablanca.ma\\\/\"]}]}<\/script>\n<!-- \/ Yoast SEO plugin. -->","yoast_head_json":{"title":"Bioderma Photoderm Invisible Mist SPF50+ 150ml - Morocco Price","description":"Bioderma Photoderm Invisible Mist SPF50+ 150ml","robots":{"index":"index","follow":"follow","max-snippet":"max-snippet:-1","max-image-preview":"max-image-preview:large","max-video-preview":"max-video-preview:-1"},"canonical":"https:\/\/vitablanca.ma\/en\/product\/bioderma-photoderm-brume-invisible-spf50-150ml\/","og_locale":"en_US","og_type":"article","og_title":"Bioderma Photoderm Brume Invisible SPF50+ 150ml - Maroc Prix","og_description":"Bioderma Photoderm Brume Invisible SPF50+ 150ml","og_url":"https:\/\/vitablanca.ma\/en\/product\/bioderma-photoderm-brume-invisible-spf50-150ml\/","og_site_name":"Vitablanca.ma &ndash; Sant&eacute;, vitalit&eacute; et bien-&ecirc;tre pour tous les Marocains","article_publisher":"https:\/\/www.facebook.com\/profile.php?id=61576678196717","article_modified_time":"2026-01-21T18:15:40+00:00","og_image":[{"width":1000,"height":1000,"url":"https:\/\/vitablanca.ma\/wp-content\/uploads\/2025\/06\/Bioderma-Photoderm-Brume-Invisible-SPF50_-150ml-Nova-para-prix-Maroc.jpg","type":"image\/jpeg"}],"twitter_card":"summary_large_image","twitter_misc":{"Est. reading time":"1 minute"},"schema":{"@context":"https:\/\/schema.org","@graph":[{"@type":["WebPage","ItemPage"],"@id":"https:\/\/vitablanca.ma\/produit\/bioderma-photoderm-brume-invisible-spf50-150ml\/","url":"https:\/\/vitablanca.ma\/produit\/bioderma-photoderm-brume-invisible-spf50-150ml\/","name":"Bioderma Photoderm Invisible Mist SPF50+ 150ml - Morocco Price","isPartOf":{"@id":"https:\/\/vitablanca.ma\/#website"},"primaryImageOfPage":{"@id":"https:\/\/vitablanca.ma\/produit\/bioderma-photoderm-brume-invisible-spf50-150ml\/#primaryimage"},"image":{"@id":"https:\/\/vitablanca.ma\/produit\/bioderma-photoderm-brume-invisible-spf50-150ml\/#primaryimage"},"thumbnailUrl":"https:\/\/vitablanca.ma\/wp-content\/uploads\/2025\/06\/Bioderma-Photoderm-Brume-Invisible-SPF50_-150ml-Nova-para-prix-Maroc.jpg","datePublished":"2025-06-10T16:31:10+00:00","dateModified":"2026-01-21T18:15:40+00:00","description":"Bioderma Photoderm Invisible Mist SPF50+ 150ml","breadcrumb":{"@id":"https:\/\/vitablanca.ma\/produit\/bioderma-photoderm-brume-invisible-spf50-150ml\/#breadcrumb"},"inLanguage":"en-US","potentialAction":[{"@type":"ReadAction","target":["https:\/\/vitablanca.ma\/produit\/bioderma-photoderm-brume-invisible-spf50-150ml\/"]}]},{"@type":"ImageObject","inLanguage":"en-US","@id":"https:\/\/vitablanca.ma\/produit\/bioderma-photoderm-brume-invisible-spf50-150ml\/#primaryimage","url":"https:\/\/vitablanca.ma\/wp-content\/uploads\/2025\/06\/Bioderma-Photoderm-Brume-Invisible-SPF50_-150ml-Nova-para-prix-Maroc.jpg","contentUrl":"https:\/\/vitablanca.ma\/wp-content\/uploads\/2025\/06\/Bioderma-Photoderm-Brume-Invisible-SPF50_-150ml-Nova-para-prix-Maroc.jpg","width":1000,"height":1000},{"@type":"BreadcrumbList","@id":"https:\/\/vitablanca.ma\/produit\/bioderma-photoderm-brume-invisible-spf50-150ml\/#breadcrumb","itemListElement":[{"@type":"ListItem","position":1,"name":"Home","item":"https:\/\/vitablanca.ma\/"},{"@type":"ListItem","position":2,"name":"Tous Les Produits","item":"https:\/\/vitablanca.ma\/tous-les-produits\/"},{"@type":"ListItem","position":3,"name":"Bioderma Photoderm Brume Invisible SPF50+ 150ml"}]},{"@type":"WebSite","@id":"https:\/\/vitablanca.ma\/#website","url":"https:\/\/vitablanca.ma\/","name":"VitaBlanca.ma | Food supplements, health &amp; beauty in Morocco","description":"sell premium vitamins and supplements from USA &amp; Canada, New Zealand, Morocco (NOW Foods, Solgar, Manuka). Fast delivery anywhere in Morocco.","publisher":{"@id":"https:\/\/vitablanca.ma\/#organization"},"alternateName":"VitaBlanca.ma","potentialAction":[{"@type":"SearchAction","target":{"@type":"EntryPoint","urlTemplate":"https:\/\/vitablanca.ma\/?s={search_term_string}"},"query-input":{"@type":"PropertyValueSpecification","valueRequired":true,"valueName":"search_term_string"}}],"inLanguage":"en-US"},{"@type":"Organization","@id":"https:\/\/vitablanca.ma\/#organization","name":"VitaBlanca","url":"https:\/\/vitablanca.ma\/","logo":{"@type":"ImageObject","inLanguage":"en-US","@id":"https:\/\/vitablanca.ma\/#\/schema\/logo\/image\/","url":"https:\/\/vitablanca.ma\/wp-content\/uploads\/2025\/05\/cropped-vitablanca.png","contentUrl":"https:\/\/vitablanca.ma\/wp-content\/uploads\/2025\/05\/cropped-vitablanca.png","width":360,"height":67,"caption":"VitaBlanca"},"image":{"@id":"https:\/\/vitablanca.ma\/#\/schema\/logo\/image\/"},"sameAs":["https:\/\/www.facebook.com\/profile.php?id=61576678196717","https:\/\/www.tiktok.com\/@vitablanca.ma","https:\/\/www.instagram.com\/vitablanca.ma\/"]}]}},"jetpack_sharing_enabled":true,"_links":{"self":[{"href":"https:\/\/vitablanca.ma\/en\/wp-json\/wp\/v2\/product\/15712","targetHints":{"allow":["GET"]}}],"collection":[{"href":"https:\/\/vitablanca.ma\/en\/wp-json\/wp\/v2\/product"}],"about":[{"href":"https:\/\/vitablanca.ma\/en\/wp-json\/wp\/v2\/types\/product"}],"wp:featuredmedia":[{"embeddable":true,"href":"https:\/\/vitablanca.ma\/en\/wp-json\/wp\/v2\/media\/15711"}],"wp:attachment":[{"href":"https:\/\/vitablanca.ma\/en\/wp-json\/wp\/v2\/media?parent=15712"}],"wp:term":[{"taxonomy":"product_brand","embeddable":true,"href":"https:\/\/vitablanca.ma\/en\/wp-json\/wp\/v2\/product_brand?post=15712"},{"taxonomy":"product_cat","embeddable":true,"href":"https:\/\/vitablanca.ma\/en\/wp-json\/wp\/v2\/product_cat?post=15712"},{"taxonomy":"product_tag","embeddable":true,"href":"https:\/\/vitablanca.ma\/en\/wp-json\/wp\/v2\/product_tag?post=15712"}],"curies":[{"name":"wp","href":"https:\/\/api.w.org\/{rel}","templated":true}]}}