{"id":15681,"date":"2025-06-10T16:06:38","date_gmt":"2025-06-10T16:06:38","guid":{"rendered":"https:\/\/vitablanca.ma\/product\/bioderma-photoderm-ecran-fluide-max-spf100-40ml\/"},"modified":"2026-01-21T18:15:42","modified_gmt":"2026-01-21T18:15:42","slug":"bioderma-photoderm-ecran-fluide-max-spf100-40ml","status":"publish","type":"product","link":"https:\/\/vitablanca.ma\/en\/product\/bioderma-photoderm-ecran-fluide-max-spf100-40ml\/","title":{"rendered":"Bioderma Photoderm Max fluid screen spf100 40ml"},"content":{"rendered":"<h1>Bioderma Photoderm Max fluid screen spf100 40ml<\/h1>\n<div class=\"product-section\">\n<div class=\"row\">\n<div class=\"large-10 col pb-0 mb-0\">\n<div class=\"panel entry-content\">\n<p><span>Bioderma Photoderm Max Light Tinted Cream provides maximum tinted facial photoprotection for pathological skin:<\/span><br \/><span>\u2013 Skin intolerant to all types of sunlight (photosensitive), mild summer intolerances.<\/span><br \/><span>\u2013 milky skin dotted with freckles or ephelides (phototype I) and exposed to maximum sunlight (glaciers, tropics).<\/span><br \/><span>\u2013 skin hyperreactive to the sun: pregnant women (pregnancy mask or chloasma), scars).<\/span><br \/><span>\u2013 camouflage of pigmentation disorders and SKIN IMPERFECTIONS.<\/span><br \/><span>Perfectly suited to DRY skin.<\/span><br \/><span>On the one hand, its new filtering system, the result of BIODERMA research, guarantees consistent and consistent protection against UVA and UVB rays. Its unrivaled &quot;extreme anti-UVA&quot; performance fights premature skin aging and prevents sun intolerance. Its MAXimal anti-UVB effectiveness safely protects against sunburn and therefore the potential dangers that repeated exposure causes in the long term.<\/span><br \/><span>On the other hand, its patented BIOprotection\u00ae Cellulaire complex directly protects cells from the harmful effects of UV rays by stimulating the skin&#039;s active defenses and preserving its DNA.<\/span><br \/><span>Its silky, ultra-light texture leaves the skin feeling extremely comfortable and soft. It spreads very easily without leaving a greasy film.<\/span><\/p>\n<h3><span><strong>Directions for Use:<\/strong><\/span><\/h3>\n<p><span>Emulsion to be applied evenly in a thin layer on the skin.<\/span><br \/><span>Reapply regularly in case of removal (rubbing, wiping, etc.).<\/span><\/p>\n<h3><strong>Ingredients :<\/strong><\/h3>\n<\/div>\n<\/div>\n<\/div>\n<\/div>\n<div class=\"product-section\">\n<div class=\"row\">\n<div class=\"large-10 col pb-0 mb-0\">\n<div class=\"panel entry-content\">\n<div id=\"reviews\" class=\"woocommerce-Reviews row\">\n<div id=\"comments\" class=\"col large-12\"><span>Aqua, Dicaprylyl Carbonate, Methylene Bis-Benzotriazolyl Tetramethylbutylphenol, Butyl Methoxydibenzoylmethane, Ethylhexyl Triazone, 4-Methylbenzylidene Camphor, Cyclomethicone, Dimethiconol Behenate, Dimethicone, Potassium Cetyl Phosphate, Trimethylsiloxysilicate, Glyceryl Stearate, PEG-100 Stearate, Tocopheryl Acetate, Ectoin, Mannitol, Decyl Glucoside, Butylcarbamate, Butylparaben, Methylparaben.<\/span><\/div>\n<\/div>\n<\/div>\n<\/div>\n<\/div>\n<\/div>","protected":false},"excerpt":{"rendered":"<p>Bioderma Photoderm Ecran fluide Max spf100 40ml Bioderma Photoderm Max Cr\u00e8me Teint\u00e9\u00a0Claire assure une photoprotection maximale teint\u00e9e du visage pour les peaux pathologiques :&#8211; Les peaux intol\u00e9rantes \u00e0 tous types d&rsquo;ensoleillement ( photosensibles ), intol\u00e9rances estivales b\u00e9nignes.&#8211; les peaux laiteuses ponctu\u00e9es de taches de rousseur ou \u00e9ph\u00e9lides ( phototype I ) et soumises \u00e0 un [&hellip;]<\/p>\n","protected":false},"featured_media":15680,"template":"","meta":{"om_disable_all_campaigns":false},"product_brand":[5990],"product_cat":[18,15],"product_tag":[5991,5992],"class_list":{"0":"post-15681","1":"product","2":"type-product","3":"status-publish","4":"has-post-thumbnail","6":"product_brand-bioderma-original-maroc-au-meilleur-prix","7":"product_cat-beaute-sante","8":"product_cat-beaute-sante-complements-alimentaires-soins-et-bien-etre-au-meilleur-prix","9":"product_tag-bioderma","10":"product_tag-bioderma-maroc","12":"first","13":"instock","14":"sale","15":"taxable","16":"shipping-taxable","17":"purchasable","18":"product-type-simple"},"yoast_head":"<!-- This site is optimized with the Yoast SEO plugin v27.4 - https:\/\/yoast.com\/product\/yoast-seo-wordpress\/ -->\n<title>Bioderma Photoderm Ecran fluide Max spf100 40ml - Maroc Prix<\/title>\n<meta name=\"description\" content=\"Bioderma Photoderm Ecran fluide Max spf100 40ml\" \/>\n<meta name=\"robots\" content=\"index, follow, max-snippet:-1, max-image-preview:large, max-video-preview:-1\" \/>\n<link rel=\"canonical\" href=\"https:\/\/vitablanca.ma\/en\/product\/bioderma-photoderm-ecran-fluide-max-spf100-40ml\/\" \/>\n<meta property=\"og:locale\" content=\"en_US\" \/>\n<meta property=\"og:type\" content=\"article\" \/>\n<meta property=\"og:title\" content=\"Bioderma Photoderm Ecran fluide Max spf100 40ml - Maroc Prix\" \/>\n<meta property=\"og:description\" content=\"Bioderma Photoderm Ecran fluide Max spf100 40ml\" \/>\n<meta property=\"og:url\" content=\"https:\/\/vitablanca.ma\/en\/product\/bioderma-photoderm-ecran-fluide-max-spf100-40ml\/\" \/>\n<meta property=\"og:site_name\" content=\"Vitablanca.ma &ndash; Sant&eacute;, vitalit&eacute; et bien-&ecirc;tre pour tous les Marocains\" \/>\n<meta property=\"article:publisher\" content=\"https:\/\/www.facebook.com\/profile.php?id=61576678196717\" \/>\n<meta property=\"article:modified_time\" content=\"2026-01-21T18:15:42+00:00\" \/>\n<meta property=\"og:image\" content=\"https:\/\/vitablanca.ma\/wp-content\/uploads\/2025\/06\/BiodermaPhotodermEcranfluideMaxspf10040ml.png\" \/>\n\t<meta property=\"og:image:width\" content=\"1000\" \/>\n\t<meta property=\"og:image:height\" content=\"1000\" \/>\n\t<meta property=\"og:image:type\" content=\"image\/png\" \/>\n<meta name=\"twitter:card\" content=\"summary_large_image\" \/>\n<meta name=\"twitter:label1\" content=\"Est. reading time\" \/>\n\t<meta name=\"twitter:data1\" content=\"2 minutes\" \/>\n<script type=\"application\/ld+json\" class=\"yoast-schema-graph\">{\"@context\":\"https:\\\/\\\/schema.org\",\"@graph\":[{\"@type\":[\"WebPage\",\"ItemPage\"],\"@id\":\"https:\\\/\\\/vitablanca.ma\\\/produit\\\/bioderma-photoderm-ecran-fluide-max-spf100-40ml\\\/\",\"url\":\"https:\\\/\\\/vitablanca.ma\\\/produit\\\/bioderma-photoderm-ecran-fluide-max-spf100-40ml\\\/\",\"name\":\"Bioderma Photoderm Ecran fluide Max spf100 40ml - Maroc Prix\",\"isPartOf\":{\"@id\":\"https:\\\/\\\/vitablanca.ma\\\/#website\"},\"primaryImageOfPage\":{\"@id\":\"https:\\\/\\\/vitablanca.ma\\\/produit\\\/bioderma-photoderm-ecran-fluide-max-spf100-40ml\\\/#primaryimage\"},\"image\":{\"@id\":\"https:\\\/\\\/vitablanca.ma\\\/produit\\\/bioderma-photoderm-ecran-fluide-max-spf100-40ml\\\/#primaryimage\"},\"thumbnailUrl\":\"https:\\\/\\\/vitablanca.ma\\\/wp-content\\\/uploads\\\/2025\\\/06\\\/BiodermaPhotodermEcranfluideMaxspf10040ml.png\",\"datePublished\":\"2025-06-10T16:06:38+00:00\",\"dateModified\":\"2026-01-21T18:15:42+00:00\",\"description\":\"Bioderma Photoderm Ecran fluide Max spf100 40ml\",\"breadcrumb\":{\"@id\":\"https:\\\/\\\/vitablanca.ma\\\/produit\\\/bioderma-photoderm-ecran-fluide-max-spf100-40ml\\\/#breadcrumb\"},\"inLanguage\":\"en-US\",\"potentialAction\":[{\"@type\":\"ReadAction\",\"target\":[\"https:\\\/\\\/vitablanca.ma\\\/produit\\\/bioderma-photoderm-ecran-fluide-max-spf100-40ml\\\/\"]}]},{\"@type\":\"ImageObject\",\"inLanguage\":\"en-US\",\"@id\":\"https:\\\/\\\/vitablanca.ma\\\/produit\\\/bioderma-photoderm-ecran-fluide-max-spf100-40ml\\\/#primaryimage\",\"url\":\"https:\\\/\\\/vitablanca.ma\\\/wp-content\\\/uploads\\\/2025\\\/06\\\/BiodermaPhotodermEcranfluideMaxspf10040ml.png\",\"contentUrl\":\"https:\\\/\\\/vitablanca.ma\\\/wp-content\\\/uploads\\\/2025\\\/06\\\/BiodermaPhotodermEcranfluideMaxspf10040ml.png\",\"width\":1000,\"height\":1000},{\"@type\":\"BreadcrumbList\",\"@id\":\"https:\\\/\\\/vitablanca.ma\\\/produit\\\/bioderma-photoderm-ecran-fluide-max-spf100-40ml\\\/#breadcrumb\",\"itemListElement\":[{\"@type\":\"ListItem\",\"position\":1,\"name\":\"Home\",\"item\":\"https:\\\/\\\/vitablanca.ma\\\/\"},{\"@type\":\"ListItem\",\"position\":2,\"name\":\"Tous Les Produits\",\"item\":\"https:\\\/\\\/vitablanca.ma\\\/tous-les-produits\\\/\"},{\"@type\":\"ListItem\",\"position\":3,\"name\":\"Bioderma Photoderm Ecran fluide Max spf100 40ml\"}]},{\"@type\":\"WebSite\",\"@id\":\"https:\\\/\\\/vitablanca.ma\\\/#website\",\"url\":\"https:\\\/\\\/vitablanca.ma\\\/\",\"name\":\"VitaBlanca.ma | Compl\u00e9ments alimentaires, sant\u00e9 & beaut\u00e9 au Maroc\",\"description\":\"vendre vitamines et compl\u00e9ments premium des USA &amp; Canada, Nouvelle Z\u00e9lande,Maroc (NOW Foods, Solgar, Manuka). Livraison rapide partout au Maroc.\",\"publisher\":{\"@id\":\"https:\\\/\\\/vitablanca.ma\\\/#organization\"},\"alternateName\":\"VitaBlanca.ma\",\"potentialAction\":[{\"@type\":\"SearchAction\",\"target\":{\"@type\":\"EntryPoint\",\"urlTemplate\":\"https:\\\/\\\/vitablanca.ma\\\/?s={search_term_string}\"},\"query-input\":{\"@type\":\"PropertyValueSpecification\",\"valueRequired\":true,\"valueName\":\"search_term_string\"}}],\"inLanguage\":\"en-US\"},{\"@type\":\"Organization\",\"@id\":\"https:\\\/\\\/vitablanca.ma\\\/#organization\",\"name\":\"VitaBlanca\",\"url\":\"https:\\\/\\\/vitablanca.ma\\\/\",\"logo\":{\"@type\":\"ImageObject\",\"inLanguage\":\"en-US\",\"@id\":\"https:\\\/\\\/vitablanca.ma\\\/#\\\/schema\\\/logo\\\/image\\\/\",\"url\":\"https:\\\/\\\/vitablanca.ma\\\/wp-content\\\/uploads\\\/2025\\\/05\\\/cropped-vitablanca.png\",\"contentUrl\":\"https:\\\/\\\/vitablanca.ma\\\/wp-content\\\/uploads\\\/2025\\\/05\\\/cropped-vitablanca.png\",\"width\":360,\"height\":67,\"caption\":\"VitaBlanca\"},\"image\":{\"@id\":\"https:\\\/\\\/vitablanca.ma\\\/#\\\/schema\\\/logo\\\/image\\\/\"},\"sameAs\":[\"https:\\\/\\\/www.facebook.com\\\/profile.php?id=61576678196717\",\"https:\\\/\\\/www.tiktok.com\\\/@vitablanca.ma\",\"https:\\\/\\\/www.instagram.com\\\/vitablanca.ma\\\/\"]}]}<\/script>\n<!-- \/ Yoast SEO plugin. -->","yoast_head_json":{"title":"Bioderma Photoderm Max fluid screen spf100 40ml - Morocco Price","description":"Bioderma Photoderm Max fluid screen spf100 40ml","robots":{"index":"index","follow":"follow","max-snippet":"max-snippet:-1","max-image-preview":"max-image-preview:large","max-video-preview":"max-video-preview:-1"},"canonical":"https:\/\/vitablanca.ma\/en\/product\/bioderma-photoderm-ecran-fluide-max-spf100-40ml\/","og_locale":"en_US","og_type":"article","og_title":"Bioderma Photoderm Ecran fluide Max spf100 40ml - Maroc Prix","og_description":"Bioderma Photoderm Ecran fluide Max spf100 40ml","og_url":"https:\/\/vitablanca.ma\/en\/product\/bioderma-photoderm-ecran-fluide-max-spf100-40ml\/","og_site_name":"Vitablanca.ma &ndash; Sant&eacute;, vitalit&eacute; et bien-&ecirc;tre pour tous les Marocains","article_publisher":"https:\/\/www.facebook.com\/profile.php?id=61576678196717","article_modified_time":"2026-01-21T18:15:42+00:00","og_image":[{"width":1000,"height":1000,"url":"https:\/\/vitablanca.ma\/wp-content\/uploads\/2025\/06\/BiodermaPhotodermEcranfluideMaxspf10040ml.png","type":"image\/png"}],"twitter_card":"summary_large_image","twitter_misc":{"Est. reading time":"2 minutes"},"schema":{"@context":"https:\/\/schema.org","@graph":[{"@type":["WebPage","ItemPage"],"@id":"https:\/\/vitablanca.ma\/produit\/bioderma-photoderm-ecran-fluide-max-spf100-40ml\/","url":"https:\/\/vitablanca.ma\/produit\/bioderma-photoderm-ecran-fluide-max-spf100-40ml\/","name":"Bioderma Photoderm Max fluid screen spf100 40ml - Morocco Price","isPartOf":{"@id":"https:\/\/vitablanca.ma\/#website"},"primaryImageOfPage":{"@id":"https:\/\/vitablanca.ma\/produit\/bioderma-photoderm-ecran-fluide-max-spf100-40ml\/#primaryimage"},"image":{"@id":"https:\/\/vitablanca.ma\/produit\/bioderma-photoderm-ecran-fluide-max-spf100-40ml\/#primaryimage"},"thumbnailUrl":"https:\/\/vitablanca.ma\/wp-content\/uploads\/2025\/06\/BiodermaPhotodermEcranfluideMaxspf10040ml.png","datePublished":"2025-06-10T16:06:38+00:00","dateModified":"2026-01-21T18:15:42+00:00","description":"Bioderma Photoderm Max fluid screen spf100 40ml","breadcrumb":{"@id":"https:\/\/vitablanca.ma\/produit\/bioderma-photoderm-ecran-fluide-max-spf100-40ml\/#breadcrumb"},"inLanguage":"en-US","potentialAction":[{"@type":"ReadAction","target":["https:\/\/vitablanca.ma\/produit\/bioderma-photoderm-ecran-fluide-max-spf100-40ml\/"]}]},{"@type":"ImageObject","inLanguage":"en-US","@id":"https:\/\/vitablanca.ma\/produit\/bioderma-photoderm-ecran-fluide-max-spf100-40ml\/#primaryimage","url":"https:\/\/vitablanca.ma\/wp-content\/uploads\/2025\/06\/BiodermaPhotodermEcranfluideMaxspf10040ml.png","contentUrl":"https:\/\/vitablanca.ma\/wp-content\/uploads\/2025\/06\/BiodermaPhotodermEcranfluideMaxspf10040ml.png","width":1000,"height":1000},{"@type":"BreadcrumbList","@id":"https:\/\/vitablanca.ma\/produit\/bioderma-photoderm-ecran-fluide-max-spf100-40ml\/#breadcrumb","itemListElement":[{"@type":"ListItem","position":1,"name":"Home","item":"https:\/\/vitablanca.ma\/"},{"@type":"ListItem","position":2,"name":"Tous Les Produits","item":"https:\/\/vitablanca.ma\/tous-les-produits\/"},{"@type":"ListItem","position":3,"name":"Bioderma Photoderm Ecran fluide Max spf100 40ml"}]},{"@type":"WebSite","@id":"https:\/\/vitablanca.ma\/#website","url":"https:\/\/vitablanca.ma\/","name":"VitaBlanca.ma | Food supplements, health &amp; beauty in Morocco","description":"sell premium vitamins and supplements from USA &amp; Canada, New Zealand, Morocco (NOW Foods, Solgar, Manuka). Fast delivery anywhere in Morocco.","publisher":{"@id":"https:\/\/vitablanca.ma\/#organization"},"alternateName":"VitaBlanca.ma","potentialAction":[{"@type":"SearchAction","target":{"@type":"EntryPoint","urlTemplate":"https:\/\/vitablanca.ma\/?s={search_term_string}"},"query-input":{"@type":"PropertyValueSpecification","valueRequired":true,"valueName":"search_term_string"}}],"inLanguage":"en-US"},{"@type":"Organization","@id":"https:\/\/vitablanca.ma\/#organization","name":"VitaBlanca","url":"https:\/\/vitablanca.ma\/","logo":{"@type":"ImageObject","inLanguage":"en-US","@id":"https:\/\/vitablanca.ma\/#\/schema\/logo\/image\/","url":"https:\/\/vitablanca.ma\/wp-content\/uploads\/2025\/05\/cropped-vitablanca.png","contentUrl":"https:\/\/vitablanca.ma\/wp-content\/uploads\/2025\/05\/cropped-vitablanca.png","width":360,"height":67,"caption":"VitaBlanca"},"image":{"@id":"https:\/\/vitablanca.ma\/#\/schema\/logo\/image\/"},"sameAs":["https:\/\/www.facebook.com\/profile.php?id=61576678196717","https:\/\/www.tiktok.com\/@vitablanca.ma","https:\/\/www.instagram.com\/vitablanca.ma\/"]}]}},"jetpack_sharing_enabled":true,"_links":{"self":[{"href":"https:\/\/vitablanca.ma\/en\/wp-json\/wp\/v2\/product\/15681","targetHints":{"allow":["GET"]}}],"collection":[{"href":"https:\/\/vitablanca.ma\/en\/wp-json\/wp\/v2\/product"}],"about":[{"href":"https:\/\/vitablanca.ma\/en\/wp-json\/wp\/v2\/types\/product"}],"wp:featuredmedia":[{"embeddable":true,"href":"https:\/\/vitablanca.ma\/en\/wp-json\/wp\/v2\/media\/15680"}],"wp:attachment":[{"href":"https:\/\/vitablanca.ma\/en\/wp-json\/wp\/v2\/media?parent=15681"}],"wp:term":[{"taxonomy":"product_brand","embeddable":true,"href":"https:\/\/vitablanca.ma\/en\/wp-json\/wp\/v2\/product_brand?post=15681"},{"taxonomy":"product_cat","embeddable":true,"href":"https:\/\/vitablanca.ma\/en\/wp-json\/wp\/v2\/product_cat?post=15681"},{"taxonomy":"product_tag","embeddable":true,"href":"https:\/\/vitablanca.ma\/en\/wp-json\/wp\/v2\/product_tag?post=15681"}],"curies":[{"name":"wp","href":"https:\/\/api.w.org\/{rel}","templated":true}]}}