{"id":15679,"date":"2025-06-10T16:06:27","date_gmt":"2025-06-10T16:06:27","guid":{"rendered":"https:\/\/vitablanca.ma\/product\/bioderma-cicabio-pommade-soin-reparateur-40ml\/"},"modified":"2026-01-21T18:15:42","modified_gmt":"2026-01-21T18:15:42","slug":"bioderma-cicabio-pommade-soin-reparateur-40ml","status":"publish","type":"product","link":"https:\/\/vitablanca.ma\/en\/product\/bioderma-cicabio-pommade-soin-reparateur-40ml\/","title":{"rendered":"Bioderma Cicabio Repairing Care Ointment 40ml"},"content":{"rendered":"<h2>Bioderma Cicabio Repairing Care Ointment Relieves discomfort and reduces itching<\/h2>\n<h3>BENEFITS<\/h3>\n<ul>\n<li>Repairs the epidermis<\/li>\n<li>Relieves discomfort and reduces itching<\/li>\n<li>Nourishes<\/li>\n<li>Purifie<\/li>\n<li>Forms a protective film<\/li>\n<\/ul>\n<p>Cicabio ointment can be used immediately after tattooing.\u00a0<\/p>\n<p>Its antibacterial agents (copper and zinc) purify the epidermis.<\/p>\n<p>Its active ingredient, ANTALGICINE\u2122, quickly relieves discomfort and reduces itching.<\/p>\n<p>Its nourishing and lipid-replenishing texture, combined with hyaluronic acid and moisturizing active ingredients, forms a protective film.<\/p>\n<h3>Directions for use<\/h3>\n<div id=\"div1\" class=\"no-treatment\">\n<p>Use 1 to 2 times daily until completely repaired.<\/p>\n<ul class=\"step-list\">\n<li>\n<strong>STEP 1:\u00a0<\/strong>Clean and dry skin thoroughly before application.<\/li>\n<li>\n<strong>STEP 2:\u00a0<\/strong>Apply to the irritated area.<\/li>\n<\/ul>\n<\/div>\n<h3><\/h3>","protected":false},"excerpt":{"rendered":"<p>Bioderma Cicabio Pommade Soin Reparateur\u00a0Soulage la sensation de g\u00eane et r\u00e9duit les d\u00e9mangeaisons B\u00c9N\u00c9FICES R\u00e9pare l\u2019\u00e9piderme Soulage la sensation de g\u00eane et r\u00e9duit les d\u00e9mangeaisons Nourrit Purifie Forme un film protecteur Cicabio pommade peut s&rsquo;utiliser tout de suite apr\u00e8s le tatouage.\u00a0 Ses agents antibact\u00e9riens (cuivre et zinc) purifient l\u2019\u00e9piderme. Sa substance active, l\u2019ANTALGICINE\u2122, soulage rapidement [&hellip;]<\/p>\n","protected":false},"featured_media":15678,"template":"","meta":{"om_disable_all_campaigns":false},"product_brand":[5990],"product_cat":[18,15],"product_tag":[5991,5992],"class_list":{"0":"post-15679","1":"product","2":"type-product","3":"status-publish","4":"has-post-thumbnail","6":"product_brand-bioderma-original-maroc-au-meilleur-prix","7":"product_cat-beaute-sante","8":"product_cat-beaute-sante-complements-alimentaires-soins-et-bien-etre-au-meilleur-prix","9":"product_tag-bioderma","10":"product_tag-bioderma-maroc","12":"first","13":"instock","14":"sale","15":"taxable","16":"shipping-taxable","17":"purchasable","18":"product-type-simple"},"yoast_head":"<!-- This site is optimized with the Yoast SEO plugin v27.4 - https:\/\/yoast.com\/product\/yoast-seo-wordpress\/ -->\n<title>Bioderma Cicabio Pommade Soin Reparateur 40ml - Maroc Prix<\/title>\n<meta name=\"description\" content=\"Bioderma Cicabio Pommade Soin Reparateur 40ml\" \/>\n<meta name=\"robots\" content=\"index, follow, max-snippet:-1, max-image-preview:large, max-video-preview:-1\" \/>\n<link rel=\"canonical\" href=\"https:\/\/vitablanca.ma\/en\/product\/bioderma-cicabio-pommade-soin-reparateur-40ml\/\" \/>\n<meta property=\"og:locale\" content=\"en_US\" \/>\n<meta property=\"og:type\" content=\"article\" \/>\n<meta property=\"og:title\" content=\"Bioderma Cicabio Pommade Soin Reparateur 40ml - Maroc Prix\" \/>\n<meta property=\"og:description\" content=\"Bioderma Cicabio Pommade Soin Reparateur 40ml\" \/>\n<meta property=\"og:url\" content=\"https:\/\/vitablanca.ma\/en\/product\/bioderma-cicabio-pommade-soin-reparateur-40ml\/\" \/>\n<meta property=\"og:site_name\" content=\"Vitablanca.ma &ndash; Sant&eacute;, vitalit&eacute; et bien-&ecirc;tre pour tous les Marocains\" \/>\n<meta property=\"article:publisher\" content=\"https:\/\/www.facebook.com\/profile.php?id=61576678196717\" \/>\n<meta property=\"article:modified_time\" content=\"2026-01-21T18:15:42+00:00\" \/>\n<meta property=\"og:image\" content=\"https:\/\/vitablanca.ma\/wp-content\/uploads\/2025\/06\/Cicabio-Pommade-Soin-Reparateur-40ml-nova-para-Maroc.jpg\" \/>\n\t<meta property=\"og:image:width\" content=\"1000\" \/>\n\t<meta property=\"og:image:height\" content=\"1000\" \/>\n\t<meta property=\"og:image:type\" content=\"image\/jpeg\" \/>\n<meta name=\"twitter:card\" content=\"summary_large_image\" \/>\n<meta name=\"twitter:label1\" content=\"Est. reading time\" \/>\n\t<meta name=\"twitter:data1\" content=\"1 minute\" \/>\n<script type=\"application\/ld+json\" class=\"yoast-schema-graph\">{\"@context\":\"https:\\\/\\\/schema.org\",\"@graph\":[{\"@type\":[\"WebPage\",\"ItemPage\"],\"@id\":\"https:\\\/\\\/vitablanca.ma\\\/produit\\\/bioderma-cicabio-pommade-soin-reparateur-40ml\\\/\",\"url\":\"https:\\\/\\\/vitablanca.ma\\\/produit\\\/bioderma-cicabio-pommade-soin-reparateur-40ml\\\/\",\"name\":\"Bioderma Cicabio Pommade Soin Reparateur 40ml - Maroc Prix\",\"isPartOf\":{\"@id\":\"https:\\\/\\\/vitablanca.ma\\\/#website\"},\"primaryImageOfPage\":{\"@id\":\"https:\\\/\\\/vitablanca.ma\\\/produit\\\/bioderma-cicabio-pommade-soin-reparateur-40ml\\\/#primaryimage\"},\"image\":{\"@id\":\"https:\\\/\\\/vitablanca.ma\\\/produit\\\/bioderma-cicabio-pommade-soin-reparateur-40ml\\\/#primaryimage\"},\"thumbnailUrl\":\"https:\\\/\\\/vitablanca.ma\\\/wp-content\\\/uploads\\\/2025\\\/06\\\/Cicabio-Pommade-Soin-Reparateur-40ml-nova-para-Maroc.jpg\",\"datePublished\":\"2025-06-10T16:06:27+00:00\",\"dateModified\":\"2026-01-21T18:15:42+00:00\",\"description\":\"Bioderma Cicabio Pommade Soin Reparateur 40ml\",\"breadcrumb\":{\"@id\":\"https:\\\/\\\/vitablanca.ma\\\/produit\\\/bioderma-cicabio-pommade-soin-reparateur-40ml\\\/#breadcrumb\"},\"inLanguage\":\"en-US\",\"potentialAction\":[{\"@type\":\"ReadAction\",\"target\":[\"https:\\\/\\\/vitablanca.ma\\\/produit\\\/bioderma-cicabio-pommade-soin-reparateur-40ml\\\/\"]}]},{\"@type\":\"ImageObject\",\"inLanguage\":\"en-US\",\"@id\":\"https:\\\/\\\/vitablanca.ma\\\/produit\\\/bioderma-cicabio-pommade-soin-reparateur-40ml\\\/#primaryimage\",\"url\":\"https:\\\/\\\/vitablanca.ma\\\/wp-content\\\/uploads\\\/2025\\\/06\\\/Cicabio-Pommade-Soin-Reparateur-40ml-nova-para-Maroc.jpg\",\"contentUrl\":\"https:\\\/\\\/vitablanca.ma\\\/wp-content\\\/uploads\\\/2025\\\/06\\\/Cicabio-Pommade-Soin-Reparateur-40ml-nova-para-Maroc.jpg\",\"width\":1000,\"height\":1000},{\"@type\":\"BreadcrumbList\",\"@id\":\"https:\\\/\\\/vitablanca.ma\\\/produit\\\/bioderma-cicabio-pommade-soin-reparateur-40ml\\\/#breadcrumb\",\"itemListElement\":[{\"@type\":\"ListItem\",\"position\":1,\"name\":\"Home\",\"item\":\"https:\\\/\\\/vitablanca.ma\\\/\"},{\"@type\":\"ListItem\",\"position\":2,\"name\":\"Tous Les Produits\",\"item\":\"https:\\\/\\\/vitablanca.ma\\\/tous-les-produits\\\/\"},{\"@type\":\"ListItem\",\"position\":3,\"name\":\"Bioderma Cicabio Pommade Soin Reparateur 40ml\"}]},{\"@type\":\"WebSite\",\"@id\":\"https:\\\/\\\/vitablanca.ma\\\/#website\",\"url\":\"https:\\\/\\\/vitablanca.ma\\\/\",\"name\":\"VitaBlanca.ma | Compl\u00e9ments alimentaires, sant\u00e9 & beaut\u00e9 au Maroc\",\"description\":\"vendre vitamines et compl\u00e9ments premium des USA &amp; Canada, Nouvelle Z\u00e9lande,Maroc (NOW Foods, Solgar, Manuka). Livraison rapide partout au Maroc.\",\"publisher\":{\"@id\":\"https:\\\/\\\/vitablanca.ma\\\/#organization\"},\"alternateName\":\"VitaBlanca.ma\",\"potentialAction\":[{\"@type\":\"SearchAction\",\"target\":{\"@type\":\"EntryPoint\",\"urlTemplate\":\"https:\\\/\\\/vitablanca.ma\\\/?s={search_term_string}\"},\"query-input\":{\"@type\":\"PropertyValueSpecification\",\"valueRequired\":true,\"valueName\":\"search_term_string\"}}],\"inLanguage\":\"en-US\"},{\"@type\":\"Organization\",\"@id\":\"https:\\\/\\\/vitablanca.ma\\\/#organization\",\"name\":\"VitaBlanca\",\"url\":\"https:\\\/\\\/vitablanca.ma\\\/\",\"logo\":{\"@type\":\"ImageObject\",\"inLanguage\":\"en-US\",\"@id\":\"https:\\\/\\\/vitablanca.ma\\\/#\\\/schema\\\/logo\\\/image\\\/\",\"url\":\"https:\\\/\\\/vitablanca.ma\\\/wp-content\\\/uploads\\\/2025\\\/05\\\/cropped-vitablanca.png\",\"contentUrl\":\"https:\\\/\\\/vitablanca.ma\\\/wp-content\\\/uploads\\\/2025\\\/05\\\/cropped-vitablanca.png\",\"width\":360,\"height\":67,\"caption\":\"VitaBlanca\"},\"image\":{\"@id\":\"https:\\\/\\\/vitablanca.ma\\\/#\\\/schema\\\/logo\\\/image\\\/\"},\"sameAs\":[\"https:\\\/\\\/www.facebook.com\\\/profile.php?id=61576678196717\",\"https:\\\/\\\/www.tiktok.com\\\/@vitablanca.ma\",\"https:\\\/\\\/www.instagram.com\\\/vitablanca.ma\\\/\"]}]}<\/script>\n<!-- \/ Yoast SEO plugin. -->","yoast_head_json":{"title":"Bioderma Cicabio Repairing Care Ointment 40ml - Morocco Price","description":"Bioderma Cicabio Repairing Care Ointment 40ml","robots":{"index":"index","follow":"follow","max-snippet":"max-snippet:-1","max-image-preview":"max-image-preview:large","max-video-preview":"max-video-preview:-1"},"canonical":"https:\/\/vitablanca.ma\/en\/product\/bioderma-cicabio-pommade-soin-reparateur-40ml\/","og_locale":"en_US","og_type":"article","og_title":"Bioderma Cicabio Pommade Soin Reparateur 40ml - Maroc Prix","og_description":"Bioderma Cicabio Pommade Soin Reparateur 40ml","og_url":"https:\/\/vitablanca.ma\/en\/product\/bioderma-cicabio-pommade-soin-reparateur-40ml\/","og_site_name":"Vitablanca.ma &ndash; Sant&eacute;, vitalit&eacute; et bien-&ecirc;tre pour tous les Marocains","article_publisher":"https:\/\/www.facebook.com\/profile.php?id=61576678196717","article_modified_time":"2026-01-21T18:15:42+00:00","og_image":[{"width":1000,"height":1000,"url":"https:\/\/vitablanca.ma\/wp-content\/uploads\/2025\/06\/Cicabio-Pommade-Soin-Reparateur-40ml-nova-para-Maroc.jpg","type":"image\/jpeg"}],"twitter_card":"summary_large_image","twitter_misc":{"Est. reading time":"1 minute"},"schema":{"@context":"https:\/\/schema.org","@graph":[{"@type":["WebPage","ItemPage"],"@id":"https:\/\/vitablanca.ma\/produit\/bioderma-cicabio-pommade-soin-reparateur-40ml\/","url":"https:\/\/vitablanca.ma\/produit\/bioderma-cicabio-pommade-soin-reparateur-40ml\/","name":"Bioderma Cicabio Repairing Care Ointment 40ml - Morocco Price","isPartOf":{"@id":"https:\/\/vitablanca.ma\/#website"},"primaryImageOfPage":{"@id":"https:\/\/vitablanca.ma\/produit\/bioderma-cicabio-pommade-soin-reparateur-40ml\/#primaryimage"},"image":{"@id":"https:\/\/vitablanca.ma\/produit\/bioderma-cicabio-pommade-soin-reparateur-40ml\/#primaryimage"},"thumbnailUrl":"https:\/\/vitablanca.ma\/wp-content\/uploads\/2025\/06\/Cicabio-Pommade-Soin-Reparateur-40ml-nova-para-Maroc.jpg","datePublished":"2025-06-10T16:06:27+00:00","dateModified":"2026-01-21T18:15:42+00:00","description":"Bioderma Cicabio Repairing Care Ointment 40ml","breadcrumb":{"@id":"https:\/\/vitablanca.ma\/produit\/bioderma-cicabio-pommade-soin-reparateur-40ml\/#breadcrumb"},"inLanguage":"en-US","potentialAction":[{"@type":"ReadAction","target":["https:\/\/vitablanca.ma\/produit\/bioderma-cicabio-pommade-soin-reparateur-40ml\/"]}]},{"@type":"ImageObject","inLanguage":"en-US","@id":"https:\/\/vitablanca.ma\/produit\/bioderma-cicabio-pommade-soin-reparateur-40ml\/#primaryimage","url":"https:\/\/vitablanca.ma\/wp-content\/uploads\/2025\/06\/Cicabio-Pommade-Soin-Reparateur-40ml-nova-para-Maroc.jpg","contentUrl":"https:\/\/vitablanca.ma\/wp-content\/uploads\/2025\/06\/Cicabio-Pommade-Soin-Reparateur-40ml-nova-para-Maroc.jpg","width":1000,"height":1000},{"@type":"BreadcrumbList","@id":"https:\/\/vitablanca.ma\/produit\/bioderma-cicabio-pommade-soin-reparateur-40ml\/#breadcrumb","itemListElement":[{"@type":"ListItem","position":1,"name":"Home","item":"https:\/\/vitablanca.ma\/"},{"@type":"ListItem","position":2,"name":"Tous Les Produits","item":"https:\/\/vitablanca.ma\/tous-les-produits\/"},{"@type":"ListItem","position":3,"name":"Bioderma Cicabio Pommade Soin Reparateur 40ml"}]},{"@type":"WebSite","@id":"https:\/\/vitablanca.ma\/#website","url":"https:\/\/vitablanca.ma\/","name":"VitaBlanca.ma | Food supplements, health &amp; beauty in Morocco","description":"sell premium vitamins and supplements from USA &amp; Canada, New Zealand, Morocco (NOW Foods, Solgar, Manuka). Fast delivery anywhere in Morocco.","publisher":{"@id":"https:\/\/vitablanca.ma\/#organization"},"alternateName":"VitaBlanca.ma","potentialAction":[{"@type":"SearchAction","target":{"@type":"EntryPoint","urlTemplate":"https:\/\/vitablanca.ma\/?s={search_term_string}"},"query-input":{"@type":"PropertyValueSpecification","valueRequired":true,"valueName":"search_term_string"}}],"inLanguage":"en-US"},{"@type":"Organization","@id":"https:\/\/vitablanca.ma\/#organization","name":"VitaBlanca","url":"https:\/\/vitablanca.ma\/","logo":{"@type":"ImageObject","inLanguage":"en-US","@id":"https:\/\/vitablanca.ma\/#\/schema\/logo\/image\/","url":"https:\/\/vitablanca.ma\/wp-content\/uploads\/2025\/05\/cropped-vitablanca.png","contentUrl":"https:\/\/vitablanca.ma\/wp-content\/uploads\/2025\/05\/cropped-vitablanca.png","width":360,"height":67,"caption":"VitaBlanca"},"image":{"@id":"https:\/\/vitablanca.ma\/#\/schema\/logo\/image\/"},"sameAs":["https:\/\/www.facebook.com\/profile.php?id=61576678196717","https:\/\/www.tiktok.com\/@vitablanca.ma","https:\/\/www.instagram.com\/vitablanca.ma\/"]}]}},"jetpack_sharing_enabled":true,"_links":{"self":[{"href":"https:\/\/vitablanca.ma\/en\/wp-json\/wp\/v2\/product\/15679","targetHints":{"allow":["GET"]}}],"collection":[{"href":"https:\/\/vitablanca.ma\/en\/wp-json\/wp\/v2\/product"}],"about":[{"href":"https:\/\/vitablanca.ma\/en\/wp-json\/wp\/v2\/types\/product"}],"wp:featuredmedia":[{"embeddable":true,"href":"https:\/\/vitablanca.ma\/en\/wp-json\/wp\/v2\/media\/15678"}],"wp:attachment":[{"href":"https:\/\/vitablanca.ma\/en\/wp-json\/wp\/v2\/media?parent=15679"}],"wp:term":[{"taxonomy":"product_brand","embeddable":true,"href":"https:\/\/vitablanca.ma\/en\/wp-json\/wp\/v2\/product_brand?post=15679"},{"taxonomy":"product_cat","embeddable":true,"href":"https:\/\/vitablanca.ma\/en\/wp-json\/wp\/v2\/product_cat?post=15679"},{"taxonomy":"product_tag","embeddable":true,"href":"https:\/\/vitablanca.ma\/en\/wp-json\/wp\/v2\/product_tag?post=15679"}],"curies":[{"name":"wp","href":"https:\/\/api.w.org\/{rel}","templated":true}]}}