{"id":15677,"date":"2025-06-10T16:06:21","date_gmt":"2025-06-10T16:06:21","guid":{"rendered":"https:\/\/vitablanca.ma\/product\/bioderma-atoderm-baume-levres-15ml\/"},"modified":"2026-01-21T18:15:43","modified_gmt":"2026-01-21T18:15:43","slug":"bioderma-atoderm-baume-levres-15ml","status":"publish","type":"product","link":"https:\/\/vitablanca.ma\/en\/product\/bioderma-atoderm-baume-levres-15ml\/","title":{"rendered":"Bioderma Atoderm Lip Balm 15ml"},"content":{"rendered":"<h2 class=\"reveal product__description col-12 col-lg-5 offset-lg-7 col-xl-4 offset-xl-8 grid-offset-gutter revealed\" data-mce-fragment=\"1\">Bioderma Atoderm Lip Balm daily moisturizing treatment that soothes, nourishes and repairs damaged lips.<\/h2>\n<h3>BENEFITS<\/h3>\n<ul>\n<li>Provides long-lasting hydration<\/li>\n<li>Soothes and nourishes<\/li>\n<li>Promotes extreme comfort<\/li>\n<li>Leaves lips soft and supple<\/li>\n<\/ul>\n<p><span>Very good tolerance \u2013 Fragrance-free \u2013 Rich texture \u2013 Easy-to-use applicator<\/span><\/p>\n<p><span>Enriched with nourishing active ingredients such as:<br \/><\/span><\/p>\n<ul>\n<li><span>Shea butter known for its nourishing properties<\/span><\/li>\n<li><span>Avocado oil is known for its restructuring effectiveness.<\/span><\/li>\n<\/ul>\n<p><span>Instantly soothes and nourishes sensitive lips.<\/span><\/p>\n<h3><span>Directions for use<\/span><\/h3>\n<p>As often as needed.<\/p>\n<ul class=\"step-list\">\n<li>\n<strong>STEP 1:\u00a0<\/strong>Apply directly to lips.<\/li>\n<li>\n<strong>STEP 2:\u00a0<\/strong>Reapply as often as needed.<\/li>\n<\/ul>","protected":false},"excerpt":{"rendered":"<p>Bioderma Atoderm Baume L\u00e8vres\u00a0traitement hydratant quotidien qui apaise, nourrit et r\u00e9pare les l\u00e8vres ab\u00eem\u00e9es. B\u00c9N\u00c9FICES Procure une hydratation durable Apaise et nourrit Favorise un confort extr\u00eame Laisse les l\u00e8vres douces et souples Tr\u00e8s bonne tol\u00e9rance &#8211; Sans parfum &#8211; Texture riche &#8211; Applicateur facile \u00e0 utiliser Enrichi d&rsquo;ingr\u00e9dients actifs nourrissant comme : Le beurre de [&hellip;]<\/p>\n","protected":false},"featured_media":15676,"template":"","meta":{"om_disable_all_campaigns":false},"product_brand":[5990],"product_cat":[18,15],"product_tag":[5991,5992],"class_list":{"0":"post-15677","1":"product","2":"type-product","3":"status-publish","4":"has-post-thumbnail","6":"product_brand-bioderma-original-maroc-au-meilleur-prix","7":"product_cat-beaute-sante","8":"product_cat-beaute-sante-complements-alimentaires-soins-et-bien-etre-au-meilleur-prix","9":"product_tag-bioderma","10":"product_tag-bioderma-maroc","12":"first","13":"instock","14":"sale","15":"taxable","16":"shipping-taxable","17":"purchasable","18":"product-type-simple"},"yoast_head":"<!-- This site is optimized with the Yoast SEO plugin v27.4 - https:\/\/yoast.com\/product\/yoast-seo-wordpress\/ -->\n<title>Bioderma Atoderm Baume L\u00e8vres 15ml - Maroc Prix<\/title>\n<meta name=\"description\" content=\"Bioderma Atoderm Baume L\u00e8vres 15ml\" \/>\n<meta name=\"robots\" content=\"index, follow, max-snippet:-1, max-image-preview:large, max-video-preview:-1\" \/>\n<link rel=\"canonical\" href=\"https:\/\/vitablanca.ma\/en\/product\/bioderma-atoderm-baume-levres-15ml\/\" \/>\n<meta property=\"og:locale\" content=\"en_US\" \/>\n<meta property=\"og:type\" content=\"article\" \/>\n<meta property=\"og:title\" content=\"Bioderma Atoderm Baume L\u00e8vres 15ml - Maroc Prix\" \/>\n<meta property=\"og:description\" content=\"Bioderma Atoderm Baume L\u00e8vres 15ml\" \/>\n<meta property=\"og:url\" content=\"https:\/\/vitablanca.ma\/en\/product\/bioderma-atoderm-baume-levres-15ml\/\" \/>\n<meta property=\"og:site_name\" content=\"Vitablanca.ma &ndash; Sant&eacute;, vitalit&eacute; et bien-&ecirc;tre pour tous les Marocains\" \/>\n<meta property=\"article:publisher\" content=\"https:\/\/www.facebook.com\/profile.php?id=61576678196717\" \/>\n<meta property=\"article:modified_time\" content=\"2026-01-21T18:15:43+00:00\" \/>\n<meta property=\"og:image\" content=\"https:\/\/vitablanca.ma\/wp-content\/uploads\/2025\/06\/Bioderma-Atoderm-Baume-Levres-15ml-nova-para-pharmacie-maroc.jpg\" \/>\n\t<meta property=\"og:image:width\" content=\"1000\" \/>\n\t<meta property=\"og:image:height\" content=\"1000\" \/>\n\t<meta property=\"og:image:type\" content=\"image\/jpeg\" \/>\n<meta name=\"twitter:card\" content=\"summary_large_image\" \/>\n<meta name=\"twitter:label1\" content=\"Est. reading time\" \/>\n\t<meta name=\"twitter:data1\" content=\"1 minute\" \/>\n<script type=\"application\/ld+json\" class=\"yoast-schema-graph\">{\"@context\":\"https:\\\/\\\/schema.org\",\"@graph\":[{\"@type\":[\"WebPage\",\"ItemPage\"],\"@id\":\"https:\\\/\\\/vitablanca.ma\\\/produit\\\/bioderma-atoderm-baume-levres-15ml\\\/\",\"url\":\"https:\\\/\\\/vitablanca.ma\\\/produit\\\/bioderma-atoderm-baume-levres-15ml\\\/\",\"name\":\"Bioderma Atoderm Baume L\u00e8vres 15ml - Maroc Prix\",\"isPartOf\":{\"@id\":\"https:\\\/\\\/vitablanca.ma\\\/#website\"},\"primaryImageOfPage\":{\"@id\":\"https:\\\/\\\/vitablanca.ma\\\/produit\\\/bioderma-atoderm-baume-levres-15ml\\\/#primaryimage\"},\"image\":{\"@id\":\"https:\\\/\\\/vitablanca.ma\\\/produit\\\/bioderma-atoderm-baume-levres-15ml\\\/#primaryimage\"},\"thumbnailUrl\":\"https:\\\/\\\/vitablanca.ma\\\/wp-content\\\/uploads\\\/2025\\\/06\\\/Bioderma-Atoderm-Baume-Levres-15ml-nova-para-pharmacie-maroc.jpg\",\"datePublished\":\"2025-06-10T16:06:21+00:00\",\"dateModified\":\"2026-01-21T18:15:43+00:00\",\"description\":\"Bioderma Atoderm Baume L\u00e8vres 15ml\",\"breadcrumb\":{\"@id\":\"https:\\\/\\\/vitablanca.ma\\\/produit\\\/bioderma-atoderm-baume-levres-15ml\\\/#breadcrumb\"},\"inLanguage\":\"en-US\",\"potentialAction\":[{\"@type\":\"ReadAction\",\"target\":[\"https:\\\/\\\/vitablanca.ma\\\/produit\\\/bioderma-atoderm-baume-levres-15ml\\\/\"]}]},{\"@type\":\"ImageObject\",\"inLanguage\":\"en-US\",\"@id\":\"https:\\\/\\\/vitablanca.ma\\\/produit\\\/bioderma-atoderm-baume-levres-15ml\\\/#primaryimage\",\"url\":\"https:\\\/\\\/vitablanca.ma\\\/wp-content\\\/uploads\\\/2025\\\/06\\\/Bioderma-Atoderm-Baume-Levres-15ml-nova-para-pharmacie-maroc.jpg\",\"contentUrl\":\"https:\\\/\\\/vitablanca.ma\\\/wp-content\\\/uploads\\\/2025\\\/06\\\/Bioderma-Atoderm-Baume-Levres-15ml-nova-para-pharmacie-maroc.jpg\",\"width\":1000,\"height\":1000},{\"@type\":\"BreadcrumbList\",\"@id\":\"https:\\\/\\\/vitablanca.ma\\\/produit\\\/bioderma-atoderm-baume-levres-15ml\\\/#breadcrumb\",\"itemListElement\":[{\"@type\":\"ListItem\",\"position\":1,\"name\":\"Home\",\"item\":\"https:\\\/\\\/vitablanca.ma\\\/\"},{\"@type\":\"ListItem\",\"position\":2,\"name\":\"Tous Les Produits\",\"item\":\"https:\\\/\\\/vitablanca.ma\\\/tous-les-produits\\\/\"},{\"@type\":\"ListItem\",\"position\":3,\"name\":\"Bioderma Atoderm Baume L\u00e8vres 15ml\"}]},{\"@type\":\"WebSite\",\"@id\":\"https:\\\/\\\/vitablanca.ma\\\/#website\",\"url\":\"https:\\\/\\\/vitablanca.ma\\\/\",\"name\":\"VitaBlanca.ma | Compl\u00e9ments alimentaires, sant\u00e9 & beaut\u00e9 au Maroc\",\"description\":\"vendre vitamines et compl\u00e9ments premium des USA &amp; Canada, Nouvelle Z\u00e9lande,Maroc (NOW Foods, Solgar, Manuka). Livraison rapide partout au Maroc.\",\"publisher\":{\"@id\":\"https:\\\/\\\/vitablanca.ma\\\/#organization\"},\"alternateName\":\"VitaBlanca.ma\",\"potentialAction\":[{\"@type\":\"SearchAction\",\"target\":{\"@type\":\"EntryPoint\",\"urlTemplate\":\"https:\\\/\\\/vitablanca.ma\\\/?s={search_term_string}\"},\"query-input\":{\"@type\":\"PropertyValueSpecification\",\"valueRequired\":true,\"valueName\":\"search_term_string\"}}],\"inLanguage\":\"en-US\"},{\"@type\":\"Organization\",\"@id\":\"https:\\\/\\\/vitablanca.ma\\\/#organization\",\"name\":\"VitaBlanca\",\"url\":\"https:\\\/\\\/vitablanca.ma\\\/\",\"logo\":{\"@type\":\"ImageObject\",\"inLanguage\":\"en-US\",\"@id\":\"https:\\\/\\\/vitablanca.ma\\\/#\\\/schema\\\/logo\\\/image\\\/\",\"url\":\"https:\\\/\\\/vitablanca.ma\\\/wp-content\\\/uploads\\\/2025\\\/05\\\/cropped-vitablanca.png\",\"contentUrl\":\"https:\\\/\\\/vitablanca.ma\\\/wp-content\\\/uploads\\\/2025\\\/05\\\/cropped-vitablanca.png\",\"width\":360,\"height\":67,\"caption\":\"VitaBlanca\"},\"image\":{\"@id\":\"https:\\\/\\\/vitablanca.ma\\\/#\\\/schema\\\/logo\\\/image\\\/\"},\"sameAs\":[\"https:\\\/\\\/www.facebook.com\\\/profile.php?id=61576678196717\",\"https:\\\/\\\/www.tiktok.com\\\/@vitablanca.ma\",\"https:\\\/\\\/www.instagram.com\\\/vitablanca.ma\\\/\"]}]}<\/script>\n<!-- \/ Yoast SEO plugin. -->","yoast_head_json":{"title":"Bioderma Atoderm Lip Balm 15ml - Morocco Price","description":"Bioderma Atoderm Lip Balm 15ml","robots":{"index":"index","follow":"follow","max-snippet":"max-snippet:-1","max-image-preview":"max-image-preview:large","max-video-preview":"max-video-preview:-1"},"canonical":"https:\/\/vitablanca.ma\/en\/product\/bioderma-atoderm-baume-levres-15ml\/","og_locale":"en_US","og_type":"article","og_title":"Bioderma Atoderm Baume L\u00e8vres 15ml - Maroc Prix","og_description":"Bioderma Atoderm Baume L\u00e8vres 15ml","og_url":"https:\/\/vitablanca.ma\/en\/product\/bioderma-atoderm-baume-levres-15ml\/","og_site_name":"Vitablanca.ma &ndash; Sant&eacute;, vitalit&eacute; et bien-&ecirc;tre pour tous les Marocains","article_publisher":"https:\/\/www.facebook.com\/profile.php?id=61576678196717","article_modified_time":"2026-01-21T18:15:43+00:00","og_image":[{"width":1000,"height":1000,"url":"https:\/\/vitablanca.ma\/wp-content\/uploads\/2025\/06\/Bioderma-Atoderm-Baume-Levres-15ml-nova-para-pharmacie-maroc.jpg","type":"image\/jpeg"}],"twitter_card":"summary_large_image","twitter_misc":{"Est. reading time":"1 minute"},"schema":{"@context":"https:\/\/schema.org","@graph":[{"@type":["WebPage","ItemPage"],"@id":"https:\/\/vitablanca.ma\/produit\/bioderma-atoderm-baume-levres-15ml\/","url":"https:\/\/vitablanca.ma\/produit\/bioderma-atoderm-baume-levres-15ml\/","name":"Bioderma Atoderm Lip Balm 15ml - Morocco Price","isPartOf":{"@id":"https:\/\/vitablanca.ma\/#website"},"primaryImageOfPage":{"@id":"https:\/\/vitablanca.ma\/produit\/bioderma-atoderm-baume-levres-15ml\/#primaryimage"},"image":{"@id":"https:\/\/vitablanca.ma\/produit\/bioderma-atoderm-baume-levres-15ml\/#primaryimage"},"thumbnailUrl":"https:\/\/vitablanca.ma\/wp-content\/uploads\/2025\/06\/Bioderma-Atoderm-Baume-Levres-15ml-nova-para-pharmacie-maroc.jpg","datePublished":"2025-06-10T16:06:21+00:00","dateModified":"2026-01-21T18:15:43+00:00","description":"Bioderma Atoderm Lip Balm 15ml","breadcrumb":{"@id":"https:\/\/vitablanca.ma\/produit\/bioderma-atoderm-baume-levres-15ml\/#breadcrumb"},"inLanguage":"en-US","potentialAction":[{"@type":"ReadAction","target":["https:\/\/vitablanca.ma\/produit\/bioderma-atoderm-baume-levres-15ml\/"]}]},{"@type":"ImageObject","inLanguage":"en-US","@id":"https:\/\/vitablanca.ma\/produit\/bioderma-atoderm-baume-levres-15ml\/#primaryimage","url":"https:\/\/vitablanca.ma\/wp-content\/uploads\/2025\/06\/Bioderma-Atoderm-Baume-Levres-15ml-nova-para-pharmacie-maroc.jpg","contentUrl":"https:\/\/vitablanca.ma\/wp-content\/uploads\/2025\/06\/Bioderma-Atoderm-Baume-Levres-15ml-nova-para-pharmacie-maroc.jpg","width":1000,"height":1000},{"@type":"BreadcrumbList","@id":"https:\/\/vitablanca.ma\/produit\/bioderma-atoderm-baume-levres-15ml\/#breadcrumb","itemListElement":[{"@type":"ListItem","position":1,"name":"Home","item":"https:\/\/vitablanca.ma\/"},{"@type":"ListItem","position":2,"name":"Tous Les Produits","item":"https:\/\/vitablanca.ma\/tous-les-produits\/"},{"@type":"ListItem","position":3,"name":"Bioderma Atoderm Baume L\u00e8vres 15ml"}]},{"@type":"WebSite","@id":"https:\/\/vitablanca.ma\/#website","url":"https:\/\/vitablanca.ma\/","name":"VitaBlanca.ma | Food supplements, health &amp; beauty in Morocco","description":"sell premium vitamins and supplements from USA &amp; Canada, New Zealand, Morocco (NOW Foods, Solgar, Manuka). Fast delivery anywhere in Morocco.","publisher":{"@id":"https:\/\/vitablanca.ma\/#organization"},"alternateName":"VitaBlanca.ma","potentialAction":[{"@type":"SearchAction","target":{"@type":"EntryPoint","urlTemplate":"https:\/\/vitablanca.ma\/?s={search_term_string}"},"query-input":{"@type":"PropertyValueSpecification","valueRequired":true,"valueName":"search_term_string"}}],"inLanguage":"en-US"},{"@type":"Organization","@id":"https:\/\/vitablanca.ma\/#organization","name":"VitaBlanca","url":"https:\/\/vitablanca.ma\/","logo":{"@type":"ImageObject","inLanguage":"en-US","@id":"https:\/\/vitablanca.ma\/#\/schema\/logo\/image\/","url":"https:\/\/vitablanca.ma\/wp-content\/uploads\/2025\/05\/cropped-vitablanca.png","contentUrl":"https:\/\/vitablanca.ma\/wp-content\/uploads\/2025\/05\/cropped-vitablanca.png","width":360,"height":67,"caption":"VitaBlanca"},"image":{"@id":"https:\/\/vitablanca.ma\/#\/schema\/logo\/image\/"},"sameAs":["https:\/\/www.facebook.com\/profile.php?id=61576678196717","https:\/\/www.tiktok.com\/@vitablanca.ma","https:\/\/www.instagram.com\/vitablanca.ma\/"]}]}},"jetpack_sharing_enabled":true,"_links":{"self":[{"href":"https:\/\/vitablanca.ma\/en\/wp-json\/wp\/v2\/product\/15677","targetHints":{"allow":["GET"]}}],"collection":[{"href":"https:\/\/vitablanca.ma\/en\/wp-json\/wp\/v2\/product"}],"about":[{"href":"https:\/\/vitablanca.ma\/en\/wp-json\/wp\/v2\/types\/product"}],"wp:featuredmedia":[{"embeddable":true,"href":"https:\/\/vitablanca.ma\/en\/wp-json\/wp\/v2\/media\/15676"}],"wp:attachment":[{"href":"https:\/\/vitablanca.ma\/en\/wp-json\/wp\/v2\/media?parent=15677"}],"wp:term":[{"taxonomy":"product_brand","embeddable":true,"href":"https:\/\/vitablanca.ma\/en\/wp-json\/wp\/v2\/product_brand?post=15677"},{"taxonomy":"product_cat","embeddable":true,"href":"https:\/\/vitablanca.ma\/en\/wp-json\/wp\/v2\/product_cat?post=15677"},{"taxonomy":"product_tag","embeddable":true,"href":"https:\/\/vitablanca.ma\/en\/wp-json\/wp\/v2\/product_tag?post=15677"}],"curies":[{"name":"wp","href":"https:\/\/api.w.org\/{rel}","templated":true}]}}