{"id":15637,"date":"2025-06-10T16:05:00","date_gmt":"2025-06-10T16:05:00","guid":{"rendered":"https:\/\/vitablanca.ma\/product\/bioderma-sensibio-ar-40ml\/"},"modified":"2026-01-21T18:15:46","modified_gmt":"2026-01-21T18:15:46","slug":"bioderma-sensibio-ar-40ml","status":"publish","type":"product","link":"https:\/\/vitablanca.ma\/en\/product\/bioderma-sensibio-ar-40ml\/","title":{"rendered":"Bioderma Sensibio AR 40ml"},"content":{"rendered":"<h2><span data-mce-fragment=\"1\">Bioderma Sensibio AR Sensitive skin associated with redness.<br data-mce-fragment=\"1\"><\/span><\/h2>\n<p><span data-mce-fragment=\"1\">Bioderma Sensibio AR Cream is an ultra-comfortable treatment with active anti-redness protection.<br data-mce-fragment=\"1\">The first treatment that acts directly on the main factor responsible for redness thanks to Rosactiv (Bioderma patent). Reduces the intensity of redness. Soothes quickly. Guarantees perfect tolerance. Gently moisturizes.<br data-mce-fragment=\"1\"><br data-mce-fragment=\"1\">Bioderma Sensibio AR Cream is a treatment suitable for both women and men (it can be used, for example, as an anti-redness after-shave treatment).<br data-mce-fragment=\"1\">Sensibio AR stands out for its proven effectiveness against redness. Its patented Rosactiv\u00ae complex acts directly on the factor responsible for the dilation and weakening of skin vessels (the source of permanent redness). Sensibio AR thus provides lasting relief from the onset and worsening of diffuse redness.<\/span><\/p>\n<h3><span data-mce-fragment=\"1\"><strong>INDICATION:<\/strong><\/span><\/h3>\n<p><span data-mce-fragment=\"1\">Sensitive skin associated redness.<strong><br data-mce-fragment=\"1\"><\/strong><\/span><\/p>\n<h3><span data-mce-fragment=\"1\"><strong>COMPONENTS:<\/strong><br data-mce-fragment=\"1\"><\/span><\/h3>\n<p><span data-mce-fragment=\"1\">Fragrance-free.<br data-mce-fragment=\"1\">Water (aqua), mineral oil (paraffinum liquidum), glycerin, persea gratissima (avocado) unsaponifiable oils, arachidyl alcohol, dimethicone, glyceryl stearate, glycol distearate, ozokerite, peg-100 stearate, sodium pca, canola oil, dipalmitoyl hydroxyproline, glycyrrhetinic acid, tocopheryl acetate, ginkgo biloba extract, camellia sinensis leaf extract, glycineavoine (soybean) germ extract, Allantoin, mannitol, xylitol, rhamnose, fructooligosaccharides, laminaria ochroleuca extract, sodium chondroitin sulfate, propylene glycol, behenyl alcohol, polyacrylamide, arachidyl glucoside, c13-14 isoparaffin, disodium edta, laureth-7, sodium hydroxide, caprylic\/capric triglyceride, phenoxyethanol, methylparaben.<\/span><\/p>\n<h3><span data-mce-fragment=\"1\"><strong>USE:<\/strong><br data-mce-fragment=\"1\"><\/span><\/h3>\n<div class=\"product-details\" data-mce-fragment=\"1\">\n<div class=\"details\" data-mce-fragment=\"1\">\n<div class=\"descr\" data-mce-fragment=\"1\">Apply Bioderma Sensibio AR Cream 1 to 2 times a day to cleansed skin (ideally with Cr\u00e9aline H2O or Cr\u00e9aline TS H2O) and gently dry.<br data-mce-fragment=\"1\">Cr\u00e9aline AR is a very good makeup base.<br data-mce-fragment=\"1\">During sunny periods, it is recommended to use a sunscreen suitable for sensitive and reactive skin:<br data-mce-fragment=\"1\">Photoderm Flush, decongestant and soothing photoprotective treatment (SPF 50<\/div>\n<\/div>\n<\/div>\n<p>\u00a0<\/p>","protected":false},"excerpt":{"rendered":"<p>Bioderma Sensibio AR\u00a0Peaux sensibles rougeurs associ\u00e9es. Bioderma Sensibio AR Cr\u00e8me est un Soin ultra confort, Protection Active Anti-Rougeurs.Le 1er soin qui agit directement sur le principal facteur responsable des rougeurs gr\u00e2ce \u00e0 Rosactiv (brevet Bioderma). Diminue l&rsquo;intensit\u00e9 des rougeurs. Apaise rapidement. Garantit une parfaite tol\u00e9rance.Hydrate en douceur.Bioderma Sensibio AR Cr\u00e8me est un soin qui convient [&hellip;]<\/p>\n","protected":false},"featured_media":15635,"template":"","meta":{"om_disable_all_campaigns":false},"product_brand":[5990],"product_cat":[18,15],"product_tag":[5991,5992],"class_list":{"0":"post-15637","1":"product","2":"type-product","3":"status-publish","4":"has-post-thumbnail","6":"product_brand-bioderma-original-maroc-au-meilleur-prix","7":"product_cat-beaute-sante","8":"product_cat-beaute-sante-complements-alimentaires-soins-et-bien-etre-au-meilleur-prix","9":"product_tag-bioderma","10":"product_tag-bioderma-maroc","12":"first","13":"instock","14":"sale","15":"taxable","16":"shipping-taxable","17":"purchasable","18":"product-type-simple"},"yoast_head":"<!-- This site is optimized with the Yoast SEO plugin v27.4 - https:\/\/yoast.com\/product\/yoast-seo-wordpress\/ -->\n<title>Bioderma Sensibio AR 40ml - Maroc Prix<\/title>\n<meta name=\"description\" content=\"Bioderma Sensibio AR 40ml\" \/>\n<meta name=\"robots\" content=\"index, follow, max-snippet:-1, max-image-preview:large, max-video-preview:-1\" \/>\n<link rel=\"canonical\" href=\"https:\/\/vitablanca.ma\/en\/product\/bioderma-sensibio-ar-40ml\/\" \/>\n<meta property=\"og:locale\" content=\"en_US\" \/>\n<meta property=\"og:type\" content=\"article\" \/>\n<meta property=\"og:title\" content=\"Bioderma Sensibio AR 40ml - Maroc Prix\" \/>\n<meta property=\"og:description\" content=\"Bioderma Sensibio AR 40ml\" \/>\n<meta property=\"og:url\" content=\"https:\/\/vitablanca.ma\/en\/product\/bioderma-sensibio-ar-40ml\/\" \/>\n<meta property=\"og:site_name\" content=\"Vitablanca.ma &ndash; Sant&eacute;, vitalit&eacute; et bien-&ecirc;tre pour tous les Marocains\" \/>\n<meta property=\"article:publisher\" content=\"https:\/\/www.facebook.com\/profile.php?id=61576678196717\" \/>\n<meta property=\"article:modified_time\" content=\"2026-01-21T18:15:46+00:00\" \/>\n<meta property=\"og:image\" content=\"https:\/\/vitablanca.ma\/wp-content\/uploads\/2025\/06\/Bioderma-Sensibio-AR-40ml-nova-para-maroc.jpg\" \/>\n\t<meta property=\"og:image:width\" content=\"1000\" \/>\n\t<meta property=\"og:image:height\" content=\"1000\" \/>\n\t<meta property=\"og:image:type\" content=\"image\/jpeg\" \/>\n<meta name=\"twitter:card\" content=\"summary_large_image\" \/>\n<meta name=\"twitter:label1\" content=\"Est. reading time\" \/>\n\t<meta name=\"twitter:data1\" content=\"1 minute\" \/>\n<script type=\"application\/ld+json\" class=\"yoast-schema-graph\">{\"@context\":\"https:\\\/\\\/schema.org\",\"@graph\":[{\"@type\":[\"WebPage\",\"ItemPage\"],\"@id\":\"https:\\\/\\\/vitablanca.ma\\\/produit\\\/bioderma-sensibio-ar-40ml\\\/\",\"url\":\"https:\\\/\\\/vitablanca.ma\\\/produit\\\/bioderma-sensibio-ar-40ml\\\/\",\"name\":\"Bioderma Sensibio AR 40ml - Maroc Prix\",\"isPartOf\":{\"@id\":\"https:\\\/\\\/vitablanca.ma\\\/#website\"},\"primaryImageOfPage\":{\"@id\":\"https:\\\/\\\/vitablanca.ma\\\/produit\\\/bioderma-sensibio-ar-40ml\\\/#primaryimage\"},\"image\":{\"@id\":\"https:\\\/\\\/vitablanca.ma\\\/produit\\\/bioderma-sensibio-ar-40ml\\\/#primaryimage\"},\"thumbnailUrl\":\"https:\\\/\\\/vitablanca.ma\\\/wp-content\\\/uploads\\\/2025\\\/06\\\/Bioderma-Sensibio-AR-40ml-nova-para-maroc.jpg\",\"datePublished\":\"2025-06-10T16:05:00+00:00\",\"dateModified\":\"2026-01-21T18:15:46+00:00\",\"description\":\"Bioderma Sensibio AR 40ml\",\"breadcrumb\":{\"@id\":\"https:\\\/\\\/vitablanca.ma\\\/produit\\\/bioderma-sensibio-ar-40ml\\\/#breadcrumb\"},\"inLanguage\":\"en-US\",\"potentialAction\":[{\"@type\":\"ReadAction\",\"target\":[\"https:\\\/\\\/vitablanca.ma\\\/produit\\\/bioderma-sensibio-ar-40ml\\\/\"]}]},{\"@type\":\"ImageObject\",\"inLanguage\":\"en-US\",\"@id\":\"https:\\\/\\\/vitablanca.ma\\\/produit\\\/bioderma-sensibio-ar-40ml\\\/#primaryimage\",\"url\":\"https:\\\/\\\/vitablanca.ma\\\/wp-content\\\/uploads\\\/2025\\\/06\\\/Bioderma-Sensibio-AR-40ml-nova-para-maroc.jpg\",\"contentUrl\":\"https:\\\/\\\/vitablanca.ma\\\/wp-content\\\/uploads\\\/2025\\\/06\\\/Bioderma-Sensibio-AR-40ml-nova-para-maroc.jpg\",\"width\":1000,\"height\":1000},{\"@type\":\"BreadcrumbList\",\"@id\":\"https:\\\/\\\/vitablanca.ma\\\/produit\\\/bioderma-sensibio-ar-40ml\\\/#breadcrumb\",\"itemListElement\":[{\"@type\":\"ListItem\",\"position\":1,\"name\":\"Home\",\"item\":\"https:\\\/\\\/vitablanca.ma\\\/\"},{\"@type\":\"ListItem\",\"position\":2,\"name\":\"Tous Les Produits\",\"item\":\"https:\\\/\\\/vitablanca.ma\\\/tous-les-produits\\\/\"},{\"@type\":\"ListItem\",\"position\":3,\"name\":\"Bioderma Sensibio AR 40ml\"}]},{\"@type\":\"WebSite\",\"@id\":\"https:\\\/\\\/vitablanca.ma\\\/#website\",\"url\":\"https:\\\/\\\/vitablanca.ma\\\/\",\"name\":\"VitaBlanca.ma | Compl\u00e9ments alimentaires, sant\u00e9 & beaut\u00e9 au Maroc\",\"description\":\"vendre vitamines et compl\u00e9ments premium des USA &amp; Canada, Nouvelle Z\u00e9lande,Maroc (NOW Foods, Solgar, Manuka). Livraison rapide partout au Maroc.\",\"publisher\":{\"@id\":\"https:\\\/\\\/vitablanca.ma\\\/#organization\"},\"alternateName\":\"VitaBlanca.ma\",\"potentialAction\":[{\"@type\":\"SearchAction\",\"target\":{\"@type\":\"EntryPoint\",\"urlTemplate\":\"https:\\\/\\\/vitablanca.ma\\\/?s={search_term_string}\"},\"query-input\":{\"@type\":\"PropertyValueSpecification\",\"valueRequired\":true,\"valueName\":\"search_term_string\"}}],\"inLanguage\":\"en-US\"},{\"@type\":\"Organization\",\"@id\":\"https:\\\/\\\/vitablanca.ma\\\/#organization\",\"name\":\"VitaBlanca\",\"url\":\"https:\\\/\\\/vitablanca.ma\\\/\",\"logo\":{\"@type\":\"ImageObject\",\"inLanguage\":\"en-US\",\"@id\":\"https:\\\/\\\/vitablanca.ma\\\/#\\\/schema\\\/logo\\\/image\\\/\",\"url\":\"https:\\\/\\\/vitablanca.ma\\\/wp-content\\\/uploads\\\/2025\\\/05\\\/cropped-vitablanca.png\",\"contentUrl\":\"https:\\\/\\\/vitablanca.ma\\\/wp-content\\\/uploads\\\/2025\\\/05\\\/cropped-vitablanca.png\",\"width\":360,\"height\":67,\"caption\":\"VitaBlanca\"},\"image\":{\"@id\":\"https:\\\/\\\/vitablanca.ma\\\/#\\\/schema\\\/logo\\\/image\\\/\"},\"sameAs\":[\"https:\\\/\\\/www.facebook.com\\\/profile.php?id=61576678196717\",\"https:\\\/\\\/www.tiktok.com\\\/@vitablanca.ma\",\"https:\\\/\\\/www.instagram.com\\\/vitablanca.ma\\\/\"]}]}<\/script>\n<!-- \/ Yoast SEO plugin. -->","yoast_head_json":{"title":"Bioderma Sensibio AR 40ml - Morocco Price","description":"Bioderma Sensibio AR 40ml","robots":{"index":"index","follow":"follow","max-snippet":"max-snippet:-1","max-image-preview":"max-image-preview:large","max-video-preview":"max-video-preview:-1"},"canonical":"https:\/\/vitablanca.ma\/en\/product\/bioderma-sensibio-ar-40ml\/","og_locale":"en_US","og_type":"article","og_title":"Bioderma Sensibio AR 40ml - Maroc Prix","og_description":"Bioderma Sensibio AR 40ml","og_url":"https:\/\/vitablanca.ma\/en\/product\/bioderma-sensibio-ar-40ml\/","og_site_name":"Vitablanca.ma &ndash; Sant&eacute;, vitalit&eacute; et bien-&ecirc;tre pour tous les Marocains","article_publisher":"https:\/\/www.facebook.com\/profile.php?id=61576678196717","article_modified_time":"2026-01-21T18:15:46+00:00","og_image":[{"width":1000,"height":1000,"url":"https:\/\/vitablanca.ma\/wp-content\/uploads\/2025\/06\/Bioderma-Sensibio-AR-40ml-nova-para-maroc.jpg","type":"image\/jpeg"}],"twitter_card":"summary_large_image","twitter_misc":{"Est. reading time":"1 minute"},"schema":{"@context":"https:\/\/schema.org","@graph":[{"@type":["WebPage","ItemPage"],"@id":"https:\/\/vitablanca.ma\/produit\/bioderma-sensibio-ar-40ml\/","url":"https:\/\/vitablanca.ma\/produit\/bioderma-sensibio-ar-40ml\/","name":"Bioderma Sensibio AR 40ml - Morocco Price","isPartOf":{"@id":"https:\/\/vitablanca.ma\/#website"},"primaryImageOfPage":{"@id":"https:\/\/vitablanca.ma\/produit\/bioderma-sensibio-ar-40ml\/#primaryimage"},"image":{"@id":"https:\/\/vitablanca.ma\/produit\/bioderma-sensibio-ar-40ml\/#primaryimage"},"thumbnailUrl":"https:\/\/vitablanca.ma\/wp-content\/uploads\/2025\/06\/Bioderma-Sensibio-AR-40ml-nova-para-maroc.jpg","datePublished":"2025-06-10T16:05:00+00:00","dateModified":"2026-01-21T18:15:46+00:00","description":"Bioderma Sensibio AR 40ml","breadcrumb":{"@id":"https:\/\/vitablanca.ma\/produit\/bioderma-sensibio-ar-40ml\/#breadcrumb"},"inLanguage":"en-US","potentialAction":[{"@type":"ReadAction","target":["https:\/\/vitablanca.ma\/produit\/bioderma-sensibio-ar-40ml\/"]}]},{"@type":"ImageObject","inLanguage":"en-US","@id":"https:\/\/vitablanca.ma\/produit\/bioderma-sensibio-ar-40ml\/#primaryimage","url":"https:\/\/vitablanca.ma\/wp-content\/uploads\/2025\/06\/Bioderma-Sensibio-AR-40ml-nova-para-maroc.jpg","contentUrl":"https:\/\/vitablanca.ma\/wp-content\/uploads\/2025\/06\/Bioderma-Sensibio-AR-40ml-nova-para-maroc.jpg","width":1000,"height":1000},{"@type":"BreadcrumbList","@id":"https:\/\/vitablanca.ma\/produit\/bioderma-sensibio-ar-40ml\/#breadcrumb","itemListElement":[{"@type":"ListItem","position":1,"name":"Home","item":"https:\/\/vitablanca.ma\/"},{"@type":"ListItem","position":2,"name":"Tous Les Produits","item":"https:\/\/vitablanca.ma\/tous-les-produits\/"},{"@type":"ListItem","position":3,"name":"Bioderma Sensibio AR 40ml"}]},{"@type":"WebSite","@id":"https:\/\/vitablanca.ma\/#website","url":"https:\/\/vitablanca.ma\/","name":"VitaBlanca.ma | Food supplements, health &amp; beauty in Morocco","description":"sell premium vitamins and supplements from USA &amp; Canada, New Zealand, Morocco (NOW Foods, Solgar, Manuka). Fast delivery anywhere in Morocco.","publisher":{"@id":"https:\/\/vitablanca.ma\/#organization"},"alternateName":"VitaBlanca.ma","potentialAction":[{"@type":"SearchAction","target":{"@type":"EntryPoint","urlTemplate":"https:\/\/vitablanca.ma\/?s={search_term_string}"},"query-input":{"@type":"PropertyValueSpecification","valueRequired":true,"valueName":"search_term_string"}}],"inLanguage":"en-US"},{"@type":"Organization","@id":"https:\/\/vitablanca.ma\/#organization","name":"VitaBlanca","url":"https:\/\/vitablanca.ma\/","logo":{"@type":"ImageObject","inLanguage":"en-US","@id":"https:\/\/vitablanca.ma\/#\/schema\/logo\/image\/","url":"https:\/\/vitablanca.ma\/wp-content\/uploads\/2025\/05\/cropped-vitablanca.png","contentUrl":"https:\/\/vitablanca.ma\/wp-content\/uploads\/2025\/05\/cropped-vitablanca.png","width":360,"height":67,"caption":"VitaBlanca"},"image":{"@id":"https:\/\/vitablanca.ma\/#\/schema\/logo\/image\/"},"sameAs":["https:\/\/www.facebook.com\/profile.php?id=61576678196717","https:\/\/www.tiktok.com\/@vitablanca.ma","https:\/\/www.instagram.com\/vitablanca.ma\/"]}]}},"jetpack_sharing_enabled":true,"_links":{"self":[{"href":"https:\/\/vitablanca.ma\/en\/wp-json\/wp\/v2\/product\/15637","targetHints":{"allow":["GET"]}}],"collection":[{"href":"https:\/\/vitablanca.ma\/en\/wp-json\/wp\/v2\/product"}],"about":[{"href":"https:\/\/vitablanca.ma\/en\/wp-json\/wp\/v2\/types\/product"}],"wp:featuredmedia":[{"embeddable":true,"href":"https:\/\/vitablanca.ma\/en\/wp-json\/wp\/v2\/media\/15635"}],"wp:attachment":[{"href":"https:\/\/vitablanca.ma\/en\/wp-json\/wp\/v2\/media?parent=15637"}],"wp:term":[{"taxonomy":"product_brand","embeddable":true,"href":"https:\/\/vitablanca.ma\/en\/wp-json\/wp\/v2\/product_brand?post=15637"},{"taxonomy":"product_cat","embeddable":true,"href":"https:\/\/vitablanca.ma\/en\/wp-json\/wp\/v2\/product_cat?post=15637"},{"taxonomy":"product_tag","embeddable":true,"href":"https:\/\/vitablanca.ma\/en\/wp-json\/wp\/v2\/product_tag?post=15637"}],"curies":[{"name":"wp","href":"https:\/\/api.w.org\/{rel}","templated":true}]}}