{"id":15576,"date":"2025-06-10T16:02:53","date_gmt":"2025-06-10T16:02:53","guid":{"rendered":"https:\/\/vitablanca.ma\/product\/bebe-confort-assiette-avec-compartiments-bambou-9m\/"},"modified":"2025-06-10T16:02:53","modified_gmt":"2025-06-10T16:02:53","slug":"bebe-confort-assiette-avec-compartiments-bambou-9m","status":"publish","type":"product","link":"https:\/\/vitablanca.ma\/en\/product\/bebe-confort-assiette-avec-compartiments-bambou-9m\/","title":{"rendered":"B\u00e9b\u00e9 Confort Bamboo Plate with Compartments +9m"},"content":{"rendered":"<p data-mce-fragment=\"1\"><strong data-mce-fragment=\"1\">Bamboo learning plate with compartments<\/strong><span data-mce-fragment=\"1\">\u00a0<\/span>from the B\u00e9b\u00e9 Confort brand is ideal for introducing your baby to the pleasure of eating their first meals.<\/p>\n<p data-mce-fragment=\"1\">You can arrange the entire meal in the<span data-mce-fragment=\"1\">\u00a0<\/span><strong data-mce-fragment=\"1\">3 compartments<\/strong><span data-mce-fragment=\"1\">\u00a0<\/span>of this pretty plate in<span data-mce-fragment=\"1\">\u00a0<\/span><strong data-mce-fragment=\"1\">compartmentalized bamboo baby comfort<\/strong><span data-mce-fragment=\"1\">\u00a0<\/span>so that your child can eat whatever you have offered them as they wish.<\/p>\n<p data-mce-fragment=\"1\">The plate is made of bamboo fiber and is dishwasher safe.<\/p>\n<p data-mce-fragment=\"1\"><em data-mce-fragment=\"1\"><strong data-mce-fragment=\"1\">A lovely gift to give or to treat yourself!<\/strong><\/em><\/p>\n<p data-mce-fragment=\"1\"><em data-mce-fragment=\"1\"><strong data-mce-fragment=\"1\">Features :<\/strong><\/em><\/p>\n<ul data-mce-fragment=\"1\">\n<li data-mce-fragment=\"1\">Dishwasher-microwave and refrigerator safe.<\/li>\n<li data-mce-fragment=\"1\">Attractive decorations to make baby want to eat.<\/li>\n<li data-mce-fragment=\"1\">3 compartments<\/li>\n<li data-mce-fragment=\"1\">Easy to wash.<\/li>\n<li data-mce-fragment=\"1\">Bamboo fiber<\/li>\n<li data-mce-fragment=\"1\">Boy and girl<\/li>\n<li data-mce-fragment=\"1\">Age: 9 months +<\/li>\n<\/ul>\n<p data-mce-fragment=\"1\"><strong data-mce-fragment=\"1\">Baby Comfort<\/strong><span data-mce-fragment=\"1\">\u00a0<\/span>has earned the respect of all companies dedicated to<span data-mce-fragment=\"1\">\u00a0<\/span><strong data-mce-fragment=\"1\">world of childcare<\/strong><span data-mce-fragment=\"1\">\u00a0<\/span>in<span data-mce-fragment=\"1\">\u00a0<\/span><strong data-mce-fragment=\"1\">making life easier for children and parents<\/strong>.<\/p>\n<h3>DIRECTIONS FOR USE<\/h3>\n<div class=\"tab-panels\">\n<div class=\"woocommerce-Tabs-panel woocommerce-Tabs-panel--conseils-dutilisation panel entry-content active\" id=\"tab-conseils-dutilisation\" role=\"tabpanel\" aria-labelledby=\"tab-title-conseils-dutilisation\">\n<ul>\n<li>Dishwasher-microwave and refrigerator safe.<\/li>\n<\/ul>\n<\/div>\n<\/div>","protected":false},"excerpt":{"rendered":"<p>Assiette d\u2019apprentissage en bambou avec compartiments\u00a0de la marque b\u00e9b\u00e9 confort est id\u00e9ale pour faire d\u00e9couvrir le b\u00e9b\u00e9 le plaisir de manger ses premiers repas. Vous pourrez disposer l\u2019ensemble du repas dans les\u00a03 compartiments\u00a0de cette jolie assiette en\u00a0bambou compartiment\u00e9e b\u00e9b\u00e9 confort\u00a0pour que votre enfant puisse manger \u00e0 sa guise ce que vous lui avez propos\u00e9. L\u2019assiette [&hellip;]<\/p>\n","protected":false},"featured_media":15574,"template":"","meta":{"om_disable_all_campaigns":false},"product_brand":[],"product_cat":[15],"product_tag":[],"class_list":{"0":"post-15576","1":"product","2":"type-product","3":"status-publish","4":"has-post-thumbnail","6":"product_cat-beaute-sante-complements-alimentaires-soins-et-bien-etre-au-meilleur-prix","8":"first","9":"instock","10":"sale","11":"taxable","12":"shipping-taxable","13":"purchasable","14":"product-type-simple"},"yoast_head":"<!-- This site is optimized with the Yoast SEO plugin v27.4 - https:\/\/yoast.com\/product\/yoast-seo-wordpress\/ -->\n<title>B\u00e9b\u00e9 Confort Assiette Avec Compartiments Bambou +9m - Maroc Prix<\/title>\n<meta name=\"description\" content=\"B\u00e9b\u00e9 Confort Assiette Avec Compartiments Bambou +9m\" \/>\n<meta name=\"robots\" content=\"index, follow, max-snippet:-1, max-image-preview:large, max-video-preview:-1\" \/>\n<link rel=\"canonical\" href=\"https:\/\/vitablanca.ma\/en\/product\/bebe-confort-assiette-avec-compartiments-bambou-9m\/\" \/>\n<meta property=\"og:locale\" content=\"en_US\" \/>\n<meta property=\"og:type\" content=\"article\" \/>\n<meta property=\"og:title\" content=\"B\u00e9b\u00e9 Confort Assiette Avec Compartiments Bambou +9m - Maroc Prix\" \/>\n<meta property=\"og:description\" content=\"B\u00e9b\u00e9 Confort Assiette Avec Compartiments Bambou +9m\" \/>\n<meta property=\"og:url\" content=\"https:\/\/vitablanca.ma\/en\/product\/bebe-confort-assiette-avec-compartiments-bambou-9m\/\" \/>\n<meta property=\"og:site_name\" content=\"Vitablanca.ma &ndash; Sant&eacute;, vitalit&eacute; et bien-&ecirc;tre pour tous les Marocains\" \/>\n<meta property=\"article:publisher\" content=\"https:\/\/www.facebook.com\/profile.php?id=61576678196717\" \/>\n<meta property=\"og:image\" content=\"https:\/\/vitablanca.ma\/wp-content\/uploads\/2025\/06\/Bebe-Confort-Assiette-Avec-Compartiments-Bambou-_9m-nova-parapharmacie-casablanca.jpg\" \/>\n\t<meta property=\"og:image:width\" content=\"1000\" \/>\n\t<meta property=\"og:image:height\" content=\"1000\" \/>\n\t<meta property=\"og:image:type\" content=\"image\/jpeg\" \/>\n<meta name=\"twitter:card\" content=\"summary_large_image\" \/>\n<meta name=\"twitter:label1\" content=\"Est. reading time\" \/>\n\t<meta name=\"twitter:data1\" content=\"1 minute\" \/>\n<script type=\"application\/ld+json\" class=\"yoast-schema-graph\">{\"@context\":\"https:\\\/\\\/schema.org\",\"@graph\":[{\"@type\":[\"WebPage\",\"ItemPage\"],\"@id\":\"https:\\\/\\\/vitablanca.ma\\\/produit\\\/bebe-confort-assiette-avec-compartiments-bambou-9m\\\/\",\"url\":\"https:\\\/\\\/vitablanca.ma\\\/produit\\\/bebe-confort-assiette-avec-compartiments-bambou-9m\\\/\",\"name\":\"B\u00e9b\u00e9 Confort Assiette Avec Compartiments Bambou +9m - Maroc Prix\",\"isPartOf\":{\"@id\":\"https:\\\/\\\/vitablanca.ma\\\/#website\"},\"primaryImageOfPage\":{\"@id\":\"https:\\\/\\\/vitablanca.ma\\\/produit\\\/bebe-confort-assiette-avec-compartiments-bambou-9m\\\/#primaryimage\"},\"image\":{\"@id\":\"https:\\\/\\\/vitablanca.ma\\\/produit\\\/bebe-confort-assiette-avec-compartiments-bambou-9m\\\/#primaryimage\"},\"thumbnailUrl\":\"https:\\\/\\\/vitablanca.ma\\\/wp-content\\\/uploads\\\/2025\\\/06\\\/Bebe-Confort-Assiette-Avec-Compartiments-Bambou-_9m-nova-parapharmacie-casablanca.jpg\",\"datePublished\":\"2025-06-10T16:02:53+00:00\",\"description\":\"B\u00e9b\u00e9 Confort Assiette Avec Compartiments Bambou +9m\",\"breadcrumb\":{\"@id\":\"https:\\\/\\\/vitablanca.ma\\\/produit\\\/bebe-confort-assiette-avec-compartiments-bambou-9m\\\/#breadcrumb\"},\"inLanguage\":\"en-US\",\"potentialAction\":[{\"@type\":\"ReadAction\",\"target\":[\"https:\\\/\\\/vitablanca.ma\\\/produit\\\/bebe-confort-assiette-avec-compartiments-bambou-9m\\\/\"]}]},{\"@type\":\"ImageObject\",\"inLanguage\":\"en-US\",\"@id\":\"https:\\\/\\\/vitablanca.ma\\\/produit\\\/bebe-confort-assiette-avec-compartiments-bambou-9m\\\/#primaryimage\",\"url\":\"https:\\\/\\\/vitablanca.ma\\\/wp-content\\\/uploads\\\/2025\\\/06\\\/Bebe-Confort-Assiette-Avec-Compartiments-Bambou-_9m-nova-parapharmacie-casablanca.jpg\",\"contentUrl\":\"https:\\\/\\\/vitablanca.ma\\\/wp-content\\\/uploads\\\/2025\\\/06\\\/Bebe-Confort-Assiette-Avec-Compartiments-Bambou-_9m-nova-parapharmacie-casablanca.jpg\",\"width\":1000,\"height\":1000},{\"@type\":\"BreadcrumbList\",\"@id\":\"https:\\\/\\\/vitablanca.ma\\\/produit\\\/bebe-confort-assiette-avec-compartiments-bambou-9m\\\/#breadcrumb\",\"itemListElement\":[{\"@type\":\"ListItem\",\"position\":1,\"name\":\"Home\",\"item\":\"https:\\\/\\\/vitablanca.ma\\\/\"},{\"@type\":\"ListItem\",\"position\":2,\"name\":\"Tous Les Produits\",\"item\":\"https:\\\/\\\/vitablanca.ma\\\/tous-les-produits\\\/\"},{\"@type\":\"ListItem\",\"position\":3,\"name\":\"B\u00e9b\u00e9 Confort Assiette Avec Compartiments Bambou +9m\"}]},{\"@type\":\"WebSite\",\"@id\":\"https:\\\/\\\/vitablanca.ma\\\/#website\",\"url\":\"https:\\\/\\\/vitablanca.ma\\\/\",\"name\":\"VitaBlanca.ma | Compl\u00e9ments alimentaires, sant\u00e9 & beaut\u00e9 au Maroc\",\"description\":\"vendre vitamines et compl\u00e9ments premium des USA &amp; Canada, Nouvelle Z\u00e9lande,Maroc (NOW Foods, Solgar, Manuka). Livraison rapide partout au Maroc.\",\"publisher\":{\"@id\":\"https:\\\/\\\/vitablanca.ma\\\/#organization\"},\"alternateName\":\"VitaBlanca.ma\",\"potentialAction\":[{\"@type\":\"SearchAction\",\"target\":{\"@type\":\"EntryPoint\",\"urlTemplate\":\"https:\\\/\\\/vitablanca.ma\\\/?s={search_term_string}\"},\"query-input\":{\"@type\":\"PropertyValueSpecification\",\"valueRequired\":true,\"valueName\":\"search_term_string\"}}],\"inLanguage\":\"en-US\"},{\"@type\":\"Organization\",\"@id\":\"https:\\\/\\\/vitablanca.ma\\\/#organization\",\"name\":\"VitaBlanca\",\"url\":\"https:\\\/\\\/vitablanca.ma\\\/\",\"logo\":{\"@type\":\"ImageObject\",\"inLanguage\":\"en-US\",\"@id\":\"https:\\\/\\\/vitablanca.ma\\\/#\\\/schema\\\/logo\\\/image\\\/\",\"url\":\"https:\\\/\\\/vitablanca.ma\\\/wp-content\\\/uploads\\\/2025\\\/05\\\/cropped-vitablanca.png\",\"contentUrl\":\"https:\\\/\\\/vitablanca.ma\\\/wp-content\\\/uploads\\\/2025\\\/05\\\/cropped-vitablanca.png\",\"width\":360,\"height\":67,\"caption\":\"VitaBlanca\"},\"image\":{\"@id\":\"https:\\\/\\\/vitablanca.ma\\\/#\\\/schema\\\/logo\\\/image\\\/\"},\"sameAs\":[\"https:\\\/\\\/www.facebook.com\\\/profile.php?id=61576678196717\",\"https:\\\/\\\/www.tiktok.com\\\/@vitablanca.ma\",\"https:\\\/\\\/www.instagram.com\\\/vitablanca.ma\\\/\"]}]}<\/script>\n<!-- \/ Yoast SEO plugin. -->","yoast_head_json":{"title":"B\u00e9b\u00e9 Confort Bamboo Plate with Compartments +9m - Morocco Price","description":"B\u00e9b\u00e9 Confort Bamboo Plate with Compartments +9m","robots":{"index":"index","follow":"follow","max-snippet":"max-snippet:-1","max-image-preview":"max-image-preview:large","max-video-preview":"max-video-preview:-1"},"canonical":"https:\/\/vitablanca.ma\/en\/product\/bebe-confort-assiette-avec-compartiments-bambou-9m\/","og_locale":"en_US","og_type":"article","og_title":"B\u00e9b\u00e9 Confort Assiette Avec Compartiments Bambou +9m - Maroc Prix","og_description":"B\u00e9b\u00e9 Confort Assiette Avec Compartiments Bambou +9m","og_url":"https:\/\/vitablanca.ma\/en\/product\/bebe-confort-assiette-avec-compartiments-bambou-9m\/","og_site_name":"Vitablanca.ma &ndash; Sant&eacute;, vitalit&eacute; et bien-&ecirc;tre pour tous les Marocains","article_publisher":"https:\/\/www.facebook.com\/profile.php?id=61576678196717","og_image":[{"width":1000,"height":1000,"url":"https:\/\/vitablanca.ma\/wp-content\/uploads\/2025\/06\/Bebe-Confort-Assiette-Avec-Compartiments-Bambou-_9m-nova-parapharmacie-casablanca.jpg","type":"image\/jpeg"}],"twitter_card":"summary_large_image","twitter_misc":{"Est. reading time":"1 minute"},"schema":{"@context":"https:\/\/schema.org","@graph":[{"@type":["WebPage","ItemPage"],"@id":"https:\/\/vitablanca.ma\/produit\/bebe-confort-assiette-avec-compartiments-bambou-9m\/","url":"https:\/\/vitablanca.ma\/produit\/bebe-confort-assiette-avec-compartiments-bambou-9m\/","name":"B\u00e9b\u00e9 Confort Bamboo Plate with Compartments +9m - Morocco Price","isPartOf":{"@id":"https:\/\/vitablanca.ma\/#website"},"primaryImageOfPage":{"@id":"https:\/\/vitablanca.ma\/produit\/bebe-confort-assiette-avec-compartiments-bambou-9m\/#primaryimage"},"image":{"@id":"https:\/\/vitablanca.ma\/produit\/bebe-confort-assiette-avec-compartiments-bambou-9m\/#primaryimage"},"thumbnailUrl":"https:\/\/vitablanca.ma\/wp-content\/uploads\/2025\/06\/Bebe-Confort-Assiette-Avec-Compartiments-Bambou-_9m-nova-parapharmacie-casablanca.jpg","datePublished":"2025-06-10T16:02:53+00:00","description":"B\u00e9b\u00e9 Confort Bamboo Plate with Compartments +9m","breadcrumb":{"@id":"https:\/\/vitablanca.ma\/produit\/bebe-confort-assiette-avec-compartiments-bambou-9m\/#breadcrumb"},"inLanguage":"en-US","potentialAction":[{"@type":"ReadAction","target":["https:\/\/vitablanca.ma\/produit\/bebe-confort-assiette-avec-compartiments-bambou-9m\/"]}]},{"@type":"ImageObject","inLanguage":"en-US","@id":"https:\/\/vitablanca.ma\/produit\/bebe-confort-assiette-avec-compartiments-bambou-9m\/#primaryimage","url":"https:\/\/vitablanca.ma\/wp-content\/uploads\/2025\/06\/Bebe-Confort-Assiette-Avec-Compartiments-Bambou-_9m-nova-parapharmacie-casablanca.jpg","contentUrl":"https:\/\/vitablanca.ma\/wp-content\/uploads\/2025\/06\/Bebe-Confort-Assiette-Avec-Compartiments-Bambou-_9m-nova-parapharmacie-casablanca.jpg","width":1000,"height":1000},{"@type":"BreadcrumbList","@id":"https:\/\/vitablanca.ma\/produit\/bebe-confort-assiette-avec-compartiments-bambou-9m\/#breadcrumb","itemListElement":[{"@type":"ListItem","position":1,"name":"Home","item":"https:\/\/vitablanca.ma\/"},{"@type":"ListItem","position":2,"name":"Tous Les Produits","item":"https:\/\/vitablanca.ma\/tous-les-produits\/"},{"@type":"ListItem","position":3,"name":"B\u00e9b\u00e9 Confort Assiette Avec Compartiments Bambou +9m"}]},{"@type":"WebSite","@id":"https:\/\/vitablanca.ma\/#website","url":"https:\/\/vitablanca.ma\/","name":"VitaBlanca.ma | Food supplements, health &amp; beauty in Morocco","description":"sell premium vitamins and supplements from USA &amp; Canada, New Zealand, Morocco (NOW Foods, Solgar, Manuka). Fast delivery anywhere in Morocco.","publisher":{"@id":"https:\/\/vitablanca.ma\/#organization"},"alternateName":"VitaBlanca.ma","potentialAction":[{"@type":"SearchAction","target":{"@type":"EntryPoint","urlTemplate":"https:\/\/vitablanca.ma\/?s={search_term_string}"},"query-input":{"@type":"PropertyValueSpecification","valueRequired":true,"valueName":"search_term_string"}}],"inLanguage":"en-US"},{"@type":"Organization","@id":"https:\/\/vitablanca.ma\/#organization","name":"VitaBlanca","url":"https:\/\/vitablanca.ma\/","logo":{"@type":"ImageObject","inLanguage":"en-US","@id":"https:\/\/vitablanca.ma\/#\/schema\/logo\/image\/","url":"https:\/\/vitablanca.ma\/wp-content\/uploads\/2025\/05\/cropped-vitablanca.png","contentUrl":"https:\/\/vitablanca.ma\/wp-content\/uploads\/2025\/05\/cropped-vitablanca.png","width":360,"height":67,"caption":"VitaBlanca"},"image":{"@id":"https:\/\/vitablanca.ma\/#\/schema\/logo\/image\/"},"sameAs":["https:\/\/www.facebook.com\/profile.php?id=61576678196717","https:\/\/www.tiktok.com\/@vitablanca.ma","https:\/\/www.instagram.com\/vitablanca.ma\/"]}]}},"jetpack_sharing_enabled":true,"_links":{"self":[{"href":"https:\/\/vitablanca.ma\/en\/wp-json\/wp\/v2\/product\/15576","targetHints":{"allow":["GET"]}}],"collection":[{"href":"https:\/\/vitablanca.ma\/en\/wp-json\/wp\/v2\/product"}],"about":[{"href":"https:\/\/vitablanca.ma\/en\/wp-json\/wp\/v2\/types\/product"}],"wp:featuredmedia":[{"embeddable":true,"href":"https:\/\/vitablanca.ma\/en\/wp-json\/wp\/v2\/media\/15574"}],"wp:attachment":[{"href":"https:\/\/vitablanca.ma\/en\/wp-json\/wp\/v2\/media?parent=15576"}],"wp:term":[{"taxonomy":"product_brand","embeddable":true,"href":"https:\/\/vitablanca.ma\/en\/wp-json\/wp\/v2\/product_brand?post=15576"},{"taxonomy":"product_cat","embeddable":true,"href":"https:\/\/vitablanca.ma\/en\/wp-json\/wp\/v2\/product_cat?post=15576"},{"taxonomy":"product_tag","embeddable":true,"href":"https:\/\/vitablanca.ma\/en\/wp-json\/wp\/v2\/product_tag?post=15576"}],"curies":[{"name":"wp","href":"https:\/\/api.w.org\/{rel}","templated":true}]}}