{"id":15559,"date":"2025-06-10T16:02:38","date_gmt":"2025-06-10T16:02:38","guid":{"rendered":"https:\/\/vitablanca.ma\/product\/bebe-confort-biberon-en-verre-fantasy-0-12m-240ml\/"},"modified":"2025-06-10T16:02:38","modified_gmt":"2025-06-10T16:02:38","slug":"bebe-confort-biberon-en-verre-fantasy-0-12m-240ml","status":"publish","type":"product","link":"https:\/\/vitablanca.ma\/en\/product\/bebe-confort-biberon-en-verre-fantasy-0-12m-240ml\/","title":{"rendered":"B\u00e9b\u00e9 Confort Fantasy Glass Bottle 0-12m 240ml"},"content":{"rendered":"<h2>B\u00e9b\u00e9 Confort Fantasy Glass Bottle 0-12m.<\/h2>\n<p>THE<span>\u00a0<\/span><strong>Fantasy glass baby bottle 240 ml variable flow<\/strong><span>\u00a0<\/span>of the brand<span>\u00a0<\/span><strong>Baby Comfort<\/strong><span>\u00a0<\/span>for 0-12 Months with a silicone teat and<span>\u00a0<\/span><strong>equipped with a shutter to prevent the risk of leaks.<\/strong><\/p>\n<h3><strong>Features :<\/strong><\/h3>\n<ul>\n<li>Practical and easy to use<\/li>\n<li>Ergonomic shape<\/li>\n<li>Silicone pacifier<\/li>\n<li>Easy to clean.<\/li>\n<li>Age: 0-12 Months<\/li>\n<li>Boy and girl<\/li>\n<li>Capacity: 240 ml<\/li>\n<\/ul>\n<p><strong>Baby Comfort<\/strong><span>\u00a0<\/span>has earned the respect of all companies dedicated to<span>\u00a0<\/span><strong>world of childcare<\/strong><span>\u00a0<\/span>in<span>\u00a0<\/span><strong>making life easier for children and parents<\/strong>.<\/p>\n<h3>DIRECTIONS FOR USE<\/h3>\n<div class=\"tab-panels\">\n<div aria-labelledby=\"tab-title-conseils-dutilisation\" role=\"tabpanel\" id=\"tab-conseils-dutilisation\" class=\"woocommerce-Tabs-panel woocommerce-Tabs-panel--conseils-dutilisation panel entry-content active\">\n<ul>\n<li>Clean the bottle thoroughly and always sterilize it before use.<\/li>\n<li>Sterilization helps protect your baby from the particularly harmful bacteria in milk until their immune system is strong enough.<\/li>\n<\/ul>\n<h3>Caution:<\/h3>\n<ul>\n<li>This bottle should always be used under adult supervision.<\/li>\n<li>Never use a bottle nipple as a pacifier.<\/li>\n<li>Continuous and prolonged feeding of liquids can lead to tooth decay, even with unsweetened liquids.<\/li>\n<li>Always check the temperature of the food before bottle feeding.<\/li>\n<li>Microwave heating can cause high local temperatures.<\/li>\n<\/ul>\n<\/div>\n<\/div>","protected":false},"excerpt":{"rendered":"<p>B\u00e9b\u00e9 Confort Biberon En Verre Fantasy 0-12m. Le\u00a0biberon en verre fantasy 240 ml d\u00e9bit variable\u00a0de la marque\u00a0B\u00e9b\u00e9 confort\u00a0pour 0-12 Mois dot\u00e9 d\u2019une t\u00e9tine en silicone et\u00a0\u00e9quip\u00e9 d\u2019un obturateur pour \u00e9viter les risques de fuites. Caract\u00e9ristiques : Pratique et facile \u00e0 utiliser Forme ergonomique T\u00e9tine en silicone Facile \u00e0 nettoyer. Age : 0-12 Mois Gar\u00e7on et [&hellip;]<\/p>\n","protected":false},"featured_media":15558,"template":"","meta":{"om_disable_all_campaigns":false},"product_brand":[],"product_cat":[15],"product_tag":[],"class_list":{"0":"post-15559","1":"product","2":"type-product","3":"status-publish","4":"has-post-thumbnail","6":"product_cat-beaute-sante-complements-alimentaires-soins-et-bien-etre-au-meilleur-prix","8":"first","9":"instock","10":"sale","11":"taxable","12":"shipping-taxable","13":"purchasable","14":"product-type-simple"},"yoast_head":"<!-- This site is optimized with the Yoast SEO plugin v27.5 - https:\/\/yoast.com\/product\/yoast-seo-wordpress\/ -->\n<title>B\u00e9b\u00e9 Confort Biberon En Verre Fantasy 0-12m 240ml - Maroc Prix<\/title>\n<meta name=\"description\" content=\"B\u00e9b\u00e9 Confort Biberon En Verre Fantasy 0-12m 240ml\" \/>\n<meta name=\"robots\" content=\"index, follow, max-snippet:-1, max-image-preview:large, max-video-preview:-1\" \/>\n<link rel=\"canonical\" href=\"https:\/\/vitablanca.ma\/en\/product\/bebe-confort-biberon-en-verre-fantasy-0-12m-240ml\/\" \/>\n<meta property=\"og:locale\" content=\"en_US\" \/>\n<meta property=\"og:type\" content=\"article\" \/>\n<meta property=\"og:title\" content=\"B\u00e9b\u00e9 Confort Biberon En Verre Fantasy 0-12m 240ml - Maroc Prix\" \/>\n<meta property=\"og:description\" content=\"B\u00e9b\u00e9 Confort Biberon En Verre Fantasy 0-12m 240ml\" \/>\n<meta property=\"og:url\" content=\"https:\/\/vitablanca.ma\/en\/product\/bebe-confort-biberon-en-verre-fantasy-0-12m-240ml\/\" \/>\n<meta property=\"og:site_name\" content=\"Vitablanca.ma &ndash; Sant&eacute;, vitalit&eacute; et bien-&ecirc;tre pour tous les Marocains\" \/>\n<meta property=\"article:publisher\" content=\"https:\/\/www.facebook.com\/profile.php?id=61576678196717\" \/>\n<meta property=\"og:image\" content=\"https:\/\/vitablanca.ma\/wp-content\/uploads\/2025\/06\/Bebe-Confort-Biberon-En-Verre-Fantasy-0-12m-240ml-nova-parapharmacie-casablanca.jpg\" \/>\n\t<meta property=\"og:image:width\" content=\"1000\" \/>\n\t<meta property=\"og:image:height\" content=\"1000\" \/>\n\t<meta property=\"og:image:type\" content=\"image\/jpeg\" \/>\n<meta name=\"twitter:card\" content=\"summary_large_image\" \/>\n<meta name=\"twitter:label1\" content=\"Est. reading time\" \/>\n\t<meta name=\"twitter:data1\" content=\"1 minute\" \/>\n<script type=\"application\/ld+json\" class=\"yoast-schema-graph\">{\"@context\":\"https:\\\/\\\/schema.org\",\"@graph\":[{\"@type\":[\"WebPage\",\"ItemPage\"],\"@id\":\"https:\\\/\\\/vitablanca.ma\\\/produit\\\/bebe-confort-biberon-en-verre-fantasy-0-12m-240ml\\\/\",\"url\":\"https:\\\/\\\/vitablanca.ma\\\/produit\\\/bebe-confort-biberon-en-verre-fantasy-0-12m-240ml\\\/\",\"name\":\"B\u00e9b\u00e9 Confort Biberon En Verre Fantasy 0-12m 240ml - Maroc Prix\",\"isPartOf\":{\"@id\":\"https:\\\/\\\/vitablanca.ma\\\/#website\"},\"primaryImageOfPage\":{\"@id\":\"https:\\\/\\\/vitablanca.ma\\\/produit\\\/bebe-confort-biberon-en-verre-fantasy-0-12m-240ml\\\/#primaryimage\"},\"image\":{\"@id\":\"https:\\\/\\\/vitablanca.ma\\\/produit\\\/bebe-confort-biberon-en-verre-fantasy-0-12m-240ml\\\/#primaryimage\"},\"thumbnailUrl\":\"https:\\\/\\\/vitablanca.ma\\\/wp-content\\\/uploads\\\/2025\\\/06\\\/Bebe-Confort-Biberon-En-Verre-Fantasy-0-12m-240ml-nova-parapharmacie-casablanca.jpg\",\"datePublished\":\"2025-06-10T16:02:38+00:00\",\"description\":\"B\u00e9b\u00e9 Confort Biberon En Verre Fantasy 0-12m 240ml\",\"breadcrumb\":{\"@id\":\"https:\\\/\\\/vitablanca.ma\\\/produit\\\/bebe-confort-biberon-en-verre-fantasy-0-12m-240ml\\\/#breadcrumb\"},\"inLanguage\":\"en-US\",\"potentialAction\":[{\"@type\":\"ReadAction\",\"target\":[\"https:\\\/\\\/vitablanca.ma\\\/produit\\\/bebe-confort-biberon-en-verre-fantasy-0-12m-240ml\\\/\"]}]},{\"@type\":\"ImageObject\",\"inLanguage\":\"en-US\",\"@id\":\"https:\\\/\\\/vitablanca.ma\\\/produit\\\/bebe-confort-biberon-en-verre-fantasy-0-12m-240ml\\\/#primaryimage\",\"url\":\"https:\\\/\\\/vitablanca.ma\\\/wp-content\\\/uploads\\\/2025\\\/06\\\/Bebe-Confort-Biberon-En-Verre-Fantasy-0-12m-240ml-nova-parapharmacie-casablanca.jpg\",\"contentUrl\":\"https:\\\/\\\/vitablanca.ma\\\/wp-content\\\/uploads\\\/2025\\\/06\\\/Bebe-Confort-Biberon-En-Verre-Fantasy-0-12m-240ml-nova-parapharmacie-casablanca.jpg\",\"width\":1000,\"height\":1000},{\"@type\":\"BreadcrumbList\",\"@id\":\"https:\\\/\\\/vitablanca.ma\\\/produit\\\/bebe-confort-biberon-en-verre-fantasy-0-12m-240ml\\\/#breadcrumb\",\"itemListElement\":[{\"@type\":\"ListItem\",\"position\":1,\"name\":\"Home\",\"item\":\"https:\\\/\\\/vitablanca.ma\\\/\"},{\"@type\":\"ListItem\",\"position\":2,\"name\":\"Tous Les Produits\",\"item\":\"https:\\\/\\\/vitablanca.ma\\\/tous-les-produits\\\/\"},{\"@type\":\"ListItem\",\"position\":3,\"name\":\"B\u00e9b\u00e9 Confort Biberon En Verre Fantasy 0-12m 240ml\"}]},{\"@type\":\"WebSite\",\"@id\":\"https:\\\/\\\/vitablanca.ma\\\/#website\",\"url\":\"https:\\\/\\\/vitablanca.ma\\\/\",\"name\":\"VitaBlanca.ma | Compl\u00e9ments alimentaires, sant\u00e9 & beaut\u00e9 au Maroc\",\"description\":\"vendre vitamines et compl\u00e9ments premium des USA &amp; Canada, Nouvelle Z\u00e9lande,Maroc (NOW Foods, Solgar, Manuka). Livraison rapide partout au Maroc.\",\"publisher\":{\"@id\":\"https:\\\/\\\/vitablanca.ma\\\/#organization\"},\"alternateName\":\"VitaBlanca.ma\",\"potentialAction\":[{\"@type\":\"SearchAction\",\"target\":{\"@type\":\"EntryPoint\",\"urlTemplate\":\"https:\\\/\\\/vitablanca.ma\\\/?s={search_term_string}\"},\"query-input\":{\"@type\":\"PropertyValueSpecification\",\"valueRequired\":true,\"valueName\":\"search_term_string\"}}],\"inLanguage\":\"en-US\"},{\"@type\":\"Organization\",\"@id\":\"https:\\\/\\\/vitablanca.ma\\\/#organization\",\"name\":\"VitaBlanca\",\"url\":\"https:\\\/\\\/vitablanca.ma\\\/\",\"logo\":{\"@type\":\"ImageObject\",\"inLanguage\":\"en-US\",\"@id\":\"https:\\\/\\\/vitablanca.ma\\\/#\\\/schema\\\/logo\\\/image\\\/\",\"url\":\"https:\\\/\\\/vitablanca.ma\\\/wp-content\\\/uploads\\\/2025\\\/05\\\/cropped-vitablanca.png\",\"contentUrl\":\"https:\\\/\\\/vitablanca.ma\\\/wp-content\\\/uploads\\\/2025\\\/05\\\/cropped-vitablanca.png\",\"width\":360,\"height\":67,\"caption\":\"VitaBlanca\"},\"image\":{\"@id\":\"https:\\\/\\\/vitablanca.ma\\\/#\\\/schema\\\/logo\\\/image\\\/\"},\"sameAs\":[\"https:\\\/\\\/www.facebook.com\\\/profile.php?id=61576678196717\",\"https:\\\/\\\/www.tiktok.com\\\/@vitablanca.ma\",\"https:\\\/\\\/www.instagram.com\\\/vitablanca.ma\\\/\"]}]}<\/script>\n<!-- \/ Yoast SEO plugin. -->","yoast_head_json":{"title":"B\u00e9b\u00e9 Confort Fantasy Glass Bottle 0-12m 240ml - Morocco Price","description":"B\u00e9b\u00e9 Confort Fantasy Glass Bottle 0-12m 240ml","robots":{"index":"index","follow":"follow","max-snippet":"max-snippet:-1","max-image-preview":"max-image-preview:large","max-video-preview":"max-video-preview:-1"},"canonical":"https:\/\/vitablanca.ma\/en\/product\/bebe-confort-biberon-en-verre-fantasy-0-12m-240ml\/","og_locale":"en_US","og_type":"article","og_title":"B\u00e9b\u00e9 Confort Biberon En Verre Fantasy 0-12m 240ml - Maroc Prix","og_description":"B\u00e9b\u00e9 Confort Biberon En Verre Fantasy 0-12m 240ml","og_url":"https:\/\/vitablanca.ma\/en\/product\/bebe-confort-biberon-en-verre-fantasy-0-12m-240ml\/","og_site_name":"Vitablanca.ma &ndash; Sant&eacute;, vitalit&eacute; et bien-&ecirc;tre pour tous les Marocains","article_publisher":"https:\/\/www.facebook.com\/profile.php?id=61576678196717","og_image":[{"width":1000,"height":1000,"url":"https:\/\/vitablanca.ma\/wp-content\/uploads\/2025\/06\/Bebe-Confort-Biberon-En-Verre-Fantasy-0-12m-240ml-nova-parapharmacie-casablanca.jpg","type":"image\/jpeg"}],"twitter_card":"summary_large_image","twitter_misc":{"Est. reading time":"1 minute"},"schema":{"@context":"https:\/\/schema.org","@graph":[{"@type":["WebPage","ItemPage"],"@id":"https:\/\/vitablanca.ma\/produit\/bebe-confort-biberon-en-verre-fantasy-0-12m-240ml\/","url":"https:\/\/vitablanca.ma\/produit\/bebe-confort-biberon-en-verre-fantasy-0-12m-240ml\/","name":"B\u00e9b\u00e9 Confort Fantasy Glass Bottle 0-12m 240ml - Morocco Price","isPartOf":{"@id":"https:\/\/vitablanca.ma\/#website"},"primaryImageOfPage":{"@id":"https:\/\/vitablanca.ma\/produit\/bebe-confort-biberon-en-verre-fantasy-0-12m-240ml\/#primaryimage"},"image":{"@id":"https:\/\/vitablanca.ma\/produit\/bebe-confort-biberon-en-verre-fantasy-0-12m-240ml\/#primaryimage"},"thumbnailUrl":"https:\/\/vitablanca.ma\/wp-content\/uploads\/2025\/06\/Bebe-Confort-Biberon-En-Verre-Fantasy-0-12m-240ml-nova-parapharmacie-casablanca.jpg","datePublished":"2025-06-10T16:02:38+00:00","description":"B\u00e9b\u00e9 Confort Fantasy Glass Bottle 0-12m 240ml","breadcrumb":{"@id":"https:\/\/vitablanca.ma\/produit\/bebe-confort-biberon-en-verre-fantasy-0-12m-240ml\/#breadcrumb"},"inLanguage":"en-US","potentialAction":[{"@type":"ReadAction","target":["https:\/\/vitablanca.ma\/produit\/bebe-confort-biberon-en-verre-fantasy-0-12m-240ml\/"]}]},{"@type":"ImageObject","inLanguage":"en-US","@id":"https:\/\/vitablanca.ma\/produit\/bebe-confort-biberon-en-verre-fantasy-0-12m-240ml\/#primaryimage","url":"https:\/\/vitablanca.ma\/wp-content\/uploads\/2025\/06\/Bebe-Confort-Biberon-En-Verre-Fantasy-0-12m-240ml-nova-parapharmacie-casablanca.jpg","contentUrl":"https:\/\/vitablanca.ma\/wp-content\/uploads\/2025\/06\/Bebe-Confort-Biberon-En-Verre-Fantasy-0-12m-240ml-nova-parapharmacie-casablanca.jpg","width":1000,"height":1000},{"@type":"BreadcrumbList","@id":"https:\/\/vitablanca.ma\/produit\/bebe-confort-biberon-en-verre-fantasy-0-12m-240ml\/#breadcrumb","itemListElement":[{"@type":"ListItem","position":1,"name":"Home","item":"https:\/\/vitablanca.ma\/"},{"@type":"ListItem","position":2,"name":"Tous Les Produits","item":"https:\/\/vitablanca.ma\/tous-les-produits\/"},{"@type":"ListItem","position":3,"name":"B\u00e9b\u00e9 Confort Biberon En Verre Fantasy 0-12m 240ml"}]},{"@type":"WebSite","@id":"https:\/\/vitablanca.ma\/#website","url":"https:\/\/vitablanca.ma\/","name":"VitaBlanca.ma | Food supplements, health &amp; beauty in Morocco","description":"sell premium vitamins and supplements from USA &amp; Canada, New Zealand, Morocco (NOW Foods, Solgar, Manuka). Fast delivery anywhere in Morocco.","publisher":{"@id":"https:\/\/vitablanca.ma\/#organization"},"alternateName":"VitaBlanca.ma","potentialAction":[{"@type":"SearchAction","target":{"@type":"EntryPoint","urlTemplate":"https:\/\/vitablanca.ma\/?s={search_term_string}"},"query-input":{"@type":"PropertyValueSpecification","valueRequired":true,"valueName":"search_term_string"}}],"inLanguage":"en-US"},{"@type":"Organization","@id":"https:\/\/vitablanca.ma\/#organization","name":"VitaBlanca","url":"https:\/\/vitablanca.ma\/","logo":{"@type":"ImageObject","inLanguage":"en-US","@id":"https:\/\/vitablanca.ma\/#\/schema\/logo\/image\/","url":"https:\/\/vitablanca.ma\/wp-content\/uploads\/2025\/05\/cropped-vitablanca.png","contentUrl":"https:\/\/vitablanca.ma\/wp-content\/uploads\/2025\/05\/cropped-vitablanca.png","width":360,"height":67,"caption":"VitaBlanca"},"image":{"@id":"https:\/\/vitablanca.ma\/#\/schema\/logo\/image\/"},"sameAs":["https:\/\/www.facebook.com\/profile.php?id=61576678196717","https:\/\/www.tiktok.com\/@vitablanca.ma","https:\/\/www.instagram.com\/vitablanca.ma\/"]}]}},"jetpack_sharing_enabled":true,"_links":{"self":[{"href":"https:\/\/vitablanca.ma\/en\/wp-json\/wp\/v2\/product\/15559","targetHints":{"allow":["GET"]}}],"collection":[{"href":"https:\/\/vitablanca.ma\/en\/wp-json\/wp\/v2\/product"}],"about":[{"href":"https:\/\/vitablanca.ma\/en\/wp-json\/wp\/v2\/types\/product"}],"wp:featuredmedia":[{"embeddable":true,"href":"https:\/\/vitablanca.ma\/en\/wp-json\/wp\/v2\/media\/15558"}],"wp:attachment":[{"href":"https:\/\/vitablanca.ma\/en\/wp-json\/wp\/v2\/media?parent=15559"}],"wp:term":[{"taxonomy":"product_brand","embeddable":true,"href":"https:\/\/vitablanca.ma\/en\/wp-json\/wp\/v2\/product_brand?post=15559"},{"taxonomy":"product_cat","embeddable":true,"href":"https:\/\/vitablanca.ma\/en\/wp-json\/wp\/v2\/product_cat?post=15559"},{"taxonomy":"product_tag","embeddable":true,"href":"https:\/\/vitablanca.ma\/en\/wp-json\/wp\/v2\/product_tag?post=15559"}],"curies":[{"name":"wp","href":"https:\/\/api.w.org\/{rel}","templated":true}]}}