{"id":15550,"date":"2025-06-10T16:02:31","date_gmt":"2025-06-10T16:02:31","guid":{"rendered":"https:\/\/vitablanca.ma\/product\/bella-aurora-splendor-serum-elasticite-fermete-30ml\/"},"modified":"2025-06-10T16:02:31","modified_gmt":"2025-06-10T16:02:31","slug":"bella-aurora-splendor-serum-elasticite-fermete-30ml","status":"publish","type":"product","link":"https:\/\/vitablanca.ma\/en\/product\/bella-aurora-splendor-serum-elasticite-fermete-30ml\/","title":{"rendered":"BELLA AURORA SPLENDOR SERUM ELASTICITY + FIRMNESS 30ML"},"content":{"rendered":"<h2><strong>BELLA AURORA SPLENDOR SERUM ELASTICITY + FIRMNESS 30ML<\/strong><\/h2>\n<p><strong>Bella Aurora Splendor Elasticity and Firmness Serum<\/strong><\/p>\n<p><strong>Qu\u2019est-ce que c\u2019est et \u00e0 quoi sert-il ?<\/strong><\/p>\n<p>Le s\u00e9rum Splendor est un m\u00e9lange de pointe d\u2019oxyg\u00e8ne et de collag\u00e8ne marin qui r\u00e9duit l\u2019apparence des rides et votre peau para\u00eetra plus \u00e9lastique et plus ferme. Niveau d\u2019hydratation optimal. Am\u00e9liore la texture de la peau, qui devient plus lumineuse.<\/p>\n<p><strong>What are the benefits of Elasticity and Firmness Serum?<\/strong><\/p>\n<p>\u2013 Haute Technologie : Cette formule exclusive utilise des ingr\u00e9dients de haute technologie, apportant une vague de fermet\u00e9, d\u2019hydratation, de douceur et d\u2019\u00e9lasticit\u00e9 \u00e0 votre peau. L\u2019oxyg\u00e8ne, l\u2019un des principaux agents de r\u00e9duction des rides, agit avec diligence pour diminuer l\u2019apparence des ridules et des rides d\u2019expression. Parall\u00e8lement, le collag\u00e8ne marin, puissant hydratant, apporte \u00e9lasticit\u00e9, fermet\u00e9 et une texture irr\u00e9sistiblement lisse ; \u2013 Hydratation en profondeur : Dites adieu \u00e0 la peau terne et fatigu\u00e9e. Ce s\u00e9rum r\u00e9duit non seulement les rides mais augmente \u00e9galement l\u2019\u00e9lasticit\u00e9 et la fermet\u00e9 de la peau tout en maintenant des niveaux d\u2019hydratation optimaux. Enrichi en min\u00e9raux essentiels, il forme un bouclier contre les agresseurs environnementaux et le stress quotidien, assurant ainsi le bien-\u00eatre de votre peau. strong>Comment utiliser : \u2013 Appliquer matin et soir en effectuant un l\u00e9ger massage jusqu\u2019\u00e0 absorption compl\u00e8te.<\/p>\n<p><strong>Safety Precautions and Warnings:<\/strong><\/p>\n<p>This anti-aging serum for women is suitable for all skin types. Its gentle formula is perfect for daily use, ensuring continuous hydration and skin rejuvenation. Dermatologically tested and free from parabens, mineral oils, and petrolatum.<\/p>","protected":false},"excerpt":{"rendered":"<p>BELLA AURORA SPLENDOR SERUM ELASTICITE + FERMETE 30ML S\u00e9rum \u00c9lasticit\u00e9 et Fermet\u00e9 Bella Aurora Splendor Qu\u2019est-ce que c\u2019est et \u00e0 quoi sert-il ? Le s\u00e9rum Splendor est un m\u00e9lange de pointe d\u2019oxyg\u00e8ne et de collag\u00e8ne marin qui r\u00e9duit l\u2019apparence des rides et votre peau para\u00eetra plus \u00e9lastique et plus ferme. Niveau d\u2019hydratation optimal. Am\u00e9liore la [&hellip;]<\/p>\n","protected":false},"featured_media":15549,"template":"","meta":{"om_disable_all_campaigns":false},"product_brand":[],"product_cat":[15],"product_tag":[],"class_list":{"0":"post-15550","1":"product","2":"type-product","3":"status-publish","4":"has-post-thumbnail","6":"product_cat-beaute-sante-complements-alimentaires-soins-et-bien-etre-au-meilleur-prix","8":"first","9":"instock","10":"sale","11":"taxable","12":"shipping-taxable","13":"purchasable","14":"product-type-simple"},"yoast_head":"<!-- This site is optimized with the Yoast SEO plugin v27.5 - https:\/\/yoast.com\/product\/yoast-seo-wordpress\/ -->\n<title>BELLA AURORA SPLENDOR SERUM ELASTICITE + FERMETE 30ML - Maroc Prix<\/title>\n<meta name=\"description\" content=\"BELLA AURORA SPLENDOR SERUM ELASTICITE + FERMETE 30ML\" \/>\n<meta name=\"robots\" content=\"index, follow, max-snippet:-1, max-image-preview:large, max-video-preview:-1\" \/>\n<link rel=\"canonical\" href=\"https:\/\/vitablanca.ma\/en\/product\/bella-aurora-splendor-serum-elasticite-fermete-30ml\/\" \/>\n<meta property=\"og:locale\" content=\"en_US\" \/>\n<meta property=\"og:type\" content=\"article\" \/>\n<meta property=\"og:title\" content=\"BELLA AURORA SPLENDOR SERUM ELASTICITE + FERMETE 30ML - Maroc Prix\" \/>\n<meta property=\"og:description\" content=\"BELLA AURORA SPLENDOR SERUM ELASTICITE + FERMETE 30ML\" \/>\n<meta property=\"og:url\" content=\"https:\/\/vitablanca.ma\/en\/product\/bella-aurora-splendor-serum-elasticite-fermete-30ml\/\" \/>\n<meta property=\"og:site_name\" content=\"Vitablanca.ma &ndash; Sant&eacute;, vitalit&eacute; et bien-&ecirc;tre pour tous les Marocains\" \/>\n<meta property=\"article:publisher\" content=\"https:\/\/www.facebook.com\/profile.php?id=61576678196717\" \/>\n<meta property=\"og:image\" content=\"https:\/\/vitablanca.ma\/wp-content\/uploads\/2025\/06\/bella-aurora-splendor-serum-elasticite-fermete-30ml-Nova-para-prix-Maroc.jpg\" \/>\n\t<meta property=\"og:image:width\" content=\"800\" \/>\n\t<meta property=\"og:image:height\" content=\"800\" \/>\n\t<meta property=\"og:image:type\" content=\"image\/jpeg\" \/>\n<meta name=\"twitter:card\" content=\"summary_large_image\" \/>\n<meta name=\"twitter:label1\" content=\"Est. reading time\" \/>\n\t<meta name=\"twitter:data1\" content=\"1 minute\" \/>\n<script type=\"application\/ld+json\" class=\"yoast-schema-graph\">{\"@context\":\"https:\\\/\\\/schema.org\",\"@graph\":[{\"@type\":[\"WebPage\",\"ItemPage\"],\"@id\":\"https:\\\/\\\/vitablanca.ma\\\/produit\\\/bella-aurora-splendor-serum-elasticite-fermete-30ml\\\/\",\"url\":\"https:\\\/\\\/vitablanca.ma\\\/produit\\\/bella-aurora-splendor-serum-elasticite-fermete-30ml\\\/\",\"name\":\"BELLA AURORA SPLENDOR SERUM ELASTICITE + FERMETE 30ML - Maroc Prix\",\"isPartOf\":{\"@id\":\"https:\\\/\\\/vitablanca.ma\\\/#website\"},\"primaryImageOfPage\":{\"@id\":\"https:\\\/\\\/vitablanca.ma\\\/produit\\\/bella-aurora-splendor-serum-elasticite-fermete-30ml\\\/#primaryimage\"},\"image\":{\"@id\":\"https:\\\/\\\/vitablanca.ma\\\/produit\\\/bella-aurora-splendor-serum-elasticite-fermete-30ml\\\/#primaryimage\"},\"thumbnailUrl\":\"https:\\\/\\\/vitablanca.ma\\\/wp-content\\\/uploads\\\/2025\\\/06\\\/bella-aurora-splendor-serum-elasticite-fermete-30ml-Nova-para-prix-Maroc.jpg\",\"datePublished\":\"2025-06-10T16:02:31+00:00\",\"description\":\"BELLA AURORA SPLENDOR SERUM ELASTICITE + FERMETE 30ML\",\"breadcrumb\":{\"@id\":\"https:\\\/\\\/vitablanca.ma\\\/produit\\\/bella-aurora-splendor-serum-elasticite-fermete-30ml\\\/#breadcrumb\"},\"inLanguage\":\"en-US\",\"potentialAction\":[{\"@type\":\"ReadAction\",\"target\":[\"https:\\\/\\\/vitablanca.ma\\\/produit\\\/bella-aurora-splendor-serum-elasticite-fermete-30ml\\\/\"]}]},{\"@type\":\"ImageObject\",\"inLanguage\":\"en-US\",\"@id\":\"https:\\\/\\\/vitablanca.ma\\\/produit\\\/bella-aurora-splendor-serum-elasticite-fermete-30ml\\\/#primaryimage\",\"url\":\"https:\\\/\\\/vitablanca.ma\\\/wp-content\\\/uploads\\\/2025\\\/06\\\/bella-aurora-splendor-serum-elasticite-fermete-30ml-Nova-para-prix-Maroc.jpg\",\"contentUrl\":\"https:\\\/\\\/vitablanca.ma\\\/wp-content\\\/uploads\\\/2025\\\/06\\\/bella-aurora-splendor-serum-elasticite-fermete-30ml-Nova-para-prix-Maroc.jpg\",\"width\":800,\"height\":800},{\"@type\":\"BreadcrumbList\",\"@id\":\"https:\\\/\\\/vitablanca.ma\\\/produit\\\/bella-aurora-splendor-serum-elasticite-fermete-30ml\\\/#breadcrumb\",\"itemListElement\":[{\"@type\":\"ListItem\",\"position\":1,\"name\":\"Home\",\"item\":\"https:\\\/\\\/vitablanca.ma\\\/\"},{\"@type\":\"ListItem\",\"position\":2,\"name\":\"Tous Les Produits\",\"item\":\"https:\\\/\\\/vitablanca.ma\\\/tous-les-produits\\\/\"},{\"@type\":\"ListItem\",\"position\":3,\"name\":\"BELLA AURORA SPLENDOR SERUM ELASTICITE + FERMETE 30ML\"}]},{\"@type\":\"WebSite\",\"@id\":\"https:\\\/\\\/vitablanca.ma\\\/#website\",\"url\":\"https:\\\/\\\/vitablanca.ma\\\/\",\"name\":\"VitaBlanca.ma | Compl\u00e9ments alimentaires, sant\u00e9 & beaut\u00e9 au Maroc\",\"description\":\"vendre vitamines et compl\u00e9ments premium des USA &amp; Canada, Nouvelle Z\u00e9lande,Maroc (NOW Foods, Solgar, Manuka). Livraison rapide partout au Maroc.\",\"publisher\":{\"@id\":\"https:\\\/\\\/vitablanca.ma\\\/#organization\"},\"alternateName\":\"VitaBlanca.ma\",\"potentialAction\":[{\"@type\":\"SearchAction\",\"target\":{\"@type\":\"EntryPoint\",\"urlTemplate\":\"https:\\\/\\\/vitablanca.ma\\\/?s={search_term_string}\"},\"query-input\":{\"@type\":\"PropertyValueSpecification\",\"valueRequired\":true,\"valueName\":\"search_term_string\"}}],\"inLanguage\":\"en-US\"},{\"@type\":\"Organization\",\"@id\":\"https:\\\/\\\/vitablanca.ma\\\/#organization\",\"name\":\"VitaBlanca\",\"url\":\"https:\\\/\\\/vitablanca.ma\\\/\",\"logo\":{\"@type\":\"ImageObject\",\"inLanguage\":\"en-US\",\"@id\":\"https:\\\/\\\/vitablanca.ma\\\/#\\\/schema\\\/logo\\\/image\\\/\",\"url\":\"https:\\\/\\\/vitablanca.ma\\\/wp-content\\\/uploads\\\/2025\\\/05\\\/cropped-vitablanca.png\",\"contentUrl\":\"https:\\\/\\\/vitablanca.ma\\\/wp-content\\\/uploads\\\/2025\\\/05\\\/cropped-vitablanca.png\",\"width\":360,\"height\":67,\"caption\":\"VitaBlanca\"},\"image\":{\"@id\":\"https:\\\/\\\/vitablanca.ma\\\/#\\\/schema\\\/logo\\\/image\\\/\"},\"sameAs\":[\"https:\\\/\\\/www.facebook.com\\\/profile.php?id=61576678196717\",\"https:\\\/\\\/www.tiktok.com\\\/@vitablanca.ma\",\"https:\\\/\\\/www.instagram.com\\\/vitablanca.ma\\\/\"]}]}<\/script>\n<!-- \/ Yoast SEO plugin. -->","yoast_head_json":{"title":"BELLA AURORA SPLENDOR SERUM ELASTICITY + FIRMNESS 30ML - Morocco Price","description":"BELLA AURORA SPLENDOR SERUM ELASTICITY + FIRMNESS 30ML","robots":{"index":"index","follow":"follow","max-snippet":"max-snippet:-1","max-image-preview":"max-image-preview:large","max-video-preview":"max-video-preview:-1"},"canonical":"https:\/\/vitablanca.ma\/en\/product\/bella-aurora-splendor-serum-elasticite-fermete-30ml\/","og_locale":"en_US","og_type":"article","og_title":"BELLA AURORA SPLENDOR SERUM ELASTICITE + FERMETE 30ML - Maroc Prix","og_description":"BELLA AURORA SPLENDOR SERUM ELASTICITE + FERMETE 30ML","og_url":"https:\/\/vitablanca.ma\/en\/product\/bella-aurora-splendor-serum-elasticite-fermete-30ml\/","og_site_name":"Vitablanca.ma &ndash; Sant&eacute;, vitalit&eacute; et bien-&ecirc;tre pour tous les Marocains","article_publisher":"https:\/\/www.facebook.com\/profile.php?id=61576678196717","og_image":[{"width":800,"height":800,"url":"https:\/\/vitablanca.ma\/wp-content\/uploads\/2025\/06\/bella-aurora-splendor-serum-elasticite-fermete-30ml-Nova-para-prix-Maroc.jpg","type":"image\/jpeg"}],"twitter_card":"summary_large_image","twitter_misc":{"Est. reading time":"1 minute"},"schema":{"@context":"https:\/\/schema.org","@graph":[{"@type":["WebPage","ItemPage"],"@id":"https:\/\/vitablanca.ma\/produit\/bella-aurora-splendor-serum-elasticite-fermete-30ml\/","url":"https:\/\/vitablanca.ma\/produit\/bella-aurora-splendor-serum-elasticite-fermete-30ml\/","name":"BELLA AURORA SPLENDOR SERUM ELASTICITY + FIRMNESS 30ML - Morocco Price","isPartOf":{"@id":"https:\/\/vitablanca.ma\/#website"},"primaryImageOfPage":{"@id":"https:\/\/vitablanca.ma\/produit\/bella-aurora-splendor-serum-elasticite-fermete-30ml\/#primaryimage"},"image":{"@id":"https:\/\/vitablanca.ma\/produit\/bella-aurora-splendor-serum-elasticite-fermete-30ml\/#primaryimage"},"thumbnailUrl":"https:\/\/vitablanca.ma\/wp-content\/uploads\/2025\/06\/bella-aurora-splendor-serum-elasticite-fermete-30ml-Nova-para-prix-Maroc.jpg","datePublished":"2025-06-10T16:02:31+00:00","description":"BELLA AURORA SPLENDOR SERUM ELASTICITY + FIRMNESS 30ML","breadcrumb":{"@id":"https:\/\/vitablanca.ma\/produit\/bella-aurora-splendor-serum-elasticite-fermete-30ml\/#breadcrumb"},"inLanguage":"en-US","potentialAction":[{"@type":"ReadAction","target":["https:\/\/vitablanca.ma\/produit\/bella-aurora-splendor-serum-elasticite-fermete-30ml\/"]}]},{"@type":"ImageObject","inLanguage":"en-US","@id":"https:\/\/vitablanca.ma\/produit\/bella-aurora-splendor-serum-elasticite-fermete-30ml\/#primaryimage","url":"https:\/\/vitablanca.ma\/wp-content\/uploads\/2025\/06\/bella-aurora-splendor-serum-elasticite-fermete-30ml-Nova-para-prix-Maroc.jpg","contentUrl":"https:\/\/vitablanca.ma\/wp-content\/uploads\/2025\/06\/bella-aurora-splendor-serum-elasticite-fermete-30ml-Nova-para-prix-Maroc.jpg","width":800,"height":800},{"@type":"BreadcrumbList","@id":"https:\/\/vitablanca.ma\/produit\/bella-aurora-splendor-serum-elasticite-fermete-30ml\/#breadcrumb","itemListElement":[{"@type":"ListItem","position":1,"name":"Home","item":"https:\/\/vitablanca.ma\/"},{"@type":"ListItem","position":2,"name":"Tous Les Produits","item":"https:\/\/vitablanca.ma\/tous-les-produits\/"},{"@type":"ListItem","position":3,"name":"BELLA AURORA SPLENDOR SERUM ELASTICITE + FERMETE 30ML"}]},{"@type":"WebSite","@id":"https:\/\/vitablanca.ma\/#website","url":"https:\/\/vitablanca.ma\/","name":"VitaBlanca.ma | Food supplements, health &amp; beauty in Morocco","description":"sell premium vitamins and supplements from USA &amp; Canada, New Zealand, Morocco (NOW Foods, Solgar, Manuka). Fast delivery anywhere in Morocco.","publisher":{"@id":"https:\/\/vitablanca.ma\/#organization"},"alternateName":"VitaBlanca.ma","potentialAction":[{"@type":"SearchAction","target":{"@type":"EntryPoint","urlTemplate":"https:\/\/vitablanca.ma\/?s={search_term_string}"},"query-input":{"@type":"PropertyValueSpecification","valueRequired":true,"valueName":"search_term_string"}}],"inLanguage":"en-US"},{"@type":"Organization","@id":"https:\/\/vitablanca.ma\/#organization","name":"VitaBlanca","url":"https:\/\/vitablanca.ma\/","logo":{"@type":"ImageObject","inLanguage":"en-US","@id":"https:\/\/vitablanca.ma\/#\/schema\/logo\/image\/","url":"https:\/\/vitablanca.ma\/wp-content\/uploads\/2025\/05\/cropped-vitablanca.png","contentUrl":"https:\/\/vitablanca.ma\/wp-content\/uploads\/2025\/05\/cropped-vitablanca.png","width":360,"height":67,"caption":"VitaBlanca"},"image":{"@id":"https:\/\/vitablanca.ma\/#\/schema\/logo\/image\/"},"sameAs":["https:\/\/www.facebook.com\/profile.php?id=61576678196717","https:\/\/www.tiktok.com\/@vitablanca.ma","https:\/\/www.instagram.com\/vitablanca.ma\/"]}]}},"jetpack_sharing_enabled":true,"_links":{"self":[{"href":"https:\/\/vitablanca.ma\/en\/wp-json\/wp\/v2\/product\/15550","targetHints":{"allow":["GET"]}}],"collection":[{"href":"https:\/\/vitablanca.ma\/en\/wp-json\/wp\/v2\/product"}],"about":[{"href":"https:\/\/vitablanca.ma\/en\/wp-json\/wp\/v2\/types\/product"}],"wp:featuredmedia":[{"embeddable":true,"href":"https:\/\/vitablanca.ma\/en\/wp-json\/wp\/v2\/media\/15549"}],"wp:attachment":[{"href":"https:\/\/vitablanca.ma\/en\/wp-json\/wp\/v2\/media?parent=15550"}],"wp:term":[{"taxonomy":"product_brand","embeddable":true,"href":"https:\/\/vitablanca.ma\/en\/wp-json\/wp\/v2\/product_brand?post=15550"},{"taxonomy":"product_cat","embeddable":true,"href":"https:\/\/vitablanca.ma\/en\/wp-json\/wp\/v2\/product_cat?post=15550"},{"taxonomy":"product_tag","embeddable":true,"href":"https:\/\/vitablanca.ma\/en\/wp-json\/wp\/v2\/product_tag?post=15550"}],"curies":[{"name":"wp","href":"https:\/\/api.w.org\/{rel}","templated":true}]}}