{"id":15529,"date":"2025-06-10T16:02:14","date_gmt":"2025-06-10T16:02:14","guid":{"rendered":"https:\/\/vitablanca.ma\/product\/bella-aurora-bio10-forte-pigment-stop-peau-mixte-a-grasse-30ml\/"},"modified":"2025-09-16T17:56:20","modified_gmt":"2025-09-16T17:56:20","slug":"bella-aurora-bio10-forte-pigment-stop-peau-mixte-a-grasse-30ml","status":"publish","type":"product","link":"https:\/\/vitablanca.ma\/en\/product\/bella-aurora-bio10-forte-pigment-stop-peau-mixte-a-grasse-30ml\/","title":{"rendered":"Bella Aurora Bio10 Forte Pigment Stop Combination to Oily Skin 30ml"},"content":{"rendered":"<h2>Bella Aurora Bio10 Forte Pigment Stop Combination to Oily Skin<\/h2>\n<p>30ml<\/p>\n<div class=\"product-tabs-wrapper\">\n<div class=\"container\">\n<div class=\"row\">\n<div class=\"col-12 poduct-tabs-inner\">\n<div class=\"woocommerce-tabs wc-tabs-wrapper tabs-layout-tabs\">\n<div class=\"wd-tab-wrapper woodmart-tab-wrapper\">\n<div id=\"tab-description\" class=\"woocommerce-Tabs-panel woocommerce-Tabs-panel--description panel entry-content wc-tab\">\n<div class=\"wc-tab-inner\">\n<div class=\"\">\n<p>Intensive anti-blemish treatment with exclusive B-CORE 221TM depigmenting technology.<\/p>\n<p>An encapsulation and targeted release system that acts directly on melanin-producing cells where it releases its depigmenting active ingredient, achieving maximum effectiveness.<\/p>\n<p>Specific sebum-regulating treatment for oily combination skin with oil-free ingredients and a matte finish to balance and reduce pores.<\/p>\n<p>\u2022 Faster and more effective depigmenting action that acts directly inside the melanocytes. <br \/>\u2022 Prevents the appearance of new spots by inhibiting the production of melanin.<br \/>\u2022 Antioxidant, neutralizes free radicals and lightens the tone of existing spots.<br \/>\u2022 Protects against external aggressions from environmental pollutants and UV rays, preventing the formation of possible stains.<\/p>\n<p>SPF 20 UVA + UVB + Infrared (IR) + Visible Light (HEV) protection Hypoallergenic. Dermatologically tested. Skin and nature friendly.<\/p>\n<\/div>\n<\/div>\n<\/div>\n<\/div>\n<div class=\"wd-tab-wrapper woodmart-tab-wrapper\" style=\"text-align: center\">D\u00e9couvrez Bella Aurora Bio10 Forte Pigment Stop pour Peau Mixte \u00e0 Grasse , un produit soigneusement s\u00e9lectionn\u00e9 pour r\u00e9pondre \u00e0 vos besoins sp\u00e9cifiques, et vivez une exp\u00e9rience d\u2019achat exceptionnelle sur notre site, <strong>Vita Blanca Parapharmacie Maroc<\/strong>\n<\/div>\n<\/div>\n<\/div>\n<\/div>\n<\/div>\n<\/div>","protected":false},"excerpt":{"rendered":"<p>Bella Aurora Bio10 Forte Pigment Stop Peau Mixte \u00e0 Grasse 30ml Traitement anti-imperfections intensif avec la technologie d\u00e9pigmentante exclusive B-CORE 221TM. Un syst\u00e8me d\u2019encapsulation et de lib\u00e9ration cibl\u00e9e qui agit directement sur les cellules productrices de m\u00e9lanine o\u00f9 il lib\u00e8re son actif d\u00e9pigmentant en obtenant une efficacit\u00e9 maximale. Soin sp\u00e9cifique s\u00e9bor\u00e9gulateur pour peaux mixtes grasses [&hellip;]<\/p>\n","protected":false},"featured_media":15528,"template":"","meta":{"om_disable_all_campaigns":false},"product_brand":[],"product_cat":[15],"product_tag":[],"class_list":{"0":"post-15529","1":"product","2":"type-product","3":"status-publish","4":"has-post-thumbnail","6":"product_cat-beaute-sante-complements-alimentaires-soins-et-bien-etre-au-meilleur-prix","8":"first","9":"instock","10":"sale","11":"taxable","12":"shipping-taxable","13":"purchasable","14":"product-type-simple"},"yoast_head":"<!-- This site is optimized with the Yoast SEO plugin v27.5 - https:\/\/yoast.com\/product\/yoast-seo-wordpress\/ -->\n<title>Bella Aurora Bio10 Forte Pigment Stop Peau Mixte \u00e0 Grasse 30ml - Maroc Prix<\/title>\n<meta name=\"description\" content=\"Bella Aurora Bio10 Forte Pigment Stop Peau Mixte \u00e0 Grasse 30ml\" \/>\n<meta name=\"robots\" content=\"index, follow, max-snippet:-1, max-image-preview:large, max-video-preview:-1\" \/>\n<link rel=\"canonical\" href=\"https:\/\/vitablanca.ma\/en\/product\/bella-aurora-bio10-forte-pigment-stop-peau-mixte-a-grasse-30ml\/\" \/>\n<meta property=\"og:locale\" content=\"en_US\" \/>\n<meta property=\"og:type\" content=\"article\" \/>\n<meta property=\"og:title\" content=\"Bella Aurora Bio10 Forte Pigment Stop Peau Mixte \u00e0 Grasse 30ml - Maroc Prix\" \/>\n<meta property=\"og:description\" content=\"Bella Aurora Bio10 Forte Pigment Stop Peau Mixte \u00e0 Grasse 30ml\" \/>\n<meta property=\"og:url\" content=\"https:\/\/vitablanca.ma\/en\/product\/bella-aurora-bio10-forte-pigment-stop-peau-mixte-a-grasse-30ml\/\" \/>\n<meta property=\"og:site_name\" content=\"Vitablanca.ma &ndash; Sant&eacute;, vitalit&eacute; et bien-&ecirc;tre pour tous les Marocains\" \/>\n<meta property=\"article:publisher\" content=\"https:\/\/www.facebook.com\/profile.php?id=61576678196717\" \/>\n<meta property=\"article:modified_time\" content=\"2025-09-16T17:56:20+00:00\" \/>\n<meta property=\"og:image\" content=\"https:\/\/vitablanca.ma\/wp-content\/uploads\/2025\/06\/Bella-Aurora-Bio10-Forte-Pigment-Stop-Peau-Mixte-a-Grasse-30ml-Nova-para-prix-Maroc.jpg\" \/>\n\t<meta property=\"og:image:width\" content=\"1000\" \/>\n\t<meta property=\"og:image:height\" content=\"1000\" \/>\n\t<meta property=\"og:image:type\" content=\"image\/jpeg\" \/>\n<meta name=\"twitter:card\" content=\"summary_large_image\" \/>\n<meta name=\"twitter:label1\" content=\"Est. reading time\" \/>\n\t<meta name=\"twitter:data1\" content=\"1 minute\" \/>\n<script type=\"application\/ld+json\" class=\"yoast-schema-graph\">{\"@context\":\"https:\\\/\\\/schema.org\",\"@graph\":[{\"@type\":[\"WebPage\",\"ItemPage\"],\"@id\":\"https:\\\/\\\/vitablanca.ma\\\/produit\\\/bella-aurora-bio10-forte-pigment-stop-peau-mixte-a-grasse-30ml\\\/\",\"url\":\"https:\\\/\\\/vitablanca.ma\\\/produit\\\/bella-aurora-bio10-forte-pigment-stop-peau-mixte-a-grasse-30ml\\\/\",\"name\":\"Bella Aurora Bio10 Forte Pigment Stop Peau Mixte \u00e0 Grasse 30ml - Maroc Prix\",\"isPartOf\":{\"@id\":\"https:\\\/\\\/vitablanca.ma\\\/#website\"},\"primaryImageOfPage\":{\"@id\":\"https:\\\/\\\/vitablanca.ma\\\/produit\\\/bella-aurora-bio10-forte-pigment-stop-peau-mixte-a-grasse-30ml\\\/#primaryimage\"},\"image\":{\"@id\":\"https:\\\/\\\/vitablanca.ma\\\/produit\\\/bella-aurora-bio10-forte-pigment-stop-peau-mixte-a-grasse-30ml\\\/#primaryimage\"},\"thumbnailUrl\":\"https:\\\/\\\/vitablanca.ma\\\/wp-content\\\/uploads\\\/2025\\\/06\\\/Bella-Aurora-Bio10-Forte-Pigment-Stop-Peau-Mixte-a-Grasse-30ml-Nova-para-prix-Maroc.jpg\",\"datePublished\":\"2025-06-10T16:02:14+00:00\",\"dateModified\":\"2025-09-16T17:56:20+00:00\",\"description\":\"Bella Aurora Bio10 Forte Pigment Stop Peau Mixte \u00e0 Grasse 30ml\",\"breadcrumb\":{\"@id\":\"https:\\\/\\\/vitablanca.ma\\\/produit\\\/bella-aurora-bio10-forte-pigment-stop-peau-mixte-a-grasse-30ml\\\/#breadcrumb\"},\"inLanguage\":\"en-US\",\"potentialAction\":[{\"@type\":\"ReadAction\",\"target\":[\"https:\\\/\\\/vitablanca.ma\\\/produit\\\/bella-aurora-bio10-forte-pigment-stop-peau-mixte-a-grasse-30ml\\\/\"]}]},{\"@type\":\"ImageObject\",\"inLanguage\":\"en-US\",\"@id\":\"https:\\\/\\\/vitablanca.ma\\\/produit\\\/bella-aurora-bio10-forte-pigment-stop-peau-mixte-a-grasse-30ml\\\/#primaryimage\",\"url\":\"https:\\\/\\\/vitablanca.ma\\\/wp-content\\\/uploads\\\/2025\\\/06\\\/Bella-Aurora-Bio10-Forte-Pigment-Stop-Peau-Mixte-a-Grasse-30ml-Nova-para-prix-Maroc.jpg\",\"contentUrl\":\"https:\\\/\\\/vitablanca.ma\\\/wp-content\\\/uploads\\\/2025\\\/06\\\/Bella-Aurora-Bio10-Forte-Pigment-Stop-Peau-Mixte-a-Grasse-30ml-Nova-para-prix-Maroc.jpg\",\"width\":1000,\"height\":1000},{\"@type\":\"BreadcrumbList\",\"@id\":\"https:\\\/\\\/vitablanca.ma\\\/produit\\\/bella-aurora-bio10-forte-pigment-stop-peau-mixte-a-grasse-30ml\\\/#breadcrumb\",\"itemListElement\":[{\"@type\":\"ListItem\",\"position\":1,\"name\":\"Home\",\"item\":\"https:\\\/\\\/vitablanca.ma\\\/\"},{\"@type\":\"ListItem\",\"position\":2,\"name\":\"Tous Les Produits\",\"item\":\"https:\\\/\\\/vitablanca.ma\\\/tous-les-produits\\\/\"},{\"@type\":\"ListItem\",\"position\":3,\"name\":\"Bella Aurora Bio10 Forte Pigment Stop Peau Mixte \u00e0 Grasse 30ml\"}]},{\"@type\":\"WebSite\",\"@id\":\"https:\\\/\\\/vitablanca.ma\\\/#website\",\"url\":\"https:\\\/\\\/vitablanca.ma\\\/\",\"name\":\"VitaBlanca.ma | Compl\u00e9ments alimentaires, sant\u00e9 & beaut\u00e9 au Maroc\",\"description\":\"vendre vitamines et compl\u00e9ments premium des USA &amp; Canada, Nouvelle Z\u00e9lande,Maroc (NOW Foods, Solgar, Manuka). Livraison rapide partout au Maroc.\",\"publisher\":{\"@id\":\"https:\\\/\\\/vitablanca.ma\\\/#organization\"},\"alternateName\":\"VitaBlanca.ma\",\"potentialAction\":[{\"@type\":\"SearchAction\",\"target\":{\"@type\":\"EntryPoint\",\"urlTemplate\":\"https:\\\/\\\/vitablanca.ma\\\/?s={search_term_string}\"},\"query-input\":{\"@type\":\"PropertyValueSpecification\",\"valueRequired\":true,\"valueName\":\"search_term_string\"}}],\"inLanguage\":\"en-US\"},{\"@type\":\"Organization\",\"@id\":\"https:\\\/\\\/vitablanca.ma\\\/#organization\",\"name\":\"VitaBlanca\",\"url\":\"https:\\\/\\\/vitablanca.ma\\\/\",\"logo\":{\"@type\":\"ImageObject\",\"inLanguage\":\"en-US\",\"@id\":\"https:\\\/\\\/vitablanca.ma\\\/#\\\/schema\\\/logo\\\/image\\\/\",\"url\":\"https:\\\/\\\/vitablanca.ma\\\/wp-content\\\/uploads\\\/2025\\\/05\\\/cropped-vitablanca.png\",\"contentUrl\":\"https:\\\/\\\/vitablanca.ma\\\/wp-content\\\/uploads\\\/2025\\\/05\\\/cropped-vitablanca.png\",\"width\":360,\"height\":67,\"caption\":\"VitaBlanca\"},\"image\":{\"@id\":\"https:\\\/\\\/vitablanca.ma\\\/#\\\/schema\\\/logo\\\/image\\\/\"},\"sameAs\":[\"https:\\\/\\\/www.facebook.com\\\/profile.php?id=61576678196717\",\"https:\\\/\\\/www.tiktok.com\\\/@vitablanca.ma\",\"https:\\\/\\\/www.instagram.com\\\/vitablanca.ma\\\/\"]}]}<\/script>\n<!-- \/ Yoast SEO plugin. -->","yoast_head_json":{"title":"Bella Aurora Bio10 Forte Pigment Stop Combination to Oily Skin 30ml - Morocco Price","description":"Bella Aurora Bio10 Forte Pigment Stop Combination to Oily Skin 30ml","robots":{"index":"index","follow":"follow","max-snippet":"max-snippet:-1","max-image-preview":"max-image-preview:large","max-video-preview":"max-video-preview:-1"},"canonical":"https:\/\/vitablanca.ma\/en\/product\/bella-aurora-bio10-forte-pigment-stop-peau-mixte-a-grasse-30ml\/","og_locale":"en_US","og_type":"article","og_title":"Bella Aurora Bio10 Forte Pigment Stop Peau Mixte \u00e0 Grasse 30ml - Maroc Prix","og_description":"Bella Aurora Bio10 Forte Pigment Stop Peau Mixte \u00e0 Grasse 30ml","og_url":"https:\/\/vitablanca.ma\/en\/product\/bella-aurora-bio10-forte-pigment-stop-peau-mixte-a-grasse-30ml\/","og_site_name":"Vitablanca.ma &ndash; Sant&eacute;, vitalit&eacute; et bien-&ecirc;tre pour tous les Marocains","article_publisher":"https:\/\/www.facebook.com\/profile.php?id=61576678196717","article_modified_time":"2025-09-16T17:56:20+00:00","og_image":[{"width":1000,"height":1000,"url":"https:\/\/vitablanca.ma\/wp-content\/uploads\/2025\/06\/Bella-Aurora-Bio10-Forte-Pigment-Stop-Peau-Mixte-a-Grasse-30ml-Nova-para-prix-Maroc.jpg","type":"image\/jpeg"}],"twitter_card":"summary_large_image","twitter_misc":{"Est. reading time":"1 minute"},"schema":{"@context":"https:\/\/schema.org","@graph":[{"@type":["WebPage","ItemPage"],"@id":"https:\/\/vitablanca.ma\/produit\/bella-aurora-bio10-forte-pigment-stop-peau-mixte-a-grasse-30ml\/","url":"https:\/\/vitablanca.ma\/produit\/bella-aurora-bio10-forte-pigment-stop-peau-mixte-a-grasse-30ml\/","name":"Bella Aurora Bio10 Forte Pigment Stop Combination to Oily Skin 30ml - Morocco Price","isPartOf":{"@id":"https:\/\/vitablanca.ma\/#website"},"primaryImageOfPage":{"@id":"https:\/\/vitablanca.ma\/produit\/bella-aurora-bio10-forte-pigment-stop-peau-mixte-a-grasse-30ml\/#primaryimage"},"image":{"@id":"https:\/\/vitablanca.ma\/produit\/bella-aurora-bio10-forte-pigment-stop-peau-mixte-a-grasse-30ml\/#primaryimage"},"thumbnailUrl":"https:\/\/vitablanca.ma\/wp-content\/uploads\/2025\/06\/Bella-Aurora-Bio10-Forte-Pigment-Stop-Peau-Mixte-a-Grasse-30ml-Nova-para-prix-Maroc.jpg","datePublished":"2025-06-10T16:02:14+00:00","dateModified":"2025-09-16T17:56:20+00:00","description":"Bella Aurora Bio10 Forte Pigment Stop Combination to Oily Skin 30ml","breadcrumb":{"@id":"https:\/\/vitablanca.ma\/produit\/bella-aurora-bio10-forte-pigment-stop-peau-mixte-a-grasse-30ml\/#breadcrumb"},"inLanguage":"en-US","potentialAction":[{"@type":"ReadAction","target":["https:\/\/vitablanca.ma\/produit\/bella-aurora-bio10-forte-pigment-stop-peau-mixte-a-grasse-30ml\/"]}]},{"@type":"ImageObject","inLanguage":"en-US","@id":"https:\/\/vitablanca.ma\/produit\/bella-aurora-bio10-forte-pigment-stop-peau-mixte-a-grasse-30ml\/#primaryimage","url":"https:\/\/vitablanca.ma\/wp-content\/uploads\/2025\/06\/Bella-Aurora-Bio10-Forte-Pigment-Stop-Peau-Mixte-a-Grasse-30ml-Nova-para-prix-Maroc.jpg","contentUrl":"https:\/\/vitablanca.ma\/wp-content\/uploads\/2025\/06\/Bella-Aurora-Bio10-Forte-Pigment-Stop-Peau-Mixte-a-Grasse-30ml-Nova-para-prix-Maroc.jpg","width":1000,"height":1000},{"@type":"BreadcrumbList","@id":"https:\/\/vitablanca.ma\/produit\/bella-aurora-bio10-forte-pigment-stop-peau-mixte-a-grasse-30ml\/#breadcrumb","itemListElement":[{"@type":"ListItem","position":1,"name":"Home","item":"https:\/\/vitablanca.ma\/"},{"@type":"ListItem","position":2,"name":"Tous Les Produits","item":"https:\/\/vitablanca.ma\/tous-les-produits\/"},{"@type":"ListItem","position":3,"name":"Bella Aurora Bio10 Forte Pigment Stop Peau Mixte \u00e0 Grasse 30ml"}]},{"@type":"WebSite","@id":"https:\/\/vitablanca.ma\/#website","url":"https:\/\/vitablanca.ma\/","name":"VitaBlanca.ma | Food supplements, health &amp; beauty in Morocco","description":"sell premium vitamins and supplements from USA &amp; Canada, New Zealand, Morocco (NOW Foods, Solgar, Manuka). Fast delivery anywhere in Morocco.","publisher":{"@id":"https:\/\/vitablanca.ma\/#organization"},"alternateName":"VitaBlanca.ma","potentialAction":[{"@type":"SearchAction","target":{"@type":"EntryPoint","urlTemplate":"https:\/\/vitablanca.ma\/?s={search_term_string}"},"query-input":{"@type":"PropertyValueSpecification","valueRequired":true,"valueName":"search_term_string"}}],"inLanguage":"en-US"},{"@type":"Organization","@id":"https:\/\/vitablanca.ma\/#organization","name":"VitaBlanca","url":"https:\/\/vitablanca.ma\/","logo":{"@type":"ImageObject","inLanguage":"en-US","@id":"https:\/\/vitablanca.ma\/#\/schema\/logo\/image\/","url":"https:\/\/vitablanca.ma\/wp-content\/uploads\/2025\/05\/cropped-vitablanca.png","contentUrl":"https:\/\/vitablanca.ma\/wp-content\/uploads\/2025\/05\/cropped-vitablanca.png","width":360,"height":67,"caption":"VitaBlanca"},"image":{"@id":"https:\/\/vitablanca.ma\/#\/schema\/logo\/image\/"},"sameAs":["https:\/\/www.facebook.com\/profile.php?id=61576678196717","https:\/\/www.tiktok.com\/@vitablanca.ma","https:\/\/www.instagram.com\/vitablanca.ma\/"]}]}},"jetpack_sharing_enabled":true,"_links":{"self":[{"href":"https:\/\/vitablanca.ma\/en\/wp-json\/wp\/v2\/product\/15529","targetHints":{"allow":["GET"]}}],"collection":[{"href":"https:\/\/vitablanca.ma\/en\/wp-json\/wp\/v2\/product"}],"about":[{"href":"https:\/\/vitablanca.ma\/en\/wp-json\/wp\/v2\/types\/product"}],"wp:featuredmedia":[{"embeddable":true,"href":"https:\/\/vitablanca.ma\/en\/wp-json\/wp\/v2\/media\/15528"}],"wp:attachment":[{"href":"https:\/\/vitablanca.ma\/en\/wp-json\/wp\/v2\/media?parent=15529"}],"wp:term":[{"taxonomy":"product_brand","embeddable":true,"href":"https:\/\/vitablanca.ma\/en\/wp-json\/wp\/v2\/product_brand?post=15529"},{"taxonomy":"product_cat","embeddable":true,"href":"https:\/\/vitablanca.ma\/en\/wp-json\/wp\/v2\/product_cat?post=15529"},{"taxonomy":"product_tag","embeddable":true,"href":"https:\/\/vitablanca.ma\/en\/wp-json\/wp\/v2\/product_tag?post=15529"}],"curies":[{"name":"wp","href":"https:\/\/api.w.org\/{rel}","templated":true}]}}