{"id":15519,"date":"2025-06-10T16:02:05","date_gmt":"2025-06-10T16:02:05","guid":{"rendered":"https:\/\/vitablanca.ma\/product\/bebe-confort-tasse-evolutive-3en1-aventurier-en-herbe-9-180ml\/"},"modified":"2025-06-10T16:02:05","modified_gmt":"2025-06-10T16:02:05","slug":"bebe-confort-tasse-evolutive-3en1-aventurier-en-herbe-9-180ml","status":"publish","type":"product","link":"https:\/\/vitablanca.ma\/en\/product\/bebe-confort-tasse-evolutive-3en1-aventurier-en-herbe-9-180ml\/","title":{"rendered":"B\u00e9b\u00e9 Confort 3-in-1 Evolutionary Cup Budding Adventurer +9 180ml"},"content":{"rendered":"<h2>B\u00e9b\u00e9 Confort 3-in-1 Evolutionary Cup, Budding Adventurer +9 c<span>Designed to limit the risk of leaks, Scalable<\/span><br \/>\n<\/h2>\n<p><span>The 3-in-1 Aventurier en herbe evolving spout cup from the B\u00e9b\u00e9 Confort brand is a 3-in-1 cup for an easy transition from bottle to cup thanks to its silicone spout very close to the shape of a pacifier. Thanks to its soft spout, the transition from the pacifier to the spout of the cup will be smooth and will protect the gums. It is designed to limit the risk of leaks. Evolutionary, it transforms into a pretty glass.<\/span><\/p>\n<h3><strong>Features\u00a0<\/strong><\/h3>\n<p><span>3-in-1 evolving cup: easy transition from cup to glass in 3 steps<br \/><\/span><span>Cup with rigid spout,<\/span><br \/><span>Glass with flow control,<\/span><br \/><span>\u00a0Glass with rounded edges,<\/span><\/p>\n<p><strong>Baby Comfort<\/strong><span>\u00a0<\/span>has earned the respect of all companies dedicated to<span>\u00a0<\/span><strong>world of childcare<\/strong><span>\u00a0<\/span>in<span>\u00a0<\/span><strong>making life easier for children and parents<\/strong>.<\/p>\n<h3>DIRECTIONS FOR USE<\/h3>\n<div class=\"tab-panels\">\n<div aria-labelledby=\"tab-title-conseils-dutilisation\" role=\"tabpanel\" id=\"tab-conseils-dutilisation\" class=\"woocommerce-Tabs-panel woocommerce-Tabs-panel--conseils-dutilisation panel entry-content active\">\n<div class=\"woocommerce-tabs wc-tabs-wrapper\">\n<div class=\"woocommerce-Tabs-panel woocommerce-Tabs-panel--description panel entry-content wc-tab\" id=\"tab-description\" role=\"tabpanel\" aria-labelledby=\"tab-title-description\">\n<p>\u2013 Dishwasher safe,<\/p>\n<\/div>\n<\/div>\n<\/div>\n<\/div>","protected":false},"excerpt":{"rendered":"<p>B\u00e9b\u00e9 Confort Tasse \u00e9volutive 3en1 Aventurier En Herbe +9 con\u00e7ue pour limiter les risques de fuites, Evolutive La tasse \u00e0 bec \u00e9volutive 3 en 1 Aventurier en herbe\u00a0 de la marque B\u00e9b\u00e9 Confort est une tasse 3 en 1 pour une transition facile du biberon \u00e0 la tasse gr\u00e2ce \u00e0 son bec en silicone tr\u00e8s [&hellip;]<\/p>\n","protected":false},"featured_media":15515,"template":"","meta":{"om_disable_all_campaigns":false},"product_brand":[],"product_cat":[15],"product_tag":[],"class_list":{"0":"post-15519","1":"product","2":"type-product","3":"status-publish","4":"has-post-thumbnail","6":"product_cat-beaute-sante-complements-alimentaires-soins-et-bien-etre-au-meilleur-prix","8":"first","9":"instock","10":"sale","11":"taxable","12":"shipping-taxable","13":"purchasable","14":"product-type-simple"},"yoast_head":"<!-- This site is optimized with the Yoast SEO plugin v27.3 - https:\/\/yoast.com\/product\/yoast-seo-wordpress\/ -->\n<title>B\u00e9b\u00e9 Confort Tasse \u00e9volutive 3en1 Aventurier En Herbe +9 180ml - Maroc Prix<\/title>\n<meta name=\"description\" content=\"B\u00e9b\u00e9 Confort Tasse \u00e9volutive 3en1 Aventurier En Herbe +9 180ml\" \/>\n<meta name=\"robots\" content=\"index, follow, max-snippet:-1, max-image-preview:large, max-video-preview:-1\" \/>\n<link rel=\"canonical\" href=\"https:\/\/vitablanca.ma\/en\/product\/bebe-confort-tasse-evolutive-3en1-aventurier-en-herbe-9-180ml\/\" \/>\n<meta property=\"og:locale\" content=\"en_US\" \/>\n<meta property=\"og:type\" content=\"article\" \/>\n<meta property=\"og:title\" content=\"B\u00e9b\u00e9 Confort Tasse \u00e9volutive 3en1 Aventurier En Herbe +9 180ml - Maroc Prix\" \/>\n<meta property=\"og:description\" content=\"B\u00e9b\u00e9 Confort Tasse \u00e9volutive 3en1 Aventurier En Herbe +9 180ml\" \/>\n<meta property=\"og:url\" content=\"https:\/\/vitablanca.ma\/en\/product\/bebe-confort-tasse-evolutive-3en1-aventurier-en-herbe-9-180ml\/\" \/>\n<meta property=\"og:site_name\" content=\"Vitablanca.ma &ndash; Sant&eacute;, vitalit&eacute; et bien-&ecirc;tre pour tous les Marocains\" \/>\n<meta property=\"article:publisher\" content=\"https:\/\/www.facebook.com\/profile.php?id=61576678196717\" \/>\n<meta property=\"og:image\" content=\"https:\/\/vitablanca.ma\/wp-content\/uploads\/2025\/06\/Bebe-Confort-Tasse-evolutive-3en1-Aventurier-En-Herbe-_9-180ml-Nova-para-Maroc.jpg\" \/>\n\t<meta property=\"og:image:width\" content=\"1000\" \/>\n\t<meta property=\"og:image:height\" content=\"1000\" \/>\n\t<meta property=\"og:image:type\" content=\"image\/jpeg\" \/>\n<meta name=\"twitter:card\" content=\"summary_large_image\" \/>\n<meta name=\"twitter:label1\" content=\"Est. reading time\" \/>\n\t<meta name=\"twitter:data1\" content=\"1 minute\" \/>\n<script type=\"application\/ld+json\" class=\"yoast-schema-graph\">{\"@context\":\"https:\\\/\\\/schema.org\",\"@graph\":[{\"@type\":[\"WebPage\",\"ItemPage\"],\"@id\":\"https:\\\/\\\/vitablanca.ma\\\/produit\\\/bebe-confort-tasse-evolutive-3en1-aventurier-en-herbe-9-180ml\\\/\",\"url\":\"https:\\\/\\\/vitablanca.ma\\\/produit\\\/bebe-confort-tasse-evolutive-3en1-aventurier-en-herbe-9-180ml\\\/\",\"name\":\"B\u00e9b\u00e9 Confort Tasse \u00e9volutive 3en1 Aventurier En Herbe +9 180ml - Maroc Prix\",\"isPartOf\":{\"@id\":\"https:\\\/\\\/vitablanca.ma\\\/#website\"},\"primaryImageOfPage\":{\"@id\":\"https:\\\/\\\/vitablanca.ma\\\/produit\\\/bebe-confort-tasse-evolutive-3en1-aventurier-en-herbe-9-180ml\\\/#primaryimage\"},\"image\":{\"@id\":\"https:\\\/\\\/vitablanca.ma\\\/produit\\\/bebe-confort-tasse-evolutive-3en1-aventurier-en-herbe-9-180ml\\\/#primaryimage\"},\"thumbnailUrl\":\"https:\\\/\\\/vitablanca.ma\\\/wp-content\\\/uploads\\\/2025\\\/06\\\/Bebe-Confort-Tasse-evolutive-3en1-Aventurier-En-Herbe-_9-180ml-Nova-para-Maroc.jpg\",\"datePublished\":\"2025-06-10T16:02:05+00:00\",\"description\":\"B\u00e9b\u00e9 Confort Tasse \u00e9volutive 3en1 Aventurier En Herbe +9 180ml\",\"breadcrumb\":{\"@id\":\"https:\\\/\\\/vitablanca.ma\\\/produit\\\/bebe-confort-tasse-evolutive-3en1-aventurier-en-herbe-9-180ml\\\/#breadcrumb\"},\"inLanguage\":\"en-US\",\"potentialAction\":[{\"@type\":\"ReadAction\",\"target\":[\"https:\\\/\\\/vitablanca.ma\\\/produit\\\/bebe-confort-tasse-evolutive-3en1-aventurier-en-herbe-9-180ml\\\/\"]}]},{\"@type\":\"ImageObject\",\"inLanguage\":\"en-US\",\"@id\":\"https:\\\/\\\/vitablanca.ma\\\/produit\\\/bebe-confort-tasse-evolutive-3en1-aventurier-en-herbe-9-180ml\\\/#primaryimage\",\"url\":\"https:\\\/\\\/vitablanca.ma\\\/wp-content\\\/uploads\\\/2025\\\/06\\\/Bebe-Confort-Tasse-evolutive-3en1-Aventurier-En-Herbe-_9-180ml-Nova-para-Maroc.jpg\",\"contentUrl\":\"https:\\\/\\\/vitablanca.ma\\\/wp-content\\\/uploads\\\/2025\\\/06\\\/Bebe-Confort-Tasse-evolutive-3en1-Aventurier-En-Herbe-_9-180ml-Nova-para-Maroc.jpg\",\"width\":1000,\"height\":1000},{\"@type\":\"BreadcrumbList\",\"@id\":\"https:\\\/\\\/vitablanca.ma\\\/produit\\\/bebe-confort-tasse-evolutive-3en1-aventurier-en-herbe-9-180ml\\\/#breadcrumb\",\"itemListElement\":[{\"@type\":\"ListItem\",\"position\":1,\"name\":\"Home\",\"item\":\"https:\\\/\\\/vitablanca.ma\\\/\"},{\"@type\":\"ListItem\",\"position\":2,\"name\":\"Tous Les Produits\",\"item\":\"https:\\\/\\\/vitablanca.ma\\\/tous-les-produits\\\/\"},{\"@type\":\"ListItem\",\"position\":3,\"name\":\"B\u00e9b\u00e9 Confort Tasse \u00e9volutive 3en1 Aventurier En Herbe +9 180ml\"}]},{\"@type\":\"WebSite\",\"@id\":\"https:\\\/\\\/vitablanca.ma\\\/#website\",\"url\":\"https:\\\/\\\/vitablanca.ma\\\/\",\"name\":\"VitaBlanca.ma | Compl\u00e9ments alimentaires, sant\u00e9 & beaut\u00e9 au Maroc\",\"description\":\"vendre vitamines et compl\u00e9ments premium des USA &amp; Canada, Nouvelle Z\u00e9lande,Maroc (NOW Foods, Solgar, Manuka). Livraison rapide partout au Maroc.\",\"publisher\":{\"@id\":\"https:\\\/\\\/vitablanca.ma\\\/#organization\"},\"alternateName\":\"VitaBlanca.ma\",\"potentialAction\":[{\"@type\":\"SearchAction\",\"target\":{\"@type\":\"EntryPoint\",\"urlTemplate\":\"https:\\\/\\\/vitablanca.ma\\\/?s={search_term_string}\"},\"query-input\":{\"@type\":\"PropertyValueSpecification\",\"valueRequired\":true,\"valueName\":\"search_term_string\"}}],\"inLanguage\":\"en-US\"},{\"@type\":\"Organization\",\"@id\":\"https:\\\/\\\/vitablanca.ma\\\/#organization\",\"name\":\"VitaBlanca\",\"url\":\"https:\\\/\\\/vitablanca.ma\\\/\",\"logo\":{\"@type\":\"ImageObject\",\"inLanguage\":\"en-US\",\"@id\":\"https:\\\/\\\/vitablanca.ma\\\/#\\\/schema\\\/logo\\\/image\\\/\",\"url\":\"https:\\\/\\\/vitablanca.ma\\\/wp-content\\\/uploads\\\/2025\\\/05\\\/cropped-vitablanca.png\",\"contentUrl\":\"https:\\\/\\\/vitablanca.ma\\\/wp-content\\\/uploads\\\/2025\\\/05\\\/cropped-vitablanca.png\",\"width\":360,\"height\":67,\"caption\":\"VitaBlanca\"},\"image\":{\"@id\":\"https:\\\/\\\/vitablanca.ma\\\/#\\\/schema\\\/logo\\\/image\\\/\"},\"sameAs\":[\"https:\\\/\\\/www.facebook.com\\\/profile.php?id=61576678196717\",\"https:\\\/\\\/www.tiktok.com\\\/@vitablanca.ma\",\"https:\\\/\\\/www.instagram.com\\\/vitablanca.ma\\\/\"]}]}<\/script>\n<!-- \/ Yoast SEO plugin. -->","yoast_head_json":{"title":"B\u00e9b\u00e9 Confort 3-in-1 Evolutionary Cup, Budding Adventurer +9, 180ml - Morocco Price","description":"B\u00e9b\u00e9 Confort 3-in-1 Evolutionary Cup Budding Adventurer +9 180ml","robots":{"index":"index","follow":"follow","max-snippet":"max-snippet:-1","max-image-preview":"max-image-preview:large","max-video-preview":"max-video-preview:-1"},"canonical":"https:\/\/vitablanca.ma\/en\/product\/bebe-confort-tasse-evolutive-3en1-aventurier-en-herbe-9-180ml\/","og_locale":"en_US","og_type":"article","og_title":"B\u00e9b\u00e9 Confort Tasse \u00e9volutive 3en1 Aventurier En Herbe +9 180ml - Maroc Prix","og_description":"B\u00e9b\u00e9 Confort Tasse \u00e9volutive 3en1 Aventurier En Herbe +9 180ml","og_url":"https:\/\/vitablanca.ma\/en\/product\/bebe-confort-tasse-evolutive-3en1-aventurier-en-herbe-9-180ml\/","og_site_name":"Vitablanca.ma &ndash; Sant&eacute;, vitalit&eacute; et bien-&ecirc;tre pour tous les Marocains","article_publisher":"https:\/\/www.facebook.com\/profile.php?id=61576678196717","og_image":[{"width":1000,"height":1000,"url":"https:\/\/vitablanca.ma\/wp-content\/uploads\/2025\/06\/Bebe-Confort-Tasse-evolutive-3en1-Aventurier-En-Herbe-_9-180ml-Nova-para-Maroc.jpg","type":"image\/jpeg"}],"twitter_card":"summary_large_image","twitter_misc":{"Est. reading time":"1 minute"},"schema":{"@context":"https:\/\/schema.org","@graph":[{"@type":["WebPage","ItemPage"],"@id":"https:\/\/vitablanca.ma\/produit\/bebe-confort-tasse-evolutive-3en1-aventurier-en-herbe-9-180ml\/","url":"https:\/\/vitablanca.ma\/produit\/bebe-confort-tasse-evolutive-3en1-aventurier-en-herbe-9-180ml\/","name":"B\u00e9b\u00e9 Confort 3-in-1 Evolutionary Cup, Budding Adventurer +9, 180ml - Morocco Price","isPartOf":{"@id":"https:\/\/vitablanca.ma\/#website"},"primaryImageOfPage":{"@id":"https:\/\/vitablanca.ma\/produit\/bebe-confort-tasse-evolutive-3en1-aventurier-en-herbe-9-180ml\/#primaryimage"},"image":{"@id":"https:\/\/vitablanca.ma\/produit\/bebe-confort-tasse-evolutive-3en1-aventurier-en-herbe-9-180ml\/#primaryimage"},"thumbnailUrl":"https:\/\/vitablanca.ma\/wp-content\/uploads\/2025\/06\/Bebe-Confort-Tasse-evolutive-3en1-Aventurier-En-Herbe-_9-180ml-Nova-para-Maroc.jpg","datePublished":"2025-06-10T16:02:05+00:00","description":"B\u00e9b\u00e9 Confort 3-in-1 Evolutionary Cup Budding Adventurer +9 180ml","breadcrumb":{"@id":"https:\/\/vitablanca.ma\/produit\/bebe-confort-tasse-evolutive-3en1-aventurier-en-herbe-9-180ml\/#breadcrumb"},"inLanguage":"en-US","potentialAction":[{"@type":"ReadAction","target":["https:\/\/vitablanca.ma\/produit\/bebe-confort-tasse-evolutive-3en1-aventurier-en-herbe-9-180ml\/"]}]},{"@type":"ImageObject","inLanguage":"en-US","@id":"https:\/\/vitablanca.ma\/produit\/bebe-confort-tasse-evolutive-3en1-aventurier-en-herbe-9-180ml\/#primaryimage","url":"https:\/\/vitablanca.ma\/wp-content\/uploads\/2025\/06\/Bebe-Confort-Tasse-evolutive-3en1-Aventurier-En-Herbe-_9-180ml-Nova-para-Maroc.jpg","contentUrl":"https:\/\/vitablanca.ma\/wp-content\/uploads\/2025\/06\/Bebe-Confort-Tasse-evolutive-3en1-Aventurier-En-Herbe-_9-180ml-Nova-para-Maroc.jpg","width":1000,"height":1000},{"@type":"BreadcrumbList","@id":"https:\/\/vitablanca.ma\/produit\/bebe-confort-tasse-evolutive-3en1-aventurier-en-herbe-9-180ml\/#breadcrumb","itemListElement":[{"@type":"ListItem","position":1,"name":"Home","item":"https:\/\/vitablanca.ma\/"},{"@type":"ListItem","position":2,"name":"Tous Les Produits","item":"https:\/\/vitablanca.ma\/tous-les-produits\/"},{"@type":"ListItem","position":3,"name":"B\u00e9b\u00e9 Confort Tasse \u00e9volutive 3en1 Aventurier En Herbe +9 180ml"}]},{"@type":"WebSite","@id":"https:\/\/vitablanca.ma\/#website","url":"https:\/\/vitablanca.ma\/","name":"VitaBlanca.ma | Food supplements, health &amp; beauty in Morocco","description":"sell premium vitamins and supplements from USA &amp; Canada, New Zealand, Morocco (NOW Foods, Solgar, Manuka). Fast delivery anywhere in Morocco.","publisher":{"@id":"https:\/\/vitablanca.ma\/#organization"},"alternateName":"VitaBlanca.ma","potentialAction":[{"@type":"SearchAction","target":{"@type":"EntryPoint","urlTemplate":"https:\/\/vitablanca.ma\/?s={search_term_string}"},"query-input":{"@type":"PropertyValueSpecification","valueRequired":true,"valueName":"search_term_string"}}],"inLanguage":"en-US"},{"@type":"Organization","@id":"https:\/\/vitablanca.ma\/#organization","name":"VitaBlanca","url":"https:\/\/vitablanca.ma\/","logo":{"@type":"ImageObject","inLanguage":"en-US","@id":"https:\/\/vitablanca.ma\/#\/schema\/logo\/image\/","url":"https:\/\/vitablanca.ma\/wp-content\/uploads\/2025\/05\/cropped-vitablanca.png","contentUrl":"https:\/\/vitablanca.ma\/wp-content\/uploads\/2025\/05\/cropped-vitablanca.png","width":360,"height":67,"caption":"VitaBlanca"},"image":{"@id":"https:\/\/vitablanca.ma\/#\/schema\/logo\/image\/"},"sameAs":["https:\/\/www.facebook.com\/profile.php?id=61576678196717","https:\/\/www.tiktok.com\/@vitablanca.ma","https:\/\/www.instagram.com\/vitablanca.ma\/"]}]}},"jetpack_sharing_enabled":true,"_links":{"self":[{"href":"https:\/\/vitablanca.ma\/en\/wp-json\/wp\/v2\/product\/15519","targetHints":{"allow":["GET"]}}],"collection":[{"href":"https:\/\/vitablanca.ma\/en\/wp-json\/wp\/v2\/product"}],"about":[{"href":"https:\/\/vitablanca.ma\/en\/wp-json\/wp\/v2\/types\/product"}],"wp:featuredmedia":[{"embeddable":true,"href":"https:\/\/vitablanca.ma\/en\/wp-json\/wp\/v2\/media\/15515"}],"wp:attachment":[{"href":"https:\/\/vitablanca.ma\/en\/wp-json\/wp\/v2\/media?parent=15519"}],"wp:term":[{"taxonomy":"product_brand","embeddable":true,"href":"https:\/\/vitablanca.ma\/en\/wp-json\/wp\/v2\/product_brand?post=15519"},{"taxonomy":"product_cat","embeddable":true,"href":"https:\/\/vitablanca.ma\/en\/wp-json\/wp\/v2\/product_cat?post=15519"},{"taxonomy":"product_tag","embeddable":true,"href":"https:\/\/vitablanca.ma\/en\/wp-json\/wp\/v2\/product_tag?post=15519"}],"curies":[{"name":"wp","href":"https:\/\/api.w.org\/{rel}","templated":true}]}}