{"id":15517,"date":"2025-06-10T16:02:02","date_gmt":"2025-06-10T16:02:02","guid":{"rendered":"https:\/\/vitablanca.ma\/product\/bella-aurora-lotion-tonique-exfoliante-illuminatrice-200-ml\/"},"modified":"2025-09-16T17:56:19","modified_gmt":"2025-09-16T17:56:19","slug":"bella-aurora-lotion-tonique-exfoliante-illuminatrice-200-ml","status":"publish","type":"product","link":"https:\/\/vitablanca.ma\/en\/product\/bella-aurora-lotion-tonique-exfoliante-illuminatrice-200-ml\/","title":{"rendered":"BELLA AURORA Illuminating Exfoliating Toning Lotion 200 ml"},"content":{"rendered":"<h2>BELLA AURORA Illuminating Exfoliating Toning Lotion 200 ml<\/h2>\n<p>2-in-1 illuminating exfoliating facial lotion.<\/p>\n<p>\u2022 Removes skin impurities and makeup residue.<\/p>\n<p>\u2022 Gently exfoliates the skin.<\/p>\n<p>\u2022 Stimulates cell regeneration.<\/p>\n<p>\u2022 Illuminates, unifies and brightens the complexion.<\/p>\n<p>\u2022 Rebalances the skin\u2019s pH. Dermatologically tested.<\/p>\n<p>All skin types.<\/p>\n<p><span>DIRECTIONS FOR USE:<\/span><\/p>\n<p>Apply to a cleansed face, neck, and d\u00e9collet\u00e9 using a cotton pad. No rinsing required.<\/p>\n<p><span>INGREDIENTS :<\/span><\/p>\n<p><b><i>Hibiscus extract:\u00a0<\/i><\/b>Gently exfoliates the skin to help it regenerate.<\/p>\n<p><b><i>Jeju Flower:\u00a0<\/i><\/b>Soothing and anti-inflammatory properties.<\/p>\n<p><em><strong>Niacinamide:\u00a0<\/strong><\/em>Brightens, illuminates and helps cleanse skin impurities by improving its texture.<\/p>\n<p>\u00a0<\/p>\n<p style=\"text-align: center\">Discover BELLA AURORA Illuminating Exfoliating Toning Lotion, a product carefully selected to meet your specific needs, and enjoy an exceptional shopping experience on our site,\u00a0<strong>Vita Blanca Parapharmacie Maroc<\/strong><\/p>","protected":false},"excerpt":{"rendered":"<p>BELLA AURORA Lotion Tonique Exfoliante Illuminatrice 200 Ml Lotion exfoliante illuminatrice visage 2 en 1. \u2022 \u00c9limine les impuret\u00e9s de la peau et les restes de maquillage. \u2022 Exfolie la peau en douceur. \u2022 Stimule la r\u00e9g\u00e9n\u00e9ration cellulaire. \u2022 Illumine, unifie et \u00e9claircit le teint. \u2022 R\u00e9\u00e9quilibre le PH de la peau. Test\u00e9e sous contr\u00f4le [&hellip;]<\/p>\n","protected":false},"featured_media":15516,"template":"","meta":{"om_disable_all_campaigns":false},"product_brand":[],"product_cat":[15],"product_tag":[],"class_list":{"0":"post-15517","1":"product","2":"type-product","3":"status-publish","4":"has-post-thumbnail","6":"product_cat-beaute-sante-complements-alimentaires-soins-et-bien-etre-au-meilleur-prix","8":"first","9":"instock","10":"sale","11":"taxable","12":"shipping-taxable","13":"purchasable","14":"product-type-simple"},"yoast_head":"<!-- This site is optimized with the Yoast SEO plugin v27.3 - https:\/\/yoast.com\/product\/yoast-seo-wordpress\/ -->\n<title>BELLA AURORA Lotion Tonique Exfoliante Illuminatrice 200 Ml - Maroc Prix<\/title>\n<meta name=\"description\" content=\"BELLA AURORA Lotion Tonique Exfoliante Illuminatrice 200 Ml\" \/>\n<meta name=\"robots\" content=\"index, follow, max-snippet:-1, max-image-preview:large, max-video-preview:-1\" \/>\n<link rel=\"canonical\" href=\"https:\/\/vitablanca.ma\/en\/product\/bella-aurora-lotion-tonique-exfoliante-illuminatrice-200-ml\/\" \/>\n<meta property=\"og:locale\" content=\"en_US\" \/>\n<meta property=\"og:type\" content=\"article\" \/>\n<meta property=\"og:title\" content=\"BELLA AURORA Lotion Tonique Exfoliante Illuminatrice 200 Ml - Maroc Prix\" \/>\n<meta property=\"og:description\" content=\"BELLA AURORA Lotion Tonique Exfoliante Illuminatrice 200 Ml\" \/>\n<meta property=\"og:url\" content=\"https:\/\/vitablanca.ma\/en\/product\/bella-aurora-lotion-tonique-exfoliante-illuminatrice-200-ml\/\" \/>\n<meta property=\"og:site_name\" content=\"Vitablanca.ma &ndash; Sant&eacute;, vitalit&eacute; et bien-&ecirc;tre pour tous les Marocains\" \/>\n<meta property=\"article:publisher\" content=\"https:\/\/www.facebook.com\/profile.php?id=61576678196717\" \/>\n<meta property=\"article:modified_time\" content=\"2025-09-16T17:56:19+00:00\" \/>\n<meta property=\"og:image\" content=\"https:\/\/vitablanca.ma\/wp-content\/uploads\/2025\/06\/bella-aurora-lotion-tonique-exfoliante-illuminatrice-200-ml-Nova-para-prix-Maroc.jpg\" \/>\n\t<meta property=\"og:image:width\" content=\"800\" \/>\n\t<meta property=\"og:image:height\" content=\"800\" \/>\n\t<meta property=\"og:image:type\" content=\"image\/jpeg\" \/>\n<meta name=\"twitter:card\" content=\"summary_large_image\" \/>\n<meta name=\"twitter:label1\" content=\"Est. reading time\" \/>\n\t<meta name=\"twitter:data1\" content=\"1 minute\" \/>\n<script type=\"application\/ld+json\" class=\"yoast-schema-graph\">{\"@context\":\"https:\\\/\\\/schema.org\",\"@graph\":[{\"@type\":[\"WebPage\",\"ItemPage\"],\"@id\":\"https:\\\/\\\/vitablanca.ma\\\/produit\\\/bella-aurora-lotion-tonique-exfoliante-illuminatrice-200-ml\\\/\",\"url\":\"https:\\\/\\\/vitablanca.ma\\\/produit\\\/bella-aurora-lotion-tonique-exfoliante-illuminatrice-200-ml\\\/\",\"name\":\"BELLA AURORA Lotion Tonique Exfoliante Illuminatrice 200 Ml - Maroc Prix\",\"isPartOf\":{\"@id\":\"https:\\\/\\\/vitablanca.ma\\\/#website\"},\"primaryImageOfPage\":{\"@id\":\"https:\\\/\\\/vitablanca.ma\\\/produit\\\/bella-aurora-lotion-tonique-exfoliante-illuminatrice-200-ml\\\/#primaryimage\"},\"image\":{\"@id\":\"https:\\\/\\\/vitablanca.ma\\\/produit\\\/bella-aurora-lotion-tonique-exfoliante-illuminatrice-200-ml\\\/#primaryimage\"},\"thumbnailUrl\":\"https:\\\/\\\/vitablanca.ma\\\/wp-content\\\/uploads\\\/2025\\\/06\\\/bella-aurora-lotion-tonique-exfoliante-illuminatrice-200-ml-Nova-para-prix-Maroc.jpg\",\"datePublished\":\"2025-06-10T16:02:02+00:00\",\"dateModified\":\"2025-09-16T17:56:19+00:00\",\"description\":\"BELLA AURORA Lotion Tonique Exfoliante Illuminatrice 200 Ml\",\"breadcrumb\":{\"@id\":\"https:\\\/\\\/vitablanca.ma\\\/produit\\\/bella-aurora-lotion-tonique-exfoliante-illuminatrice-200-ml\\\/#breadcrumb\"},\"inLanguage\":\"en-US\",\"potentialAction\":[{\"@type\":\"ReadAction\",\"target\":[\"https:\\\/\\\/vitablanca.ma\\\/produit\\\/bella-aurora-lotion-tonique-exfoliante-illuminatrice-200-ml\\\/\"]}]},{\"@type\":\"ImageObject\",\"inLanguage\":\"en-US\",\"@id\":\"https:\\\/\\\/vitablanca.ma\\\/produit\\\/bella-aurora-lotion-tonique-exfoliante-illuminatrice-200-ml\\\/#primaryimage\",\"url\":\"https:\\\/\\\/vitablanca.ma\\\/wp-content\\\/uploads\\\/2025\\\/06\\\/bella-aurora-lotion-tonique-exfoliante-illuminatrice-200-ml-Nova-para-prix-Maroc.jpg\",\"contentUrl\":\"https:\\\/\\\/vitablanca.ma\\\/wp-content\\\/uploads\\\/2025\\\/06\\\/bella-aurora-lotion-tonique-exfoliante-illuminatrice-200-ml-Nova-para-prix-Maroc.jpg\",\"width\":800,\"height\":800},{\"@type\":\"BreadcrumbList\",\"@id\":\"https:\\\/\\\/vitablanca.ma\\\/produit\\\/bella-aurora-lotion-tonique-exfoliante-illuminatrice-200-ml\\\/#breadcrumb\",\"itemListElement\":[{\"@type\":\"ListItem\",\"position\":1,\"name\":\"Home\",\"item\":\"https:\\\/\\\/vitablanca.ma\\\/\"},{\"@type\":\"ListItem\",\"position\":2,\"name\":\"Tous Les Produits\",\"item\":\"https:\\\/\\\/vitablanca.ma\\\/tous-les-produits\\\/\"},{\"@type\":\"ListItem\",\"position\":3,\"name\":\"BELLA AURORA Lotion Tonique Exfoliante Illuminatrice 200 Ml\"}]},{\"@type\":\"WebSite\",\"@id\":\"https:\\\/\\\/vitablanca.ma\\\/#website\",\"url\":\"https:\\\/\\\/vitablanca.ma\\\/\",\"name\":\"VitaBlanca.ma | Compl\u00e9ments alimentaires, sant\u00e9 & beaut\u00e9 au Maroc\",\"description\":\"vendre vitamines et compl\u00e9ments premium des USA &amp; Canada, Nouvelle Z\u00e9lande,Maroc (NOW Foods, Solgar, Manuka). Livraison rapide partout au Maroc.\",\"publisher\":{\"@id\":\"https:\\\/\\\/vitablanca.ma\\\/#organization\"},\"alternateName\":\"VitaBlanca.ma\",\"potentialAction\":[{\"@type\":\"SearchAction\",\"target\":{\"@type\":\"EntryPoint\",\"urlTemplate\":\"https:\\\/\\\/vitablanca.ma\\\/?s={search_term_string}\"},\"query-input\":{\"@type\":\"PropertyValueSpecification\",\"valueRequired\":true,\"valueName\":\"search_term_string\"}}],\"inLanguage\":\"en-US\"},{\"@type\":\"Organization\",\"@id\":\"https:\\\/\\\/vitablanca.ma\\\/#organization\",\"name\":\"VitaBlanca\",\"url\":\"https:\\\/\\\/vitablanca.ma\\\/\",\"logo\":{\"@type\":\"ImageObject\",\"inLanguage\":\"en-US\",\"@id\":\"https:\\\/\\\/vitablanca.ma\\\/#\\\/schema\\\/logo\\\/image\\\/\",\"url\":\"https:\\\/\\\/vitablanca.ma\\\/wp-content\\\/uploads\\\/2025\\\/05\\\/cropped-vitablanca.png\",\"contentUrl\":\"https:\\\/\\\/vitablanca.ma\\\/wp-content\\\/uploads\\\/2025\\\/05\\\/cropped-vitablanca.png\",\"width\":360,\"height\":67,\"caption\":\"VitaBlanca\"},\"image\":{\"@id\":\"https:\\\/\\\/vitablanca.ma\\\/#\\\/schema\\\/logo\\\/image\\\/\"},\"sameAs\":[\"https:\\\/\\\/www.facebook.com\\\/profile.php?id=61576678196717\",\"https:\\\/\\\/www.tiktok.com\\\/@vitablanca.ma\",\"https:\\\/\\\/www.instagram.com\\\/vitablanca.ma\\\/\"]}]}<\/script>\n<!-- \/ Yoast SEO plugin. -->","yoast_head_json":{"title":"BELLA AURORA Illuminating Exfoliating Toning Lotion 200 ml - Morocco Price","description":"BELLA AURORA Illuminating Exfoliating Toning Lotion 200 ml","robots":{"index":"index","follow":"follow","max-snippet":"max-snippet:-1","max-image-preview":"max-image-preview:large","max-video-preview":"max-video-preview:-1"},"canonical":"https:\/\/vitablanca.ma\/en\/product\/bella-aurora-lotion-tonique-exfoliante-illuminatrice-200-ml\/","og_locale":"en_US","og_type":"article","og_title":"BELLA AURORA Lotion Tonique Exfoliante Illuminatrice 200 Ml - Maroc Prix","og_description":"BELLA AURORA Lotion Tonique Exfoliante Illuminatrice 200 Ml","og_url":"https:\/\/vitablanca.ma\/en\/product\/bella-aurora-lotion-tonique-exfoliante-illuminatrice-200-ml\/","og_site_name":"Vitablanca.ma &ndash; Sant&eacute;, vitalit&eacute; et bien-&ecirc;tre pour tous les Marocains","article_publisher":"https:\/\/www.facebook.com\/profile.php?id=61576678196717","article_modified_time":"2025-09-16T17:56:19+00:00","og_image":[{"width":800,"height":800,"url":"https:\/\/vitablanca.ma\/wp-content\/uploads\/2025\/06\/bella-aurora-lotion-tonique-exfoliante-illuminatrice-200-ml-Nova-para-prix-Maroc.jpg","type":"image\/jpeg"}],"twitter_card":"summary_large_image","twitter_misc":{"Est. reading time":"1 minute"},"schema":{"@context":"https:\/\/schema.org","@graph":[{"@type":["WebPage","ItemPage"],"@id":"https:\/\/vitablanca.ma\/produit\/bella-aurora-lotion-tonique-exfoliante-illuminatrice-200-ml\/","url":"https:\/\/vitablanca.ma\/produit\/bella-aurora-lotion-tonique-exfoliante-illuminatrice-200-ml\/","name":"BELLA AURORA Illuminating Exfoliating Toning Lotion 200 ml - Morocco Price","isPartOf":{"@id":"https:\/\/vitablanca.ma\/#website"},"primaryImageOfPage":{"@id":"https:\/\/vitablanca.ma\/produit\/bella-aurora-lotion-tonique-exfoliante-illuminatrice-200-ml\/#primaryimage"},"image":{"@id":"https:\/\/vitablanca.ma\/produit\/bella-aurora-lotion-tonique-exfoliante-illuminatrice-200-ml\/#primaryimage"},"thumbnailUrl":"https:\/\/vitablanca.ma\/wp-content\/uploads\/2025\/06\/bella-aurora-lotion-tonique-exfoliante-illuminatrice-200-ml-Nova-para-prix-Maroc.jpg","datePublished":"2025-06-10T16:02:02+00:00","dateModified":"2025-09-16T17:56:19+00:00","description":"BELLA AURORA Illuminating Exfoliating Toning Lotion 200 ml","breadcrumb":{"@id":"https:\/\/vitablanca.ma\/produit\/bella-aurora-lotion-tonique-exfoliante-illuminatrice-200-ml\/#breadcrumb"},"inLanguage":"en-US","potentialAction":[{"@type":"ReadAction","target":["https:\/\/vitablanca.ma\/produit\/bella-aurora-lotion-tonique-exfoliante-illuminatrice-200-ml\/"]}]},{"@type":"ImageObject","inLanguage":"en-US","@id":"https:\/\/vitablanca.ma\/produit\/bella-aurora-lotion-tonique-exfoliante-illuminatrice-200-ml\/#primaryimage","url":"https:\/\/vitablanca.ma\/wp-content\/uploads\/2025\/06\/bella-aurora-lotion-tonique-exfoliante-illuminatrice-200-ml-Nova-para-prix-Maroc.jpg","contentUrl":"https:\/\/vitablanca.ma\/wp-content\/uploads\/2025\/06\/bella-aurora-lotion-tonique-exfoliante-illuminatrice-200-ml-Nova-para-prix-Maroc.jpg","width":800,"height":800},{"@type":"BreadcrumbList","@id":"https:\/\/vitablanca.ma\/produit\/bella-aurora-lotion-tonique-exfoliante-illuminatrice-200-ml\/#breadcrumb","itemListElement":[{"@type":"ListItem","position":1,"name":"Home","item":"https:\/\/vitablanca.ma\/"},{"@type":"ListItem","position":2,"name":"Tous Les Produits","item":"https:\/\/vitablanca.ma\/tous-les-produits\/"},{"@type":"ListItem","position":3,"name":"BELLA AURORA Lotion Tonique Exfoliante Illuminatrice 200 Ml"}]},{"@type":"WebSite","@id":"https:\/\/vitablanca.ma\/#website","url":"https:\/\/vitablanca.ma\/","name":"VitaBlanca.ma | Food supplements, health &amp; beauty in Morocco","description":"sell premium vitamins and supplements from USA &amp; Canada, New Zealand, Morocco (NOW Foods, Solgar, Manuka). Fast delivery anywhere in Morocco.","publisher":{"@id":"https:\/\/vitablanca.ma\/#organization"},"alternateName":"VitaBlanca.ma","potentialAction":[{"@type":"SearchAction","target":{"@type":"EntryPoint","urlTemplate":"https:\/\/vitablanca.ma\/?s={search_term_string}"},"query-input":{"@type":"PropertyValueSpecification","valueRequired":true,"valueName":"search_term_string"}}],"inLanguage":"en-US"},{"@type":"Organization","@id":"https:\/\/vitablanca.ma\/#organization","name":"VitaBlanca","url":"https:\/\/vitablanca.ma\/","logo":{"@type":"ImageObject","inLanguage":"en-US","@id":"https:\/\/vitablanca.ma\/#\/schema\/logo\/image\/","url":"https:\/\/vitablanca.ma\/wp-content\/uploads\/2025\/05\/cropped-vitablanca.png","contentUrl":"https:\/\/vitablanca.ma\/wp-content\/uploads\/2025\/05\/cropped-vitablanca.png","width":360,"height":67,"caption":"VitaBlanca"},"image":{"@id":"https:\/\/vitablanca.ma\/#\/schema\/logo\/image\/"},"sameAs":["https:\/\/www.facebook.com\/profile.php?id=61576678196717","https:\/\/www.tiktok.com\/@vitablanca.ma","https:\/\/www.instagram.com\/vitablanca.ma\/"]}]}},"jetpack_sharing_enabled":true,"_links":{"self":[{"href":"https:\/\/vitablanca.ma\/en\/wp-json\/wp\/v2\/product\/15517","targetHints":{"allow":["GET"]}}],"collection":[{"href":"https:\/\/vitablanca.ma\/en\/wp-json\/wp\/v2\/product"}],"about":[{"href":"https:\/\/vitablanca.ma\/en\/wp-json\/wp\/v2\/types\/product"}],"wp:featuredmedia":[{"embeddable":true,"href":"https:\/\/vitablanca.ma\/en\/wp-json\/wp\/v2\/media\/15516"}],"wp:attachment":[{"href":"https:\/\/vitablanca.ma\/en\/wp-json\/wp\/v2\/media?parent=15517"}],"wp:term":[{"taxonomy":"product_brand","embeddable":true,"href":"https:\/\/vitablanca.ma\/en\/wp-json\/wp\/v2\/product_brand?post=15517"},{"taxonomy":"product_cat","embeddable":true,"href":"https:\/\/vitablanca.ma\/en\/wp-json\/wp\/v2\/product_cat?post=15517"},{"taxonomy":"product_tag","embeddable":true,"href":"https:\/\/vitablanca.ma\/en\/wp-json\/wp\/v2\/product_tag?post=15517"}],"curies":[{"name":"wp","href":"https:\/\/api.w.org\/{rel}","templated":true}]}}