{"id":15513,"date":"2025-06-10T16:01:59","date_gmt":"2025-06-10T16:01:59","guid":{"rendered":"https:\/\/vitablanca.ma\/product\/bella-aurora-bio10-forte-m-lasma-30ml\/"},"modified":"2025-09-16T17:56:19","modified_gmt":"2025-09-16T17:56:19","slug":"bella-aurora-bio10-forte-m-lasma-30ml","status":"publish","type":"product","link":"https:\/\/vitablanca.ma\/en\/product\/bella-aurora-bio10-forte-m-lasma-30ml\/","title":{"rendered":"Bella Aurora Bio10 Forte M-lasma 30ml"},"content":{"rendered":"<div class=\"row product-container\">\n<div class=\"col-lg-6\">\n<div class=\"product-information\">\n<div>\n<h2 class=\"h1\"><span><span>Bella Aurora Bio10 Forte M-lasma <\/span>Intensive depigmenting treatment<\/span><\/h2>\n<\/div>\n<div id=\"product-description-short-887\">\n<span>Intensive treatment for hormonal brown spots. A combination of active ingredients with B-CORE221TM depigmenting technology. A targeted system delivers the encapsulated ingredient directly to melanin-producing cells where it is released for ultra-effective depigmentation.<\/span><\/p>\n<p><span>Recognizing hormonal brown spots These are patches and brown spots. They tend to appear symmetrically on both sides of the face in areas exposed to the sun (forehead, chin, nose, cheeks, and upper lip). They are caused by sun exposure coupled with hormonal factors, stress, allergic reactions, and\/or medication use.<\/span><br \/><span>Hypoallergenic. Dermatologically tested.<\/span>\n<\/div>\n<div><span><\/span><\/div>\n<div style=\"text-align: center\"><span>Discover Bella Aurora Bio10 Forte M-lasma, a product carefully selected to meet your specific needs, and enjoy an exceptional shopping experience on our site,\u00a0<strong>Vita Blanca Parapharmacie Maroc<\/strong><\/span><\/div>\n<\/div>\n<\/div>\n<\/div>\n<div class=\"row\">\n<div id=\"\" class=\"col-md-12 horizonal-txt\"><\/div>\n<\/div>","protected":false},"excerpt":{"rendered":"<p>Bella Aurora Bio10 Forte M-lasma Soin d\u00e9pigmentant intensif Traitement intensif des taches brunes hormonales.\u00a0Une combinaison de substances actives avec la technologie d\u00e9pigmentante B-CORE221TM.\u00a0Un syst\u00e8me cibl\u00e9 am\u00e8ne l&rsquo;ingr\u00e9dient encapsul\u00e9 directement dans les cellules productrices de m\u00e9lanine o\u00f9 il est lib\u00e9r\u00e9 pour une d\u00e9pigmentation ultra-efficace. Reconna\u00eetre les taches brunes d&rsquo;origine hormonale Ce sont des plaques et des [&hellip;]<\/p>\n","protected":false},"featured_media":15511,"template":"","meta":{"om_disable_all_campaigns":false},"product_brand":[],"product_cat":[15],"product_tag":[],"class_list":{"0":"post-15513","1":"product","2":"type-product","3":"status-publish","4":"has-post-thumbnail","6":"product_cat-beaute-sante-complements-alimentaires-soins-et-bien-etre-au-meilleur-prix","8":"first","9":"instock","10":"sale","11":"taxable","12":"shipping-taxable","13":"purchasable","14":"product-type-simple"},"yoast_head":"<!-- This site is optimized with the Yoast SEO plugin v27.3 - https:\/\/yoast.com\/product\/yoast-seo-wordpress\/ -->\n<title>Bella Aurora Bio10 Forte M-lasma 30ml - Maroc Prix<\/title>\n<meta name=\"description\" content=\"Bella Aurora Bio10 Forte M-lasma 30ml\" \/>\n<meta name=\"robots\" content=\"index, follow, max-snippet:-1, max-image-preview:large, max-video-preview:-1\" \/>\n<link rel=\"canonical\" href=\"https:\/\/vitablanca.ma\/en\/product\/bella-aurora-bio10-forte-m-lasma-30ml\/\" \/>\n<meta property=\"og:locale\" content=\"en_US\" \/>\n<meta property=\"og:type\" content=\"article\" \/>\n<meta property=\"og:title\" content=\"Bella Aurora Bio10 Forte M-lasma 30ml - Maroc Prix\" \/>\n<meta property=\"og:description\" content=\"Bella Aurora Bio10 Forte M-lasma 30ml\" \/>\n<meta property=\"og:url\" content=\"https:\/\/vitablanca.ma\/en\/product\/bella-aurora-bio10-forte-m-lasma-30ml\/\" \/>\n<meta property=\"og:site_name\" content=\"Vitablanca.ma &ndash; Sant&eacute;, vitalit&eacute; et bien-&ecirc;tre pour tous les Marocains\" \/>\n<meta property=\"article:publisher\" content=\"https:\/\/www.facebook.com\/profile.php?id=61576678196717\" \/>\n<meta property=\"article:modified_time\" content=\"2025-09-16T17:56:19+00:00\" \/>\n<meta property=\"og:image\" content=\"https:\/\/vitablanca.ma\/wp-content\/uploads\/2025\/06\/Bella-Aurora-Bio10-Forte-M-lasma-Nova-para-prix-Maroc.jpg\" \/>\n\t<meta property=\"og:image:width\" content=\"1000\" \/>\n\t<meta property=\"og:image:height\" content=\"1000\" \/>\n\t<meta property=\"og:image:type\" content=\"image\/jpeg\" \/>\n<meta name=\"twitter:card\" content=\"summary_large_image\" \/>\n<meta name=\"twitter:label1\" content=\"Est. reading time\" \/>\n\t<meta name=\"twitter:data1\" content=\"1 minute\" \/>\n<script type=\"application\/ld+json\" class=\"yoast-schema-graph\">{\"@context\":\"https:\\\/\\\/schema.org\",\"@graph\":[{\"@type\":[\"WebPage\",\"ItemPage\"],\"@id\":\"https:\\\/\\\/vitablanca.ma\\\/produit\\\/bella-aurora-bio10-forte-m-lasma-30ml\\\/\",\"url\":\"https:\\\/\\\/vitablanca.ma\\\/produit\\\/bella-aurora-bio10-forte-m-lasma-30ml\\\/\",\"name\":\"Bella Aurora Bio10 Forte M-lasma 30ml - Maroc Prix\",\"isPartOf\":{\"@id\":\"https:\\\/\\\/vitablanca.ma\\\/#website\"},\"primaryImageOfPage\":{\"@id\":\"https:\\\/\\\/vitablanca.ma\\\/produit\\\/bella-aurora-bio10-forte-m-lasma-30ml\\\/#primaryimage\"},\"image\":{\"@id\":\"https:\\\/\\\/vitablanca.ma\\\/produit\\\/bella-aurora-bio10-forte-m-lasma-30ml\\\/#primaryimage\"},\"thumbnailUrl\":\"https:\\\/\\\/vitablanca.ma\\\/wp-content\\\/uploads\\\/2025\\\/06\\\/Bella-Aurora-Bio10-Forte-M-lasma-Nova-para-prix-Maroc.jpg\",\"datePublished\":\"2025-06-10T16:01:59+00:00\",\"dateModified\":\"2025-09-16T17:56:19+00:00\",\"description\":\"Bella Aurora Bio10 Forte M-lasma 30ml\",\"breadcrumb\":{\"@id\":\"https:\\\/\\\/vitablanca.ma\\\/produit\\\/bella-aurora-bio10-forte-m-lasma-30ml\\\/#breadcrumb\"},\"inLanguage\":\"en-US\",\"potentialAction\":[{\"@type\":\"ReadAction\",\"target\":[\"https:\\\/\\\/vitablanca.ma\\\/produit\\\/bella-aurora-bio10-forte-m-lasma-30ml\\\/\"]}]},{\"@type\":\"ImageObject\",\"inLanguage\":\"en-US\",\"@id\":\"https:\\\/\\\/vitablanca.ma\\\/produit\\\/bella-aurora-bio10-forte-m-lasma-30ml\\\/#primaryimage\",\"url\":\"https:\\\/\\\/vitablanca.ma\\\/wp-content\\\/uploads\\\/2025\\\/06\\\/Bella-Aurora-Bio10-Forte-M-lasma-Nova-para-prix-Maroc.jpg\",\"contentUrl\":\"https:\\\/\\\/vitablanca.ma\\\/wp-content\\\/uploads\\\/2025\\\/06\\\/Bella-Aurora-Bio10-Forte-M-lasma-Nova-para-prix-Maroc.jpg\",\"width\":1000,\"height\":1000},{\"@type\":\"BreadcrumbList\",\"@id\":\"https:\\\/\\\/vitablanca.ma\\\/produit\\\/bella-aurora-bio10-forte-m-lasma-30ml\\\/#breadcrumb\",\"itemListElement\":[{\"@type\":\"ListItem\",\"position\":1,\"name\":\"Home\",\"item\":\"https:\\\/\\\/vitablanca.ma\\\/\"},{\"@type\":\"ListItem\",\"position\":2,\"name\":\"Tous Les Produits\",\"item\":\"https:\\\/\\\/vitablanca.ma\\\/tous-les-produits\\\/\"},{\"@type\":\"ListItem\",\"position\":3,\"name\":\"Bella Aurora Bio10 Forte M-lasma 30ml\"}]},{\"@type\":\"WebSite\",\"@id\":\"https:\\\/\\\/vitablanca.ma\\\/#website\",\"url\":\"https:\\\/\\\/vitablanca.ma\\\/\",\"name\":\"VitaBlanca.ma | Compl\u00e9ments alimentaires, sant\u00e9 & beaut\u00e9 au Maroc\",\"description\":\"vendre vitamines et compl\u00e9ments premium des USA &amp; Canada, Nouvelle Z\u00e9lande,Maroc (NOW Foods, Solgar, Manuka). Livraison rapide partout au Maroc.\",\"publisher\":{\"@id\":\"https:\\\/\\\/vitablanca.ma\\\/#organization\"},\"alternateName\":\"VitaBlanca.ma\",\"potentialAction\":[{\"@type\":\"SearchAction\",\"target\":{\"@type\":\"EntryPoint\",\"urlTemplate\":\"https:\\\/\\\/vitablanca.ma\\\/?s={search_term_string}\"},\"query-input\":{\"@type\":\"PropertyValueSpecification\",\"valueRequired\":true,\"valueName\":\"search_term_string\"}}],\"inLanguage\":\"en-US\"},{\"@type\":\"Organization\",\"@id\":\"https:\\\/\\\/vitablanca.ma\\\/#organization\",\"name\":\"VitaBlanca\",\"url\":\"https:\\\/\\\/vitablanca.ma\\\/\",\"logo\":{\"@type\":\"ImageObject\",\"inLanguage\":\"en-US\",\"@id\":\"https:\\\/\\\/vitablanca.ma\\\/#\\\/schema\\\/logo\\\/image\\\/\",\"url\":\"https:\\\/\\\/vitablanca.ma\\\/wp-content\\\/uploads\\\/2025\\\/05\\\/cropped-vitablanca.png\",\"contentUrl\":\"https:\\\/\\\/vitablanca.ma\\\/wp-content\\\/uploads\\\/2025\\\/05\\\/cropped-vitablanca.png\",\"width\":360,\"height\":67,\"caption\":\"VitaBlanca\"},\"image\":{\"@id\":\"https:\\\/\\\/vitablanca.ma\\\/#\\\/schema\\\/logo\\\/image\\\/\"},\"sameAs\":[\"https:\\\/\\\/www.facebook.com\\\/profile.php?id=61576678196717\",\"https:\\\/\\\/www.tiktok.com\\\/@vitablanca.ma\",\"https:\\\/\\\/www.instagram.com\\\/vitablanca.ma\\\/\"]}]}<\/script>\n<!-- \/ Yoast SEO plugin. -->","yoast_head_json":{"title":"Bella Aurora Bio10 Forte M-lasma 30ml - Morocco Price","description":"Bella Aurora Bio10 Forte M-lasma 30ml","robots":{"index":"index","follow":"follow","max-snippet":"max-snippet:-1","max-image-preview":"max-image-preview:large","max-video-preview":"max-video-preview:-1"},"canonical":"https:\/\/vitablanca.ma\/en\/product\/bella-aurora-bio10-forte-m-lasma-30ml\/","og_locale":"en_US","og_type":"article","og_title":"Bella Aurora Bio10 Forte M-lasma 30ml - Maroc Prix","og_description":"Bella Aurora Bio10 Forte M-lasma 30ml","og_url":"https:\/\/vitablanca.ma\/en\/product\/bella-aurora-bio10-forte-m-lasma-30ml\/","og_site_name":"Vitablanca.ma &ndash; Sant&eacute;, vitalit&eacute; et bien-&ecirc;tre pour tous les Marocains","article_publisher":"https:\/\/www.facebook.com\/profile.php?id=61576678196717","article_modified_time":"2025-09-16T17:56:19+00:00","og_image":[{"width":1000,"height":1000,"url":"https:\/\/vitablanca.ma\/wp-content\/uploads\/2025\/06\/Bella-Aurora-Bio10-Forte-M-lasma-Nova-para-prix-Maroc.jpg","type":"image\/jpeg"}],"twitter_card":"summary_large_image","twitter_misc":{"Est. reading time":"1 minute"},"schema":{"@context":"https:\/\/schema.org","@graph":[{"@type":["WebPage","ItemPage"],"@id":"https:\/\/vitablanca.ma\/produit\/bella-aurora-bio10-forte-m-lasma-30ml\/","url":"https:\/\/vitablanca.ma\/produit\/bella-aurora-bio10-forte-m-lasma-30ml\/","name":"Bella Aurora Bio10 Forte M-lasma 30ml - Morocco Price","isPartOf":{"@id":"https:\/\/vitablanca.ma\/#website"},"primaryImageOfPage":{"@id":"https:\/\/vitablanca.ma\/produit\/bella-aurora-bio10-forte-m-lasma-30ml\/#primaryimage"},"image":{"@id":"https:\/\/vitablanca.ma\/produit\/bella-aurora-bio10-forte-m-lasma-30ml\/#primaryimage"},"thumbnailUrl":"https:\/\/vitablanca.ma\/wp-content\/uploads\/2025\/06\/Bella-Aurora-Bio10-Forte-M-lasma-Nova-para-prix-Maroc.jpg","datePublished":"2025-06-10T16:01:59+00:00","dateModified":"2025-09-16T17:56:19+00:00","description":"Bella Aurora Bio10 Forte M-lasma 30ml","breadcrumb":{"@id":"https:\/\/vitablanca.ma\/produit\/bella-aurora-bio10-forte-m-lasma-30ml\/#breadcrumb"},"inLanguage":"en-US","potentialAction":[{"@type":"ReadAction","target":["https:\/\/vitablanca.ma\/produit\/bella-aurora-bio10-forte-m-lasma-30ml\/"]}]},{"@type":"ImageObject","inLanguage":"en-US","@id":"https:\/\/vitablanca.ma\/produit\/bella-aurora-bio10-forte-m-lasma-30ml\/#primaryimage","url":"https:\/\/vitablanca.ma\/wp-content\/uploads\/2025\/06\/Bella-Aurora-Bio10-Forte-M-lasma-Nova-para-prix-Maroc.jpg","contentUrl":"https:\/\/vitablanca.ma\/wp-content\/uploads\/2025\/06\/Bella-Aurora-Bio10-Forte-M-lasma-Nova-para-prix-Maroc.jpg","width":1000,"height":1000},{"@type":"BreadcrumbList","@id":"https:\/\/vitablanca.ma\/produit\/bella-aurora-bio10-forte-m-lasma-30ml\/#breadcrumb","itemListElement":[{"@type":"ListItem","position":1,"name":"Home","item":"https:\/\/vitablanca.ma\/"},{"@type":"ListItem","position":2,"name":"Tous Les Produits","item":"https:\/\/vitablanca.ma\/tous-les-produits\/"},{"@type":"ListItem","position":3,"name":"Bella Aurora Bio10 Forte M-lasma 30ml"}]},{"@type":"WebSite","@id":"https:\/\/vitablanca.ma\/#website","url":"https:\/\/vitablanca.ma\/","name":"VitaBlanca.ma | Food supplements, health &amp; beauty in Morocco","description":"sell premium vitamins and supplements from USA &amp; Canada, New Zealand, Morocco (NOW Foods, Solgar, Manuka). Fast delivery anywhere in Morocco.","publisher":{"@id":"https:\/\/vitablanca.ma\/#organization"},"alternateName":"VitaBlanca.ma","potentialAction":[{"@type":"SearchAction","target":{"@type":"EntryPoint","urlTemplate":"https:\/\/vitablanca.ma\/?s={search_term_string}"},"query-input":{"@type":"PropertyValueSpecification","valueRequired":true,"valueName":"search_term_string"}}],"inLanguage":"en-US"},{"@type":"Organization","@id":"https:\/\/vitablanca.ma\/#organization","name":"VitaBlanca","url":"https:\/\/vitablanca.ma\/","logo":{"@type":"ImageObject","inLanguage":"en-US","@id":"https:\/\/vitablanca.ma\/#\/schema\/logo\/image\/","url":"https:\/\/vitablanca.ma\/wp-content\/uploads\/2025\/05\/cropped-vitablanca.png","contentUrl":"https:\/\/vitablanca.ma\/wp-content\/uploads\/2025\/05\/cropped-vitablanca.png","width":360,"height":67,"caption":"VitaBlanca"},"image":{"@id":"https:\/\/vitablanca.ma\/#\/schema\/logo\/image\/"},"sameAs":["https:\/\/www.facebook.com\/profile.php?id=61576678196717","https:\/\/www.tiktok.com\/@vitablanca.ma","https:\/\/www.instagram.com\/vitablanca.ma\/"]}]}},"jetpack_sharing_enabled":true,"_links":{"self":[{"href":"https:\/\/vitablanca.ma\/en\/wp-json\/wp\/v2\/product\/15513","targetHints":{"allow":["GET"]}}],"collection":[{"href":"https:\/\/vitablanca.ma\/en\/wp-json\/wp\/v2\/product"}],"about":[{"href":"https:\/\/vitablanca.ma\/en\/wp-json\/wp\/v2\/types\/product"}],"wp:featuredmedia":[{"embeddable":true,"href":"https:\/\/vitablanca.ma\/en\/wp-json\/wp\/v2\/media\/15511"}],"wp:attachment":[{"href":"https:\/\/vitablanca.ma\/en\/wp-json\/wp\/v2\/media?parent=15513"}],"wp:term":[{"taxonomy":"product_brand","embeddable":true,"href":"https:\/\/vitablanca.ma\/en\/wp-json\/wp\/v2\/product_brand?post=15513"},{"taxonomy":"product_cat","embeddable":true,"href":"https:\/\/vitablanca.ma\/en\/wp-json\/wp\/v2\/product_cat?post=15513"},{"taxonomy":"product_tag","embeddable":true,"href":"https:\/\/vitablanca.ma\/en\/wp-json\/wp\/v2\/product_tag?post=15513"}],"curies":[{"name":"wp","href":"https:\/\/api.w.org\/{rel}","templated":true}]}}