{"id":15491,"date":"2025-06-10T16:01:38","date_gmt":"2025-06-10T16:01:38","guid":{"rendered":"https:\/\/vitablanca.ma\/product\/bebe-confort-brosse-miroir-et-peigne-rouge-et-blanc-0-6m\/"},"modified":"2025-06-10T16:01:38","modified_gmt":"2025-06-10T16:01:38","slug":"bebe-confort-brosse-miroir-et-peigne-rouge-et-blanc-0-6m","status":"publish","type":"product","link":"https:\/\/vitablanca.ma\/en\/product\/bebe-confort-brosse-miroir-et-peigne-rouge-et-blanc-0-6m\/","title":{"rendered":"B\u00e9b\u00e9 Confort Mirror Brush and Comb Red and White +0-6m"},"content":{"rendered":"<h2>B\u00e9b\u00e9 Confort Mirror Brush and Comb Red and White +0-6m.<\/h2>\n<p>This beautiful nylon paper boat baby hairbrush with integrated mirror on the back and rounded tooth comb from the B\u00e9b\u00e9 Confort brand is a hair care set for gently combing little ones&#039; hair.<\/p>\n<p>This very rigid baby comfort nylon brush does not damage quickly, which allows for longer life and better efficiency in terms of brushing and also styling for children.<\/p>\n<p>An essential addition that cannot be missing from your baby&#039;s toiletry bag.<\/p>\n<p>It&#039;s the perfect useful birth gift!<\/p>\n<h3><strong>Features :<\/strong><\/h3>\n<ul>\n<li>Made of natural materials<\/li>\n<li>Ergonomic and soft.<\/li>\n<li>Ideal for caring for your baby&#039;s delicate hair.<\/li>\n<li>Comb with rounded teeth for gentle styling.<\/li>\n<li>Age: From 0 months<\/li>\n<li>Colors: Multicolor<\/li>\n<\/ul>\n<p><strong>Baby Comfort<\/strong><span>\u00a0<\/span>has earned the respect of all companies dedicated to<span>\u00a0<\/span><strong>world of childcare<\/strong><span>\u00a0<\/span>in<span>\u00a0<\/span><strong>making life easier for children and parents<\/strong>.<\/p>","protected":false},"excerpt":{"rendered":"<p>B\u00e9b\u00e9 Confort Brosse Miroir Et Peigne Rouge Et Blanc +0-6m. Cette magnifique brosse \u00e0 cheveux pour b\u00e9b\u00e9 paper boat en nylon avec miroir int\u00e9gr\u00e9 au dos et peigne aux dents arrondies de la marque b\u00e9b\u00e9 confort sont un ensemble de soins capillaires pour peigner avec douceur les cheveux des tout-petits. Cette brosse en nylon b\u00e9b\u00e9 [&hellip;]<\/p>\n","protected":false},"featured_media":15490,"template":"","meta":{"om_disable_all_campaigns":false},"product_brand":[],"product_cat":[15],"product_tag":[],"class_list":{"0":"post-15491","1":"product","2":"type-product","3":"status-publish","4":"has-post-thumbnail","6":"product_cat-beaute-sante-complements-alimentaires-soins-et-bien-etre-au-meilleur-prix","8":"first","9":"instock","10":"sale","11":"taxable","12":"shipping-taxable","13":"purchasable","14":"product-type-simple"},"yoast_head":"<!-- This site is optimized with the Yoast SEO plugin v27.3 - https:\/\/yoast.com\/product\/yoast-seo-wordpress\/ -->\n<title>B\u00e9b\u00e9 Confort Brosse Miroir Et Peigne Rouge Et Blanc +0-6m - Maroc Prix<\/title>\n<meta name=\"description\" content=\"B\u00e9b\u00e9 Confort Brosse Miroir Et Peigne Rouge Et Blanc +0-6m\" \/>\n<meta name=\"robots\" content=\"index, follow, max-snippet:-1, max-image-preview:large, max-video-preview:-1\" \/>\n<link rel=\"canonical\" href=\"https:\/\/vitablanca.ma\/en\/product\/bebe-confort-brosse-miroir-et-peigne-rouge-et-blanc-0-6m\/\" \/>\n<meta property=\"og:locale\" content=\"en_US\" \/>\n<meta property=\"og:type\" content=\"article\" \/>\n<meta property=\"og:title\" content=\"B\u00e9b\u00e9 Confort Brosse Miroir Et Peigne Rouge Et Blanc +0-6m - Maroc Prix\" \/>\n<meta property=\"og:description\" content=\"B\u00e9b\u00e9 Confort Brosse Miroir Et Peigne Rouge Et Blanc +0-6m\" \/>\n<meta property=\"og:url\" content=\"https:\/\/vitablanca.ma\/en\/product\/bebe-confort-brosse-miroir-et-peigne-rouge-et-blanc-0-6m\/\" \/>\n<meta property=\"og:site_name\" content=\"Vitablanca.ma &ndash; Sant&eacute;, vitalit&eacute; et bien-&ecirc;tre pour tous les Marocains\" \/>\n<meta property=\"article:publisher\" content=\"https:\/\/www.facebook.com\/profile.php?id=61576678196717\" \/>\n<meta property=\"og:image\" content=\"https:\/\/vitablanca.ma\/wp-content\/uploads\/2025\/06\/Bebe-Confort-Brosse-Miroir-Et-Peigne-Rouge-Et-Blanc-_0-6m-nova-parapharmacie-casablanca.jpg\" \/>\n\t<meta property=\"og:image:width\" content=\"1000\" \/>\n\t<meta property=\"og:image:height\" content=\"1000\" \/>\n\t<meta property=\"og:image:type\" content=\"image\/jpeg\" \/>\n<meta name=\"twitter:card\" content=\"summary_large_image\" \/>\n<meta name=\"twitter:label1\" content=\"Est. reading time\" \/>\n\t<meta name=\"twitter:data1\" content=\"1 minute\" \/>\n<script type=\"application\/ld+json\" class=\"yoast-schema-graph\">{\"@context\":\"https:\\\/\\\/schema.org\",\"@graph\":[{\"@type\":[\"WebPage\",\"ItemPage\"],\"@id\":\"https:\\\/\\\/vitablanca.ma\\\/produit\\\/bebe-confort-brosse-miroir-et-peigne-rouge-et-blanc-0-6m\\\/\",\"url\":\"https:\\\/\\\/vitablanca.ma\\\/produit\\\/bebe-confort-brosse-miroir-et-peigne-rouge-et-blanc-0-6m\\\/\",\"name\":\"B\u00e9b\u00e9 Confort Brosse Miroir Et Peigne Rouge Et Blanc +0-6m - Maroc Prix\",\"isPartOf\":{\"@id\":\"https:\\\/\\\/vitablanca.ma\\\/#website\"},\"primaryImageOfPage\":{\"@id\":\"https:\\\/\\\/vitablanca.ma\\\/produit\\\/bebe-confort-brosse-miroir-et-peigne-rouge-et-blanc-0-6m\\\/#primaryimage\"},\"image\":{\"@id\":\"https:\\\/\\\/vitablanca.ma\\\/produit\\\/bebe-confort-brosse-miroir-et-peigne-rouge-et-blanc-0-6m\\\/#primaryimage\"},\"thumbnailUrl\":\"https:\\\/\\\/vitablanca.ma\\\/wp-content\\\/uploads\\\/2025\\\/06\\\/Bebe-Confort-Brosse-Miroir-Et-Peigne-Rouge-Et-Blanc-_0-6m-nova-parapharmacie-casablanca.jpg\",\"datePublished\":\"2025-06-10T16:01:38+00:00\",\"description\":\"B\u00e9b\u00e9 Confort Brosse Miroir Et Peigne Rouge Et Blanc +0-6m\",\"breadcrumb\":{\"@id\":\"https:\\\/\\\/vitablanca.ma\\\/produit\\\/bebe-confort-brosse-miroir-et-peigne-rouge-et-blanc-0-6m\\\/#breadcrumb\"},\"inLanguage\":\"en-US\",\"potentialAction\":[{\"@type\":\"ReadAction\",\"target\":[\"https:\\\/\\\/vitablanca.ma\\\/produit\\\/bebe-confort-brosse-miroir-et-peigne-rouge-et-blanc-0-6m\\\/\"]}]},{\"@type\":\"ImageObject\",\"inLanguage\":\"en-US\",\"@id\":\"https:\\\/\\\/vitablanca.ma\\\/produit\\\/bebe-confort-brosse-miroir-et-peigne-rouge-et-blanc-0-6m\\\/#primaryimage\",\"url\":\"https:\\\/\\\/vitablanca.ma\\\/wp-content\\\/uploads\\\/2025\\\/06\\\/Bebe-Confort-Brosse-Miroir-Et-Peigne-Rouge-Et-Blanc-_0-6m-nova-parapharmacie-casablanca.jpg\",\"contentUrl\":\"https:\\\/\\\/vitablanca.ma\\\/wp-content\\\/uploads\\\/2025\\\/06\\\/Bebe-Confort-Brosse-Miroir-Et-Peigne-Rouge-Et-Blanc-_0-6m-nova-parapharmacie-casablanca.jpg\",\"width\":1000,\"height\":1000},{\"@type\":\"BreadcrumbList\",\"@id\":\"https:\\\/\\\/vitablanca.ma\\\/produit\\\/bebe-confort-brosse-miroir-et-peigne-rouge-et-blanc-0-6m\\\/#breadcrumb\",\"itemListElement\":[{\"@type\":\"ListItem\",\"position\":1,\"name\":\"Home\",\"item\":\"https:\\\/\\\/vitablanca.ma\\\/\"},{\"@type\":\"ListItem\",\"position\":2,\"name\":\"Tous Les Produits\",\"item\":\"https:\\\/\\\/vitablanca.ma\\\/tous-les-produits\\\/\"},{\"@type\":\"ListItem\",\"position\":3,\"name\":\"B\u00e9b\u00e9 Confort Brosse Miroir Et Peigne Rouge Et Blanc +0-6m\"}]},{\"@type\":\"WebSite\",\"@id\":\"https:\\\/\\\/vitablanca.ma\\\/#website\",\"url\":\"https:\\\/\\\/vitablanca.ma\\\/\",\"name\":\"VitaBlanca.ma | Compl\u00e9ments alimentaires, sant\u00e9 & beaut\u00e9 au Maroc\",\"description\":\"vendre vitamines et compl\u00e9ments premium des USA &amp; Canada, Nouvelle Z\u00e9lande,Maroc (NOW Foods, Solgar, Manuka). Livraison rapide partout au Maroc.\",\"publisher\":{\"@id\":\"https:\\\/\\\/vitablanca.ma\\\/#organization\"},\"alternateName\":\"VitaBlanca.ma\",\"potentialAction\":[{\"@type\":\"SearchAction\",\"target\":{\"@type\":\"EntryPoint\",\"urlTemplate\":\"https:\\\/\\\/vitablanca.ma\\\/?s={search_term_string}\"},\"query-input\":{\"@type\":\"PropertyValueSpecification\",\"valueRequired\":true,\"valueName\":\"search_term_string\"}}],\"inLanguage\":\"en-US\"},{\"@type\":\"Organization\",\"@id\":\"https:\\\/\\\/vitablanca.ma\\\/#organization\",\"name\":\"VitaBlanca\",\"url\":\"https:\\\/\\\/vitablanca.ma\\\/\",\"logo\":{\"@type\":\"ImageObject\",\"inLanguage\":\"en-US\",\"@id\":\"https:\\\/\\\/vitablanca.ma\\\/#\\\/schema\\\/logo\\\/image\\\/\",\"url\":\"https:\\\/\\\/vitablanca.ma\\\/wp-content\\\/uploads\\\/2025\\\/05\\\/cropped-vitablanca.png\",\"contentUrl\":\"https:\\\/\\\/vitablanca.ma\\\/wp-content\\\/uploads\\\/2025\\\/05\\\/cropped-vitablanca.png\",\"width\":360,\"height\":67,\"caption\":\"VitaBlanca\"},\"image\":{\"@id\":\"https:\\\/\\\/vitablanca.ma\\\/#\\\/schema\\\/logo\\\/image\\\/\"},\"sameAs\":[\"https:\\\/\\\/www.facebook.com\\\/profile.php?id=61576678196717\",\"https:\\\/\\\/www.tiktok.com\\\/@vitablanca.ma\",\"https:\\\/\\\/www.instagram.com\\\/vitablanca.ma\\\/\"]}]}<\/script>\n<!-- \/ Yoast SEO plugin. -->","yoast_head_json":{"title":"B\u00e9b\u00e9 Confort Mirror Brush and Comb Red and White +0-6m - Morocco Price","description":"B\u00e9b\u00e9 Confort Mirror Brush and Comb Red and White +0-6m","robots":{"index":"index","follow":"follow","max-snippet":"max-snippet:-1","max-image-preview":"max-image-preview:large","max-video-preview":"max-video-preview:-1"},"canonical":"https:\/\/vitablanca.ma\/en\/product\/bebe-confort-brosse-miroir-et-peigne-rouge-et-blanc-0-6m\/","og_locale":"en_US","og_type":"article","og_title":"B\u00e9b\u00e9 Confort Brosse Miroir Et Peigne Rouge Et Blanc +0-6m - Maroc Prix","og_description":"B\u00e9b\u00e9 Confort Brosse Miroir Et Peigne Rouge Et Blanc +0-6m","og_url":"https:\/\/vitablanca.ma\/en\/product\/bebe-confort-brosse-miroir-et-peigne-rouge-et-blanc-0-6m\/","og_site_name":"Vitablanca.ma &ndash; Sant&eacute;, vitalit&eacute; et bien-&ecirc;tre pour tous les Marocains","article_publisher":"https:\/\/www.facebook.com\/profile.php?id=61576678196717","og_image":[{"width":1000,"height":1000,"url":"https:\/\/vitablanca.ma\/wp-content\/uploads\/2025\/06\/Bebe-Confort-Brosse-Miroir-Et-Peigne-Rouge-Et-Blanc-_0-6m-nova-parapharmacie-casablanca.jpg","type":"image\/jpeg"}],"twitter_card":"summary_large_image","twitter_misc":{"Est. reading time":"1 minute"},"schema":{"@context":"https:\/\/schema.org","@graph":[{"@type":["WebPage","ItemPage"],"@id":"https:\/\/vitablanca.ma\/produit\/bebe-confort-brosse-miroir-et-peigne-rouge-et-blanc-0-6m\/","url":"https:\/\/vitablanca.ma\/produit\/bebe-confort-brosse-miroir-et-peigne-rouge-et-blanc-0-6m\/","name":"B\u00e9b\u00e9 Confort Mirror Brush and Comb Red and White +0-6m - Morocco Price","isPartOf":{"@id":"https:\/\/vitablanca.ma\/#website"},"primaryImageOfPage":{"@id":"https:\/\/vitablanca.ma\/produit\/bebe-confort-brosse-miroir-et-peigne-rouge-et-blanc-0-6m\/#primaryimage"},"image":{"@id":"https:\/\/vitablanca.ma\/produit\/bebe-confort-brosse-miroir-et-peigne-rouge-et-blanc-0-6m\/#primaryimage"},"thumbnailUrl":"https:\/\/vitablanca.ma\/wp-content\/uploads\/2025\/06\/Bebe-Confort-Brosse-Miroir-Et-Peigne-Rouge-Et-Blanc-_0-6m-nova-parapharmacie-casablanca.jpg","datePublished":"2025-06-10T16:01:38+00:00","description":"B\u00e9b\u00e9 Confort Mirror Brush and Comb Red and White +0-6m","breadcrumb":{"@id":"https:\/\/vitablanca.ma\/produit\/bebe-confort-brosse-miroir-et-peigne-rouge-et-blanc-0-6m\/#breadcrumb"},"inLanguage":"en-US","potentialAction":[{"@type":"ReadAction","target":["https:\/\/vitablanca.ma\/produit\/bebe-confort-brosse-miroir-et-peigne-rouge-et-blanc-0-6m\/"]}]},{"@type":"ImageObject","inLanguage":"en-US","@id":"https:\/\/vitablanca.ma\/produit\/bebe-confort-brosse-miroir-et-peigne-rouge-et-blanc-0-6m\/#primaryimage","url":"https:\/\/vitablanca.ma\/wp-content\/uploads\/2025\/06\/Bebe-Confort-Brosse-Miroir-Et-Peigne-Rouge-Et-Blanc-_0-6m-nova-parapharmacie-casablanca.jpg","contentUrl":"https:\/\/vitablanca.ma\/wp-content\/uploads\/2025\/06\/Bebe-Confort-Brosse-Miroir-Et-Peigne-Rouge-Et-Blanc-_0-6m-nova-parapharmacie-casablanca.jpg","width":1000,"height":1000},{"@type":"BreadcrumbList","@id":"https:\/\/vitablanca.ma\/produit\/bebe-confort-brosse-miroir-et-peigne-rouge-et-blanc-0-6m\/#breadcrumb","itemListElement":[{"@type":"ListItem","position":1,"name":"Home","item":"https:\/\/vitablanca.ma\/"},{"@type":"ListItem","position":2,"name":"Tous Les Produits","item":"https:\/\/vitablanca.ma\/tous-les-produits\/"},{"@type":"ListItem","position":3,"name":"B\u00e9b\u00e9 Confort Brosse Miroir Et Peigne Rouge Et Blanc +0-6m"}]},{"@type":"WebSite","@id":"https:\/\/vitablanca.ma\/#website","url":"https:\/\/vitablanca.ma\/","name":"VitaBlanca.ma | Food supplements, health &amp; beauty in Morocco","description":"sell premium vitamins and supplements from USA &amp; Canada, New Zealand, Morocco (NOW Foods, Solgar, Manuka). Fast delivery anywhere in Morocco.","publisher":{"@id":"https:\/\/vitablanca.ma\/#organization"},"alternateName":"VitaBlanca.ma","potentialAction":[{"@type":"SearchAction","target":{"@type":"EntryPoint","urlTemplate":"https:\/\/vitablanca.ma\/?s={search_term_string}"},"query-input":{"@type":"PropertyValueSpecification","valueRequired":true,"valueName":"search_term_string"}}],"inLanguage":"en-US"},{"@type":"Organization","@id":"https:\/\/vitablanca.ma\/#organization","name":"VitaBlanca","url":"https:\/\/vitablanca.ma\/","logo":{"@type":"ImageObject","inLanguage":"en-US","@id":"https:\/\/vitablanca.ma\/#\/schema\/logo\/image\/","url":"https:\/\/vitablanca.ma\/wp-content\/uploads\/2025\/05\/cropped-vitablanca.png","contentUrl":"https:\/\/vitablanca.ma\/wp-content\/uploads\/2025\/05\/cropped-vitablanca.png","width":360,"height":67,"caption":"VitaBlanca"},"image":{"@id":"https:\/\/vitablanca.ma\/#\/schema\/logo\/image\/"},"sameAs":["https:\/\/www.facebook.com\/profile.php?id=61576678196717","https:\/\/www.tiktok.com\/@vitablanca.ma","https:\/\/www.instagram.com\/vitablanca.ma\/"]}]}},"jetpack_sharing_enabled":true,"_links":{"self":[{"href":"https:\/\/vitablanca.ma\/en\/wp-json\/wp\/v2\/product\/15491","targetHints":{"allow":["GET"]}}],"collection":[{"href":"https:\/\/vitablanca.ma\/en\/wp-json\/wp\/v2\/product"}],"about":[{"href":"https:\/\/vitablanca.ma\/en\/wp-json\/wp\/v2\/types\/product"}],"wp:featuredmedia":[{"embeddable":true,"href":"https:\/\/vitablanca.ma\/en\/wp-json\/wp\/v2\/media\/15490"}],"wp:attachment":[{"href":"https:\/\/vitablanca.ma\/en\/wp-json\/wp\/v2\/media?parent=15491"}],"wp:term":[{"taxonomy":"product_brand","embeddable":true,"href":"https:\/\/vitablanca.ma\/en\/wp-json\/wp\/v2\/product_brand?post=15491"},{"taxonomy":"product_cat","embeddable":true,"href":"https:\/\/vitablanca.ma\/en\/wp-json\/wp\/v2\/product_cat?post=15491"},{"taxonomy":"product_tag","embeddable":true,"href":"https:\/\/vitablanca.ma\/en\/wp-json\/wp\/v2\/product_tag?post=15491"}],"curies":[{"name":"wp","href":"https:\/\/api.w.org\/{rel}","templated":true}]}}