{"id":15483,"date":"2025-06-10T16:01:19","date_gmt":"2025-06-10T16:01:19","guid":{"rendered":"https:\/\/vitablanca.ma\/product\/bebe-confort-doseur-de-lait-de-voyage-blanc-savannah\/"},"modified":"2025-06-10T16:01:19","modified_gmt":"2025-06-10T16:01:19","slug":"bebe-confort-doseur-de-lait-de-voyage-blanc-savannah","status":"publish","type":"product","link":"https:\/\/vitablanca.ma\/en\/product\/bebe-confort-doseur-de-lait-de-voyage-blanc-savannah\/","title":{"rendered":"B\u00e9b\u00e9 Confort Savannah White Travel Milk Dispenser"},"content":{"rendered":"<h2>B\u00e9b\u00e9 Confort Savannah White Travel Milk Dispenser.<\/h2>\n<p>THE<span>\u00a0<\/span><strong>Savannah milk dispenser from B\u00e9b\u00e9 Confort<\/strong><span>\u00a0<\/span>is an essential accessory when traveling when you take baby powdered milk with you on trips or family outings.<\/p>\n<p>This<span>\u00a0<\/span><strong>baby comfort milk dispenser<\/strong><span>\u00a0<\/span>contains 3 compartments with<strong><span>\u00a0<\/span>pouring spout and lids<\/strong><span>\u00a0<\/span>separated in order to avoid<span>\u00a0<\/span><strong>risks of mixing milk doses.<\/strong><\/p>\n<h3><strong>Features :<\/strong><\/h3>\n<ul>\n<li>Designed for travel<\/li>\n<li>3 compartments with pouring spout and separate lids.<\/li>\n<li>Dishwasher allowed.<\/li>\n<li>Practical funnel for pouring milk powder into the bottle.<\/li>\n<li>Independent and stackable compartments thanks to individual lids.<\/li>\n<li>Practical, precise<\/li>\n<\/ul>\n<p><strong>Baby Comfort<\/strong><span>\u00a0<\/span>has earned the respect of all companies dedicated to<span>\u00a0<\/span><strong>world of childcare<\/strong><span>\u00a0<\/span>in<span>\u00a0<\/span><strong>making life easier for children and parents<\/strong>.<\/p>\n<h3>DIRECTIONS FOR USE<\/h3>\n<div class=\"tab-panels\">\n<div aria-labelledby=\"tab-title-conseils-dutilisation\" role=\"tabpanel\" id=\"tab-conseils-dutilisation\" class=\"woocommerce-Tabs-panel woocommerce-Tabs-panel--conseils-dutilisation panel entry-content active\">\n<ul>\n<li>Wash in warm soapy water or in the top rack of the dishwasher.<\/li>\n<li>Do not boil.<\/li>\n<li>Do not place in microwave.<\/li>\n<\/ul>\n<\/div>\n<\/div>","protected":false},"excerpt":{"rendered":"<p>B\u00e9b\u00e9 Confort Doseur De Lait De Voyage Blanc Savannah. Le\u00a0doseur de lait savannah de la marque b\u00e9b\u00e9 confort\u00a0est un accessoire indispensable lors d\u2019un d\u00e9placement quand vous emportez avec vous le lait en poudre de b\u00e9b\u00e9 en voyage ou en sorties familiales. Ce\u00a0doseur de lait b\u00e9b\u00e9 confort\u00a0contient 3 compartiments avec\u00a0bec verseur et couvercles\u00a0s\u00e9par\u00e9s afin d\u2019\u00e9viter les\u00a0risques [&hellip;]<\/p>\n","protected":false},"featured_media":15482,"template":"","meta":{"om_disable_all_campaigns":false},"product_brand":[],"product_cat":[15],"product_tag":[],"class_list":{"0":"post-15483","1":"product","2":"type-product","3":"status-publish","4":"has-post-thumbnail","6":"product_cat-beaute-sante-complements-alimentaires-soins-et-bien-etre-au-meilleur-prix","8":"first","9":"instock","10":"sale","11":"taxable","12":"shipping-taxable","13":"purchasable","14":"product-type-simple"},"yoast_head":"<!-- This site is optimized with the Yoast SEO plugin v27.3 - https:\/\/yoast.com\/product\/yoast-seo-wordpress\/ -->\n<title>B\u00e9b\u00e9 Confort Doseur De Lait De Voyage Blanc Savannah - Maroc Prix<\/title>\n<meta name=\"description\" content=\"B\u00e9b\u00e9 Confort Doseur De Lait De Voyage Blanc Savannah\" \/>\n<meta name=\"robots\" content=\"index, follow, max-snippet:-1, max-image-preview:large, max-video-preview:-1\" \/>\n<link rel=\"canonical\" href=\"https:\/\/vitablanca.ma\/en\/product\/bebe-confort-doseur-de-lait-de-voyage-blanc-savannah\/\" \/>\n<meta property=\"og:locale\" content=\"en_US\" \/>\n<meta property=\"og:type\" content=\"article\" \/>\n<meta property=\"og:title\" content=\"B\u00e9b\u00e9 Confort Doseur De Lait De Voyage Blanc Savannah - Maroc Prix\" \/>\n<meta property=\"og:description\" content=\"B\u00e9b\u00e9 Confort Doseur De Lait De Voyage Blanc Savannah\" \/>\n<meta property=\"og:url\" content=\"https:\/\/vitablanca.ma\/en\/product\/bebe-confort-doseur-de-lait-de-voyage-blanc-savannah\/\" \/>\n<meta property=\"og:site_name\" content=\"Vitablanca.ma &ndash; Sant&eacute;, vitalit&eacute; et bien-&ecirc;tre pour tous les Marocains\" \/>\n<meta property=\"article:publisher\" content=\"https:\/\/www.facebook.com\/profile.php?id=61576678196717\" \/>\n<meta property=\"og:image\" content=\"https:\/\/vitablanca.ma\/wp-content\/uploads\/2025\/06\/Bebe-Confort-Doseur-De-Lait-De-Voyage-Blanc-Savannah-nova-parapharmacie-casablanca.jpg\" \/>\n\t<meta property=\"og:image:width\" content=\"1000\" \/>\n\t<meta property=\"og:image:height\" content=\"1000\" \/>\n\t<meta property=\"og:image:type\" content=\"image\/jpeg\" \/>\n<meta name=\"twitter:card\" content=\"summary_large_image\" \/>\n<meta name=\"twitter:label1\" content=\"Est. reading time\" \/>\n\t<meta name=\"twitter:data1\" content=\"1 minute\" \/>\n<script type=\"application\/ld+json\" class=\"yoast-schema-graph\">{\"@context\":\"https:\\\/\\\/schema.org\",\"@graph\":[{\"@type\":[\"WebPage\",\"ItemPage\"],\"@id\":\"https:\\\/\\\/vitablanca.ma\\\/produit\\\/bebe-confort-doseur-de-lait-de-voyage-blanc-savannah\\\/\",\"url\":\"https:\\\/\\\/vitablanca.ma\\\/produit\\\/bebe-confort-doseur-de-lait-de-voyage-blanc-savannah\\\/\",\"name\":\"B\u00e9b\u00e9 Confort Doseur De Lait De Voyage Blanc Savannah - Maroc Prix\",\"isPartOf\":{\"@id\":\"https:\\\/\\\/vitablanca.ma\\\/#website\"},\"primaryImageOfPage\":{\"@id\":\"https:\\\/\\\/vitablanca.ma\\\/produit\\\/bebe-confort-doseur-de-lait-de-voyage-blanc-savannah\\\/#primaryimage\"},\"image\":{\"@id\":\"https:\\\/\\\/vitablanca.ma\\\/produit\\\/bebe-confort-doseur-de-lait-de-voyage-blanc-savannah\\\/#primaryimage\"},\"thumbnailUrl\":\"https:\\\/\\\/vitablanca.ma\\\/wp-content\\\/uploads\\\/2025\\\/06\\\/Bebe-Confort-Doseur-De-Lait-De-Voyage-Blanc-Savannah-nova-parapharmacie-casablanca.jpg\",\"datePublished\":\"2025-06-10T16:01:19+00:00\",\"description\":\"B\u00e9b\u00e9 Confort Doseur De Lait De Voyage Blanc Savannah\",\"breadcrumb\":{\"@id\":\"https:\\\/\\\/vitablanca.ma\\\/produit\\\/bebe-confort-doseur-de-lait-de-voyage-blanc-savannah\\\/#breadcrumb\"},\"inLanguage\":\"en-US\",\"potentialAction\":[{\"@type\":\"ReadAction\",\"target\":[\"https:\\\/\\\/vitablanca.ma\\\/produit\\\/bebe-confort-doseur-de-lait-de-voyage-blanc-savannah\\\/\"]}]},{\"@type\":\"ImageObject\",\"inLanguage\":\"en-US\",\"@id\":\"https:\\\/\\\/vitablanca.ma\\\/produit\\\/bebe-confort-doseur-de-lait-de-voyage-blanc-savannah\\\/#primaryimage\",\"url\":\"https:\\\/\\\/vitablanca.ma\\\/wp-content\\\/uploads\\\/2025\\\/06\\\/Bebe-Confort-Doseur-De-Lait-De-Voyage-Blanc-Savannah-nova-parapharmacie-casablanca.jpg\",\"contentUrl\":\"https:\\\/\\\/vitablanca.ma\\\/wp-content\\\/uploads\\\/2025\\\/06\\\/Bebe-Confort-Doseur-De-Lait-De-Voyage-Blanc-Savannah-nova-parapharmacie-casablanca.jpg\",\"width\":1000,\"height\":1000},{\"@type\":\"BreadcrumbList\",\"@id\":\"https:\\\/\\\/vitablanca.ma\\\/produit\\\/bebe-confort-doseur-de-lait-de-voyage-blanc-savannah\\\/#breadcrumb\",\"itemListElement\":[{\"@type\":\"ListItem\",\"position\":1,\"name\":\"Home\",\"item\":\"https:\\\/\\\/vitablanca.ma\\\/\"},{\"@type\":\"ListItem\",\"position\":2,\"name\":\"Tous Les Produits\",\"item\":\"https:\\\/\\\/vitablanca.ma\\\/tous-les-produits\\\/\"},{\"@type\":\"ListItem\",\"position\":3,\"name\":\"B\u00e9b\u00e9 Confort Doseur De Lait De Voyage Blanc Savannah\"}]},{\"@type\":\"WebSite\",\"@id\":\"https:\\\/\\\/vitablanca.ma\\\/#website\",\"url\":\"https:\\\/\\\/vitablanca.ma\\\/\",\"name\":\"VitaBlanca.ma | Compl\u00e9ments alimentaires, sant\u00e9 & beaut\u00e9 au Maroc\",\"description\":\"vendre vitamines et compl\u00e9ments premium des USA &amp; Canada, Nouvelle Z\u00e9lande,Maroc (NOW Foods, Solgar, Manuka). Livraison rapide partout au Maroc.\",\"publisher\":{\"@id\":\"https:\\\/\\\/vitablanca.ma\\\/#organization\"},\"alternateName\":\"VitaBlanca.ma\",\"potentialAction\":[{\"@type\":\"SearchAction\",\"target\":{\"@type\":\"EntryPoint\",\"urlTemplate\":\"https:\\\/\\\/vitablanca.ma\\\/?s={search_term_string}\"},\"query-input\":{\"@type\":\"PropertyValueSpecification\",\"valueRequired\":true,\"valueName\":\"search_term_string\"}}],\"inLanguage\":\"en-US\"},{\"@type\":\"Organization\",\"@id\":\"https:\\\/\\\/vitablanca.ma\\\/#organization\",\"name\":\"VitaBlanca\",\"url\":\"https:\\\/\\\/vitablanca.ma\\\/\",\"logo\":{\"@type\":\"ImageObject\",\"inLanguage\":\"en-US\",\"@id\":\"https:\\\/\\\/vitablanca.ma\\\/#\\\/schema\\\/logo\\\/image\\\/\",\"url\":\"https:\\\/\\\/vitablanca.ma\\\/wp-content\\\/uploads\\\/2025\\\/05\\\/cropped-vitablanca.png\",\"contentUrl\":\"https:\\\/\\\/vitablanca.ma\\\/wp-content\\\/uploads\\\/2025\\\/05\\\/cropped-vitablanca.png\",\"width\":360,\"height\":67,\"caption\":\"VitaBlanca\"},\"image\":{\"@id\":\"https:\\\/\\\/vitablanca.ma\\\/#\\\/schema\\\/logo\\\/image\\\/\"},\"sameAs\":[\"https:\\\/\\\/www.facebook.com\\\/profile.php?id=61576678196717\",\"https:\\\/\\\/www.tiktok.com\\\/@vitablanca.ma\",\"https:\\\/\\\/www.instagram.com\\\/vitablanca.ma\\\/\"]}]}<\/script>\n<!-- \/ Yoast SEO plugin. -->","yoast_head_json":{"title":"B\u00e9b\u00e9 Confort Savannah White Travel Milk Dispenser - Morocco Price","description":"B\u00e9b\u00e9 Confort Savannah White Travel Milk Dispenser","robots":{"index":"index","follow":"follow","max-snippet":"max-snippet:-1","max-image-preview":"max-image-preview:large","max-video-preview":"max-video-preview:-1"},"canonical":"https:\/\/vitablanca.ma\/en\/product\/bebe-confort-doseur-de-lait-de-voyage-blanc-savannah\/","og_locale":"en_US","og_type":"article","og_title":"B\u00e9b\u00e9 Confort Doseur De Lait De Voyage Blanc Savannah - Maroc Prix","og_description":"B\u00e9b\u00e9 Confort Doseur De Lait De Voyage Blanc Savannah","og_url":"https:\/\/vitablanca.ma\/en\/product\/bebe-confort-doseur-de-lait-de-voyage-blanc-savannah\/","og_site_name":"Vitablanca.ma &ndash; Sant&eacute;, vitalit&eacute; et bien-&ecirc;tre pour tous les Marocains","article_publisher":"https:\/\/www.facebook.com\/profile.php?id=61576678196717","og_image":[{"width":1000,"height":1000,"url":"https:\/\/vitablanca.ma\/wp-content\/uploads\/2025\/06\/Bebe-Confort-Doseur-De-Lait-De-Voyage-Blanc-Savannah-nova-parapharmacie-casablanca.jpg","type":"image\/jpeg"}],"twitter_card":"summary_large_image","twitter_misc":{"Est. reading time":"1 minute"},"schema":{"@context":"https:\/\/schema.org","@graph":[{"@type":["WebPage","ItemPage"],"@id":"https:\/\/vitablanca.ma\/produit\/bebe-confort-doseur-de-lait-de-voyage-blanc-savannah\/","url":"https:\/\/vitablanca.ma\/produit\/bebe-confort-doseur-de-lait-de-voyage-blanc-savannah\/","name":"B\u00e9b\u00e9 Confort Savannah White Travel Milk Dispenser - Morocco Price","isPartOf":{"@id":"https:\/\/vitablanca.ma\/#website"},"primaryImageOfPage":{"@id":"https:\/\/vitablanca.ma\/produit\/bebe-confort-doseur-de-lait-de-voyage-blanc-savannah\/#primaryimage"},"image":{"@id":"https:\/\/vitablanca.ma\/produit\/bebe-confort-doseur-de-lait-de-voyage-blanc-savannah\/#primaryimage"},"thumbnailUrl":"https:\/\/vitablanca.ma\/wp-content\/uploads\/2025\/06\/Bebe-Confort-Doseur-De-Lait-De-Voyage-Blanc-Savannah-nova-parapharmacie-casablanca.jpg","datePublished":"2025-06-10T16:01:19+00:00","description":"B\u00e9b\u00e9 Confort Savannah White Travel Milk Dispenser","breadcrumb":{"@id":"https:\/\/vitablanca.ma\/produit\/bebe-confort-doseur-de-lait-de-voyage-blanc-savannah\/#breadcrumb"},"inLanguage":"en-US","potentialAction":[{"@type":"ReadAction","target":["https:\/\/vitablanca.ma\/produit\/bebe-confort-doseur-de-lait-de-voyage-blanc-savannah\/"]}]},{"@type":"ImageObject","inLanguage":"en-US","@id":"https:\/\/vitablanca.ma\/produit\/bebe-confort-doseur-de-lait-de-voyage-blanc-savannah\/#primaryimage","url":"https:\/\/vitablanca.ma\/wp-content\/uploads\/2025\/06\/Bebe-Confort-Doseur-De-Lait-De-Voyage-Blanc-Savannah-nova-parapharmacie-casablanca.jpg","contentUrl":"https:\/\/vitablanca.ma\/wp-content\/uploads\/2025\/06\/Bebe-Confort-Doseur-De-Lait-De-Voyage-Blanc-Savannah-nova-parapharmacie-casablanca.jpg","width":1000,"height":1000},{"@type":"BreadcrumbList","@id":"https:\/\/vitablanca.ma\/produit\/bebe-confort-doseur-de-lait-de-voyage-blanc-savannah\/#breadcrumb","itemListElement":[{"@type":"ListItem","position":1,"name":"Home","item":"https:\/\/vitablanca.ma\/"},{"@type":"ListItem","position":2,"name":"Tous Les Produits","item":"https:\/\/vitablanca.ma\/tous-les-produits\/"},{"@type":"ListItem","position":3,"name":"B\u00e9b\u00e9 Confort Doseur De Lait De Voyage Blanc Savannah"}]},{"@type":"WebSite","@id":"https:\/\/vitablanca.ma\/#website","url":"https:\/\/vitablanca.ma\/","name":"VitaBlanca.ma | Food supplements, health &amp; beauty in Morocco","description":"sell premium vitamins and supplements from USA &amp; Canada, New Zealand, Morocco (NOW Foods, Solgar, Manuka). Fast delivery anywhere in Morocco.","publisher":{"@id":"https:\/\/vitablanca.ma\/#organization"},"alternateName":"VitaBlanca.ma","potentialAction":[{"@type":"SearchAction","target":{"@type":"EntryPoint","urlTemplate":"https:\/\/vitablanca.ma\/?s={search_term_string}"},"query-input":{"@type":"PropertyValueSpecification","valueRequired":true,"valueName":"search_term_string"}}],"inLanguage":"en-US"},{"@type":"Organization","@id":"https:\/\/vitablanca.ma\/#organization","name":"VitaBlanca","url":"https:\/\/vitablanca.ma\/","logo":{"@type":"ImageObject","inLanguage":"en-US","@id":"https:\/\/vitablanca.ma\/#\/schema\/logo\/image\/","url":"https:\/\/vitablanca.ma\/wp-content\/uploads\/2025\/05\/cropped-vitablanca.png","contentUrl":"https:\/\/vitablanca.ma\/wp-content\/uploads\/2025\/05\/cropped-vitablanca.png","width":360,"height":67,"caption":"VitaBlanca"},"image":{"@id":"https:\/\/vitablanca.ma\/#\/schema\/logo\/image\/"},"sameAs":["https:\/\/www.facebook.com\/profile.php?id=61576678196717","https:\/\/www.tiktok.com\/@vitablanca.ma","https:\/\/www.instagram.com\/vitablanca.ma\/"]}]}},"jetpack_sharing_enabled":true,"_links":{"self":[{"href":"https:\/\/vitablanca.ma\/en\/wp-json\/wp\/v2\/product\/15483","targetHints":{"allow":["GET"]}}],"collection":[{"href":"https:\/\/vitablanca.ma\/en\/wp-json\/wp\/v2\/product"}],"about":[{"href":"https:\/\/vitablanca.ma\/en\/wp-json\/wp\/v2\/types\/product"}],"wp:featuredmedia":[{"embeddable":true,"href":"https:\/\/vitablanca.ma\/en\/wp-json\/wp\/v2\/media\/15482"}],"wp:attachment":[{"href":"https:\/\/vitablanca.ma\/en\/wp-json\/wp\/v2\/media?parent=15483"}],"wp:term":[{"taxonomy":"product_brand","embeddable":true,"href":"https:\/\/vitablanca.ma\/en\/wp-json\/wp\/v2\/product_brand?post=15483"},{"taxonomy":"product_cat","embeddable":true,"href":"https:\/\/vitablanca.ma\/en\/wp-json\/wp\/v2\/product_cat?post=15483"},{"taxonomy":"product_tag","embeddable":true,"href":"https:\/\/vitablanca.ma\/en\/wp-json\/wp\/v2\/product_tag?post=15483"}],"curies":[{"name":"wp","href":"https:\/\/api.w.org\/{rel}","templated":true}]}}