{"id":15475,"date":"2025-06-10T16:00:07","date_gmt":"2025-06-10T16:00:07","guid":{"rendered":"https:\/\/vitablanca.ma\/product\/bc-pharma-baume-gingival-propolis-20ml\/"},"modified":"2025-06-10T16:00:07","modified_gmt":"2025-06-10T16:00:07","slug":"bc-pharma-baume-gingival-propolis-20ml","status":"publish","type":"product","link":"https:\/\/vitablanca.ma\/en\/product\/bc-pharma-baume-gingival-propolis-20ml\/","title":{"rendered":"BC-Pharma Propolis Gingival Balm 20ml"},"content":{"rendered":"<h2><span data-mce-fragment=\"1\">BC-Pharma Propolis Gingival Balm<\/span><\/h2>\n<p><span>BAUME GINGIVAL PROPOLIS de BCPHARMA est id\u00e9al pour traiter les irritations de la muqueuse bucco-gingivale, atteintes gingivales, hygi\u00e8ne des muqueuses bucco-gingivales et agressions dues aux proth\u00e8ses dentaires.L\u2019extrait de propolis favorise la r\u00e9sistance de l\u2019organisme et soutient le syst\u00e8me de d\u00e9fense. Id\u00e9al pour le traitement des plaies de la muqueuse buccal et de la gorge.<\/span><\/p>\n<h3><span>DAILY DOSE<\/span><\/h3>\n<ul>\n<li><span>Appliquer sur la gencive jusqu\u2019\u00e0 4 fois \/ jour.<\/span><\/li>\n<\/ul>\n<h3><span>WARNING<\/span><\/h3>\n<ul>\n<li><span>Not recommended for people allergic to bee products.<\/span><\/li>\n<li><span>Not recommended for children under 6 years old, pregnant or breastfeeding women.<\/span><\/li>\n<li><span>Keep out of reach of children.<\/span><\/li>\n<\/ul>\n<h3><span>INGREDIENTS<\/span><\/h3>\n<ul>\n<li><span>Natural PROPOLIS, clove and cinnamon<\/span><\/li>\n<li><span>Ingredients from organic farming.<\/span><\/li>\n<li><span>Sugar-free, colouring-free and preservative-free.<\/span><\/li>\n<\/ul>","protected":false},"excerpt":{"rendered":"<p>BC-Pharma Baume Gingival Propolis BAUME GINGIVAL PROPOLIS de BCPHARMA est id\u00e9al pour traiter les irritations de la muqueuse bucco-gingivale, atteintes gingivales, hygi\u00e8ne des muqueuses bucco-gingivales et agressions dues aux proth\u00e8ses dentaires.L\u2019extrait de propolis favorise la r\u00e9sistance de l\u2019organisme et soutient le syst\u00e8me de d\u00e9fense. Id\u00e9al pour le traitement des plaies de la muqueuse buccal et [&hellip;]<\/p>\n","protected":false},"featured_media":15474,"template":"","meta":{"om_disable_all_campaigns":false},"product_brand":[],"product_cat":[15],"product_tag":[],"class_list":{"0":"post-15475","1":"product","2":"type-product","3":"status-publish","4":"has-post-thumbnail","6":"product_cat-beaute-sante-complements-alimentaires-soins-et-bien-etre-au-meilleur-prix","8":"first","9":"instock","10":"sale","11":"taxable","12":"shipping-taxable","13":"purchasable","14":"product-type-simple"},"yoast_head":"<!-- This site is optimized with the Yoast SEO plugin v27.5 - https:\/\/yoast.com\/product\/yoast-seo-wordpress\/ -->\n<title>BC-Pharma Baume Gingival Propolis 20ml - Maroc Prix<\/title>\n<meta name=\"description\" content=\"BC-Pharma Baume Gingival Propolis 20ml\" \/>\n<meta name=\"robots\" content=\"index, follow, max-snippet:-1, max-image-preview:large, max-video-preview:-1\" \/>\n<link rel=\"canonical\" href=\"https:\/\/vitablanca.ma\/en\/product\/bc-pharma-baume-gingival-propolis-20ml\/\" \/>\n<meta property=\"og:locale\" content=\"en_US\" \/>\n<meta property=\"og:type\" content=\"article\" \/>\n<meta property=\"og:title\" content=\"BC-Pharma Baume Gingival Propolis 20ml - Maroc Prix\" \/>\n<meta property=\"og:description\" content=\"BC-Pharma Baume Gingival Propolis 20ml\" \/>\n<meta property=\"og:url\" content=\"https:\/\/vitablanca.ma\/en\/product\/bc-pharma-baume-gingival-propolis-20ml\/\" \/>\n<meta property=\"og:site_name\" content=\"Vitablanca.ma &ndash; Sant&eacute;, vitalit&eacute; et bien-&ecirc;tre pour tous les Marocains\" \/>\n<meta property=\"article:publisher\" content=\"https:\/\/www.facebook.com\/profile.php?id=61576678196717\" \/>\n<meta property=\"og:image\" content=\"https:\/\/vitablanca.ma\/wp-content\/uploads\/2025\/06\/BC-Pharma-Baume-Gingival-Propolis-20ml-nova-parapharmacie-casablanca.jpg\" \/>\n\t<meta property=\"og:image:width\" content=\"1000\" \/>\n\t<meta property=\"og:image:height\" content=\"1000\" \/>\n\t<meta property=\"og:image:type\" content=\"image\/jpeg\" \/>\n<meta name=\"twitter:card\" content=\"summary_large_image\" \/>\n<meta name=\"twitter:label1\" content=\"Est. reading time\" \/>\n\t<meta name=\"twitter:data1\" content=\"1 minute\" \/>\n<script type=\"application\/ld+json\" class=\"yoast-schema-graph\">{\"@context\":\"https:\\\/\\\/schema.org\",\"@graph\":[{\"@type\":[\"WebPage\",\"ItemPage\"],\"@id\":\"https:\\\/\\\/vitablanca.ma\\\/produit\\\/bc-pharma-baume-gingival-propolis-20ml\\\/\",\"url\":\"https:\\\/\\\/vitablanca.ma\\\/produit\\\/bc-pharma-baume-gingival-propolis-20ml\\\/\",\"name\":\"BC-Pharma Baume Gingival Propolis 20ml - Maroc Prix\",\"isPartOf\":{\"@id\":\"https:\\\/\\\/vitablanca.ma\\\/#website\"},\"primaryImageOfPage\":{\"@id\":\"https:\\\/\\\/vitablanca.ma\\\/produit\\\/bc-pharma-baume-gingival-propolis-20ml\\\/#primaryimage\"},\"image\":{\"@id\":\"https:\\\/\\\/vitablanca.ma\\\/produit\\\/bc-pharma-baume-gingival-propolis-20ml\\\/#primaryimage\"},\"thumbnailUrl\":\"https:\\\/\\\/vitablanca.ma\\\/wp-content\\\/uploads\\\/2025\\\/06\\\/BC-Pharma-Baume-Gingival-Propolis-20ml-nova-parapharmacie-casablanca.jpg\",\"datePublished\":\"2025-06-10T16:00:07+00:00\",\"description\":\"BC-Pharma Baume Gingival Propolis 20ml\",\"breadcrumb\":{\"@id\":\"https:\\\/\\\/vitablanca.ma\\\/produit\\\/bc-pharma-baume-gingival-propolis-20ml\\\/#breadcrumb\"},\"inLanguage\":\"en-US\",\"potentialAction\":[{\"@type\":\"ReadAction\",\"target\":[\"https:\\\/\\\/vitablanca.ma\\\/produit\\\/bc-pharma-baume-gingival-propolis-20ml\\\/\"]}]},{\"@type\":\"ImageObject\",\"inLanguage\":\"en-US\",\"@id\":\"https:\\\/\\\/vitablanca.ma\\\/produit\\\/bc-pharma-baume-gingival-propolis-20ml\\\/#primaryimage\",\"url\":\"https:\\\/\\\/vitablanca.ma\\\/wp-content\\\/uploads\\\/2025\\\/06\\\/BC-Pharma-Baume-Gingival-Propolis-20ml-nova-parapharmacie-casablanca.jpg\",\"contentUrl\":\"https:\\\/\\\/vitablanca.ma\\\/wp-content\\\/uploads\\\/2025\\\/06\\\/BC-Pharma-Baume-Gingival-Propolis-20ml-nova-parapharmacie-casablanca.jpg\",\"width\":1000,\"height\":1000},{\"@type\":\"BreadcrumbList\",\"@id\":\"https:\\\/\\\/vitablanca.ma\\\/produit\\\/bc-pharma-baume-gingival-propolis-20ml\\\/#breadcrumb\",\"itemListElement\":[{\"@type\":\"ListItem\",\"position\":1,\"name\":\"Home\",\"item\":\"https:\\\/\\\/vitablanca.ma\\\/\"},{\"@type\":\"ListItem\",\"position\":2,\"name\":\"Tous Les Produits\",\"item\":\"https:\\\/\\\/vitablanca.ma\\\/tous-les-produits\\\/\"},{\"@type\":\"ListItem\",\"position\":3,\"name\":\"BC-Pharma Baume Gingival Propolis 20ml\"}]},{\"@type\":\"WebSite\",\"@id\":\"https:\\\/\\\/vitablanca.ma\\\/#website\",\"url\":\"https:\\\/\\\/vitablanca.ma\\\/\",\"name\":\"VitaBlanca.ma | Compl\u00e9ments alimentaires, sant\u00e9 & beaut\u00e9 au Maroc\",\"description\":\"vendre vitamines et compl\u00e9ments premium des USA &amp; Canada, Nouvelle Z\u00e9lande,Maroc (NOW Foods, Solgar, Manuka). Livraison rapide partout au Maroc.\",\"publisher\":{\"@id\":\"https:\\\/\\\/vitablanca.ma\\\/#organization\"},\"alternateName\":\"VitaBlanca.ma\",\"potentialAction\":[{\"@type\":\"SearchAction\",\"target\":{\"@type\":\"EntryPoint\",\"urlTemplate\":\"https:\\\/\\\/vitablanca.ma\\\/?s={search_term_string}\"},\"query-input\":{\"@type\":\"PropertyValueSpecification\",\"valueRequired\":true,\"valueName\":\"search_term_string\"}}],\"inLanguage\":\"en-US\"},{\"@type\":\"Organization\",\"@id\":\"https:\\\/\\\/vitablanca.ma\\\/#organization\",\"name\":\"VitaBlanca\",\"url\":\"https:\\\/\\\/vitablanca.ma\\\/\",\"logo\":{\"@type\":\"ImageObject\",\"inLanguage\":\"en-US\",\"@id\":\"https:\\\/\\\/vitablanca.ma\\\/#\\\/schema\\\/logo\\\/image\\\/\",\"url\":\"https:\\\/\\\/vitablanca.ma\\\/wp-content\\\/uploads\\\/2025\\\/05\\\/cropped-vitablanca.png\",\"contentUrl\":\"https:\\\/\\\/vitablanca.ma\\\/wp-content\\\/uploads\\\/2025\\\/05\\\/cropped-vitablanca.png\",\"width\":360,\"height\":67,\"caption\":\"VitaBlanca\"},\"image\":{\"@id\":\"https:\\\/\\\/vitablanca.ma\\\/#\\\/schema\\\/logo\\\/image\\\/\"},\"sameAs\":[\"https:\\\/\\\/www.facebook.com\\\/profile.php?id=61576678196717\",\"https:\\\/\\\/www.tiktok.com\\\/@vitablanca.ma\",\"https:\\\/\\\/www.instagram.com\\\/vitablanca.ma\\\/\"]}]}<\/script>\n<!-- \/ Yoast SEO plugin. -->","yoast_head_json":{"title":"BC-Pharma Propolis Gum Balm 20ml - Morocco Price","description":"BC-Pharma Propolis Gingival Balm 20ml","robots":{"index":"index","follow":"follow","max-snippet":"max-snippet:-1","max-image-preview":"max-image-preview:large","max-video-preview":"max-video-preview:-1"},"canonical":"https:\/\/vitablanca.ma\/en\/product\/bc-pharma-baume-gingival-propolis-20ml\/","og_locale":"en_US","og_type":"article","og_title":"BC-Pharma Baume Gingival Propolis 20ml - Maroc Prix","og_description":"BC-Pharma Baume Gingival Propolis 20ml","og_url":"https:\/\/vitablanca.ma\/en\/product\/bc-pharma-baume-gingival-propolis-20ml\/","og_site_name":"Vitablanca.ma &ndash; Sant&eacute;, vitalit&eacute; et bien-&ecirc;tre pour tous les Marocains","article_publisher":"https:\/\/www.facebook.com\/profile.php?id=61576678196717","og_image":[{"width":1000,"height":1000,"url":"https:\/\/vitablanca.ma\/wp-content\/uploads\/2025\/06\/BC-Pharma-Baume-Gingival-Propolis-20ml-nova-parapharmacie-casablanca.jpg","type":"image\/jpeg"}],"twitter_card":"summary_large_image","twitter_misc":{"Est. reading time":"1 minute"},"schema":{"@context":"https:\/\/schema.org","@graph":[{"@type":["WebPage","ItemPage"],"@id":"https:\/\/vitablanca.ma\/produit\/bc-pharma-baume-gingival-propolis-20ml\/","url":"https:\/\/vitablanca.ma\/produit\/bc-pharma-baume-gingival-propolis-20ml\/","name":"BC-Pharma Propolis Gum Balm 20ml - Morocco Price","isPartOf":{"@id":"https:\/\/vitablanca.ma\/#website"},"primaryImageOfPage":{"@id":"https:\/\/vitablanca.ma\/produit\/bc-pharma-baume-gingival-propolis-20ml\/#primaryimage"},"image":{"@id":"https:\/\/vitablanca.ma\/produit\/bc-pharma-baume-gingival-propolis-20ml\/#primaryimage"},"thumbnailUrl":"https:\/\/vitablanca.ma\/wp-content\/uploads\/2025\/06\/BC-Pharma-Baume-Gingival-Propolis-20ml-nova-parapharmacie-casablanca.jpg","datePublished":"2025-06-10T16:00:07+00:00","description":"BC-Pharma Propolis Gingival Balm 20ml","breadcrumb":{"@id":"https:\/\/vitablanca.ma\/produit\/bc-pharma-baume-gingival-propolis-20ml\/#breadcrumb"},"inLanguage":"en-US","potentialAction":[{"@type":"ReadAction","target":["https:\/\/vitablanca.ma\/produit\/bc-pharma-baume-gingival-propolis-20ml\/"]}]},{"@type":"ImageObject","inLanguage":"en-US","@id":"https:\/\/vitablanca.ma\/produit\/bc-pharma-baume-gingival-propolis-20ml\/#primaryimage","url":"https:\/\/vitablanca.ma\/wp-content\/uploads\/2025\/06\/BC-Pharma-Baume-Gingival-Propolis-20ml-nova-parapharmacie-casablanca.jpg","contentUrl":"https:\/\/vitablanca.ma\/wp-content\/uploads\/2025\/06\/BC-Pharma-Baume-Gingival-Propolis-20ml-nova-parapharmacie-casablanca.jpg","width":1000,"height":1000},{"@type":"BreadcrumbList","@id":"https:\/\/vitablanca.ma\/produit\/bc-pharma-baume-gingival-propolis-20ml\/#breadcrumb","itemListElement":[{"@type":"ListItem","position":1,"name":"Home","item":"https:\/\/vitablanca.ma\/"},{"@type":"ListItem","position":2,"name":"Tous Les Produits","item":"https:\/\/vitablanca.ma\/tous-les-produits\/"},{"@type":"ListItem","position":3,"name":"BC-Pharma Baume Gingival Propolis 20ml"}]},{"@type":"WebSite","@id":"https:\/\/vitablanca.ma\/#website","url":"https:\/\/vitablanca.ma\/","name":"VitaBlanca.ma | Food supplements, health &amp; beauty in Morocco","description":"sell premium vitamins and supplements from USA &amp; Canada, New Zealand, Morocco (NOW Foods, Solgar, Manuka). Fast delivery anywhere in Morocco.","publisher":{"@id":"https:\/\/vitablanca.ma\/#organization"},"alternateName":"VitaBlanca.ma","potentialAction":[{"@type":"SearchAction","target":{"@type":"EntryPoint","urlTemplate":"https:\/\/vitablanca.ma\/?s={search_term_string}"},"query-input":{"@type":"PropertyValueSpecification","valueRequired":true,"valueName":"search_term_string"}}],"inLanguage":"en-US"},{"@type":"Organization","@id":"https:\/\/vitablanca.ma\/#organization","name":"VitaBlanca","url":"https:\/\/vitablanca.ma\/","logo":{"@type":"ImageObject","inLanguage":"en-US","@id":"https:\/\/vitablanca.ma\/#\/schema\/logo\/image\/","url":"https:\/\/vitablanca.ma\/wp-content\/uploads\/2025\/05\/cropped-vitablanca.png","contentUrl":"https:\/\/vitablanca.ma\/wp-content\/uploads\/2025\/05\/cropped-vitablanca.png","width":360,"height":67,"caption":"VitaBlanca"},"image":{"@id":"https:\/\/vitablanca.ma\/#\/schema\/logo\/image\/"},"sameAs":["https:\/\/www.facebook.com\/profile.php?id=61576678196717","https:\/\/www.tiktok.com\/@vitablanca.ma","https:\/\/www.instagram.com\/vitablanca.ma\/"]}]}},"jetpack_sharing_enabled":true,"_links":{"self":[{"href":"https:\/\/vitablanca.ma\/en\/wp-json\/wp\/v2\/product\/15475","targetHints":{"allow":["GET"]}}],"collection":[{"href":"https:\/\/vitablanca.ma\/en\/wp-json\/wp\/v2\/product"}],"about":[{"href":"https:\/\/vitablanca.ma\/en\/wp-json\/wp\/v2\/types\/product"}],"wp:featuredmedia":[{"embeddable":true,"href":"https:\/\/vitablanca.ma\/en\/wp-json\/wp\/v2\/media\/15474"}],"wp:attachment":[{"href":"https:\/\/vitablanca.ma\/en\/wp-json\/wp\/v2\/media?parent=15475"}],"wp:term":[{"taxonomy":"product_brand","embeddable":true,"href":"https:\/\/vitablanca.ma\/en\/wp-json\/wp\/v2\/product_brand?post=15475"},{"taxonomy":"product_cat","embeddable":true,"href":"https:\/\/vitablanca.ma\/en\/wp-json\/wp\/v2\/product_cat?post=15475"},{"taxonomy":"product_tag","embeddable":true,"href":"https:\/\/vitablanca.ma\/en\/wp-json\/wp\/v2\/product_tag?post=15475"}],"curies":[{"name":"wp","href":"https:\/\/api.w.org\/{rel}","templated":true}]}}