{"id":15438,"date":"2025-06-10T15:58:30","date_gmt":"2025-06-10T15:58:30","guid":{"rendered":"https:\/\/vitablanca.ma\/product\/bambo-nature-48-couches-ecologiques-jumbo-t4-l-7-14kg\/"},"modified":"2025-06-10T15:58:30","modified_gmt":"2025-06-10T15:58:30","slug":"bambo-nature-48-couches-ecologiques-jumbo-t4-l-7-14kg","status":"publish","type":"product","link":"https:\/\/vitablanca.ma\/en\/product\/bambo-nature-48-couches-ecologiques-jumbo-t4-l-7-14kg\/","title":{"rendered":"Bambo Nature 48 Ecological Diapers Jumbo t4 l 7-14kg"},"content":{"rendered":"<h2 data-mce-fragment=\"1\">Bambo Nature 48 Jumbo Ecological Diapers\u00a0<span data-mce-fragment=\"1\">helps reduce the risk of leaks.<\/span><br \/>\n<\/h2>\n<p data-mce-fragment=\"1\">BAMBO Nature diapers are produced using eco-responsible manufacturing methods, using sustainable raw materials and designed to have less impact on the environment than conventional diapers.<\/p>\n<ul data-mce-fragment=\"1\">\n<li data-mce-fragment=\"1\">Ultra-thin and absorbent anatomical diapers which reduce the risk of leaks<\/li>\n<li data-mce-fragment=\"1\">Absorbent channels in the diaper core drain liquids faster and away from baby&#039;s skin. The risk of diaper rash is minimized.<\/li>\n<li data-mce-fragment=\"1\">Absorbent core gels on contact with moisture and neutralizes ammonia in stools (anti-odor effect).<\/li>\n<li data-mce-fragment=\"1\">Very soft outer contact veil<\/li>\n<li data-mce-fragment=\"1\">Saturation indicator shows when your baby needs to be changed (from yellow to blue if urine is present).<\/li>\n<li data-mce-fragment=\"1\">Batch number printed on the diaper, package and carton for better traceability<\/li>\n<\/ul>\n<h3 data-mce-fragment=\"1\"><b data-mce-fragment=\"1\">Our eco-responsible commitments<\/b><\/h3>\n<ul data-mce-fragment=\"1\">\n<li data-mce-fragment=\"1\">Bags made with over 30 % of material from recycled used plastics. Boxes with over 50 % of recycled material.<\/li>\n<li data-mce-fragment=\"1\">0 % perfume and lotion: ideal neutrality for parents attached to simple products<\/li>\n<li data-mce-fragment=\"1\">0 % of potentially toxic substances: chlorine residues, latex, phthalates<\/li>\n<li data-mce-fragment=\"1\">Absorbent core cellulose 100 % FSC certified and bleached without chlorine (TCF)<\/li>\n<li data-mce-fragment=\"1\">Ink guaranteed to be free of heavy metals, clean design of the drawings to reduce the quantity of ink<\/li>\n<li data-mce-fragment=\"1\">Dermatologically tested, but never on animals<\/li>\n<li data-mce-fragment=\"1\">Range made in Denmark where 85 % of our production waste is recycled (except premature size made in France)<\/li>\n<li data-mce-fragment=\"1\">100 % of the energy from our production sites comes from renewable sources, mainly wind power.<\/li>\n<\/ul>\n<h3 data-mce-fragment=\"1\"><span data-mce-fragment=\"1\">Composition<\/span><\/h3>\n<div class=\"title-sect\" data-mce-fragment=\"1\">Absorbent core made of FSC-certified cellulose fibers and super-absorbent sodium polyacrylate (SAP) microbeads. Outer cover made of polypropylene and polyethylene. Inner contact layer made of polypropylene non-woven fabric. Acquisition layer made of non-woven fabric (PET\/Co-PET). Synthetic rubber adhesive. Elastic bands made of elastane.<\/div>","protected":false},"excerpt":{"rendered":"<p>Bambo Nature 48 Couches Ecologiques Jumbo\u00a0permet de r\u00e9duire le risque de fuites. Les couches BAMBO Nature sont issues d\u2019une fabrication \u00e9coresponsable privil\u00e9giant des mati\u00e8res premi\u00e8res durables et con\u00e7ues avec moins d\u2019impact sur l\u2019environnement qu\u2019une couche classique. Couches anatomiques ultra-minces et absorbantes ce qui permet de r\u00e9duire le risque de fuites Canaux absorbants au c\u0153ur de [&hellip;]<\/p>\n","protected":false},"featured_media":15437,"template":"","meta":{"om_disable_all_campaigns":false},"product_brand":[],"product_cat":[15],"product_tag":[],"class_list":{"0":"post-15438","1":"product","2":"type-product","3":"status-publish","4":"has-post-thumbnail","6":"product_cat-beaute-sante-complements-alimentaires-soins-et-bien-etre-au-meilleur-prix","8":"first","9":"instock","10":"sale","11":"taxable","12":"shipping-taxable","13":"purchasable","14":"product-type-simple"},"yoast_head":"<!-- This site is optimized with the Yoast SEO plugin v27.3 - https:\/\/yoast.com\/product\/yoast-seo-wordpress\/ -->\n<title>Bambo Nature 48 Couches Ecologiques Jumbo t4 l 7-14kg - Maroc Prix<\/title>\n<meta name=\"description\" content=\"Bambo Nature 48 Couches Ecologiques Jumbo t4 l 7-14kg\" \/>\n<meta name=\"robots\" content=\"index, follow, max-snippet:-1, max-image-preview:large, max-video-preview:-1\" \/>\n<link rel=\"canonical\" href=\"https:\/\/vitablanca.ma\/en\/product\/bambo-nature-48-couches-ecologiques-jumbo-t4-l-7-14kg\/\" \/>\n<meta property=\"og:locale\" content=\"en_US\" \/>\n<meta property=\"og:type\" content=\"article\" \/>\n<meta property=\"og:title\" content=\"Bambo Nature 48 Couches Ecologiques Jumbo t4 l 7-14kg - Maroc Prix\" \/>\n<meta property=\"og:description\" content=\"Bambo Nature 48 Couches Ecologiques Jumbo t4 l 7-14kg\" \/>\n<meta property=\"og:url\" content=\"https:\/\/vitablanca.ma\/en\/product\/bambo-nature-48-couches-ecologiques-jumbo-t4-l-7-14kg\/\" \/>\n<meta property=\"og:site_name\" content=\"Vitablanca.ma &ndash; Sant&eacute;, vitalit&eacute; et bien-&ecirc;tre pour tous les Marocains\" \/>\n<meta property=\"article:publisher\" content=\"https:\/\/www.facebook.com\/profile.php?id=61576678196717\" \/>\n<meta property=\"og:image\" content=\"https:\/\/vitablanca.ma\/wp-content\/uploads\/2025\/06\/Bambo-Nature-20-Culottes-D_apprentissage-t4-l-7-14kg-nova-parapharmacie-maroc_b90425fe-a54a-49d9-ac65-f903c17c8f43.jpg\" \/>\n\t<meta property=\"og:image:width\" content=\"1000\" \/>\n\t<meta property=\"og:image:height\" content=\"1000\" \/>\n\t<meta property=\"og:image:type\" content=\"image\/jpeg\" \/>\n<meta name=\"twitter:card\" content=\"summary_large_image\" \/>\n<meta name=\"twitter:label1\" content=\"Est. reading time\" \/>\n\t<meta name=\"twitter:data1\" content=\"2 minutes\" \/>\n<script type=\"application\/ld+json\" class=\"yoast-schema-graph\">{\"@context\":\"https:\\\/\\\/schema.org\",\"@graph\":[{\"@type\":[\"WebPage\",\"ItemPage\"],\"@id\":\"https:\\\/\\\/vitablanca.ma\\\/produit\\\/bambo-nature-48-couches-ecologiques-jumbo-t4-l-7-14kg\\\/\",\"url\":\"https:\\\/\\\/vitablanca.ma\\\/produit\\\/bambo-nature-48-couches-ecologiques-jumbo-t4-l-7-14kg\\\/\",\"name\":\"Bambo Nature 48 Couches Ecologiques Jumbo t4 l 7-14kg - Maroc Prix\",\"isPartOf\":{\"@id\":\"https:\\\/\\\/vitablanca.ma\\\/#website\"},\"primaryImageOfPage\":{\"@id\":\"https:\\\/\\\/vitablanca.ma\\\/produit\\\/bambo-nature-48-couches-ecologiques-jumbo-t4-l-7-14kg\\\/#primaryimage\"},\"image\":{\"@id\":\"https:\\\/\\\/vitablanca.ma\\\/produit\\\/bambo-nature-48-couches-ecologiques-jumbo-t4-l-7-14kg\\\/#primaryimage\"},\"thumbnailUrl\":\"https:\\\/\\\/vitablanca.ma\\\/wp-content\\\/uploads\\\/2025\\\/06\\\/Bambo-Nature-20-Culottes-D_apprentissage-t4-l-7-14kg-nova-parapharmacie-maroc_b90425fe-a54a-49d9-ac65-f903c17c8f43.jpg\",\"datePublished\":\"2025-06-10T15:58:30+00:00\",\"description\":\"Bambo Nature 48 Couches Ecologiques Jumbo t4 l 7-14kg\",\"breadcrumb\":{\"@id\":\"https:\\\/\\\/vitablanca.ma\\\/produit\\\/bambo-nature-48-couches-ecologiques-jumbo-t4-l-7-14kg\\\/#breadcrumb\"},\"inLanguage\":\"en-US\",\"potentialAction\":[{\"@type\":\"ReadAction\",\"target\":[\"https:\\\/\\\/vitablanca.ma\\\/produit\\\/bambo-nature-48-couches-ecologiques-jumbo-t4-l-7-14kg\\\/\"]}]},{\"@type\":\"ImageObject\",\"inLanguage\":\"en-US\",\"@id\":\"https:\\\/\\\/vitablanca.ma\\\/produit\\\/bambo-nature-48-couches-ecologiques-jumbo-t4-l-7-14kg\\\/#primaryimage\",\"url\":\"https:\\\/\\\/vitablanca.ma\\\/wp-content\\\/uploads\\\/2025\\\/06\\\/Bambo-Nature-20-Culottes-D_apprentissage-t4-l-7-14kg-nova-parapharmacie-maroc_b90425fe-a54a-49d9-ac65-f903c17c8f43.jpg\",\"contentUrl\":\"https:\\\/\\\/vitablanca.ma\\\/wp-content\\\/uploads\\\/2025\\\/06\\\/Bambo-Nature-20-Culottes-D_apprentissage-t4-l-7-14kg-nova-parapharmacie-maroc_b90425fe-a54a-49d9-ac65-f903c17c8f43.jpg\",\"width\":1000,\"height\":1000},{\"@type\":\"BreadcrumbList\",\"@id\":\"https:\\\/\\\/vitablanca.ma\\\/produit\\\/bambo-nature-48-couches-ecologiques-jumbo-t4-l-7-14kg\\\/#breadcrumb\",\"itemListElement\":[{\"@type\":\"ListItem\",\"position\":1,\"name\":\"Home\",\"item\":\"https:\\\/\\\/vitablanca.ma\\\/\"},{\"@type\":\"ListItem\",\"position\":2,\"name\":\"Tous Les Produits\",\"item\":\"https:\\\/\\\/vitablanca.ma\\\/tous-les-produits\\\/\"},{\"@type\":\"ListItem\",\"position\":3,\"name\":\"Bambo Nature 48 Couches Ecologiques Jumbo t4 l 7-14kg\"}]},{\"@type\":\"WebSite\",\"@id\":\"https:\\\/\\\/vitablanca.ma\\\/#website\",\"url\":\"https:\\\/\\\/vitablanca.ma\\\/\",\"name\":\"VitaBlanca.ma | Compl\u00e9ments alimentaires, sant\u00e9 & beaut\u00e9 au Maroc\",\"description\":\"vendre vitamines et compl\u00e9ments premium des USA &amp; Canada, Nouvelle Z\u00e9lande,Maroc (NOW Foods, Solgar, Manuka). Livraison rapide partout au Maroc.\",\"publisher\":{\"@id\":\"https:\\\/\\\/vitablanca.ma\\\/#organization\"},\"alternateName\":\"VitaBlanca.ma\",\"potentialAction\":[{\"@type\":\"SearchAction\",\"target\":{\"@type\":\"EntryPoint\",\"urlTemplate\":\"https:\\\/\\\/vitablanca.ma\\\/?s={search_term_string}\"},\"query-input\":{\"@type\":\"PropertyValueSpecification\",\"valueRequired\":true,\"valueName\":\"search_term_string\"}}],\"inLanguage\":\"en-US\"},{\"@type\":\"Organization\",\"@id\":\"https:\\\/\\\/vitablanca.ma\\\/#organization\",\"name\":\"VitaBlanca\",\"url\":\"https:\\\/\\\/vitablanca.ma\\\/\",\"logo\":{\"@type\":\"ImageObject\",\"inLanguage\":\"en-US\",\"@id\":\"https:\\\/\\\/vitablanca.ma\\\/#\\\/schema\\\/logo\\\/image\\\/\",\"url\":\"https:\\\/\\\/vitablanca.ma\\\/wp-content\\\/uploads\\\/2025\\\/05\\\/cropped-vitablanca.png\",\"contentUrl\":\"https:\\\/\\\/vitablanca.ma\\\/wp-content\\\/uploads\\\/2025\\\/05\\\/cropped-vitablanca.png\",\"width\":360,\"height\":67,\"caption\":\"VitaBlanca\"},\"image\":{\"@id\":\"https:\\\/\\\/vitablanca.ma\\\/#\\\/schema\\\/logo\\\/image\\\/\"},\"sameAs\":[\"https:\\\/\\\/www.facebook.com\\\/profile.php?id=61576678196717\",\"https:\\\/\\\/www.tiktok.com\\\/@vitablanca.ma\",\"https:\\\/\\\/www.instagram.com\\\/vitablanca.ma\\\/\"]}]}<\/script>\n<!-- \/ Yoast SEO plugin. -->","yoast_head_json":{"title":"Bambo Nature 48 Ecological Diapers Jumbo t4 l 7-14kg - Morocco Price","description":"Bambo Nature 48 Ecological Diapers Jumbo t4 l 7-14kg","robots":{"index":"index","follow":"follow","max-snippet":"max-snippet:-1","max-image-preview":"max-image-preview:large","max-video-preview":"max-video-preview:-1"},"canonical":"https:\/\/vitablanca.ma\/en\/product\/bambo-nature-48-couches-ecologiques-jumbo-t4-l-7-14kg\/","og_locale":"en_US","og_type":"article","og_title":"Bambo Nature 48 Couches Ecologiques Jumbo t4 l 7-14kg - Maroc Prix","og_description":"Bambo Nature 48 Couches Ecologiques Jumbo t4 l 7-14kg","og_url":"https:\/\/vitablanca.ma\/en\/product\/bambo-nature-48-couches-ecologiques-jumbo-t4-l-7-14kg\/","og_site_name":"Vitablanca.ma &ndash; Sant&eacute;, vitalit&eacute; et bien-&ecirc;tre pour tous les Marocains","article_publisher":"https:\/\/www.facebook.com\/profile.php?id=61576678196717","og_image":[{"width":1000,"height":1000,"url":"https:\/\/vitablanca.ma\/wp-content\/uploads\/2025\/06\/Bambo-Nature-20-Culottes-D_apprentissage-t4-l-7-14kg-nova-parapharmacie-maroc_b90425fe-a54a-49d9-ac65-f903c17c8f43.jpg","type":"image\/jpeg"}],"twitter_card":"summary_large_image","twitter_misc":{"Est. reading time":"2 minutes"},"schema":{"@context":"https:\/\/schema.org","@graph":[{"@type":["WebPage","ItemPage"],"@id":"https:\/\/vitablanca.ma\/produit\/bambo-nature-48-couches-ecologiques-jumbo-t4-l-7-14kg\/","url":"https:\/\/vitablanca.ma\/produit\/bambo-nature-48-couches-ecologiques-jumbo-t4-l-7-14kg\/","name":"Bambo Nature 48 Ecological Diapers Jumbo t4 l 7-14kg - Morocco Price","isPartOf":{"@id":"https:\/\/vitablanca.ma\/#website"},"primaryImageOfPage":{"@id":"https:\/\/vitablanca.ma\/produit\/bambo-nature-48-couches-ecologiques-jumbo-t4-l-7-14kg\/#primaryimage"},"image":{"@id":"https:\/\/vitablanca.ma\/produit\/bambo-nature-48-couches-ecologiques-jumbo-t4-l-7-14kg\/#primaryimage"},"thumbnailUrl":"https:\/\/vitablanca.ma\/wp-content\/uploads\/2025\/06\/Bambo-Nature-20-Culottes-D_apprentissage-t4-l-7-14kg-nova-parapharmacie-maroc_b90425fe-a54a-49d9-ac65-f903c17c8f43.jpg","datePublished":"2025-06-10T15:58:30+00:00","description":"Bambo Nature 48 Ecological Diapers Jumbo t4 l 7-14kg","breadcrumb":{"@id":"https:\/\/vitablanca.ma\/produit\/bambo-nature-48-couches-ecologiques-jumbo-t4-l-7-14kg\/#breadcrumb"},"inLanguage":"en-US","potentialAction":[{"@type":"ReadAction","target":["https:\/\/vitablanca.ma\/produit\/bambo-nature-48-couches-ecologiques-jumbo-t4-l-7-14kg\/"]}]},{"@type":"ImageObject","inLanguage":"en-US","@id":"https:\/\/vitablanca.ma\/produit\/bambo-nature-48-couches-ecologiques-jumbo-t4-l-7-14kg\/#primaryimage","url":"https:\/\/vitablanca.ma\/wp-content\/uploads\/2025\/06\/Bambo-Nature-20-Culottes-D_apprentissage-t4-l-7-14kg-nova-parapharmacie-maroc_b90425fe-a54a-49d9-ac65-f903c17c8f43.jpg","contentUrl":"https:\/\/vitablanca.ma\/wp-content\/uploads\/2025\/06\/Bambo-Nature-20-Culottes-D_apprentissage-t4-l-7-14kg-nova-parapharmacie-maroc_b90425fe-a54a-49d9-ac65-f903c17c8f43.jpg","width":1000,"height":1000},{"@type":"BreadcrumbList","@id":"https:\/\/vitablanca.ma\/produit\/bambo-nature-48-couches-ecologiques-jumbo-t4-l-7-14kg\/#breadcrumb","itemListElement":[{"@type":"ListItem","position":1,"name":"Home","item":"https:\/\/vitablanca.ma\/"},{"@type":"ListItem","position":2,"name":"Tous Les Produits","item":"https:\/\/vitablanca.ma\/tous-les-produits\/"},{"@type":"ListItem","position":3,"name":"Bambo Nature 48 Couches Ecologiques Jumbo t4 l 7-14kg"}]},{"@type":"WebSite","@id":"https:\/\/vitablanca.ma\/#website","url":"https:\/\/vitablanca.ma\/","name":"VitaBlanca.ma | Food supplements, health &amp; beauty in Morocco","description":"sell premium vitamins and supplements from USA &amp; Canada, New Zealand, Morocco (NOW Foods, Solgar, Manuka). Fast delivery anywhere in Morocco.","publisher":{"@id":"https:\/\/vitablanca.ma\/#organization"},"alternateName":"VitaBlanca.ma","potentialAction":[{"@type":"SearchAction","target":{"@type":"EntryPoint","urlTemplate":"https:\/\/vitablanca.ma\/?s={search_term_string}"},"query-input":{"@type":"PropertyValueSpecification","valueRequired":true,"valueName":"search_term_string"}}],"inLanguage":"en-US"},{"@type":"Organization","@id":"https:\/\/vitablanca.ma\/#organization","name":"VitaBlanca","url":"https:\/\/vitablanca.ma\/","logo":{"@type":"ImageObject","inLanguage":"en-US","@id":"https:\/\/vitablanca.ma\/#\/schema\/logo\/image\/","url":"https:\/\/vitablanca.ma\/wp-content\/uploads\/2025\/05\/cropped-vitablanca.png","contentUrl":"https:\/\/vitablanca.ma\/wp-content\/uploads\/2025\/05\/cropped-vitablanca.png","width":360,"height":67,"caption":"VitaBlanca"},"image":{"@id":"https:\/\/vitablanca.ma\/#\/schema\/logo\/image\/"},"sameAs":["https:\/\/www.facebook.com\/profile.php?id=61576678196717","https:\/\/www.tiktok.com\/@vitablanca.ma","https:\/\/www.instagram.com\/vitablanca.ma\/"]}]}},"jetpack_sharing_enabled":true,"_links":{"self":[{"href":"https:\/\/vitablanca.ma\/en\/wp-json\/wp\/v2\/product\/15438","targetHints":{"allow":["GET"]}}],"collection":[{"href":"https:\/\/vitablanca.ma\/en\/wp-json\/wp\/v2\/product"}],"about":[{"href":"https:\/\/vitablanca.ma\/en\/wp-json\/wp\/v2\/types\/product"}],"wp:featuredmedia":[{"embeddable":true,"href":"https:\/\/vitablanca.ma\/en\/wp-json\/wp\/v2\/media\/15437"}],"wp:attachment":[{"href":"https:\/\/vitablanca.ma\/en\/wp-json\/wp\/v2\/media?parent=15438"}],"wp:term":[{"taxonomy":"product_brand","embeddable":true,"href":"https:\/\/vitablanca.ma\/en\/wp-json\/wp\/v2\/product_brand?post=15438"},{"taxonomy":"product_cat","embeddable":true,"href":"https:\/\/vitablanca.ma\/en\/wp-json\/wp\/v2\/product_cat?post=15438"},{"taxonomy":"product_tag","embeddable":true,"href":"https:\/\/vitablanca.ma\/en\/wp-json\/wp\/v2\/product_tag?post=15438"}],"curies":[{"name":"wp","href":"https:\/\/api.w.org\/{rel}","templated":true}]}}