{"id":15430,"date":"2025-06-10T15:57:56","date_gmt":"2025-06-10T15:57:56","guid":{"rendered":"https:\/\/vitablanca.ma\/product\/arnidol-sun-stick-spf50-15g\/"},"modified":"2025-06-10T15:57:56","modified_gmt":"2025-06-10T15:57:56","slug":"arnidol-sun-stick-spf50-15g","status":"publish","type":"product","link":"https:\/\/vitablanca.ma\/en\/product\/arnidol-sun-stick-spf50-15g\/","title":{"rendered":"Arnidol Sun Stick SPF50+ 15g"},"content":{"rendered":"<h2 data-mce-fragment=\"1\">Arnidol Sun Stick SPF50+ <span data-mce-fragment=\"1\">moisturizes sensitive skin while providing excellent protection against UVA and UVB rays.<\/span><br \/>\n<\/h2>\n<p data-mce-fragment=\"1\">Arnidol Sun combines a blend of arnica flowers and shea butter with mineral sunscreens that provide an immediate barrier effect and are not absorbed by the skin. Thanks to the exclusive combination of these active ingredients, Arnidol\u00ae Sun protects and moisturizes sensitive skin, providing excellent protection against UVA and UVB rays.<\/p>\n<p data-mce-fragment=\"1\">ARNICA<br data-mce-fragment=\"1\">It is a plant native to central and southern Europe. Its yellow flowers are the most interesting part due to their skin-loving properties. Arnica softens, moisturizes, and soothes the skin.<\/p>\n<p data-mce-fragment=\"1\">THE SCREEN EFFECT OF MINERAL FILTERS<br data-mce-fragment=\"1\">Since mineral filters provide immediate protection, there&#039;s no need to apply the product 30 minutes beforehand. The sun&#039;s rays won&#039;t harm your children&#039;s skin thanks to the natural sunscreen effect of these ingredients, which, unlike chemical filters, won&#039;t be absorbed by the skin.<\/p>\n<p data-mce-fragment=\"1\">SHEA BUTTER<br data-mce-fragment=\"1\">Shea butter is obtained by pressing the nuts of a tree called karit\u00e9. It is used in cosmetics for its beneficial properties. Its high nutritional value is ideal for children&#039;s delicate skin.<\/p>\n<h3 data-mce-fragment=\"1\"><span data-mce-fragment=\"1\"><strong data-mce-fragment=\"1\">Instructions for use<\/strong><\/span><\/h3>\n<p data-mce-fragment=\"1\">Apply evenly to areas exposed to the sun: face, torso, arms, shoulders.<\/p>\n<p data-mce-fragment=\"1\">Reapply as many times as necessary.<\/p>\n<p data-mce-fragment=\"1\"><b data-mce-fragment=\"1\">Arnidol sun<\/b>\u00a0is for external use, it should not be swallowed and contact with eyes or mucous membranes should be avoided. Arnidol Sun provides high and complete protection for children and babies, but it is reminded that excessive sun exposure can pose a significant health risk. Arnidol Sun is intended for external pediatric use. It should not be swallowed and contact with eyes or mucous membranes should be avoided.<\/p>","protected":false},"excerpt":{"rendered":"<p>Arnidol Sun Stick SPF50+ hydrate les peaux sensibles en leur apportant une excellente protection contre les UVA et les UVB. Arnidol\u00a0 sun associe un m\u00e9lange de fleurs d\u2019arnica et de beurre de karit\u00e9 \u00e0 des filtres solaires min\u00e9raux ayant un effet barri\u00e8re imm\u00e9diat et non absorbables par la peau. Gr\u00e2ce \u00e0 la combinaison exclusive de [&hellip;]<\/p>\n","protected":false},"featured_media":15429,"template":"","meta":{"om_disable_all_campaigns":false},"product_brand":[],"product_cat":[15],"product_tag":[],"class_list":{"0":"post-15430","1":"product","2":"type-product","3":"status-publish","4":"has-post-thumbnail","6":"product_cat-beaute-sante-complements-alimentaires-soins-et-bien-etre-au-meilleur-prix","8":"first","9":"instock","10":"sale","11":"taxable","12":"shipping-taxable","13":"purchasable","14":"product-type-simple"},"yoast_head":"<!-- This site is optimized with the Yoast SEO plugin v27.3 - https:\/\/yoast.com\/product\/yoast-seo-wordpress\/ -->\n<title>Arnidol Sun Stick SPF50+ 15g - Maroc Prix<\/title>\n<meta name=\"description\" content=\"Arnidol Sun Stick SPF50+ 15g\" \/>\n<meta name=\"robots\" content=\"index, follow, max-snippet:-1, max-image-preview:large, max-video-preview:-1\" \/>\n<link rel=\"canonical\" href=\"https:\/\/vitablanca.ma\/en\/product\/arnidol-sun-stick-spf50-15g\/\" \/>\n<meta property=\"og:locale\" content=\"en_US\" \/>\n<meta property=\"og:type\" content=\"article\" \/>\n<meta property=\"og:title\" content=\"Arnidol Sun Stick SPF50+ 15g - Maroc Prix\" \/>\n<meta property=\"og:description\" content=\"Arnidol Sun Stick SPF50+ 15g\" \/>\n<meta property=\"og:url\" content=\"https:\/\/vitablanca.ma\/en\/product\/arnidol-sun-stick-spf50-15g\/\" \/>\n<meta property=\"og:site_name\" content=\"Vitablanca.ma &ndash; Sant&eacute;, vitalit&eacute; et bien-&ecirc;tre pour tous les Marocains\" \/>\n<meta property=\"article:publisher\" content=\"https:\/\/www.facebook.com\/profile.php?id=61576678196717\" \/>\n<meta property=\"og:image\" content=\"https:\/\/vitablanca.ma\/wp-content\/uploads\/2025\/06\/Arnidol-Sun-Stick-SPF50_-15g-novaparapharmacie-maroc.jpg\" \/>\n\t<meta property=\"og:image:width\" content=\"1000\" \/>\n\t<meta property=\"og:image:height\" content=\"1000\" \/>\n\t<meta property=\"og:image:type\" content=\"image\/jpeg\" \/>\n<meta name=\"twitter:card\" content=\"summary_large_image\" \/>\n<meta name=\"twitter:label1\" content=\"Est. reading time\" \/>\n\t<meta name=\"twitter:data1\" content=\"2 minutes\" \/>\n<script type=\"application\/ld+json\" class=\"yoast-schema-graph\">{\"@context\":\"https:\\\/\\\/schema.org\",\"@graph\":[{\"@type\":[\"WebPage\",\"ItemPage\"],\"@id\":\"https:\\\/\\\/vitablanca.ma\\\/produit\\\/arnidol-sun-stick-spf50-15g\\\/\",\"url\":\"https:\\\/\\\/vitablanca.ma\\\/produit\\\/arnidol-sun-stick-spf50-15g\\\/\",\"name\":\"Arnidol Sun Stick SPF50+ 15g - Maroc Prix\",\"isPartOf\":{\"@id\":\"https:\\\/\\\/vitablanca.ma\\\/#website\"},\"primaryImageOfPage\":{\"@id\":\"https:\\\/\\\/vitablanca.ma\\\/produit\\\/arnidol-sun-stick-spf50-15g\\\/#primaryimage\"},\"image\":{\"@id\":\"https:\\\/\\\/vitablanca.ma\\\/produit\\\/arnidol-sun-stick-spf50-15g\\\/#primaryimage\"},\"thumbnailUrl\":\"https:\\\/\\\/vitablanca.ma\\\/wp-content\\\/uploads\\\/2025\\\/06\\\/Arnidol-Sun-Stick-SPF50_-15g-novaparapharmacie-maroc.jpg\",\"datePublished\":\"2025-06-10T15:57:56+00:00\",\"description\":\"Arnidol Sun Stick SPF50+ 15g\",\"breadcrumb\":{\"@id\":\"https:\\\/\\\/vitablanca.ma\\\/produit\\\/arnidol-sun-stick-spf50-15g\\\/#breadcrumb\"},\"inLanguage\":\"en-US\",\"potentialAction\":[{\"@type\":\"ReadAction\",\"target\":[\"https:\\\/\\\/vitablanca.ma\\\/produit\\\/arnidol-sun-stick-spf50-15g\\\/\"]}]},{\"@type\":\"ImageObject\",\"inLanguage\":\"en-US\",\"@id\":\"https:\\\/\\\/vitablanca.ma\\\/produit\\\/arnidol-sun-stick-spf50-15g\\\/#primaryimage\",\"url\":\"https:\\\/\\\/vitablanca.ma\\\/wp-content\\\/uploads\\\/2025\\\/06\\\/Arnidol-Sun-Stick-SPF50_-15g-novaparapharmacie-maroc.jpg\",\"contentUrl\":\"https:\\\/\\\/vitablanca.ma\\\/wp-content\\\/uploads\\\/2025\\\/06\\\/Arnidol-Sun-Stick-SPF50_-15g-novaparapharmacie-maroc.jpg\",\"width\":1000,\"height\":1000},{\"@type\":\"BreadcrumbList\",\"@id\":\"https:\\\/\\\/vitablanca.ma\\\/produit\\\/arnidol-sun-stick-spf50-15g\\\/#breadcrumb\",\"itemListElement\":[{\"@type\":\"ListItem\",\"position\":1,\"name\":\"Home\",\"item\":\"https:\\\/\\\/vitablanca.ma\\\/\"},{\"@type\":\"ListItem\",\"position\":2,\"name\":\"Tous Les Produits\",\"item\":\"https:\\\/\\\/vitablanca.ma\\\/tous-les-produits\\\/\"},{\"@type\":\"ListItem\",\"position\":3,\"name\":\"Arnidol Sun Stick SPF50+ 15g\"}]},{\"@type\":\"WebSite\",\"@id\":\"https:\\\/\\\/vitablanca.ma\\\/#website\",\"url\":\"https:\\\/\\\/vitablanca.ma\\\/\",\"name\":\"VitaBlanca.ma | Compl\u00e9ments alimentaires, sant\u00e9 & beaut\u00e9 au Maroc\",\"description\":\"vendre vitamines et compl\u00e9ments premium des USA &amp; Canada, Nouvelle Z\u00e9lande,Maroc (NOW Foods, Solgar, Manuka). Livraison rapide partout au Maroc.\",\"publisher\":{\"@id\":\"https:\\\/\\\/vitablanca.ma\\\/#organization\"},\"alternateName\":\"VitaBlanca.ma\",\"potentialAction\":[{\"@type\":\"SearchAction\",\"target\":{\"@type\":\"EntryPoint\",\"urlTemplate\":\"https:\\\/\\\/vitablanca.ma\\\/?s={search_term_string}\"},\"query-input\":{\"@type\":\"PropertyValueSpecification\",\"valueRequired\":true,\"valueName\":\"search_term_string\"}}],\"inLanguage\":\"en-US\"},{\"@type\":\"Organization\",\"@id\":\"https:\\\/\\\/vitablanca.ma\\\/#organization\",\"name\":\"VitaBlanca\",\"url\":\"https:\\\/\\\/vitablanca.ma\\\/\",\"logo\":{\"@type\":\"ImageObject\",\"inLanguage\":\"en-US\",\"@id\":\"https:\\\/\\\/vitablanca.ma\\\/#\\\/schema\\\/logo\\\/image\\\/\",\"url\":\"https:\\\/\\\/vitablanca.ma\\\/wp-content\\\/uploads\\\/2025\\\/05\\\/cropped-vitablanca.png\",\"contentUrl\":\"https:\\\/\\\/vitablanca.ma\\\/wp-content\\\/uploads\\\/2025\\\/05\\\/cropped-vitablanca.png\",\"width\":360,\"height\":67,\"caption\":\"VitaBlanca\"},\"image\":{\"@id\":\"https:\\\/\\\/vitablanca.ma\\\/#\\\/schema\\\/logo\\\/image\\\/\"},\"sameAs\":[\"https:\\\/\\\/www.facebook.com\\\/profile.php?id=61576678196717\",\"https:\\\/\\\/www.tiktok.com\\\/@vitablanca.ma\",\"https:\\\/\\\/www.instagram.com\\\/vitablanca.ma\\\/\"]}]}<\/script>\n<!-- \/ Yoast SEO plugin. -->","yoast_head_json":{"title":"Arnidol Sun Stick SPF50+ 15g - Morocco Price","description":"Arnidol Sun Stick SPF50+ 15g","robots":{"index":"index","follow":"follow","max-snippet":"max-snippet:-1","max-image-preview":"max-image-preview:large","max-video-preview":"max-video-preview:-1"},"canonical":"https:\/\/vitablanca.ma\/en\/product\/arnidol-sun-stick-spf50-15g\/","og_locale":"en_US","og_type":"article","og_title":"Arnidol Sun Stick SPF50+ 15g - Maroc Prix","og_description":"Arnidol Sun Stick SPF50+ 15g","og_url":"https:\/\/vitablanca.ma\/en\/product\/arnidol-sun-stick-spf50-15g\/","og_site_name":"Vitablanca.ma &ndash; Sant&eacute;, vitalit&eacute; et bien-&ecirc;tre pour tous les Marocains","article_publisher":"https:\/\/www.facebook.com\/profile.php?id=61576678196717","og_image":[{"width":1000,"height":1000,"url":"https:\/\/vitablanca.ma\/wp-content\/uploads\/2025\/06\/Arnidol-Sun-Stick-SPF50_-15g-novaparapharmacie-maroc.jpg","type":"image\/jpeg"}],"twitter_card":"summary_large_image","twitter_misc":{"Est. reading time":"2 minutes"},"schema":{"@context":"https:\/\/schema.org","@graph":[{"@type":["WebPage","ItemPage"],"@id":"https:\/\/vitablanca.ma\/produit\/arnidol-sun-stick-spf50-15g\/","url":"https:\/\/vitablanca.ma\/produit\/arnidol-sun-stick-spf50-15g\/","name":"Arnidol Sun Stick SPF50+ 15g - Morocco Price","isPartOf":{"@id":"https:\/\/vitablanca.ma\/#website"},"primaryImageOfPage":{"@id":"https:\/\/vitablanca.ma\/produit\/arnidol-sun-stick-spf50-15g\/#primaryimage"},"image":{"@id":"https:\/\/vitablanca.ma\/produit\/arnidol-sun-stick-spf50-15g\/#primaryimage"},"thumbnailUrl":"https:\/\/vitablanca.ma\/wp-content\/uploads\/2025\/06\/Arnidol-Sun-Stick-SPF50_-15g-novaparapharmacie-maroc.jpg","datePublished":"2025-06-10T15:57:56+00:00","description":"Arnidol Sun Stick SPF50+ 15g","breadcrumb":{"@id":"https:\/\/vitablanca.ma\/produit\/arnidol-sun-stick-spf50-15g\/#breadcrumb"},"inLanguage":"en-US","potentialAction":[{"@type":"ReadAction","target":["https:\/\/vitablanca.ma\/produit\/arnidol-sun-stick-spf50-15g\/"]}]},{"@type":"ImageObject","inLanguage":"en-US","@id":"https:\/\/vitablanca.ma\/produit\/arnidol-sun-stick-spf50-15g\/#primaryimage","url":"https:\/\/vitablanca.ma\/wp-content\/uploads\/2025\/06\/Arnidol-Sun-Stick-SPF50_-15g-novaparapharmacie-maroc.jpg","contentUrl":"https:\/\/vitablanca.ma\/wp-content\/uploads\/2025\/06\/Arnidol-Sun-Stick-SPF50_-15g-novaparapharmacie-maroc.jpg","width":1000,"height":1000},{"@type":"BreadcrumbList","@id":"https:\/\/vitablanca.ma\/produit\/arnidol-sun-stick-spf50-15g\/#breadcrumb","itemListElement":[{"@type":"ListItem","position":1,"name":"Home","item":"https:\/\/vitablanca.ma\/"},{"@type":"ListItem","position":2,"name":"Tous Les Produits","item":"https:\/\/vitablanca.ma\/tous-les-produits\/"},{"@type":"ListItem","position":3,"name":"Arnidol Sun Stick SPF50+ 15g"}]},{"@type":"WebSite","@id":"https:\/\/vitablanca.ma\/#website","url":"https:\/\/vitablanca.ma\/","name":"VitaBlanca.ma | Food supplements, health &amp; beauty in Morocco","description":"sell premium vitamins and supplements from USA &amp; Canada, New Zealand, Morocco (NOW Foods, Solgar, Manuka). Fast delivery anywhere in Morocco.","publisher":{"@id":"https:\/\/vitablanca.ma\/#organization"},"alternateName":"VitaBlanca.ma","potentialAction":[{"@type":"SearchAction","target":{"@type":"EntryPoint","urlTemplate":"https:\/\/vitablanca.ma\/?s={search_term_string}"},"query-input":{"@type":"PropertyValueSpecification","valueRequired":true,"valueName":"search_term_string"}}],"inLanguage":"en-US"},{"@type":"Organization","@id":"https:\/\/vitablanca.ma\/#organization","name":"VitaBlanca","url":"https:\/\/vitablanca.ma\/","logo":{"@type":"ImageObject","inLanguage":"en-US","@id":"https:\/\/vitablanca.ma\/#\/schema\/logo\/image\/","url":"https:\/\/vitablanca.ma\/wp-content\/uploads\/2025\/05\/cropped-vitablanca.png","contentUrl":"https:\/\/vitablanca.ma\/wp-content\/uploads\/2025\/05\/cropped-vitablanca.png","width":360,"height":67,"caption":"VitaBlanca"},"image":{"@id":"https:\/\/vitablanca.ma\/#\/schema\/logo\/image\/"},"sameAs":["https:\/\/www.facebook.com\/profile.php?id=61576678196717","https:\/\/www.tiktok.com\/@vitablanca.ma","https:\/\/www.instagram.com\/vitablanca.ma\/"]}]}},"jetpack_sharing_enabled":true,"_links":{"self":[{"href":"https:\/\/vitablanca.ma\/en\/wp-json\/wp\/v2\/product\/15430","targetHints":{"allow":["GET"]}}],"collection":[{"href":"https:\/\/vitablanca.ma\/en\/wp-json\/wp\/v2\/product"}],"about":[{"href":"https:\/\/vitablanca.ma\/en\/wp-json\/wp\/v2\/types\/product"}],"wp:featuredmedia":[{"embeddable":true,"href":"https:\/\/vitablanca.ma\/en\/wp-json\/wp\/v2\/media\/15429"}],"wp:attachment":[{"href":"https:\/\/vitablanca.ma\/en\/wp-json\/wp\/v2\/media?parent=15430"}],"wp:term":[{"taxonomy":"product_brand","embeddable":true,"href":"https:\/\/vitablanca.ma\/en\/wp-json\/wp\/v2\/product_brand?post=15430"},{"taxonomy":"product_cat","embeddable":true,"href":"https:\/\/vitablanca.ma\/en\/wp-json\/wp\/v2\/product_cat?post=15430"},{"taxonomy":"product_tag","embeddable":true,"href":"https:\/\/vitablanca.ma\/en\/wp-json\/wp\/v2\/product_tag?post=15430"}],"curies":[{"name":"wp","href":"https:\/\/api.w.org\/{rel}","templated":true}]}}