{"id":15428,"date":"2025-06-10T15:57:52","date_gmt":"2025-06-10T15:57:52","guid":{"rendered":"https:\/\/vitablanca.ma\/product\/arnidol-gel-stick-15g\/"},"modified":"2025-06-10T15:57:52","modified_gmt":"2025-06-10T15:57:52","slug":"arnidol-gel-stick-15g","status":"publish","type":"product","link":"https:\/\/vitablanca.ma\/en\/product\/arnidol-gel-stick-15g\/","title":{"rendered":"Arnidol Gel Stick 15g"},"content":{"rendered":"<h2><strong data-mce-fragment=\"1\">Arnidol Gel Stick <span data-mce-fragment=\"1\">therefore suitable for both children and adults.\u00a0<\/span><\/strong><\/h2>\n<p><strong data-mce-fragment=\"1\">Arnidol gel stick<\/strong><span data-mce-fragment=\"1\">\u00a0<\/span><strong data-mce-fragment=\"1\">with arnica<span data-mce-fragment=\"1\">\u00a0<\/span><\/strong><span data-mce-fragment=\"1\">is formulated with arnica and harpagophytum, specially designed for\u00a0<\/span><strong data-mce-fragment=\"1\">to soothe<span data-mce-fragment=\"1\">\u00a0<\/span><\/strong><span data-mce-fragment=\"1\">and for\u00a0<\/span><strong data-mce-fragment=\"1\">refresh<\/strong><span data-mce-fragment=\"1\">It can be used from the age of 3 months. It is therefore suitable for both children and adults.\u00a0<\/span><br data-mce-fragment=\"1\"><br data-mce-fragment=\"1\"><span data-mce-fragment=\"1\">This gel stick uses plants to\u00a0<\/span><strong data-mce-fragment=\"1\">soothe the little aches and pains of everyday life<\/strong><span data-mce-fragment=\"1\">. Thus, we find some<\/span><em data-mce-fragment=\"1\">Arnica montana<\/em><span data-mce-fragment=\"1\">, Or\u00a0<\/span><strong data-mce-fragment=\"1\">Arnica<\/strong><span data-mce-fragment=\"1\">\u00a0of the mountains. It has been widely used as a medicinal plant since ancient times. In traditional medicine, it is known for calming irritations and relieving pain. It is also nicknamed\u00a0<\/span><strong data-mce-fragment=\"1\">the grass at the falls<\/strong><span data-mce-fragment=\"1\">.\u00a0<\/span><br data-mce-fragment=\"1\"><br data-mce-fragment=\"1\"><span data-mce-fragment=\"1\">Another key active ingredient in this gel:\u00a0<\/span><strong data-mce-fragment=\"1\">Devil&#039;s claw<\/strong><span data-mce-fragment=\"1\">. It is called &quot;devil&#039;s claw.&quot; It is the tuber of the plant that is used in this stick. Africans used it in traditional medicine to treat various ailments. Its use in Europe is more recent. It is known for its analgesic and anti-inflammatory properties and is therefore included in this gel stick to soothe pain.\u00a0<\/span><br data-mce-fragment=\"1\"><br data-mce-fragment=\"1\"><span data-mce-fragment=\"1\">Finally, Arnidol gel stick with arnica causes a\u00a0<\/span><strong data-mce-fragment=\"1\">pleasant refreshing effect<\/strong><span data-mce-fragment=\"1\">.\u00a0<\/span><br data-mce-fragment=\"1\"><br data-mce-fragment=\"1\"><span data-mce-fragment=\"1\">Thanks to its stick packaging, this gel is\u00a0<\/span><strong data-mce-fragment=\"1\">very easy to use<\/strong><span data-mce-fragment=\"1\">\u00a0and prevents the person applying it from having gel on their fingers. It allows precise use on the area to be treated.\u00a0<\/span><\/p>","protected":false},"excerpt":{"rendered":"<p>Arnidol Gel Stick convient ainsi aux enfants comme aux adultes.\u00a0 Arnidol gel stick\u00a0\u00e0 l&rsquo;arnica\u00a0est formul\u00e9 avec de l&rsquo;arnica et de l&rsquo;harpagophytum, sp\u00e9cialement con\u00e7u pour\u00a0apaiser\u00a0et pour\u00a0rafra\u00eechir. Il peut \u00eatre utilis\u00e9 d\u00e8s l&rsquo;\u00e2ge de 3 mois. Il convient ainsi aux enfants comme aux adultes.\u00a0Ce gel stick utilise des plantes pour\u00a0apaiser les petits bobos de la vie quotidienne. [&hellip;]<\/p>\n","protected":false},"featured_media":15427,"template":"","meta":{"om_disable_all_campaigns":false},"product_brand":[],"product_cat":[15],"product_tag":[],"class_list":{"0":"post-15428","1":"product","2":"type-product","3":"status-publish","4":"has-post-thumbnail","6":"product_cat-beaute-sante-complements-alimentaires-soins-et-bien-etre-au-meilleur-prix","8":"first","9":"instock","10":"sale","11":"taxable","12":"shipping-taxable","13":"purchasable","14":"product-type-simple"},"yoast_head":"<!-- This site is optimized with the Yoast SEO plugin v27.3 - https:\/\/yoast.com\/product\/yoast-seo-wordpress\/ -->\n<title>Arnidol Gel Stick 15g - Maroc Prix<\/title>\n<meta name=\"description\" content=\"Arnidol Gel Stick 15g\" \/>\n<meta name=\"robots\" content=\"index, follow, max-snippet:-1, max-image-preview:large, max-video-preview:-1\" \/>\n<link rel=\"canonical\" href=\"https:\/\/vitablanca.ma\/en\/product\/arnidol-gel-stick-15g\/\" \/>\n<meta property=\"og:locale\" content=\"en_US\" \/>\n<meta property=\"og:type\" content=\"article\" \/>\n<meta property=\"og:title\" content=\"Arnidol Gel Stick 15g - Maroc Prix\" \/>\n<meta property=\"og:description\" content=\"Arnidol Gel Stick 15g\" \/>\n<meta property=\"og:url\" content=\"https:\/\/vitablanca.ma\/en\/product\/arnidol-gel-stick-15g\/\" \/>\n<meta property=\"og:site_name\" content=\"Vitablanca.ma &ndash; Sant&eacute;, vitalit&eacute; et bien-&ecirc;tre pour tous les Marocains\" \/>\n<meta property=\"article:publisher\" content=\"https:\/\/www.facebook.com\/profile.php?id=61576678196717\" \/>\n<meta property=\"og:image\" content=\"https:\/\/vitablanca.ma\/wp-content\/uploads\/2025\/06\/Arnidol-Gel-Stick-15g-Nova-Parapharmacie-Maroc.jpg\" \/>\n\t<meta property=\"og:image:width\" content=\"1000\" \/>\n\t<meta property=\"og:image:height\" content=\"1000\" \/>\n\t<meta property=\"og:image:type\" content=\"image\/jpeg\" \/>\n<meta name=\"twitter:card\" content=\"summary_large_image\" \/>\n<meta name=\"twitter:label1\" content=\"Est. reading time\" \/>\n\t<meta name=\"twitter:data1\" content=\"1 minute\" \/>\n<script type=\"application\/ld+json\" class=\"yoast-schema-graph\">{\"@context\":\"https:\\\/\\\/schema.org\",\"@graph\":[{\"@type\":[\"WebPage\",\"ItemPage\"],\"@id\":\"https:\\\/\\\/vitablanca.ma\\\/produit\\\/arnidol-gel-stick-15g\\\/\",\"url\":\"https:\\\/\\\/vitablanca.ma\\\/produit\\\/arnidol-gel-stick-15g\\\/\",\"name\":\"Arnidol Gel Stick 15g - Maroc Prix\",\"isPartOf\":{\"@id\":\"https:\\\/\\\/vitablanca.ma\\\/#website\"},\"primaryImageOfPage\":{\"@id\":\"https:\\\/\\\/vitablanca.ma\\\/produit\\\/arnidol-gel-stick-15g\\\/#primaryimage\"},\"image\":{\"@id\":\"https:\\\/\\\/vitablanca.ma\\\/produit\\\/arnidol-gel-stick-15g\\\/#primaryimage\"},\"thumbnailUrl\":\"https:\\\/\\\/vitablanca.ma\\\/wp-content\\\/uploads\\\/2025\\\/06\\\/Arnidol-Gel-Stick-15g-Nova-Parapharmacie-Maroc.jpg\",\"datePublished\":\"2025-06-10T15:57:52+00:00\",\"description\":\"Arnidol Gel Stick 15g\",\"breadcrumb\":{\"@id\":\"https:\\\/\\\/vitablanca.ma\\\/produit\\\/arnidol-gel-stick-15g\\\/#breadcrumb\"},\"inLanguage\":\"en-US\",\"potentialAction\":[{\"@type\":\"ReadAction\",\"target\":[\"https:\\\/\\\/vitablanca.ma\\\/produit\\\/arnidol-gel-stick-15g\\\/\"]}]},{\"@type\":\"ImageObject\",\"inLanguage\":\"en-US\",\"@id\":\"https:\\\/\\\/vitablanca.ma\\\/produit\\\/arnidol-gel-stick-15g\\\/#primaryimage\",\"url\":\"https:\\\/\\\/vitablanca.ma\\\/wp-content\\\/uploads\\\/2025\\\/06\\\/Arnidol-Gel-Stick-15g-Nova-Parapharmacie-Maroc.jpg\",\"contentUrl\":\"https:\\\/\\\/vitablanca.ma\\\/wp-content\\\/uploads\\\/2025\\\/06\\\/Arnidol-Gel-Stick-15g-Nova-Parapharmacie-Maroc.jpg\",\"width\":1000,\"height\":1000},{\"@type\":\"BreadcrumbList\",\"@id\":\"https:\\\/\\\/vitablanca.ma\\\/produit\\\/arnidol-gel-stick-15g\\\/#breadcrumb\",\"itemListElement\":[{\"@type\":\"ListItem\",\"position\":1,\"name\":\"Home\",\"item\":\"https:\\\/\\\/vitablanca.ma\\\/\"},{\"@type\":\"ListItem\",\"position\":2,\"name\":\"Tous Les Produits\",\"item\":\"https:\\\/\\\/vitablanca.ma\\\/tous-les-produits\\\/\"},{\"@type\":\"ListItem\",\"position\":3,\"name\":\"Arnidol Gel Stick 15g\"}]},{\"@type\":\"WebSite\",\"@id\":\"https:\\\/\\\/vitablanca.ma\\\/#website\",\"url\":\"https:\\\/\\\/vitablanca.ma\\\/\",\"name\":\"VitaBlanca.ma | Compl\u00e9ments alimentaires, sant\u00e9 & beaut\u00e9 au Maroc\",\"description\":\"vendre vitamines et compl\u00e9ments premium des USA &amp; Canada, Nouvelle Z\u00e9lande,Maroc (NOW Foods, Solgar, Manuka). Livraison rapide partout au Maroc.\",\"publisher\":{\"@id\":\"https:\\\/\\\/vitablanca.ma\\\/#organization\"},\"alternateName\":\"VitaBlanca.ma\",\"potentialAction\":[{\"@type\":\"SearchAction\",\"target\":{\"@type\":\"EntryPoint\",\"urlTemplate\":\"https:\\\/\\\/vitablanca.ma\\\/?s={search_term_string}\"},\"query-input\":{\"@type\":\"PropertyValueSpecification\",\"valueRequired\":true,\"valueName\":\"search_term_string\"}}],\"inLanguage\":\"en-US\"},{\"@type\":\"Organization\",\"@id\":\"https:\\\/\\\/vitablanca.ma\\\/#organization\",\"name\":\"VitaBlanca\",\"url\":\"https:\\\/\\\/vitablanca.ma\\\/\",\"logo\":{\"@type\":\"ImageObject\",\"inLanguage\":\"en-US\",\"@id\":\"https:\\\/\\\/vitablanca.ma\\\/#\\\/schema\\\/logo\\\/image\\\/\",\"url\":\"https:\\\/\\\/vitablanca.ma\\\/wp-content\\\/uploads\\\/2025\\\/05\\\/cropped-vitablanca.png\",\"contentUrl\":\"https:\\\/\\\/vitablanca.ma\\\/wp-content\\\/uploads\\\/2025\\\/05\\\/cropped-vitablanca.png\",\"width\":360,\"height\":67,\"caption\":\"VitaBlanca\"},\"image\":{\"@id\":\"https:\\\/\\\/vitablanca.ma\\\/#\\\/schema\\\/logo\\\/image\\\/\"},\"sameAs\":[\"https:\\\/\\\/www.facebook.com\\\/profile.php?id=61576678196717\",\"https:\\\/\\\/www.tiktok.com\\\/@vitablanca.ma\",\"https:\\\/\\\/www.instagram.com\\\/vitablanca.ma\\\/\"]}]}<\/script>\n<!-- \/ Yoast SEO plugin. -->","yoast_head_json":{"title":"Arnidol Gel Stick 15g - Morocco Price","description":"Arnidol Gel Stick 15g","robots":{"index":"index","follow":"follow","max-snippet":"max-snippet:-1","max-image-preview":"max-image-preview:large","max-video-preview":"max-video-preview:-1"},"canonical":"https:\/\/vitablanca.ma\/en\/product\/arnidol-gel-stick-15g\/","og_locale":"en_US","og_type":"article","og_title":"Arnidol Gel Stick 15g - Maroc Prix","og_description":"Arnidol Gel Stick 15g","og_url":"https:\/\/vitablanca.ma\/en\/product\/arnidol-gel-stick-15g\/","og_site_name":"Vitablanca.ma &ndash; Sant&eacute;, vitalit&eacute; et bien-&ecirc;tre pour tous les Marocains","article_publisher":"https:\/\/www.facebook.com\/profile.php?id=61576678196717","og_image":[{"width":1000,"height":1000,"url":"https:\/\/vitablanca.ma\/wp-content\/uploads\/2025\/06\/Arnidol-Gel-Stick-15g-Nova-Parapharmacie-Maroc.jpg","type":"image\/jpeg"}],"twitter_card":"summary_large_image","twitter_misc":{"Est. reading time":"1 minute"},"schema":{"@context":"https:\/\/schema.org","@graph":[{"@type":["WebPage","ItemPage"],"@id":"https:\/\/vitablanca.ma\/produit\/arnidol-gel-stick-15g\/","url":"https:\/\/vitablanca.ma\/produit\/arnidol-gel-stick-15g\/","name":"Arnidol Gel Stick 15g - Morocco Price","isPartOf":{"@id":"https:\/\/vitablanca.ma\/#website"},"primaryImageOfPage":{"@id":"https:\/\/vitablanca.ma\/produit\/arnidol-gel-stick-15g\/#primaryimage"},"image":{"@id":"https:\/\/vitablanca.ma\/produit\/arnidol-gel-stick-15g\/#primaryimage"},"thumbnailUrl":"https:\/\/vitablanca.ma\/wp-content\/uploads\/2025\/06\/Arnidol-Gel-Stick-15g-Nova-Parapharmacie-Maroc.jpg","datePublished":"2025-06-10T15:57:52+00:00","description":"Arnidol Gel Stick 15g","breadcrumb":{"@id":"https:\/\/vitablanca.ma\/produit\/arnidol-gel-stick-15g\/#breadcrumb"},"inLanguage":"en-US","potentialAction":[{"@type":"ReadAction","target":["https:\/\/vitablanca.ma\/produit\/arnidol-gel-stick-15g\/"]}]},{"@type":"ImageObject","inLanguage":"en-US","@id":"https:\/\/vitablanca.ma\/produit\/arnidol-gel-stick-15g\/#primaryimage","url":"https:\/\/vitablanca.ma\/wp-content\/uploads\/2025\/06\/Arnidol-Gel-Stick-15g-Nova-Parapharmacie-Maroc.jpg","contentUrl":"https:\/\/vitablanca.ma\/wp-content\/uploads\/2025\/06\/Arnidol-Gel-Stick-15g-Nova-Parapharmacie-Maroc.jpg","width":1000,"height":1000},{"@type":"BreadcrumbList","@id":"https:\/\/vitablanca.ma\/produit\/arnidol-gel-stick-15g\/#breadcrumb","itemListElement":[{"@type":"ListItem","position":1,"name":"Home","item":"https:\/\/vitablanca.ma\/"},{"@type":"ListItem","position":2,"name":"Tous Les Produits","item":"https:\/\/vitablanca.ma\/tous-les-produits\/"},{"@type":"ListItem","position":3,"name":"Arnidol Gel Stick 15g"}]},{"@type":"WebSite","@id":"https:\/\/vitablanca.ma\/#website","url":"https:\/\/vitablanca.ma\/","name":"VitaBlanca.ma | Food supplements, health &amp; beauty in Morocco","description":"sell premium vitamins and supplements from USA &amp; Canada, New Zealand, Morocco (NOW Foods, Solgar, Manuka). Fast delivery anywhere in Morocco.","publisher":{"@id":"https:\/\/vitablanca.ma\/#organization"},"alternateName":"VitaBlanca.ma","potentialAction":[{"@type":"SearchAction","target":{"@type":"EntryPoint","urlTemplate":"https:\/\/vitablanca.ma\/?s={search_term_string}"},"query-input":{"@type":"PropertyValueSpecification","valueRequired":true,"valueName":"search_term_string"}}],"inLanguage":"en-US"},{"@type":"Organization","@id":"https:\/\/vitablanca.ma\/#organization","name":"VitaBlanca","url":"https:\/\/vitablanca.ma\/","logo":{"@type":"ImageObject","inLanguage":"en-US","@id":"https:\/\/vitablanca.ma\/#\/schema\/logo\/image\/","url":"https:\/\/vitablanca.ma\/wp-content\/uploads\/2025\/05\/cropped-vitablanca.png","contentUrl":"https:\/\/vitablanca.ma\/wp-content\/uploads\/2025\/05\/cropped-vitablanca.png","width":360,"height":67,"caption":"VitaBlanca"},"image":{"@id":"https:\/\/vitablanca.ma\/#\/schema\/logo\/image\/"},"sameAs":["https:\/\/www.facebook.com\/profile.php?id=61576678196717","https:\/\/www.tiktok.com\/@vitablanca.ma","https:\/\/www.instagram.com\/vitablanca.ma\/"]}]}},"jetpack_sharing_enabled":true,"_links":{"self":[{"href":"https:\/\/vitablanca.ma\/en\/wp-json\/wp\/v2\/product\/15428","targetHints":{"allow":["GET"]}}],"collection":[{"href":"https:\/\/vitablanca.ma\/en\/wp-json\/wp\/v2\/product"}],"about":[{"href":"https:\/\/vitablanca.ma\/en\/wp-json\/wp\/v2\/types\/product"}],"wp:featuredmedia":[{"embeddable":true,"href":"https:\/\/vitablanca.ma\/en\/wp-json\/wp\/v2\/media\/15427"}],"wp:attachment":[{"href":"https:\/\/vitablanca.ma\/en\/wp-json\/wp\/v2\/media?parent=15428"}],"wp:term":[{"taxonomy":"product_brand","embeddable":true,"href":"https:\/\/vitablanca.ma\/en\/wp-json\/wp\/v2\/product_brand?post=15428"},{"taxonomy":"product_cat","embeddable":true,"href":"https:\/\/vitablanca.ma\/en\/wp-json\/wp\/v2\/product_cat?post=15428"},{"taxonomy":"product_tag","embeddable":true,"href":"https:\/\/vitablanca.ma\/en\/wp-json\/wp\/v2\/product_tag?post=15428"}],"curies":[{"name":"wp","href":"https:\/\/api.w.org\/{rel}","templated":true}]}}