{"id":15420,"date":"2025-06-10T15:57:20","date_gmt":"2025-06-10T15:57:20","guid":{"rendered":"https:\/\/vitablanca.ma\/product\/acm-sensitelial-lotion-micellaire\/"},"modified":"2025-06-10T15:57:20","modified_gmt":"2025-06-10T15:57:20","slug":"acm-sensitelial-lotion-micellaire","status":"publish","type":"product","link":"https:\/\/vitablanca.ma\/en\/product\/acm-sensitelial-lotion-micellaire\/","title":{"rendered":"Acm Sensit\u00e9lial Micellar Lotion"},"content":{"rendered":"<h2 class=\"p1\" data-mce-fragment=\"1\"><span class=\"s1\" data-mce-fragment=\"1\"><strong data-mce-fragment=\"1\">Acm Sensit\u00e9lial Micellar Lotion <span data-mce-fragment=\"1\">gently removes makeup and all impurities from the face and eyes.<\/span><\/strong><\/span><\/h2>\n<p class=\"p1\" data-mce-fragment=\"1\"><span class=\"s1\" data-mce-fragment=\"1\"><strong data-mce-fragment=\"1\">GENTLE DAILY CLEANSER. CLEANSES AND REMOVES MAKE-UP IN ONE STEP FROM THE MOST SENSITIVE AND DRY SKIN. NO RINSING REQUIRED.<\/strong><strong data-mce-fragment=\"1\">AGE.<\/strong><\/span><\/p>\n<p class=\"p1\" data-mce-fragment=\"1\"><span class=\"s1\" data-mce-fragment=\"1\">Micellar lotion with gentle surfactants organized into a very large number of small micelles gently removes makeup and all impurities from the face and eyes. It combines two major advantages to respect even the most delicate skin: it does not rinse (contact with hard water is often too aggressive for sensitive skin) and contains two synergistic moisturizing agents that leave the skin comfortable and soothed.<\/span><\/p>\n<h3 class=\"p1\" data-mce-fragment=\"1\"><span class=\"s1\" data-mce-fragment=\"1\">Use<\/span><\/h3>\n<div class=\"row\">\n<div class=\"col-md-7\">\n<div class=\"product-information\">\n<ul class=\"extra_tips\">\n<li>\n<div id=\"conseils\" class=\"collapse show\">\n<div>\n<p>Apply Sensit\u00e9lial micellar lotion with a cotton pad morning and evening to the face and neck. No rinsing required.<\/p>\n<\/div>\n<\/div>\n<\/li>\n<\/ul>\n<\/div>\n<\/div>\n<\/div>","protected":false},"excerpt":{"rendered":"<p>Acm Sensit\u00e9lial Lotion Micellaire \u00e9limine en douceur le d\u00e9maquillage et toutes les impuret\u00e9s du visage et des yeux. NETTOYANT DOUX QUOTIDIEN.\u00a0NETTOIE ET D\u00c9MAQUILLE EN UN GESTE LES PEAUX LES PLUS SENSIBLES ET S\u00c8CHES. SANS RIN\u00c7AGE. La lotion micellaire aux tensio-actifs doux organis\u00e9s en un tr\u00e8s grand nombre de petites micelles \u00e9limine en douceur le d\u00e9maquillage [&hellip;]<\/p>\n","protected":false},"featured_media":15418,"template":"","meta":{"om_disable_all_campaigns":false},"product_brand":[],"product_cat":[15],"product_tag":[],"class_list":{"0":"post-15420","1":"product","2":"type-product","3":"status-publish","4":"has-post-thumbnail","6":"product_cat-beaute-sante-complements-alimentaires-soins-et-bien-etre-au-meilleur-prix","8":"first","9":"instock","10":"sale","11":"taxable","12":"shipping-taxable","13":"purchasable","14":"product-type-variable"},"yoast_head":"<!-- This site is optimized with the Yoast SEO plugin v27.5 - https:\/\/yoast.com\/product\/yoast-seo-wordpress\/ -->\n<title>Acm Sensit\u00e9lial Lotion Micellaire - Maroc Prix<\/title>\n<meta name=\"description\" content=\"Acm Sensit\u00e9lial Lotion Micellaire\" \/>\n<meta name=\"robots\" content=\"index, follow, max-snippet:-1, max-image-preview:large, max-video-preview:-1\" \/>\n<link rel=\"canonical\" href=\"https:\/\/vitablanca.ma\/en\/product\/acm-sensitelial-lotion-micellaire\/\" \/>\n<meta property=\"og:locale\" content=\"en_US\" \/>\n<meta property=\"og:type\" content=\"article\" \/>\n<meta property=\"og:title\" content=\"Acm Sensit\u00e9lial Lotion Micellaire - Maroc Prix\" \/>\n<meta property=\"og:description\" content=\"Acm Sensit\u00e9lial Lotion Micellaire\" \/>\n<meta property=\"og:url\" content=\"https:\/\/vitablanca.ma\/en\/product\/acm-sensitelial-lotion-micellaire\/\" \/>\n<meta property=\"og:site_name\" content=\"Vitablanca.ma &ndash; Sant&eacute;, vitalit&eacute; et bien-&ecirc;tre pour tous les Marocains\" \/>\n<meta property=\"article:publisher\" content=\"https:\/\/www.facebook.com\/profile.php?id=61576678196717\" \/>\n<meta property=\"og:image\" content=\"https:\/\/vitablanca.ma\/wp-content\/uploads\/2025\/06\/Acm-Sensitelial-Lotion-Micellaire-250ml-nova-parapharmacie-maroc.jpg\" \/>\n\t<meta property=\"og:image:width\" content=\"1000\" \/>\n\t<meta property=\"og:image:height\" content=\"1000\" \/>\n\t<meta property=\"og:image:type\" content=\"image\/jpeg\" \/>\n<meta name=\"twitter:card\" content=\"summary_large_image\" \/>\n<meta name=\"twitter:label1\" content=\"Est. reading time\" \/>\n\t<meta name=\"twitter:data1\" content=\"1 minute\" \/>\n<script type=\"application\/ld+json\" class=\"yoast-schema-graph\">{\"@context\":\"https:\\\/\\\/schema.org\",\"@graph\":[{\"@type\":[\"WebPage\",\"ItemPage\"],\"@id\":\"https:\\\/\\\/vitablanca.ma\\\/produit\\\/acm-sensitelial-lotion-micellaire\\\/\",\"url\":\"https:\\\/\\\/vitablanca.ma\\\/produit\\\/acm-sensitelial-lotion-micellaire\\\/\",\"name\":\"Acm Sensit\u00e9lial Lotion Micellaire - Maroc Prix\",\"isPartOf\":{\"@id\":\"https:\\\/\\\/vitablanca.ma\\\/#website\"},\"primaryImageOfPage\":{\"@id\":\"https:\\\/\\\/vitablanca.ma\\\/produit\\\/acm-sensitelial-lotion-micellaire\\\/#primaryimage\"},\"image\":{\"@id\":\"https:\\\/\\\/vitablanca.ma\\\/produit\\\/acm-sensitelial-lotion-micellaire\\\/#primaryimage\"},\"thumbnailUrl\":\"https:\\\/\\\/vitablanca.ma\\\/wp-content\\\/uploads\\\/2025\\\/06\\\/Acm-Sensitelial-Lotion-Micellaire-250ml-nova-parapharmacie-maroc.jpg\",\"datePublished\":\"2025-06-10T15:57:20+00:00\",\"description\":\"Acm Sensit\u00e9lial Lotion Micellaire\",\"breadcrumb\":{\"@id\":\"https:\\\/\\\/vitablanca.ma\\\/produit\\\/acm-sensitelial-lotion-micellaire\\\/#breadcrumb\"},\"inLanguage\":\"en-US\",\"potentialAction\":[{\"@type\":\"ReadAction\",\"target\":[\"https:\\\/\\\/vitablanca.ma\\\/produit\\\/acm-sensitelial-lotion-micellaire\\\/\"]}]},{\"@type\":\"ImageObject\",\"inLanguage\":\"en-US\",\"@id\":\"https:\\\/\\\/vitablanca.ma\\\/produit\\\/acm-sensitelial-lotion-micellaire\\\/#primaryimage\",\"url\":\"https:\\\/\\\/vitablanca.ma\\\/wp-content\\\/uploads\\\/2025\\\/06\\\/Acm-Sensitelial-Lotion-Micellaire-250ml-nova-parapharmacie-maroc.jpg\",\"contentUrl\":\"https:\\\/\\\/vitablanca.ma\\\/wp-content\\\/uploads\\\/2025\\\/06\\\/Acm-Sensitelial-Lotion-Micellaire-250ml-nova-parapharmacie-maroc.jpg\",\"width\":1000,\"height\":1000},{\"@type\":\"BreadcrumbList\",\"@id\":\"https:\\\/\\\/vitablanca.ma\\\/produit\\\/acm-sensitelial-lotion-micellaire\\\/#breadcrumb\",\"itemListElement\":[{\"@type\":\"ListItem\",\"position\":1,\"name\":\"Home\",\"item\":\"https:\\\/\\\/vitablanca.ma\\\/\"},{\"@type\":\"ListItem\",\"position\":2,\"name\":\"Tous Les Produits\",\"item\":\"https:\\\/\\\/vitablanca.ma\\\/tous-les-produits\\\/\"},{\"@type\":\"ListItem\",\"position\":3,\"name\":\"Acm Sensit\u00e9lial Lotion Micellaire\"}]},{\"@type\":\"WebSite\",\"@id\":\"https:\\\/\\\/vitablanca.ma\\\/#website\",\"url\":\"https:\\\/\\\/vitablanca.ma\\\/\",\"name\":\"VitaBlanca.ma | Compl\u00e9ments alimentaires, sant\u00e9 & beaut\u00e9 au Maroc\",\"description\":\"vendre vitamines et compl\u00e9ments premium des USA &amp; Canada, Nouvelle Z\u00e9lande,Maroc (NOW Foods, Solgar, Manuka). Livraison rapide partout au Maroc.\",\"publisher\":{\"@id\":\"https:\\\/\\\/vitablanca.ma\\\/#organization\"},\"alternateName\":\"VitaBlanca.ma\",\"potentialAction\":[{\"@type\":\"SearchAction\",\"target\":{\"@type\":\"EntryPoint\",\"urlTemplate\":\"https:\\\/\\\/vitablanca.ma\\\/?s={search_term_string}\"},\"query-input\":{\"@type\":\"PropertyValueSpecification\",\"valueRequired\":true,\"valueName\":\"search_term_string\"}}],\"inLanguage\":\"en-US\"},{\"@type\":\"Organization\",\"@id\":\"https:\\\/\\\/vitablanca.ma\\\/#organization\",\"name\":\"VitaBlanca\",\"url\":\"https:\\\/\\\/vitablanca.ma\\\/\",\"logo\":{\"@type\":\"ImageObject\",\"inLanguage\":\"en-US\",\"@id\":\"https:\\\/\\\/vitablanca.ma\\\/#\\\/schema\\\/logo\\\/image\\\/\",\"url\":\"https:\\\/\\\/vitablanca.ma\\\/wp-content\\\/uploads\\\/2025\\\/05\\\/cropped-vitablanca.png\",\"contentUrl\":\"https:\\\/\\\/vitablanca.ma\\\/wp-content\\\/uploads\\\/2025\\\/05\\\/cropped-vitablanca.png\",\"width\":360,\"height\":67,\"caption\":\"VitaBlanca\"},\"image\":{\"@id\":\"https:\\\/\\\/vitablanca.ma\\\/#\\\/schema\\\/logo\\\/image\\\/\"},\"sameAs\":[\"https:\\\/\\\/www.facebook.com\\\/profile.php?id=61576678196717\",\"https:\\\/\\\/www.tiktok.com\\\/@vitablanca.ma\",\"https:\\\/\\\/www.instagram.com\\\/vitablanca.ma\\\/\"]}]}<\/script>\n<!-- \/ Yoast SEO plugin. -->","yoast_head_json":{"title":"Acm Sensit\u00e9lial Micellar Lotion - Morocco Price","description":"Acm Sensit\u00e9lial Micellar Lotion","robots":{"index":"index","follow":"follow","max-snippet":"max-snippet:-1","max-image-preview":"max-image-preview:large","max-video-preview":"max-video-preview:-1"},"canonical":"https:\/\/vitablanca.ma\/en\/product\/acm-sensitelial-lotion-micellaire\/","og_locale":"en_US","og_type":"article","og_title":"Acm Sensit\u00e9lial Lotion Micellaire - Maroc Prix","og_description":"Acm Sensit\u00e9lial Lotion Micellaire","og_url":"https:\/\/vitablanca.ma\/en\/product\/acm-sensitelial-lotion-micellaire\/","og_site_name":"Vitablanca.ma &ndash; Sant&eacute;, vitalit&eacute; et bien-&ecirc;tre pour tous les Marocains","article_publisher":"https:\/\/www.facebook.com\/profile.php?id=61576678196717","og_image":[{"width":1000,"height":1000,"url":"https:\/\/vitablanca.ma\/wp-content\/uploads\/2025\/06\/Acm-Sensitelial-Lotion-Micellaire-250ml-nova-parapharmacie-maroc.jpg","type":"image\/jpeg"}],"twitter_card":"summary_large_image","twitter_misc":{"Est. reading time":"1 minute"},"schema":{"@context":"https:\/\/schema.org","@graph":[{"@type":["WebPage","ItemPage"],"@id":"https:\/\/vitablanca.ma\/produit\/acm-sensitelial-lotion-micellaire\/","url":"https:\/\/vitablanca.ma\/produit\/acm-sensitelial-lotion-micellaire\/","name":"Acm Sensit\u00e9lial Micellar Lotion - Morocco Price","isPartOf":{"@id":"https:\/\/vitablanca.ma\/#website"},"primaryImageOfPage":{"@id":"https:\/\/vitablanca.ma\/produit\/acm-sensitelial-lotion-micellaire\/#primaryimage"},"image":{"@id":"https:\/\/vitablanca.ma\/produit\/acm-sensitelial-lotion-micellaire\/#primaryimage"},"thumbnailUrl":"https:\/\/vitablanca.ma\/wp-content\/uploads\/2025\/06\/Acm-Sensitelial-Lotion-Micellaire-250ml-nova-parapharmacie-maroc.jpg","datePublished":"2025-06-10T15:57:20+00:00","description":"Acm Sensit\u00e9lial Micellar Lotion","breadcrumb":{"@id":"https:\/\/vitablanca.ma\/produit\/acm-sensitelial-lotion-micellaire\/#breadcrumb"},"inLanguage":"en-US","potentialAction":[{"@type":"ReadAction","target":["https:\/\/vitablanca.ma\/produit\/acm-sensitelial-lotion-micellaire\/"]}]},{"@type":"ImageObject","inLanguage":"en-US","@id":"https:\/\/vitablanca.ma\/produit\/acm-sensitelial-lotion-micellaire\/#primaryimage","url":"https:\/\/vitablanca.ma\/wp-content\/uploads\/2025\/06\/Acm-Sensitelial-Lotion-Micellaire-250ml-nova-parapharmacie-maroc.jpg","contentUrl":"https:\/\/vitablanca.ma\/wp-content\/uploads\/2025\/06\/Acm-Sensitelial-Lotion-Micellaire-250ml-nova-parapharmacie-maroc.jpg","width":1000,"height":1000},{"@type":"BreadcrumbList","@id":"https:\/\/vitablanca.ma\/produit\/acm-sensitelial-lotion-micellaire\/#breadcrumb","itemListElement":[{"@type":"ListItem","position":1,"name":"Home","item":"https:\/\/vitablanca.ma\/"},{"@type":"ListItem","position":2,"name":"Tous Les Produits","item":"https:\/\/vitablanca.ma\/tous-les-produits\/"},{"@type":"ListItem","position":3,"name":"Acm Sensit\u00e9lial Lotion Micellaire"}]},{"@type":"WebSite","@id":"https:\/\/vitablanca.ma\/#website","url":"https:\/\/vitablanca.ma\/","name":"VitaBlanca.ma | Food supplements, health &amp; beauty in Morocco","description":"sell premium vitamins and supplements from USA &amp; Canada, New Zealand, Morocco (NOW Foods, Solgar, Manuka). Fast delivery anywhere in Morocco.","publisher":{"@id":"https:\/\/vitablanca.ma\/#organization"},"alternateName":"VitaBlanca.ma","potentialAction":[{"@type":"SearchAction","target":{"@type":"EntryPoint","urlTemplate":"https:\/\/vitablanca.ma\/?s={search_term_string}"},"query-input":{"@type":"PropertyValueSpecification","valueRequired":true,"valueName":"search_term_string"}}],"inLanguage":"en-US"},{"@type":"Organization","@id":"https:\/\/vitablanca.ma\/#organization","name":"VitaBlanca","url":"https:\/\/vitablanca.ma\/","logo":{"@type":"ImageObject","inLanguage":"en-US","@id":"https:\/\/vitablanca.ma\/#\/schema\/logo\/image\/","url":"https:\/\/vitablanca.ma\/wp-content\/uploads\/2025\/05\/cropped-vitablanca.png","contentUrl":"https:\/\/vitablanca.ma\/wp-content\/uploads\/2025\/05\/cropped-vitablanca.png","width":360,"height":67,"caption":"VitaBlanca"},"image":{"@id":"https:\/\/vitablanca.ma\/#\/schema\/logo\/image\/"},"sameAs":["https:\/\/www.facebook.com\/profile.php?id=61576678196717","https:\/\/www.tiktok.com\/@vitablanca.ma","https:\/\/www.instagram.com\/vitablanca.ma\/"]}]}},"jetpack_sharing_enabled":true,"_links":{"self":[{"href":"https:\/\/vitablanca.ma\/en\/wp-json\/wp\/v2\/product\/15420","targetHints":{"allow":["GET"]}}],"collection":[{"href":"https:\/\/vitablanca.ma\/en\/wp-json\/wp\/v2\/product"}],"about":[{"href":"https:\/\/vitablanca.ma\/en\/wp-json\/wp\/v2\/types\/product"}],"wp:featuredmedia":[{"embeddable":true,"href":"https:\/\/vitablanca.ma\/en\/wp-json\/wp\/v2\/media\/15418"}],"wp:attachment":[{"href":"https:\/\/vitablanca.ma\/en\/wp-json\/wp\/v2\/media?parent=15420"}],"wp:term":[{"taxonomy":"product_brand","embeddable":true,"href":"https:\/\/vitablanca.ma\/en\/wp-json\/wp\/v2\/product_brand?post=15420"},{"taxonomy":"product_cat","embeddable":true,"href":"https:\/\/vitablanca.ma\/en\/wp-json\/wp\/v2\/product_cat?post=15420"},{"taxonomy":"product_tag","embeddable":true,"href":"https:\/\/vitablanca.ma\/en\/wp-json\/wp\/v2\/product_tag?post=15420"}],"curies":[{"name":"wp","href":"https:\/\/api.w.org\/{rel}","templated":true}]}}