{"id":15413,"date":"2025-06-10T15:57:10","date_gmt":"2025-06-10T15:57:10","guid":{"rendered":"https:\/\/vitablanca.ma\/product\/phytocapill-baume-apres-shampooing-cheveux-secs-200ml\/"},"modified":"2025-06-10T15:57:10","modified_gmt":"2025-06-10T15:57:10","slug":"phytocapill-baume-apres-shampooing-cheveux-secs-200ml","status":"publish","type":"product","link":"https:\/\/vitablanca.ma\/en\/product\/phytocapill-baume-apres-shampooing-cheveux-secs-200ml\/","title":{"rendered":"Phytocapill conditioner balm for dry hair 200ml"},"content":{"rendered":"<h2 data-mce-fragment=\"1\">Phytocapill conditioner for dry hair <span data-mce-fragment=\"1\">intended to repair the hair structure\u00a0<\/span><br \/>\n<\/h2>\n<p data-mce-fragment=\"1\">Phytocapill Conditioner is a complex of natural active ingredients designed to repair the hair structure \u2013 Treat damaged hair (brittle, split, electrified hair)<\/p>\n<h3 data-mce-fragment=\"1\">USE<\/h3>\n<p data-mce-fragment=\"1\">Apply a small amount of conditioner to rinsed hair. Leave on for 5 to 10 minutes, then wash your hair.<br data-mce-fragment=\"1\">MAIN COMPONENTS:<br data-mce-fragment=\"1\">Horsetail extract, Argan oil, Wheat protein hydrolyzate<\/p>","protected":false},"excerpt":{"rendered":"<p>Phytocapill baume Apres shampooing cheveux secs destin\u00e9s \u00e0 r\u00e9parer la structure capillaire\u00a0 Phytocapill Baume apr\u00e8s shampooing est un complexe d\u2019actifs naturels destin\u00e9s \u00e0 r\u00e9parer la structure capillaire \u2013 Traiter les cheveux ab\u00eem\u00e9s (cheveux cassants, fourchus, \u00e9lectrifi\u00e9s) UTILISATION Appliquer une noisette de baume apr\u00e8s shampooing sur cheveux rinc\u00e9s. Laisser agir 5 \u00e0 10 mn puis laver [&hellip;]<\/p>\n","protected":false},"featured_media":15412,"template":"","meta":{"om_disable_all_campaigns":false},"product_brand":[],"product_cat":[15],"product_tag":[],"class_list":{"0":"post-15413","1":"product","2":"type-product","3":"status-publish","4":"has-post-thumbnail","6":"product_cat-beaute-sante-complements-alimentaires-soins-et-bien-etre-au-meilleur-prix","8":"first","9":"instock","10":"sale","11":"taxable","12":"shipping-taxable","13":"purchasable","14":"product-type-simple"},"yoast_head":"<!-- This site is optimized with the Yoast SEO plugin v27.5 - https:\/\/yoast.com\/product\/yoast-seo-wordpress\/ -->\n<title>Phytocapill baume Apres shampooing cheveux secs 200ml - Maroc Prix<\/title>\n<meta name=\"description\" content=\"Phytocapill baume Apres shampooing cheveux secs 200ml\" \/>\n<meta name=\"robots\" content=\"index, follow, max-snippet:-1, max-image-preview:large, max-video-preview:-1\" \/>\n<link rel=\"canonical\" href=\"https:\/\/vitablanca.ma\/en\/product\/phytocapill-baume-apres-shampooing-cheveux-secs-200ml\/\" \/>\n<meta property=\"og:locale\" content=\"en_US\" \/>\n<meta property=\"og:type\" content=\"article\" \/>\n<meta property=\"og:title\" content=\"Phytocapill baume Apres shampooing cheveux secs 200ml - Maroc Prix\" \/>\n<meta property=\"og:description\" content=\"Phytocapill baume Apres shampooing cheveux secs 200ml\" \/>\n<meta property=\"og:url\" content=\"https:\/\/vitablanca.ma\/en\/product\/phytocapill-baume-apres-shampooing-cheveux-secs-200ml\/\" \/>\n<meta property=\"og:site_name\" content=\"Vitablanca.ma &ndash; Sant&eacute;, vitalit&eacute; et bien-&ecirc;tre pour tous les Marocains\" \/>\n<meta property=\"article:publisher\" content=\"https:\/\/www.facebook.com\/profile.php?id=61576678196717\" \/>\n<meta property=\"og:image\" content=\"https:\/\/vitablanca.ma\/wp-content\/uploads\/2025\/06\/Phytocapill-baume-Apres-shampooing-cheveux-secs-200ml-nova-prapharmacie-maroc.jpg\" \/>\n\t<meta property=\"og:image:width\" content=\"1000\" \/>\n\t<meta property=\"og:image:height\" content=\"1000\" \/>\n\t<meta property=\"og:image:type\" content=\"image\/jpeg\" \/>\n<meta name=\"twitter:card\" content=\"summary_large_image\" \/>\n<script type=\"application\/ld+json\" class=\"yoast-schema-graph\">{\"@context\":\"https:\\\/\\\/schema.org\",\"@graph\":[{\"@type\":[\"WebPage\",\"ItemPage\"],\"@id\":\"https:\\\/\\\/vitablanca.ma\\\/produit\\\/phytocapill-baume-apres-shampooing-cheveux-secs-200ml\\\/\",\"url\":\"https:\\\/\\\/vitablanca.ma\\\/produit\\\/phytocapill-baume-apres-shampooing-cheveux-secs-200ml\\\/\",\"name\":\"Phytocapill baume Apres shampooing cheveux secs 200ml - Maroc Prix\",\"isPartOf\":{\"@id\":\"https:\\\/\\\/vitablanca.ma\\\/#website\"},\"primaryImageOfPage\":{\"@id\":\"https:\\\/\\\/vitablanca.ma\\\/produit\\\/phytocapill-baume-apres-shampooing-cheveux-secs-200ml\\\/#primaryimage\"},\"image\":{\"@id\":\"https:\\\/\\\/vitablanca.ma\\\/produit\\\/phytocapill-baume-apres-shampooing-cheveux-secs-200ml\\\/#primaryimage\"},\"thumbnailUrl\":\"https:\\\/\\\/vitablanca.ma\\\/wp-content\\\/uploads\\\/2025\\\/06\\\/Phytocapill-baume-Apres-shampooing-cheveux-secs-200ml-nova-prapharmacie-maroc.jpg\",\"datePublished\":\"2025-06-10T15:57:10+00:00\",\"description\":\"Phytocapill baume Apres shampooing cheveux secs 200ml\",\"breadcrumb\":{\"@id\":\"https:\\\/\\\/vitablanca.ma\\\/produit\\\/phytocapill-baume-apres-shampooing-cheveux-secs-200ml\\\/#breadcrumb\"},\"inLanguage\":\"en-US\",\"potentialAction\":[{\"@type\":\"ReadAction\",\"target\":[\"https:\\\/\\\/vitablanca.ma\\\/produit\\\/phytocapill-baume-apres-shampooing-cheveux-secs-200ml\\\/\"]}]},{\"@type\":\"ImageObject\",\"inLanguage\":\"en-US\",\"@id\":\"https:\\\/\\\/vitablanca.ma\\\/produit\\\/phytocapill-baume-apres-shampooing-cheveux-secs-200ml\\\/#primaryimage\",\"url\":\"https:\\\/\\\/vitablanca.ma\\\/wp-content\\\/uploads\\\/2025\\\/06\\\/Phytocapill-baume-Apres-shampooing-cheveux-secs-200ml-nova-prapharmacie-maroc.jpg\",\"contentUrl\":\"https:\\\/\\\/vitablanca.ma\\\/wp-content\\\/uploads\\\/2025\\\/06\\\/Phytocapill-baume-Apres-shampooing-cheveux-secs-200ml-nova-prapharmacie-maroc.jpg\",\"width\":1000,\"height\":1000},{\"@type\":\"BreadcrumbList\",\"@id\":\"https:\\\/\\\/vitablanca.ma\\\/produit\\\/phytocapill-baume-apres-shampooing-cheveux-secs-200ml\\\/#breadcrumb\",\"itemListElement\":[{\"@type\":\"ListItem\",\"position\":1,\"name\":\"Home\",\"item\":\"https:\\\/\\\/vitablanca.ma\\\/\"},{\"@type\":\"ListItem\",\"position\":2,\"name\":\"Tous Les Produits\",\"item\":\"https:\\\/\\\/vitablanca.ma\\\/tous-les-produits\\\/\"},{\"@type\":\"ListItem\",\"position\":3,\"name\":\"Phytocapill baume Apres shampooing cheveux secs 200ml\"}]},{\"@type\":\"WebSite\",\"@id\":\"https:\\\/\\\/vitablanca.ma\\\/#website\",\"url\":\"https:\\\/\\\/vitablanca.ma\\\/\",\"name\":\"VitaBlanca.ma | Compl\u00e9ments alimentaires, sant\u00e9 & beaut\u00e9 au Maroc\",\"description\":\"vendre vitamines et compl\u00e9ments premium des USA &amp; Canada, Nouvelle Z\u00e9lande,Maroc (NOW Foods, Solgar, Manuka). Livraison rapide partout au Maroc.\",\"publisher\":{\"@id\":\"https:\\\/\\\/vitablanca.ma\\\/#organization\"},\"alternateName\":\"VitaBlanca.ma\",\"potentialAction\":[{\"@type\":\"SearchAction\",\"target\":{\"@type\":\"EntryPoint\",\"urlTemplate\":\"https:\\\/\\\/vitablanca.ma\\\/?s={search_term_string}\"},\"query-input\":{\"@type\":\"PropertyValueSpecification\",\"valueRequired\":true,\"valueName\":\"search_term_string\"}}],\"inLanguage\":\"en-US\"},{\"@type\":\"Organization\",\"@id\":\"https:\\\/\\\/vitablanca.ma\\\/#organization\",\"name\":\"VitaBlanca\",\"url\":\"https:\\\/\\\/vitablanca.ma\\\/\",\"logo\":{\"@type\":\"ImageObject\",\"inLanguage\":\"en-US\",\"@id\":\"https:\\\/\\\/vitablanca.ma\\\/#\\\/schema\\\/logo\\\/image\\\/\",\"url\":\"https:\\\/\\\/vitablanca.ma\\\/wp-content\\\/uploads\\\/2025\\\/05\\\/cropped-vitablanca.png\",\"contentUrl\":\"https:\\\/\\\/vitablanca.ma\\\/wp-content\\\/uploads\\\/2025\\\/05\\\/cropped-vitablanca.png\",\"width\":360,\"height\":67,\"caption\":\"VitaBlanca\"},\"image\":{\"@id\":\"https:\\\/\\\/vitablanca.ma\\\/#\\\/schema\\\/logo\\\/image\\\/\"},\"sameAs\":[\"https:\\\/\\\/www.facebook.com\\\/profile.php?id=61576678196717\",\"https:\\\/\\\/www.tiktok.com\\\/@vitablanca.ma\",\"https:\\\/\\\/www.instagram.com\\\/vitablanca.ma\\\/\"]}]}<\/script>\n<!-- \/ Yoast SEO plugin. -->","yoast_head_json":{"title":"Phytocapill Conditioner for Dry Hair 200ml - Morocco Price","description":"Phytocapill conditioner balm for dry hair 200ml","robots":{"index":"index","follow":"follow","max-snippet":"max-snippet:-1","max-image-preview":"max-image-preview:large","max-video-preview":"max-video-preview:-1"},"canonical":"https:\/\/vitablanca.ma\/en\/product\/phytocapill-baume-apres-shampooing-cheveux-secs-200ml\/","og_locale":"en_US","og_type":"article","og_title":"Phytocapill baume Apres shampooing cheveux secs 200ml - Maroc Prix","og_description":"Phytocapill baume Apres shampooing cheveux secs 200ml","og_url":"https:\/\/vitablanca.ma\/en\/product\/phytocapill-baume-apres-shampooing-cheveux-secs-200ml\/","og_site_name":"Vitablanca.ma &ndash; Sant&eacute;, vitalit&eacute; et bien-&ecirc;tre pour tous les Marocains","article_publisher":"https:\/\/www.facebook.com\/profile.php?id=61576678196717","og_image":[{"width":1000,"height":1000,"url":"https:\/\/vitablanca.ma\/wp-content\/uploads\/2025\/06\/Phytocapill-baume-Apres-shampooing-cheveux-secs-200ml-nova-prapharmacie-maroc.jpg","type":"image\/jpeg"}],"twitter_card":"summary_large_image","schema":{"@context":"https:\/\/schema.org","@graph":[{"@type":["WebPage","ItemPage"],"@id":"https:\/\/vitablanca.ma\/produit\/phytocapill-baume-apres-shampooing-cheveux-secs-200ml\/","url":"https:\/\/vitablanca.ma\/produit\/phytocapill-baume-apres-shampooing-cheveux-secs-200ml\/","name":"Phytocapill Conditioner for Dry Hair 200ml - Morocco Price","isPartOf":{"@id":"https:\/\/vitablanca.ma\/#website"},"primaryImageOfPage":{"@id":"https:\/\/vitablanca.ma\/produit\/phytocapill-baume-apres-shampooing-cheveux-secs-200ml\/#primaryimage"},"image":{"@id":"https:\/\/vitablanca.ma\/produit\/phytocapill-baume-apres-shampooing-cheveux-secs-200ml\/#primaryimage"},"thumbnailUrl":"https:\/\/vitablanca.ma\/wp-content\/uploads\/2025\/06\/Phytocapill-baume-Apres-shampooing-cheveux-secs-200ml-nova-prapharmacie-maroc.jpg","datePublished":"2025-06-10T15:57:10+00:00","description":"Phytocapill conditioner balm for dry hair 200ml","breadcrumb":{"@id":"https:\/\/vitablanca.ma\/produit\/phytocapill-baume-apres-shampooing-cheveux-secs-200ml\/#breadcrumb"},"inLanguage":"en-US","potentialAction":[{"@type":"ReadAction","target":["https:\/\/vitablanca.ma\/produit\/phytocapill-baume-apres-shampooing-cheveux-secs-200ml\/"]}]},{"@type":"ImageObject","inLanguage":"en-US","@id":"https:\/\/vitablanca.ma\/produit\/phytocapill-baume-apres-shampooing-cheveux-secs-200ml\/#primaryimage","url":"https:\/\/vitablanca.ma\/wp-content\/uploads\/2025\/06\/Phytocapill-baume-Apres-shampooing-cheveux-secs-200ml-nova-prapharmacie-maroc.jpg","contentUrl":"https:\/\/vitablanca.ma\/wp-content\/uploads\/2025\/06\/Phytocapill-baume-Apres-shampooing-cheveux-secs-200ml-nova-prapharmacie-maroc.jpg","width":1000,"height":1000},{"@type":"BreadcrumbList","@id":"https:\/\/vitablanca.ma\/produit\/phytocapill-baume-apres-shampooing-cheveux-secs-200ml\/#breadcrumb","itemListElement":[{"@type":"ListItem","position":1,"name":"Home","item":"https:\/\/vitablanca.ma\/"},{"@type":"ListItem","position":2,"name":"Tous Les Produits","item":"https:\/\/vitablanca.ma\/tous-les-produits\/"},{"@type":"ListItem","position":3,"name":"Phytocapill baume Apres shampooing cheveux secs 200ml"}]},{"@type":"WebSite","@id":"https:\/\/vitablanca.ma\/#website","url":"https:\/\/vitablanca.ma\/","name":"VitaBlanca.ma | Food supplements, health &amp; beauty in Morocco","description":"sell premium vitamins and supplements from USA &amp; Canada, New Zealand, Morocco (NOW Foods, Solgar, Manuka). Fast delivery anywhere in Morocco.","publisher":{"@id":"https:\/\/vitablanca.ma\/#organization"},"alternateName":"VitaBlanca.ma","potentialAction":[{"@type":"SearchAction","target":{"@type":"EntryPoint","urlTemplate":"https:\/\/vitablanca.ma\/?s={search_term_string}"},"query-input":{"@type":"PropertyValueSpecification","valueRequired":true,"valueName":"search_term_string"}}],"inLanguage":"en-US"},{"@type":"Organization","@id":"https:\/\/vitablanca.ma\/#organization","name":"VitaBlanca","url":"https:\/\/vitablanca.ma\/","logo":{"@type":"ImageObject","inLanguage":"en-US","@id":"https:\/\/vitablanca.ma\/#\/schema\/logo\/image\/","url":"https:\/\/vitablanca.ma\/wp-content\/uploads\/2025\/05\/cropped-vitablanca.png","contentUrl":"https:\/\/vitablanca.ma\/wp-content\/uploads\/2025\/05\/cropped-vitablanca.png","width":360,"height":67,"caption":"VitaBlanca"},"image":{"@id":"https:\/\/vitablanca.ma\/#\/schema\/logo\/image\/"},"sameAs":["https:\/\/www.facebook.com\/profile.php?id=61576678196717","https:\/\/www.tiktok.com\/@vitablanca.ma","https:\/\/www.instagram.com\/vitablanca.ma\/"]}]}},"jetpack_sharing_enabled":true,"_links":{"self":[{"href":"https:\/\/vitablanca.ma\/en\/wp-json\/wp\/v2\/product\/15413","targetHints":{"allow":["GET"]}}],"collection":[{"href":"https:\/\/vitablanca.ma\/en\/wp-json\/wp\/v2\/product"}],"about":[{"href":"https:\/\/vitablanca.ma\/en\/wp-json\/wp\/v2\/types\/product"}],"wp:featuredmedia":[{"embeddable":true,"href":"https:\/\/vitablanca.ma\/en\/wp-json\/wp\/v2\/media\/15412"}],"wp:attachment":[{"href":"https:\/\/vitablanca.ma\/en\/wp-json\/wp\/v2\/media?parent=15413"}],"wp:term":[{"taxonomy":"product_brand","embeddable":true,"href":"https:\/\/vitablanca.ma\/en\/wp-json\/wp\/v2\/product_brand?post=15413"},{"taxonomy":"product_cat","embeddable":true,"href":"https:\/\/vitablanca.ma\/en\/wp-json\/wp\/v2\/product_cat?post=15413"},{"taxonomy":"product_tag","embeddable":true,"href":"https:\/\/vitablanca.ma\/en\/wp-json\/wp\/v2\/product_tag?post=15413"}],"curies":[{"name":"wp","href":"https:\/\/api.w.org\/{rel}","templated":true}]}}