{"id":15292,"date":"2025-06-10T15:55:07","date_gmt":"2025-06-10T15:55:07","guid":{"rendered":"https:\/\/vitablanca.ma\/product\/avene-hydrance-optimale-riche-creme-hydratante-40ml\/"},"modified":"2025-07-13T17:15:11","modified_gmt":"2025-07-13T17:15:11","slug":"avene-hydrance-optimale-riche-creme-hydratante-40ml","status":"publish","type":"product","link":"https:\/\/vitablanca.ma\/en\/product\/avene-hydrance-optimale-riche-creme-hydratante-40ml\/","title":{"rendered":"Av\u00e8ne Hydrance Optimale Rich Moisturizing Cream 40ml"},"content":{"rendered":"<h2>Av\u00e8ne Hydrance Optimale Rich Moisturizing Cream.<\/h2>\n<p><span>A thermal water refill for long-lasting hydration! Its creamy, nourishing texture with a velvety finish leaves skin comfortable, supple, and luminous all day long.<br \/><\/span>40ml.<\/p>\n<h3><strong>Description:<\/strong><\/h3>\n<p>Hydrance RICHE Moisturizing Cream is particularly suitable for sensitive, dry to very dry skin.<\/p>\n<p>Hydrance Riche Moisturizing Cream provides 24h* of continuous hydration.<br \/>Day after day, the skin is visibly:<br \/>Soothed: 98%**<br \/>Brighter: 95%**<br \/>More flexible: 98%**<\/p>\n<p><em>*<\/em>IH kinetics, 16 subjects, single application.<br \/>**Satisfaction assessed on 67 subjects, 1 to 2 applications per day for 21 days.<\/p>\n<p>Thanks to its patented Cohederm complex*, Hydrance Riche Moisturizing Cream:<\/p>\n<p>-intensely hydrates** the skin,<br \/>-soothes it lastingly by recreating the natural water reservoirs which concentrate Av\u00e8ne Thermal Spring Water, anti-irritant.<br \/>Its creamy and nourishing texture quenches the skin upon application and provides comfort, suppleness and radiance throughout the day.<br \/>Lastingly hydrated, the skin regains all its freshness day after day.<\/p>\n<p>*Patent filed.<br \/>**Hydration of the upper layers of the skin.<\/p>\n<h3><strong>Skincare routine<\/strong><\/h3>\n<p>Apply the Moisturizing Emulsion or Moisturizing Cream morning and\/or evening to the face, neck and d\u00e9collet\u00e9.<br \/>Also available in UV SPF30 version.<\/p>\n<h3><strong>Ingredients<\/strong><\/h3>\n<p>AVENE THERMAL SPRING WATER (AVENE AQUA). MINERAL OIL (PARAFFINUM LIQUIDUM). GLYCERIN. ISOHEXADECANE. DIMETHICONE. CETEARYL ALCOHOL. CARTHAMUS TINCTORIUS (SAFFLOWER) SEED OIL (CARTHAMUS TINCTORIUS SEED OIL). ISOCETYL STEAROYL STEARATE. TRIETHYLHEXANOIN. GLYCERYL STEARATE. PEG-100 STEARATE. 1,2-HEXANEDIOL. BUTYROSPERMUM PARKII (SHEA) BUTTER (BUTYROSPERMUM PARKII BUTTER). CETEARYL GLUCOSIDE. BENZOIC ACID. FRAGRANCE (PERFUME). PHYTOSTEROLS. POLYACRYLATE-13. POLYISOBUTENE. POLYSORBATE 20. SODIUM HYDROXIDE. SORBITAN ISOSTEARATE. WATER (AQUA). XANTHAN GUM.<\/p>","protected":false},"excerpt":{"rendered":"<p>Av\u00e8ne Hydrance Optimale Riche Cr\u00e8me Hydratante. Une recharge d\u2019eau thermale pour une peau durablement hydrat\u00e9e ! Sa texture onctueuse et nutritive, au fini velout\u00e9 laisse la peau confortable, souple et lumineuse toute la journ\u00e9e.40ml. Description: Hydrance RICHE Cr\u00e8me hydratante est particuli\u00e8rement indiqu\u00e9e pour les peaux sensibles s\u00e8ches \u00e0 tr\u00e8s s\u00e8ches. Hydrance Riche Cr\u00e8me hydratante offre [&hellip;]<\/p>\n","protected":false},"featured_media":15287,"template":"","meta":{"om_disable_all_campaigns":false},"product_brand":[2793],"product_cat":[18,15],"product_tag":[3265,3266,3267],"class_list":{"0":"post-15292","1":"product","2":"type-product","3":"status-publish","4":"has-post-thumbnail","6":"product_brand-avene-prix-maroc","7":"product_cat-beaute-sante","8":"product_cat-beaute-sante-complements-alimentaires-soins-et-bien-etre-au-meilleur-prix","9":"product_tag-avene","10":"product_tag-avene-maroc","11":"product_tag-avene-morocco","13":"first","14":"instock","15":"sale","16":"taxable","17":"shipping-taxable","18":"purchasable","19":"product-type-simple"},"yoast_head":"<!-- This site is optimized with the Yoast SEO plugin v27.4 - https:\/\/yoast.com\/product\/yoast-seo-wordpress\/ -->\n<title>Av\u00e8ne Hydrance Optimale Riche Cr\u00e8me Hydratante 40ml - Maroc Prix<\/title>\n<meta name=\"description\" content=\"Av\u00e8ne Hydrance Optimale Riche Cr\u00e8me Hydratante 40ml\" \/>\n<meta name=\"robots\" content=\"index, follow, max-snippet:-1, max-image-preview:large, max-video-preview:-1\" \/>\n<link rel=\"canonical\" href=\"https:\/\/vitablanca.ma\/en\/product\/avene-hydrance-optimale-riche-creme-hydratante-40ml\/\" \/>\n<meta property=\"og:locale\" content=\"en_US\" \/>\n<meta property=\"og:type\" content=\"article\" \/>\n<meta property=\"og:title\" content=\"Av\u00e8ne Hydrance Optimale Riche Cr\u00e8me Hydratante 40ml - Maroc Prix\" \/>\n<meta property=\"og:description\" content=\"Av\u00e8ne Hydrance Optimale Riche Cr\u00e8me Hydratante 40ml\" \/>\n<meta property=\"og:url\" content=\"https:\/\/vitablanca.ma\/en\/product\/avene-hydrance-optimale-riche-creme-hydratante-40ml\/\" \/>\n<meta property=\"og:site_name\" content=\"Vitablanca.ma &ndash; Sant&eacute;, vitalit&eacute; et bien-&ecirc;tre pour tous les Marocains\" \/>\n<meta property=\"article:publisher\" content=\"https:\/\/www.facebook.com\/profile.php?id=61576678196717\" \/>\n<meta property=\"article:modified_time\" content=\"2025-07-13T17:15:11+00:00\" \/>\n<meta property=\"og:image\" content=\"https:\/\/vitablanca.ma\/wp-content\/uploads\/2025\/06\/Avene-Hydrance-Optimale-Riche-Creme-Hydratante-40ml-nova-parapharmacie-casablanca.jpg\" \/>\n\t<meta property=\"og:image:width\" content=\"1000\" \/>\n\t<meta property=\"og:image:height\" content=\"1000\" \/>\n\t<meta property=\"og:image:type\" content=\"image\/jpeg\" \/>\n<meta name=\"twitter:card\" content=\"summary_large_image\" \/>\n<meta name=\"twitter:label1\" content=\"Est. reading time\" \/>\n\t<meta name=\"twitter:data1\" content=\"1 minute\" \/>\n<script type=\"application\/ld+json\" class=\"yoast-schema-graph\">{\"@context\":\"https:\\\/\\\/schema.org\",\"@graph\":[{\"@type\":[\"WebPage\",\"ItemPage\"],\"@id\":\"https:\\\/\\\/vitablanca.ma\\\/produit\\\/avene-hydrance-optimale-riche-creme-hydratante-40ml\\\/\",\"url\":\"https:\\\/\\\/vitablanca.ma\\\/produit\\\/avene-hydrance-optimale-riche-creme-hydratante-40ml\\\/\",\"name\":\"Av\u00e8ne Hydrance Optimale Riche Cr\u00e8me Hydratante 40ml - Maroc Prix\",\"isPartOf\":{\"@id\":\"https:\\\/\\\/vitablanca.ma\\\/#website\"},\"primaryImageOfPage\":{\"@id\":\"https:\\\/\\\/vitablanca.ma\\\/produit\\\/avene-hydrance-optimale-riche-creme-hydratante-40ml\\\/#primaryimage\"},\"image\":{\"@id\":\"https:\\\/\\\/vitablanca.ma\\\/produit\\\/avene-hydrance-optimale-riche-creme-hydratante-40ml\\\/#primaryimage\"},\"thumbnailUrl\":\"https:\\\/\\\/vitablanca.ma\\\/wp-content\\\/uploads\\\/2025\\\/06\\\/Avene-Hydrance-Optimale-Riche-Creme-Hydratante-40ml-nova-parapharmacie-casablanca.jpg\",\"datePublished\":\"2025-06-10T15:55:07+00:00\",\"dateModified\":\"2025-07-13T17:15:11+00:00\",\"description\":\"Av\u00e8ne Hydrance Optimale Riche Cr\u00e8me Hydratante 40ml\",\"breadcrumb\":{\"@id\":\"https:\\\/\\\/vitablanca.ma\\\/produit\\\/avene-hydrance-optimale-riche-creme-hydratante-40ml\\\/#breadcrumb\"},\"inLanguage\":\"en-US\",\"potentialAction\":[{\"@type\":\"ReadAction\",\"target\":[\"https:\\\/\\\/vitablanca.ma\\\/produit\\\/avene-hydrance-optimale-riche-creme-hydratante-40ml\\\/\"]}]},{\"@type\":\"ImageObject\",\"inLanguage\":\"en-US\",\"@id\":\"https:\\\/\\\/vitablanca.ma\\\/produit\\\/avene-hydrance-optimale-riche-creme-hydratante-40ml\\\/#primaryimage\",\"url\":\"https:\\\/\\\/vitablanca.ma\\\/wp-content\\\/uploads\\\/2025\\\/06\\\/Avene-Hydrance-Optimale-Riche-Creme-Hydratante-40ml-nova-parapharmacie-casablanca.jpg\",\"contentUrl\":\"https:\\\/\\\/vitablanca.ma\\\/wp-content\\\/uploads\\\/2025\\\/06\\\/Avene-Hydrance-Optimale-Riche-Creme-Hydratante-40ml-nova-parapharmacie-casablanca.jpg\",\"width\":1000,\"height\":1000},{\"@type\":\"BreadcrumbList\",\"@id\":\"https:\\\/\\\/vitablanca.ma\\\/produit\\\/avene-hydrance-optimale-riche-creme-hydratante-40ml\\\/#breadcrumb\",\"itemListElement\":[{\"@type\":\"ListItem\",\"position\":1,\"name\":\"Home\",\"item\":\"https:\\\/\\\/vitablanca.ma\\\/\"},{\"@type\":\"ListItem\",\"position\":2,\"name\":\"Tous Les Produits\",\"item\":\"https:\\\/\\\/vitablanca.ma\\\/tous-les-produits\\\/\"},{\"@type\":\"ListItem\",\"position\":3,\"name\":\"Av\u00e8ne Hydrance Optimale Riche Cr\u00e8me Hydratante 40ml\"}]},{\"@type\":\"WebSite\",\"@id\":\"https:\\\/\\\/vitablanca.ma\\\/#website\",\"url\":\"https:\\\/\\\/vitablanca.ma\\\/\",\"name\":\"VitaBlanca.ma | Compl\u00e9ments alimentaires, sant\u00e9 & beaut\u00e9 au Maroc\",\"description\":\"vendre vitamines et compl\u00e9ments premium des USA &amp; Canada, Nouvelle Z\u00e9lande,Maroc (NOW Foods, Solgar, Manuka). Livraison rapide partout au Maroc.\",\"publisher\":{\"@id\":\"https:\\\/\\\/vitablanca.ma\\\/#organization\"},\"alternateName\":\"VitaBlanca.ma\",\"potentialAction\":[{\"@type\":\"SearchAction\",\"target\":{\"@type\":\"EntryPoint\",\"urlTemplate\":\"https:\\\/\\\/vitablanca.ma\\\/?s={search_term_string}\"},\"query-input\":{\"@type\":\"PropertyValueSpecification\",\"valueRequired\":true,\"valueName\":\"search_term_string\"}}],\"inLanguage\":\"en-US\"},{\"@type\":\"Organization\",\"@id\":\"https:\\\/\\\/vitablanca.ma\\\/#organization\",\"name\":\"VitaBlanca\",\"url\":\"https:\\\/\\\/vitablanca.ma\\\/\",\"logo\":{\"@type\":\"ImageObject\",\"inLanguage\":\"en-US\",\"@id\":\"https:\\\/\\\/vitablanca.ma\\\/#\\\/schema\\\/logo\\\/image\\\/\",\"url\":\"https:\\\/\\\/vitablanca.ma\\\/wp-content\\\/uploads\\\/2025\\\/05\\\/cropped-vitablanca.png\",\"contentUrl\":\"https:\\\/\\\/vitablanca.ma\\\/wp-content\\\/uploads\\\/2025\\\/05\\\/cropped-vitablanca.png\",\"width\":360,\"height\":67,\"caption\":\"VitaBlanca\"},\"image\":{\"@id\":\"https:\\\/\\\/vitablanca.ma\\\/#\\\/schema\\\/logo\\\/image\\\/\"},\"sameAs\":[\"https:\\\/\\\/www.facebook.com\\\/profile.php?id=61576678196717\",\"https:\\\/\\\/www.tiktok.com\\\/@vitablanca.ma\",\"https:\\\/\\\/www.instagram.com\\\/vitablanca.ma\\\/\"]}]}<\/script>\n<!-- \/ Yoast SEO plugin. -->","yoast_head_json":{"title":"Av\u00e8ne Hydrance Optimale Rich Moisturizing Cream 40ml - Morocco Price","description":"Av\u00e8ne Hydrance Optimale Rich Moisturizing Cream 40ml","robots":{"index":"index","follow":"follow","max-snippet":"max-snippet:-1","max-image-preview":"max-image-preview:large","max-video-preview":"max-video-preview:-1"},"canonical":"https:\/\/vitablanca.ma\/en\/product\/avene-hydrance-optimale-riche-creme-hydratante-40ml\/","og_locale":"en_US","og_type":"article","og_title":"Av\u00e8ne Hydrance Optimale Riche Cr\u00e8me Hydratante 40ml - Maroc Prix","og_description":"Av\u00e8ne Hydrance Optimale Riche Cr\u00e8me Hydratante 40ml","og_url":"https:\/\/vitablanca.ma\/en\/product\/avene-hydrance-optimale-riche-creme-hydratante-40ml\/","og_site_name":"Vitablanca.ma &ndash; Sant&eacute;, vitalit&eacute; et bien-&ecirc;tre pour tous les Marocains","article_publisher":"https:\/\/www.facebook.com\/profile.php?id=61576678196717","article_modified_time":"2025-07-13T17:15:11+00:00","og_image":[{"width":1000,"height":1000,"url":"https:\/\/vitablanca.ma\/wp-content\/uploads\/2025\/06\/Avene-Hydrance-Optimale-Riche-Creme-Hydratante-40ml-nova-parapharmacie-casablanca.jpg","type":"image\/jpeg"}],"twitter_card":"summary_large_image","twitter_misc":{"Est. reading time":"1 minute"},"schema":{"@context":"https:\/\/schema.org","@graph":[{"@type":["WebPage","ItemPage"],"@id":"https:\/\/vitablanca.ma\/produit\/avene-hydrance-optimale-riche-creme-hydratante-40ml\/","url":"https:\/\/vitablanca.ma\/produit\/avene-hydrance-optimale-riche-creme-hydratante-40ml\/","name":"Av\u00e8ne Hydrance Optimale Rich Moisturizing Cream 40ml - Morocco Price","isPartOf":{"@id":"https:\/\/vitablanca.ma\/#website"},"primaryImageOfPage":{"@id":"https:\/\/vitablanca.ma\/produit\/avene-hydrance-optimale-riche-creme-hydratante-40ml\/#primaryimage"},"image":{"@id":"https:\/\/vitablanca.ma\/produit\/avene-hydrance-optimale-riche-creme-hydratante-40ml\/#primaryimage"},"thumbnailUrl":"https:\/\/vitablanca.ma\/wp-content\/uploads\/2025\/06\/Avene-Hydrance-Optimale-Riche-Creme-Hydratante-40ml-nova-parapharmacie-casablanca.jpg","datePublished":"2025-06-10T15:55:07+00:00","dateModified":"2025-07-13T17:15:11+00:00","description":"Av\u00e8ne Hydrance Optimale Rich Moisturizing Cream 40ml","breadcrumb":{"@id":"https:\/\/vitablanca.ma\/produit\/avene-hydrance-optimale-riche-creme-hydratante-40ml\/#breadcrumb"},"inLanguage":"en-US","potentialAction":[{"@type":"ReadAction","target":["https:\/\/vitablanca.ma\/produit\/avene-hydrance-optimale-riche-creme-hydratante-40ml\/"]}]},{"@type":"ImageObject","inLanguage":"en-US","@id":"https:\/\/vitablanca.ma\/produit\/avene-hydrance-optimale-riche-creme-hydratante-40ml\/#primaryimage","url":"https:\/\/vitablanca.ma\/wp-content\/uploads\/2025\/06\/Avene-Hydrance-Optimale-Riche-Creme-Hydratante-40ml-nova-parapharmacie-casablanca.jpg","contentUrl":"https:\/\/vitablanca.ma\/wp-content\/uploads\/2025\/06\/Avene-Hydrance-Optimale-Riche-Creme-Hydratante-40ml-nova-parapharmacie-casablanca.jpg","width":1000,"height":1000},{"@type":"BreadcrumbList","@id":"https:\/\/vitablanca.ma\/produit\/avene-hydrance-optimale-riche-creme-hydratante-40ml\/#breadcrumb","itemListElement":[{"@type":"ListItem","position":1,"name":"Home","item":"https:\/\/vitablanca.ma\/"},{"@type":"ListItem","position":2,"name":"Tous Les Produits","item":"https:\/\/vitablanca.ma\/tous-les-produits\/"},{"@type":"ListItem","position":3,"name":"Av\u00e8ne Hydrance Optimale Riche Cr\u00e8me Hydratante 40ml"}]},{"@type":"WebSite","@id":"https:\/\/vitablanca.ma\/#website","url":"https:\/\/vitablanca.ma\/","name":"VitaBlanca.ma | Food supplements, health &amp; beauty in Morocco","description":"sell premium vitamins and supplements from USA &amp; Canada, New Zealand, Morocco (NOW Foods, Solgar, Manuka). Fast delivery anywhere in Morocco.","publisher":{"@id":"https:\/\/vitablanca.ma\/#organization"},"alternateName":"VitaBlanca.ma","potentialAction":[{"@type":"SearchAction","target":{"@type":"EntryPoint","urlTemplate":"https:\/\/vitablanca.ma\/?s={search_term_string}"},"query-input":{"@type":"PropertyValueSpecification","valueRequired":true,"valueName":"search_term_string"}}],"inLanguage":"en-US"},{"@type":"Organization","@id":"https:\/\/vitablanca.ma\/#organization","name":"VitaBlanca","url":"https:\/\/vitablanca.ma\/","logo":{"@type":"ImageObject","inLanguage":"en-US","@id":"https:\/\/vitablanca.ma\/#\/schema\/logo\/image\/","url":"https:\/\/vitablanca.ma\/wp-content\/uploads\/2025\/05\/cropped-vitablanca.png","contentUrl":"https:\/\/vitablanca.ma\/wp-content\/uploads\/2025\/05\/cropped-vitablanca.png","width":360,"height":67,"caption":"VitaBlanca"},"image":{"@id":"https:\/\/vitablanca.ma\/#\/schema\/logo\/image\/"},"sameAs":["https:\/\/www.facebook.com\/profile.php?id=61576678196717","https:\/\/www.tiktok.com\/@vitablanca.ma","https:\/\/www.instagram.com\/vitablanca.ma\/"]}]}},"jetpack_sharing_enabled":true,"_links":{"self":[{"href":"https:\/\/vitablanca.ma\/en\/wp-json\/wp\/v2\/product\/15292","targetHints":{"allow":["GET"]}}],"collection":[{"href":"https:\/\/vitablanca.ma\/en\/wp-json\/wp\/v2\/product"}],"about":[{"href":"https:\/\/vitablanca.ma\/en\/wp-json\/wp\/v2\/types\/product"}],"wp:featuredmedia":[{"embeddable":true,"href":"https:\/\/vitablanca.ma\/en\/wp-json\/wp\/v2\/media\/15287"}],"wp:attachment":[{"href":"https:\/\/vitablanca.ma\/en\/wp-json\/wp\/v2\/media?parent=15292"}],"wp:term":[{"taxonomy":"product_brand","embeddable":true,"href":"https:\/\/vitablanca.ma\/en\/wp-json\/wp\/v2\/product_brand?post=15292"},{"taxonomy":"product_cat","embeddable":true,"href":"https:\/\/vitablanca.ma\/en\/wp-json\/wp\/v2\/product_cat?post=15292"},{"taxonomy":"product_tag","embeddable":true,"href":"https:\/\/vitablanca.ma\/en\/wp-json\/wp\/v2\/product_tag?post=15292"}],"curies":[{"name":"wp","href":"https:\/\/api.w.org\/{rel}","templated":true}]}}