{"id":15277,"date":"2025-06-10T15:54:54","date_gmt":"2025-06-10T15:54:54","guid":{"rendered":"https:\/\/vitablanca.ma\/product\/avene-xeracalm-a-d-creme-relipidante-200ml\/"},"modified":"2025-07-13T17:15:12","modified_gmt":"2025-07-13T17:15:12","slug":"avene-xeracalm-a-d-creme-relipidante-200ml","status":"publish","type":"product","link":"https:\/\/vitablanca.ma\/en\/product\/avene-xeracalm-a-d-creme-relipidante-200ml\/","title":{"rendered":"Av\u00e8ne XeraCalm AD Lipid-Replenishing Cream 200ml"},"content":{"rendered":"<h2>Av\u00e8ne XeraCalm AD Lipid-replenishing cream<span data-mce-fragment=\"1\">\u00a0for very dry skin prone to atopic eczema and itching.<\/span><br \/>\n<\/h2>\n<p><span data-mce-fragment=\"1\">Anti-itch \u2013 0% Preservative \u2013 Non-comedogenic.<br \/>200ml.<\/span><\/p>\n<p><span data-mce-fragment=\"1\">XeraCalm AD Lipid-Replenishing Cream soothes very dry skin prone to atopic eczema and itching thanks to the combination of exceptional active ingredients chosen for their effectiveness and safety. I-modulia\u00ae, the first postbiotic active ingredient derived from Av\u00e8ne thermal spring water, reduces itching*, stimulates the skin&#039;s defenses and fights irritation. Cer-omega, lipids similar to those of the skin, act on dryness and restore the skin barrier. Thanks to Sterile Cosmetics\u00ae, a unique technology that keeps the product sterile throughout its use and its perfectly airtight pump tube, this high-performance treatment guarantees safety and optimal respect for the skin and the skin microbiome. Preservative-free, fragrance-free, non-comedogenic and developed to minimize the risk of allergic reactions, XeraCalm AD Lipid-Replenishing Cream is ideal for the skin of infants, children and adults.<\/span><\/p>\n<p class=\"style-1\">Ideal for:\u00a0<span>Family<\/span><\/p>\n<p class=\"style-1\">Skin type:\u00a0<span>Dry skin, itchy sensations, itchy skin<\/span><\/p>\n<p class=\"style-1\">Need:\u00a0<span>Anti-irritation, anti-itching, lipid-replenishing<\/span><\/p>\n<div class=\"block-content-heading\">\n<h3 id=\"\" class=\"\">Advantage<\/h3>\n<\/div>\n<p>A lipid-replenishing cream that restores the skin&#039;s barrier function and skin comfort.<\/p>\n<div class=\"block-content-heading\">\n<h3 id=\"\" class=\"\">Benefits<\/h3>\n<\/div>\n<p>\u2022 ANTI-ITCHING: effectiveness recognized by dermatologists from the European Forum of Dermatology in the management of atopic eczema (\u201cEmollient PLUS**\u201d category).<br \/>\u2022 LIPID REFRESHING: relieves very dry skin prone to atopic eczema and itching.<br \/>\u2022 SOOTHING thanks to Av\u00e8ne Thermal Spring Water.<\/p>\n<div class=\"app-step__item anm animated\">\n<div class=\"app-step__title\">\n<h3 id=\"\" class=\"style-1\">Directions for use<\/h3>\n<\/div>\n<div class=\"app-step__description\">\n<p>Place the cream in the palm of your hand and spread it all over your body.<\/p>\n<\/div>\n<\/div>\n<div class=\"app-step__item anm animated\">\n<div class=\"app-step__title\">\n<h3 id=\"\" class=\"style-1\">Expert Tip<\/h3>\n<\/div>\n<div class=\"app-step__description\">\n<p>For a smooth application, first spread the cream in your hands and then spread it all over your body using the entire surface of your hands using broad strokes. Avoid rubbing the skin to avoid irritation.<\/p>\n<\/div>\n<\/div>","protected":false},"excerpt":{"rendered":"<p>Av\u00e8ne XeraCalm A.D Cr\u00e8me relipidante\u00a0pour les peaux tr\u00e8s s\u00e8ches sujettes \u00e0 l&rsquo;ecz\u00e9ma atopique et aux d\u00e9mangeaisons. Anti-d\u00e9mangeaisons &#8211; 0% Conservateur &#8211; Non com\u00e9dog\u00e8ne.200ml. XeraCalm A.D cr\u00e8me relipidante soulage les peaux tr\u00e8s s\u00e8ches sujettes \u00e0 l\u2019ecz\u00e9ma atopique et aux d\u00e9mangeaisons gr\u00e2ce \u00e0 l\u2019association d\u2019actifs d\u2019exception choisis pour leur efficacit\u00e9 et leur innocuit\u00e9. I-modulia\u00ae, 1er actif postbiotique [&hellip;]<\/p>\n","protected":false},"featured_media":15274,"template":"","meta":{"om_disable_all_campaigns":false},"product_brand":[2793],"product_cat":[18,15],"product_tag":[3265,3266,3267],"class_list":{"0":"post-15277","1":"product","2":"type-product","3":"status-publish","4":"has-post-thumbnail","6":"product_brand-avene-prix-maroc","7":"product_cat-beaute-sante","8":"product_cat-beaute-sante-complements-alimentaires-soins-et-bien-etre-au-meilleur-prix","9":"product_tag-avene","10":"product_tag-avene-maroc","11":"product_tag-avene-morocco","13":"first","14":"instock","15":"sale","16":"taxable","17":"shipping-taxable","18":"purchasable","19":"product-type-simple"},"yoast_head":"<!-- This site is optimized with the Yoast SEO plugin v27.4 - https:\/\/yoast.com\/product\/yoast-seo-wordpress\/ -->\n<title>Av\u00e8ne XeraCalm A.D Cr\u00e8me Relipidante 200ml - Maroc Prix<\/title>\n<meta name=\"description\" content=\"Av\u00e8ne XeraCalm A.D Cr\u00e8me Relipidante 200ml\" \/>\n<meta name=\"robots\" content=\"index, follow, max-snippet:-1, max-image-preview:large, max-video-preview:-1\" \/>\n<link rel=\"canonical\" href=\"https:\/\/vitablanca.ma\/en\/product\/avene-xeracalm-a-d-creme-relipidante-200ml\/\" \/>\n<meta property=\"og:locale\" content=\"en_US\" \/>\n<meta property=\"og:type\" content=\"article\" \/>\n<meta property=\"og:title\" content=\"Av\u00e8ne XeraCalm A.D Cr\u00e8me Relipidante 200ml - Maroc Prix\" \/>\n<meta property=\"og:description\" content=\"Av\u00e8ne XeraCalm A.D Cr\u00e8me Relipidante 200ml\" \/>\n<meta property=\"og:url\" content=\"https:\/\/vitablanca.ma\/en\/product\/avene-xeracalm-a-d-creme-relipidante-200ml\/\" \/>\n<meta property=\"og:site_name\" content=\"Vitablanca.ma &ndash; Sant&eacute;, vitalit&eacute; et bien-&ecirc;tre pour tous les Marocains\" \/>\n<meta property=\"article:publisher\" content=\"https:\/\/www.facebook.com\/profile.php?id=61576678196717\" \/>\n<meta property=\"article:modified_time\" content=\"2025-07-13T17:15:12+00:00\" \/>\n<meta property=\"og:image\" content=\"https:\/\/vitablanca.ma\/wp-content\/uploads\/2025\/06\/Avene-XeraCalm-A.D-Creme-relipidante-200ml-nova-parapharmacie-casablanca.jpg\" \/>\n\t<meta property=\"og:image:width\" content=\"1000\" \/>\n\t<meta property=\"og:image:height\" content=\"1000\" \/>\n\t<meta property=\"og:image:type\" content=\"image\/jpeg\" \/>\n<meta name=\"twitter:card\" content=\"summary_large_image\" \/>\n<meta name=\"twitter:label1\" content=\"Est. reading time\" \/>\n\t<meta name=\"twitter:data1\" content=\"2 minutes\" \/>\n<script type=\"application\/ld+json\" class=\"yoast-schema-graph\">{\"@context\":\"https:\\\/\\\/schema.org\",\"@graph\":[{\"@type\":[\"WebPage\",\"ItemPage\"],\"@id\":\"https:\\\/\\\/vitablanca.ma\\\/produit\\\/avene-xeracalm-a-d-creme-relipidante-200ml\\\/\",\"url\":\"https:\\\/\\\/vitablanca.ma\\\/produit\\\/avene-xeracalm-a-d-creme-relipidante-200ml\\\/\",\"name\":\"Av\u00e8ne XeraCalm A.D Cr\u00e8me Relipidante 200ml - Maroc Prix\",\"isPartOf\":{\"@id\":\"https:\\\/\\\/vitablanca.ma\\\/#website\"},\"primaryImageOfPage\":{\"@id\":\"https:\\\/\\\/vitablanca.ma\\\/produit\\\/avene-xeracalm-a-d-creme-relipidante-200ml\\\/#primaryimage\"},\"image\":{\"@id\":\"https:\\\/\\\/vitablanca.ma\\\/produit\\\/avene-xeracalm-a-d-creme-relipidante-200ml\\\/#primaryimage\"},\"thumbnailUrl\":\"https:\\\/\\\/vitablanca.ma\\\/wp-content\\\/uploads\\\/2025\\\/06\\\/Avene-XeraCalm-A.D-Creme-relipidante-200ml-nova-parapharmacie-casablanca.jpg\",\"datePublished\":\"2025-06-10T15:54:54+00:00\",\"dateModified\":\"2025-07-13T17:15:12+00:00\",\"description\":\"Av\u00e8ne XeraCalm A.D Cr\u00e8me Relipidante 200ml\",\"breadcrumb\":{\"@id\":\"https:\\\/\\\/vitablanca.ma\\\/produit\\\/avene-xeracalm-a-d-creme-relipidante-200ml\\\/#breadcrumb\"},\"inLanguage\":\"en-US\",\"potentialAction\":[{\"@type\":\"ReadAction\",\"target\":[\"https:\\\/\\\/vitablanca.ma\\\/produit\\\/avene-xeracalm-a-d-creme-relipidante-200ml\\\/\"]}]},{\"@type\":\"ImageObject\",\"inLanguage\":\"en-US\",\"@id\":\"https:\\\/\\\/vitablanca.ma\\\/produit\\\/avene-xeracalm-a-d-creme-relipidante-200ml\\\/#primaryimage\",\"url\":\"https:\\\/\\\/vitablanca.ma\\\/wp-content\\\/uploads\\\/2025\\\/06\\\/Avene-XeraCalm-A.D-Creme-relipidante-200ml-nova-parapharmacie-casablanca.jpg\",\"contentUrl\":\"https:\\\/\\\/vitablanca.ma\\\/wp-content\\\/uploads\\\/2025\\\/06\\\/Avene-XeraCalm-A.D-Creme-relipidante-200ml-nova-parapharmacie-casablanca.jpg\",\"width\":1000,\"height\":1000},{\"@type\":\"BreadcrumbList\",\"@id\":\"https:\\\/\\\/vitablanca.ma\\\/produit\\\/avene-xeracalm-a-d-creme-relipidante-200ml\\\/#breadcrumb\",\"itemListElement\":[{\"@type\":\"ListItem\",\"position\":1,\"name\":\"Home\",\"item\":\"https:\\\/\\\/vitablanca.ma\\\/\"},{\"@type\":\"ListItem\",\"position\":2,\"name\":\"Tous Les Produits\",\"item\":\"https:\\\/\\\/vitablanca.ma\\\/tous-les-produits\\\/\"},{\"@type\":\"ListItem\",\"position\":3,\"name\":\"Av\u00e8ne XeraCalm A.D Cr\u00e8me Relipidante 200ml\"}]},{\"@type\":\"WebSite\",\"@id\":\"https:\\\/\\\/vitablanca.ma\\\/#website\",\"url\":\"https:\\\/\\\/vitablanca.ma\\\/\",\"name\":\"VitaBlanca.ma | Compl\u00e9ments alimentaires, sant\u00e9 & beaut\u00e9 au Maroc\",\"description\":\"vendre vitamines et compl\u00e9ments premium des USA &amp; Canada, Nouvelle Z\u00e9lande,Maroc (NOW Foods, Solgar, Manuka). Livraison rapide partout au Maroc.\",\"publisher\":{\"@id\":\"https:\\\/\\\/vitablanca.ma\\\/#organization\"},\"alternateName\":\"VitaBlanca.ma\",\"potentialAction\":[{\"@type\":\"SearchAction\",\"target\":{\"@type\":\"EntryPoint\",\"urlTemplate\":\"https:\\\/\\\/vitablanca.ma\\\/?s={search_term_string}\"},\"query-input\":{\"@type\":\"PropertyValueSpecification\",\"valueRequired\":true,\"valueName\":\"search_term_string\"}}],\"inLanguage\":\"en-US\"},{\"@type\":\"Organization\",\"@id\":\"https:\\\/\\\/vitablanca.ma\\\/#organization\",\"name\":\"VitaBlanca\",\"url\":\"https:\\\/\\\/vitablanca.ma\\\/\",\"logo\":{\"@type\":\"ImageObject\",\"inLanguage\":\"en-US\",\"@id\":\"https:\\\/\\\/vitablanca.ma\\\/#\\\/schema\\\/logo\\\/image\\\/\",\"url\":\"https:\\\/\\\/vitablanca.ma\\\/wp-content\\\/uploads\\\/2025\\\/05\\\/cropped-vitablanca.png\",\"contentUrl\":\"https:\\\/\\\/vitablanca.ma\\\/wp-content\\\/uploads\\\/2025\\\/05\\\/cropped-vitablanca.png\",\"width\":360,\"height\":67,\"caption\":\"VitaBlanca\"},\"image\":{\"@id\":\"https:\\\/\\\/vitablanca.ma\\\/#\\\/schema\\\/logo\\\/image\\\/\"},\"sameAs\":[\"https:\\\/\\\/www.facebook.com\\\/profile.php?id=61576678196717\",\"https:\\\/\\\/www.tiktok.com\\\/@vitablanca.ma\",\"https:\\\/\\\/www.instagram.com\\\/vitablanca.ma\\\/\"]}]}<\/script>\n<!-- \/ Yoast SEO plugin. -->","yoast_head_json":{"title":"Av\u00e8ne XeraCalm AD Lipid-Replenishing Cream 200ml - Morocco Price","description":"Av\u00e8ne XeraCalm AD Lipid-Replenishing Cream 200ml","robots":{"index":"index","follow":"follow","max-snippet":"max-snippet:-1","max-image-preview":"max-image-preview:large","max-video-preview":"max-video-preview:-1"},"canonical":"https:\/\/vitablanca.ma\/en\/product\/avene-xeracalm-a-d-creme-relipidante-200ml\/","og_locale":"en_US","og_type":"article","og_title":"Av\u00e8ne XeraCalm A.D Cr\u00e8me Relipidante 200ml - Maroc Prix","og_description":"Av\u00e8ne XeraCalm A.D Cr\u00e8me Relipidante 200ml","og_url":"https:\/\/vitablanca.ma\/en\/product\/avene-xeracalm-a-d-creme-relipidante-200ml\/","og_site_name":"Vitablanca.ma &ndash; Sant&eacute;, vitalit&eacute; et bien-&ecirc;tre pour tous les Marocains","article_publisher":"https:\/\/www.facebook.com\/profile.php?id=61576678196717","article_modified_time":"2025-07-13T17:15:12+00:00","og_image":[{"width":1000,"height":1000,"url":"https:\/\/vitablanca.ma\/wp-content\/uploads\/2025\/06\/Avene-XeraCalm-A.D-Creme-relipidante-200ml-nova-parapharmacie-casablanca.jpg","type":"image\/jpeg"}],"twitter_card":"summary_large_image","twitter_misc":{"Est. reading time":"2 minutes"},"schema":{"@context":"https:\/\/schema.org","@graph":[{"@type":["WebPage","ItemPage"],"@id":"https:\/\/vitablanca.ma\/produit\/avene-xeracalm-a-d-creme-relipidante-200ml\/","url":"https:\/\/vitablanca.ma\/produit\/avene-xeracalm-a-d-creme-relipidante-200ml\/","name":"Av\u00e8ne XeraCalm AD Lipid-Replenishing Cream 200ml - Morocco Price","isPartOf":{"@id":"https:\/\/vitablanca.ma\/#website"},"primaryImageOfPage":{"@id":"https:\/\/vitablanca.ma\/produit\/avene-xeracalm-a-d-creme-relipidante-200ml\/#primaryimage"},"image":{"@id":"https:\/\/vitablanca.ma\/produit\/avene-xeracalm-a-d-creme-relipidante-200ml\/#primaryimage"},"thumbnailUrl":"https:\/\/vitablanca.ma\/wp-content\/uploads\/2025\/06\/Avene-XeraCalm-A.D-Creme-relipidante-200ml-nova-parapharmacie-casablanca.jpg","datePublished":"2025-06-10T15:54:54+00:00","dateModified":"2025-07-13T17:15:12+00:00","description":"Av\u00e8ne XeraCalm AD Lipid-Replenishing Cream 200ml","breadcrumb":{"@id":"https:\/\/vitablanca.ma\/produit\/avene-xeracalm-a-d-creme-relipidante-200ml\/#breadcrumb"},"inLanguage":"en-US","potentialAction":[{"@type":"ReadAction","target":["https:\/\/vitablanca.ma\/produit\/avene-xeracalm-a-d-creme-relipidante-200ml\/"]}]},{"@type":"ImageObject","inLanguage":"en-US","@id":"https:\/\/vitablanca.ma\/produit\/avene-xeracalm-a-d-creme-relipidante-200ml\/#primaryimage","url":"https:\/\/vitablanca.ma\/wp-content\/uploads\/2025\/06\/Avene-XeraCalm-A.D-Creme-relipidante-200ml-nova-parapharmacie-casablanca.jpg","contentUrl":"https:\/\/vitablanca.ma\/wp-content\/uploads\/2025\/06\/Avene-XeraCalm-A.D-Creme-relipidante-200ml-nova-parapharmacie-casablanca.jpg","width":1000,"height":1000},{"@type":"BreadcrumbList","@id":"https:\/\/vitablanca.ma\/produit\/avene-xeracalm-a-d-creme-relipidante-200ml\/#breadcrumb","itemListElement":[{"@type":"ListItem","position":1,"name":"Home","item":"https:\/\/vitablanca.ma\/"},{"@type":"ListItem","position":2,"name":"Tous Les Produits","item":"https:\/\/vitablanca.ma\/tous-les-produits\/"},{"@type":"ListItem","position":3,"name":"Av\u00e8ne XeraCalm A.D Cr\u00e8me Relipidante 200ml"}]},{"@type":"WebSite","@id":"https:\/\/vitablanca.ma\/#website","url":"https:\/\/vitablanca.ma\/","name":"VitaBlanca.ma | Food supplements, health &amp; beauty in Morocco","description":"sell premium vitamins and supplements from USA &amp; Canada, New Zealand, Morocco (NOW Foods, Solgar, Manuka). Fast delivery anywhere in Morocco.","publisher":{"@id":"https:\/\/vitablanca.ma\/#organization"},"alternateName":"VitaBlanca.ma","potentialAction":[{"@type":"SearchAction","target":{"@type":"EntryPoint","urlTemplate":"https:\/\/vitablanca.ma\/?s={search_term_string}"},"query-input":{"@type":"PropertyValueSpecification","valueRequired":true,"valueName":"search_term_string"}}],"inLanguage":"en-US"},{"@type":"Organization","@id":"https:\/\/vitablanca.ma\/#organization","name":"VitaBlanca","url":"https:\/\/vitablanca.ma\/","logo":{"@type":"ImageObject","inLanguage":"en-US","@id":"https:\/\/vitablanca.ma\/#\/schema\/logo\/image\/","url":"https:\/\/vitablanca.ma\/wp-content\/uploads\/2025\/05\/cropped-vitablanca.png","contentUrl":"https:\/\/vitablanca.ma\/wp-content\/uploads\/2025\/05\/cropped-vitablanca.png","width":360,"height":67,"caption":"VitaBlanca"},"image":{"@id":"https:\/\/vitablanca.ma\/#\/schema\/logo\/image\/"},"sameAs":["https:\/\/www.facebook.com\/profile.php?id=61576678196717","https:\/\/www.tiktok.com\/@vitablanca.ma","https:\/\/www.instagram.com\/vitablanca.ma\/"]}]}},"jetpack_sharing_enabled":true,"_links":{"self":[{"href":"https:\/\/vitablanca.ma\/en\/wp-json\/wp\/v2\/product\/15277","targetHints":{"allow":["GET"]}}],"collection":[{"href":"https:\/\/vitablanca.ma\/en\/wp-json\/wp\/v2\/product"}],"about":[{"href":"https:\/\/vitablanca.ma\/en\/wp-json\/wp\/v2\/types\/product"}],"wp:featuredmedia":[{"embeddable":true,"href":"https:\/\/vitablanca.ma\/en\/wp-json\/wp\/v2\/media\/15274"}],"wp:attachment":[{"href":"https:\/\/vitablanca.ma\/en\/wp-json\/wp\/v2\/media?parent=15277"}],"wp:term":[{"taxonomy":"product_brand","embeddable":true,"href":"https:\/\/vitablanca.ma\/en\/wp-json\/wp\/v2\/product_brand?post=15277"},{"taxonomy":"product_cat","embeddable":true,"href":"https:\/\/vitablanca.ma\/en\/wp-json\/wp\/v2\/product_cat?post=15277"},{"taxonomy":"product_tag","embeddable":true,"href":"https:\/\/vitablanca.ma\/en\/wp-json\/wp\/v2\/product_tag?post=15277"}],"curies":[{"name":"wp","href":"https:\/\/api.w.org\/{rel}","templated":true}]}}