{"id":15256,"date":"2025-06-10T15:54:35","date_gmt":"2025-06-10T15:54:35","guid":{"rendered":"https:\/\/vitablanca.ma\/product\/acm-duolys-c-e-serum-intensif-anti-oxydant-tous-types-de-peaux-15ml\/"},"modified":"2025-06-10T15:54:35","modified_gmt":"2025-06-10T15:54:35","slug":"acm-duolys-c-e-serum-intensif-anti-oxydant-tous-types-de-peaux-15ml","status":"publish","type":"product","link":"https:\/\/vitablanca.ma\/en\/product\/acm-duolys-c-e-serum-intensif-anti-oxydant-tous-types-de-peaux-15ml\/","title":{"rendered":"Acm Duolys CE Intensive Anti-Oxidant Serum All Skin Types 15ml"},"content":{"rendered":"<h2>Acm Duolys CE Intensive Anti-Oxidant Serum for All Skin Types\u00a0<span data-mce-fragment=\"1\">helps fight all signs of aging simultaneously\u00a0<\/span><br \/>\n<\/h2>\n<div class=\"product-description\" id=\"product-description-42\">\n<p><strong>THE BEST ALLY FOR DULL SKIN, THIS SERUM OFFERS UNRIVALED EFFECTIVENESS THANKS TO A HIGH CONTENT OF PURE VITAMIN C, A POWERFUL ANTI-OXIDANT. FOR THOSE 30 AND OVER.<\/strong><\/p>\n<p>Its dual, compartmentalized formula allows Duolys CE to simultaneously combat all signs of aging: wrinkles and fine lines, loss of firmness, brown spots, and lack of radiance. Pure vitamin C, dosed at 15 %, helps block free radicals, boost collagen production, and revive the complexion&#039;s radiance. To maintain its stability, vitamin C is isolated in a compartment that protects it. Each active ingredient thus delivers the full power of its anti-aging action on the face, neck, and d\u00e9collet\u00e9, while respecting even the most fragile skin.<\/p>\n<p>The complexion is even and luminous, wrinkles fade, and the face is enhanced.<\/p>\n<\/div>","protected":false},"excerpt":{"rendered":"<p>Acm Duolys C.E S\u00e9rum Intensif Anti-Oxydant Tous Types De Peaux\u00a0permet lutter simultan\u00e9ment contre tous les signes du vieillissement\u00a0 MEILLEUR ALLI\u00c9 DES PEAUX TERNES, CE S\u00c9RUM LEUR OFFRE UNE EFFICACIT\u00c9 INEGAL\u00c9E GR\u00c2CE \u00c0 UNE HAUTE TENEUR EN VITAMINE C PURE, PUISSANT ANTI-OXYDANT. POUR LES 30 ANS ET PLUS. Sa formule double et compartiment\u00e9e, permet \u00e0 Duolys [&hellip;]<\/p>\n","protected":false},"featured_media":15253,"template":"","meta":{"om_disable_all_campaigns":false},"product_brand":[],"product_cat":[15],"product_tag":[],"class_list":{"0":"post-15256","1":"product","2":"type-product","3":"status-publish","4":"has-post-thumbnail","6":"product_cat-beaute-sante-complements-alimentaires-soins-et-bien-etre-au-meilleur-prix","8":"first","9":"instock","10":"sale","11":"taxable","12":"shipping-taxable","13":"purchasable","14":"product-type-simple"},"yoast_head":"<!-- This site is optimized with the Yoast SEO plugin v27.3 - https:\/\/yoast.com\/product\/yoast-seo-wordpress\/ -->\n<title>Acm Duolys C.E S\u00e9rum Intensif Anti-Oxydant Tous Types De Peaux 15ml - Maroc Prix<\/title>\n<meta name=\"description\" content=\"Acm Duolys C.E S\u00e9rum Intensif Anti-Oxydant Tous Types De Peaux 15ml\" \/>\n<meta name=\"robots\" content=\"index, follow, max-snippet:-1, max-image-preview:large, max-video-preview:-1\" \/>\n<link rel=\"canonical\" href=\"https:\/\/vitablanca.ma\/en\/product\/acm-duolys-c-e-serum-intensif-anti-oxydant-tous-types-de-peaux-15ml\/\" \/>\n<meta property=\"og:locale\" content=\"en_US\" \/>\n<meta property=\"og:type\" content=\"article\" \/>\n<meta property=\"og:title\" content=\"Acm Duolys C.E S\u00e9rum Intensif Anti-Oxydant Tous Types De Peaux 15ml - Maroc Prix\" \/>\n<meta property=\"og:description\" content=\"Acm Duolys C.E S\u00e9rum Intensif Anti-Oxydant Tous Types De Peaux 15ml\" \/>\n<meta property=\"og:url\" content=\"https:\/\/vitablanca.ma\/en\/product\/acm-duolys-c-e-serum-intensif-anti-oxydant-tous-types-de-peaux-15ml\/\" \/>\n<meta property=\"og:site_name\" content=\"Vitablanca.ma &ndash; Sant&eacute;, vitalit&eacute; et bien-&ecirc;tre pour tous les Marocains\" \/>\n<meta property=\"article:publisher\" content=\"https:\/\/www.facebook.com\/profile.php?id=61576678196717\" \/>\n<meta property=\"og:image\" content=\"https:\/\/vitablanca.ma\/wp-content\/uploads\/2025\/06\/Acm-Duolys-C.E-Serum-Intensif-Anti-Oxydant-Tous-Types-De-Peaux-15ml-nova-prapharmacie-maroc.jpg\" \/>\n\t<meta property=\"og:image:width\" content=\"1000\" \/>\n\t<meta property=\"og:image:height\" content=\"1000\" \/>\n\t<meta property=\"og:image:type\" content=\"image\/jpeg\" \/>\n<meta name=\"twitter:card\" content=\"summary_large_image\" \/>\n<meta name=\"twitter:label1\" content=\"Est. reading time\" \/>\n\t<meta name=\"twitter:data1\" content=\"1 minute\" \/>\n<script type=\"application\/ld+json\" class=\"yoast-schema-graph\">{\"@context\":\"https:\\\/\\\/schema.org\",\"@graph\":[{\"@type\":[\"WebPage\",\"ItemPage\"],\"@id\":\"https:\\\/\\\/vitablanca.ma\\\/produit\\\/acm-duolys-c-e-serum-intensif-anti-oxydant-tous-types-de-peaux-15ml\\\/\",\"url\":\"https:\\\/\\\/vitablanca.ma\\\/produit\\\/acm-duolys-c-e-serum-intensif-anti-oxydant-tous-types-de-peaux-15ml\\\/\",\"name\":\"Acm Duolys C.E S\u00e9rum Intensif Anti-Oxydant Tous Types De Peaux 15ml - Maroc Prix\",\"isPartOf\":{\"@id\":\"https:\\\/\\\/vitablanca.ma\\\/#website\"},\"primaryImageOfPage\":{\"@id\":\"https:\\\/\\\/vitablanca.ma\\\/produit\\\/acm-duolys-c-e-serum-intensif-anti-oxydant-tous-types-de-peaux-15ml\\\/#primaryimage\"},\"image\":{\"@id\":\"https:\\\/\\\/vitablanca.ma\\\/produit\\\/acm-duolys-c-e-serum-intensif-anti-oxydant-tous-types-de-peaux-15ml\\\/#primaryimage\"},\"thumbnailUrl\":\"https:\\\/\\\/vitablanca.ma\\\/wp-content\\\/uploads\\\/2025\\\/06\\\/Acm-Duolys-C.E-Serum-Intensif-Anti-Oxydant-Tous-Types-De-Peaux-15ml-nova-prapharmacie-maroc.jpg\",\"datePublished\":\"2025-06-10T15:54:35+00:00\",\"description\":\"Acm Duolys C.E S\u00e9rum Intensif Anti-Oxydant Tous Types De Peaux 15ml\",\"breadcrumb\":{\"@id\":\"https:\\\/\\\/vitablanca.ma\\\/produit\\\/acm-duolys-c-e-serum-intensif-anti-oxydant-tous-types-de-peaux-15ml\\\/#breadcrumb\"},\"inLanguage\":\"en-US\",\"potentialAction\":[{\"@type\":\"ReadAction\",\"target\":[\"https:\\\/\\\/vitablanca.ma\\\/produit\\\/acm-duolys-c-e-serum-intensif-anti-oxydant-tous-types-de-peaux-15ml\\\/\"]}]},{\"@type\":\"ImageObject\",\"inLanguage\":\"en-US\",\"@id\":\"https:\\\/\\\/vitablanca.ma\\\/produit\\\/acm-duolys-c-e-serum-intensif-anti-oxydant-tous-types-de-peaux-15ml\\\/#primaryimage\",\"url\":\"https:\\\/\\\/vitablanca.ma\\\/wp-content\\\/uploads\\\/2025\\\/06\\\/Acm-Duolys-C.E-Serum-Intensif-Anti-Oxydant-Tous-Types-De-Peaux-15ml-nova-prapharmacie-maroc.jpg\",\"contentUrl\":\"https:\\\/\\\/vitablanca.ma\\\/wp-content\\\/uploads\\\/2025\\\/06\\\/Acm-Duolys-C.E-Serum-Intensif-Anti-Oxydant-Tous-Types-De-Peaux-15ml-nova-prapharmacie-maroc.jpg\",\"width\":1000,\"height\":1000},{\"@type\":\"BreadcrumbList\",\"@id\":\"https:\\\/\\\/vitablanca.ma\\\/produit\\\/acm-duolys-c-e-serum-intensif-anti-oxydant-tous-types-de-peaux-15ml\\\/#breadcrumb\",\"itemListElement\":[{\"@type\":\"ListItem\",\"position\":1,\"name\":\"Home\",\"item\":\"https:\\\/\\\/vitablanca.ma\\\/\"},{\"@type\":\"ListItem\",\"position\":2,\"name\":\"Tous Les Produits\",\"item\":\"https:\\\/\\\/vitablanca.ma\\\/tous-les-produits\\\/\"},{\"@type\":\"ListItem\",\"position\":3,\"name\":\"Acm Duolys C.E S\u00e9rum Intensif Anti-Oxydant Tous Types De Peaux 15ml\"}]},{\"@type\":\"WebSite\",\"@id\":\"https:\\\/\\\/vitablanca.ma\\\/#website\",\"url\":\"https:\\\/\\\/vitablanca.ma\\\/\",\"name\":\"VitaBlanca.ma | Compl\u00e9ments alimentaires, sant\u00e9 & beaut\u00e9 au Maroc\",\"description\":\"vendre vitamines et compl\u00e9ments premium des USA &amp; Canada, Nouvelle Z\u00e9lande,Maroc (NOW Foods, Solgar, Manuka). Livraison rapide partout au Maroc.\",\"publisher\":{\"@id\":\"https:\\\/\\\/vitablanca.ma\\\/#organization\"},\"alternateName\":\"VitaBlanca.ma\",\"potentialAction\":[{\"@type\":\"SearchAction\",\"target\":{\"@type\":\"EntryPoint\",\"urlTemplate\":\"https:\\\/\\\/vitablanca.ma\\\/?s={search_term_string}\"},\"query-input\":{\"@type\":\"PropertyValueSpecification\",\"valueRequired\":true,\"valueName\":\"search_term_string\"}}],\"inLanguage\":\"en-US\"},{\"@type\":\"Organization\",\"@id\":\"https:\\\/\\\/vitablanca.ma\\\/#organization\",\"name\":\"VitaBlanca\",\"url\":\"https:\\\/\\\/vitablanca.ma\\\/\",\"logo\":{\"@type\":\"ImageObject\",\"inLanguage\":\"en-US\",\"@id\":\"https:\\\/\\\/vitablanca.ma\\\/#\\\/schema\\\/logo\\\/image\\\/\",\"url\":\"https:\\\/\\\/vitablanca.ma\\\/wp-content\\\/uploads\\\/2025\\\/05\\\/cropped-vitablanca.png\",\"contentUrl\":\"https:\\\/\\\/vitablanca.ma\\\/wp-content\\\/uploads\\\/2025\\\/05\\\/cropped-vitablanca.png\",\"width\":360,\"height\":67,\"caption\":\"VitaBlanca\"},\"image\":{\"@id\":\"https:\\\/\\\/vitablanca.ma\\\/#\\\/schema\\\/logo\\\/image\\\/\"},\"sameAs\":[\"https:\\\/\\\/www.facebook.com\\\/profile.php?id=61576678196717\",\"https:\\\/\\\/www.tiktok.com\\\/@vitablanca.ma\",\"https:\\\/\\\/www.instagram.com\\\/vitablanca.ma\\\/\"]}]}<\/script>\n<!-- \/ Yoast SEO plugin. -->","yoast_head_json":{"title":"Acm Duolys CE Intensive Anti-Oxidant Serum All Skin Types 15ml - Morocco Price","description":"Acm Duolys CE Intensive Anti-Oxidant Serum All Skin Types 15ml","robots":{"index":"index","follow":"follow","max-snippet":"max-snippet:-1","max-image-preview":"max-image-preview:large","max-video-preview":"max-video-preview:-1"},"canonical":"https:\/\/vitablanca.ma\/en\/product\/acm-duolys-c-e-serum-intensif-anti-oxydant-tous-types-de-peaux-15ml\/","og_locale":"en_US","og_type":"article","og_title":"Acm Duolys C.E S\u00e9rum Intensif Anti-Oxydant Tous Types De Peaux 15ml - Maroc Prix","og_description":"Acm Duolys C.E S\u00e9rum Intensif Anti-Oxydant Tous Types De Peaux 15ml","og_url":"https:\/\/vitablanca.ma\/en\/product\/acm-duolys-c-e-serum-intensif-anti-oxydant-tous-types-de-peaux-15ml\/","og_site_name":"Vitablanca.ma &ndash; Sant&eacute;, vitalit&eacute; et bien-&ecirc;tre pour tous les Marocains","article_publisher":"https:\/\/www.facebook.com\/profile.php?id=61576678196717","og_image":[{"width":1000,"height":1000,"url":"https:\/\/vitablanca.ma\/wp-content\/uploads\/2025\/06\/Acm-Duolys-C.E-Serum-Intensif-Anti-Oxydant-Tous-Types-De-Peaux-15ml-nova-prapharmacie-maroc.jpg","type":"image\/jpeg"}],"twitter_card":"summary_large_image","twitter_misc":{"Est. reading time":"1 minute"},"schema":{"@context":"https:\/\/schema.org","@graph":[{"@type":["WebPage","ItemPage"],"@id":"https:\/\/vitablanca.ma\/produit\/acm-duolys-c-e-serum-intensif-anti-oxydant-tous-types-de-peaux-15ml\/","url":"https:\/\/vitablanca.ma\/produit\/acm-duolys-c-e-serum-intensif-anti-oxydant-tous-types-de-peaux-15ml\/","name":"Acm Duolys CE Intensive Anti-Oxidant Serum All Skin Types 15ml - Morocco Price","isPartOf":{"@id":"https:\/\/vitablanca.ma\/#website"},"primaryImageOfPage":{"@id":"https:\/\/vitablanca.ma\/produit\/acm-duolys-c-e-serum-intensif-anti-oxydant-tous-types-de-peaux-15ml\/#primaryimage"},"image":{"@id":"https:\/\/vitablanca.ma\/produit\/acm-duolys-c-e-serum-intensif-anti-oxydant-tous-types-de-peaux-15ml\/#primaryimage"},"thumbnailUrl":"https:\/\/vitablanca.ma\/wp-content\/uploads\/2025\/06\/Acm-Duolys-C.E-Serum-Intensif-Anti-Oxydant-Tous-Types-De-Peaux-15ml-nova-prapharmacie-maroc.jpg","datePublished":"2025-06-10T15:54:35+00:00","description":"Acm Duolys CE Intensive Anti-Oxidant Serum All Skin Types 15ml","breadcrumb":{"@id":"https:\/\/vitablanca.ma\/produit\/acm-duolys-c-e-serum-intensif-anti-oxydant-tous-types-de-peaux-15ml\/#breadcrumb"},"inLanguage":"en-US","potentialAction":[{"@type":"ReadAction","target":["https:\/\/vitablanca.ma\/produit\/acm-duolys-c-e-serum-intensif-anti-oxydant-tous-types-de-peaux-15ml\/"]}]},{"@type":"ImageObject","inLanguage":"en-US","@id":"https:\/\/vitablanca.ma\/produit\/acm-duolys-c-e-serum-intensif-anti-oxydant-tous-types-de-peaux-15ml\/#primaryimage","url":"https:\/\/vitablanca.ma\/wp-content\/uploads\/2025\/06\/Acm-Duolys-C.E-Serum-Intensif-Anti-Oxydant-Tous-Types-De-Peaux-15ml-nova-prapharmacie-maroc.jpg","contentUrl":"https:\/\/vitablanca.ma\/wp-content\/uploads\/2025\/06\/Acm-Duolys-C.E-Serum-Intensif-Anti-Oxydant-Tous-Types-De-Peaux-15ml-nova-prapharmacie-maroc.jpg","width":1000,"height":1000},{"@type":"BreadcrumbList","@id":"https:\/\/vitablanca.ma\/produit\/acm-duolys-c-e-serum-intensif-anti-oxydant-tous-types-de-peaux-15ml\/#breadcrumb","itemListElement":[{"@type":"ListItem","position":1,"name":"Home","item":"https:\/\/vitablanca.ma\/"},{"@type":"ListItem","position":2,"name":"Tous Les Produits","item":"https:\/\/vitablanca.ma\/tous-les-produits\/"},{"@type":"ListItem","position":3,"name":"Acm Duolys C.E S\u00e9rum Intensif Anti-Oxydant Tous Types De Peaux 15ml"}]},{"@type":"WebSite","@id":"https:\/\/vitablanca.ma\/#website","url":"https:\/\/vitablanca.ma\/","name":"VitaBlanca.ma | Food supplements, health &amp; beauty in Morocco","description":"sell premium vitamins and supplements from USA &amp; Canada, New Zealand, Morocco (NOW Foods, Solgar, Manuka). Fast delivery anywhere in Morocco.","publisher":{"@id":"https:\/\/vitablanca.ma\/#organization"},"alternateName":"VitaBlanca.ma","potentialAction":[{"@type":"SearchAction","target":{"@type":"EntryPoint","urlTemplate":"https:\/\/vitablanca.ma\/?s={search_term_string}"},"query-input":{"@type":"PropertyValueSpecification","valueRequired":true,"valueName":"search_term_string"}}],"inLanguage":"en-US"},{"@type":"Organization","@id":"https:\/\/vitablanca.ma\/#organization","name":"VitaBlanca","url":"https:\/\/vitablanca.ma\/","logo":{"@type":"ImageObject","inLanguage":"en-US","@id":"https:\/\/vitablanca.ma\/#\/schema\/logo\/image\/","url":"https:\/\/vitablanca.ma\/wp-content\/uploads\/2025\/05\/cropped-vitablanca.png","contentUrl":"https:\/\/vitablanca.ma\/wp-content\/uploads\/2025\/05\/cropped-vitablanca.png","width":360,"height":67,"caption":"VitaBlanca"},"image":{"@id":"https:\/\/vitablanca.ma\/#\/schema\/logo\/image\/"},"sameAs":["https:\/\/www.facebook.com\/profile.php?id=61576678196717","https:\/\/www.tiktok.com\/@vitablanca.ma","https:\/\/www.instagram.com\/vitablanca.ma\/"]}]}},"jetpack_sharing_enabled":true,"_links":{"self":[{"href":"https:\/\/vitablanca.ma\/en\/wp-json\/wp\/v2\/product\/15256","targetHints":{"allow":["GET"]}}],"collection":[{"href":"https:\/\/vitablanca.ma\/en\/wp-json\/wp\/v2\/product"}],"about":[{"href":"https:\/\/vitablanca.ma\/en\/wp-json\/wp\/v2\/types\/product"}],"wp:featuredmedia":[{"embeddable":true,"href":"https:\/\/vitablanca.ma\/en\/wp-json\/wp\/v2\/media\/15253"}],"wp:attachment":[{"href":"https:\/\/vitablanca.ma\/en\/wp-json\/wp\/v2\/media?parent=15256"}],"wp:term":[{"taxonomy":"product_brand","embeddable":true,"href":"https:\/\/vitablanca.ma\/en\/wp-json\/wp\/v2\/product_brand?post=15256"},{"taxonomy":"product_cat","embeddable":true,"href":"https:\/\/vitablanca.ma\/en\/wp-json\/wp\/v2\/product_cat?post=15256"},{"taxonomy":"product_tag","embeddable":true,"href":"https:\/\/vitablanca.ma\/en\/wp-json\/wp\/v2\/product_tag?post=15256"}],"curies":[{"name":"wp","href":"https:\/\/api.w.org\/{rel}","templated":true}]}}