{"id":15250,"date":"2025-06-10T15:54:31","date_gmt":"2025-06-10T15:54:31","guid":{"rendered":"https:\/\/vitablanca.ma\/product\/acm-depiwhite-masque-pelliculable-eclaircissant-40ml\/"},"modified":"2025-06-10T15:54:31","modified_gmt":"2025-06-10T15:54:31","slug":"acm-depiwhite-masque-pelliculable-eclaircissant-40ml","status":"publish","type":"product","link":"https:\/\/vitablanca.ma\/en\/product\/acm-depiwhite-masque-pelliculable-eclaircissant-40ml\/","title":{"rendered":"Acm Depiwhite Lightening Peel-Off Mask 40ml"},"content":{"rendered":"<h2>Acm Depiwhite Lightening Peel-Off Mask <span data-mce-fragment=\"1\">allows faster and deeper penetration of active ingredients.\u00a0<\/span><br \/>\n<\/h2>\n<p><strong>IT IS A BRIGHTENING PEELING MASK DESIGNED TO REDUCE OR ELIMINATE DARK SPOTS, LIMIT THEIR REAPPEARANCE AND EVEN OUT THE COLOR OF THE COMPLEXION.<\/strong><\/p>\n<p>Designed for skin with brown spots, it forms an occlusive film on the skin&#039;s surface that allows for faster and deeper penetration of active ingredients. Skin hyperpigmentation fades and the skin lightens.<\/p>\n<p>The complexion is evened out thanks to its exfoliating action.<\/p>","protected":false},"excerpt":{"rendered":"<p>Acm Depiwhite Masque Pelliculable Eclaircissant permet une p\u00e9n\u00e9tration plus rapide et plus profonde des actifs.\u00a0 C\u2019EST UN MASQUE PELLICULABLE \u00c9CLAIRCISSANT CON\u00c7U POUR ATT\u00c9NUER OU \u00c9LIMINER LES TACHES BRUNES, LIMITER LEUR R\u00c9APPARITION ET UNIFIER LA COULEUR DU TEINT. Destin\u00e9 aux peaux pr\u00e9sentant des taches brunes, il forme un film occlusif \u00e0 la surface de la peau [&hellip;]<\/p>\n","protected":false},"featured_media":15248,"template":"","meta":{"om_disable_all_campaigns":false},"product_brand":[],"product_cat":[15],"product_tag":[],"class_list":{"0":"post-15250","1":"product","2":"type-product","3":"status-publish","4":"has-post-thumbnail","6":"product_cat-beaute-sante-complements-alimentaires-soins-et-bien-etre-au-meilleur-prix","8":"first","9":"instock","10":"sale","11":"taxable","12":"shipping-taxable","13":"purchasable","14":"product-type-simple"},"yoast_head":"<!-- This site is optimized with the Yoast SEO plugin v27.3 - https:\/\/yoast.com\/product\/yoast-seo-wordpress\/ -->\n<title>Acm Depiwhite Masque Pelliculable Eclaircissant 40ml - Maroc Prix<\/title>\n<meta name=\"description\" content=\"Acm Depiwhite Masque Pelliculable Eclaircissant 40ml\" \/>\n<meta name=\"robots\" content=\"index, follow, max-snippet:-1, max-image-preview:large, max-video-preview:-1\" \/>\n<link rel=\"canonical\" href=\"https:\/\/vitablanca.ma\/en\/product\/acm-depiwhite-masque-pelliculable-eclaircissant-40ml\/\" \/>\n<meta property=\"og:locale\" content=\"en_US\" \/>\n<meta property=\"og:type\" content=\"article\" \/>\n<meta property=\"og:title\" content=\"Acm Depiwhite Masque Pelliculable Eclaircissant 40ml - Maroc Prix\" \/>\n<meta property=\"og:description\" content=\"Acm Depiwhite Masque Pelliculable Eclaircissant 40ml\" \/>\n<meta property=\"og:url\" content=\"https:\/\/vitablanca.ma\/en\/product\/acm-depiwhite-masque-pelliculable-eclaircissant-40ml\/\" \/>\n<meta property=\"og:site_name\" content=\"Vitablanca.ma &ndash; Sant&eacute;, vitalit&eacute; et bien-&ecirc;tre pour tous les Marocains\" \/>\n<meta property=\"article:publisher\" content=\"https:\/\/www.facebook.com\/profile.php?id=61576678196717\" \/>\n<meta property=\"og:image\" content=\"https:\/\/vitablanca.ma\/wp-content\/uploads\/2025\/06\/Acm-Depiwhite-Masque-Pelliculable-Eclaircissant-40ml-nova-prapharmacie-maroc.jpg\" \/>\n\t<meta property=\"og:image:width\" content=\"1000\" \/>\n\t<meta property=\"og:image:height\" content=\"1000\" \/>\n\t<meta property=\"og:image:type\" content=\"image\/jpeg\" \/>\n<meta name=\"twitter:card\" content=\"summary_large_image\" \/>\n<script type=\"application\/ld+json\" class=\"yoast-schema-graph\">{\"@context\":\"https:\\\/\\\/schema.org\",\"@graph\":[{\"@type\":[\"WebPage\",\"ItemPage\"],\"@id\":\"https:\\\/\\\/vitablanca.ma\\\/produit\\\/acm-depiwhite-masque-pelliculable-eclaircissant-40ml\\\/\",\"url\":\"https:\\\/\\\/vitablanca.ma\\\/produit\\\/acm-depiwhite-masque-pelliculable-eclaircissant-40ml\\\/\",\"name\":\"Acm Depiwhite Masque Pelliculable Eclaircissant 40ml - Maroc Prix\",\"isPartOf\":{\"@id\":\"https:\\\/\\\/vitablanca.ma\\\/#website\"},\"primaryImageOfPage\":{\"@id\":\"https:\\\/\\\/vitablanca.ma\\\/produit\\\/acm-depiwhite-masque-pelliculable-eclaircissant-40ml\\\/#primaryimage\"},\"image\":{\"@id\":\"https:\\\/\\\/vitablanca.ma\\\/produit\\\/acm-depiwhite-masque-pelliculable-eclaircissant-40ml\\\/#primaryimage\"},\"thumbnailUrl\":\"https:\\\/\\\/vitablanca.ma\\\/wp-content\\\/uploads\\\/2025\\\/06\\\/Acm-Depiwhite-Masque-Pelliculable-Eclaircissant-40ml-nova-prapharmacie-maroc.jpg\",\"datePublished\":\"2025-06-10T15:54:31+00:00\",\"description\":\"Acm Depiwhite Masque Pelliculable Eclaircissant 40ml\",\"breadcrumb\":{\"@id\":\"https:\\\/\\\/vitablanca.ma\\\/produit\\\/acm-depiwhite-masque-pelliculable-eclaircissant-40ml\\\/#breadcrumb\"},\"inLanguage\":\"en-US\",\"potentialAction\":[{\"@type\":\"ReadAction\",\"target\":[\"https:\\\/\\\/vitablanca.ma\\\/produit\\\/acm-depiwhite-masque-pelliculable-eclaircissant-40ml\\\/\"]}]},{\"@type\":\"ImageObject\",\"inLanguage\":\"en-US\",\"@id\":\"https:\\\/\\\/vitablanca.ma\\\/produit\\\/acm-depiwhite-masque-pelliculable-eclaircissant-40ml\\\/#primaryimage\",\"url\":\"https:\\\/\\\/vitablanca.ma\\\/wp-content\\\/uploads\\\/2025\\\/06\\\/Acm-Depiwhite-Masque-Pelliculable-Eclaircissant-40ml-nova-prapharmacie-maroc.jpg\",\"contentUrl\":\"https:\\\/\\\/vitablanca.ma\\\/wp-content\\\/uploads\\\/2025\\\/06\\\/Acm-Depiwhite-Masque-Pelliculable-Eclaircissant-40ml-nova-prapharmacie-maroc.jpg\",\"width\":1000,\"height\":1000},{\"@type\":\"BreadcrumbList\",\"@id\":\"https:\\\/\\\/vitablanca.ma\\\/produit\\\/acm-depiwhite-masque-pelliculable-eclaircissant-40ml\\\/#breadcrumb\",\"itemListElement\":[{\"@type\":\"ListItem\",\"position\":1,\"name\":\"Home\",\"item\":\"https:\\\/\\\/vitablanca.ma\\\/\"},{\"@type\":\"ListItem\",\"position\":2,\"name\":\"Tous Les Produits\",\"item\":\"https:\\\/\\\/vitablanca.ma\\\/tous-les-produits\\\/\"},{\"@type\":\"ListItem\",\"position\":3,\"name\":\"Acm Depiwhite Masque Pelliculable Eclaircissant 40ml\"}]},{\"@type\":\"WebSite\",\"@id\":\"https:\\\/\\\/vitablanca.ma\\\/#website\",\"url\":\"https:\\\/\\\/vitablanca.ma\\\/\",\"name\":\"VitaBlanca.ma | Compl\u00e9ments alimentaires, sant\u00e9 & beaut\u00e9 au Maroc\",\"description\":\"vendre vitamines et compl\u00e9ments premium des USA &amp; Canada, Nouvelle Z\u00e9lande,Maroc (NOW Foods, Solgar, Manuka). Livraison rapide partout au Maroc.\",\"publisher\":{\"@id\":\"https:\\\/\\\/vitablanca.ma\\\/#organization\"},\"alternateName\":\"VitaBlanca.ma\",\"potentialAction\":[{\"@type\":\"SearchAction\",\"target\":{\"@type\":\"EntryPoint\",\"urlTemplate\":\"https:\\\/\\\/vitablanca.ma\\\/?s={search_term_string}\"},\"query-input\":{\"@type\":\"PropertyValueSpecification\",\"valueRequired\":true,\"valueName\":\"search_term_string\"}}],\"inLanguage\":\"en-US\"},{\"@type\":\"Organization\",\"@id\":\"https:\\\/\\\/vitablanca.ma\\\/#organization\",\"name\":\"VitaBlanca\",\"url\":\"https:\\\/\\\/vitablanca.ma\\\/\",\"logo\":{\"@type\":\"ImageObject\",\"inLanguage\":\"en-US\",\"@id\":\"https:\\\/\\\/vitablanca.ma\\\/#\\\/schema\\\/logo\\\/image\\\/\",\"url\":\"https:\\\/\\\/vitablanca.ma\\\/wp-content\\\/uploads\\\/2025\\\/05\\\/cropped-vitablanca.png\",\"contentUrl\":\"https:\\\/\\\/vitablanca.ma\\\/wp-content\\\/uploads\\\/2025\\\/05\\\/cropped-vitablanca.png\",\"width\":360,\"height\":67,\"caption\":\"VitaBlanca\"},\"image\":{\"@id\":\"https:\\\/\\\/vitablanca.ma\\\/#\\\/schema\\\/logo\\\/image\\\/\"},\"sameAs\":[\"https:\\\/\\\/www.facebook.com\\\/profile.php?id=61576678196717\",\"https:\\\/\\\/www.tiktok.com\\\/@vitablanca.ma\",\"https:\\\/\\\/www.instagram.com\\\/vitablanca.ma\\\/\"]}]}<\/script>\n<!-- \/ Yoast SEO plugin. -->","yoast_head_json":{"title":"Acm Depiwhite Lightening Peel-Off Mask 40ml - Morocco Price","description":"Acm Depiwhite Lightening Peel-Off Mask 40ml","robots":{"index":"index","follow":"follow","max-snippet":"max-snippet:-1","max-image-preview":"max-image-preview:large","max-video-preview":"max-video-preview:-1"},"canonical":"https:\/\/vitablanca.ma\/en\/product\/acm-depiwhite-masque-pelliculable-eclaircissant-40ml\/","og_locale":"en_US","og_type":"article","og_title":"Acm Depiwhite Masque Pelliculable Eclaircissant 40ml - Maroc Prix","og_description":"Acm Depiwhite Masque Pelliculable Eclaircissant 40ml","og_url":"https:\/\/vitablanca.ma\/en\/product\/acm-depiwhite-masque-pelliculable-eclaircissant-40ml\/","og_site_name":"Vitablanca.ma &ndash; Sant&eacute;, vitalit&eacute; et bien-&ecirc;tre pour tous les Marocains","article_publisher":"https:\/\/www.facebook.com\/profile.php?id=61576678196717","og_image":[{"width":1000,"height":1000,"url":"https:\/\/vitablanca.ma\/wp-content\/uploads\/2025\/06\/Acm-Depiwhite-Masque-Pelliculable-Eclaircissant-40ml-nova-prapharmacie-maroc.jpg","type":"image\/jpeg"}],"twitter_card":"summary_large_image","schema":{"@context":"https:\/\/schema.org","@graph":[{"@type":["WebPage","ItemPage"],"@id":"https:\/\/vitablanca.ma\/produit\/acm-depiwhite-masque-pelliculable-eclaircissant-40ml\/","url":"https:\/\/vitablanca.ma\/produit\/acm-depiwhite-masque-pelliculable-eclaircissant-40ml\/","name":"Acm Depiwhite Lightening Peel-Off Mask 40ml - Morocco Price","isPartOf":{"@id":"https:\/\/vitablanca.ma\/#website"},"primaryImageOfPage":{"@id":"https:\/\/vitablanca.ma\/produit\/acm-depiwhite-masque-pelliculable-eclaircissant-40ml\/#primaryimage"},"image":{"@id":"https:\/\/vitablanca.ma\/produit\/acm-depiwhite-masque-pelliculable-eclaircissant-40ml\/#primaryimage"},"thumbnailUrl":"https:\/\/vitablanca.ma\/wp-content\/uploads\/2025\/06\/Acm-Depiwhite-Masque-Pelliculable-Eclaircissant-40ml-nova-prapharmacie-maroc.jpg","datePublished":"2025-06-10T15:54:31+00:00","description":"Acm Depiwhite Lightening Peel-Off Mask 40ml","breadcrumb":{"@id":"https:\/\/vitablanca.ma\/produit\/acm-depiwhite-masque-pelliculable-eclaircissant-40ml\/#breadcrumb"},"inLanguage":"en-US","potentialAction":[{"@type":"ReadAction","target":["https:\/\/vitablanca.ma\/produit\/acm-depiwhite-masque-pelliculable-eclaircissant-40ml\/"]}]},{"@type":"ImageObject","inLanguage":"en-US","@id":"https:\/\/vitablanca.ma\/produit\/acm-depiwhite-masque-pelliculable-eclaircissant-40ml\/#primaryimage","url":"https:\/\/vitablanca.ma\/wp-content\/uploads\/2025\/06\/Acm-Depiwhite-Masque-Pelliculable-Eclaircissant-40ml-nova-prapharmacie-maroc.jpg","contentUrl":"https:\/\/vitablanca.ma\/wp-content\/uploads\/2025\/06\/Acm-Depiwhite-Masque-Pelliculable-Eclaircissant-40ml-nova-prapharmacie-maroc.jpg","width":1000,"height":1000},{"@type":"BreadcrumbList","@id":"https:\/\/vitablanca.ma\/produit\/acm-depiwhite-masque-pelliculable-eclaircissant-40ml\/#breadcrumb","itemListElement":[{"@type":"ListItem","position":1,"name":"Home","item":"https:\/\/vitablanca.ma\/"},{"@type":"ListItem","position":2,"name":"Tous Les Produits","item":"https:\/\/vitablanca.ma\/tous-les-produits\/"},{"@type":"ListItem","position":3,"name":"Acm Depiwhite Masque Pelliculable Eclaircissant 40ml"}]},{"@type":"WebSite","@id":"https:\/\/vitablanca.ma\/#website","url":"https:\/\/vitablanca.ma\/","name":"VitaBlanca.ma | Food supplements, health &amp; beauty in Morocco","description":"sell premium vitamins and supplements from USA &amp; Canada, New Zealand, Morocco (NOW Foods, Solgar, Manuka). Fast delivery anywhere in Morocco.","publisher":{"@id":"https:\/\/vitablanca.ma\/#organization"},"alternateName":"VitaBlanca.ma","potentialAction":[{"@type":"SearchAction","target":{"@type":"EntryPoint","urlTemplate":"https:\/\/vitablanca.ma\/?s={search_term_string}"},"query-input":{"@type":"PropertyValueSpecification","valueRequired":true,"valueName":"search_term_string"}}],"inLanguage":"en-US"},{"@type":"Organization","@id":"https:\/\/vitablanca.ma\/#organization","name":"VitaBlanca","url":"https:\/\/vitablanca.ma\/","logo":{"@type":"ImageObject","inLanguage":"en-US","@id":"https:\/\/vitablanca.ma\/#\/schema\/logo\/image\/","url":"https:\/\/vitablanca.ma\/wp-content\/uploads\/2025\/05\/cropped-vitablanca.png","contentUrl":"https:\/\/vitablanca.ma\/wp-content\/uploads\/2025\/05\/cropped-vitablanca.png","width":360,"height":67,"caption":"VitaBlanca"},"image":{"@id":"https:\/\/vitablanca.ma\/#\/schema\/logo\/image\/"},"sameAs":["https:\/\/www.facebook.com\/profile.php?id=61576678196717","https:\/\/www.tiktok.com\/@vitablanca.ma","https:\/\/www.instagram.com\/vitablanca.ma\/"]}]}},"jetpack_sharing_enabled":true,"_links":{"self":[{"href":"https:\/\/vitablanca.ma\/en\/wp-json\/wp\/v2\/product\/15250","targetHints":{"allow":["GET"]}}],"collection":[{"href":"https:\/\/vitablanca.ma\/en\/wp-json\/wp\/v2\/product"}],"about":[{"href":"https:\/\/vitablanca.ma\/en\/wp-json\/wp\/v2\/types\/product"}],"wp:featuredmedia":[{"embeddable":true,"href":"https:\/\/vitablanca.ma\/en\/wp-json\/wp\/v2\/media\/15248"}],"wp:attachment":[{"href":"https:\/\/vitablanca.ma\/en\/wp-json\/wp\/v2\/media?parent=15250"}],"wp:term":[{"taxonomy":"product_brand","embeddable":true,"href":"https:\/\/vitablanca.ma\/en\/wp-json\/wp\/v2\/product_brand?post=15250"},{"taxonomy":"product_cat","embeddable":true,"href":"https:\/\/vitablanca.ma\/en\/wp-json\/wp\/v2\/product_cat?post=15250"},{"taxonomy":"product_tag","embeddable":true,"href":"https:\/\/vitablanca.ma\/en\/wp-json\/wp\/v2\/product_tag?post=15250"}],"curies":[{"name":"wp","href":"https:\/\/api.w.org\/{rel}","templated":true}]}}