{"id":15221,"date":"2025-06-10T15:54:08","date_gmt":"2025-06-10T15:54:08","guid":{"rendered":"https:\/\/vitablanca.ma\/product\/acm-novophane-k-shampooing-pellicules-severes-125ml\/"},"modified":"2025-06-10T15:54:08","modified_gmt":"2025-06-10T15:54:08","slug":"acm-novophane-k-shampooing-pellicules-severes-125ml","status":"publish","type":"product","link":"https:\/\/vitablanca.ma\/en\/product\/acm-novophane-k-shampooing-pellicules-severes-125ml\/","title":{"rendered":"ACM Novophane k Severe Dandruff Shampoo 125ml"},"content":{"rendered":"<h2>ACM Novophane k Severe Dandruff Shampoo<\/h2>\n<p>125ml<\/p>\n<div class=\"product-description\" id=\"product-description-short-127\">\n<p>A highly effective treatment that overcomes persistent dandruff and itching.<\/p>\n<\/div>\n<div class=\"product-description-baseline\">\n<p>Plaques, itching, irritations<\/p>\n<\/div>\n<div class=\"product-description-customfield\">\n<div class=\"\">\n<p class=\"me-1\"><strong>Ideal for:<\/strong><\/p>\n<p>Severe dandruff conditions (plaques, itching, irritation)<\/p>\n<\/div>\n<div class=\"\">\n<p class=\"me-1\"><strong>Texture:<\/strong><\/p>\n<p>Freeze<\/p>\n<\/div>\n<div class=\"\">\n<p class=\"me-1\"><strong>When ? :<\/strong><\/p>\n<p>Initially: 2 to 3 times\/week. Then for maintenance: 1 to 2 times\/week.<\/p>\n<\/div>\n<div class=\"\">\n<p><strong>Eliminates stubborn dandruff, soothes itching and redness<\/strong><\/p>\n<h3><strong>Description:<\/strong><\/h3>\n<div class=\"product-description\">\n<p>A highly effective treatment that overcomes persistent dandruff and itching.<\/p>\n<p>Novophane.K has a complete anti-dandruff action to combat severe dandruff conditions with itching. Its antifungal complex based on pyrithione zinc and piroctone olamine limits the proliferation of Malassezia yeasts, the yeast primarily responsible for the appearance of dandruff. Novophane.K eliminates dandruff while preventing its reappearance thanks to cade essential oil and reduces itching. Scales are eliminated by salicylic acid. The scalp is cleansed, irritations disappear.<\/p>\n<p>Gently cleansed without harming your hair, it is once again beautiful and radiant with health.<\/p>\n<\/div>\n<div class=\"mt-4 d-inline-flex\">\n<span class=\"font-cursive font-40 me-3\">The+<\/span><\/p>\n<p>Light foam. Unscented.<\/p>\n<div class=\"row\">\n<div class=\"offset-lg-2 col-lg-8\">\n<h3 class=\"nothingyou\">Tips and tricks:<\/h3>\n<\/div>\n<\/div>\n<div class=\"row\">\n<div class=\"offset-lg-2 col-lg-8\">\n<p>Use during crisis periods 2 to 3 times per week.<\/p>\n<p>Use during maintenance periods 1 to 2 times per week to prevent recurrences.<\/p>\n<p>Wet hair. Lather Novophane K Anti-Dandruff Shampoo by gently massaging. Leave on for a few minutes or as directed by your doctor. Rinse. In case of contact with eyes, rinse thoroughly with water.<\/p>\n<\/div>\n<\/div>\n<\/div>\n<\/div>\n<\/div>","protected":false},"excerpt":{"rendered":"<p>ACM Novophane k Shampooing Pellicules S\u00e9v\u00e8res 125ml Un soin tr\u00e8s efficace qui vient \u00e0 bout des \u00e9tats pelliculaires persistants et des d\u00e9mangeaisons. Plaques, d\u00e9mangeaisons, irritations Id\u00e9al pour : \u00c9tats pellicullaires s\u00e9v\u00e8res (plaques, d\u00e9mangeaisons, irritations) Texture : Gel Quand ? : En attaque : 2 \u00e0 3 fois\/semaine. Puis en entretien : 1 \u00e0 2 fois\/semaine [&hellip;]<\/p>\n","protected":false},"featured_media":15220,"template":"","meta":{"om_disable_all_campaigns":false},"product_brand":[],"product_cat":[15],"product_tag":[],"class_list":{"0":"post-15221","1":"product","2":"type-product","3":"status-publish","4":"has-post-thumbnail","6":"product_cat-beaute-sante-complements-alimentaires-soins-et-bien-etre-au-meilleur-prix","8":"first","9":"instock","10":"sale","11":"taxable","12":"shipping-taxable","13":"purchasable","14":"product-type-simple"},"yoast_head":"<!-- This site is optimized with the Yoast SEO plugin v27.3 - https:\/\/yoast.com\/product\/yoast-seo-wordpress\/ -->\n<title>ACM Novophane k Shampooing Pellicules S\u00e9v\u00e8res 125ml - Maroc Prix<\/title>\n<meta name=\"description\" content=\"ACM Novophane k Shampooing Pellicules S\u00e9v\u00e8res 125ml\" \/>\n<meta name=\"robots\" content=\"index, follow, max-snippet:-1, max-image-preview:large, max-video-preview:-1\" \/>\n<link rel=\"canonical\" href=\"https:\/\/vitablanca.ma\/en\/product\/acm-novophane-k-shampooing-pellicules-severes-125ml\/\" \/>\n<meta property=\"og:locale\" content=\"en_US\" \/>\n<meta property=\"og:type\" content=\"article\" \/>\n<meta property=\"og:title\" content=\"ACM Novophane k Shampooing Pellicules S\u00e9v\u00e8res 125ml - Maroc Prix\" \/>\n<meta property=\"og:description\" content=\"ACM Novophane k Shampooing Pellicules S\u00e9v\u00e8res 125ml\" \/>\n<meta property=\"og:url\" content=\"https:\/\/vitablanca.ma\/en\/product\/acm-novophane-k-shampooing-pellicules-severes-125ml\/\" \/>\n<meta property=\"og:site_name\" content=\"Vitablanca.ma &ndash; Sant&eacute;, vitalit&eacute; et bien-&ecirc;tre pour tous les Marocains\" \/>\n<meta property=\"article:publisher\" content=\"https:\/\/www.facebook.com\/profile.php?id=61576678196717\" \/>\n<meta property=\"og:image\" content=\"https:\/\/vitablanca.ma\/wp-content\/uploads\/2025\/06\/ACM-Novophane-k-Shampooing-Pellicules-Severes-125ml-prix-maroc-parapharmacie-casablanca.jpg\" \/>\n\t<meta property=\"og:image:width\" content=\"1000\" \/>\n\t<meta property=\"og:image:height\" content=\"1000\" \/>\n\t<meta property=\"og:image:type\" content=\"image\/jpeg\" \/>\n<meta name=\"twitter:card\" content=\"summary_large_image\" \/>\n<meta name=\"twitter:label1\" content=\"Est. reading time\" \/>\n\t<meta name=\"twitter:data1\" content=\"1 minute\" \/>\n<script type=\"application\/ld+json\" class=\"yoast-schema-graph\">{\"@context\":\"https:\\\/\\\/schema.org\",\"@graph\":[{\"@type\":[\"WebPage\",\"ItemPage\"],\"@id\":\"https:\\\/\\\/vitablanca.ma\\\/produit\\\/acm-novophane-k-shampooing-pellicules-severes-125ml\\\/\",\"url\":\"https:\\\/\\\/vitablanca.ma\\\/produit\\\/acm-novophane-k-shampooing-pellicules-severes-125ml\\\/\",\"name\":\"ACM Novophane k Shampooing Pellicules S\u00e9v\u00e8res 125ml - Maroc Prix\",\"isPartOf\":{\"@id\":\"https:\\\/\\\/vitablanca.ma\\\/#website\"},\"primaryImageOfPage\":{\"@id\":\"https:\\\/\\\/vitablanca.ma\\\/produit\\\/acm-novophane-k-shampooing-pellicules-severes-125ml\\\/#primaryimage\"},\"image\":{\"@id\":\"https:\\\/\\\/vitablanca.ma\\\/produit\\\/acm-novophane-k-shampooing-pellicules-severes-125ml\\\/#primaryimage\"},\"thumbnailUrl\":\"https:\\\/\\\/vitablanca.ma\\\/wp-content\\\/uploads\\\/2025\\\/06\\\/ACM-Novophane-k-Shampooing-Pellicules-Severes-125ml-prix-maroc-parapharmacie-casablanca.jpg\",\"datePublished\":\"2025-06-10T15:54:08+00:00\",\"description\":\"ACM Novophane k Shampooing Pellicules S\u00e9v\u00e8res 125ml\",\"breadcrumb\":{\"@id\":\"https:\\\/\\\/vitablanca.ma\\\/produit\\\/acm-novophane-k-shampooing-pellicules-severes-125ml\\\/#breadcrumb\"},\"inLanguage\":\"en-US\",\"potentialAction\":[{\"@type\":\"ReadAction\",\"target\":[\"https:\\\/\\\/vitablanca.ma\\\/produit\\\/acm-novophane-k-shampooing-pellicules-severes-125ml\\\/\"]}]},{\"@type\":\"ImageObject\",\"inLanguage\":\"en-US\",\"@id\":\"https:\\\/\\\/vitablanca.ma\\\/produit\\\/acm-novophane-k-shampooing-pellicules-severes-125ml\\\/#primaryimage\",\"url\":\"https:\\\/\\\/vitablanca.ma\\\/wp-content\\\/uploads\\\/2025\\\/06\\\/ACM-Novophane-k-Shampooing-Pellicules-Severes-125ml-prix-maroc-parapharmacie-casablanca.jpg\",\"contentUrl\":\"https:\\\/\\\/vitablanca.ma\\\/wp-content\\\/uploads\\\/2025\\\/06\\\/ACM-Novophane-k-Shampooing-Pellicules-Severes-125ml-prix-maroc-parapharmacie-casablanca.jpg\",\"width\":1000,\"height\":1000},{\"@type\":\"BreadcrumbList\",\"@id\":\"https:\\\/\\\/vitablanca.ma\\\/produit\\\/acm-novophane-k-shampooing-pellicules-severes-125ml\\\/#breadcrumb\",\"itemListElement\":[{\"@type\":\"ListItem\",\"position\":1,\"name\":\"Home\",\"item\":\"https:\\\/\\\/vitablanca.ma\\\/\"},{\"@type\":\"ListItem\",\"position\":2,\"name\":\"Tous Les Produits\",\"item\":\"https:\\\/\\\/vitablanca.ma\\\/tous-les-produits\\\/\"},{\"@type\":\"ListItem\",\"position\":3,\"name\":\"ACM Novophane k Shampooing Pellicules S\u00e9v\u00e8res 125ml\"}]},{\"@type\":\"WebSite\",\"@id\":\"https:\\\/\\\/vitablanca.ma\\\/#website\",\"url\":\"https:\\\/\\\/vitablanca.ma\\\/\",\"name\":\"VitaBlanca.ma | Compl\u00e9ments alimentaires, sant\u00e9 & beaut\u00e9 au Maroc\",\"description\":\"vendre vitamines et compl\u00e9ments premium des USA &amp; Canada, Nouvelle Z\u00e9lande,Maroc (NOW Foods, Solgar, Manuka). Livraison rapide partout au Maroc.\",\"publisher\":{\"@id\":\"https:\\\/\\\/vitablanca.ma\\\/#organization\"},\"alternateName\":\"VitaBlanca.ma\",\"potentialAction\":[{\"@type\":\"SearchAction\",\"target\":{\"@type\":\"EntryPoint\",\"urlTemplate\":\"https:\\\/\\\/vitablanca.ma\\\/?s={search_term_string}\"},\"query-input\":{\"@type\":\"PropertyValueSpecification\",\"valueRequired\":true,\"valueName\":\"search_term_string\"}}],\"inLanguage\":\"en-US\"},{\"@type\":\"Organization\",\"@id\":\"https:\\\/\\\/vitablanca.ma\\\/#organization\",\"name\":\"VitaBlanca\",\"url\":\"https:\\\/\\\/vitablanca.ma\\\/\",\"logo\":{\"@type\":\"ImageObject\",\"inLanguage\":\"en-US\",\"@id\":\"https:\\\/\\\/vitablanca.ma\\\/#\\\/schema\\\/logo\\\/image\\\/\",\"url\":\"https:\\\/\\\/vitablanca.ma\\\/wp-content\\\/uploads\\\/2025\\\/05\\\/cropped-vitablanca.png\",\"contentUrl\":\"https:\\\/\\\/vitablanca.ma\\\/wp-content\\\/uploads\\\/2025\\\/05\\\/cropped-vitablanca.png\",\"width\":360,\"height\":67,\"caption\":\"VitaBlanca\"},\"image\":{\"@id\":\"https:\\\/\\\/vitablanca.ma\\\/#\\\/schema\\\/logo\\\/image\\\/\"},\"sameAs\":[\"https:\\\/\\\/www.facebook.com\\\/profile.php?id=61576678196717\",\"https:\\\/\\\/www.tiktok.com\\\/@vitablanca.ma\",\"https:\\\/\\\/www.instagram.com\\\/vitablanca.ma\\\/\"]}]}<\/script>\n<!-- \/ Yoast SEO plugin. -->","yoast_head_json":{"title":"ACM Novophane k Severe Dandruff Shampoo 125ml - Morocco Price","description":"ACM Novophane k Severe Dandruff Shampoo 125ml","robots":{"index":"index","follow":"follow","max-snippet":"max-snippet:-1","max-image-preview":"max-image-preview:large","max-video-preview":"max-video-preview:-1"},"canonical":"https:\/\/vitablanca.ma\/en\/product\/acm-novophane-k-shampooing-pellicules-severes-125ml\/","og_locale":"en_US","og_type":"article","og_title":"ACM Novophane k Shampooing Pellicules S\u00e9v\u00e8res 125ml - Maroc Prix","og_description":"ACM Novophane k Shampooing Pellicules S\u00e9v\u00e8res 125ml","og_url":"https:\/\/vitablanca.ma\/en\/product\/acm-novophane-k-shampooing-pellicules-severes-125ml\/","og_site_name":"Vitablanca.ma &ndash; Sant&eacute;, vitalit&eacute; et bien-&ecirc;tre pour tous les Marocains","article_publisher":"https:\/\/www.facebook.com\/profile.php?id=61576678196717","og_image":[{"width":1000,"height":1000,"url":"https:\/\/vitablanca.ma\/wp-content\/uploads\/2025\/06\/ACM-Novophane-k-Shampooing-Pellicules-Severes-125ml-prix-maroc-parapharmacie-casablanca.jpg","type":"image\/jpeg"}],"twitter_card":"summary_large_image","twitter_misc":{"Est. reading time":"1 minute"},"schema":{"@context":"https:\/\/schema.org","@graph":[{"@type":["WebPage","ItemPage"],"@id":"https:\/\/vitablanca.ma\/produit\/acm-novophane-k-shampooing-pellicules-severes-125ml\/","url":"https:\/\/vitablanca.ma\/produit\/acm-novophane-k-shampooing-pellicules-severes-125ml\/","name":"ACM Novophane k Severe Dandruff Shampoo 125ml - Morocco Price","isPartOf":{"@id":"https:\/\/vitablanca.ma\/#website"},"primaryImageOfPage":{"@id":"https:\/\/vitablanca.ma\/produit\/acm-novophane-k-shampooing-pellicules-severes-125ml\/#primaryimage"},"image":{"@id":"https:\/\/vitablanca.ma\/produit\/acm-novophane-k-shampooing-pellicules-severes-125ml\/#primaryimage"},"thumbnailUrl":"https:\/\/vitablanca.ma\/wp-content\/uploads\/2025\/06\/ACM-Novophane-k-Shampooing-Pellicules-Severes-125ml-prix-maroc-parapharmacie-casablanca.jpg","datePublished":"2025-06-10T15:54:08+00:00","description":"ACM Novophane k Severe Dandruff Shampoo 125ml","breadcrumb":{"@id":"https:\/\/vitablanca.ma\/produit\/acm-novophane-k-shampooing-pellicules-severes-125ml\/#breadcrumb"},"inLanguage":"en-US","potentialAction":[{"@type":"ReadAction","target":["https:\/\/vitablanca.ma\/produit\/acm-novophane-k-shampooing-pellicules-severes-125ml\/"]}]},{"@type":"ImageObject","inLanguage":"en-US","@id":"https:\/\/vitablanca.ma\/produit\/acm-novophane-k-shampooing-pellicules-severes-125ml\/#primaryimage","url":"https:\/\/vitablanca.ma\/wp-content\/uploads\/2025\/06\/ACM-Novophane-k-Shampooing-Pellicules-Severes-125ml-prix-maroc-parapharmacie-casablanca.jpg","contentUrl":"https:\/\/vitablanca.ma\/wp-content\/uploads\/2025\/06\/ACM-Novophane-k-Shampooing-Pellicules-Severes-125ml-prix-maroc-parapharmacie-casablanca.jpg","width":1000,"height":1000},{"@type":"BreadcrumbList","@id":"https:\/\/vitablanca.ma\/produit\/acm-novophane-k-shampooing-pellicules-severes-125ml\/#breadcrumb","itemListElement":[{"@type":"ListItem","position":1,"name":"Home","item":"https:\/\/vitablanca.ma\/"},{"@type":"ListItem","position":2,"name":"Tous Les Produits","item":"https:\/\/vitablanca.ma\/tous-les-produits\/"},{"@type":"ListItem","position":3,"name":"ACM Novophane k Shampooing Pellicules S\u00e9v\u00e8res 125ml"}]},{"@type":"WebSite","@id":"https:\/\/vitablanca.ma\/#website","url":"https:\/\/vitablanca.ma\/","name":"VitaBlanca.ma | Food supplements, health &amp; beauty in Morocco","description":"sell premium vitamins and supplements from USA &amp; Canada, New Zealand, Morocco (NOW Foods, Solgar, Manuka). Fast delivery anywhere in Morocco.","publisher":{"@id":"https:\/\/vitablanca.ma\/#organization"},"alternateName":"VitaBlanca.ma","potentialAction":[{"@type":"SearchAction","target":{"@type":"EntryPoint","urlTemplate":"https:\/\/vitablanca.ma\/?s={search_term_string}"},"query-input":{"@type":"PropertyValueSpecification","valueRequired":true,"valueName":"search_term_string"}}],"inLanguage":"en-US"},{"@type":"Organization","@id":"https:\/\/vitablanca.ma\/#organization","name":"VitaBlanca","url":"https:\/\/vitablanca.ma\/","logo":{"@type":"ImageObject","inLanguage":"en-US","@id":"https:\/\/vitablanca.ma\/#\/schema\/logo\/image\/","url":"https:\/\/vitablanca.ma\/wp-content\/uploads\/2025\/05\/cropped-vitablanca.png","contentUrl":"https:\/\/vitablanca.ma\/wp-content\/uploads\/2025\/05\/cropped-vitablanca.png","width":360,"height":67,"caption":"VitaBlanca"},"image":{"@id":"https:\/\/vitablanca.ma\/#\/schema\/logo\/image\/"},"sameAs":["https:\/\/www.facebook.com\/profile.php?id=61576678196717","https:\/\/www.tiktok.com\/@vitablanca.ma","https:\/\/www.instagram.com\/vitablanca.ma\/"]}]}},"jetpack_sharing_enabled":true,"_links":{"self":[{"href":"https:\/\/vitablanca.ma\/en\/wp-json\/wp\/v2\/product\/15221","targetHints":{"allow":["GET"]}}],"collection":[{"href":"https:\/\/vitablanca.ma\/en\/wp-json\/wp\/v2\/product"}],"about":[{"href":"https:\/\/vitablanca.ma\/en\/wp-json\/wp\/v2\/types\/product"}],"wp:featuredmedia":[{"embeddable":true,"href":"https:\/\/vitablanca.ma\/en\/wp-json\/wp\/v2\/media\/15220"}],"wp:attachment":[{"href":"https:\/\/vitablanca.ma\/en\/wp-json\/wp\/v2\/media?parent=15221"}],"wp:term":[{"taxonomy":"product_brand","embeddable":true,"href":"https:\/\/vitablanca.ma\/en\/wp-json\/wp\/v2\/product_brand?post=15221"},{"taxonomy":"product_cat","embeddable":true,"href":"https:\/\/vitablanca.ma\/en\/wp-json\/wp\/v2\/product_cat?post=15221"},{"taxonomy":"product_tag","embeddable":true,"href":"https:\/\/vitablanca.ma\/en\/wp-json\/wp\/v2\/product_tag?post=15221"}],"curies":[{"name":"wp","href":"https:\/\/api.w.org\/{rel}","templated":true}]}}