{"id":15168,"date":"2025-06-10T15:53:06","date_gmt":"2025-06-10T15:53:06","guid":{"rendered":"https:\/\/vitablanca.ma\/product\/avene-hydrance-uv-legere-emulsion-hydratante-spf30-40ml\/"},"modified":"2025-07-13T17:15:15","modified_gmt":"2025-07-13T17:15:15","slug":"avene-hydrance-uv-legere-emulsion-hydratante-spf30-40ml","status":"publish","type":"product","link":"https:\/\/vitablanca.ma\/en\/product\/avene-hydrance-uv-legere-emulsion-hydratante-spf30-40ml\/","title":{"rendered":"Av\u00e8ne Hydrance UV LIGHT Moisturizing Emulsion SPF30 40ml"},"content":{"rendered":"<h2>Av\u00e8ne Hydrance UV LIGHT Moisturizing Emulsion SPF30.\u00a0<span data-mce-fragment=\"1\">A lightweight hydrating emulsion that leaves skin feeling hydrated, supple and soft all day long.<\/span><br \/>\n<\/h2>\n<p><span data-mce-fragment=\"1\">Moisturizing, softening, non-sticky.<br \/>40ml.<\/span><\/p>\n<p><span data-mce-fragment=\"1\">Thanks to the caressing touch of this light fluid, hydration becomes the basis of the beauty routine for all dehydrated, sensitive, normal to combination skin. Hydrance LIGHT Moisturizing Emulsion provides a refill of Av\u00e8ne Thermal Spring Water, to provide 24 hours of hydration. Its light, non-sticky texture leaves skin supple and soft, quenched throughout the day, while its subtle fragrance awakens the senses. Also available with SPF30 UV protection or in a tinted BB version.<\/span><\/p>\n<p class=\"style-1\">Ideal for\u00a0<span>Adults.<br \/><\/span><\/p>\n<p class=\"style-1\">Skin type:\u00a0<span>Normal skin, combination skin, sensitive skin.<br \/><\/span><\/p>\n<p class=\"style-1\">Need:\u00a0<span>Comfort, hydration.<br \/><\/span><\/p>\n<div class=\"block-content-heading\">\n<h3 class=\"\" id=\"\">Advantage<\/h3>\n<\/div>\n<p>Hydrance LEGERE Moisturizing Emulsion provides a refill of Av\u00e8ne Thermal Spring Water, for soft, long-lasting hydration. Particularly suitable for sensitive, dehydrated, normal to combination skin.<\/p>\n<div class=\"block-content-heading\">\n<h3 class=\"\" id=\"\">Benefits<\/h3>\n<\/div>\n<p>\u2022 HYDRATES 24 hours continuously. The action of the patented* Cohederm\u2122 moisturizing complex of active ingredients in Hydrance L\u00c9G\u00c8RE Moisturizing Emulsion ensures optimal diffusion of Av\u00e8ne Thermal Spring Water and limits its evaporation.<br \/>\u2022 SOFTENS: This hydrating fluid with a subtle fresh fragrance provides a refill of Av\u00e8ne Thermal Spring Water with each application, for soft and luminous skin.<br \/>\u2022 COMFORTS: Its fine, non-greasy texture quenches the skin all day long and restores its suppleness and freshness.<\/p>\n<p class=\"style-1\"><strong>Texture advantage:<\/strong><br \/><span>A fluid and melting texture that lightly quenches the skin&#039;s thirst.<br \/><\/span><\/p>\n<p class=\"style-1\"><strong>Contents Scent:<\/strong><br \/><span>Soft and light<\/span><\/p>\n<div class=\"app-step__title\">\n<h3 class=\"style-1\" id=\"\">Directions for use<\/h3>\n<\/div>\n<div class=\"app-step__description\">\n<p>Spread a pearl of Hydrance LEGERE onto your fingertips, apply it in small touches to your face and neck and smooth it in with your fingertips.<\/p>\n<\/div>\n<p class=\"style-1\">\u00a0<\/p>","protected":false},"excerpt":{"rendered":"<p>Av\u00e8ne Hydrance UV L\u00c9G\u00c8RE \u00c9mulsion hydratante SPF30.\u00a0Une \u00e9mulsion hydratante l\u00e9g\u00e8re qui laisse la peau hydrat\u00e9e, souple et douce durant toute la journ\u00e9e. Hydratant, adoucissant, non-collant.40ml. Gr\u00e2ce au toucher caresse de ce fluide l\u00e9ger, l\u2019hydratation devient la base de la routine beaut\u00e9 de toutes les peaux sensibles d\u00e9shydrat\u00e9es normales \u00e0 mixtes. Hydrance L\u00c9G\u00c8RE \u00c9mulsion hydratante apporte [&hellip;]<\/p>\n","protected":false},"featured_media":15163,"template":"","meta":{"om_disable_all_campaigns":false},"product_brand":[2793],"product_cat":[18,15],"product_tag":[3265,3266,3267],"class_list":{"0":"post-15168","1":"product","2":"type-product","3":"status-publish","4":"has-post-thumbnail","6":"product_brand-avene-prix-maroc","7":"product_cat-beaute-sante","8":"product_cat-beaute-sante-complements-alimentaires-soins-et-bien-etre-au-meilleur-prix","9":"product_tag-avene","10":"product_tag-avene-maroc","11":"product_tag-avene-morocco","13":"first","14":"instock","15":"sale","16":"taxable","17":"shipping-taxable","18":"purchasable","19":"product-type-simple"},"yoast_head":"<!-- This site is optimized with the Yoast SEO plugin v27.4 - https:\/\/yoast.com\/product\/yoast-seo-wordpress\/ -->\n<title>Av\u00e8ne Hydrance UV L\u00c9G\u00c8RE \u00c9mulsion hydratante SPF30 40ml - Maroc Prix<\/title>\n<meta name=\"description\" content=\"Av\u00e8ne Hydrance UV L\u00c9G\u00c8RE \u00c9mulsion hydratante SPF30 40ml\" \/>\n<meta name=\"robots\" content=\"index, follow, max-snippet:-1, max-image-preview:large, max-video-preview:-1\" \/>\n<link rel=\"canonical\" href=\"https:\/\/vitablanca.ma\/en\/product\/avene-hydrance-uv-legere-emulsion-hydratante-spf30-40ml\/\" \/>\n<meta property=\"og:locale\" content=\"en_US\" \/>\n<meta property=\"og:type\" content=\"article\" \/>\n<meta property=\"og:title\" content=\"Av\u00e8ne Hydrance UV L\u00c9G\u00c8RE \u00c9mulsion hydratante SPF30 40ml - Maroc Prix\" \/>\n<meta property=\"og:description\" content=\"Av\u00e8ne Hydrance UV L\u00c9G\u00c8RE \u00c9mulsion hydratante SPF30 40ml\" \/>\n<meta property=\"og:url\" content=\"https:\/\/vitablanca.ma\/en\/product\/avene-hydrance-uv-legere-emulsion-hydratante-spf30-40ml\/\" \/>\n<meta property=\"og:site_name\" content=\"Vitablanca.ma &ndash; Sant&eacute;, vitalit&eacute; et bien-&ecirc;tre pour tous les Marocains\" \/>\n<meta property=\"article:publisher\" content=\"https:\/\/www.facebook.com\/profile.php?id=61576678196717\" \/>\n<meta property=\"article:modified_time\" content=\"2025-07-13T17:15:15+00:00\" \/>\n<meta property=\"og:image\" content=\"https:\/\/vitablanca.ma\/wp-content\/uploads\/2025\/06\/avene-hydrance-uv-legere-creme-hydratante-spf-20-40-ml.jpg\" \/>\n\t<meta property=\"og:image:width\" content=\"800\" \/>\n\t<meta property=\"og:image:height\" content=\"800\" \/>\n\t<meta property=\"og:image:type\" content=\"image\/jpeg\" \/>\n<meta name=\"twitter:card\" content=\"summary_large_image\" \/>\n<meta name=\"twitter:label1\" content=\"Est. reading time\" \/>\n\t<meta name=\"twitter:data1\" content=\"2 minutes\" \/>\n<script type=\"application\/ld+json\" class=\"yoast-schema-graph\">{\"@context\":\"https:\\\/\\\/schema.org\",\"@graph\":[{\"@type\":[\"WebPage\",\"ItemPage\"],\"@id\":\"https:\\\/\\\/vitablanca.ma\\\/produit\\\/avene-hydrance-uv-legere-emulsion-hydratante-spf30-40ml\\\/\",\"url\":\"https:\\\/\\\/vitablanca.ma\\\/produit\\\/avene-hydrance-uv-legere-emulsion-hydratante-spf30-40ml\\\/\",\"name\":\"Av\u00e8ne Hydrance UV L\u00c9G\u00c8RE \u00c9mulsion hydratante SPF30 40ml - Maroc Prix\",\"isPartOf\":{\"@id\":\"https:\\\/\\\/vitablanca.ma\\\/#website\"},\"primaryImageOfPage\":{\"@id\":\"https:\\\/\\\/vitablanca.ma\\\/produit\\\/avene-hydrance-uv-legere-emulsion-hydratante-spf30-40ml\\\/#primaryimage\"},\"image\":{\"@id\":\"https:\\\/\\\/vitablanca.ma\\\/produit\\\/avene-hydrance-uv-legere-emulsion-hydratante-spf30-40ml\\\/#primaryimage\"},\"thumbnailUrl\":\"https:\\\/\\\/vitablanca.ma\\\/wp-content\\\/uploads\\\/2025\\\/06\\\/avene-hydrance-uv-legere-creme-hydratante-spf-20-40-ml.jpg\",\"datePublished\":\"2025-06-10T15:53:06+00:00\",\"dateModified\":\"2025-07-13T17:15:15+00:00\",\"description\":\"Av\u00e8ne Hydrance UV L\u00c9G\u00c8RE \u00c9mulsion hydratante SPF30 40ml\",\"breadcrumb\":{\"@id\":\"https:\\\/\\\/vitablanca.ma\\\/produit\\\/avene-hydrance-uv-legere-emulsion-hydratante-spf30-40ml\\\/#breadcrumb\"},\"inLanguage\":\"en-US\",\"potentialAction\":[{\"@type\":\"ReadAction\",\"target\":[\"https:\\\/\\\/vitablanca.ma\\\/produit\\\/avene-hydrance-uv-legere-emulsion-hydratante-spf30-40ml\\\/\"]}]},{\"@type\":\"ImageObject\",\"inLanguage\":\"en-US\",\"@id\":\"https:\\\/\\\/vitablanca.ma\\\/produit\\\/avene-hydrance-uv-legere-emulsion-hydratante-spf30-40ml\\\/#primaryimage\",\"url\":\"https:\\\/\\\/vitablanca.ma\\\/wp-content\\\/uploads\\\/2025\\\/06\\\/avene-hydrance-uv-legere-creme-hydratante-spf-20-40-ml.jpg\",\"contentUrl\":\"https:\\\/\\\/vitablanca.ma\\\/wp-content\\\/uploads\\\/2025\\\/06\\\/avene-hydrance-uv-legere-creme-hydratante-spf-20-40-ml.jpg\",\"width\":800,\"height\":800},{\"@type\":\"BreadcrumbList\",\"@id\":\"https:\\\/\\\/vitablanca.ma\\\/produit\\\/avene-hydrance-uv-legere-emulsion-hydratante-spf30-40ml\\\/#breadcrumb\",\"itemListElement\":[{\"@type\":\"ListItem\",\"position\":1,\"name\":\"Home\",\"item\":\"https:\\\/\\\/vitablanca.ma\\\/\"},{\"@type\":\"ListItem\",\"position\":2,\"name\":\"Tous Les Produits\",\"item\":\"https:\\\/\\\/vitablanca.ma\\\/tous-les-produits\\\/\"},{\"@type\":\"ListItem\",\"position\":3,\"name\":\"Av\u00e8ne Hydrance UV L\u00c9G\u00c8RE \u00c9mulsion hydratante SPF30 40ml\"}]},{\"@type\":\"WebSite\",\"@id\":\"https:\\\/\\\/vitablanca.ma\\\/#website\",\"url\":\"https:\\\/\\\/vitablanca.ma\\\/\",\"name\":\"VitaBlanca.ma | Compl\u00e9ments alimentaires, sant\u00e9 & beaut\u00e9 au Maroc\",\"description\":\"vendre vitamines et compl\u00e9ments premium des USA &amp; Canada, Nouvelle Z\u00e9lande,Maroc (NOW Foods, Solgar, Manuka). Livraison rapide partout au Maroc.\",\"publisher\":{\"@id\":\"https:\\\/\\\/vitablanca.ma\\\/#organization\"},\"alternateName\":\"VitaBlanca.ma\",\"potentialAction\":[{\"@type\":\"SearchAction\",\"target\":{\"@type\":\"EntryPoint\",\"urlTemplate\":\"https:\\\/\\\/vitablanca.ma\\\/?s={search_term_string}\"},\"query-input\":{\"@type\":\"PropertyValueSpecification\",\"valueRequired\":true,\"valueName\":\"search_term_string\"}}],\"inLanguage\":\"en-US\"},{\"@type\":\"Organization\",\"@id\":\"https:\\\/\\\/vitablanca.ma\\\/#organization\",\"name\":\"VitaBlanca\",\"url\":\"https:\\\/\\\/vitablanca.ma\\\/\",\"logo\":{\"@type\":\"ImageObject\",\"inLanguage\":\"en-US\",\"@id\":\"https:\\\/\\\/vitablanca.ma\\\/#\\\/schema\\\/logo\\\/image\\\/\",\"url\":\"https:\\\/\\\/vitablanca.ma\\\/wp-content\\\/uploads\\\/2025\\\/05\\\/cropped-vitablanca.png\",\"contentUrl\":\"https:\\\/\\\/vitablanca.ma\\\/wp-content\\\/uploads\\\/2025\\\/05\\\/cropped-vitablanca.png\",\"width\":360,\"height\":67,\"caption\":\"VitaBlanca\"},\"image\":{\"@id\":\"https:\\\/\\\/vitablanca.ma\\\/#\\\/schema\\\/logo\\\/image\\\/\"},\"sameAs\":[\"https:\\\/\\\/www.facebook.com\\\/profile.php?id=61576678196717\",\"https:\\\/\\\/www.tiktok.com\\\/@vitablanca.ma\",\"https:\\\/\\\/www.instagram.com\\\/vitablanca.ma\\\/\"]}]}<\/script>\n<!-- \/ Yoast SEO plugin. -->","yoast_head_json":{"title":"Av\u00e8ne Hydrance UV LIGHT Moisturizing Emulsion SPF30 40ml - Morocco Price","description":"Av\u00e8ne Hydrance UV LIGHT Moisturizing Emulsion SPF30 40ml","robots":{"index":"index","follow":"follow","max-snippet":"max-snippet:-1","max-image-preview":"max-image-preview:large","max-video-preview":"max-video-preview:-1"},"canonical":"https:\/\/vitablanca.ma\/en\/product\/avene-hydrance-uv-legere-emulsion-hydratante-spf30-40ml\/","og_locale":"en_US","og_type":"article","og_title":"Av\u00e8ne Hydrance UV L\u00c9G\u00c8RE \u00c9mulsion hydratante SPF30 40ml - Maroc Prix","og_description":"Av\u00e8ne Hydrance UV L\u00c9G\u00c8RE \u00c9mulsion hydratante SPF30 40ml","og_url":"https:\/\/vitablanca.ma\/en\/product\/avene-hydrance-uv-legere-emulsion-hydratante-spf30-40ml\/","og_site_name":"Vitablanca.ma &ndash; Sant&eacute;, vitalit&eacute; et bien-&ecirc;tre pour tous les Marocains","article_publisher":"https:\/\/www.facebook.com\/profile.php?id=61576678196717","article_modified_time":"2025-07-13T17:15:15+00:00","og_image":[{"width":800,"height":800,"url":"https:\/\/vitablanca.ma\/wp-content\/uploads\/2025\/06\/avene-hydrance-uv-legere-creme-hydratante-spf-20-40-ml.jpg","type":"image\/jpeg"}],"twitter_card":"summary_large_image","twitter_misc":{"Est. reading time":"2 minutes"},"schema":{"@context":"https:\/\/schema.org","@graph":[{"@type":["WebPage","ItemPage"],"@id":"https:\/\/vitablanca.ma\/produit\/avene-hydrance-uv-legere-emulsion-hydratante-spf30-40ml\/","url":"https:\/\/vitablanca.ma\/produit\/avene-hydrance-uv-legere-emulsion-hydratante-spf30-40ml\/","name":"Av\u00e8ne Hydrance UV LIGHT Moisturizing Emulsion SPF30 40ml - Morocco Price","isPartOf":{"@id":"https:\/\/vitablanca.ma\/#website"},"primaryImageOfPage":{"@id":"https:\/\/vitablanca.ma\/produit\/avene-hydrance-uv-legere-emulsion-hydratante-spf30-40ml\/#primaryimage"},"image":{"@id":"https:\/\/vitablanca.ma\/produit\/avene-hydrance-uv-legere-emulsion-hydratante-spf30-40ml\/#primaryimage"},"thumbnailUrl":"https:\/\/vitablanca.ma\/wp-content\/uploads\/2025\/06\/avene-hydrance-uv-legere-creme-hydratante-spf-20-40-ml.jpg","datePublished":"2025-06-10T15:53:06+00:00","dateModified":"2025-07-13T17:15:15+00:00","description":"Av\u00e8ne Hydrance UV LIGHT Moisturizing Emulsion SPF30 40ml","breadcrumb":{"@id":"https:\/\/vitablanca.ma\/produit\/avene-hydrance-uv-legere-emulsion-hydratante-spf30-40ml\/#breadcrumb"},"inLanguage":"en-US","potentialAction":[{"@type":"ReadAction","target":["https:\/\/vitablanca.ma\/produit\/avene-hydrance-uv-legere-emulsion-hydratante-spf30-40ml\/"]}]},{"@type":"ImageObject","inLanguage":"en-US","@id":"https:\/\/vitablanca.ma\/produit\/avene-hydrance-uv-legere-emulsion-hydratante-spf30-40ml\/#primaryimage","url":"https:\/\/vitablanca.ma\/wp-content\/uploads\/2025\/06\/avene-hydrance-uv-legere-creme-hydratante-spf-20-40-ml.jpg","contentUrl":"https:\/\/vitablanca.ma\/wp-content\/uploads\/2025\/06\/avene-hydrance-uv-legere-creme-hydratante-spf-20-40-ml.jpg","width":800,"height":800},{"@type":"BreadcrumbList","@id":"https:\/\/vitablanca.ma\/produit\/avene-hydrance-uv-legere-emulsion-hydratante-spf30-40ml\/#breadcrumb","itemListElement":[{"@type":"ListItem","position":1,"name":"Home","item":"https:\/\/vitablanca.ma\/"},{"@type":"ListItem","position":2,"name":"Tous Les Produits","item":"https:\/\/vitablanca.ma\/tous-les-produits\/"},{"@type":"ListItem","position":3,"name":"Av\u00e8ne Hydrance UV L\u00c9G\u00c8RE \u00c9mulsion hydratante SPF30 40ml"}]},{"@type":"WebSite","@id":"https:\/\/vitablanca.ma\/#website","url":"https:\/\/vitablanca.ma\/","name":"VitaBlanca.ma | Food supplements, health &amp; beauty in Morocco","description":"sell premium vitamins and supplements from USA &amp; Canada, New Zealand, Morocco (NOW Foods, Solgar, Manuka). Fast delivery anywhere in Morocco.","publisher":{"@id":"https:\/\/vitablanca.ma\/#organization"},"alternateName":"VitaBlanca.ma","potentialAction":[{"@type":"SearchAction","target":{"@type":"EntryPoint","urlTemplate":"https:\/\/vitablanca.ma\/?s={search_term_string}"},"query-input":{"@type":"PropertyValueSpecification","valueRequired":true,"valueName":"search_term_string"}}],"inLanguage":"en-US"},{"@type":"Organization","@id":"https:\/\/vitablanca.ma\/#organization","name":"VitaBlanca","url":"https:\/\/vitablanca.ma\/","logo":{"@type":"ImageObject","inLanguage":"en-US","@id":"https:\/\/vitablanca.ma\/#\/schema\/logo\/image\/","url":"https:\/\/vitablanca.ma\/wp-content\/uploads\/2025\/05\/cropped-vitablanca.png","contentUrl":"https:\/\/vitablanca.ma\/wp-content\/uploads\/2025\/05\/cropped-vitablanca.png","width":360,"height":67,"caption":"VitaBlanca"},"image":{"@id":"https:\/\/vitablanca.ma\/#\/schema\/logo\/image\/"},"sameAs":["https:\/\/www.facebook.com\/profile.php?id=61576678196717","https:\/\/www.tiktok.com\/@vitablanca.ma","https:\/\/www.instagram.com\/vitablanca.ma\/"]}]}},"jetpack_sharing_enabled":true,"_links":{"self":[{"href":"https:\/\/vitablanca.ma\/en\/wp-json\/wp\/v2\/product\/15168","targetHints":{"allow":["GET"]}}],"collection":[{"href":"https:\/\/vitablanca.ma\/en\/wp-json\/wp\/v2\/product"}],"about":[{"href":"https:\/\/vitablanca.ma\/en\/wp-json\/wp\/v2\/types\/product"}],"wp:featuredmedia":[{"embeddable":true,"href":"https:\/\/vitablanca.ma\/en\/wp-json\/wp\/v2\/media\/15163"}],"wp:attachment":[{"href":"https:\/\/vitablanca.ma\/en\/wp-json\/wp\/v2\/media?parent=15168"}],"wp:term":[{"taxonomy":"product_brand","embeddable":true,"href":"https:\/\/vitablanca.ma\/en\/wp-json\/wp\/v2\/product_brand?post=15168"},{"taxonomy":"product_cat","embeddable":true,"href":"https:\/\/vitablanca.ma\/en\/wp-json\/wp\/v2\/product_cat?post=15168"},{"taxonomy":"product_tag","embeddable":true,"href":"https:\/\/vitablanca.ma\/en\/wp-json\/wp\/v2\/product_tag?post=15168"}],"curies":[{"name":"wp","href":"https:\/\/api.w.org\/{rel}","templated":true}]}}