{"id":14980,"date":"2025-06-10T15:47:10","date_gmt":"2025-06-10T15:47:10","guid":{"rendered":"https:\/\/vitablanca.ma\/product\/avent-2-tetines-natural-slow-6m-scf044-27\/"},"modified":"2025-06-10T15:47:10","modified_gmt":"2025-06-10T15:47:10","slug":"avent-2-tetines-natural-slow-6m-scf044-27","status":"publish","type":"product","link":"https:\/\/vitablanca.ma\/en\/product\/avent-2-tetines-natural-slow-6m-scf044-27\/","title":{"rendered":"AVENT 2 Natural Slow Teats +6m scf044\/27"},"content":{"rendered":"<h2>AVENT 2 T\u00e9tines Natural Slow +6scf044\/27 md\u00e9al pour l\u2019allaitement mixte.<\/h2>\n<p data-mce-fragment=\"1\">Notre t\u00e9tine ultra-douce avec design flexible en spirale pr\u00e9sente des caract\u00e9ristiques plus proches de celles du sein. Sa forme naturelle imitant le sein et ses alv\u00e9oles de confort permettent une t\u00e9t\u00e9e naturelle et facilitent l\u2019alternance sein\/biberon.<\/p>\n<div class=\"p-s12__feature-item p-spacing-bottom-c\" data-mce-fragment=\"1\">\n<div class=\"p-s12__feature-description p-spacing-bottom-a\" data-mce-fragment=\"1\">\n<p class=\"p-heading-04-large p-heading-bold p-feature-title\" data-mce-fragment=\"1\"><strong data-mce-fragment=\"1\">Natural breastfeeding thanks to a wide teat imitating the shape of the breast<\/strong><\/p>\n<p class=\"p-body-copy-02\" data-mce-fragment=\"1\">La large t\u00e9tine imitant la forme du sein permet une t\u00e9t\u00e9e naturelle similaire \u00e0 l\u2019allaitement au sein, ce qui facilite l\u2019alternance sein\/biberon pour votre b\u00e9b\u00e9.<\/p>\n<\/div>\n<\/div>\n<div class=\"p-s12__feature-item p-spacing-bottom-c\" data-mce-fragment=\"1\">\n<div class=\"p-s12__feature-description p-spacing-bottom-a\" data-mce-fragment=\"1\">\n<p class=\"p-heading-04-large p-heading-bold p-feature-title\" data-mce-fragment=\"1\"><strong data-mce-fragment=\"1\">Ultra-soft nipple designed to replicate the feel of the breast<\/strong><\/p>\n<p class=\"p-body-copy-02\" data-mce-fragment=\"1\">The nipple features an ultra-soft texture designed to replicate the feel of the breast.<\/p>\n<\/div>\n<\/div>\n<div class=\"p-s12__feature-item p-spacing-bottom-c\" data-mce-fragment=\"1\">\n<div class=\"p-s12__feature-description p-spacing-bottom-a\" data-mce-fragment=\"1\">\n<p class=\"p-heading-04-large p-heading-bold p-feature-title\" data-mce-fragment=\"1\"><strong data-mce-fragment=\"1\">Flexible spiral design combined with comfort cells<\/strong><\/p>\n<p class=\"p-body-copy-02\" data-mce-fragment=\"1\">Le design flexible en spirale est associ\u00e9 \u00e0 nos alv\u00e9oles de confort uniques afin d\u2019obtenir une t\u00e9tine souple qui ne s\u2019\u00e9crase pas, pour une t\u00e9t\u00e9e plus naturelle.<\/p>\n<\/div>\n<\/div>","protected":false},"excerpt":{"rendered":"<p>AVENT 2 T\u00e9tines Natural Slow +6scf044\/27 md\u00e9al pour l\u2019allaitement mixte. Notre t\u00e9tine ultra-douce avec design flexible en spirale pr\u00e9sente des caract\u00e9ristiques plus proches de celles du sein. Sa forme naturelle imitant le sein et ses alv\u00e9oles de confort permettent une t\u00e9t\u00e9e naturelle et facilitent l\u2019alternance sein\/biberon. T\u00e9t\u00e9e naturelle gr\u00e2ce \u00e0 une large t\u00e9tine imitant la [&hellip;]<\/p>\n","protected":false},"featured_media":14976,"template":"","meta":{"om_disable_all_campaigns":false},"product_brand":[],"product_cat":[15],"product_tag":[],"class_list":{"0":"post-14980","1":"product","2":"type-product","3":"status-publish","4":"has-post-thumbnail","6":"product_cat-beaute-sante-complements-alimentaires-soins-et-bien-etre-au-meilleur-prix","8":"first","9":"instock","10":"sale","11":"taxable","12":"shipping-taxable","13":"purchasable","14":"product-type-simple"},"yoast_head":"<!-- This site is optimized with the Yoast SEO plugin v27.5 - https:\/\/yoast.com\/product\/yoast-seo-wordpress\/ -->\n<title>AVENT 2 T\u00e9tines Natural Slow +6m scf044\/27 - Maroc Prix<\/title>\n<meta name=\"description\" content=\"AVENT 2 T\u00e9tines Natural Slow +6m scf044\/27\" \/>\n<meta name=\"robots\" content=\"index, follow, max-snippet:-1, max-image-preview:large, max-video-preview:-1\" \/>\n<link rel=\"canonical\" href=\"https:\/\/vitablanca.ma\/en\/product\/avent-2-tetines-natural-slow-6m-scf044-27\/\" \/>\n<meta property=\"og:locale\" content=\"en_US\" \/>\n<meta property=\"og:type\" content=\"article\" \/>\n<meta property=\"og:title\" content=\"AVENT 2 T\u00e9tines Natural Slow +6m scf044\/27 - Maroc Prix\" \/>\n<meta property=\"og:description\" content=\"AVENT 2 T\u00e9tines Natural Slow +6m scf044\/27\" \/>\n<meta property=\"og:url\" content=\"https:\/\/vitablanca.ma\/en\/product\/avent-2-tetines-natural-slow-6m-scf044-27\/\" \/>\n<meta property=\"og:site_name\" content=\"Vitablanca.ma &ndash; Sant&eacute;, vitalit&eacute; et bien-&ecirc;tre pour tous les Marocains\" \/>\n<meta property=\"article:publisher\" content=\"https:\/\/www.facebook.com\/profile.php?id=61576678196717\" \/>\n<meta property=\"og:image\" content=\"https:\/\/vitablanca.ma\/wp-content\/uploads\/2025\/06\/Philips-AVENT-2-Tetines-Natural-Slow-_6m-scf044-27-nova-parapharmacie-casablanca.jpg\" \/>\n\t<meta property=\"og:image:width\" content=\"1000\" \/>\n\t<meta property=\"og:image:height\" content=\"1000\" \/>\n\t<meta property=\"og:image:type\" content=\"image\/jpeg\" \/>\n<meta name=\"twitter:card\" content=\"summary_large_image\" \/>\n<meta name=\"twitter:label1\" content=\"Est. reading time\" \/>\n\t<meta name=\"twitter:data1\" content=\"1 minute\" \/>\n<script type=\"application\/ld+json\" class=\"yoast-schema-graph\">{\"@context\":\"https:\\\/\\\/schema.org\",\"@graph\":[{\"@type\":[\"WebPage\",\"ItemPage\"],\"@id\":\"https:\\\/\\\/vitablanca.ma\\\/produit\\\/avent-2-tetines-natural-slow-6m-scf044-27\\\/\",\"url\":\"https:\\\/\\\/vitablanca.ma\\\/produit\\\/avent-2-tetines-natural-slow-6m-scf044-27\\\/\",\"name\":\"AVENT 2 T\u00e9tines Natural Slow +6m scf044\\\/27 - Maroc Prix\",\"isPartOf\":{\"@id\":\"https:\\\/\\\/vitablanca.ma\\\/#website\"},\"primaryImageOfPage\":{\"@id\":\"https:\\\/\\\/vitablanca.ma\\\/produit\\\/avent-2-tetines-natural-slow-6m-scf044-27\\\/#primaryimage\"},\"image\":{\"@id\":\"https:\\\/\\\/vitablanca.ma\\\/produit\\\/avent-2-tetines-natural-slow-6m-scf044-27\\\/#primaryimage\"},\"thumbnailUrl\":\"https:\\\/\\\/vitablanca.ma\\\/wp-content\\\/uploads\\\/2025\\\/06\\\/Philips-AVENT-2-Tetines-Natural-Slow-_6m-scf044-27-nova-parapharmacie-casablanca.jpg\",\"datePublished\":\"2025-06-10T15:47:10+00:00\",\"description\":\"AVENT 2 T\u00e9tines Natural Slow +6m scf044\\\/27\",\"breadcrumb\":{\"@id\":\"https:\\\/\\\/vitablanca.ma\\\/produit\\\/avent-2-tetines-natural-slow-6m-scf044-27\\\/#breadcrumb\"},\"inLanguage\":\"en-US\",\"potentialAction\":[{\"@type\":\"ReadAction\",\"target\":[\"https:\\\/\\\/vitablanca.ma\\\/produit\\\/avent-2-tetines-natural-slow-6m-scf044-27\\\/\"]}]},{\"@type\":\"ImageObject\",\"inLanguage\":\"en-US\",\"@id\":\"https:\\\/\\\/vitablanca.ma\\\/produit\\\/avent-2-tetines-natural-slow-6m-scf044-27\\\/#primaryimage\",\"url\":\"https:\\\/\\\/vitablanca.ma\\\/wp-content\\\/uploads\\\/2025\\\/06\\\/Philips-AVENT-2-Tetines-Natural-Slow-_6m-scf044-27-nova-parapharmacie-casablanca.jpg\",\"contentUrl\":\"https:\\\/\\\/vitablanca.ma\\\/wp-content\\\/uploads\\\/2025\\\/06\\\/Philips-AVENT-2-Tetines-Natural-Slow-_6m-scf044-27-nova-parapharmacie-casablanca.jpg\",\"width\":1000,\"height\":1000},{\"@type\":\"BreadcrumbList\",\"@id\":\"https:\\\/\\\/vitablanca.ma\\\/produit\\\/avent-2-tetines-natural-slow-6m-scf044-27\\\/#breadcrumb\",\"itemListElement\":[{\"@type\":\"ListItem\",\"position\":1,\"name\":\"Home\",\"item\":\"https:\\\/\\\/vitablanca.ma\\\/\"},{\"@type\":\"ListItem\",\"position\":2,\"name\":\"Tous Les Produits\",\"item\":\"https:\\\/\\\/vitablanca.ma\\\/tous-les-produits\\\/\"},{\"@type\":\"ListItem\",\"position\":3,\"name\":\"AVENT 2 T\u00e9tines Natural Slow +6m scf044\\\/27\"}]},{\"@type\":\"WebSite\",\"@id\":\"https:\\\/\\\/vitablanca.ma\\\/#website\",\"url\":\"https:\\\/\\\/vitablanca.ma\\\/\",\"name\":\"VitaBlanca.ma | Compl\u00e9ments alimentaires, sant\u00e9 & beaut\u00e9 au Maroc\",\"description\":\"vendre vitamines et compl\u00e9ments premium des USA &amp; Canada, Nouvelle Z\u00e9lande,Maroc (NOW Foods, Solgar, Manuka). Livraison rapide partout au Maroc.\",\"publisher\":{\"@id\":\"https:\\\/\\\/vitablanca.ma\\\/#organization\"},\"alternateName\":\"VitaBlanca.ma\",\"potentialAction\":[{\"@type\":\"SearchAction\",\"target\":{\"@type\":\"EntryPoint\",\"urlTemplate\":\"https:\\\/\\\/vitablanca.ma\\\/?s={search_term_string}\"},\"query-input\":{\"@type\":\"PropertyValueSpecification\",\"valueRequired\":true,\"valueName\":\"search_term_string\"}}],\"inLanguage\":\"en-US\"},{\"@type\":\"Organization\",\"@id\":\"https:\\\/\\\/vitablanca.ma\\\/#organization\",\"name\":\"VitaBlanca\",\"url\":\"https:\\\/\\\/vitablanca.ma\\\/\",\"logo\":{\"@type\":\"ImageObject\",\"inLanguage\":\"en-US\",\"@id\":\"https:\\\/\\\/vitablanca.ma\\\/#\\\/schema\\\/logo\\\/image\\\/\",\"url\":\"https:\\\/\\\/vitablanca.ma\\\/wp-content\\\/uploads\\\/2025\\\/05\\\/cropped-vitablanca.png\",\"contentUrl\":\"https:\\\/\\\/vitablanca.ma\\\/wp-content\\\/uploads\\\/2025\\\/05\\\/cropped-vitablanca.png\",\"width\":360,\"height\":67,\"caption\":\"VitaBlanca\"},\"image\":{\"@id\":\"https:\\\/\\\/vitablanca.ma\\\/#\\\/schema\\\/logo\\\/image\\\/\"},\"sameAs\":[\"https:\\\/\\\/www.facebook.com\\\/profile.php?id=61576678196717\",\"https:\\\/\\\/www.tiktok.com\\\/@vitablanca.ma\",\"https:\\\/\\\/www.instagram.com\\\/vitablanca.ma\\\/\"]}]}<\/script>\n<!-- \/ Yoast SEO plugin. -->","yoast_head_json":{"title":"AVENT 2 Natural Slow Teats +6m scf044\/27 - Morocco Price","description":"AVENT 2 Natural Slow Teats +6m scf044\/27","robots":{"index":"index","follow":"follow","max-snippet":"max-snippet:-1","max-image-preview":"max-image-preview:large","max-video-preview":"max-video-preview:-1"},"canonical":"https:\/\/vitablanca.ma\/en\/product\/avent-2-tetines-natural-slow-6m-scf044-27\/","og_locale":"en_US","og_type":"article","og_title":"AVENT 2 T\u00e9tines Natural Slow +6m scf044\/27 - Maroc Prix","og_description":"AVENT 2 T\u00e9tines Natural Slow +6m scf044\/27","og_url":"https:\/\/vitablanca.ma\/en\/product\/avent-2-tetines-natural-slow-6m-scf044-27\/","og_site_name":"Vitablanca.ma &ndash; Sant&eacute;, vitalit&eacute; et bien-&ecirc;tre pour tous les Marocains","article_publisher":"https:\/\/www.facebook.com\/profile.php?id=61576678196717","og_image":[{"width":1000,"height":1000,"url":"https:\/\/vitablanca.ma\/wp-content\/uploads\/2025\/06\/Philips-AVENT-2-Tetines-Natural-Slow-_6m-scf044-27-nova-parapharmacie-casablanca.jpg","type":"image\/jpeg"}],"twitter_card":"summary_large_image","twitter_misc":{"Est. reading time":"1 minute"},"schema":{"@context":"https:\/\/schema.org","@graph":[{"@type":["WebPage","ItemPage"],"@id":"https:\/\/vitablanca.ma\/produit\/avent-2-tetines-natural-slow-6m-scf044-27\/","url":"https:\/\/vitablanca.ma\/produit\/avent-2-tetines-natural-slow-6m-scf044-27\/","name":"AVENT 2 Natural Slow Teats +6m scf044\/27 - Morocco Price","isPartOf":{"@id":"https:\/\/vitablanca.ma\/#website"},"primaryImageOfPage":{"@id":"https:\/\/vitablanca.ma\/produit\/avent-2-tetines-natural-slow-6m-scf044-27\/#primaryimage"},"image":{"@id":"https:\/\/vitablanca.ma\/produit\/avent-2-tetines-natural-slow-6m-scf044-27\/#primaryimage"},"thumbnailUrl":"https:\/\/vitablanca.ma\/wp-content\/uploads\/2025\/06\/Philips-AVENT-2-Tetines-Natural-Slow-_6m-scf044-27-nova-parapharmacie-casablanca.jpg","datePublished":"2025-06-10T15:47:10+00:00","description":"AVENT 2 Natural Slow Teats +6m scf044\/27","breadcrumb":{"@id":"https:\/\/vitablanca.ma\/produit\/avent-2-tetines-natural-slow-6m-scf044-27\/#breadcrumb"},"inLanguage":"en-US","potentialAction":[{"@type":"ReadAction","target":["https:\/\/vitablanca.ma\/produit\/avent-2-tetines-natural-slow-6m-scf044-27\/"]}]},{"@type":"ImageObject","inLanguage":"en-US","@id":"https:\/\/vitablanca.ma\/produit\/avent-2-tetines-natural-slow-6m-scf044-27\/#primaryimage","url":"https:\/\/vitablanca.ma\/wp-content\/uploads\/2025\/06\/Philips-AVENT-2-Tetines-Natural-Slow-_6m-scf044-27-nova-parapharmacie-casablanca.jpg","contentUrl":"https:\/\/vitablanca.ma\/wp-content\/uploads\/2025\/06\/Philips-AVENT-2-Tetines-Natural-Slow-_6m-scf044-27-nova-parapharmacie-casablanca.jpg","width":1000,"height":1000},{"@type":"BreadcrumbList","@id":"https:\/\/vitablanca.ma\/produit\/avent-2-tetines-natural-slow-6m-scf044-27\/#breadcrumb","itemListElement":[{"@type":"ListItem","position":1,"name":"Home","item":"https:\/\/vitablanca.ma\/"},{"@type":"ListItem","position":2,"name":"Tous Les Produits","item":"https:\/\/vitablanca.ma\/tous-les-produits\/"},{"@type":"ListItem","position":3,"name":"AVENT 2 T\u00e9tines Natural Slow +6m scf044\/27"}]},{"@type":"WebSite","@id":"https:\/\/vitablanca.ma\/#website","url":"https:\/\/vitablanca.ma\/","name":"VitaBlanca.ma | Food supplements, health &amp; beauty in Morocco","description":"sell premium vitamins and supplements from USA &amp; Canada, New Zealand, Morocco (NOW Foods, Solgar, Manuka). Fast delivery anywhere in Morocco.","publisher":{"@id":"https:\/\/vitablanca.ma\/#organization"},"alternateName":"VitaBlanca.ma","potentialAction":[{"@type":"SearchAction","target":{"@type":"EntryPoint","urlTemplate":"https:\/\/vitablanca.ma\/?s={search_term_string}"},"query-input":{"@type":"PropertyValueSpecification","valueRequired":true,"valueName":"search_term_string"}}],"inLanguage":"en-US"},{"@type":"Organization","@id":"https:\/\/vitablanca.ma\/#organization","name":"VitaBlanca","url":"https:\/\/vitablanca.ma\/","logo":{"@type":"ImageObject","inLanguage":"en-US","@id":"https:\/\/vitablanca.ma\/#\/schema\/logo\/image\/","url":"https:\/\/vitablanca.ma\/wp-content\/uploads\/2025\/05\/cropped-vitablanca.png","contentUrl":"https:\/\/vitablanca.ma\/wp-content\/uploads\/2025\/05\/cropped-vitablanca.png","width":360,"height":67,"caption":"VitaBlanca"},"image":{"@id":"https:\/\/vitablanca.ma\/#\/schema\/logo\/image\/"},"sameAs":["https:\/\/www.facebook.com\/profile.php?id=61576678196717","https:\/\/www.tiktok.com\/@vitablanca.ma","https:\/\/www.instagram.com\/vitablanca.ma\/"]}]}},"jetpack_sharing_enabled":true,"_links":{"self":[{"href":"https:\/\/vitablanca.ma\/en\/wp-json\/wp\/v2\/product\/14980","targetHints":{"allow":["GET"]}}],"collection":[{"href":"https:\/\/vitablanca.ma\/en\/wp-json\/wp\/v2\/product"}],"about":[{"href":"https:\/\/vitablanca.ma\/en\/wp-json\/wp\/v2\/types\/product"}],"wp:featuredmedia":[{"embeddable":true,"href":"https:\/\/vitablanca.ma\/en\/wp-json\/wp\/v2\/media\/14976"}],"wp:attachment":[{"href":"https:\/\/vitablanca.ma\/en\/wp-json\/wp\/v2\/media?parent=14980"}],"wp:term":[{"taxonomy":"product_brand","embeddable":true,"href":"https:\/\/vitablanca.ma\/en\/wp-json\/wp\/v2\/product_brand?post=14980"},{"taxonomy":"product_cat","embeddable":true,"href":"https:\/\/vitablanca.ma\/en\/wp-json\/wp\/v2\/product_cat?post=14980"},{"taxonomy":"product_tag","embeddable":true,"href":"https:\/\/vitablanca.ma\/en\/wp-json\/wp\/v2\/product_tag?post=14980"}],"curies":[{"name":"wp","href":"https:\/\/api.w.org\/{rel}","templated":true}]}}