{"id":14969,"date":"2025-06-10T15:45:26","date_gmt":"2025-06-10T15:45:26","guid":{"rendered":"https:\/\/vitablanca.ma\/product\/forcapil-arkopharma-cheveux-et-ongles-boite-60-gelules\/"},"modified":"2026-03-05T23:16:46","modified_gmt":"2026-03-05T23:16:46","slug":"forcapil-arkopharma-cheveux-et-ongles-boite-60-gelules","status":"publish","type":"product","link":"https:\/\/vitablanca.ma\/en\/product\/forcapil-arkopharma-cheveux-et-ongles-boite-60-gelules\/","title":{"rendered":"Forcapil Arkopharma Hair and Nails Box of 60 Capsules"},"content":{"rendered":"<p data-start=\"942\" data-end=\"1254\"><strong data-start=\"942\" data-end=\"995\">Forcapil Arkopharma Cheveux & Ongles \u2013 60 g\u00e9lules<\/strong> est un compl\u00e9ment alimentaire sp\u00e9cialement con\u00e7u pour soutenir la <strong data-start=\"1062\" data-end=\"1097\">sant\u00e9 des cheveux et des ongles<\/strong>. Sa formule associe vitamines, min\u00e9raux et acides amin\u00e9s essentiels qui contribuent \u00e0 renforcer la fibre capillaire et \u00e0 am\u00e9liorer la r\u00e9sistance des ongles.<\/p>\n<p data-start=\"1256\" data-end=\"1528\">Gr\u00e2ce \u00e0 sa composition riche en <strong data-start=\"1288\" data-end=\"1343\">biotine, vitamines B, zinc et acides amin\u00e9s soufr\u00e9s<\/strong>, Forcapil aide \u00e0 stimuler la croissance des cheveux, r\u00e9duire leur chute et am\u00e9liorer leur densit\u00e9 et leur brillance. Il contribue \u00e9galement \u00e0 renforcer les ongles fragiles et cassants.<\/p>\n<p data-start=\"1530\" data-end=\"1724\">Ce compl\u00e9ment est particuli\u00e8rement recommand\u00e9 lors des p\u00e9riodes de <strong data-start=\"1597\" data-end=\"1661\">fatigue, stress, changements saisonniers ou chute de cheveux<\/strong>, afin d\u2019aider \u00e0 maintenir des cheveux forts et en bonne sant\u00e9.<\/p>\n<h3>WHEN AND WHY TO USE IT?<\/h3>\n<p>Hair is primarily made up of keratin, a protein that gives it elasticity, strength, and shine. It is synthesized from the sulfur-containing amino acids cystine and methionine, under the action of zinc and B vitamins. Keratin is also a major constituent of nails. Forcapil contains a comprehensive formula with sulfur-containing amino acids (cystine and methionine), vitamins, and minerals. Zinc contributes to the normal synthesis of proteins, such as keratin. Vitamin B8 contributes to the maintenance of healthy, supple, shiny, and strong hair. Zinc also helps maintain beautiful nails.<\/p>\n<h3>HOW TO USE IT?<\/h3>\n<p>Oral use. Take 2 capsules in the morning for 2 to 4 months. Swallow the capsules with a large glass of water during breakfast.<\/p>\n<h3>RECOMMENDATIONS:<\/h3>\n<p>Do not exceed the recommended daily dose,<br \/>\nA food supplement should not replace a varied and balanced diet and a healthy lifestyle.<\/p>\n<h3>COMPOSITION:<\/h3>\n<p>Methionine, cystine, vitamin B complex and zinc capsules;<br \/>\nL-cystine;<br \/>\nCellulose;<br \/>\nL-methionine;<br \/>\nZinc oxide\/Zinkoxide;<br \/>\nVitamin B5;<br \/>\nVitamin B6;<br \/>\nAnti-caking agent: magnesium stearate;<br \/>\nVitamin D3;<br \/>\nVitamin B8 (biotin);<br \/>\nVitamin B9;<br \/>\nColourings: E171, E172.<\/p>","protected":false},"excerpt":{"rendered":"<p>Forcapil Arkopharma Cheveux &#038; Ongles \u2013 60 g\u00e9lules est un compl\u00e9ment alimentaire sp\u00e9cialement con\u00e7u pour soutenir la sant\u00e9 des cheveux et des ongles. Sa formule associe vitamines, min\u00e9raux et acides amin\u00e9s essentiels qui contribuent \u00e0 renforcer la fibre capillaire et \u00e0 am\u00e9liorer la r\u00e9sistance des ongles. Gr\u00e2ce \u00e0 sa composition riche en biotine, vitamines B, [&hellip;]<\/p>\n","protected":false},"featured_media":33803,"template":"","meta":{"om_disable_all_campaigns":false},"product_brand":[2791],"product_cat":[18],"product_tag":[3264,3262,3263,11190,11191,11189,11188,11192,11193],"class_list":{"0":"post-14969","1":"product","2":"type-product","3":"status-publish","4":"has-post-thumbnail","6":"product_brand-arkopharma-prix-maroc","7":"product_cat-beaute-sante","8":"product_tag-arkopharma","9":"product_tag-arkopharma-maroc","10":"product_tag-arkopharma-morocco","11":"product_tag-cheveux-et-ongles-vitamines","12":"product_tag-chute-cheveux-traitement-maroc","13":"product_tag-complement-cheveux-maroc","14":"product_tag-forcapil-maroc","15":"product_tag-fortifier-cheveux-ongles","16":"product_tag-vitamines-cheveux-maroc","18":"first","19":"instock","20":"sale","21":"taxable","22":"shipping-taxable","23":"purchasable","24":"product-type-simple"},"yoast_head":"<!-- This site is optimized with the Yoast SEO plugin v27.5 - https:\/\/yoast.com\/product\/yoast-seo-wordpress\/ -->\n<title>Forcapil Arkopharma Cheveux Et Ongles Boite 60 G\u00e9lules - Maroc<\/title>\n<meta name=\"description\" content=\"Forcapil Arkopharma Cheveux &amp; Ongles 60 g\u00e9lules. Compl\u00e9ment pour renforcer les cheveux et les ongles, lutter contre la chute et favoriser la croissance.\" \/>\n<meta name=\"robots\" content=\"index, follow, max-snippet:-1, max-image-preview:large, max-video-preview:-1\" \/>\n<link rel=\"canonical\" href=\"https:\/\/vitablanca.ma\/en\/product\/forcapil-arkopharma-cheveux-et-ongles-boite-60-gelules\/\" \/>\n<meta property=\"og:locale\" content=\"en_US\" \/>\n<meta property=\"og:type\" content=\"article\" \/>\n<meta property=\"og:title\" content=\"Forcapil Arkopharma Cheveux Et Ongles Boite 60 G\u00e9lules - Maroc\" \/>\n<meta property=\"og:description\" content=\"Forcapil Arkopharma Cheveux &amp; Ongles 60 g\u00e9lules. Compl\u00e9ment pour renforcer les cheveux et les ongles, lutter contre la chute et favoriser la croissance.\" \/>\n<meta property=\"og:url\" content=\"https:\/\/vitablanca.ma\/en\/product\/forcapil-arkopharma-cheveux-et-ongles-boite-60-gelules\/\" \/>\n<meta property=\"og:site_name\" content=\"Vitablanca.ma &ndash; Sant&eacute;, vitalit&eacute; et bien-&ecirc;tre pour tous les Marocains\" \/>\n<meta property=\"article:publisher\" content=\"https:\/\/www.facebook.com\/profile.php?id=61576678196717\" \/>\n<meta property=\"article:modified_time\" content=\"2026-03-05T23:16:46+00:00\" \/>\n<meta property=\"og:image\" content=\"https:\/\/vitablanca.ma\/wp-content\/uploads\/2025\/06\/forcapil-cheveux-ongles.webp\" \/>\n\t<meta property=\"og:image:width\" content=\"1080\" \/>\n\t<meta property=\"og:image:height\" content=\"1080\" \/>\n\t<meta property=\"og:image:type\" content=\"image\/webp\" \/>\n<meta name=\"twitter:card\" content=\"summary_large_image\" \/>\n<meta name=\"twitter:label1\" content=\"Est. reading time\" \/>\n\t<meta name=\"twitter:data1\" content=\"2 minutes\" \/>\n<script type=\"application\/ld+json\" class=\"yoast-schema-graph\">{\"@context\":\"https:\\\/\\\/schema.org\",\"@graph\":[{\"@type\":[\"WebPage\",\"ItemPage\"],\"@id\":\"https:\\\/\\\/vitablanca.ma\\\/produit\\\/forcapil-arkopharma-cheveux-et-ongles-boite-60-gelules\\\/\",\"url\":\"https:\\\/\\\/vitablanca.ma\\\/produit\\\/forcapil-arkopharma-cheveux-et-ongles-boite-60-gelules\\\/\",\"name\":\"Forcapil Arkopharma Cheveux Et Ongles Boite 60 G\u00e9lules - Maroc\",\"isPartOf\":{\"@id\":\"https:\\\/\\\/vitablanca.ma\\\/#website\"},\"primaryImageOfPage\":{\"@id\":\"https:\\\/\\\/vitablanca.ma\\\/produit\\\/forcapil-arkopharma-cheveux-et-ongles-boite-60-gelules\\\/#primaryimage\"},\"image\":{\"@id\":\"https:\\\/\\\/vitablanca.ma\\\/produit\\\/forcapil-arkopharma-cheveux-et-ongles-boite-60-gelules\\\/#primaryimage\"},\"thumbnailUrl\":\"https:\\\/\\\/vitablanca.ma\\\/wp-content\\\/uploads\\\/2025\\\/06\\\/forcapil-cheveux-ongles.webp\",\"datePublished\":\"2025-06-10T15:45:26+00:00\",\"dateModified\":\"2026-03-05T23:16:46+00:00\",\"description\":\"Forcapil Arkopharma Cheveux & Ongles 60 g\u00e9lules. Compl\u00e9ment pour renforcer les cheveux et les ongles, lutter contre la chute et favoriser la croissance.\",\"breadcrumb\":{\"@id\":\"https:\\\/\\\/vitablanca.ma\\\/produit\\\/forcapil-arkopharma-cheveux-et-ongles-boite-60-gelules\\\/#breadcrumb\"},\"inLanguage\":\"en-US\",\"potentialAction\":[{\"@type\":\"ReadAction\",\"target\":[\"https:\\\/\\\/vitablanca.ma\\\/produit\\\/forcapil-arkopharma-cheveux-et-ongles-boite-60-gelules\\\/\"]}]},{\"@type\":\"ImageObject\",\"inLanguage\":\"en-US\",\"@id\":\"https:\\\/\\\/vitablanca.ma\\\/produit\\\/forcapil-arkopharma-cheveux-et-ongles-boite-60-gelules\\\/#primaryimage\",\"url\":\"https:\\\/\\\/vitablanca.ma\\\/wp-content\\\/uploads\\\/2025\\\/06\\\/forcapil-cheveux-ongles.webp\",\"contentUrl\":\"https:\\\/\\\/vitablanca.ma\\\/wp-content\\\/uploads\\\/2025\\\/06\\\/forcapil-cheveux-ongles.webp\",\"width\":1080,\"height\":1080},{\"@type\":\"BreadcrumbList\",\"@id\":\"https:\\\/\\\/vitablanca.ma\\\/produit\\\/forcapil-arkopharma-cheveux-et-ongles-boite-60-gelules\\\/#breadcrumb\",\"itemListElement\":[{\"@type\":\"ListItem\",\"position\":1,\"name\":\"Home\",\"item\":\"https:\\\/\\\/vitablanca.ma\\\/\"},{\"@type\":\"ListItem\",\"position\":2,\"name\":\"Tous Les Produits\",\"item\":\"https:\\\/\\\/vitablanca.ma\\\/tous-les-produits\\\/\"},{\"@type\":\"ListItem\",\"position\":3,\"name\":\"Forcapil Arkopharma Cheveux Et Ongles Boite 60 G\u00e9lules\"}]},{\"@type\":\"WebSite\",\"@id\":\"https:\\\/\\\/vitablanca.ma\\\/#website\",\"url\":\"https:\\\/\\\/vitablanca.ma\\\/\",\"name\":\"VitaBlanca.ma | Compl\u00e9ments alimentaires, sant\u00e9 & beaut\u00e9 au Maroc\",\"description\":\"vendre vitamines et compl\u00e9ments premium des USA &amp; Canada, Nouvelle Z\u00e9lande,Maroc (NOW Foods, Solgar, Manuka). Livraison rapide partout au Maroc.\",\"publisher\":{\"@id\":\"https:\\\/\\\/vitablanca.ma\\\/#organization\"},\"alternateName\":\"VitaBlanca.ma\",\"potentialAction\":[{\"@type\":\"SearchAction\",\"target\":{\"@type\":\"EntryPoint\",\"urlTemplate\":\"https:\\\/\\\/vitablanca.ma\\\/?s={search_term_string}\"},\"query-input\":{\"@type\":\"PropertyValueSpecification\",\"valueRequired\":true,\"valueName\":\"search_term_string\"}}],\"inLanguage\":\"en-US\"},{\"@type\":\"Organization\",\"@id\":\"https:\\\/\\\/vitablanca.ma\\\/#organization\",\"name\":\"VitaBlanca\",\"url\":\"https:\\\/\\\/vitablanca.ma\\\/\",\"logo\":{\"@type\":\"ImageObject\",\"inLanguage\":\"en-US\",\"@id\":\"https:\\\/\\\/vitablanca.ma\\\/#\\\/schema\\\/logo\\\/image\\\/\",\"url\":\"https:\\\/\\\/vitablanca.ma\\\/wp-content\\\/uploads\\\/2025\\\/05\\\/cropped-vitablanca.png\",\"contentUrl\":\"https:\\\/\\\/vitablanca.ma\\\/wp-content\\\/uploads\\\/2025\\\/05\\\/cropped-vitablanca.png\",\"width\":360,\"height\":67,\"caption\":\"VitaBlanca\"},\"image\":{\"@id\":\"https:\\\/\\\/vitablanca.ma\\\/#\\\/schema\\\/logo\\\/image\\\/\"},\"sameAs\":[\"https:\\\/\\\/www.facebook.com\\\/profile.php?id=61576678196717\",\"https:\\\/\\\/www.tiktok.com\\\/@vitablanca.ma\",\"https:\\\/\\\/www.instagram.com\\\/vitablanca.ma\\\/\"]}]}<\/script>\n<!-- \/ Yoast SEO plugin. -->","yoast_head_json":{"title":"Forcapil Arkopharma Cheveux Et Ongles Boite 60 G\u00e9lules - Maroc","description":"Forcapil Arkopharma Cheveux & Ongles 60 g\u00e9lules. Compl\u00e9ment pour renforcer les cheveux et les ongles, lutter contre la chute et favoriser la croissance.","robots":{"index":"index","follow":"follow","max-snippet":"max-snippet:-1","max-image-preview":"max-image-preview:large","max-video-preview":"max-video-preview:-1"},"canonical":"https:\/\/vitablanca.ma\/en\/product\/forcapil-arkopharma-cheveux-et-ongles-boite-60-gelules\/","og_locale":"en_US","og_type":"article","og_title":"Forcapil Arkopharma Cheveux Et Ongles Boite 60 G\u00e9lules - Maroc","og_description":"Forcapil Arkopharma Cheveux & Ongles 60 g\u00e9lules. Compl\u00e9ment pour renforcer les cheveux et les ongles, lutter contre la chute et favoriser la croissance.","og_url":"https:\/\/vitablanca.ma\/en\/product\/forcapil-arkopharma-cheveux-et-ongles-boite-60-gelules\/","og_site_name":"Vitablanca.ma &ndash; Sant&eacute;, vitalit&eacute; et bien-&ecirc;tre pour tous les Marocains","article_publisher":"https:\/\/www.facebook.com\/profile.php?id=61576678196717","article_modified_time":"2026-03-05T23:16:46+00:00","og_image":[{"width":1080,"height":1080,"url":"https:\/\/vitablanca.ma\/wp-content\/uploads\/2025\/06\/forcapil-cheveux-ongles.webp","type":"image\/webp"}],"twitter_card":"summary_large_image","twitter_misc":{"Est. reading time":"2 minutes"},"schema":{"@context":"https:\/\/schema.org","@graph":[{"@type":["WebPage","ItemPage"],"@id":"https:\/\/vitablanca.ma\/produit\/forcapil-arkopharma-cheveux-et-ongles-boite-60-gelules\/","url":"https:\/\/vitablanca.ma\/produit\/forcapil-arkopharma-cheveux-et-ongles-boite-60-gelules\/","name":"Forcapil Arkopharma Cheveux Et Ongles Boite 60 G\u00e9lules - Maroc","isPartOf":{"@id":"https:\/\/vitablanca.ma\/#website"},"primaryImageOfPage":{"@id":"https:\/\/vitablanca.ma\/produit\/forcapil-arkopharma-cheveux-et-ongles-boite-60-gelules\/#primaryimage"},"image":{"@id":"https:\/\/vitablanca.ma\/produit\/forcapil-arkopharma-cheveux-et-ongles-boite-60-gelules\/#primaryimage"},"thumbnailUrl":"https:\/\/vitablanca.ma\/wp-content\/uploads\/2025\/06\/forcapil-cheveux-ongles.webp","datePublished":"2025-06-10T15:45:26+00:00","dateModified":"2026-03-05T23:16:46+00:00","description":"Forcapil Arkopharma Cheveux & Ongles 60 g\u00e9lules. Compl\u00e9ment pour renforcer les cheveux et les ongles, lutter contre la chute et favoriser la croissance.","breadcrumb":{"@id":"https:\/\/vitablanca.ma\/produit\/forcapil-arkopharma-cheveux-et-ongles-boite-60-gelules\/#breadcrumb"},"inLanguage":"en-US","potentialAction":[{"@type":"ReadAction","target":["https:\/\/vitablanca.ma\/produit\/forcapil-arkopharma-cheveux-et-ongles-boite-60-gelules\/"]}]},{"@type":"ImageObject","inLanguage":"en-US","@id":"https:\/\/vitablanca.ma\/produit\/forcapil-arkopharma-cheveux-et-ongles-boite-60-gelules\/#primaryimage","url":"https:\/\/vitablanca.ma\/wp-content\/uploads\/2025\/06\/forcapil-cheveux-ongles.webp","contentUrl":"https:\/\/vitablanca.ma\/wp-content\/uploads\/2025\/06\/forcapil-cheveux-ongles.webp","width":1080,"height":1080},{"@type":"BreadcrumbList","@id":"https:\/\/vitablanca.ma\/produit\/forcapil-arkopharma-cheveux-et-ongles-boite-60-gelules\/#breadcrumb","itemListElement":[{"@type":"ListItem","position":1,"name":"Home","item":"https:\/\/vitablanca.ma\/"},{"@type":"ListItem","position":2,"name":"Tous Les Produits","item":"https:\/\/vitablanca.ma\/tous-les-produits\/"},{"@type":"ListItem","position":3,"name":"Forcapil Arkopharma Cheveux Et Ongles Boite 60 G\u00e9lules"}]},{"@type":"WebSite","@id":"https:\/\/vitablanca.ma\/#website","url":"https:\/\/vitablanca.ma\/","name":"VitaBlanca.ma | Food supplements, health &amp; beauty in Morocco","description":"sell premium vitamins and supplements from USA &amp; Canada, New Zealand, Morocco (NOW Foods, Solgar, Manuka). Fast delivery anywhere in Morocco.","publisher":{"@id":"https:\/\/vitablanca.ma\/#organization"},"alternateName":"VitaBlanca.ma","potentialAction":[{"@type":"SearchAction","target":{"@type":"EntryPoint","urlTemplate":"https:\/\/vitablanca.ma\/?s={search_term_string}"},"query-input":{"@type":"PropertyValueSpecification","valueRequired":true,"valueName":"search_term_string"}}],"inLanguage":"en-US"},{"@type":"Organization","@id":"https:\/\/vitablanca.ma\/#organization","name":"VitaBlanca","url":"https:\/\/vitablanca.ma\/","logo":{"@type":"ImageObject","inLanguage":"en-US","@id":"https:\/\/vitablanca.ma\/#\/schema\/logo\/image\/","url":"https:\/\/vitablanca.ma\/wp-content\/uploads\/2025\/05\/cropped-vitablanca.png","contentUrl":"https:\/\/vitablanca.ma\/wp-content\/uploads\/2025\/05\/cropped-vitablanca.png","width":360,"height":67,"caption":"VitaBlanca"},"image":{"@id":"https:\/\/vitablanca.ma\/#\/schema\/logo\/image\/"},"sameAs":["https:\/\/www.facebook.com\/profile.php?id=61576678196717","https:\/\/www.tiktok.com\/@vitablanca.ma","https:\/\/www.instagram.com\/vitablanca.ma\/"]}]}},"jetpack_sharing_enabled":true,"_links":{"self":[{"href":"https:\/\/vitablanca.ma\/en\/wp-json\/wp\/v2\/product\/14969","targetHints":{"allow":["GET"]}}],"collection":[{"href":"https:\/\/vitablanca.ma\/en\/wp-json\/wp\/v2\/product"}],"about":[{"href":"https:\/\/vitablanca.ma\/en\/wp-json\/wp\/v2\/types\/product"}],"wp:featuredmedia":[{"embeddable":true,"href":"https:\/\/vitablanca.ma\/en\/wp-json\/wp\/v2\/media\/33803"}],"wp:attachment":[{"href":"https:\/\/vitablanca.ma\/en\/wp-json\/wp\/v2\/media?parent=14969"}],"wp:term":[{"taxonomy":"product_brand","embeddable":true,"href":"https:\/\/vitablanca.ma\/en\/wp-json\/wp\/v2\/product_brand?post=14969"},{"taxonomy":"product_cat","embeddable":true,"href":"https:\/\/vitablanca.ma\/en\/wp-json\/wp\/v2\/product_cat?post=14969"},{"taxonomy":"product_tag","embeddable":true,"href":"https:\/\/vitablanca.ma\/en\/wp-json\/wp\/v2\/product_tag?post=14969"}],"curies":[{"name":"wp","href":"https:\/\/api.w.org\/{rel}","templated":true}]}}