{"id":14960,"date":"2025-06-10T15:45:05","date_gmt":"2025-06-10T15:45:05","guid":{"rendered":"https:\/\/vitablanca.ma\/product\/%f0%9f%8e%81-arkopharma-forcapil-cheveux-et-ongles-180-gelules-60-gelules-offert\/"},"modified":"2025-07-13T17:13:58","modified_gmt":"2025-07-13T17:13:58","slug":"%f0%9f%8e%81-arkopharma-forcapil-cheveux-et-ongles-180-gelules-60-gelules-offert","status":"publish","type":"product","link":"https:\/\/vitablanca.ma\/en\/product\/%f0%9f%8e%81-arkopharma-forcapil-cheveux-et-ongles-180-gelules-60-gelules-offert\/","title":{"rendered":"Arkopharma Forcapil Hair and Nails 180 Capsules + 60 Capsules Free"},"content":{"rendered":"<h2>Arkopharma Forcapil Hair and Nails, Fortifying Formula 180 Capsules<\/h2>\n<p>Forcapil\u00ae: a complete formula for your nails and hair!<br data-mce-fragment=\"1\"><br data-mce-fragment=\"1\">Dull, lifeless hair? Brittle hair and nails? Forcapil\u00ae, a fortifying formula, is a combination of active ingredients that brings strength, vitality, and shine to your hair and nails.<br data-mce-fragment=\"1\"><br data-mce-fragment=\"1\">Voted \u201cFavorite Product of the French\u201d*, Forcapil\u00ae offers a complete formula for your nails and hair!<br data-mce-fragment=\"1\"><br data-mce-fragment=\"1\">98 % des volontaires ont \u00e9t\u00e9 satisfaits par l\u2019am\u00e9lioration de l\u2019\u00e9tat g\u00e9n\u00e9ral de la chevelure au bout de 3 mois d\u2019utilisation**<\/p>\n<div data-dropdown-handle=\"\" class=\"product__main-title\"><strong>Directions for use:<\/strong><\/div>\n<div class=\"product__main-text rte__content\">\n<p>\u00a0<strong>Dosage<\/strong>\u00a0<\/p>\n<p>Dietary supplement.\u00a0<\/p>\n<ul>\n<li>Take<span>\u00a0<\/span><strong>2 capsules in the morning<\/strong><span>\u00a0<\/span>for at least 3 months, renewable several times during the year, particularly at seasonal changes. Swallow the capsules with a large glass of water during breakfast.\u00a0<\/li>\n<\/ul>\n<p><strong>\u00a0Recommandations d\u2019usage\u00a0<\/strong><\/p>\n<ul>\n<li>To be in phase with the duration of the hair cycle, it is recommended to use it for at least 3 months, renewable several times during the year, particularly at seasonal changes.\u00a0<\/li>\n<li>Also suitable for pregnant and breastfeeding women.\u00a0<\/li>\n<li>Keep out of reach of young children.\u00a0<\/li>\n<li>A food supplement should not replace a varied and balanced diet and a healthy lifestyle.<\/li>\n<\/ul>\n<\/div>","protected":false},"excerpt":{"rendered":"<p>Arkopharma Forcapil Cheveux et Ongles, Formule fortifiante 180 G\u00e9lules Forcapil\u00ae : une formule compl\u00e8te pour vos ongles et vos cheveux !Des cheveux ternes et sans volume ? Des cheveux et des ongles cassants ? Forcapil\u00ae, formule fortifiante est une association d\u2019actifs qui apporte Force, Vitalit\u00e9 et Brillance \u00e0 vos cheveux et vos ongles.\u00c9lu \u00ab Produit [&hellip;]<\/p>\n","protected":false},"featured_media":14959,"template":"","meta":{"om_disable_all_campaigns":false},"product_brand":[2791],"product_cat":[18,15],"product_tag":[3264,3262,3263],"class_list":{"0":"post-14960","1":"product","2":"type-product","3":"status-publish","4":"has-post-thumbnail","6":"product_brand-arkopharma-prix-maroc","7":"product_cat-beaute-sante","8":"product_cat-beaute-sante-complements-alimentaires-soins-et-bien-etre-au-meilleur-prix","9":"product_tag-arkopharma","10":"product_tag-arkopharma-maroc","11":"product_tag-arkopharma-morocco","13":"first","14":"instock","15":"sale","16":"taxable","17":"shipping-taxable","18":"purchasable","19":"product-type-simple"},"yoast_head":"<!-- This site is optimized with the Yoast SEO plugin v27.5 - https:\/\/yoast.com\/product\/yoast-seo-wordpress\/ -->\n<title>Arkopharma Forcapil Cheveux et Ongles 180 + 60 G\u00e9lules - Maroc<\/title>\n<meta name=\"description\" content=\"Achetez Arkopharma Forcapil Cheveux et Ongles au Maroc. La formule compl\u00e8te pour fortifier les cheveux (chute, croissance) et renforcer les ongles cassants. Vitamines et min\u00e9raux essentiels pour leur vitalit\u00e9. Livraison rapide partout au Maroc!\" \/>\n<meta name=\"robots\" content=\"index, follow, max-snippet:-1, max-image-preview:large, max-video-preview:-1\" \/>\n<link rel=\"canonical\" href=\"https:\/\/vitablanca.ma\/en\/product\/\ud83c\udf81-arkopharma-forcapil-cheveux-et-ongles-180-gelules-60-gelules-offert\/\" \/>\n<meta property=\"og:locale\" content=\"en_US\" \/>\n<meta property=\"og:type\" content=\"article\" \/>\n<meta property=\"og:title\" content=\"Arkopharma Forcapil Cheveux et Ongles 180 + 60 G\u00e9lules - Maroc\" \/>\n<meta property=\"og:description\" content=\"Achetez Arkopharma Forcapil Cheveux et Ongles au Maroc. La formule compl\u00e8te pour fortifier les cheveux (chute, croissance) et renforcer les ongles cassants. Vitamines et min\u00e9raux essentiels pour leur vitalit\u00e9. Livraison rapide partout au Maroc!\" \/>\n<meta property=\"og:url\" content=\"https:\/\/vitablanca.ma\/en\/product\/\ud83c\udf81-arkopharma-forcapil-cheveux-et-ongles-180-gelules-60-gelules-offert\/\" \/>\n<meta property=\"og:site_name\" content=\"Vitablanca.ma &ndash; Sant&eacute;, vitalit&eacute; et bien-&ecirc;tre pour tous les Marocains\" \/>\n<meta property=\"article:publisher\" content=\"https:\/\/www.facebook.com\/profile.php?id=61576678196717\" \/>\n<meta property=\"article:modified_time\" content=\"2025-07-13T17:13:58+00:00\" \/>\n<meta property=\"og:image\" content=\"https:\/\/vitablanca.ma\/wp-content\/uploads\/2025\/06\/Arkopharma-Forcapil-Cheveux-et-Ongles-180-Gelules-_-60-Gelules-Offert-prix-maroc-parapharmacie-casablanca.jpg\" \/>\n\t<meta property=\"og:image:width\" content=\"1000\" \/>\n\t<meta property=\"og:image:height\" content=\"1000\" \/>\n\t<meta property=\"og:image:type\" content=\"image\/jpeg\" \/>\n<meta name=\"twitter:card\" content=\"summary_large_image\" \/>\n<meta name=\"twitter:label1\" content=\"Est. reading time\" \/>\n\t<meta name=\"twitter:data1\" content=\"2 minutes\" \/>\n<script type=\"application\/ld+json\" class=\"yoast-schema-graph\">{\"@context\":\"https:\\\/\\\/schema.org\",\"@graph\":[{\"@type\":[\"WebPage\",\"ItemPage\"],\"@id\":\"https:\\\/\\\/vitablanca.ma\\\/produit\\\/%f0%9f%8e%81-arkopharma-forcapil-cheveux-et-ongles-180-gelules-60-gelules-offert\\\/\",\"url\":\"https:\\\/\\\/vitablanca.ma\\\/produit\\\/%f0%9f%8e%81-arkopharma-forcapil-cheveux-et-ongles-180-gelules-60-gelules-offert\\\/\",\"name\":\"Arkopharma Forcapil Cheveux et Ongles 180 + 60 G\u00e9lules - Maroc\",\"isPartOf\":{\"@id\":\"https:\\\/\\\/vitablanca.ma\\\/#website\"},\"primaryImageOfPage\":{\"@id\":\"https:\\\/\\\/vitablanca.ma\\\/produit\\\/%f0%9f%8e%81-arkopharma-forcapil-cheveux-et-ongles-180-gelules-60-gelules-offert\\\/#primaryimage\"},\"image\":{\"@id\":\"https:\\\/\\\/vitablanca.ma\\\/produit\\\/%f0%9f%8e%81-arkopharma-forcapil-cheveux-et-ongles-180-gelules-60-gelules-offert\\\/#primaryimage\"},\"thumbnailUrl\":\"https:\\\/\\\/vitablanca.ma\\\/wp-content\\\/uploads\\\/2025\\\/06\\\/Arkopharma-Forcapil-Cheveux-et-Ongles-180-Gelules-_-60-Gelules-Offert-prix-maroc-parapharmacie-casablanca.jpg\",\"datePublished\":\"2025-06-10T15:45:05+00:00\",\"dateModified\":\"2025-07-13T17:13:58+00:00\",\"description\":\"Achetez Arkopharma Forcapil Cheveux et Ongles au Maroc. La formule compl\u00e8te pour fortifier les cheveux (chute, croissance) et renforcer les ongles cassants. Vitamines et min\u00e9raux essentiels pour leur vitalit\u00e9. Livraison rapide partout au Maroc!\",\"breadcrumb\":{\"@id\":\"https:\\\/\\\/vitablanca.ma\\\/produit\\\/%f0%9f%8e%81-arkopharma-forcapil-cheveux-et-ongles-180-gelules-60-gelules-offert\\\/#breadcrumb\"},\"inLanguage\":\"en-US\",\"potentialAction\":[{\"@type\":\"ReadAction\",\"target\":[\"https:\\\/\\\/vitablanca.ma\\\/produit\\\/%f0%9f%8e%81-arkopharma-forcapil-cheveux-et-ongles-180-gelules-60-gelules-offert\\\/\"]}]},{\"@type\":\"ImageObject\",\"inLanguage\":\"en-US\",\"@id\":\"https:\\\/\\\/vitablanca.ma\\\/produit\\\/%f0%9f%8e%81-arkopharma-forcapil-cheveux-et-ongles-180-gelules-60-gelules-offert\\\/#primaryimage\",\"url\":\"https:\\\/\\\/vitablanca.ma\\\/wp-content\\\/uploads\\\/2025\\\/06\\\/Arkopharma-Forcapil-Cheveux-et-Ongles-180-Gelules-_-60-Gelules-Offert-prix-maroc-parapharmacie-casablanca.jpg\",\"contentUrl\":\"https:\\\/\\\/vitablanca.ma\\\/wp-content\\\/uploads\\\/2025\\\/06\\\/Arkopharma-Forcapil-Cheveux-et-Ongles-180-Gelules-_-60-Gelules-Offert-prix-maroc-parapharmacie-casablanca.jpg\",\"width\":1000,\"height\":1000},{\"@type\":\"BreadcrumbList\",\"@id\":\"https:\\\/\\\/vitablanca.ma\\\/produit\\\/%f0%9f%8e%81-arkopharma-forcapil-cheveux-et-ongles-180-gelules-60-gelules-offert\\\/#breadcrumb\",\"itemListElement\":[{\"@type\":\"ListItem\",\"position\":1,\"name\":\"Home\",\"item\":\"https:\\\/\\\/vitablanca.ma\\\/\"},{\"@type\":\"ListItem\",\"position\":2,\"name\":\"Tous Les Produits\",\"item\":\"https:\\\/\\\/vitablanca.ma\\\/tous-les-produits\\\/\"},{\"@type\":\"ListItem\",\"position\":3,\"name\":\"Arkopharma Forcapil Cheveux et Ongles 180 G\u00e9lules + 60 G\u00e9lules Offert\"}]},{\"@type\":\"WebSite\",\"@id\":\"https:\\\/\\\/vitablanca.ma\\\/#website\",\"url\":\"https:\\\/\\\/vitablanca.ma\\\/\",\"name\":\"VitaBlanca.ma | Compl\u00e9ments alimentaires, sant\u00e9 & beaut\u00e9 au Maroc\",\"description\":\"vendre vitamines et compl\u00e9ments premium des USA &amp; Canada, Nouvelle Z\u00e9lande,Maroc (NOW Foods, Solgar, Manuka). Livraison rapide partout au Maroc.\",\"publisher\":{\"@id\":\"https:\\\/\\\/vitablanca.ma\\\/#organization\"},\"alternateName\":\"VitaBlanca.ma\",\"potentialAction\":[{\"@type\":\"SearchAction\",\"target\":{\"@type\":\"EntryPoint\",\"urlTemplate\":\"https:\\\/\\\/vitablanca.ma\\\/?s={search_term_string}\"},\"query-input\":{\"@type\":\"PropertyValueSpecification\",\"valueRequired\":true,\"valueName\":\"search_term_string\"}}],\"inLanguage\":\"en-US\"},{\"@type\":\"Organization\",\"@id\":\"https:\\\/\\\/vitablanca.ma\\\/#organization\",\"name\":\"VitaBlanca\",\"url\":\"https:\\\/\\\/vitablanca.ma\\\/\",\"logo\":{\"@type\":\"ImageObject\",\"inLanguage\":\"en-US\",\"@id\":\"https:\\\/\\\/vitablanca.ma\\\/#\\\/schema\\\/logo\\\/image\\\/\",\"url\":\"https:\\\/\\\/vitablanca.ma\\\/wp-content\\\/uploads\\\/2025\\\/05\\\/cropped-vitablanca.png\",\"contentUrl\":\"https:\\\/\\\/vitablanca.ma\\\/wp-content\\\/uploads\\\/2025\\\/05\\\/cropped-vitablanca.png\",\"width\":360,\"height\":67,\"caption\":\"VitaBlanca\"},\"image\":{\"@id\":\"https:\\\/\\\/vitablanca.ma\\\/#\\\/schema\\\/logo\\\/image\\\/\"},\"sameAs\":[\"https:\\\/\\\/www.facebook.com\\\/profile.php?id=61576678196717\",\"https:\\\/\\\/www.tiktok.com\\\/@vitablanca.ma\",\"https:\\\/\\\/www.instagram.com\\\/vitablanca.ma\\\/\"]}]}<\/script>\n<!-- \/ Yoast SEO plugin. -->","yoast_head_json":{"title":"Arkopharma Forcapil Hair and Nails 180 + 60 Capsules - Morocco","description":"Buy Arkopharma Forcapil Hair and Nails in Morocco. The complete formula to strengthen hair (hair loss, growth) and brittle nails. Essential vitamins and minerals for their vitality. Fast delivery throughout Morocco!","robots":{"index":"index","follow":"follow","max-snippet":"max-snippet:-1","max-image-preview":"max-image-preview:large","max-video-preview":"max-video-preview:-1"},"canonical":"https:\/\/vitablanca.ma\/en\/product\/\ud83c\udf81-arkopharma-forcapil-cheveux-et-ongles-180-gelules-60-gelules-offert\/","og_locale":"en_US","og_type":"article","og_title":"Arkopharma Forcapil Cheveux et Ongles 180 + 60 G\u00e9lules - Maroc","og_description":"Achetez Arkopharma Forcapil Cheveux et Ongles au Maroc. La formule compl\u00e8te pour fortifier les cheveux (chute, croissance) et renforcer les ongles cassants. Vitamines et min\u00e9raux essentiels pour leur vitalit\u00e9. Livraison rapide partout au Maroc!","og_url":"https:\/\/vitablanca.ma\/en\/product\/\ud83c\udf81-arkopharma-forcapil-cheveux-et-ongles-180-gelules-60-gelules-offert\/","og_site_name":"Vitablanca.ma &ndash; Sant&eacute;, vitalit&eacute; et bien-&ecirc;tre pour tous les Marocains","article_publisher":"https:\/\/www.facebook.com\/profile.php?id=61576678196717","article_modified_time":"2025-07-13T17:13:58+00:00","og_image":[{"width":1000,"height":1000,"url":"https:\/\/vitablanca.ma\/wp-content\/uploads\/2025\/06\/Arkopharma-Forcapil-Cheveux-et-Ongles-180-Gelules-_-60-Gelules-Offert-prix-maroc-parapharmacie-casablanca.jpg","type":"image\/jpeg"}],"twitter_card":"summary_large_image","twitter_misc":{"Est. reading time":"2 minutes"},"schema":{"@context":"https:\/\/schema.org","@graph":[{"@type":["WebPage","ItemPage"],"@id":"https:\/\/vitablanca.ma\/produit\/%f0%9f%8e%81-arkopharma-forcapil-cheveux-et-ongles-180-gelules-60-gelules-offert\/","url":"https:\/\/vitablanca.ma\/produit\/%f0%9f%8e%81-arkopharma-forcapil-cheveux-et-ongles-180-gelules-60-gelules-offert\/","name":"Arkopharma Forcapil Hair and Nails 180 + 60 Capsules - Morocco","isPartOf":{"@id":"https:\/\/vitablanca.ma\/#website"},"primaryImageOfPage":{"@id":"https:\/\/vitablanca.ma\/produit\/%f0%9f%8e%81-arkopharma-forcapil-cheveux-et-ongles-180-gelules-60-gelules-offert\/#primaryimage"},"image":{"@id":"https:\/\/vitablanca.ma\/produit\/%f0%9f%8e%81-arkopharma-forcapil-cheveux-et-ongles-180-gelules-60-gelules-offert\/#primaryimage"},"thumbnailUrl":"https:\/\/vitablanca.ma\/wp-content\/uploads\/2025\/06\/Arkopharma-Forcapil-Cheveux-et-Ongles-180-Gelules-_-60-Gelules-Offert-prix-maroc-parapharmacie-casablanca.jpg","datePublished":"2025-06-10T15:45:05+00:00","dateModified":"2025-07-13T17:13:58+00:00","description":"Buy Arkopharma Forcapil Hair and Nails in Morocco. The complete formula to strengthen hair (hair loss, growth) and brittle nails. Essential vitamins and minerals for their vitality. Fast delivery throughout Morocco!","breadcrumb":{"@id":"https:\/\/vitablanca.ma\/produit\/%f0%9f%8e%81-arkopharma-forcapil-cheveux-et-ongles-180-gelules-60-gelules-offert\/#breadcrumb"},"inLanguage":"en-US","potentialAction":[{"@type":"ReadAction","target":["https:\/\/vitablanca.ma\/produit\/%f0%9f%8e%81-arkopharma-forcapil-cheveux-et-ongles-180-gelules-60-gelules-offert\/"]}]},{"@type":"ImageObject","inLanguage":"en-US","@id":"https:\/\/vitablanca.ma\/produit\/%f0%9f%8e%81-arkopharma-forcapil-cheveux-et-ongles-180-gelules-60-gelules-offert\/#primaryimage","url":"https:\/\/vitablanca.ma\/wp-content\/uploads\/2025\/06\/Arkopharma-Forcapil-Cheveux-et-Ongles-180-Gelules-_-60-Gelules-Offert-prix-maroc-parapharmacie-casablanca.jpg","contentUrl":"https:\/\/vitablanca.ma\/wp-content\/uploads\/2025\/06\/Arkopharma-Forcapil-Cheveux-et-Ongles-180-Gelules-_-60-Gelules-Offert-prix-maroc-parapharmacie-casablanca.jpg","width":1000,"height":1000},{"@type":"BreadcrumbList","@id":"https:\/\/vitablanca.ma\/produit\/%f0%9f%8e%81-arkopharma-forcapil-cheveux-et-ongles-180-gelules-60-gelules-offert\/#breadcrumb","itemListElement":[{"@type":"ListItem","position":1,"name":"Home","item":"https:\/\/vitablanca.ma\/"},{"@type":"ListItem","position":2,"name":"Tous Les Produits","item":"https:\/\/vitablanca.ma\/tous-les-produits\/"},{"@type":"ListItem","position":3,"name":"Arkopharma Forcapil Cheveux et Ongles 180 G\u00e9lules + 60 G\u00e9lules Offert"}]},{"@type":"WebSite","@id":"https:\/\/vitablanca.ma\/#website","url":"https:\/\/vitablanca.ma\/","name":"VitaBlanca.ma | Food supplements, health &amp; beauty in Morocco","description":"sell premium vitamins and supplements from USA &amp; Canada, New Zealand, Morocco (NOW Foods, Solgar, Manuka). Fast delivery anywhere in Morocco.","publisher":{"@id":"https:\/\/vitablanca.ma\/#organization"},"alternateName":"VitaBlanca.ma","potentialAction":[{"@type":"SearchAction","target":{"@type":"EntryPoint","urlTemplate":"https:\/\/vitablanca.ma\/?s={search_term_string}"},"query-input":{"@type":"PropertyValueSpecification","valueRequired":true,"valueName":"search_term_string"}}],"inLanguage":"en-US"},{"@type":"Organization","@id":"https:\/\/vitablanca.ma\/#organization","name":"VitaBlanca","url":"https:\/\/vitablanca.ma\/","logo":{"@type":"ImageObject","inLanguage":"en-US","@id":"https:\/\/vitablanca.ma\/#\/schema\/logo\/image\/","url":"https:\/\/vitablanca.ma\/wp-content\/uploads\/2025\/05\/cropped-vitablanca.png","contentUrl":"https:\/\/vitablanca.ma\/wp-content\/uploads\/2025\/05\/cropped-vitablanca.png","width":360,"height":67,"caption":"VitaBlanca"},"image":{"@id":"https:\/\/vitablanca.ma\/#\/schema\/logo\/image\/"},"sameAs":["https:\/\/www.facebook.com\/profile.php?id=61576678196717","https:\/\/www.tiktok.com\/@vitablanca.ma","https:\/\/www.instagram.com\/vitablanca.ma\/"]}]}},"jetpack_sharing_enabled":true,"_links":{"self":[{"href":"https:\/\/vitablanca.ma\/en\/wp-json\/wp\/v2\/product\/14960","targetHints":{"allow":["GET"]}}],"collection":[{"href":"https:\/\/vitablanca.ma\/en\/wp-json\/wp\/v2\/product"}],"about":[{"href":"https:\/\/vitablanca.ma\/en\/wp-json\/wp\/v2\/types\/product"}],"wp:featuredmedia":[{"embeddable":true,"href":"https:\/\/vitablanca.ma\/en\/wp-json\/wp\/v2\/media\/14959"}],"wp:attachment":[{"href":"https:\/\/vitablanca.ma\/en\/wp-json\/wp\/v2\/media?parent=14960"}],"wp:term":[{"taxonomy":"product_brand","embeddable":true,"href":"https:\/\/vitablanca.ma\/en\/wp-json\/wp\/v2\/product_brand?post=14960"},{"taxonomy":"product_cat","embeddable":true,"href":"https:\/\/vitablanca.ma\/en\/wp-json\/wp\/v2\/product_cat?post=14960"},{"taxonomy":"product_tag","embeddable":true,"href":"https:\/\/vitablanca.ma\/en\/wp-json\/wp\/v2\/product_tag?post=14960"}],"curies":[{"name":"wp","href":"https:\/\/api.w.org\/{rel}","templated":true}]}}