{"id":14948,"date":"2025-06-10T15:44:27","date_gmt":"2025-06-10T15:44:27","guid":{"rendered":"https:\/\/vitablanca.ma\/product\/addax-cica-b5-mains-15ml\/"},"modified":"2025-07-13T17:02:45","modified_gmt":"2025-07-13T17:02:45","slug":"addax-cica-b5-mains-15ml","status":"publish","type":"product","link":"https:\/\/vitablanca.ma\/en\/product\/addax-cica-b5-mains-15ml\/","title":{"rendered":"Addax Cica B5 hands 15ml"},"content":{"rendered":"<h2 data-mce-fragment=\"1\">Addax Cica B5 hands 15ml<\/h2>\n<h4 data-mce-fragment=\"1\">Composition:<\/h4>\n<p data-mce-fragment=\"1\">Cystine. 0.2%<br data-mce-fragment=\"1\">Allantoin. 0.5%<br data-mce-fragment=\"1\">Biopeptide CPP. 0.5%<br data-mce-fragment=\"1\">PCA Zinc. 0.5%<br data-mce-fragment=\"1\">Calendula. 2%<br data-mce-fragment=\"1\">Centella asiatica. 2%<br data-mce-fragment=\"1\">Provitamin B5. 3%<br data-mce-fragment=\"1\">Dipotassium Glycirrhizianate. 10%<br data-mce-fragment=\"1\">Excipient. qsp100%<\/p>\n<p data-mce-fragment=\"1\"><span data-mce-fragment=\"1\"><b data-mce-fragment=\"1\">PROPERTIES<\/b><\/span><strong data-mce-fragment=\"1\">\u00a0:<br data-mce-fragment=\"1\"><\/strong><\/p>\n<p data-mce-fragment=\"1\"><strong data-mce-fragment=\"1\">CICA B5 HANDS<\/strong><span data-mce-fragment=\"1\">\u00a0<\/span>is a restorative treatment for very damaged hands.<br data-mce-fragment=\"1\"><strong data-mce-fragment=\"1\">CICA B5 HANDS<\/strong><span data-mce-fragment=\"1\">\u00a0<\/span>repairs cracks, fissures, cuts due to<br data-mce-fragment=\"1\">to all climatic, chemical or professional attacks.<br data-mce-fragment=\"1\">The innovative formula of<span data-mce-fragment=\"1\">\u00a0<\/span><strong data-mce-fragment=\"1\">CICA B5 HANDS<\/strong><span data-mce-fragment=\"1\">\u00a0<\/span>allows for repair<br data-mce-fragment=\"1\">Very fast but also very strong on damaged skin.<\/p>\n<p data-mce-fragment=\"1\"><strong data-mce-fragment=\"1\">INDICATIONS:<\/strong><\/p>\n<p data-mce-fragment=\"1\">\u2013 Crevasses aux doigts<br data-mce-fragment=\"1\">\u2013 Coupures dues \u00e0 un intertrigo<br data-mce-fragment=\"1\">\u2013 Engelures<br data-mce-fragment=\"1\">\u2013 Ongle incarn\u00e9<\/p>\n<p data-mce-fragment=\"1\"><strong data-mce-fragment=\"1\">DOSAGE:<br data-mce-fragment=\"1\"><\/strong><\/p>\n<p data-mce-fragment=\"1\">Apply twice a day to the damaged area for one week.<\/p>","protected":false},"excerpt":{"rendered":"<p>Addax Cica B5 mains 15ml Composition: Cystine. 0,2%Allantoine. 0,5%Biopeptide CPP. 0,5%PCA Zinc. 0,5%Calendula. 2%Centella asiatica. 2%Provitamine B5. 3%Dipotassium Glycirrhizianate. 10%Excipient. q.s.p100% PROPRI\u00c9T\u00c9S\u00a0: CICA B5 MAINS\u00a0est un soin r\u00e9parateur destin\u00e9 aux mains tr\u00e8s ab\u00eem\u00e9es.CICA B5 MAINS\u00a0r\u00e9pare les crevasses, fissures, coupures dues\u00e0 toutes les agressions climatiques, chimiques ou professionnelles.La formule innovante de\u00a0CICA B5 MAINS\u00a0permet une r\u00e9parationTr\u00e8s rapide [&hellip;]<\/p>\n","protected":false},"featured_media":14947,"template":"","meta":{"om_disable_all_campaigns":false},"product_brand":[2790],"product_cat":[18,15],"product_tag":[3259,3260,3261],"class_list":{"0":"post-14948","1":"product","2":"type-product","3":"status-publish","4":"has-post-thumbnail","6":"product_brand-addax-prix-maroc","7":"product_cat-beaute-sante","8":"product_cat-beaute-sante-complements-alimentaires-soins-et-bien-etre-au-meilleur-prix","9":"product_tag-addax","10":"product_tag-addax-maroc","11":"product_tag-addax-morocco","13":"first","14":"instock","15":"sale","16":"taxable","17":"shipping-taxable","18":"purchasable","19":"product-type-simple"},"yoast_head":"<!-- This site is optimized with the Yoast SEO plugin v27.5 - https:\/\/yoast.com\/product\/yoast-seo-wordpress\/ -->\n<title>Addax Cica B5 mains 15ml - Maroc Prix<\/title>\n<meta name=\"description\" content=\"Addax Cica B5 mains 15ml\" \/>\n<meta name=\"robots\" content=\"index, follow, max-snippet:-1, max-image-preview:large, max-video-preview:-1\" \/>\n<link rel=\"canonical\" href=\"https:\/\/vitablanca.ma\/en\/product\/addax-cica-b5-mains-15ml\/\" \/>\n<meta property=\"og:locale\" content=\"en_US\" \/>\n<meta property=\"og:type\" content=\"article\" \/>\n<meta property=\"og:title\" content=\"Addax Cica B5 mains 15ml - Maroc Prix\" \/>\n<meta property=\"og:description\" content=\"Addax Cica B5 mains 15ml\" \/>\n<meta property=\"og:url\" content=\"https:\/\/vitablanca.ma\/en\/product\/addax-cica-b5-mains-15ml\/\" \/>\n<meta property=\"og:site_name\" content=\"Vitablanca.ma &ndash; Sant&eacute;, vitalit&eacute; et bien-&ecirc;tre pour tous les Marocains\" \/>\n<meta property=\"article:publisher\" content=\"https:\/\/www.facebook.com\/profile.php?id=61576678196717\" \/>\n<meta property=\"article:modified_time\" content=\"2025-07-13T17:02:45+00:00\" \/>\n<meta property=\"og:image\" content=\"https:\/\/vitablanca.ma\/wp-content\/uploads\/2025\/06\/Addax-Cica-B5-mains-15ml-nova-paraharmacie-maroc.jpg\" \/>\n\t<meta property=\"og:image:width\" content=\"1000\" \/>\n\t<meta property=\"og:image:height\" content=\"1000\" \/>\n\t<meta property=\"og:image:type\" content=\"image\/jpeg\" \/>\n<meta name=\"twitter:card\" content=\"summary_large_image\" \/>\n<meta name=\"twitter:label1\" content=\"Est. reading time\" \/>\n\t<meta name=\"twitter:data1\" content=\"1 minute\" \/>\n<script type=\"application\/ld+json\" class=\"yoast-schema-graph\">{\"@context\":\"https:\\\/\\\/schema.org\",\"@graph\":[{\"@type\":[\"WebPage\",\"ItemPage\"],\"@id\":\"https:\\\/\\\/vitablanca.ma\\\/produit\\\/addax-cica-b5-mains-15ml\\\/\",\"url\":\"https:\\\/\\\/vitablanca.ma\\\/produit\\\/addax-cica-b5-mains-15ml\\\/\",\"name\":\"Addax Cica B5 mains 15ml - Maroc Prix\",\"isPartOf\":{\"@id\":\"https:\\\/\\\/vitablanca.ma\\\/#website\"},\"primaryImageOfPage\":{\"@id\":\"https:\\\/\\\/vitablanca.ma\\\/produit\\\/addax-cica-b5-mains-15ml\\\/#primaryimage\"},\"image\":{\"@id\":\"https:\\\/\\\/vitablanca.ma\\\/produit\\\/addax-cica-b5-mains-15ml\\\/#primaryimage\"},\"thumbnailUrl\":\"https:\\\/\\\/vitablanca.ma\\\/wp-content\\\/uploads\\\/2025\\\/06\\\/Addax-Cica-B5-mains-15ml-nova-paraharmacie-maroc.jpg\",\"datePublished\":\"2025-06-10T15:44:27+00:00\",\"dateModified\":\"2025-07-13T17:02:45+00:00\",\"description\":\"Addax Cica B5 mains 15ml\",\"breadcrumb\":{\"@id\":\"https:\\\/\\\/vitablanca.ma\\\/produit\\\/addax-cica-b5-mains-15ml\\\/#breadcrumb\"},\"inLanguage\":\"en-US\",\"potentialAction\":[{\"@type\":\"ReadAction\",\"target\":[\"https:\\\/\\\/vitablanca.ma\\\/produit\\\/addax-cica-b5-mains-15ml\\\/\"]}]},{\"@type\":\"ImageObject\",\"inLanguage\":\"en-US\",\"@id\":\"https:\\\/\\\/vitablanca.ma\\\/produit\\\/addax-cica-b5-mains-15ml\\\/#primaryimage\",\"url\":\"https:\\\/\\\/vitablanca.ma\\\/wp-content\\\/uploads\\\/2025\\\/06\\\/Addax-Cica-B5-mains-15ml-nova-paraharmacie-maroc.jpg\",\"contentUrl\":\"https:\\\/\\\/vitablanca.ma\\\/wp-content\\\/uploads\\\/2025\\\/06\\\/Addax-Cica-B5-mains-15ml-nova-paraharmacie-maroc.jpg\",\"width\":1000,\"height\":1000},{\"@type\":\"BreadcrumbList\",\"@id\":\"https:\\\/\\\/vitablanca.ma\\\/produit\\\/addax-cica-b5-mains-15ml\\\/#breadcrumb\",\"itemListElement\":[{\"@type\":\"ListItem\",\"position\":1,\"name\":\"Home\",\"item\":\"https:\\\/\\\/vitablanca.ma\\\/\"},{\"@type\":\"ListItem\",\"position\":2,\"name\":\"Tous Les Produits\",\"item\":\"https:\\\/\\\/vitablanca.ma\\\/tous-les-produits\\\/\"},{\"@type\":\"ListItem\",\"position\":3,\"name\":\"Addax Cica B5 mains 15ml\"}]},{\"@type\":\"WebSite\",\"@id\":\"https:\\\/\\\/vitablanca.ma\\\/#website\",\"url\":\"https:\\\/\\\/vitablanca.ma\\\/\",\"name\":\"VitaBlanca.ma | Compl\u00e9ments alimentaires, sant\u00e9 & beaut\u00e9 au Maroc\",\"description\":\"vendre vitamines et compl\u00e9ments premium des USA &amp; Canada, Nouvelle Z\u00e9lande,Maroc (NOW Foods, Solgar, Manuka). Livraison rapide partout au Maroc.\",\"publisher\":{\"@id\":\"https:\\\/\\\/vitablanca.ma\\\/#organization\"},\"alternateName\":\"VitaBlanca.ma\",\"potentialAction\":[{\"@type\":\"SearchAction\",\"target\":{\"@type\":\"EntryPoint\",\"urlTemplate\":\"https:\\\/\\\/vitablanca.ma\\\/?s={search_term_string}\"},\"query-input\":{\"@type\":\"PropertyValueSpecification\",\"valueRequired\":true,\"valueName\":\"search_term_string\"}}],\"inLanguage\":\"en-US\"},{\"@type\":\"Organization\",\"@id\":\"https:\\\/\\\/vitablanca.ma\\\/#organization\",\"name\":\"VitaBlanca\",\"url\":\"https:\\\/\\\/vitablanca.ma\\\/\",\"logo\":{\"@type\":\"ImageObject\",\"inLanguage\":\"en-US\",\"@id\":\"https:\\\/\\\/vitablanca.ma\\\/#\\\/schema\\\/logo\\\/image\\\/\",\"url\":\"https:\\\/\\\/vitablanca.ma\\\/wp-content\\\/uploads\\\/2025\\\/05\\\/cropped-vitablanca.png\",\"contentUrl\":\"https:\\\/\\\/vitablanca.ma\\\/wp-content\\\/uploads\\\/2025\\\/05\\\/cropped-vitablanca.png\",\"width\":360,\"height\":67,\"caption\":\"VitaBlanca\"},\"image\":{\"@id\":\"https:\\\/\\\/vitablanca.ma\\\/#\\\/schema\\\/logo\\\/image\\\/\"},\"sameAs\":[\"https:\\\/\\\/www.facebook.com\\\/profile.php?id=61576678196717\",\"https:\\\/\\\/www.tiktok.com\\\/@vitablanca.ma\",\"https:\\\/\\\/www.instagram.com\\\/vitablanca.ma\\\/\"]}]}<\/script>\n<!-- \/ Yoast SEO plugin. -->","yoast_head_json":{"title":"Addax Cica B5 hands 15ml - Morocco Price","description":"Addax Cica B5 hands 15ml","robots":{"index":"index","follow":"follow","max-snippet":"max-snippet:-1","max-image-preview":"max-image-preview:large","max-video-preview":"max-video-preview:-1"},"canonical":"https:\/\/vitablanca.ma\/en\/product\/addax-cica-b5-mains-15ml\/","og_locale":"en_US","og_type":"article","og_title":"Addax Cica B5 mains 15ml - Maroc Prix","og_description":"Addax Cica B5 mains 15ml","og_url":"https:\/\/vitablanca.ma\/en\/product\/addax-cica-b5-mains-15ml\/","og_site_name":"Vitablanca.ma &ndash; Sant&eacute;, vitalit&eacute; et bien-&ecirc;tre pour tous les Marocains","article_publisher":"https:\/\/www.facebook.com\/profile.php?id=61576678196717","article_modified_time":"2025-07-13T17:02:45+00:00","og_image":[{"width":1000,"height":1000,"url":"https:\/\/vitablanca.ma\/wp-content\/uploads\/2025\/06\/Addax-Cica-B5-mains-15ml-nova-paraharmacie-maroc.jpg","type":"image\/jpeg"}],"twitter_card":"summary_large_image","twitter_misc":{"Est. reading time":"1 minute"},"schema":{"@context":"https:\/\/schema.org","@graph":[{"@type":["WebPage","ItemPage"],"@id":"https:\/\/vitablanca.ma\/produit\/addax-cica-b5-mains-15ml\/","url":"https:\/\/vitablanca.ma\/produit\/addax-cica-b5-mains-15ml\/","name":"Addax Cica B5 hands 15ml - Morocco Price","isPartOf":{"@id":"https:\/\/vitablanca.ma\/#website"},"primaryImageOfPage":{"@id":"https:\/\/vitablanca.ma\/produit\/addax-cica-b5-mains-15ml\/#primaryimage"},"image":{"@id":"https:\/\/vitablanca.ma\/produit\/addax-cica-b5-mains-15ml\/#primaryimage"},"thumbnailUrl":"https:\/\/vitablanca.ma\/wp-content\/uploads\/2025\/06\/Addax-Cica-B5-mains-15ml-nova-paraharmacie-maroc.jpg","datePublished":"2025-06-10T15:44:27+00:00","dateModified":"2025-07-13T17:02:45+00:00","description":"Addax Cica B5 hands 15ml","breadcrumb":{"@id":"https:\/\/vitablanca.ma\/produit\/addax-cica-b5-mains-15ml\/#breadcrumb"},"inLanguage":"en-US","potentialAction":[{"@type":"ReadAction","target":["https:\/\/vitablanca.ma\/produit\/addax-cica-b5-mains-15ml\/"]}]},{"@type":"ImageObject","inLanguage":"en-US","@id":"https:\/\/vitablanca.ma\/produit\/addax-cica-b5-mains-15ml\/#primaryimage","url":"https:\/\/vitablanca.ma\/wp-content\/uploads\/2025\/06\/Addax-Cica-B5-mains-15ml-nova-paraharmacie-maroc.jpg","contentUrl":"https:\/\/vitablanca.ma\/wp-content\/uploads\/2025\/06\/Addax-Cica-B5-mains-15ml-nova-paraharmacie-maroc.jpg","width":1000,"height":1000},{"@type":"BreadcrumbList","@id":"https:\/\/vitablanca.ma\/produit\/addax-cica-b5-mains-15ml\/#breadcrumb","itemListElement":[{"@type":"ListItem","position":1,"name":"Home","item":"https:\/\/vitablanca.ma\/"},{"@type":"ListItem","position":2,"name":"Tous Les Produits","item":"https:\/\/vitablanca.ma\/tous-les-produits\/"},{"@type":"ListItem","position":3,"name":"Addax Cica B5 mains 15ml"}]},{"@type":"WebSite","@id":"https:\/\/vitablanca.ma\/#website","url":"https:\/\/vitablanca.ma\/","name":"VitaBlanca.ma | Food supplements, health &amp; beauty in Morocco","description":"sell premium vitamins and supplements from USA &amp; Canada, New Zealand, Morocco (NOW Foods, Solgar, Manuka). Fast delivery anywhere in Morocco.","publisher":{"@id":"https:\/\/vitablanca.ma\/#organization"},"alternateName":"VitaBlanca.ma","potentialAction":[{"@type":"SearchAction","target":{"@type":"EntryPoint","urlTemplate":"https:\/\/vitablanca.ma\/?s={search_term_string}"},"query-input":{"@type":"PropertyValueSpecification","valueRequired":true,"valueName":"search_term_string"}}],"inLanguage":"en-US"},{"@type":"Organization","@id":"https:\/\/vitablanca.ma\/#organization","name":"VitaBlanca","url":"https:\/\/vitablanca.ma\/","logo":{"@type":"ImageObject","inLanguage":"en-US","@id":"https:\/\/vitablanca.ma\/#\/schema\/logo\/image\/","url":"https:\/\/vitablanca.ma\/wp-content\/uploads\/2025\/05\/cropped-vitablanca.png","contentUrl":"https:\/\/vitablanca.ma\/wp-content\/uploads\/2025\/05\/cropped-vitablanca.png","width":360,"height":67,"caption":"VitaBlanca"},"image":{"@id":"https:\/\/vitablanca.ma\/#\/schema\/logo\/image\/"},"sameAs":["https:\/\/www.facebook.com\/profile.php?id=61576678196717","https:\/\/www.tiktok.com\/@vitablanca.ma","https:\/\/www.instagram.com\/vitablanca.ma\/"]}]}},"jetpack_sharing_enabled":true,"_links":{"self":[{"href":"https:\/\/vitablanca.ma\/en\/wp-json\/wp\/v2\/product\/14948","targetHints":{"allow":["GET"]}}],"collection":[{"href":"https:\/\/vitablanca.ma\/en\/wp-json\/wp\/v2\/product"}],"about":[{"href":"https:\/\/vitablanca.ma\/en\/wp-json\/wp\/v2\/types\/product"}],"wp:featuredmedia":[{"embeddable":true,"href":"https:\/\/vitablanca.ma\/en\/wp-json\/wp\/v2\/media\/14947"}],"wp:attachment":[{"href":"https:\/\/vitablanca.ma\/en\/wp-json\/wp\/v2\/media?parent=14948"}],"wp:term":[{"taxonomy":"product_brand","embeddable":true,"href":"https:\/\/vitablanca.ma\/en\/wp-json\/wp\/v2\/product_brand?post=14948"},{"taxonomy":"product_cat","embeddable":true,"href":"https:\/\/vitablanca.ma\/en\/wp-json\/wp\/v2\/product_cat?post=14948"},{"taxonomy":"product_tag","embeddable":true,"href":"https:\/\/vitablanca.ma\/en\/wp-json\/wp\/v2\/product_tag?post=14948"}],"curies":[{"name":"wp","href":"https:\/\/api.w.org\/{rel}","templated":true}]}}