{"id":14946,"date":"2025-06-10T15:44:22","date_gmt":"2025-06-10T15:44:22","guid":{"rendered":"https:\/\/vitablanca.ma\/product\/addax-hydroxia-creme-main-hydratante-75ml\/"},"modified":"2025-07-13T17:02:46","modified_gmt":"2025-07-13T17:02:46","slug":"addax-hydroxia-creme-main-hydratante-75ml","status":"publish","type":"product","link":"https:\/\/vitablanca.ma\/en\/product\/addax-hydroxia-creme-main-hydratante-75ml\/","title":{"rendered":"Addax Hydroxia Moisturizing Hand Cream 75ml"},"content":{"rendered":"<h2 data-mce-fragment=\"1\"><strong data-mce-fragment=\"1\">Addax Hydroxia Moisturizing Hand Cream 75ml<\/strong><\/h2>\n<p data-mce-fragment=\"1\"><strong data-mce-fragment=\"1\">COMPOSITION :<\/strong><br data-mce-fragment=\"1\">Glycerol. 2,5%<br data-mce-fragment=\"1\">Sorbitol. 2,5%<br data-mce-fragment=\"1\">GP4G. 1.0%<br data-mce-fragment=\"1\">Kojic Acid. 0.8%<br data-mce-fragment=\"1\">Urea. 3%<br data-mce-fragment=\"1\">Glycolic acid. 0.8%<br data-mce-fragment=\"1\">Citric acid. 0.8%<br data-mce-fragment=\"1\">Bearberry. 1.5%<br data-mce-fragment=\"1\">Vitamin C. 0.2%<br data-mce-fragment=\"1\">Ursi uva. 1%<br data-mce-fragment=\"1\">Camellia extract. 1%<br data-mce-fragment=\"1\">Excipients. q.s.p\u2026100%<\/p>\n<p data-mce-fragment=\"1\"><span data-mce-fragment=\"1\"><b data-mce-fragment=\"1\">PROPERTIES<\/b><\/span><strong data-mce-fragment=\"1\">\u00a0:<\/strong><br data-mce-fragment=\"1\"><span data-mce-fragment=\"1\">HYDROXIA is a unique treatment for aging hand skin. Wrinkles and fine lines fade as if they were a facelift, thanks to the combined action of Alpha Hydroxy Acids and vitamin C.<\/span><br data-mce-fragment=\"1\"><span data-mce-fragment=\"1\">Dark spots are removed with superactivated kojic acid, citric acid and bearberry extract.<\/span><br data-mce-fragment=\"1\"><span data-mce-fragment=\"1\">GP4G restructures the skin, vitamin E and green tea extract protect it from free radicals, the skin is protected from the sun with an SPF 8 sunscreen. Hands quickly regain their youthfulness.<\/span><\/p>\n<p data-mce-fragment=\"1\"><strong data-mce-fragment=\"1\">INDICATIONS:<\/strong><br data-mce-fragment=\"1\">\u2013 Mains ab\u00eem\u00e9es<br data-mce-fragment=\"1\">\u2013 Taches brunes<br data-mce-fragment=\"1\">\u2013 Rides<br data-mce-fragment=\"1\">\u2013 Fendillement<br data-mce-fragment=\"1\">\u2013 Tiraillement<\/p>\n<p data-mce-fragment=\"1\"><strong data-mce-fragment=\"1\">DOSAGE:<\/strong><br data-mce-fragment=\"1\">Apply twice a day.<br data-mce-fragment=\"1\">Capacity: 75 ml<\/p>","protected":false},"excerpt":{"rendered":"<p>Addax Hydroxia Cr\u00e8me main hydratante 75ml COMPOSITION :Glyc\u00e9rol. 2,5%Sorbitol. 2,5%GP4G. 1,0%Acide Kojique. 0,8%Ur\u00e9e. 3%Acide glycolique. 0.8%Acide citrique. 0.8%Busserole. 1.5%Vitamine C. 0.2%Ursi uva. 1%Extrait de camelia. 1%Excipients. q.s.p\u2026100% PROPRI\u00c9T\u00c9S\u00a0:HYDROXIA, est un soin unique dans le traitement du vieillissement cutan\u00e9 des mains. Les rides et ridules s\u2019estompent comme sous l\u2019effet d\u2019un lifting gr\u00e2ce \u00e0 l\u2019action conjointe des [&hellip;]<\/p>\n","protected":false},"featured_media":14945,"template":"","meta":{"om_disable_all_campaigns":false},"product_brand":[2790],"product_cat":[18,15],"product_tag":[3259,3260,3261],"class_list":{"0":"post-14946","1":"product","2":"type-product","3":"status-publish","4":"has-post-thumbnail","6":"product_brand-addax-prix-maroc","7":"product_cat-beaute-sante","8":"product_cat-beaute-sante-complements-alimentaires-soins-et-bien-etre-au-meilleur-prix","9":"product_tag-addax","10":"product_tag-addax-maroc","11":"product_tag-addax-morocco","13":"first","14":"instock","15":"sale","16":"taxable","17":"shipping-taxable","18":"purchasable","19":"product-type-simple"},"yoast_head":"<!-- This site is optimized with the Yoast SEO plugin v27.5 - https:\/\/yoast.com\/product\/yoast-seo-wordpress\/ -->\n<title>Addax Hydroxia Cr\u00e8me main hydratante 75ml - Maroc Prix<\/title>\n<meta name=\"description\" content=\"Addax Hydroxia Cr\u00e8me main hydratante 75ml\" \/>\n<meta name=\"robots\" content=\"index, follow, max-snippet:-1, max-image-preview:large, max-video-preview:-1\" \/>\n<link rel=\"canonical\" href=\"https:\/\/vitablanca.ma\/en\/product\/addax-hydroxia-creme-main-hydratante-75ml\/\" \/>\n<meta property=\"og:locale\" content=\"en_US\" \/>\n<meta property=\"og:type\" content=\"article\" \/>\n<meta property=\"og:title\" content=\"Addax Hydroxia Cr\u00e8me main hydratante 75ml - Maroc Prix\" \/>\n<meta property=\"og:description\" content=\"Addax Hydroxia Cr\u00e8me main hydratante 75ml\" \/>\n<meta property=\"og:url\" content=\"https:\/\/vitablanca.ma\/en\/product\/addax-hydroxia-creme-main-hydratante-75ml\/\" \/>\n<meta property=\"og:site_name\" content=\"Vitablanca.ma &ndash; Sant&eacute;, vitalit&eacute; et bien-&ecirc;tre pour tous les Marocains\" \/>\n<meta property=\"article:publisher\" content=\"https:\/\/www.facebook.com\/profile.php?id=61576678196717\" \/>\n<meta property=\"article:modified_time\" content=\"2025-07-13T17:02:46+00:00\" \/>\n<meta property=\"og:image\" content=\"https:\/\/vitablanca.ma\/wp-content\/uploads\/2025\/06\/addax-hydroxia-creme-mains-hydratante-75-ml.jpg\" \/>\n\t<meta property=\"og:image:width\" content=\"1000\" \/>\n\t<meta property=\"og:image:height\" content=\"1000\" \/>\n\t<meta property=\"og:image:type\" content=\"image\/jpeg\" \/>\n<meta name=\"twitter:card\" content=\"summary_large_image\" \/>\n<meta name=\"twitter:label1\" content=\"Est. reading time\" \/>\n\t<meta name=\"twitter:data1\" content=\"1 minute\" \/>\n<script type=\"application\/ld+json\" class=\"yoast-schema-graph\">{\"@context\":\"https:\\\/\\\/schema.org\",\"@graph\":[{\"@type\":[\"WebPage\",\"ItemPage\"],\"@id\":\"https:\\\/\\\/vitablanca.ma\\\/produit\\\/addax-hydroxia-creme-main-hydratante-75ml\\\/\",\"url\":\"https:\\\/\\\/vitablanca.ma\\\/produit\\\/addax-hydroxia-creme-main-hydratante-75ml\\\/\",\"name\":\"Addax Hydroxia Cr\u00e8me main hydratante 75ml - Maroc Prix\",\"isPartOf\":{\"@id\":\"https:\\\/\\\/vitablanca.ma\\\/#website\"},\"primaryImageOfPage\":{\"@id\":\"https:\\\/\\\/vitablanca.ma\\\/produit\\\/addax-hydroxia-creme-main-hydratante-75ml\\\/#primaryimage\"},\"image\":{\"@id\":\"https:\\\/\\\/vitablanca.ma\\\/produit\\\/addax-hydroxia-creme-main-hydratante-75ml\\\/#primaryimage\"},\"thumbnailUrl\":\"https:\\\/\\\/vitablanca.ma\\\/wp-content\\\/uploads\\\/2025\\\/06\\\/addax-hydroxia-creme-mains-hydratante-75-ml.jpg\",\"datePublished\":\"2025-06-10T15:44:22+00:00\",\"dateModified\":\"2025-07-13T17:02:46+00:00\",\"description\":\"Addax Hydroxia Cr\u00e8me main hydratante 75ml\",\"breadcrumb\":{\"@id\":\"https:\\\/\\\/vitablanca.ma\\\/produit\\\/addax-hydroxia-creme-main-hydratante-75ml\\\/#breadcrumb\"},\"inLanguage\":\"en-US\",\"potentialAction\":[{\"@type\":\"ReadAction\",\"target\":[\"https:\\\/\\\/vitablanca.ma\\\/produit\\\/addax-hydroxia-creme-main-hydratante-75ml\\\/\"]}]},{\"@type\":\"ImageObject\",\"inLanguage\":\"en-US\",\"@id\":\"https:\\\/\\\/vitablanca.ma\\\/produit\\\/addax-hydroxia-creme-main-hydratante-75ml\\\/#primaryimage\",\"url\":\"https:\\\/\\\/vitablanca.ma\\\/wp-content\\\/uploads\\\/2025\\\/06\\\/addax-hydroxia-creme-mains-hydratante-75-ml.jpg\",\"contentUrl\":\"https:\\\/\\\/vitablanca.ma\\\/wp-content\\\/uploads\\\/2025\\\/06\\\/addax-hydroxia-creme-mains-hydratante-75-ml.jpg\",\"width\":1000,\"height\":1000},{\"@type\":\"BreadcrumbList\",\"@id\":\"https:\\\/\\\/vitablanca.ma\\\/produit\\\/addax-hydroxia-creme-main-hydratante-75ml\\\/#breadcrumb\",\"itemListElement\":[{\"@type\":\"ListItem\",\"position\":1,\"name\":\"Home\",\"item\":\"https:\\\/\\\/vitablanca.ma\\\/\"},{\"@type\":\"ListItem\",\"position\":2,\"name\":\"Tous Les Produits\",\"item\":\"https:\\\/\\\/vitablanca.ma\\\/tous-les-produits\\\/\"},{\"@type\":\"ListItem\",\"position\":3,\"name\":\"Addax Hydroxia Cr\u00e8me main hydratante 75ml\"}]},{\"@type\":\"WebSite\",\"@id\":\"https:\\\/\\\/vitablanca.ma\\\/#website\",\"url\":\"https:\\\/\\\/vitablanca.ma\\\/\",\"name\":\"VitaBlanca.ma | Compl\u00e9ments alimentaires, sant\u00e9 & beaut\u00e9 au Maroc\",\"description\":\"vendre vitamines et compl\u00e9ments premium des USA &amp; Canada, Nouvelle Z\u00e9lande,Maroc (NOW Foods, Solgar, Manuka). Livraison rapide partout au Maroc.\",\"publisher\":{\"@id\":\"https:\\\/\\\/vitablanca.ma\\\/#organization\"},\"alternateName\":\"VitaBlanca.ma\",\"potentialAction\":[{\"@type\":\"SearchAction\",\"target\":{\"@type\":\"EntryPoint\",\"urlTemplate\":\"https:\\\/\\\/vitablanca.ma\\\/?s={search_term_string}\"},\"query-input\":{\"@type\":\"PropertyValueSpecification\",\"valueRequired\":true,\"valueName\":\"search_term_string\"}}],\"inLanguage\":\"en-US\"},{\"@type\":\"Organization\",\"@id\":\"https:\\\/\\\/vitablanca.ma\\\/#organization\",\"name\":\"VitaBlanca\",\"url\":\"https:\\\/\\\/vitablanca.ma\\\/\",\"logo\":{\"@type\":\"ImageObject\",\"inLanguage\":\"en-US\",\"@id\":\"https:\\\/\\\/vitablanca.ma\\\/#\\\/schema\\\/logo\\\/image\\\/\",\"url\":\"https:\\\/\\\/vitablanca.ma\\\/wp-content\\\/uploads\\\/2025\\\/05\\\/cropped-vitablanca.png\",\"contentUrl\":\"https:\\\/\\\/vitablanca.ma\\\/wp-content\\\/uploads\\\/2025\\\/05\\\/cropped-vitablanca.png\",\"width\":360,\"height\":67,\"caption\":\"VitaBlanca\"},\"image\":{\"@id\":\"https:\\\/\\\/vitablanca.ma\\\/#\\\/schema\\\/logo\\\/image\\\/\"},\"sameAs\":[\"https:\\\/\\\/www.facebook.com\\\/profile.php?id=61576678196717\",\"https:\\\/\\\/www.tiktok.com\\\/@vitablanca.ma\",\"https:\\\/\\\/www.instagram.com\\\/vitablanca.ma\\\/\"]}]}<\/script>\n<!-- \/ Yoast SEO plugin. -->","yoast_head_json":{"title":"Addax Hydroxia Moisturizing Hand Cream 75ml - Morocco Price","description":"Addax Hydroxia Moisturizing Hand Cream 75ml","robots":{"index":"index","follow":"follow","max-snippet":"max-snippet:-1","max-image-preview":"max-image-preview:large","max-video-preview":"max-video-preview:-1"},"canonical":"https:\/\/vitablanca.ma\/en\/product\/addax-hydroxia-creme-main-hydratante-75ml\/","og_locale":"en_US","og_type":"article","og_title":"Addax Hydroxia Cr\u00e8me main hydratante 75ml - Maroc Prix","og_description":"Addax Hydroxia Cr\u00e8me main hydratante 75ml","og_url":"https:\/\/vitablanca.ma\/en\/product\/addax-hydroxia-creme-main-hydratante-75ml\/","og_site_name":"Vitablanca.ma &ndash; Sant&eacute;, vitalit&eacute; et bien-&ecirc;tre pour tous les Marocains","article_publisher":"https:\/\/www.facebook.com\/profile.php?id=61576678196717","article_modified_time":"2025-07-13T17:02:46+00:00","og_image":[{"width":1000,"height":1000,"url":"https:\/\/vitablanca.ma\/wp-content\/uploads\/2025\/06\/addax-hydroxia-creme-mains-hydratante-75-ml.jpg","type":"image\/jpeg"}],"twitter_card":"summary_large_image","twitter_misc":{"Est. reading time":"1 minute"},"schema":{"@context":"https:\/\/schema.org","@graph":[{"@type":["WebPage","ItemPage"],"@id":"https:\/\/vitablanca.ma\/produit\/addax-hydroxia-creme-main-hydratante-75ml\/","url":"https:\/\/vitablanca.ma\/produit\/addax-hydroxia-creme-main-hydratante-75ml\/","name":"Addax Hydroxia Moisturizing Hand Cream 75ml - Morocco Price","isPartOf":{"@id":"https:\/\/vitablanca.ma\/#website"},"primaryImageOfPage":{"@id":"https:\/\/vitablanca.ma\/produit\/addax-hydroxia-creme-main-hydratante-75ml\/#primaryimage"},"image":{"@id":"https:\/\/vitablanca.ma\/produit\/addax-hydroxia-creme-main-hydratante-75ml\/#primaryimage"},"thumbnailUrl":"https:\/\/vitablanca.ma\/wp-content\/uploads\/2025\/06\/addax-hydroxia-creme-mains-hydratante-75-ml.jpg","datePublished":"2025-06-10T15:44:22+00:00","dateModified":"2025-07-13T17:02:46+00:00","description":"Addax Hydroxia Moisturizing Hand Cream 75ml","breadcrumb":{"@id":"https:\/\/vitablanca.ma\/produit\/addax-hydroxia-creme-main-hydratante-75ml\/#breadcrumb"},"inLanguage":"en-US","potentialAction":[{"@type":"ReadAction","target":["https:\/\/vitablanca.ma\/produit\/addax-hydroxia-creme-main-hydratante-75ml\/"]}]},{"@type":"ImageObject","inLanguage":"en-US","@id":"https:\/\/vitablanca.ma\/produit\/addax-hydroxia-creme-main-hydratante-75ml\/#primaryimage","url":"https:\/\/vitablanca.ma\/wp-content\/uploads\/2025\/06\/addax-hydroxia-creme-mains-hydratante-75-ml.jpg","contentUrl":"https:\/\/vitablanca.ma\/wp-content\/uploads\/2025\/06\/addax-hydroxia-creme-mains-hydratante-75-ml.jpg","width":1000,"height":1000},{"@type":"BreadcrumbList","@id":"https:\/\/vitablanca.ma\/produit\/addax-hydroxia-creme-main-hydratante-75ml\/#breadcrumb","itemListElement":[{"@type":"ListItem","position":1,"name":"Home","item":"https:\/\/vitablanca.ma\/"},{"@type":"ListItem","position":2,"name":"Tous Les Produits","item":"https:\/\/vitablanca.ma\/tous-les-produits\/"},{"@type":"ListItem","position":3,"name":"Addax Hydroxia Cr\u00e8me main hydratante 75ml"}]},{"@type":"WebSite","@id":"https:\/\/vitablanca.ma\/#website","url":"https:\/\/vitablanca.ma\/","name":"VitaBlanca.ma | Food supplements, health &amp; beauty in Morocco","description":"sell premium vitamins and supplements from USA &amp; Canada, New Zealand, Morocco (NOW Foods, Solgar, Manuka). Fast delivery anywhere in Morocco.","publisher":{"@id":"https:\/\/vitablanca.ma\/#organization"},"alternateName":"VitaBlanca.ma","potentialAction":[{"@type":"SearchAction","target":{"@type":"EntryPoint","urlTemplate":"https:\/\/vitablanca.ma\/?s={search_term_string}"},"query-input":{"@type":"PropertyValueSpecification","valueRequired":true,"valueName":"search_term_string"}}],"inLanguage":"en-US"},{"@type":"Organization","@id":"https:\/\/vitablanca.ma\/#organization","name":"VitaBlanca","url":"https:\/\/vitablanca.ma\/","logo":{"@type":"ImageObject","inLanguage":"en-US","@id":"https:\/\/vitablanca.ma\/#\/schema\/logo\/image\/","url":"https:\/\/vitablanca.ma\/wp-content\/uploads\/2025\/05\/cropped-vitablanca.png","contentUrl":"https:\/\/vitablanca.ma\/wp-content\/uploads\/2025\/05\/cropped-vitablanca.png","width":360,"height":67,"caption":"VitaBlanca"},"image":{"@id":"https:\/\/vitablanca.ma\/#\/schema\/logo\/image\/"},"sameAs":["https:\/\/www.facebook.com\/profile.php?id=61576678196717","https:\/\/www.tiktok.com\/@vitablanca.ma","https:\/\/www.instagram.com\/vitablanca.ma\/"]}]}},"jetpack_sharing_enabled":true,"_links":{"self":[{"href":"https:\/\/vitablanca.ma\/en\/wp-json\/wp\/v2\/product\/14946","targetHints":{"allow":["GET"]}}],"collection":[{"href":"https:\/\/vitablanca.ma\/en\/wp-json\/wp\/v2\/product"}],"about":[{"href":"https:\/\/vitablanca.ma\/en\/wp-json\/wp\/v2\/types\/product"}],"wp:featuredmedia":[{"embeddable":true,"href":"https:\/\/vitablanca.ma\/en\/wp-json\/wp\/v2\/media\/14945"}],"wp:attachment":[{"href":"https:\/\/vitablanca.ma\/en\/wp-json\/wp\/v2\/media?parent=14946"}],"wp:term":[{"taxonomy":"product_brand","embeddable":true,"href":"https:\/\/vitablanca.ma\/en\/wp-json\/wp\/v2\/product_brand?post=14946"},{"taxonomy":"product_cat","embeddable":true,"href":"https:\/\/vitablanca.ma\/en\/wp-json\/wp\/v2\/product_cat?post=14946"},{"taxonomy":"product_tag","embeddable":true,"href":"https:\/\/vitablanca.ma\/en\/wp-json\/wp\/v2\/product_tag?post=14946"}],"curies":[{"name":"wp","href":"https:\/\/api.w.org\/{rel}","templated":true}]}}