{"id":14942,"date":"2025-06-10T15:44:13","date_gmt":"2025-06-10T15:44:13","guid":{"rendered":"https:\/\/vitablanca.ma\/product\/addax-creme-reparatrice-crevasses-talonnieres-fissures-cica-b5\/"},"modified":"2025-07-13T17:02:46","modified_gmt":"2025-07-13T17:02:46","slug":"addax-creme-reparatrice-crevasses-talonnieres-fissures-cica-b5","status":"publish","type":"product","link":"https:\/\/vitablanca.ma\/en\/product\/addax-creme-reparatrice-crevasses-talonnieres-fissures-cica-b5\/","title":{"rendered":"Addax Repair Cream Heel cracks Cica B5"},"content":{"rendered":"<h2>Addax Repair Cream Heel cracks Cica B5<strong> for p<span data-mce-fragment=\"1\">very damaged waters<\/span><\/strong><br \/>\n<\/h2>\n<p class=\"prodtexte\">CICA B5 Cr\u00e8me r\u00e9paratrice pieds Crevasses talonni\u00e8res, fissures interdigitales. Peaux tr\u00e8s ab\u00eem\u00e9es. CICA B5 Cr\u00e8me r\u00e9paratrice pieds Sa formule originale et concentr\u00e9e permet une r\u00e9paration intense, rapide et solide de l\u2019\u00e9piderme, en agissant sur toutes les \u00e9tapes de la r\u00e9paration cutan\u00e9e : \u2013 Le facteur de croissance du collag\u00e8ne, le CPP, initie le processus de cicatrisation et am\u00e9liore la consolidation des tissus l\u00e9s\u00e9s, \u2013 L\u2019allanto\u00efne, la vitamine B5, la Centella asiatica et le calendula acc\u00e9l\u00e8rent la prolif\u00e9ration cellulaire et la vitesse de r\u00e9paration. De plus, elle contient de l\u2019alpha-bisabolol et du dipotassium glycyrrhizinate \u00e0 l\u2019action apaisante et du triclosan bien connu pour ses propri\u00e9t\u00e9s protectrices antibact\u00e9rienne et antifongique.<\/p>\n<h3 class=\"prodsubtitle\">DIRECTIONS FOR USE\u00a0<\/h3>\n<p class=\"prodtexte\">Apply to damaged areas twice a day for one week. Reapply if necessary.<\/p>\n<h3 class=\"prodsubtitle\">COMPOSITION<\/h3>\n<p class=\"prodtexte\">Petrolatum, Aqua, Paraffinum Liquidum, Glyceryl Stearate, Cera Alba, Calcium Pantothenate, Calendula Officinalis, Allantoin, Centella asiatica, Ceteareth-12, Ceteareth-20, Cetearyl Alcohol, Cetyl Palmitate, cocoglycerides, Dipropylene Glycol, Benzyl Alcohol, Methylchloroisothiazolinone, Methylisothiazolinone, Tripeptide-1, Urea, Guanidine, Glucose, Phenoxyethanol, Methylparaben, Butylparaben, Ethylparaben, Propylparaben, Isobutylparaben, Polyacrylamide, C13-C14 Isoparaffin, Laureth-7, Bisabolol, Triclosan, Dipotassium Glycyrrhizate, Propylparaben, Imidazolidinyl Urea, Methionine.<\/p>","protected":false},"excerpt":{"rendered":"<p>Addax Cr\u00e8me R\u00e9paratrice Crevasses talonni\u00e8res Fissures Cica B5 pour peaux tr\u00e8s ab\u00eem\u00e9es CICA B5 Cr\u00e8me r\u00e9paratrice pieds Crevasses talonni\u00e8res, fissures interdigitales. Peaux tr\u00e8s ab\u00eem\u00e9es. CICA B5 Cr\u00e8me r\u00e9paratrice pieds Sa formule originale et concentr\u00e9e permet une r\u00e9paration intense, rapide et solide de l\u2019\u00e9piderme, en agissant sur toutes les \u00e9tapes de la r\u00e9paration cutan\u00e9e : \u2013 [&hellip;]<\/p>\n","protected":false},"featured_media":14941,"template":"","meta":{"om_disable_all_campaigns":false},"product_brand":[2790],"product_cat":[18,15],"product_tag":[3259,3260,3261],"class_list":{"0":"post-14942","1":"product","2":"type-product","3":"status-publish","4":"has-post-thumbnail","6":"product_brand-addax-prix-maroc","7":"product_cat-beaute-sante","8":"product_cat-beaute-sante-complements-alimentaires-soins-et-bien-etre-au-meilleur-prix","9":"product_tag-addax","10":"product_tag-addax-maroc","11":"product_tag-addax-morocco","13":"first","14":"instock","15":"sale","16":"taxable","17":"shipping-taxable","18":"purchasable","19":"product-type-simple"},"yoast_head":"<!-- This site is optimized with the Yoast SEO plugin v27.5 - https:\/\/yoast.com\/product\/yoast-seo-wordpress\/ -->\n<title>Addax Cr\u00e8me R\u00e9paratrice Crevasses talonni\u00e8res Fissures Cica B5 - Maroc Prix<\/title>\n<meta name=\"description\" content=\"Addax Cr\u00e8me R\u00e9paratrice Crevasses talonni\u00e8res Fissures Cica B5\" \/>\n<meta name=\"robots\" content=\"index, follow, max-snippet:-1, max-image-preview:large, max-video-preview:-1\" \/>\n<link rel=\"canonical\" href=\"https:\/\/vitablanca.ma\/en\/product\/addax-creme-reparatrice-crevasses-talonnieres-fissures-cica-b5\/\" \/>\n<meta property=\"og:locale\" content=\"en_US\" \/>\n<meta property=\"og:type\" content=\"article\" \/>\n<meta property=\"og:title\" content=\"Addax Cr\u00e8me R\u00e9paratrice Crevasses talonni\u00e8res Fissures Cica B5 - Maroc Prix\" \/>\n<meta property=\"og:description\" content=\"Addax Cr\u00e8me R\u00e9paratrice Crevasses talonni\u00e8res Fissures Cica B5\" \/>\n<meta property=\"og:url\" content=\"https:\/\/vitablanca.ma\/en\/product\/addax-creme-reparatrice-crevasses-talonnieres-fissures-cica-b5\/\" \/>\n<meta property=\"og:site_name\" content=\"Vitablanca.ma &ndash; Sant&eacute;, vitalit&eacute; et bien-&ecirc;tre pour tous les Marocains\" \/>\n<meta property=\"article:publisher\" content=\"https:\/\/www.facebook.com\/profile.php?id=61576678196717\" \/>\n<meta property=\"article:modified_time\" content=\"2025-07-13T17:02:46+00:00\" \/>\n<meta property=\"og:image\" content=\"https:\/\/vitablanca.ma\/wp-content\/uploads\/2025\/06\/Addax-Creme-Reparatrice-Crevasses-talonnieres-Fissures-Cica-B5-nova-parapharmacie-maroc.png\" \/>\n\t<meta property=\"og:image:width\" content=\"1000\" \/>\n\t<meta property=\"og:image:height\" content=\"1000\" \/>\n\t<meta property=\"og:image:type\" content=\"image\/png\" \/>\n<meta name=\"twitter:card\" content=\"summary_large_image\" \/>\n<meta name=\"twitter:label1\" content=\"Est. reading time\" \/>\n\t<meta name=\"twitter:data1\" content=\"1 minute\" \/>\n<script type=\"application\/ld+json\" class=\"yoast-schema-graph\">{\"@context\":\"https:\\\/\\\/schema.org\",\"@graph\":[{\"@type\":[\"WebPage\",\"ItemPage\"],\"@id\":\"https:\\\/\\\/vitablanca.ma\\\/produit\\\/addax-creme-reparatrice-crevasses-talonnieres-fissures-cica-b5\\\/\",\"url\":\"https:\\\/\\\/vitablanca.ma\\\/produit\\\/addax-creme-reparatrice-crevasses-talonnieres-fissures-cica-b5\\\/\",\"name\":\"Addax Cr\u00e8me R\u00e9paratrice Crevasses talonni\u00e8res Fissures Cica B5 - Maroc Prix\",\"isPartOf\":{\"@id\":\"https:\\\/\\\/vitablanca.ma\\\/#website\"},\"primaryImageOfPage\":{\"@id\":\"https:\\\/\\\/vitablanca.ma\\\/produit\\\/addax-creme-reparatrice-crevasses-talonnieres-fissures-cica-b5\\\/#primaryimage\"},\"image\":{\"@id\":\"https:\\\/\\\/vitablanca.ma\\\/produit\\\/addax-creme-reparatrice-crevasses-talonnieres-fissures-cica-b5\\\/#primaryimage\"},\"thumbnailUrl\":\"https:\\\/\\\/vitablanca.ma\\\/wp-content\\\/uploads\\\/2025\\\/06\\\/Addax-Creme-Reparatrice-Crevasses-talonnieres-Fissures-Cica-B5-nova-parapharmacie-maroc.png\",\"datePublished\":\"2025-06-10T15:44:13+00:00\",\"dateModified\":\"2025-07-13T17:02:46+00:00\",\"description\":\"Addax Cr\u00e8me R\u00e9paratrice Crevasses talonni\u00e8res Fissures Cica B5\",\"breadcrumb\":{\"@id\":\"https:\\\/\\\/vitablanca.ma\\\/produit\\\/addax-creme-reparatrice-crevasses-talonnieres-fissures-cica-b5\\\/#breadcrumb\"},\"inLanguage\":\"en-US\",\"potentialAction\":[{\"@type\":\"ReadAction\",\"target\":[\"https:\\\/\\\/vitablanca.ma\\\/produit\\\/addax-creme-reparatrice-crevasses-talonnieres-fissures-cica-b5\\\/\"]}]},{\"@type\":\"ImageObject\",\"inLanguage\":\"en-US\",\"@id\":\"https:\\\/\\\/vitablanca.ma\\\/produit\\\/addax-creme-reparatrice-crevasses-talonnieres-fissures-cica-b5\\\/#primaryimage\",\"url\":\"https:\\\/\\\/vitablanca.ma\\\/wp-content\\\/uploads\\\/2025\\\/06\\\/Addax-Creme-Reparatrice-Crevasses-talonnieres-Fissures-Cica-B5-nova-parapharmacie-maroc.png\",\"contentUrl\":\"https:\\\/\\\/vitablanca.ma\\\/wp-content\\\/uploads\\\/2025\\\/06\\\/Addax-Creme-Reparatrice-Crevasses-talonnieres-Fissures-Cica-B5-nova-parapharmacie-maroc.png\",\"width\":1000,\"height\":1000},{\"@type\":\"BreadcrumbList\",\"@id\":\"https:\\\/\\\/vitablanca.ma\\\/produit\\\/addax-creme-reparatrice-crevasses-talonnieres-fissures-cica-b5\\\/#breadcrumb\",\"itemListElement\":[{\"@type\":\"ListItem\",\"position\":1,\"name\":\"Home\",\"item\":\"https:\\\/\\\/vitablanca.ma\\\/\"},{\"@type\":\"ListItem\",\"position\":2,\"name\":\"Tous Les Produits\",\"item\":\"https:\\\/\\\/vitablanca.ma\\\/tous-les-produits\\\/\"},{\"@type\":\"ListItem\",\"position\":3,\"name\":\"Addax Cr\u00e8me R\u00e9paratrice Crevasses talonni\u00e8res Fissures Cica B5\"}]},{\"@type\":\"WebSite\",\"@id\":\"https:\\\/\\\/vitablanca.ma\\\/#website\",\"url\":\"https:\\\/\\\/vitablanca.ma\\\/\",\"name\":\"VitaBlanca.ma | Compl\u00e9ments alimentaires, sant\u00e9 & beaut\u00e9 au Maroc\",\"description\":\"vendre vitamines et compl\u00e9ments premium des USA &amp; Canada, Nouvelle Z\u00e9lande,Maroc (NOW Foods, Solgar, Manuka). Livraison rapide partout au Maroc.\",\"publisher\":{\"@id\":\"https:\\\/\\\/vitablanca.ma\\\/#organization\"},\"alternateName\":\"VitaBlanca.ma\",\"potentialAction\":[{\"@type\":\"SearchAction\",\"target\":{\"@type\":\"EntryPoint\",\"urlTemplate\":\"https:\\\/\\\/vitablanca.ma\\\/?s={search_term_string}\"},\"query-input\":{\"@type\":\"PropertyValueSpecification\",\"valueRequired\":true,\"valueName\":\"search_term_string\"}}],\"inLanguage\":\"en-US\"},{\"@type\":\"Organization\",\"@id\":\"https:\\\/\\\/vitablanca.ma\\\/#organization\",\"name\":\"VitaBlanca\",\"url\":\"https:\\\/\\\/vitablanca.ma\\\/\",\"logo\":{\"@type\":\"ImageObject\",\"inLanguage\":\"en-US\",\"@id\":\"https:\\\/\\\/vitablanca.ma\\\/#\\\/schema\\\/logo\\\/image\\\/\",\"url\":\"https:\\\/\\\/vitablanca.ma\\\/wp-content\\\/uploads\\\/2025\\\/05\\\/cropped-vitablanca.png\",\"contentUrl\":\"https:\\\/\\\/vitablanca.ma\\\/wp-content\\\/uploads\\\/2025\\\/05\\\/cropped-vitablanca.png\",\"width\":360,\"height\":67,\"caption\":\"VitaBlanca\"},\"image\":{\"@id\":\"https:\\\/\\\/vitablanca.ma\\\/#\\\/schema\\\/logo\\\/image\\\/\"},\"sameAs\":[\"https:\\\/\\\/www.facebook.com\\\/profile.php?id=61576678196717\",\"https:\\\/\\\/www.tiktok.com\\\/@vitablanca.ma\",\"https:\\\/\\\/www.instagram.com\\\/vitablanca.ma\\\/\"]}]}<\/script>\n<!-- \/ Yoast SEO plugin. -->","yoast_head_json":{"title":"Addax Repair Cream for Heel Cracks and Fissures Cica B5 - Morocco Price","description":"Addax Repair Cream Heel cracks Cica B5","robots":{"index":"index","follow":"follow","max-snippet":"max-snippet:-1","max-image-preview":"max-image-preview:large","max-video-preview":"max-video-preview:-1"},"canonical":"https:\/\/vitablanca.ma\/en\/product\/addax-creme-reparatrice-crevasses-talonnieres-fissures-cica-b5\/","og_locale":"en_US","og_type":"article","og_title":"Addax Cr\u00e8me R\u00e9paratrice Crevasses talonni\u00e8res Fissures Cica B5 - Maroc Prix","og_description":"Addax Cr\u00e8me R\u00e9paratrice Crevasses talonni\u00e8res Fissures Cica B5","og_url":"https:\/\/vitablanca.ma\/en\/product\/addax-creme-reparatrice-crevasses-talonnieres-fissures-cica-b5\/","og_site_name":"Vitablanca.ma &ndash; Sant&eacute;, vitalit&eacute; et bien-&ecirc;tre pour tous les Marocains","article_publisher":"https:\/\/www.facebook.com\/profile.php?id=61576678196717","article_modified_time":"2025-07-13T17:02:46+00:00","og_image":[{"width":1000,"height":1000,"url":"https:\/\/vitablanca.ma\/wp-content\/uploads\/2025\/06\/Addax-Creme-Reparatrice-Crevasses-talonnieres-Fissures-Cica-B5-nova-parapharmacie-maroc.png","type":"image\/png"}],"twitter_card":"summary_large_image","twitter_misc":{"Est. reading time":"1 minute"},"schema":{"@context":"https:\/\/schema.org","@graph":[{"@type":["WebPage","ItemPage"],"@id":"https:\/\/vitablanca.ma\/produit\/addax-creme-reparatrice-crevasses-talonnieres-fissures-cica-b5\/","url":"https:\/\/vitablanca.ma\/produit\/addax-creme-reparatrice-crevasses-talonnieres-fissures-cica-b5\/","name":"Addax Repair Cream for Heel Cracks and Fissures Cica B5 - Morocco Price","isPartOf":{"@id":"https:\/\/vitablanca.ma\/#website"},"primaryImageOfPage":{"@id":"https:\/\/vitablanca.ma\/produit\/addax-creme-reparatrice-crevasses-talonnieres-fissures-cica-b5\/#primaryimage"},"image":{"@id":"https:\/\/vitablanca.ma\/produit\/addax-creme-reparatrice-crevasses-talonnieres-fissures-cica-b5\/#primaryimage"},"thumbnailUrl":"https:\/\/vitablanca.ma\/wp-content\/uploads\/2025\/06\/Addax-Creme-Reparatrice-Crevasses-talonnieres-Fissures-Cica-B5-nova-parapharmacie-maroc.png","datePublished":"2025-06-10T15:44:13+00:00","dateModified":"2025-07-13T17:02:46+00:00","description":"Addax Repair Cream Heel cracks Cica B5","breadcrumb":{"@id":"https:\/\/vitablanca.ma\/produit\/addax-creme-reparatrice-crevasses-talonnieres-fissures-cica-b5\/#breadcrumb"},"inLanguage":"en-US","potentialAction":[{"@type":"ReadAction","target":["https:\/\/vitablanca.ma\/produit\/addax-creme-reparatrice-crevasses-talonnieres-fissures-cica-b5\/"]}]},{"@type":"ImageObject","inLanguage":"en-US","@id":"https:\/\/vitablanca.ma\/produit\/addax-creme-reparatrice-crevasses-talonnieres-fissures-cica-b5\/#primaryimage","url":"https:\/\/vitablanca.ma\/wp-content\/uploads\/2025\/06\/Addax-Creme-Reparatrice-Crevasses-talonnieres-Fissures-Cica-B5-nova-parapharmacie-maroc.png","contentUrl":"https:\/\/vitablanca.ma\/wp-content\/uploads\/2025\/06\/Addax-Creme-Reparatrice-Crevasses-talonnieres-Fissures-Cica-B5-nova-parapharmacie-maroc.png","width":1000,"height":1000},{"@type":"BreadcrumbList","@id":"https:\/\/vitablanca.ma\/produit\/addax-creme-reparatrice-crevasses-talonnieres-fissures-cica-b5\/#breadcrumb","itemListElement":[{"@type":"ListItem","position":1,"name":"Home","item":"https:\/\/vitablanca.ma\/"},{"@type":"ListItem","position":2,"name":"Tous Les Produits","item":"https:\/\/vitablanca.ma\/tous-les-produits\/"},{"@type":"ListItem","position":3,"name":"Addax Cr\u00e8me R\u00e9paratrice Crevasses talonni\u00e8res Fissures Cica B5"}]},{"@type":"WebSite","@id":"https:\/\/vitablanca.ma\/#website","url":"https:\/\/vitablanca.ma\/","name":"VitaBlanca.ma | Food supplements, health &amp; beauty in Morocco","description":"sell premium vitamins and supplements from USA &amp; Canada, New Zealand, Morocco (NOW Foods, Solgar, Manuka). Fast delivery anywhere in Morocco.","publisher":{"@id":"https:\/\/vitablanca.ma\/#organization"},"alternateName":"VitaBlanca.ma","potentialAction":[{"@type":"SearchAction","target":{"@type":"EntryPoint","urlTemplate":"https:\/\/vitablanca.ma\/?s={search_term_string}"},"query-input":{"@type":"PropertyValueSpecification","valueRequired":true,"valueName":"search_term_string"}}],"inLanguage":"en-US"},{"@type":"Organization","@id":"https:\/\/vitablanca.ma\/#organization","name":"VitaBlanca","url":"https:\/\/vitablanca.ma\/","logo":{"@type":"ImageObject","inLanguage":"en-US","@id":"https:\/\/vitablanca.ma\/#\/schema\/logo\/image\/","url":"https:\/\/vitablanca.ma\/wp-content\/uploads\/2025\/05\/cropped-vitablanca.png","contentUrl":"https:\/\/vitablanca.ma\/wp-content\/uploads\/2025\/05\/cropped-vitablanca.png","width":360,"height":67,"caption":"VitaBlanca"},"image":{"@id":"https:\/\/vitablanca.ma\/#\/schema\/logo\/image\/"},"sameAs":["https:\/\/www.facebook.com\/profile.php?id=61576678196717","https:\/\/www.tiktok.com\/@vitablanca.ma","https:\/\/www.instagram.com\/vitablanca.ma\/"]}]}},"jetpack_sharing_enabled":true,"_links":{"self":[{"href":"https:\/\/vitablanca.ma\/en\/wp-json\/wp\/v2\/product\/14942","targetHints":{"allow":["GET"]}}],"collection":[{"href":"https:\/\/vitablanca.ma\/en\/wp-json\/wp\/v2\/product"}],"about":[{"href":"https:\/\/vitablanca.ma\/en\/wp-json\/wp\/v2\/types\/product"}],"wp:featuredmedia":[{"embeddable":true,"href":"https:\/\/vitablanca.ma\/en\/wp-json\/wp\/v2\/media\/14941"}],"wp:attachment":[{"href":"https:\/\/vitablanca.ma\/en\/wp-json\/wp\/v2\/media?parent=14942"}],"wp:term":[{"taxonomy":"product_brand","embeddable":true,"href":"https:\/\/vitablanca.ma\/en\/wp-json\/wp\/v2\/product_brand?post=14942"},{"taxonomy":"product_cat","embeddable":true,"href":"https:\/\/vitablanca.ma\/en\/wp-json\/wp\/v2\/product_cat?post=14942"},{"taxonomy":"product_tag","embeddable":true,"href":"https:\/\/vitablanca.ma\/en\/wp-json\/wp\/v2\/product_tag?post=14942"}],"curies":[{"name":"wp","href":"https:\/\/api.w.org\/{rel}","templated":true}]}}