{"id":14936,"date":"2025-06-10T15:43:55","date_gmt":"2025-06-10T15:43:55","guid":{"rendered":"https:\/\/vitablanca.ma\/product\/addax-keracid-gel-keratolytique-50ml\/"},"modified":"2025-07-13T17:02:47","modified_gmt":"2025-07-13T17:02:47","slug":"addax-keracid-gel-keratolytique-50ml","status":"publish","type":"product","link":"https:\/\/vitablanca.ma\/en\/product\/addax-keracid-gel-keratolytique-50ml\/","title":{"rendered":"Addax KERACID Keratolytic Gel 50ml"},"content":{"rendered":"<h2>Addax KERACID Keratolytic Gel <span data-mce-fragment=\"1\">helps improve skin texture and remove dead cells.\u00a0<\/span><br \/>\n<\/h2>\n<p><span>This gel contains a combination of acids (Glycolic Acid and Salicylic Acid) that helps maintain normal skin thickness. It helps improve skin texture and remove dead skin cells. This helps thin and roughen the skin on your feet.<\/span><br \/><span>The skin on your feet becomes softer, smoother, and more comfortable. Your feet feel relieved and repaired.<\/span><\/p>\n<h3><span>Directions for use<\/span><\/h3>\n<p><span>Apply Addax Keratolytic Gel to the area to be treated once or twice a day.<\/span><\/p>\n<h3><span>Ingredients<\/span><\/h3>\n<p><span>Aqua, Propylene Glycol, Glycolic Acid, Glycerin, Alcohol Denat, Lactic Acid, Peg-8 Dimethicone, Salicyluc Acid, Sodium Acrylate\/Sodium Acryloyldimethyl Taurate, Copolymer, Sodium Hydroxide, Hydroxyethylcellulose, PPG-1 PEG-9 Lauryl Glycol Ether, Xylitol, Isohexadecane, Phenoxyethanol, Polysorbate-80, Imidazolinidinyl Urea, Citrus Limon Fruit Extract, Citral, Sorbitan Oleate, Methylparaben, Carica Papaya Fruit Extract, Olea Europaea Leaf Extract, Hedera Helix Leaf Extract, Thuja Occidentalis Leaf\/Stem Extract, Ethylparaben, Butylparaben, Cymbopogon Schoenanthus Oil, Propylparaben, Geraniol, Limonene, Potassium Sorbate, Citronellol, Linalool.<\/span><\/p>","protected":false},"excerpt":{"rendered":"<p>Addax KERACID Gel K\u00e9ratolytique permet d\u2019am\u00e9liorer la texture de la peau et d\u2019\u00e9liminer les cellules mortes.\u00a0 Ce gel contient une combinaison d\u2019acides (Acide Glycolique et Acide Salicylique) qui favorise le maintien d\u2019un \u00e9tat normal de l\u2019\u00e9paisseur de la peau. Il permet d\u2019am\u00e9liorer la texture de la peau et d\u2019\u00e9liminer les cellules mortes. La peau de [&hellip;]<\/p>\n","protected":false},"featured_media":14935,"template":"","meta":{"om_disable_all_campaigns":false},"product_brand":[2790],"product_cat":[18,15],"product_tag":[3259,3260,3261],"class_list":{"0":"post-14936","1":"product","2":"type-product","3":"status-publish","4":"has-post-thumbnail","6":"product_brand-addax-prix-maroc","7":"product_cat-beaute-sante","8":"product_cat-beaute-sante-complements-alimentaires-soins-et-bien-etre-au-meilleur-prix","9":"product_tag-addax","10":"product_tag-addax-maroc","11":"product_tag-addax-morocco","13":"first","14":"instock","15":"sale","16":"taxable","17":"shipping-taxable","18":"purchasable","19":"product-type-simple"},"yoast_head":"<!-- This site is optimized with the Yoast SEO plugin v27.5 - https:\/\/yoast.com\/product\/yoast-seo-wordpress\/ -->\n<title>Addax KERACID Gel K\u00e9ratolytique 50ml - Maroc Prix<\/title>\n<meta name=\"description\" content=\"Addax KERACID Gel K\u00e9ratolytique 50ml\" \/>\n<meta name=\"robots\" content=\"index, follow, max-snippet:-1, max-image-preview:large, max-video-preview:-1\" \/>\n<link rel=\"canonical\" href=\"https:\/\/vitablanca.ma\/en\/product\/addax-keracid-gel-keratolytique-50ml\/\" \/>\n<meta property=\"og:locale\" content=\"en_US\" \/>\n<meta property=\"og:type\" content=\"article\" \/>\n<meta property=\"og:title\" content=\"Addax KERACID Gel K\u00e9ratolytique 50ml - Maroc Prix\" \/>\n<meta property=\"og:description\" content=\"Addax KERACID Gel K\u00e9ratolytique 50ml\" \/>\n<meta property=\"og:url\" content=\"https:\/\/vitablanca.ma\/en\/product\/addax-keracid-gel-keratolytique-50ml\/\" \/>\n<meta property=\"og:site_name\" content=\"Vitablanca.ma &ndash; Sant&eacute;, vitalit&eacute; et bien-&ecirc;tre pour tous les Marocains\" \/>\n<meta property=\"article:publisher\" content=\"https:\/\/www.facebook.com\/profile.php?id=61576678196717\" \/>\n<meta property=\"article:modified_time\" content=\"2025-07-13T17:02:47+00:00\" \/>\n<meta property=\"og:image\" content=\"https:\/\/vitablanca.ma\/wp-content\/uploads\/2025\/06\/Addax-KERACID-Gel-Keratolytique-50ml-nova-parapharmacie-maroc.png\" \/>\n\t<meta property=\"og:image:width\" content=\"1000\" \/>\n\t<meta property=\"og:image:height\" content=\"1000\" \/>\n\t<meta property=\"og:image:type\" content=\"image\/png\" \/>\n<meta name=\"twitter:card\" content=\"summary_large_image\" \/>\n<meta name=\"twitter:label1\" content=\"Est. reading time\" \/>\n\t<meta name=\"twitter:data1\" content=\"1 minute\" \/>\n<script type=\"application\/ld+json\" class=\"yoast-schema-graph\">{\"@context\":\"https:\\\/\\\/schema.org\",\"@graph\":[{\"@type\":[\"WebPage\",\"ItemPage\"],\"@id\":\"https:\\\/\\\/vitablanca.ma\\\/produit\\\/addax-keracid-gel-keratolytique-50ml\\\/\",\"url\":\"https:\\\/\\\/vitablanca.ma\\\/produit\\\/addax-keracid-gel-keratolytique-50ml\\\/\",\"name\":\"Addax KERACID Gel K\u00e9ratolytique 50ml - Maroc Prix\",\"isPartOf\":{\"@id\":\"https:\\\/\\\/vitablanca.ma\\\/#website\"},\"primaryImageOfPage\":{\"@id\":\"https:\\\/\\\/vitablanca.ma\\\/produit\\\/addax-keracid-gel-keratolytique-50ml\\\/#primaryimage\"},\"image\":{\"@id\":\"https:\\\/\\\/vitablanca.ma\\\/produit\\\/addax-keracid-gel-keratolytique-50ml\\\/#primaryimage\"},\"thumbnailUrl\":\"https:\\\/\\\/vitablanca.ma\\\/wp-content\\\/uploads\\\/2025\\\/06\\\/Addax-KERACID-Gel-Keratolytique-50ml-nova-parapharmacie-maroc.png\",\"datePublished\":\"2025-06-10T15:43:55+00:00\",\"dateModified\":\"2025-07-13T17:02:47+00:00\",\"description\":\"Addax KERACID Gel K\u00e9ratolytique 50ml\",\"breadcrumb\":{\"@id\":\"https:\\\/\\\/vitablanca.ma\\\/produit\\\/addax-keracid-gel-keratolytique-50ml\\\/#breadcrumb\"},\"inLanguage\":\"en-US\",\"potentialAction\":[{\"@type\":\"ReadAction\",\"target\":[\"https:\\\/\\\/vitablanca.ma\\\/produit\\\/addax-keracid-gel-keratolytique-50ml\\\/\"]}]},{\"@type\":\"ImageObject\",\"inLanguage\":\"en-US\",\"@id\":\"https:\\\/\\\/vitablanca.ma\\\/produit\\\/addax-keracid-gel-keratolytique-50ml\\\/#primaryimage\",\"url\":\"https:\\\/\\\/vitablanca.ma\\\/wp-content\\\/uploads\\\/2025\\\/06\\\/Addax-KERACID-Gel-Keratolytique-50ml-nova-parapharmacie-maroc.png\",\"contentUrl\":\"https:\\\/\\\/vitablanca.ma\\\/wp-content\\\/uploads\\\/2025\\\/06\\\/Addax-KERACID-Gel-Keratolytique-50ml-nova-parapharmacie-maroc.png\",\"width\":1000,\"height\":1000},{\"@type\":\"BreadcrumbList\",\"@id\":\"https:\\\/\\\/vitablanca.ma\\\/produit\\\/addax-keracid-gel-keratolytique-50ml\\\/#breadcrumb\",\"itemListElement\":[{\"@type\":\"ListItem\",\"position\":1,\"name\":\"Home\",\"item\":\"https:\\\/\\\/vitablanca.ma\\\/\"},{\"@type\":\"ListItem\",\"position\":2,\"name\":\"Tous Les Produits\",\"item\":\"https:\\\/\\\/vitablanca.ma\\\/tous-les-produits\\\/\"},{\"@type\":\"ListItem\",\"position\":3,\"name\":\"Addax KERACID Gel K\u00e9ratolytique 50ml\"}]},{\"@type\":\"WebSite\",\"@id\":\"https:\\\/\\\/vitablanca.ma\\\/#website\",\"url\":\"https:\\\/\\\/vitablanca.ma\\\/\",\"name\":\"VitaBlanca.ma | Compl\u00e9ments alimentaires, sant\u00e9 & beaut\u00e9 au Maroc\",\"description\":\"vendre vitamines et compl\u00e9ments premium des USA &amp; Canada, Nouvelle Z\u00e9lande,Maroc (NOW Foods, Solgar, Manuka). Livraison rapide partout au Maroc.\",\"publisher\":{\"@id\":\"https:\\\/\\\/vitablanca.ma\\\/#organization\"},\"alternateName\":\"VitaBlanca.ma\",\"potentialAction\":[{\"@type\":\"SearchAction\",\"target\":{\"@type\":\"EntryPoint\",\"urlTemplate\":\"https:\\\/\\\/vitablanca.ma\\\/?s={search_term_string}\"},\"query-input\":{\"@type\":\"PropertyValueSpecification\",\"valueRequired\":true,\"valueName\":\"search_term_string\"}}],\"inLanguage\":\"en-US\"},{\"@type\":\"Organization\",\"@id\":\"https:\\\/\\\/vitablanca.ma\\\/#organization\",\"name\":\"VitaBlanca\",\"url\":\"https:\\\/\\\/vitablanca.ma\\\/\",\"logo\":{\"@type\":\"ImageObject\",\"inLanguage\":\"en-US\",\"@id\":\"https:\\\/\\\/vitablanca.ma\\\/#\\\/schema\\\/logo\\\/image\\\/\",\"url\":\"https:\\\/\\\/vitablanca.ma\\\/wp-content\\\/uploads\\\/2025\\\/05\\\/cropped-vitablanca.png\",\"contentUrl\":\"https:\\\/\\\/vitablanca.ma\\\/wp-content\\\/uploads\\\/2025\\\/05\\\/cropped-vitablanca.png\",\"width\":360,\"height\":67,\"caption\":\"VitaBlanca\"},\"image\":{\"@id\":\"https:\\\/\\\/vitablanca.ma\\\/#\\\/schema\\\/logo\\\/image\\\/\"},\"sameAs\":[\"https:\\\/\\\/www.facebook.com\\\/profile.php?id=61576678196717\",\"https:\\\/\\\/www.tiktok.com\\\/@vitablanca.ma\",\"https:\\\/\\\/www.instagram.com\\\/vitablanca.ma\\\/\"]}]}<\/script>\n<!-- \/ Yoast SEO plugin. -->","yoast_head_json":{"title":"Addax KERACID Keratolytic Gel 50ml - Morocco Price","description":"Addax KERACID Keratolytic Gel 50ml","robots":{"index":"index","follow":"follow","max-snippet":"max-snippet:-1","max-image-preview":"max-image-preview:large","max-video-preview":"max-video-preview:-1"},"canonical":"https:\/\/vitablanca.ma\/en\/product\/addax-keracid-gel-keratolytique-50ml\/","og_locale":"en_US","og_type":"article","og_title":"Addax KERACID Gel K\u00e9ratolytique 50ml - Maroc Prix","og_description":"Addax KERACID Gel K\u00e9ratolytique 50ml","og_url":"https:\/\/vitablanca.ma\/en\/product\/addax-keracid-gel-keratolytique-50ml\/","og_site_name":"Vitablanca.ma &ndash; Sant&eacute;, vitalit&eacute; et bien-&ecirc;tre pour tous les Marocains","article_publisher":"https:\/\/www.facebook.com\/profile.php?id=61576678196717","article_modified_time":"2025-07-13T17:02:47+00:00","og_image":[{"width":1000,"height":1000,"url":"https:\/\/vitablanca.ma\/wp-content\/uploads\/2025\/06\/Addax-KERACID-Gel-Keratolytique-50ml-nova-parapharmacie-maroc.png","type":"image\/png"}],"twitter_card":"summary_large_image","twitter_misc":{"Est. reading time":"1 minute"},"schema":{"@context":"https:\/\/schema.org","@graph":[{"@type":["WebPage","ItemPage"],"@id":"https:\/\/vitablanca.ma\/produit\/addax-keracid-gel-keratolytique-50ml\/","url":"https:\/\/vitablanca.ma\/produit\/addax-keracid-gel-keratolytique-50ml\/","name":"Addax KERACID Keratolytic Gel 50ml - Morocco Price","isPartOf":{"@id":"https:\/\/vitablanca.ma\/#website"},"primaryImageOfPage":{"@id":"https:\/\/vitablanca.ma\/produit\/addax-keracid-gel-keratolytique-50ml\/#primaryimage"},"image":{"@id":"https:\/\/vitablanca.ma\/produit\/addax-keracid-gel-keratolytique-50ml\/#primaryimage"},"thumbnailUrl":"https:\/\/vitablanca.ma\/wp-content\/uploads\/2025\/06\/Addax-KERACID-Gel-Keratolytique-50ml-nova-parapharmacie-maroc.png","datePublished":"2025-06-10T15:43:55+00:00","dateModified":"2025-07-13T17:02:47+00:00","description":"Addax KERACID Keratolytic Gel 50ml","breadcrumb":{"@id":"https:\/\/vitablanca.ma\/produit\/addax-keracid-gel-keratolytique-50ml\/#breadcrumb"},"inLanguage":"en-US","potentialAction":[{"@type":"ReadAction","target":["https:\/\/vitablanca.ma\/produit\/addax-keracid-gel-keratolytique-50ml\/"]}]},{"@type":"ImageObject","inLanguage":"en-US","@id":"https:\/\/vitablanca.ma\/produit\/addax-keracid-gel-keratolytique-50ml\/#primaryimage","url":"https:\/\/vitablanca.ma\/wp-content\/uploads\/2025\/06\/Addax-KERACID-Gel-Keratolytique-50ml-nova-parapharmacie-maroc.png","contentUrl":"https:\/\/vitablanca.ma\/wp-content\/uploads\/2025\/06\/Addax-KERACID-Gel-Keratolytique-50ml-nova-parapharmacie-maroc.png","width":1000,"height":1000},{"@type":"BreadcrumbList","@id":"https:\/\/vitablanca.ma\/produit\/addax-keracid-gel-keratolytique-50ml\/#breadcrumb","itemListElement":[{"@type":"ListItem","position":1,"name":"Home","item":"https:\/\/vitablanca.ma\/"},{"@type":"ListItem","position":2,"name":"Tous Les Produits","item":"https:\/\/vitablanca.ma\/tous-les-produits\/"},{"@type":"ListItem","position":3,"name":"Addax KERACID Gel K\u00e9ratolytique 50ml"}]},{"@type":"WebSite","@id":"https:\/\/vitablanca.ma\/#website","url":"https:\/\/vitablanca.ma\/","name":"VitaBlanca.ma | Food supplements, health &amp; beauty in Morocco","description":"sell premium vitamins and supplements from USA &amp; Canada, New Zealand, Morocco (NOW Foods, Solgar, Manuka). Fast delivery anywhere in Morocco.","publisher":{"@id":"https:\/\/vitablanca.ma\/#organization"},"alternateName":"VitaBlanca.ma","potentialAction":[{"@type":"SearchAction","target":{"@type":"EntryPoint","urlTemplate":"https:\/\/vitablanca.ma\/?s={search_term_string}"},"query-input":{"@type":"PropertyValueSpecification","valueRequired":true,"valueName":"search_term_string"}}],"inLanguage":"en-US"},{"@type":"Organization","@id":"https:\/\/vitablanca.ma\/#organization","name":"VitaBlanca","url":"https:\/\/vitablanca.ma\/","logo":{"@type":"ImageObject","inLanguage":"en-US","@id":"https:\/\/vitablanca.ma\/#\/schema\/logo\/image\/","url":"https:\/\/vitablanca.ma\/wp-content\/uploads\/2025\/05\/cropped-vitablanca.png","contentUrl":"https:\/\/vitablanca.ma\/wp-content\/uploads\/2025\/05\/cropped-vitablanca.png","width":360,"height":67,"caption":"VitaBlanca"},"image":{"@id":"https:\/\/vitablanca.ma\/#\/schema\/logo\/image\/"},"sameAs":["https:\/\/www.facebook.com\/profile.php?id=61576678196717","https:\/\/www.tiktok.com\/@vitablanca.ma","https:\/\/www.instagram.com\/vitablanca.ma\/"]}]}},"jetpack_sharing_enabled":true,"_links":{"self":[{"href":"https:\/\/vitablanca.ma\/en\/wp-json\/wp\/v2\/product\/14936","targetHints":{"allow":["GET"]}}],"collection":[{"href":"https:\/\/vitablanca.ma\/en\/wp-json\/wp\/v2\/product"}],"about":[{"href":"https:\/\/vitablanca.ma\/en\/wp-json\/wp\/v2\/types\/product"}],"wp:featuredmedia":[{"embeddable":true,"href":"https:\/\/vitablanca.ma\/en\/wp-json\/wp\/v2\/media\/14935"}],"wp:attachment":[{"href":"https:\/\/vitablanca.ma\/en\/wp-json\/wp\/v2\/media?parent=14936"}],"wp:term":[{"taxonomy":"product_brand","embeddable":true,"href":"https:\/\/vitablanca.ma\/en\/wp-json\/wp\/v2\/product_brand?post=14936"},{"taxonomy":"product_cat","embeddable":true,"href":"https:\/\/vitablanca.ma\/en\/wp-json\/wp\/v2\/product_cat?post=14936"},{"taxonomy":"product_tag","embeddable":true,"href":"https:\/\/vitablanca.ma\/en\/wp-json\/wp\/v2\/product_tag?post=14936"}],"curies":[{"name":"wp","href":"https:\/\/api.w.org\/{rel}","templated":true}]}}