{"id":14925,"date":"2025-06-10T15:41:53","date_gmt":"2025-06-10T15:41:53","guid":{"rendered":"https:\/\/vitablanca.ma\/product\/addax-cica-b5-emulsion-reparatrice-50ml\/"},"modified":"2025-07-13T17:02:49","modified_gmt":"2025-07-13T17:02:49","slug":"addax-cica-b5-emulsion-reparatrice-50ml","status":"publish","type":"product","link":"https:\/\/vitablanca.ma\/en\/product\/addax-cica-b5-emulsion-reparatrice-50ml\/","title":{"rendered":"Addax Cica B5 Repairing Emulsion 50ml"},"content":{"rendered":"<h2>Addax Cica B5 Repairing Emulsion\u00a0<span data-mce-fragment=\"1\">damaged and improves the consolidation of damaged tissues.<\/span><br \/>\n<\/h2>\n<p style=\"font-weight: 400\">Cette \u00e9mulsion r\u00e9paratrice permet une r\u00e9paration intense, rapide et solide de l\u2019\u00e9piderme ab\u00eem\u00e9 et am\u00e9liore la consolidation des tissus l\u00e9s\u00e9s.<\/p>\n<p style=\"font-weight: 400\">Expert in dermo-cosmetics, Addax designs and develops targeted care products, intended to improve the health of your skin on a daily basis. Their actions focus on particularly sensitive and exposed areas: feet, hands, lips, body,\u00a0<br \/>Test\u00e9s sous contr\u00f4le dermatologique, les produits dermo-cosm\u00e9tiques Addax vous offrent les soins, le confort, l\u2019hygi\u00e8ne et l\u2019efficacit\u00e9 que vous attendez,\u00a0Ils ne contiennent aucun composant d\u2019origine animale et b\u00e9n\u00e9ficient en permanence des recherches de nouvelles formules,\u00a0Ils sont \u00e9tudi\u00e9s pour apporter les solutions les plus efficaces aux petits probl\u00e8mes cutan\u00e9s de la vie courante.<\/p>\n<h3 style=\"font-weight: 400\"><b><strong>Directions for use<\/strong><\/b><\/h3>\n<p style=\"font-weight: 400\">Appliquer sur les zones ab\u00eem\u00e9es deux fois par jour pendant une semaine, renouveler si n\u00e9cessaire, Cette \u00e9mulsion r\u00e9paratrice permet une r\u00e9paration intense, rapide et solide de l\u2019\u00e9piderme ab\u00eem\u00e9 et am\u00e9liore la consolidation des tissus l\u00e9s\u00e9s.<\/p>\n<h3 style=\"font-weight: 400\"><b><strong>Composition<\/strong><\/b><\/h3>\n<p style=\"font-weight: 400\">\u00a0Allantoin, vitamin B5, centella asiatica, calendula, alpha-bisabolol, dipotassium glycyrrhizinate, CPP (collagen growth factor),<\/p>","protected":false},"excerpt":{"rendered":"<p>Addax Cica B5 Emulsion Reparatrice\u00a0ab\u00eem\u00e9 et am\u00e9liore la consolidation des tissus l\u00e9s\u00e9s. Cette \u00e9mulsion r\u00e9paratrice permet une r\u00e9paration intense, rapide et solide de l\u2019\u00e9piderme ab\u00eem\u00e9 et am\u00e9liore la consolidation des tissus l\u00e9s\u00e9s. Expert en dermo-cosm\u00e9tique, Addax con\u00e7oit et \u00e9labore des produits de soins cibl\u00e9s, destin\u00e9s \u00e0 am\u00e9liorer la sant\u00e9 de votre peau au quotidien,\u00a0Leurs actions [&hellip;]<\/p>\n","protected":false},"featured_media":14924,"template":"","meta":{"om_disable_all_campaigns":false},"product_brand":[2790],"product_cat":[18,15],"product_tag":[3259,3260,3261],"class_list":{"0":"post-14925","1":"product","2":"type-product","3":"status-publish","4":"has-post-thumbnail","6":"product_brand-addax-prix-maroc","7":"product_cat-beaute-sante","8":"product_cat-beaute-sante-complements-alimentaires-soins-et-bien-etre-au-meilleur-prix","9":"product_tag-addax","10":"product_tag-addax-maroc","11":"product_tag-addax-morocco","13":"first","14":"instock","15":"sale","16":"taxable","17":"shipping-taxable","18":"purchasable","19":"product-type-simple"},"yoast_head":"<!-- This site is optimized with the Yoast SEO plugin v27.5 - https:\/\/yoast.com\/product\/yoast-seo-wordpress\/ -->\n<title>Addax Cica B5 Emulsion Reparatrice 50ml - Maroc Prix<\/title>\n<meta name=\"description\" content=\"Addax Cica B5 Emulsion Reparatrice 50ml\" \/>\n<meta name=\"robots\" content=\"index, follow, max-snippet:-1, max-image-preview:large, max-video-preview:-1\" \/>\n<link rel=\"canonical\" href=\"https:\/\/vitablanca.ma\/en\/product\/addax-cica-b5-emulsion-reparatrice-50ml\/\" \/>\n<meta property=\"og:locale\" content=\"en_US\" \/>\n<meta property=\"og:type\" content=\"article\" \/>\n<meta property=\"og:title\" content=\"Addax Cica B5 Emulsion Reparatrice 50ml - Maroc Prix\" \/>\n<meta property=\"og:description\" content=\"Addax Cica B5 Emulsion Reparatrice 50ml\" \/>\n<meta property=\"og:url\" content=\"https:\/\/vitablanca.ma\/en\/product\/addax-cica-b5-emulsion-reparatrice-50ml\/\" \/>\n<meta property=\"og:site_name\" content=\"Vitablanca.ma &ndash; Sant&eacute;, vitalit&eacute; et bien-&ecirc;tre pour tous les Marocains\" \/>\n<meta property=\"article:publisher\" content=\"https:\/\/www.facebook.com\/profile.php?id=61576678196717\" \/>\n<meta property=\"article:modified_time\" content=\"2025-07-13T17:02:49+00:00\" \/>\n<meta property=\"og:image\" content=\"https:\/\/vitablanca.ma\/wp-content\/uploads\/2025\/06\/Addax-Emulsion-Reparatrice-nova-prapharmacie-maroc.jpg\" \/>\n\t<meta property=\"og:image:width\" content=\"1000\" \/>\n\t<meta property=\"og:image:height\" content=\"1000\" \/>\n\t<meta property=\"og:image:type\" content=\"image\/jpeg\" \/>\n<meta name=\"twitter:card\" content=\"summary_large_image\" \/>\n<meta name=\"twitter:label1\" content=\"Est. reading time\" \/>\n\t<meta name=\"twitter:data1\" content=\"1 minute\" \/>\n<script type=\"application\/ld+json\" class=\"yoast-schema-graph\">{\"@context\":\"https:\\\/\\\/schema.org\",\"@graph\":[{\"@type\":[\"WebPage\",\"ItemPage\"],\"@id\":\"https:\\\/\\\/vitablanca.ma\\\/produit\\\/addax-cica-b5-emulsion-reparatrice-50ml\\\/\",\"url\":\"https:\\\/\\\/vitablanca.ma\\\/produit\\\/addax-cica-b5-emulsion-reparatrice-50ml\\\/\",\"name\":\"Addax Cica B5 Emulsion Reparatrice 50ml - Maroc Prix\",\"isPartOf\":{\"@id\":\"https:\\\/\\\/vitablanca.ma\\\/#website\"},\"primaryImageOfPage\":{\"@id\":\"https:\\\/\\\/vitablanca.ma\\\/produit\\\/addax-cica-b5-emulsion-reparatrice-50ml\\\/#primaryimage\"},\"image\":{\"@id\":\"https:\\\/\\\/vitablanca.ma\\\/produit\\\/addax-cica-b5-emulsion-reparatrice-50ml\\\/#primaryimage\"},\"thumbnailUrl\":\"https:\\\/\\\/vitablanca.ma\\\/wp-content\\\/uploads\\\/2025\\\/06\\\/Addax-Emulsion-Reparatrice-nova-prapharmacie-maroc.jpg\",\"datePublished\":\"2025-06-10T15:41:53+00:00\",\"dateModified\":\"2025-07-13T17:02:49+00:00\",\"description\":\"Addax Cica B5 Emulsion Reparatrice 50ml\",\"breadcrumb\":{\"@id\":\"https:\\\/\\\/vitablanca.ma\\\/produit\\\/addax-cica-b5-emulsion-reparatrice-50ml\\\/#breadcrumb\"},\"inLanguage\":\"en-US\",\"potentialAction\":[{\"@type\":\"ReadAction\",\"target\":[\"https:\\\/\\\/vitablanca.ma\\\/produit\\\/addax-cica-b5-emulsion-reparatrice-50ml\\\/\"]}]},{\"@type\":\"ImageObject\",\"inLanguage\":\"en-US\",\"@id\":\"https:\\\/\\\/vitablanca.ma\\\/produit\\\/addax-cica-b5-emulsion-reparatrice-50ml\\\/#primaryimage\",\"url\":\"https:\\\/\\\/vitablanca.ma\\\/wp-content\\\/uploads\\\/2025\\\/06\\\/Addax-Emulsion-Reparatrice-nova-prapharmacie-maroc.jpg\",\"contentUrl\":\"https:\\\/\\\/vitablanca.ma\\\/wp-content\\\/uploads\\\/2025\\\/06\\\/Addax-Emulsion-Reparatrice-nova-prapharmacie-maroc.jpg\",\"width\":1000,\"height\":1000},{\"@type\":\"BreadcrumbList\",\"@id\":\"https:\\\/\\\/vitablanca.ma\\\/produit\\\/addax-cica-b5-emulsion-reparatrice-50ml\\\/#breadcrumb\",\"itemListElement\":[{\"@type\":\"ListItem\",\"position\":1,\"name\":\"Home\",\"item\":\"https:\\\/\\\/vitablanca.ma\\\/\"},{\"@type\":\"ListItem\",\"position\":2,\"name\":\"Tous Les Produits\",\"item\":\"https:\\\/\\\/vitablanca.ma\\\/tous-les-produits\\\/\"},{\"@type\":\"ListItem\",\"position\":3,\"name\":\"Addax Cica B5 Emulsion Reparatrice 50ml\"}]},{\"@type\":\"WebSite\",\"@id\":\"https:\\\/\\\/vitablanca.ma\\\/#website\",\"url\":\"https:\\\/\\\/vitablanca.ma\\\/\",\"name\":\"VitaBlanca.ma | Compl\u00e9ments alimentaires, sant\u00e9 & beaut\u00e9 au Maroc\",\"description\":\"vendre vitamines et compl\u00e9ments premium des USA &amp; Canada, Nouvelle Z\u00e9lande,Maroc (NOW Foods, Solgar, Manuka). Livraison rapide partout au Maroc.\",\"publisher\":{\"@id\":\"https:\\\/\\\/vitablanca.ma\\\/#organization\"},\"alternateName\":\"VitaBlanca.ma\",\"potentialAction\":[{\"@type\":\"SearchAction\",\"target\":{\"@type\":\"EntryPoint\",\"urlTemplate\":\"https:\\\/\\\/vitablanca.ma\\\/?s={search_term_string}\"},\"query-input\":{\"@type\":\"PropertyValueSpecification\",\"valueRequired\":true,\"valueName\":\"search_term_string\"}}],\"inLanguage\":\"en-US\"},{\"@type\":\"Organization\",\"@id\":\"https:\\\/\\\/vitablanca.ma\\\/#organization\",\"name\":\"VitaBlanca\",\"url\":\"https:\\\/\\\/vitablanca.ma\\\/\",\"logo\":{\"@type\":\"ImageObject\",\"inLanguage\":\"en-US\",\"@id\":\"https:\\\/\\\/vitablanca.ma\\\/#\\\/schema\\\/logo\\\/image\\\/\",\"url\":\"https:\\\/\\\/vitablanca.ma\\\/wp-content\\\/uploads\\\/2025\\\/05\\\/cropped-vitablanca.png\",\"contentUrl\":\"https:\\\/\\\/vitablanca.ma\\\/wp-content\\\/uploads\\\/2025\\\/05\\\/cropped-vitablanca.png\",\"width\":360,\"height\":67,\"caption\":\"VitaBlanca\"},\"image\":{\"@id\":\"https:\\\/\\\/vitablanca.ma\\\/#\\\/schema\\\/logo\\\/image\\\/\"},\"sameAs\":[\"https:\\\/\\\/www.facebook.com\\\/profile.php?id=61576678196717\",\"https:\\\/\\\/www.tiktok.com\\\/@vitablanca.ma\",\"https:\\\/\\\/www.instagram.com\\\/vitablanca.ma\\\/\"]}]}<\/script>\n<!-- \/ Yoast SEO plugin. -->","yoast_head_json":{"title":"Addax Cica B5 Repairing Emulsion 50ml - Morocco Price","description":"Addax Cica B5 Repairing Emulsion 50ml","robots":{"index":"index","follow":"follow","max-snippet":"max-snippet:-1","max-image-preview":"max-image-preview:large","max-video-preview":"max-video-preview:-1"},"canonical":"https:\/\/vitablanca.ma\/en\/product\/addax-cica-b5-emulsion-reparatrice-50ml\/","og_locale":"en_US","og_type":"article","og_title":"Addax Cica B5 Emulsion Reparatrice 50ml - Maroc Prix","og_description":"Addax Cica B5 Emulsion Reparatrice 50ml","og_url":"https:\/\/vitablanca.ma\/en\/product\/addax-cica-b5-emulsion-reparatrice-50ml\/","og_site_name":"Vitablanca.ma &ndash; Sant&eacute;, vitalit&eacute; et bien-&ecirc;tre pour tous les Marocains","article_publisher":"https:\/\/www.facebook.com\/profile.php?id=61576678196717","article_modified_time":"2025-07-13T17:02:49+00:00","og_image":[{"width":1000,"height":1000,"url":"https:\/\/vitablanca.ma\/wp-content\/uploads\/2025\/06\/Addax-Emulsion-Reparatrice-nova-prapharmacie-maroc.jpg","type":"image\/jpeg"}],"twitter_card":"summary_large_image","twitter_misc":{"Est. reading time":"1 minute"},"schema":{"@context":"https:\/\/schema.org","@graph":[{"@type":["WebPage","ItemPage"],"@id":"https:\/\/vitablanca.ma\/produit\/addax-cica-b5-emulsion-reparatrice-50ml\/","url":"https:\/\/vitablanca.ma\/produit\/addax-cica-b5-emulsion-reparatrice-50ml\/","name":"Addax Cica B5 Repairing Emulsion 50ml - Morocco Price","isPartOf":{"@id":"https:\/\/vitablanca.ma\/#website"},"primaryImageOfPage":{"@id":"https:\/\/vitablanca.ma\/produit\/addax-cica-b5-emulsion-reparatrice-50ml\/#primaryimage"},"image":{"@id":"https:\/\/vitablanca.ma\/produit\/addax-cica-b5-emulsion-reparatrice-50ml\/#primaryimage"},"thumbnailUrl":"https:\/\/vitablanca.ma\/wp-content\/uploads\/2025\/06\/Addax-Emulsion-Reparatrice-nova-prapharmacie-maroc.jpg","datePublished":"2025-06-10T15:41:53+00:00","dateModified":"2025-07-13T17:02:49+00:00","description":"Addax Cica B5 Repairing Emulsion 50ml","breadcrumb":{"@id":"https:\/\/vitablanca.ma\/produit\/addax-cica-b5-emulsion-reparatrice-50ml\/#breadcrumb"},"inLanguage":"en-US","potentialAction":[{"@type":"ReadAction","target":["https:\/\/vitablanca.ma\/produit\/addax-cica-b5-emulsion-reparatrice-50ml\/"]}]},{"@type":"ImageObject","inLanguage":"en-US","@id":"https:\/\/vitablanca.ma\/produit\/addax-cica-b5-emulsion-reparatrice-50ml\/#primaryimage","url":"https:\/\/vitablanca.ma\/wp-content\/uploads\/2025\/06\/Addax-Emulsion-Reparatrice-nova-prapharmacie-maroc.jpg","contentUrl":"https:\/\/vitablanca.ma\/wp-content\/uploads\/2025\/06\/Addax-Emulsion-Reparatrice-nova-prapharmacie-maroc.jpg","width":1000,"height":1000},{"@type":"BreadcrumbList","@id":"https:\/\/vitablanca.ma\/produit\/addax-cica-b5-emulsion-reparatrice-50ml\/#breadcrumb","itemListElement":[{"@type":"ListItem","position":1,"name":"Home","item":"https:\/\/vitablanca.ma\/"},{"@type":"ListItem","position":2,"name":"Tous Les Produits","item":"https:\/\/vitablanca.ma\/tous-les-produits\/"},{"@type":"ListItem","position":3,"name":"Addax Cica B5 Emulsion Reparatrice 50ml"}]},{"@type":"WebSite","@id":"https:\/\/vitablanca.ma\/#website","url":"https:\/\/vitablanca.ma\/","name":"VitaBlanca.ma | Food supplements, health &amp; beauty in Morocco","description":"sell premium vitamins and supplements from USA &amp; Canada, New Zealand, Morocco (NOW Foods, Solgar, Manuka). Fast delivery anywhere in Morocco.","publisher":{"@id":"https:\/\/vitablanca.ma\/#organization"},"alternateName":"VitaBlanca.ma","potentialAction":[{"@type":"SearchAction","target":{"@type":"EntryPoint","urlTemplate":"https:\/\/vitablanca.ma\/?s={search_term_string}"},"query-input":{"@type":"PropertyValueSpecification","valueRequired":true,"valueName":"search_term_string"}}],"inLanguage":"en-US"},{"@type":"Organization","@id":"https:\/\/vitablanca.ma\/#organization","name":"VitaBlanca","url":"https:\/\/vitablanca.ma\/","logo":{"@type":"ImageObject","inLanguage":"en-US","@id":"https:\/\/vitablanca.ma\/#\/schema\/logo\/image\/","url":"https:\/\/vitablanca.ma\/wp-content\/uploads\/2025\/05\/cropped-vitablanca.png","contentUrl":"https:\/\/vitablanca.ma\/wp-content\/uploads\/2025\/05\/cropped-vitablanca.png","width":360,"height":67,"caption":"VitaBlanca"},"image":{"@id":"https:\/\/vitablanca.ma\/#\/schema\/logo\/image\/"},"sameAs":["https:\/\/www.facebook.com\/profile.php?id=61576678196717","https:\/\/www.tiktok.com\/@vitablanca.ma","https:\/\/www.instagram.com\/vitablanca.ma\/"]}]}},"jetpack_sharing_enabled":true,"_links":{"self":[{"href":"https:\/\/vitablanca.ma\/en\/wp-json\/wp\/v2\/product\/14925","targetHints":{"allow":["GET"]}}],"collection":[{"href":"https:\/\/vitablanca.ma\/en\/wp-json\/wp\/v2\/product"}],"about":[{"href":"https:\/\/vitablanca.ma\/en\/wp-json\/wp\/v2\/types\/product"}],"wp:featuredmedia":[{"embeddable":true,"href":"https:\/\/vitablanca.ma\/en\/wp-json\/wp\/v2\/media\/14924"}],"wp:attachment":[{"href":"https:\/\/vitablanca.ma\/en\/wp-json\/wp\/v2\/media?parent=14925"}],"wp:term":[{"taxonomy":"product_brand","embeddable":true,"href":"https:\/\/vitablanca.ma\/en\/wp-json\/wp\/v2\/product_brand?post=14925"},{"taxonomy":"product_cat","embeddable":true,"href":"https:\/\/vitablanca.ma\/en\/wp-json\/wp\/v2\/product_cat?post=14925"},{"taxonomy":"product_tag","embeddable":true,"href":"https:\/\/vitablanca.ma\/en\/wp-json\/wp\/v2\/product_tag?post=14925"}],"curies":[{"name":"wp","href":"https:\/\/api.w.org\/{rel}","templated":true}]}}