{"id":14921,"date":"2025-06-10T15:41:44","date_gmt":"2025-06-10T15:41:44","guid":{"rendered":"https:\/\/vitablanca.ma\/product\/addax-sanibacter-gel-nettoyant-pieds-125ml\/"},"modified":"2025-07-13T17:02:50","modified_gmt":"2025-07-13T17:02:50","slug":"addax-sanibacter-gel-nettoyant-pieds-125ml","status":"publish","type":"product","link":"https:\/\/vitablanca.ma\/en\/product\/addax-sanibacter-gel-nettoyant-pieds-125ml\/","title":{"rendered":"Addax SANIBACTER Foot Cleansing Gel 125ml"},"content":{"rendered":"<h2>Addax SANIBACTER Foot Cleansing Gel<span data-mce-fragment=\"1\">\u00a0contains chorphenesin, an active component that provides antifungal protection.<\/span><br \/>\n<\/h2>\n<p>Protect your feet from fungus with the<span>\u00a0<\/span><strong>Sanibacter ADDAX Antifungal Cleansing Foot Gel<\/strong>.<\/p>\n<p>This cleansing gel contains chorphenesin, an active ingredient that provides antifungal protection.<\/p>\n<p>It then ensures perfect hygiene while protecting the feet from the development of fungi present in public places (swimming pools, showers, gyms, etc.).<\/p>\n<p>With a physiological pH, this Sanibacter Antifungal Gel<span>\u00a0<\/span><strong>ADDAX<span>\u00a0<\/span><\/strong>\u00a0can be used every day.<\/p>\n<h3>Directions for use<\/h3>\n<p><span>Use Sanibacter ADDAX Antifungal Cleansing Foot Gel like a liquid soap. Pour into your hand, lather, then rinse thoroughly and dry. Pay particular attention between your toes.<\/span><\/p>\n<h3>Composition<\/h3>\n<p><span>Aqua, Sodium Laureth Sulfate, Sodium Chloride, Dipropylene Glycol, Propylene Glycol, Chlorphenesin, Citric Acid, Propolis, Usnea Barbata Extract, Melaleuca Alternifolia Oil, Tromethamine, Benzyl Alcohol, Methylchloroisothiazolinone, Methylisothiazolinone.<\/span><\/p>","protected":false},"excerpt":{"rendered":"<p>Addax SANIBACTER Gel Nettoyant Pieds\u00a0contient de la chorph\u00e9n\u00e9sine, un composant actif qui assure une protection antifongique. Pr\u00e9servez vos pieds contre les champignons avec le\u00a0Gel Pieds Nettoyant Antifongique Sanibacter ADDAX. Ce gel nettoyant contient de la chorph\u00e9n\u00e9sine, un composant actif qui assure une protection antifongique. Il permet alors d\u2019assurer une hygi\u00e8ne parfaite tout en prot\u00e9geant les [&hellip;]<\/p>\n","protected":false},"featured_media":14920,"template":"","meta":{"om_disable_all_campaigns":false},"product_brand":[2790],"product_cat":[18,15],"product_tag":[3259,3260,3261],"class_list":{"0":"post-14921","1":"product","2":"type-product","3":"status-publish","4":"has-post-thumbnail","6":"product_brand-addax-prix-maroc","7":"product_cat-beaute-sante","8":"product_cat-beaute-sante-complements-alimentaires-soins-et-bien-etre-au-meilleur-prix","9":"product_tag-addax","10":"product_tag-addax-maroc","11":"product_tag-addax-morocco","13":"first","14":"instock","15":"sale","16":"taxable","17":"shipping-taxable","18":"purchasable","19":"product-type-simple"},"yoast_head":"<!-- This site is optimized with the Yoast SEO plugin v27.5 - https:\/\/yoast.com\/product\/yoast-seo-wordpress\/ -->\n<title>Addax SANIBACTER Gel Nettoyant Pieds 125ml - Maroc Prix<\/title>\n<meta name=\"description\" content=\"Addax SANIBACTER Gel Nettoyant Pieds 125ml\" \/>\n<meta name=\"robots\" content=\"index, follow, max-snippet:-1, max-image-preview:large, max-video-preview:-1\" \/>\n<link rel=\"canonical\" href=\"https:\/\/vitablanca.ma\/en\/product\/addax-sanibacter-gel-nettoyant-pieds-125ml\/\" \/>\n<meta property=\"og:locale\" content=\"en_US\" \/>\n<meta property=\"og:type\" content=\"article\" \/>\n<meta property=\"og:title\" content=\"Addax SANIBACTER Gel Nettoyant Pieds 125ml - Maroc Prix\" \/>\n<meta property=\"og:description\" content=\"Addax SANIBACTER Gel Nettoyant Pieds 125ml\" \/>\n<meta property=\"og:url\" content=\"https:\/\/vitablanca.ma\/en\/product\/addax-sanibacter-gel-nettoyant-pieds-125ml\/\" \/>\n<meta property=\"og:site_name\" content=\"Vitablanca.ma &ndash; Sant&eacute;, vitalit&eacute; et bien-&ecirc;tre pour tous les Marocains\" \/>\n<meta property=\"article:publisher\" content=\"https:\/\/www.facebook.com\/profile.php?id=61576678196717\" \/>\n<meta property=\"article:modified_time\" content=\"2025-07-13T17:02:50+00:00\" \/>\n<meta property=\"og:image\" content=\"https:\/\/vitablanca.ma\/wp-content\/uploads\/2025\/06\/Addax-SANIBACTER-Gel-Nettoyant-Pieds-125ml-nova-parapharmacie-maroc.png\" \/>\n\t<meta property=\"og:image:width\" content=\"1000\" \/>\n\t<meta property=\"og:image:height\" content=\"1000\" \/>\n\t<meta property=\"og:image:type\" content=\"image\/png\" \/>\n<meta name=\"twitter:card\" content=\"summary_large_image\" \/>\n<meta name=\"twitter:label1\" content=\"Est. reading time\" \/>\n\t<meta name=\"twitter:data1\" content=\"1 minute\" \/>\n<script type=\"application\/ld+json\" class=\"yoast-schema-graph\">{\"@context\":\"https:\\\/\\\/schema.org\",\"@graph\":[{\"@type\":[\"WebPage\",\"ItemPage\"],\"@id\":\"https:\\\/\\\/vitablanca.ma\\\/produit\\\/addax-sanibacter-gel-nettoyant-pieds-125ml\\\/\",\"url\":\"https:\\\/\\\/vitablanca.ma\\\/produit\\\/addax-sanibacter-gel-nettoyant-pieds-125ml\\\/\",\"name\":\"Addax SANIBACTER Gel Nettoyant Pieds 125ml - Maroc Prix\",\"isPartOf\":{\"@id\":\"https:\\\/\\\/vitablanca.ma\\\/#website\"},\"primaryImageOfPage\":{\"@id\":\"https:\\\/\\\/vitablanca.ma\\\/produit\\\/addax-sanibacter-gel-nettoyant-pieds-125ml\\\/#primaryimage\"},\"image\":{\"@id\":\"https:\\\/\\\/vitablanca.ma\\\/produit\\\/addax-sanibacter-gel-nettoyant-pieds-125ml\\\/#primaryimage\"},\"thumbnailUrl\":\"https:\\\/\\\/vitablanca.ma\\\/wp-content\\\/uploads\\\/2025\\\/06\\\/Addax-SANIBACTER-Gel-Nettoyant-Pieds-125ml-nova-parapharmacie-maroc.png\",\"datePublished\":\"2025-06-10T15:41:44+00:00\",\"dateModified\":\"2025-07-13T17:02:50+00:00\",\"description\":\"Addax SANIBACTER Gel Nettoyant Pieds 125ml\",\"breadcrumb\":{\"@id\":\"https:\\\/\\\/vitablanca.ma\\\/produit\\\/addax-sanibacter-gel-nettoyant-pieds-125ml\\\/#breadcrumb\"},\"inLanguage\":\"en-US\",\"potentialAction\":[{\"@type\":\"ReadAction\",\"target\":[\"https:\\\/\\\/vitablanca.ma\\\/produit\\\/addax-sanibacter-gel-nettoyant-pieds-125ml\\\/\"]}]},{\"@type\":\"ImageObject\",\"inLanguage\":\"en-US\",\"@id\":\"https:\\\/\\\/vitablanca.ma\\\/produit\\\/addax-sanibacter-gel-nettoyant-pieds-125ml\\\/#primaryimage\",\"url\":\"https:\\\/\\\/vitablanca.ma\\\/wp-content\\\/uploads\\\/2025\\\/06\\\/Addax-SANIBACTER-Gel-Nettoyant-Pieds-125ml-nova-parapharmacie-maroc.png\",\"contentUrl\":\"https:\\\/\\\/vitablanca.ma\\\/wp-content\\\/uploads\\\/2025\\\/06\\\/Addax-SANIBACTER-Gel-Nettoyant-Pieds-125ml-nova-parapharmacie-maroc.png\",\"width\":1000,\"height\":1000},{\"@type\":\"BreadcrumbList\",\"@id\":\"https:\\\/\\\/vitablanca.ma\\\/produit\\\/addax-sanibacter-gel-nettoyant-pieds-125ml\\\/#breadcrumb\",\"itemListElement\":[{\"@type\":\"ListItem\",\"position\":1,\"name\":\"Home\",\"item\":\"https:\\\/\\\/vitablanca.ma\\\/\"},{\"@type\":\"ListItem\",\"position\":2,\"name\":\"Tous Les Produits\",\"item\":\"https:\\\/\\\/vitablanca.ma\\\/tous-les-produits\\\/\"},{\"@type\":\"ListItem\",\"position\":3,\"name\":\"Addax SANIBACTER Gel Nettoyant Pieds 125ml\"}]},{\"@type\":\"WebSite\",\"@id\":\"https:\\\/\\\/vitablanca.ma\\\/#website\",\"url\":\"https:\\\/\\\/vitablanca.ma\\\/\",\"name\":\"VitaBlanca.ma | Compl\u00e9ments alimentaires, sant\u00e9 & beaut\u00e9 au Maroc\",\"description\":\"vendre vitamines et compl\u00e9ments premium des USA &amp; Canada, Nouvelle Z\u00e9lande,Maroc (NOW Foods, Solgar, Manuka). Livraison rapide partout au Maroc.\",\"publisher\":{\"@id\":\"https:\\\/\\\/vitablanca.ma\\\/#organization\"},\"alternateName\":\"VitaBlanca.ma\",\"potentialAction\":[{\"@type\":\"SearchAction\",\"target\":{\"@type\":\"EntryPoint\",\"urlTemplate\":\"https:\\\/\\\/vitablanca.ma\\\/?s={search_term_string}\"},\"query-input\":{\"@type\":\"PropertyValueSpecification\",\"valueRequired\":true,\"valueName\":\"search_term_string\"}}],\"inLanguage\":\"en-US\"},{\"@type\":\"Organization\",\"@id\":\"https:\\\/\\\/vitablanca.ma\\\/#organization\",\"name\":\"VitaBlanca\",\"url\":\"https:\\\/\\\/vitablanca.ma\\\/\",\"logo\":{\"@type\":\"ImageObject\",\"inLanguage\":\"en-US\",\"@id\":\"https:\\\/\\\/vitablanca.ma\\\/#\\\/schema\\\/logo\\\/image\\\/\",\"url\":\"https:\\\/\\\/vitablanca.ma\\\/wp-content\\\/uploads\\\/2025\\\/05\\\/cropped-vitablanca.png\",\"contentUrl\":\"https:\\\/\\\/vitablanca.ma\\\/wp-content\\\/uploads\\\/2025\\\/05\\\/cropped-vitablanca.png\",\"width\":360,\"height\":67,\"caption\":\"VitaBlanca\"},\"image\":{\"@id\":\"https:\\\/\\\/vitablanca.ma\\\/#\\\/schema\\\/logo\\\/image\\\/\"},\"sameAs\":[\"https:\\\/\\\/www.facebook.com\\\/profile.php?id=61576678196717\",\"https:\\\/\\\/www.tiktok.com\\\/@vitablanca.ma\",\"https:\\\/\\\/www.instagram.com\\\/vitablanca.ma\\\/\"]}]}<\/script>\n<!-- \/ Yoast SEO plugin. -->","yoast_head_json":{"title":"Addax SANIBACTER Foot Cleansing Gel 125ml - Morocco Price","description":"Addax SANIBACTER Foot Cleansing Gel 125ml","robots":{"index":"index","follow":"follow","max-snippet":"max-snippet:-1","max-image-preview":"max-image-preview:large","max-video-preview":"max-video-preview:-1"},"canonical":"https:\/\/vitablanca.ma\/en\/product\/addax-sanibacter-gel-nettoyant-pieds-125ml\/","og_locale":"en_US","og_type":"article","og_title":"Addax SANIBACTER Gel Nettoyant Pieds 125ml - Maroc Prix","og_description":"Addax SANIBACTER Gel Nettoyant Pieds 125ml","og_url":"https:\/\/vitablanca.ma\/en\/product\/addax-sanibacter-gel-nettoyant-pieds-125ml\/","og_site_name":"Vitablanca.ma &ndash; Sant&eacute;, vitalit&eacute; et bien-&ecirc;tre pour tous les Marocains","article_publisher":"https:\/\/www.facebook.com\/profile.php?id=61576678196717","article_modified_time":"2025-07-13T17:02:50+00:00","og_image":[{"width":1000,"height":1000,"url":"https:\/\/vitablanca.ma\/wp-content\/uploads\/2025\/06\/Addax-SANIBACTER-Gel-Nettoyant-Pieds-125ml-nova-parapharmacie-maroc.png","type":"image\/png"}],"twitter_card":"summary_large_image","twitter_misc":{"Est. reading time":"1 minute"},"schema":{"@context":"https:\/\/schema.org","@graph":[{"@type":["WebPage","ItemPage"],"@id":"https:\/\/vitablanca.ma\/produit\/addax-sanibacter-gel-nettoyant-pieds-125ml\/","url":"https:\/\/vitablanca.ma\/produit\/addax-sanibacter-gel-nettoyant-pieds-125ml\/","name":"Addax SANIBACTER Foot Cleansing Gel 125ml - Morocco Price","isPartOf":{"@id":"https:\/\/vitablanca.ma\/#website"},"primaryImageOfPage":{"@id":"https:\/\/vitablanca.ma\/produit\/addax-sanibacter-gel-nettoyant-pieds-125ml\/#primaryimage"},"image":{"@id":"https:\/\/vitablanca.ma\/produit\/addax-sanibacter-gel-nettoyant-pieds-125ml\/#primaryimage"},"thumbnailUrl":"https:\/\/vitablanca.ma\/wp-content\/uploads\/2025\/06\/Addax-SANIBACTER-Gel-Nettoyant-Pieds-125ml-nova-parapharmacie-maroc.png","datePublished":"2025-06-10T15:41:44+00:00","dateModified":"2025-07-13T17:02:50+00:00","description":"Addax SANIBACTER Foot Cleansing Gel 125ml","breadcrumb":{"@id":"https:\/\/vitablanca.ma\/produit\/addax-sanibacter-gel-nettoyant-pieds-125ml\/#breadcrumb"},"inLanguage":"en-US","potentialAction":[{"@type":"ReadAction","target":["https:\/\/vitablanca.ma\/produit\/addax-sanibacter-gel-nettoyant-pieds-125ml\/"]}]},{"@type":"ImageObject","inLanguage":"en-US","@id":"https:\/\/vitablanca.ma\/produit\/addax-sanibacter-gel-nettoyant-pieds-125ml\/#primaryimage","url":"https:\/\/vitablanca.ma\/wp-content\/uploads\/2025\/06\/Addax-SANIBACTER-Gel-Nettoyant-Pieds-125ml-nova-parapharmacie-maroc.png","contentUrl":"https:\/\/vitablanca.ma\/wp-content\/uploads\/2025\/06\/Addax-SANIBACTER-Gel-Nettoyant-Pieds-125ml-nova-parapharmacie-maroc.png","width":1000,"height":1000},{"@type":"BreadcrumbList","@id":"https:\/\/vitablanca.ma\/produit\/addax-sanibacter-gel-nettoyant-pieds-125ml\/#breadcrumb","itemListElement":[{"@type":"ListItem","position":1,"name":"Home","item":"https:\/\/vitablanca.ma\/"},{"@type":"ListItem","position":2,"name":"Tous Les Produits","item":"https:\/\/vitablanca.ma\/tous-les-produits\/"},{"@type":"ListItem","position":3,"name":"Addax SANIBACTER Gel Nettoyant Pieds 125ml"}]},{"@type":"WebSite","@id":"https:\/\/vitablanca.ma\/#website","url":"https:\/\/vitablanca.ma\/","name":"VitaBlanca.ma | Food supplements, health &amp; beauty in Morocco","description":"sell premium vitamins and supplements from USA &amp; Canada, New Zealand, Morocco (NOW Foods, Solgar, Manuka). Fast delivery anywhere in Morocco.","publisher":{"@id":"https:\/\/vitablanca.ma\/#organization"},"alternateName":"VitaBlanca.ma","potentialAction":[{"@type":"SearchAction","target":{"@type":"EntryPoint","urlTemplate":"https:\/\/vitablanca.ma\/?s={search_term_string}"},"query-input":{"@type":"PropertyValueSpecification","valueRequired":true,"valueName":"search_term_string"}}],"inLanguage":"en-US"},{"@type":"Organization","@id":"https:\/\/vitablanca.ma\/#organization","name":"VitaBlanca","url":"https:\/\/vitablanca.ma\/","logo":{"@type":"ImageObject","inLanguage":"en-US","@id":"https:\/\/vitablanca.ma\/#\/schema\/logo\/image\/","url":"https:\/\/vitablanca.ma\/wp-content\/uploads\/2025\/05\/cropped-vitablanca.png","contentUrl":"https:\/\/vitablanca.ma\/wp-content\/uploads\/2025\/05\/cropped-vitablanca.png","width":360,"height":67,"caption":"VitaBlanca"},"image":{"@id":"https:\/\/vitablanca.ma\/#\/schema\/logo\/image\/"},"sameAs":["https:\/\/www.facebook.com\/profile.php?id=61576678196717","https:\/\/www.tiktok.com\/@vitablanca.ma","https:\/\/www.instagram.com\/vitablanca.ma\/"]}]}},"jetpack_sharing_enabled":true,"_links":{"self":[{"href":"https:\/\/vitablanca.ma\/en\/wp-json\/wp\/v2\/product\/14921","targetHints":{"allow":["GET"]}}],"collection":[{"href":"https:\/\/vitablanca.ma\/en\/wp-json\/wp\/v2\/product"}],"about":[{"href":"https:\/\/vitablanca.ma\/en\/wp-json\/wp\/v2\/types\/product"}],"wp:featuredmedia":[{"embeddable":true,"href":"https:\/\/vitablanca.ma\/en\/wp-json\/wp\/v2\/media\/14920"}],"wp:attachment":[{"href":"https:\/\/vitablanca.ma\/en\/wp-json\/wp\/v2\/media?parent=14921"}],"wp:term":[{"taxonomy":"product_brand","embeddable":true,"href":"https:\/\/vitablanca.ma\/en\/wp-json\/wp\/v2\/product_brand?post=14921"},{"taxonomy":"product_cat","embeddable":true,"href":"https:\/\/vitablanca.ma\/en\/wp-json\/wp\/v2\/product_cat?post=14921"},{"taxonomy":"product_tag","embeddable":true,"href":"https:\/\/vitablanca.ma\/en\/wp-json\/wp\/v2\/product_tag?post=14921"}],"curies":[{"name":"wp","href":"https:\/\/api.w.org\/{rel}","templated":true}]}}