{"id":14882,"date":"2025-06-10T15:40:02","date_gmt":"2025-06-10T15:40:02","guid":{"rendered":"https:\/\/vitablanca.ma\/product\/aderma-biology-ac-gel-moussant-nettoyant-purifiant-200ml\/"},"modified":"2025-06-10T15:40:02","modified_gmt":"2025-06-10T15:40:02","slug":"aderma-biology-ac-gel-moussant-nettoyant-purifiant-200ml","status":"publish","type":"product","link":"https:\/\/vitablanca.ma\/en\/product\/aderma-biology-ac-gel-moussant-nettoyant-purifiant-200ml\/","title":{"rendered":"ADERMA BIOLOGY AC Purifying Cleansing Foaming Gel 200ml"},"content":{"rendered":"<h2>ADERMA BIOLOGY AC Purifying Cleansing Foaming Gel 200ml<\/h2>\n<p><span data-mce-fragment=\"1\">L\u2019hygi\u00e8ne des peaux \u00e0 tendance acn\u00e9ique est essentielle pour accompagner les traitements et renforcer leur efficacit\u00e9.<\/span><br data-mce-fragment=\"1\"><span data-mce-fragment=\"1\">Phys-AC Gel moussant purifiant nettoie et r\u00e9\u00e9quilibre gr\u00e2ce \u00e0 sa base lavante hydratante sans savon et sa formule BIODEGRADABLE* compos\u00e9e de 86% d\u2019ingr\u00e9dients d\u2019origine naturelle.<\/span><br data-mce-fragment=\"1\"><span data-mce-fragment=\"1\">Utilis\u00e9 une \u00e0 deux fois par jour, le gel moussant se rince \u00e0 l\u2019eau et laisse la peau douce et confortable, sans effet dess\u00e9chant. Sa formule au pH physiologique limite l\u2019adh\u00e9sion de C.acnes (aussi appel\u00e9e P.acnes) et est riche en extrait apaisant de Plantules d\u2019Avoine Rhealba\u00ae. Nette, fra\u00eeche, matifi\u00e9e et apais\u00e9e, la peau \u00e0 tendance acn\u00e9ique est purifi\u00e9e tout en douceur.<\/span><br data-mce-fragment=\"1\"><span data-mce-fragment=\"1\">Non-comedogenic.<\/span><br data-mce-fragment=\"1\"><span data-mce-fragment=\"1\">Avoine Rhealba\u00ae issue de l\u2019agriculture biologique.<\/span><br data-mce-fragment=\"1\"><span data-mce-fragment=\"1\">Info Vegan : sans ingr\u00e9dient d\u2019origine animale.<\/span><\/p>\n<div class=\"block-content-heading\">\n<p><strong>Advantage<br \/><\/strong>La formule BIODEGRADABLE* compos\u00e9e de 86% d\u2019ingr\u00e9dients d\u2019origine naturelle de Phys-AC Gel Moussant Purifiant nettoie et purifie tout en douceur les peaux grasses \u00e0 tendance acn\u00e9ique.<\/p>\n<\/div>\n<div class=\"block-content-heading\">\n<p><strong>Benefits<br \/><\/strong>\u2022 NETTOIE et apaise tout en douceur les peaux \u00e0 tendance acn\u00e9ique \u2013 Gel moussant<br \/>\u2022 PURIFIES and leaves the skin clean.<br \/>\u2022 DOES NOT DRY OUT the skin thanks to its hydro-compensating agents.<\/p>\n<p class=\"style-1\"><strong>USABLE BY<br \/><\/strong><span>Teenagers, adults<\/span><\/p>\n<p class=\"style-1\"><strong>BODY PART<br \/><\/strong>Bust, face, back<\/p>\n<p class=\"style-1\"><strong>SKIN TYPE<br \/><\/strong>Oily skin, acne-prone skin, blemish-prone skin<\/p>\n<\/div>\n<p><span data-mce-fragment=\"1\"><br \/><\/span><\/p>","protected":false},"excerpt":{"rendered":"<p>ADERMA BIOLOGY AC Gel Moussant Nettoyant Purifiant 200ml L\u2019hygi\u00e8ne des peaux \u00e0 tendance acn\u00e9ique est essentielle pour accompagner les traitements et renforcer leur efficacit\u00e9.Phys-AC Gel moussant purifiant nettoie et r\u00e9\u00e9quilibre gr\u00e2ce \u00e0 sa base lavante hydratante sans savon et sa formule BIODEGRADABLE* compos\u00e9e de 86% d\u2019ingr\u00e9dients d\u2019origine naturelle.Utilis\u00e9 une \u00e0 deux fois par jour, le [&hellip;]<\/p>\n","protected":false},"featured_media":14879,"template":"","meta":{"om_disable_all_campaigns":false},"product_brand":[],"product_cat":[15],"product_tag":[],"class_list":{"0":"post-14882","1":"product","2":"type-product","3":"status-publish","4":"has-post-thumbnail","6":"product_cat-beaute-sante-complements-alimentaires-soins-et-bien-etre-au-meilleur-prix","8":"first","9":"instock","10":"sale","11":"taxable","12":"shipping-taxable","13":"purchasable","14":"product-type-simple"},"yoast_head":"<!-- This site is optimized with the Yoast SEO plugin v27.5 - https:\/\/yoast.com\/product\/yoast-seo-wordpress\/ -->\n<title>ADERMA BIOLOGY AC Gel Moussant Nettoyant Purifiant 200ml - Maroc Prix<\/title>\n<meta name=\"description\" content=\"ADERMA BIOLOGY AC Gel Moussant Nettoyant Purifiant 200ml\" \/>\n<meta name=\"robots\" content=\"index, follow, max-snippet:-1, max-image-preview:large, max-video-preview:-1\" \/>\n<link rel=\"canonical\" href=\"https:\/\/vitablanca.ma\/en\/product\/aderma-biology-ac-gel-moussant-nettoyant-purifiant-200ml\/\" \/>\n<meta property=\"og:locale\" content=\"en_US\" \/>\n<meta property=\"og:type\" content=\"article\" \/>\n<meta property=\"og:title\" content=\"ADERMA BIOLOGY AC Gel Moussant Nettoyant Purifiant 200ml - Maroc Prix\" \/>\n<meta property=\"og:description\" content=\"ADERMA BIOLOGY AC Gel Moussant Nettoyant Purifiant 200ml\" \/>\n<meta property=\"og:url\" content=\"https:\/\/vitablanca.ma\/en\/product\/aderma-biology-ac-gel-moussant-nettoyant-purifiant-200ml\/\" \/>\n<meta property=\"og:site_name\" content=\"Vitablanca.ma &ndash; Sant&eacute;, vitalit&eacute; et bien-&ecirc;tre pour tous les Marocains\" \/>\n<meta property=\"article:publisher\" content=\"https:\/\/www.facebook.com\/profile.php?id=61576678196717\" \/>\n<meta property=\"og:image\" content=\"https:\/\/vitablanca.ma\/wp-content\/uploads\/2025\/06\/aderma-biology-ac-gel-moussant-nettoyant-purifiant-200-ml-parapharmacie-prix-maroc.jpg\" \/>\n\t<meta property=\"og:image:width\" content=\"800\" \/>\n\t<meta property=\"og:image:height\" content=\"800\" \/>\n\t<meta property=\"og:image:type\" content=\"image\/jpeg\" \/>\n<meta name=\"twitter:card\" content=\"summary_large_image\" \/>\n<meta name=\"twitter:label1\" content=\"Est. reading time\" \/>\n\t<meta name=\"twitter:data1\" content=\"1 minute\" \/>\n<script type=\"application\/ld+json\" class=\"yoast-schema-graph\">{\"@context\":\"https:\\\/\\\/schema.org\",\"@graph\":[{\"@type\":[\"WebPage\",\"ItemPage\"],\"@id\":\"https:\\\/\\\/vitablanca.ma\\\/produit\\\/aderma-biology-ac-gel-moussant-nettoyant-purifiant-200ml\\\/\",\"url\":\"https:\\\/\\\/vitablanca.ma\\\/produit\\\/aderma-biology-ac-gel-moussant-nettoyant-purifiant-200ml\\\/\",\"name\":\"ADERMA BIOLOGY AC Gel Moussant Nettoyant Purifiant 200ml - Maroc Prix\",\"isPartOf\":{\"@id\":\"https:\\\/\\\/vitablanca.ma\\\/#website\"},\"primaryImageOfPage\":{\"@id\":\"https:\\\/\\\/vitablanca.ma\\\/produit\\\/aderma-biology-ac-gel-moussant-nettoyant-purifiant-200ml\\\/#primaryimage\"},\"image\":{\"@id\":\"https:\\\/\\\/vitablanca.ma\\\/produit\\\/aderma-biology-ac-gel-moussant-nettoyant-purifiant-200ml\\\/#primaryimage\"},\"thumbnailUrl\":\"https:\\\/\\\/vitablanca.ma\\\/wp-content\\\/uploads\\\/2025\\\/06\\\/aderma-biology-ac-gel-moussant-nettoyant-purifiant-200-ml-parapharmacie-prix-maroc.jpg\",\"datePublished\":\"2025-06-10T15:40:02+00:00\",\"description\":\"ADERMA BIOLOGY AC Gel Moussant Nettoyant Purifiant 200ml\",\"breadcrumb\":{\"@id\":\"https:\\\/\\\/vitablanca.ma\\\/produit\\\/aderma-biology-ac-gel-moussant-nettoyant-purifiant-200ml\\\/#breadcrumb\"},\"inLanguage\":\"en-US\",\"potentialAction\":[{\"@type\":\"ReadAction\",\"target\":[\"https:\\\/\\\/vitablanca.ma\\\/produit\\\/aderma-biology-ac-gel-moussant-nettoyant-purifiant-200ml\\\/\"]}]},{\"@type\":\"ImageObject\",\"inLanguage\":\"en-US\",\"@id\":\"https:\\\/\\\/vitablanca.ma\\\/produit\\\/aderma-biology-ac-gel-moussant-nettoyant-purifiant-200ml\\\/#primaryimage\",\"url\":\"https:\\\/\\\/vitablanca.ma\\\/wp-content\\\/uploads\\\/2025\\\/06\\\/aderma-biology-ac-gel-moussant-nettoyant-purifiant-200-ml-parapharmacie-prix-maroc.jpg\",\"contentUrl\":\"https:\\\/\\\/vitablanca.ma\\\/wp-content\\\/uploads\\\/2025\\\/06\\\/aderma-biology-ac-gel-moussant-nettoyant-purifiant-200-ml-parapharmacie-prix-maroc.jpg\",\"width\":800,\"height\":800},{\"@type\":\"BreadcrumbList\",\"@id\":\"https:\\\/\\\/vitablanca.ma\\\/produit\\\/aderma-biology-ac-gel-moussant-nettoyant-purifiant-200ml\\\/#breadcrumb\",\"itemListElement\":[{\"@type\":\"ListItem\",\"position\":1,\"name\":\"Home\",\"item\":\"https:\\\/\\\/vitablanca.ma\\\/\"},{\"@type\":\"ListItem\",\"position\":2,\"name\":\"Tous Les Produits\",\"item\":\"https:\\\/\\\/vitablanca.ma\\\/tous-les-produits\\\/\"},{\"@type\":\"ListItem\",\"position\":3,\"name\":\"ADERMA BIOLOGY AC Gel Moussant Nettoyant Purifiant 200ml\"}]},{\"@type\":\"WebSite\",\"@id\":\"https:\\\/\\\/vitablanca.ma\\\/#website\",\"url\":\"https:\\\/\\\/vitablanca.ma\\\/\",\"name\":\"VitaBlanca.ma | Compl\u00e9ments alimentaires, sant\u00e9 & beaut\u00e9 au Maroc\",\"description\":\"vendre vitamines et compl\u00e9ments premium des USA &amp; Canada, Nouvelle Z\u00e9lande,Maroc (NOW Foods, Solgar, Manuka). Livraison rapide partout au Maroc.\",\"publisher\":{\"@id\":\"https:\\\/\\\/vitablanca.ma\\\/#organization\"},\"alternateName\":\"VitaBlanca.ma\",\"potentialAction\":[{\"@type\":\"SearchAction\",\"target\":{\"@type\":\"EntryPoint\",\"urlTemplate\":\"https:\\\/\\\/vitablanca.ma\\\/?s={search_term_string}\"},\"query-input\":{\"@type\":\"PropertyValueSpecification\",\"valueRequired\":true,\"valueName\":\"search_term_string\"}}],\"inLanguage\":\"en-US\"},{\"@type\":\"Organization\",\"@id\":\"https:\\\/\\\/vitablanca.ma\\\/#organization\",\"name\":\"VitaBlanca\",\"url\":\"https:\\\/\\\/vitablanca.ma\\\/\",\"logo\":{\"@type\":\"ImageObject\",\"inLanguage\":\"en-US\",\"@id\":\"https:\\\/\\\/vitablanca.ma\\\/#\\\/schema\\\/logo\\\/image\\\/\",\"url\":\"https:\\\/\\\/vitablanca.ma\\\/wp-content\\\/uploads\\\/2025\\\/05\\\/cropped-vitablanca.png\",\"contentUrl\":\"https:\\\/\\\/vitablanca.ma\\\/wp-content\\\/uploads\\\/2025\\\/05\\\/cropped-vitablanca.png\",\"width\":360,\"height\":67,\"caption\":\"VitaBlanca\"},\"image\":{\"@id\":\"https:\\\/\\\/vitablanca.ma\\\/#\\\/schema\\\/logo\\\/image\\\/\"},\"sameAs\":[\"https:\\\/\\\/www.facebook.com\\\/profile.php?id=61576678196717\",\"https:\\\/\\\/www.tiktok.com\\\/@vitablanca.ma\",\"https:\\\/\\\/www.instagram.com\\\/vitablanca.ma\\\/\"]}]}<\/script>\n<!-- \/ Yoast SEO plugin. -->","yoast_head_json":{"title":"ADERMA BIOLOGY AC Purifying Cleansing Foaming Gel 200ml - Morocco Price","description":"ADERMA BIOLOGY AC Purifying Cleansing Foaming Gel 200ml","robots":{"index":"index","follow":"follow","max-snippet":"max-snippet:-1","max-image-preview":"max-image-preview:large","max-video-preview":"max-video-preview:-1"},"canonical":"https:\/\/vitablanca.ma\/en\/product\/aderma-biology-ac-gel-moussant-nettoyant-purifiant-200ml\/","og_locale":"en_US","og_type":"article","og_title":"ADERMA BIOLOGY AC Gel Moussant Nettoyant Purifiant 200ml - Maroc Prix","og_description":"ADERMA BIOLOGY AC Gel Moussant Nettoyant Purifiant 200ml","og_url":"https:\/\/vitablanca.ma\/en\/product\/aderma-biology-ac-gel-moussant-nettoyant-purifiant-200ml\/","og_site_name":"Vitablanca.ma &ndash; Sant&eacute;, vitalit&eacute; et bien-&ecirc;tre pour tous les Marocains","article_publisher":"https:\/\/www.facebook.com\/profile.php?id=61576678196717","og_image":[{"width":800,"height":800,"url":"https:\/\/vitablanca.ma\/wp-content\/uploads\/2025\/06\/aderma-biology-ac-gel-moussant-nettoyant-purifiant-200-ml-parapharmacie-prix-maroc.jpg","type":"image\/jpeg"}],"twitter_card":"summary_large_image","twitter_misc":{"Est. reading time":"1 minute"},"schema":{"@context":"https:\/\/schema.org","@graph":[{"@type":["WebPage","ItemPage"],"@id":"https:\/\/vitablanca.ma\/produit\/aderma-biology-ac-gel-moussant-nettoyant-purifiant-200ml\/","url":"https:\/\/vitablanca.ma\/produit\/aderma-biology-ac-gel-moussant-nettoyant-purifiant-200ml\/","name":"ADERMA BIOLOGY AC Purifying Cleansing Foaming Gel 200ml - Morocco Price","isPartOf":{"@id":"https:\/\/vitablanca.ma\/#website"},"primaryImageOfPage":{"@id":"https:\/\/vitablanca.ma\/produit\/aderma-biology-ac-gel-moussant-nettoyant-purifiant-200ml\/#primaryimage"},"image":{"@id":"https:\/\/vitablanca.ma\/produit\/aderma-biology-ac-gel-moussant-nettoyant-purifiant-200ml\/#primaryimage"},"thumbnailUrl":"https:\/\/vitablanca.ma\/wp-content\/uploads\/2025\/06\/aderma-biology-ac-gel-moussant-nettoyant-purifiant-200-ml-parapharmacie-prix-maroc.jpg","datePublished":"2025-06-10T15:40:02+00:00","description":"ADERMA BIOLOGY AC Purifying Cleansing Foaming Gel 200ml","breadcrumb":{"@id":"https:\/\/vitablanca.ma\/produit\/aderma-biology-ac-gel-moussant-nettoyant-purifiant-200ml\/#breadcrumb"},"inLanguage":"en-US","potentialAction":[{"@type":"ReadAction","target":["https:\/\/vitablanca.ma\/produit\/aderma-biology-ac-gel-moussant-nettoyant-purifiant-200ml\/"]}]},{"@type":"ImageObject","inLanguage":"en-US","@id":"https:\/\/vitablanca.ma\/produit\/aderma-biology-ac-gel-moussant-nettoyant-purifiant-200ml\/#primaryimage","url":"https:\/\/vitablanca.ma\/wp-content\/uploads\/2025\/06\/aderma-biology-ac-gel-moussant-nettoyant-purifiant-200-ml-parapharmacie-prix-maroc.jpg","contentUrl":"https:\/\/vitablanca.ma\/wp-content\/uploads\/2025\/06\/aderma-biology-ac-gel-moussant-nettoyant-purifiant-200-ml-parapharmacie-prix-maroc.jpg","width":800,"height":800},{"@type":"BreadcrumbList","@id":"https:\/\/vitablanca.ma\/produit\/aderma-biology-ac-gel-moussant-nettoyant-purifiant-200ml\/#breadcrumb","itemListElement":[{"@type":"ListItem","position":1,"name":"Home","item":"https:\/\/vitablanca.ma\/"},{"@type":"ListItem","position":2,"name":"Tous Les Produits","item":"https:\/\/vitablanca.ma\/tous-les-produits\/"},{"@type":"ListItem","position":3,"name":"ADERMA BIOLOGY AC Gel Moussant Nettoyant Purifiant 200ml"}]},{"@type":"WebSite","@id":"https:\/\/vitablanca.ma\/#website","url":"https:\/\/vitablanca.ma\/","name":"VitaBlanca.ma | Food supplements, health &amp; beauty in Morocco","description":"sell premium vitamins and supplements from USA &amp; Canada, New Zealand, Morocco (NOW Foods, Solgar, Manuka). Fast delivery anywhere in Morocco.","publisher":{"@id":"https:\/\/vitablanca.ma\/#organization"},"alternateName":"VitaBlanca.ma","potentialAction":[{"@type":"SearchAction","target":{"@type":"EntryPoint","urlTemplate":"https:\/\/vitablanca.ma\/?s={search_term_string}"},"query-input":{"@type":"PropertyValueSpecification","valueRequired":true,"valueName":"search_term_string"}}],"inLanguage":"en-US"},{"@type":"Organization","@id":"https:\/\/vitablanca.ma\/#organization","name":"VitaBlanca","url":"https:\/\/vitablanca.ma\/","logo":{"@type":"ImageObject","inLanguage":"en-US","@id":"https:\/\/vitablanca.ma\/#\/schema\/logo\/image\/","url":"https:\/\/vitablanca.ma\/wp-content\/uploads\/2025\/05\/cropped-vitablanca.png","contentUrl":"https:\/\/vitablanca.ma\/wp-content\/uploads\/2025\/05\/cropped-vitablanca.png","width":360,"height":67,"caption":"VitaBlanca"},"image":{"@id":"https:\/\/vitablanca.ma\/#\/schema\/logo\/image\/"},"sameAs":["https:\/\/www.facebook.com\/profile.php?id=61576678196717","https:\/\/www.tiktok.com\/@vitablanca.ma","https:\/\/www.instagram.com\/vitablanca.ma\/"]}]}},"jetpack_sharing_enabled":true,"_links":{"self":[{"href":"https:\/\/vitablanca.ma\/en\/wp-json\/wp\/v2\/product\/14882","targetHints":{"allow":["GET"]}}],"collection":[{"href":"https:\/\/vitablanca.ma\/en\/wp-json\/wp\/v2\/product"}],"about":[{"href":"https:\/\/vitablanca.ma\/en\/wp-json\/wp\/v2\/types\/product"}],"wp:featuredmedia":[{"embeddable":true,"href":"https:\/\/vitablanca.ma\/en\/wp-json\/wp\/v2\/media\/14879"}],"wp:attachment":[{"href":"https:\/\/vitablanca.ma\/en\/wp-json\/wp\/v2\/media?parent=14882"}],"wp:term":[{"taxonomy":"product_brand","embeddable":true,"href":"https:\/\/vitablanca.ma\/en\/wp-json\/wp\/v2\/product_brand?post=14882"},{"taxonomy":"product_cat","embeddable":true,"href":"https:\/\/vitablanca.ma\/en\/wp-json\/wp\/v2\/product_cat?post=14882"},{"taxonomy":"product_tag","embeddable":true,"href":"https:\/\/vitablanca.ma\/en\/wp-json\/wp\/v2\/product_tag?post=14882"}],"curies":[{"name":"wp","href":"https:\/\/api.w.org\/{rel}","templated":true}]}}