{"id":14868,"date":"2025-06-10T15:39:39","date_gmt":"2025-06-10T15:39:39","guid":{"rendered":"https:\/\/vitablanca.ma\/product\/a-derma-exomega-control-baume-emollient-anti-grattage-200ml\/"},"modified":"2025-07-13T16:58:55","modified_gmt":"2025-07-13T16:58:55","slug":"a-derma-exomega-control-baume-emollient-anti-grattage-200ml","status":"publish","type":"product","link":"https:\/\/vitablanca.ma\/en\/product\/a-derma-exomega-control-baume-emollient-anti-grattage-200ml\/","title":{"rendered":"A-Derma EXOMEGA CONTROL Anti-itching emollient balm 200ml"},"content":{"rendered":"<h2><strong>A-Derma EXOMEGA CONTROL Anti-itching emollient balm 200ml<\/strong><\/h2>\n<p><span data-mce-fragment=\"1\">The ultra-rich, non-sticky, fast-absorbing texture of this balm improves the daily life of adults and children, from birth, with a single application per day. It helps to space out peaks of irritation, soothe itching sensations* while helping to restore the skin barrier.<\/span><br data-mce-fragment=\"1\"><span data-mce-fragment=\"1\">Formulated with Rhealba\u00ae Oat Plantlet Extract (young oat shoots), soothing and rebalancing, its formula cares for dry, atopic-prone skin, reduces its suffering and protects its fragility. A high-tolerance, fragrance-free emollient balm, designed and developed for fragile skin with 95 % of ingredients of natural origin. An ultra-rich, effective and reassuring gesture.<\/span><br data-mce-fragment=\"1\"><span data-mce-fragment=\"1\">Like all our emollient treatments with Rhealba\u00ae Oat Plantules, this balm has been cited in European dermatology recommendations for the management of atopic eczema: Emollient PLUS**<\/span><br data-mce-fragment=\"1\"><span data-mce-fragment=\"1\">Vegan Info: No ingredients of animal origin.<\/span><\/p>\n<p class=\"p1\"><strong>USABLE BY:<\/strong><br \/>Babies, children, adults, from birth<\/p>\n<p class=\"p1\"><strong>BODY PART:<\/strong><br \/>Body, face<\/p>\n<p class=\"p1\"><strong>SKIN TYPE:<\/strong><br \/>Dry skin prone to atopic eczema<\/p>","protected":false},"excerpt":{"rendered":"<p>A-Derma EXOMEGA CONTROL Baume \u00e9mollient anti-grattage 200ml La texture ultra-riche, non collante \u00e0 absorption rapide de ce baume am\u00e9liore le quotidien des adultes et enfants, d\u00e8s la naissance, en une seule application par jour. Il contribue \u00e0 espacer les pics d\u2019irritation, \u00e0 apaiser les sensations de d\u00e9mangeaisons* tout en participant \u00e0 la restauration de la [&hellip;]<\/p>\n","protected":false},"featured_media":14865,"template":"","meta":{"om_disable_all_campaigns":false},"product_brand":[2789],"product_cat":[18,15],"product_tag":[3258,3256,3257],"class_list":{"0":"post-14868","1":"product","2":"type-product","3":"status-publish","4":"has-post-thumbnail","6":"product_brand-a-derma-prix-maroc","7":"product_cat-beaute-sante","8":"product_cat-beaute-sante-complements-alimentaires-soins-et-bien-etre-au-meilleur-prix","9":"product_tag-a-derma","10":"product_tag-a-derma-maroc","11":"product_tag-a-derma-morocco","13":"first","14":"instock","15":"sale","16":"taxable","17":"shipping-taxable","18":"purchasable","19":"product-type-simple"},"yoast_head":"<!-- This site is optimized with the Yoast SEO plugin v27.5 - https:\/\/yoast.com\/product\/yoast-seo-wordpress\/ -->\n<title>A-Derma EXOMEGA CONTROL Baume \u00e9mollient anti-grattage 200ml - Maroc Prix<\/title>\n<meta name=\"description\" content=\"A-Derma EXOMEGA CONTROL Baume \u00e9mollient anti-grattage 200ml\" \/>\n<meta name=\"robots\" content=\"index, follow, max-snippet:-1, max-image-preview:large, max-video-preview:-1\" \/>\n<link rel=\"canonical\" href=\"https:\/\/vitablanca.ma\/en\/product\/a-derma-exomega-control-baume-emollient-anti-grattage-200ml\/\" \/>\n<meta property=\"og:locale\" content=\"en_US\" \/>\n<meta property=\"og:type\" content=\"article\" \/>\n<meta property=\"og:title\" content=\"A-Derma EXOMEGA CONTROL Baume \u00e9mollient anti-grattage 200ml - Maroc Prix\" \/>\n<meta property=\"og:description\" content=\"A-Derma EXOMEGA CONTROL Baume \u00e9mollient anti-grattage 200ml\" \/>\n<meta property=\"og:url\" content=\"https:\/\/vitablanca.ma\/en\/product\/a-derma-exomega-control-baume-emollient-anti-grattage-200ml\/\" \/>\n<meta property=\"og:site_name\" content=\"Vitablanca.ma &ndash; Sant&eacute;, vitalit&eacute; et bien-&ecirc;tre pour tous les Marocains\" \/>\n<meta property=\"article:publisher\" content=\"https:\/\/www.facebook.com\/profile.php?id=61576678196717\" \/>\n<meta property=\"article:modified_time\" content=\"2025-07-13T16:58:55+00:00\" \/>\n<meta property=\"og:image\" content=\"https:\/\/vitablanca.ma\/wp-content\/uploads\/2025\/06\/A-Derma-EXOMEGA-CONTROL-Baume-emollient-anti-grattage-200ml-Parapharmacie-Maroc.jpg\" \/>\n\t<meta property=\"og:image:width\" content=\"1000\" \/>\n\t<meta property=\"og:image:height\" content=\"1000\" \/>\n\t<meta property=\"og:image:type\" content=\"image\/jpeg\" \/>\n<meta name=\"twitter:card\" content=\"summary_large_image\" \/>\n<meta name=\"twitter:label1\" content=\"Est. reading time\" \/>\n\t<meta name=\"twitter:data1\" content=\"1 minute\" \/>\n<script type=\"application\/ld+json\" class=\"yoast-schema-graph\">{\"@context\":\"https:\\\/\\\/schema.org\",\"@graph\":[{\"@type\":[\"WebPage\",\"ItemPage\"],\"@id\":\"https:\\\/\\\/vitablanca.ma\\\/produit\\\/a-derma-exomega-control-baume-emollient-anti-grattage-200ml\\\/\",\"url\":\"https:\\\/\\\/vitablanca.ma\\\/produit\\\/a-derma-exomega-control-baume-emollient-anti-grattage-200ml\\\/\",\"name\":\"A-Derma EXOMEGA CONTROL Baume \u00e9mollient anti-grattage 200ml - Maroc Prix\",\"isPartOf\":{\"@id\":\"https:\\\/\\\/vitablanca.ma\\\/#website\"},\"primaryImageOfPage\":{\"@id\":\"https:\\\/\\\/vitablanca.ma\\\/produit\\\/a-derma-exomega-control-baume-emollient-anti-grattage-200ml\\\/#primaryimage\"},\"image\":{\"@id\":\"https:\\\/\\\/vitablanca.ma\\\/produit\\\/a-derma-exomega-control-baume-emollient-anti-grattage-200ml\\\/#primaryimage\"},\"thumbnailUrl\":\"https:\\\/\\\/vitablanca.ma\\\/wp-content\\\/uploads\\\/2025\\\/06\\\/A-Derma-EXOMEGA-CONTROL-Baume-emollient-anti-grattage-200ml-Parapharmacie-Maroc.jpg\",\"datePublished\":\"2025-06-10T15:39:39+00:00\",\"dateModified\":\"2025-07-13T16:58:55+00:00\",\"description\":\"A-Derma EXOMEGA CONTROL Baume \u00e9mollient anti-grattage 200ml\",\"breadcrumb\":{\"@id\":\"https:\\\/\\\/vitablanca.ma\\\/produit\\\/a-derma-exomega-control-baume-emollient-anti-grattage-200ml\\\/#breadcrumb\"},\"inLanguage\":\"en-US\",\"potentialAction\":[{\"@type\":\"ReadAction\",\"target\":[\"https:\\\/\\\/vitablanca.ma\\\/produit\\\/a-derma-exomega-control-baume-emollient-anti-grattage-200ml\\\/\"]}]},{\"@type\":\"ImageObject\",\"inLanguage\":\"en-US\",\"@id\":\"https:\\\/\\\/vitablanca.ma\\\/produit\\\/a-derma-exomega-control-baume-emollient-anti-grattage-200ml\\\/#primaryimage\",\"url\":\"https:\\\/\\\/vitablanca.ma\\\/wp-content\\\/uploads\\\/2025\\\/06\\\/A-Derma-EXOMEGA-CONTROL-Baume-emollient-anti-grattage-200ml-Parapharmacie-Maroc.jpg\",\"contentUrl\":\"https:\\\/\\\/vitablanca.ma\\\/wp-content\\\/uploads\\\/2025\\\/06\\\/A-Derma-EXOMEGA-CONTROL-Baume-emollient-anti-grattage-200ml-Parapharmacie-Maroc.jpg\",\"width\":1000,\"height\":1000},{\"@type\":\"BreadcrumbList\",\"@id\":\"https:\\\/\\\/vitablanca.ma\\\/produit\\\/a-derma-exomega-control-baume-emollient-anti-grattage-200ml\\\/#breadcrumb\",\"itemListElement\":[{\"@type\":\"ListItem\",\"position\":1,\"name\":\"Home\",\"item\":\"https:\\\/\\\/vitablanca.ma\\\/\"},{\"@type\":\"ListItem\",\"position\":2,\"name\":\"Tous Les Produits\",\"item\":\"https:\\\/\\\/vitablanca.ma\\\/tous-les-produits\\\/\"},{\"@type\":\"ListItem\",\"position\":3,\"name\":\"A-Derma EXOMEGA CONTROL Baume \u00e9mollient anti-grattage 200ml\"}]},{\"@type\":\"WebSite\",\"@id\":\"https:\\\/\\\/vitablanca.ma\\\/#website\",\"url\":\"https:\\\/\\\/vitablanca.ma\\\/\",\"name\":\"VitaBlanca.ma | Compl\u00e9ments alimentaires, sant\u00e9 & beaut\u00e9 au Maroc\",\"description\":\"vendre vitamines et compl\u00e9ments premium des USA &amp; Canada, Nouvelle Z\u00e9lande,Maroc (NOW Foods, Solgar, Manuka). Livraison rapide partout au Maroc.\",\"publisher\":{\"@id\":\"https:\\\/\\\/vitablanca.ma\\\/#organization\"},\"alternateName\":\"VitaBlanca.ma\",\"potentialAction\":[{\"@type\":\"SearchAction\",\"target\":{\"@type\":\"EntryPoint\",\"urlTemplate\":\"https:\\\/\\\/vitablanca.ma\\\/?s={search_term_string}\"},\"query-input\":{\"@type\":\"PropertyValueSpecification\",\"valueRequired\":true,\"valueName\":\"search_term_string\"}}],\"inLanguage\":\"en-US\"},{\"@type\":\"Organization\",\"@id\":\"https:\\\/\\\/vitablanca.ma\\\/#organization\",\"name\":\"VitaBlanca\",\"url\":\"https:\\\/\\\/vitablanca.ma\\\/\",\"logo\":{\"@type\":\"ImageObject\",\"inLanguage\":\"en-US\",\"@id\":\"https:\\\/\\\/vitablanca.ma\\\/#\\\/schema\\\/logo\\\/image\\\/\",\"url\":\"https:\\\/\\\/vitablanca.ma\\\/wp-content\\\/uploads\\\/2025\\\/05\\\/cropped-vitablanca.png\",\"contentUrl\":\"https:\\\/\\\/vitablanca.ma\\\/wp-content\\\/uploads\\\/2025\\\/05\\\/cropped-vitablanca.png\",\"width\":360,\"height\":67,\"caption\":\"VitaBlanca\"},\"image\":{\"@id\":\"https:\\\/\\\/vitablanca.ma\\\/#\\\/schema\\\/logo\\\/image\\\/\"},\"sameAs\":[\"https:\\\/\\\/www.facebook.com\\\/profile.php?id=61576678196717\",\"https:\\\/\\\/www.tiktok.com\\\/@vitablanca.ma\",\"https:\\\/\\\/www.instagram.com\\\/vitablanca.ma\\\/\"]}]}<\/script>\n<!-- \/ Yoast SEO plugin. -->","yoast_head_json":{"title":"A-Derma EXOMEGA CONTROL Anti-itching emollient balm 200ml - Morocco Price","description":"A-Derma EXOMEGA CONTROL Anti-itching emollient balm 200ml","robots":{"index":"index","follow":"follow","max-snippet":"max-snippet:-1","max-image-preview":"max-image-preview:large","max-video-preview":"max-video-preview:-1"},"canonical":"https:\/\/vitablanca.ma\/en\/product\/a-derma-exomega-control-baume-emollient-anti-grattage-200ml\/","og_locale":"en_US","og_type":"article","og_title":"A-Derma EXOMEGA CONTROL Baume \u00e9mollient anti-grattage 200ml - Maroc Prix","og_description":"A-Derma EXOMEGA CONTROL Baume \u00e9mollient anti-grattage 200ml","og_url":"https:\/\/vitablanca.ma\/en\/product\/a-derma-exomega-control-baume-emollient-anti-grattage-200ml\/","og_site_name":"Vitablanca.ma &ndash; Sant&eacute;, vitalit&eacute; et bien-&ecirc;tre pour tous les Marocains","article_publisher":"https:\/\/www.facebook.com\/profile.php?id=61576678196717","article_modified_time":"2025-07-13T16:58:55+00:00","og_image":[{"width":1000,"height":1000,"url":"https:\/\/vitablanca.ma\/wp-content\/uploads\/2025\/06\/A-Derma-EXOMEGA-CONTROL-Baume-emollient-anti-grattage-200ml-Parapharmacie-Maroc.jpg","type":"image\/jpeg"}],"twitter_card":"summary_large_image","twitter_misc":{"Est. reading time":"1 minute"},"schema":{"@context":"https:\/\/schema.org","@graph":[{"@type":["WebPage","ItemPage"],"@id":"https:\/\/vitablanca.ma\/produit\/a-derma-exomega-control-baume-emollient-anti-grattage-200ml\/","url":"https:\/\/vitablanca.ma\/produit\/a-derma-exomega-control-baume-emollient-anti-grattage-200ml\/","name":"A-Derma EXOMEGA CONTROL Anti-itching emollient balm 200ml - Morocco Price","isPartOf":{"@id":"https:\/\/vitablanca.ma\/#website"},"primaryImageOfPage":{"@id":"https:\/\/vitablanca.ma\/produit\/a-derma-exomega-control-baume-emollient-anti-grattage-200ml\/#primaryimage"},"image":{"@id":"https:\/\/vitablanca.ma\/produit\/a-derma-exomega-control-baume-emollient-anti-grattage-200ml\/#primaryimage"},"thumbnailUrl":"https:\/\/vitablanca.ma\/wp-content\/uploads\/2025\/06\/A-Derma-EXOMEGA-CONTROL-Baume-emollient-anti-grattage-200ml-Parapharmacie-Maroc.jpg","datePublished":"2025-06-10T15:39:39+00:00","dateModified":"2025-07-13T16:58:55+00:00","description":"A-Derma EXOMEGA CONTROL Anti-itching emollient balm 200ml","breadcrumb":{"@id":"https:\/\/vitablanca.ma\/produit\/a-derma-exomega-control-baume-emollient-anti-grattage-200ml\/#breadcrumb"},"inLanguage":"en-US","potentialAction":[{"@type":"ReadAction","target":["https:\/\/vitablanca.ma\/produit\/a-derma-exomega-control-baume-emollient-anti-grattage-200ml\/"]}]},{"@type":"ImageObject","inLanguage":"en-US","@id":"https:\/\/vitablanca.ma\/produit\/a-derma-exomega-control-baume-emollient-anti-grattage-200ml\/#primaryimage","url":"https:\/\/vitablanca.ma\/wp-content\/uploads\/2025\/06\/A-Derma-EXOMEGA-CONTROL-Baume-emollient-anti-grattage-200ml-Parapharmacie-Maroc.jpg","contentUrl":"https:\/\/vitablanca.ma\/wp-content\/uploads\/2025\/06\/A-Derma-EXOMEGA-CONTROL-Baume-emollient-anti-grattage-200ml-Parapharmacie-Maroc.jpg","width":1000,"height":1000},{"@type":"BreadcrumbList","@id":"https:\/\/vitablanca.ma\/produit\/a-derma-exomega-control-baume-emollient-anti-grattage-200ml\/#breadcrumb","itemListElement":[{"@type":"ListItem","position":1,"name":"Home","item":"https:\/\/vitablanca.ma\/"},{"@type":"ListItem","position":2,"name":"Tous Les Produits","item":"https:\/\/vitablanca.ma\/tous-les-produits\/"},{"@type":"ListItem","position":3,"name":"A-Derma EXOMEGA CONTROL Baume \u00e9mollient anti-grattage 200ml"}]},{"@type":"WebSite","@id":"https:\/\/vitablanca.ma\/#website","url":"https:\/\/vitablanca.ma\/","name":"VitaBlanca.ma | Food supplements, health &amp; beauty in Morocco","description":"sell premium vitamins and supplements from USA &amp; Canada, New Zealand, Morocco (NOW Foods, Solgar, Manuka). Fast delivery anywhere in Morocco.","publisher":{"@id":"https:\/\/vitablanca.ma\/#organization"},"alternateName":"VitaBlanca.ma","potentialAction":[{"@type":"SearchAction","target":{"@type":"EntryPoint","urlTemplate":"https:\/\/vitablanca.ma\/?s={search_term_string}"},"query-input":{"@type":"PropertyValueSpecification","valueRequired":true,"valueName":"search_term_string"}}],"inLanguage":"en-US"},{"@type":"Organization","@id":"https:\/\/vitablanca.ma\/#organization","name":"VitaBlanca","url":"https:\/\/vitablanca.ma\/","logo":{"@type":"ImageObject","inLanguage":"en-US","@id":"https:\/\/vitablanca.ma\/#\/schema\/logo\/image\/","url":"https:\/\/vitablanca.ma\/wp-content\/uploads\/2025\/05\/cropped-vitablanca.png","contentUrl":"https:\/\/vitablanca.ma\/wp-content\/uploads\/2025\/05\/cropped-vitablanca.png","width":360,"height":67,"caption":"VitaBlanca"},"image":{"@id":"https:\/\/vitablanca.ma\/#\/schema\/logo\/image\/"},"sameAs":["https:\/\/www.facebook.com\/profile.php?id=61576678196717","https:\/\/www.tiktok.com\/@vitablanca.ma","https:\/\/www.instagram.com\/vitablanca.ma\/"]}]}},"jetpack_sharing_enabled":true,"_links":{"self":[{"href":"https:\/\/vitablanca.ma\/en\/wp-json\/wp\/v2\/product\/14868","targetHints":{"allow":["GET"]}}],"collection":[{"href":"https:\/\/vitablanca.ma\/en\/wp-json\/wp\/v2\/product"}],"about":[{"href":"https:\/\/vitablanca.ma\/en\/wp-json\/wp\/v2\/types\/product"}],"wp:featuredmedia":[{"embeddable":true,"href":"https:\/\/vitablanca.ma\/en\/wp-json\/wp\/v2\/media\/14865"}],"wp:attachment":[{"href":"https:\/\/vitablanca.ma\/en\/wp-json\/wp\/v2\/media?parent=14868"}],"wp:term":[{"taxonomy":"product_brand","embeddable":true,"href":"https:\/\/vitablanca.ma\/en\/wp-json\/wp\/v2\/product_brand?post=14868"},{"taxonomy":"product_cat","embeddable":true,"href":"https:\/\/vitablanca.ma\/en\/wp-json\/wp\/v2\/product_cat?post=14868"},{"taxonomy":"product_tag","embeddable":true,"href":"https:\/\/vitablanca.ma\/en\/wp-json\/wp\/v2\/product_tag?post=14868"}],"curies":[{"name":"wp","href":"https:\/\/api.w.org\/{rel}","templated":true}]}}