{"id":14856,"date":"2025-06-10T15:39:23","date_gmt":"2025-06-10T15:39:23","guid":{"rendered":"https:\/\/vitablanca.ma\/product\/a-derma-exomega-control-huile-lavante-emolliente-anti-grattage-200ml\/"},"modified":"2025-07-13T16:58:55","modified_gmt":"2025-07-13T16:58:55","slug":"a-derma-exomega-control-huile-lavante-emolliente-anti-grattage-200ml","status":"publish","type":"product","link":"https:\/\/vitablanca.ma\/en\/product\/a-derma-exomega-control-huile-lavante-emolliente-anti-grattage-200ml\/","title":{"rendered":"A-Derma EXOMEGA CONTROL Anti-itching emollient cleansing oil 200ml"},"content":{"rendered":"<p>\u00a0<\/p>\n<div data-mce-fragment=\"1\" class=\"block-content\">\n<h2 data-mce-fragment=\"1\">A-Derma EXOMEGA CONTROL Anti-itching emollient cleansing oil 500ml<\/h2>\n<p data-mce-fragment=\"1\">L\u2019huile lavante \u00e9molliente nettoie, nourrit et apaise les peaux s\u00e8ches \u00e0 tendance \u00e0 l\u2019ecz\u00e9ma atopique d\u00e8s la naissance, gr\u00e2ce \u00e0 sa formule BIODEGRADABLE* contenant 91% d\u2019ingr\u00e9dients d\u2019origine naturelle.<br data-mce-fragment=\"1\">A true hygiene-care product, its formula has been developed with the same active ingredients as EXOMEGA CONTROL emollient care to help protect the skin barrier, nourish and soothe fragile skin.<br data-mce-fragment=\"1\">Info Vegan : sans ingr\u00e9dient d\u2019origine animale.<\/p>\n<\/div>\n<div data-mce-fragment=\"1\" class=\"block-content has-heading\">\n<div data-mce-fragment=\"1\" class=\"block-content-heading\">\n<p data-mce-fragment=\"1\"><strong>Advantage<\/strong><br \/>Nettoyante et apaisante, l\u2019huile lavante \u00e9molliente prend naturellement soin des peaux s\u00e8ches \u00e0 tendance atopique d\u00e8s la naissance.<\/p>\n<\/div>\n<div data-mce-fragment=\"1\" class=\"block-content-heading\">\n<p data-mce-fragment=\"1\"><strong>Benefits<\/strong><br \/>\u2022 Gently cleanses dry and atopic skin of infants, children and adults. EXOMEGA CONTROL Emollient cleansing oil protects the skin from tightness and dryness.<\/p>\n<\/div>\n<p data-mce-fragment=\"1\">\u2022 ANTI-SCRATCHING, calms the itching of dry skin and skin prone to atopic eczema<br data-mce-fragment=\"1\">\u2022 PROTECTS fragile skin. With its formula composed of 91% of ingredients of natural origin, soap-free and BIODEGRADABLE*, the cleansing oil does not sting the eyes to take care of the whole family.<\/p>\n<p class=\"style-1\"><strong>USABLE BY:<\/strong><br \/><span>Babies, children, adults, from birth<\/span><\/p>\n<p class=\"style-1\"><strong>BODY PART:<\/strong><br \/><span>Body, face<\/span><\/p>\n<p class=\"style-1\"><strong>SKIN TYPE:<\/strong><br \/><span>Peau s\u00e8che, peau s\u00e8che \u00e0 tendance \u00e0 l\u2019ecz\u00e9ma atopique, peau \u00e0 tendance atopique<\/span><\/p>\n<\/div>","protected":false},"excerpt":{"rendered":"<p>\u00a0 A-Derma EXOMEGA CONTROL Huile lavante \u00e9molliente anti-grattage 500ml L\u2019huile lavante \u00e9molliente nettoie, nourrit et apaise les peaux s\u00e8ches \u00e0 tendance \u00e0 l\u2019ecz\u00e9ma atopique d\u00e8s la naissance, gr\u00e2ce \u00e0 sa formule BIODEGRADABLE* contenant 91% d\u2019ingr\u00e9dients d\u2019origine naturelle.V\u00e9ritable hygi\u00e8ne-soin, sa formule a \u00e9t\u00e9 d\u00e9velopp\u00e9e avec les m\u00eames actifs que les soins \u00e9mollients EXOMEGA CONTROL pour aider [&hellip;]<\/p>\n","protected":false},"featured_media":14851,"template":"","meta":{"om_disable_all_campaigns":false},"product_brand":[2789],"product_cat":[18,15],"product_tag":[3258,3256,3257],"class_list":{"0":"post-14856","1":"product","2":"type-product","3":"status-publish","4":"has-post-thumbnail","6":"product_brand-a-derma-prix-maroc","7":"product_cat-beaute-sante","8":"product_cat-beaute-sante-complements-alimentaires-soins-et-bien-etre-au-meilleur-prix","9":"product_tag-a-derma","10":"product_tag-a-derma-maroc","11":"product_tag-a-derma-morocco","13":"first","14":"instock","15":"sale","16":"taxable","17":"shipping-taxable","18":"purchasable","19":"product-type-simple"},"yoast_head":"<!-- This site is optimized with the Yoast SEO plugin v27.5 - https:\/\/yoast.com\/product\/yoast-seo-wordpress\/ -->\n<title>A-Derma EXOMEGA CONTROL Huile lavante \u00e9molliente anti-grattage 200ml - Maroc Prix<\/title>\n<meta name=\"description\" content=\"A-Derma EXOMEGA CONTROL Huile lavante \u00e9molliente anti-grattage 200ml\" \/>\n<meta name=\"robots\" content=\"index, follow, max-snippet:-1, max-image-preview:large, max-video-preview:-1\" \/>\n<link rel=\"canonical\" href=\"https:\/\/vitablanca.ma\/en\/product\/a-derma-exomega-control-huile-lavante-emolliente-anti-grattage-200ml\/\" \/>\n<meta property=\"og:locale\" content=\"en_US\" \/>\n<meta property=\"og:type\" content=\"article\" \/>\n<meta property=\"og:title\" content=\"A-Derma EXOMEGA CONTROL Huile lavante \u00e9molliente anti-grattage 200ml - Maroc Prix\" \/>\n<meta property=\"og:description\" content=\"A-Derma EXOMEGA CONTROL Huile lavante \u00e9molliente anti-grattage 200ml\" \/>\n<meta property=\"og:url\" content=\"https:\/\/vitablanca.ma\/en\/product\/a-derma-exomega-control-huile-lavante-emolliente-anti-grattage-200ml\/\" \/>\n<meta property=\"og:site_name\" content=\"Vitablanca.ma &ndash; Sant&eacute;, vitalit&eacute; et bien-&ecirc;tre pour tous les Marocains\" \/>\n<meta property=\"article:publisher\" content=\"https:\/\/www.facebook.com\/profile.php?id=61576678196717\" \/>\n<meta property=\"article:modified_time\" content=\"2025-07-13T16:58:55+00:00\" \/>\n<meta property=\"og:image\" content=\"https:\/\/vitablanca.ma\/wp-content\/uploads\/2025\/06\/aderma-exomega-control-huile-lavante-emolliente-200-ml-parapharmacie-prix-maroc1_74962c10-190c-4ea7-906a-0631b1bdc913.jpg\" \/>\n\t<meta property=\"og:image:width\" content=\"800\" \/>\n\t<meta property=\"og:image:height\" content=\"800\" \/>\n\t<meta property=\"og:image:type\" content=\"image\/jpeg\" \/>\n<meta name=\"twitter:card\" content=\"summary_large_image\" \/>\n<meta name=\"twitter:label1\" content=\"Est. reading time\" \/>\n\t<meta name=\"twitter:data1\" content=\"1 minute\" \/>\n<script type=\"application\/ld+json\" class=\"yoast-schema-graph\">{\"@context\":\"https:\\\/\\\/schema.org\",\"@graph\":[{\"@type\":[\"WebPage\",\"ItemPage\"],\"@id\":\"https:\\\/\\\/vitablanca.ma\\\/produit\\\/a-derma-exomega-control-huile-lavante-emolliente-anti-grattage-200ml\\\/\",\"url\":\"https:\\\/\\\/vitablanca.ma\\\/produit\\\/a-derma-exomega-control-huile-lavante-emolliente-anti-grattage-200ml\\\/\",\"name\":\"A-Derma EXOMEGA CONTROL Huile lavante \u00e9molliente anti-grattage 200ml - Maroc Prix\",\"isPartOf\":{\"@id\":\"https:\\\/\\\/vitablanca.ma\\\/#website\"},\"primaryImageOfPage\":{\"@id\":\"https:\\\/\\\/vitablanca.ma\\\/produit\\\/a-derma-exomega-control-huile-lavante-emolliente-anti-grattage-200ml\\\/#primaryimage\"},\"image\":{\"@id\":\"https:\\\/\\\/vitablanca.ma\\\/produit\\\/a-derma-exomega-control-huile-lavante-emolliente-anti-grattage-200ml\\\/#primaryimage\"},\"thumbnailUrl\":\"https:\\\/\\\/vitablanca.ma\\\/wp-content\\\/uploads\\\/2025\\\/06\\\/aderma-exomega-control-huile-lavante-emolliente-200-ml-parapharmacie-prix-maroc1_74962c10-190c-4ea7-906a-0631b1bdc913.jpg\",\"datePublished\":\"2025-06-10T15:39:23+00:00\",\"dateModified\":\"2025-07-13T16:58:55+00:00\",\"description\":\"A-Derma EXOMEGA CONTROL Huile lavante \u00e9molliente anti-grattage 200ml\",\"breadcrumb\":{\"@id\":\"https:\\\/\\\/vitablanca.ma\\\/produit\\\/a-derma-exomega-control-huile-lavante-emolliente-anti-grattage-200ml\\\/#breadcrumb\"},\"inLanguage\":\"en-US\",\"potentialAction\":[{\"@type\":\"ReadAction\",\"target\":[\"https:\\\/\\\/vitablanca.ma\\\/produit\\\/a-derma-exomega-control-huile-lavante-emolliente-anti-grattage-200ml\\\/\"]}]},{\"@type\":\"ImageObject\",\"inLanguage\":\"en-US\",\"@id\":\"https:\\\/\\\/vitablanca.ma\\\/produit\\\/a-derma-exomega-control-huile-lavante-emolliente-anti-grattage-200ml\\\/#primaryimage\",\"url\":\"https:\\\/\\\/vitablanca.ma\\\/wp-content\\\/uploads\\\/2025\\\/06\\\/aderma-exomega-control-huile-lavante-emolliente-200-ml-parapharmacie-prix-maroc1_74962c10-190c-4ea7-906a-0631b1bdc913.jpg\",\"contentUrl\":\"https:\\\/\\\/vitablanca.ma\\\/wp-content\\\/uploads\\\/2025\\\/06\\\/aderma-exomega-control-huile-lavante-emolliente-200-ml-parapharmacie-prix-maroc1_74962c10-190c-4ea7-906a-0631b1bdc913.jpg\",\"width\":800,\"height\":800},{\"@type\":\"BreadcrumbList\",\"@id\":\"https:\\\/\\\/vitablanca.ma\\\/produit\\\/a-derma-exomega-control-huile-lavante-emolliente-anti-grattage-200ml\\\/#breadcrumb\",\"itemListElement\":[{\"@type\":\"ListItem\",\"position\":1,\"name\":\"Home\",\"item\":\"https:\\\/\\\/vitablanca.ma\\\/\"},{\"@type\":\"ListItem\",\"position\":2,\"name\":\"Tous Les Produits\",\"item\":\"https:\\\/\\\/vitablanca.ma\\\/tous-les-produits\\\/\"},{\"@type\":\"ListItem\",\"position\":3,\"name\":\"A-Derma EXOMEGA CONTROL Huile lavante \u00e9molliente anti-grattage 200ml\"}]},{\"@type\":\"WebSite\",\"@id\":\"https:\\\/\\\/vitablanca.ma\\\/#website\",\"url\":\"https:\\\/\\\/vitablanca.ma\\\/\",\"name\":\"VitaBlanca.ma | Compl\u00e9ments alimentaires, sant\u00e9 & beaut\u00e9 au Maroc\",\"description\":\"vendre vitamines et compl\u00e9ments premium des USA &amp; Canada, Nouvelle Z\u00e9lande,Maroc (NOW Foods, Solgar, Manuka). Livraison rapide partout au Maroc.\",\"publisher\":{\"@id\":\"https:\\\/\\\/vitablanca.ma\\\/#organization\"},\"alternateName\":\"VitaBlanca.ma\",\"potentialAction\":[{\"@type\":\"SearchAction\",\"target\":{\"@type\":\"EntryPoint\",\"urlTemplate\":\"https:\\\/\\\/vitablanca.ma\\\/?s={search_term_string}\"},\"query-input\":{\"@type\":\"PropertyValueSpecification\",\"valueRequired\":true,\"valueName\":\"search_term_string\"}}],\"inLanguage\":\"en-US\"},{\"@type\":\"Organization\",\"@id\":\"https:\\\/\\\/vitablanca.ma\\\/#organization\",\"name\":\"VitaBlanca\",\"url\":\"https:\\\/\\\/vitablanca.ma\\\/\",\"logo\":{\"@type\":\"ImageObject\",\"inLanguage\":\"en-US\",\"@id\":\"https:\\\/\\\/vitablanca.ma\\\/#\\\/schema\\\/logo\\\/image\\\/\",\"url\":\"https:\\\/\\\/vitablanca.ma\\\/wp-content\\\/uploads\\\/2025\\\/05\\\/cropped-vitablanca.png\",\"contentUrl\":\"https:\\\/\\\/vitablanca.ma\\\/wp-content\\\/uploads\\\/2025\\\/05\\\/cropped-vitablanca.png\",\"width\":360,\"height\":67,\"caption\":\"VitaBlanca\"},\"image\":{\"@id\":\"https:\\\/\\\/vitablanca.ma\\\/#\\\/schema\\\/logo\\\/image\\\/\"},\"sameAs\":[\"https:\\\/\\\/www.facebook.com\\\/profile.php?id=61576678196717\",\"https:\\\/\\\/www.tiktok.com\\\/@vitablanca.ma\",\"https:\\\/\\\/www.instagram.com\\\/vitablanca.ma\\\/\"]}]}<\/script>\n<!-- \/ Yoast SEO plugin. -->","yoast_head_json":{"title":"A-Derma EXOMEGA CONTROL Emollient Anti-Itch Cleansing Oil 200ml - Morocco Price","description":"A-Derma EXOMEGA CONTROL Anti-itching emollient cleansing oil 200ml","robots":{"index":"index","follow":"follow","max-snippet":"max-snippet:-1","max-image-preview":"max-image-preview:large","max-video-preview":"max-video-preview:-1"},"canonical":"https:\/\/vitablanca.ma\/en\/product\/a-derma-exomega-control-huile-lavante-emolliente-anti-grattage-200ml\/","og_locale":"en_US","og_type":"article","og_title":"A-Derma EXOMEGA CONTROL Huile lavante \u00e9molliente anti-grattage 200ml - Maroc Prix","og_description":"A-Derma EXOMEGA CONTROL Huile lavante \u00e9molliente anti-grattage 200ml","og_url":"https:\/\/vitablanca.ma\/en\/product\/a-derma-exomega-control-huile-lavante-emolliente-anti-grattage-200ml\/","og_site_name":"Vitablanca.ma &ndash; Sant&eacute;, vitalit&eacute; et bien-&ecirc;tre pour tous les Marocains","article_publisher":"https:\/\/www.facebook.com\/profile.php?id=61576678196717","article_modified_time":"2025-07-13T16:58:55+00:00","og_image":[{"width":800,"height":800,"url":"https:\/\/vitablanca.ma\/wp-content\/uploads\/2025\/06\/aderma-exomega-control-huile-lavante-emolliente-200-ml-parapharmacie-prix-maroc1_74962c10-190c-4ea7-906a-0631b1bdc913.jpg","type":"image\/jpeg"}],"twitter_card":"summary_large_image","twitter_misc":{"Est. reading time":"1 minute"},"schema":{"@context":"https:\/\/schema.org","@graph":[{"@type":["WebPage","ItemPage"],"@id":"https:\/\/vitablanca.ma\/produit\/a-derma-exomega-control-huile-lavante-emolliente-anti-grattage-200ml\/","url":"https:\/\/vitablanca.ma\/produit\/a-derma-exomega-control-huile-lavante-emolliente-anti-grattage-200ml\/","name":"A-Derma EXOMEGA CONTROL Emollient Anti-Itch Cleansing Oil 200ml - Morocco Price","isPartOf":{"@id":"https:\/\/vitablanca.ma\/#website"},"primaryImageOfPage":{"@id":"https:\/\/vitablanca.ma\/produit\/a-derma-exomega-control-huile-lavante-emolliente-anti-grattage-200ml\/#primaryimage"},"image":{"@id":"https:\/\/vitablanca.ma\/produit\/a-derma-exomega-control-huile-lavante-emolliente-anti-grattage-200ml\/#primaryimage"},"thumbnailUrl":"https:\/\/vitablanca.ma\/wp-content\/uploads\/2025\/06\/aderma-exomega-control-huile-lavante-emolliente-200-ml-parapharmacie-prix-maroc1_74962c10-190c-4ea7-906a-0631b1bdc913.jpg","datePublished":"2025-06-10T15:39:23+00:00","dateModified":"2025-07-13T16:58:55+00:00","description":"A-Derma EXOMEGA CONTROL Anti-itching emollient cleansing oil 200ml","breadcrumb":{"@id":"https:\/\/vitablanca.ma\/produit\/a-derma-exomega-control-huile-lavante-emolliente-anti-grattage-200ml\/#breadcrumb"},"inLanguage":"en-US","potentialAction":[{"@type":"ReadAction","target":["https:\/\/vitablanca.ma\/produit\/a-derma-exomega-control-huile-lavante-emolliente-anti-grattage-200ml\/"]}]},{"@type":"ImageObject","inLanguage":"en-US","@id":"https:\/\/vitablanca.ma\/produit\/a-derma-exomega-control-huile-lavante-emolliente-anti-grattage-200ml\/#primaryimage","url":"https:\/\/vitablanca.ma\/wp-content\/uploads\/2025\/06\/aderma-exomega-control-huile-lavante-emolliente-200-ml-parapharmacie-prix-maroc1_74962c10-190c-4ea7-906a-0631b1bdc913.jpg","contentUrl":"https:\/\/vitablanca.ma\/wp-content\/uploads\/2025\/06\/aderma-exomega-control-huile-lavante-emolliente-200-ml-parapharmacie-prix-maroc1_74962c10-190c-4ea7-906a-0631b1bdc913.jpg","width":800,"height":800},{"@type":"BreadcrumbList","@id":"https:\/\/vitablanca.ma\/produit\/a-derma-exomega-control-huile-lavante-emolliente-anti-grattage-200ml\/#breadcrumb","itemListElement":[{"@type":"ListItem","position":1,"name":"Home","item":"https:\/\/vitablanca.ma\/"},{"@type":"ListItem","position":2,"name":"Tous Les Produits","item":"https:\/\/vitablanca.ma\/tous-les-produits\/"},{"@type":"ListItem","position":3,"name":"A-Derma EXOMEGA CONTROL Huile lavante \u00e9molliente anti-grattage 200ml"}]},{"@type":"WebSite","@id":"https:\/\/vitablanca.ma\/#website","url":"https:\/\/vitablanca.ma\/","name":"VitaBlanca.ma | Food supplements, health &amp; beauty in Morocco","description":"sell premium vitamins and supplements from USA &amp; Canada, New Zealand, Morocco (NOW Foods, Solgar, Manuka). Fast delivery anywhere in Morocco.","publisher":{"@id":"https:\/\/vitablanca.ma\/#organization"},"alternateName":"VitaBlanca.ma","potentialAction":[{"@type":"SearchAction","target":{"@type":"EntryPoint","urlTemplate":"https:\/\/vitablanca.ma\/?s={search_term_string}"},"query-input":{"@type":"PropertyValueSpecification","valueRequired":true,"valueName":"search_term_string"}}],"inLanguage":"en-US"},{"@type":"Organization","@id":"https:\/\/vitablanca.ma\/#organization","name":"VitaBlanca","url":"https:\/\/vitablanca.ma\/","logo":{"@type":"ImageObject","inLanguage":"en-US","@id":"https:\/\/vitablanca.ma\/#\/schema\/logo\/image\/","url":"https:\/\/vitablanca.ma\/wp-content\/uploads\/2025\/05\/cropped-vitablanca.png","contentUrl":"https:\/\/vitablanca.ma\/wp-content\/uploads\/2025\/05\/cropped-vitablanca.png","width":360,"height":67,"caption":"VitaBlanca"},"image":{"@id":"https:\/\/vitablanca.ma\/#\/schema\/logo\/image\/"},"sameAs":["https:\/\/www.facebook.com\/profile.php?id=61576678196717","https:\/\/www.tiktok.com\/@vitablanca.ma","https:\/\/www.instagram.com\/vitablanca.ma\/"]}]}},"jetpack_sharing_enabled":true,"_links":{"self":[{"href":"https:\/\/vitablanca.ma\/en\/wp-json\/wp\/v2\/product\/14856","targetHints":{"allow":["GET"]}}],"collection":[{"href":"https:\/\/vitablanca.ma\/en\/wp-json\/wp\/v2\/product"}],"about":[{"href":"https:\/\/vitablanca.ma\/en\/wp-json\/wp\/v2\/types\/product"}],"wp:featuredmedia":[{"embeddable":true,"href":"https:\/\/vitablanca.ma\/en\/wp-json\/wp\/v2\/media\/14851"}],"wp:attachment":[{"href":"https:\/\/vitablanca.ma\/en\/wp-json\/wp\/v2\/media?parent=14856"}],"wp:term":[{"taxonomy":"product_brand","embeddable":true,"href":"https:\/\/vitablanca.ma\/en\/wp-json\/wp\/v2\/product_brand?post=14856"},{"taxonomy":"product_cat","embeddable":true,"href":"https:\/\/vitablanca.ma\/en\/wp-json\/wp\/v2\/product_cat?post=14856"},{"taxonomy":"product_tag","embeddable":true,"href":"https:\/\/vitablanca.ma\/en\/wp-json\/wp\/v2\/product_tag?post=14856"}],"curies":[{"name":"wp","href":"https:\/\/api.w.org\/{rel}","templated":true}]}}