{"id":14809,"date":"2025-06-10T15:37:39","date_gmt":"2025-06-10T15:37:39","guid":{"rendered":"https:\/\/vitablanca.ma\/product\/8882-creme-fond-de-teint-anti-bronzage-tres-haute-protection-opale-spf50-40ml\/"},"modified":"2025-07-13T16:48:23","modified_gmt":"2025-07-13T16:48:23","slug":"8882-creme-fond-de-teint-anti-bronzage-tres-haute-protection-opale-spf50-40ml","status":"publish","type":"product","link":"https:\/\/vitablanca.ma\/en\/product\/8882-creme-fond-de-teint-anti-bronzage-tres-haute-protection-opale-spf50-40ml\/","title":{"rendered":"8882 Very High Protection Anti-Tan Foundation Cream Opal SPF50+ 40ml"},"content":{"rendered":"<div data-mce-fragment=\"1\" class=\"_28v5p\" id=\"comp-ixvyz3ta\">\n<div data-mce-fragment=\"1\" class=\"\" data-testid=\"inline-content\" data-mesh-id=\"comp-ixvyz3tainlineContent\">\n<div data-mce-fragment=\"1\" data-testid=\"mesh-container-content\" data-mesh-id=\"comp-ixvyz3tainlineContent-gridContainer\">\n<div data-mce-fragment=\"1\" title=\"\" class=\"XUUsC\" id=\"comp-ktef2fr8\">\n<h2 data-mce-fragment=\"1\" class=\"xQ_iF\" data-testid=\"linkElement\">Cream 8882 Very High Protection Anti-Tan Foundation SPF 50+<\/h2>\n<div data-mce-fragment=\"1\" class=\"xQ_iF\" data-testid=\"linkElement\"><\/div>\n<\/div>\n<\/div>\n<\/div>\n<\/div>\n<div data-mce-fragment=\"1\" data-testid=\"richTextElement\" class=\"_1Q9if\" id=\"comp-ixvyzrwl\">\n<p data-mce-fragment=\"1\" class=\"font_7\">This SPF 50+ foundation is recommended as city makeup for forbidden skin<\/p>\n<p data-mce-fragment=\"1\" class=\"font_7\">sun (sun intolerance, recent scars, dermabrasion, peeling, etc.).<\/p>\n<p data-mce-fragment=\"1\" class=\"font_7\">It masks wrinkles and imperfections of the epidermis, gives an even and luminous complexion.<\/p>\n<p data-mce-fragment=\"1\" class=\"font_7\">Reduces actinic aging.<\/p>\n<p data-mce-fragment=\"1\" class=\"font_7\">This makeup cream is also very popular with customers who want to keep their skin clear.<\/p>\n<p data-mce-fragment=\"1\" class=\"font_7\"><strong>Available in three shades:<\/strong><\/p>\n<ul data-mce-fragment=\"1\" class=\"font_7\">\n<li data-mce-fragment=\"1\">\n<p data-mce-fragment=\"1\" class=\"font_7\"><strong>Lotus: <\/strong>white-pink for Asian skin types<\/p>\n<\/li>\n<li data-mce-fragment=\"1\">\n<p data-mce-fragment=\"1\" class=\"font_7\"><strong>Opal: <\/strong>pinkish-beige for blonde skin<\/p>\n<\/li>\n<li data-mce-fragment=\"1\">\n<p data-mce-fragment=\"1\" class=\"font_7\"><strong>Princess: <\/strong>golden for brunette skin<\/p>\n<\/li>\n<\/ul>\n<p data-mce-fragment=\"1\" class=\"font_7\"><strong>with the possibility of combining two of them to obtain a personalized shade.<\/strong><\/p>\n<p data-mce-fragment=\"1\" class=\"font_6\"><span style=\"color: #000000\"><strong>Directions for use:\u00a0<\/strong>Apply 8882 Very High Protection SPF 50+ Foundation to the face, neck and d\u00e9collet\u00e9 15 to 30 minutes before sun exposure.<\/span><\/p>\n<p data-mce-fragment=\"1\" class=\"font_8\"><strong>Renew the application regularly.<span data-mce-fragment=\"1\" class=\"wixGuard\">\u200b<\/span><\/strong><\/p>\n<p data-mce-fragment=\"1\" class=\"font_8\"><strong>Packaging:\u00a0<\/strong>40 ml polyfoil tube<\/p>\n<p data-mce-fragment=\"1\" class=\"font_8\">\u00a0<\/p>\n<\/div>","protected":false},"excerpt":{"rendered":"<p>Cr\u00e8me 8882 Fond de Teint Anti-bronzage Tr\u00e8s Haute Protection SPF 50+ Ce fond de teint SPF 50+ est recommand\u00e9 comme maquillage \u00e0 la ville pour les peaux interdites de soleil (intol\u00e9rance au soleil, cicatrices r\u00e9centes, dermabrasion, peeling etc&#8230;). Il masque les rides et imperfections de l&rsquo;\u00e9piderme, donne un teint unifi\u00e9 et lumineux. R\u00e9duit le vieillissement [&hellip;]<\/p>\n","protected":false},"featured_media":14807,"template":"","meta":{"om_disable_all_campaigns":false},"product_brand":[2788],"product_cat":[18,15],"product_tag":[3255,3253,3254],"class_list":{"0":"post-14809","1":"product","2":"type-product","3":"status-publish","4":"has-post-thumbnail","6":"product_brand-8882-prix-maroc","7":"product_cat-beaute-sante","8":"product_cat-beaute-sante-complements-alimentaires-soins-et-bien-etre-au-meilleur-prix","9":"product_tag-3255","10":"product_tag-8882-maroc","11":"product_tag-8882-morocco","13":"first","14":"instock","15":"sale","16":"taxable","17":"shipping-taxable","18":"purchasable","19":"product-type-simple"},"yoast_head":"<!-- This site is optimized with the Yoast SEO plugin v27.5 - https:\/\/yoast.com\/product\/yoast-seo-wordpress\/ -->\n<title>8882 Cr\u00e8me Fond de Teint Anti-bronzage Tr\u00e8s Haute Protection Opale SPF50+ 40ml - Maroc Prix<\/title>\n<meta name=\"description\" content=\"8882 Cr\u00e8me Fond de Teint Anti-bronzage Tr\u00e8s Haute Protection Opale SPF50+ 40ml\" \/>\n<meta name=\"robots\" content=\"index, follow, max-snippet:-1, max-image-preview:large, max-video-preview:-1\" \/>\n<link rel=\"canonical\" href=\"https:\/\/vitablanca.ma\/en\/product\/8882-creme-fond-de-teint-anti-bronzage-tres-haute-protection-opale-spf50-40ml\/\" \/>\n<meta property=\"og:locale\" content=\"en_US\" \/>\n<meta property=\"og:type\" content=\"article\" \/>\n<meta property=\"og:title\" content=\"8882 Cr\u00e8me Fond de Teint Anti-bronzage Tr\u00e8s Haute Protection Opale SPF50+ 40ml - Maroc Prix\" \/>\n<meta property=\"og:description\" content=\"8882 Cr\u00e8me Fond de Teint Anti-bronzage Tr\u00e8s Haute Protection Opale SPF50+ 40ml\" \/>\n<meta property=\"og:url\" content=\"https:\/\/vitablanca.ma\/en\/product\/8882-creme-fond-de-teint-anti-bronzage-tres-haute-protection-opale-spf50-40ml\/\" \/>\n<meta property=\"og:site_name\" content=\"Vitablanca.ma &ndash; Sant&eacute;, vitalit&eacute; et bien-&ecirc;tre pour tous les Marocains\" \/>\n<meta property=\"article:publisher\" content=\"https:\/\/www.facebook.com\/profile.php?id=61576678196717\" \/>\n<meta property=\"article:modified_time\" content=\"2025-07-13T16:48:23+00:00\" \/>\n<meta property=\"og:image\" content=\"https:\/\/vitablanca.ma\/wp-content\/uploads\/2025\/06\/Product-image.jpg\" \/>\n\t<meta property=\"og:image:width\" content=\"1000\" \/>\n\t<meta property=\"og:image:height\" content=\"1000\" \/>\n\t<meta property=\"og:image:type\" content=\"image\/jpeg\" \/>\n<meta name=\"twitter:card\" content=\"summary_large_image\" \/>\n<meta name=\"twitter:label1\" content=\"Est. reading time\" \/>\n\t<meta name=\"twitter:data1\" content=\"1 minute\" \/>\n<script type=\"application\/ld+json\" class=\"yoast-schema-graph\">{\"@context\":\"https:\\\/\\\/schema.org\",\"@graph\":[{\"@type\":[\"WebPage\",\"ItemPage\"],\"@id\":\"https:\\\/\\\/vitablanca.ma\\\/produit\\\/8882-creme-fond-de-teint-anti-bronzage-tres-haute-protection-opale-spf50-40ml\\\/\",\"url\":\"https:\\\/\\\/vitablanca.ma\\\/produit\\\/8882-creme-fond-de-teint-anti-bronzage-tres-haute-protection-opale-spf50-40ml\\\/\",\"name\":\"8882 Cr\u00e8me Fond de Teint Anti-bronzage Tr\u00e8s Haute Protection Opale SPF50+ 40ml - Maroc Prix\",\"isPartOf\":{\"@id\":\"https:\\\/\\\/vitablanca.ma\\\/#website\"},\"primaryImageOfPage\":{\"@id\":\"https:\\\/\\\/vitablanca.ma\\\/produit\\\/8882-creme-fond-de-teint-anti-bronzage-tres-haute-protection-opale-spf50-40ml\\\/#primaryimage\"},\"image\":{\"@id\":\"https:\\\/\\\/vitablanca.ma\\\/produit\\\/8882-creme-fond-de-teint-anti-bronzage-tres-haute-protection-opale-spf50-40ml\\\/#primaryimage\"},\"thumbnailUrl\":\"https:\\\/\\\/vitablanca.ma\\\/wp-content\\\/uploads\\\/2025\\\/06\\\/Product-image.jpg\",\"datePublished\":\"2025-06-10T15:37:39+00:00\",\"dateModified\":\"2025-07-13T16:48:23+00:00\",\"description\":\"8882 Cr\u00e8me Fond de Teint Anti-bronzage Tr\u00e8s Haute Protection Opale SPF50+ 40ml\",\"breadcrumb\":{\"@id\":\"https:\\\/\\\/vitablanca.ma\\\/produit\\\/8882-creme-fond-de-teint-anti-bronzage-tres-haute-protection-opale-spf50-40ml\\\/#breadcrumb\"},\"inLanguage\":\"en-US\",\"potentialAction\":[{\"@type\":\"ReadAction\",\"target\":[\"https:\\\/\\\/vitablanca.ma\\\/produit\\\/8882-creme-fond-de-teint-anti-bronzage-tres-haute-protection-opale-spf50-40ml\\\/\"]}]},{\"@type\":\"ImageObject\",\"inLanguage\":\"en-US\",\"@id\":\"https:\\\/\\\/vitablanca.ma\\\/produit\\\/8882-creme-fond-de-teint-anti-bronzage-tres-haute-protection-opale-spf50-40ml\\\/#primaryimage\",\"url\":\"https:\\\/\\\/vitablanca.ma\\\/wp-content\\\/uploads\\\/2025\\\/06\\\/Product-image.jpg\",\"contentUrl\":\"https:\\\/\\\/vitablanca.ma\\\/wp-content\\\/uploads\\\/2025\\\/06\\\/Product-image.jpg\",\"width\":1000,\"height\":1000},{\"@type\":\"BreadcrumbList\",\"@id\":\"https:\\\/\\\/vitablanca.ma\\\/produit\\\/8882-creme-fond-de-teint-anti-bronzage-tres-haute-protection-opale-spf50-40ml\\\/#breadcrumb\",\"itemListElement\":[{\"@type\":\"ListItem\",\"position\":1,\"name\":\"Home\",\"item\":\"https:\\\/\\\/vitablanca.ma\\\/\"},{\"@type\":\"ListItem\",\"position\":2,\"name\":\"Tous Les Produits\",\"item\":\"https:\\\/\\\/vitablanca.ma\\\/tous-les-produits\\\/\"},{\"@type\":\"ListItem\",\"position\":3,\"name\":\"8882 Cr\u00e8me Fond de Teint Anti-bronzage Tr\u00e8s Haute Protection Opale SPF50+ 40ml\"}]},{\"@type\":\"WebSite\",\"@id\":\"https:\\\/\\\/vitablanca.ma\\\/#website\",\"url\":\"https:\\\/\\\/vitablanca.ma\\\/\",\"name\":\"VitaBlanca.ma | Compl\u00e9ments alimentaires, sant\u00e9 & beaut\u00e9 au Maroc\",\"description\":\"vendre vitamines et compl\u00e9ments premium des USA &amp; Canada, Nouvelle Z\u00e9lande,Maroc (NOW Foods, Solgar, Manuka). Livraison rapide partout au Maroc.\",\"publisher\":{\"@id\":\"https:\\\/\\\/vitablanca.ma\\\/#organization\"},\"alternateName\":\"VitaBlanca.ma\",\"potentialAction\":[{\"@type\":\"SearchAction\",\"target\":{\"@type\":\"EntryPoint\",\"urlTemplate\":\"https:\\\/\\\/vitablanca.ma\\\/?s={search_term_string}\"},\"query-input\":{\"@type\":\"PropertyValueSpecification\",\"valueRequired\":true,\"valueName\":\"search_term_string\"}}],\"inLanguage\":\"en-US\"},{\"@type\":\"Organization\",\"@id\":\"https:\\\/\\\/vitablanca.ma\\\/#organization\",\"name\":\"VitaBlanca\",\"url\":\"https:\\\/\\\/vitablanca.ma\\\/\",\"logo\":{\"@type\":\"ImageObject\",\"inLanguage\":\"en-US\",\"@id\":\"https:\\\/\\\/vitablanca.ma\\\/#\\\/schema\\\/logo\\\/image\\\/\",\"url\":\"https:\\\/\\\/vitablanca.ma\\\/wp-content\\\/uploads\\\/2025\\\/05\\\/cropped-vitablanca.png\",\"contentUrl\":\"https:\\\/\\\/vitablanca.ma\\\/wp-content\\\/uploads\\\/2025\\\/05\\\/cropped-vitablanca.png\",\"width\":360,\"height\":67,\"caption\":\"VitaBlanca\"},\"image\":{\"@id\":\"https:\\\/\\\/vitablanca.ma\\\/#\\\/schema\\\/logo\\\/image\\\/\"},\"sameAs\":[\"https:\\\/\\\/www.facebook.com\\\/profile.php?id=61576678196717\",\"https:\\\/\\\/www.tiktok.com\\\/@vitablanca.ma\",\"https:\\\/\\\/www.instagram.com\\\/vitablanca.ma\\\/\"]}]}<\/script>\n<!-- \/ Yoast SEO plugin. -->","yoast_head_json":{"title":"8882 Very High Protection Anti-Tan Foundation Cream Opal SPF50+ 40ml - Morocco Price","description":"8882 Very High Protection Anti-Tan Foundation Cream Opal SPF50+ 40ml","robots":{"index":"index","follow":"follow","max-snippet":"max-snippet:-1","max-image-preview":"max-image-preview:large","max-video-preview":"max-video-preview:-1"},"canonical":"https:\/\/vitablanca.ma\/en\/product\/8882-creme-fond-de-teint-anti-bronzage-tres-haute-protection-opale-spf50-40ml\/","og_locale":"en_US","og_type":"article","og_title":"8882 Cr\u00e8me Fond de Teint Anti-bronzage Tr\u00e8s Haute Protection Opale SPF50+ 40ml - Maroc Prix","og_description":"8882 Cr\u00e8me Fond de Teint Anti-bronzage Tr\u00e8s Haute Protection Opale SPF50+ 40ml","og_url":"https:\/\/vitablanca.ma\/en\/product\/8882-creme-fond-de-teint-anti-bronzage-tres-haute-protection-opale-spf50-40ml\/","og_site_name":"Vitablanca.ma &ndash; Sant&eacute;, vitalit&eacute; et bien-&ecirc;tre pour tous les Marocains","article_publisher":"https:\/\/www.facebook.com\/profile.php?id=61576678196717","article_modified_time":"2025-07-13T16:48:23+00:00","og_image":[{"width":1000,"height":1000,"url":"https:\/\/vitablanca.ma\/wp-content\/uploads\/2025\/06\/Product-image.jpg","type":"image\/jpeg"}],"twitter_card":"summary_large_image","twitter_misc":{"Est. reading time":"1 minute"},"schema":{"@context":"https:\/\/schema.org","@graph":[{"@type":["WebPage","ItemPage"],"@id":"https:\/\/vitablanca.ma\/produit\/8882-creme-fond-de-teint-anti-bronzage-tres-haute-protection-opale-spf50-40ml\/","url":"https:\/\/vitablanca.ma\/produit\/8882-creme-fond-de-teint-anti-bronzage-tres-haute-protection-opale-spf50-40ml\/","name":"8882 Very High Protection Anti-Tan Foundation Cream Opal SPF50+ 40ml - Morocco Price","isPartOf":{"@id":"https:\/\/vitablanca.ma\/#website"},"primaryImageOfPage":{"@id":"https:\/\/vitablanca.ma\/produit\/8882-creme-fond-de-teint-anti-bronzage-tres-haute-protection-opale-spf50-40ml\/#primaryimage"},"image":{"@id":"https:\/\/vitablanca.ma\/produit\/8882-creme-fond-de-teint-anti-bronzage-tres-haute-protection-opale-spf50-40ml\/#primaryimage"},"thumbnailUrl":"https:\/\/vitablanca.ma\/wp-content\/uploads\/2025\/06\/Product-image.jpg","datePublished":"2025-06-10T15:37:39+00:00","dateModified":"2025-07-13T16:48:23+00:00","description":"8882 Very High Protection Anti-Tan Foundation Cream Opal SPF50+ 40ml","breadcrumb":{"@id":"https:\/\/vitablanca.ma\/produit\/8882-creme-fond-de-teint-anti-bronzage-tres-haute-protection-opale-spf50-40ml\/#breadcrumb"},"inLanguage":"en-US","potentialAction":[{"@type":"ReadAction","target":["https:\/\/vitablanca.ma\/produit\/8882-creme-fond-de-teint-anti-bronzage-tres-haute-protection-opale-spf50-40ml\/"]}]},{"@type":"ImageObject","inLanguage":"en-US","@id":"https:\/\/vitablanca.ma\/produit\/8882-creme-fond-de-teint-anti-bronzage-tres-haute-protection-opale-spf50-40ml\/#primaryimage","url":"https:\/\/vitablanca.ma\/wp-content\/uploads\/2025\/06\/Product-image.jpg","contentUrl":"https:\/\/vitablanca.ma\/wp-content\/uploads\/2025\/06\/Product-image.jpg","width":1000,"height":1000},{"@type":"BreadcrumbList","@id":"https:\/\/vitablanca.ma\/produit\/8882-creme-fond-de-teint-anti-bronzage-tres-haute-protection-opale-spf50-40ml\/#breadcrumb","itemListElement":[{"@type":"ListItem","position":1,"name":"Home","item":"https:\/\/vitablanca.ma\/"},{"@type":"ListItem","position":2,"name":"Tous Les Produits","item":"https:\/\/vitablanca.ma\/tous-les-produits\/"},{"@type":"ListItem","position":3,"name":"8882 Cr\u00e8me Fond de Teint Anti-bronzage Tr\u00e8s Haute Protection Opale SPF50+ 40ml"}]},{"@type":"WebSite","@id":"https:\/\/vitablanca.ma\/#website","url":"https:\/\/vitablanca.ma\/","name":"VitaBlanca.ma | Food supplements, health &amp; beauty in Morocco","description":"sell premium vitamins and supplements from USA &amp; Canada, New Zealand, Morocco (NOW Foods, Solgar, Manuka). Fast delivery anywhere in Morocco.","publisher":{"@id":"https:\/\/vitablanca.ma\/#organization"},"alternateName":"VitaBlanca.ma","potentialAction":[{"@type":"SearchAction","target":{"@type":"EntryPoint","urlTemplate":"https:\/\/vitablanca.ma\/?s={search_term_string}"},"query-input":{"@type":"PropertyValueSpecification","valueRequired":true,"valueName":"search_term_string"}}],"inLanguage":"en-US"},{"@type":"Organization","@id":"https:\/\/vitablanca.ma\/#organization","name":"VitaBlanca","url":"https:\/\/vitablanca.ma\/","logo":{"@type":"ImageObject","inLanguage":"en-US","@id":"https:\/\/vitablanca.ma\/#\/schema\/logo\/image\/","url":"https:\/\/vitablanca.ma\/wp-content\/uploads\/2025\/05\/cropped-vitablanca.png","contentUrl":"https:\/\/vitablanca.ma\/wp-content\/uploads\/2025\/05\/cropped-vitablanca.png","width":360,"height":67,"caption":"VitaBlanca"},"image":{"@id":"https:\/\/vitablanca.ma\/#\/schema\/logo\/image\/"},"sameAs":["https:\/\/www.facebook.com\/profile.php?id=61576678196717","https:\/\/www.tiktok.com\/@vitablanca.ma","https:\/\/www.instagram.com\/vitablanca.ma\/"]}]}},"jetpack_sharing_enabled":true,"_links":{"self":[{"href":"https:\/\/vitablanca.ma\/en\/wp-json\/wp\/v2\/product\/14809","targetHints":{"allow":["GET"]}}],"collection":[{"href":"https:\/\/vitablanca.ma\/en\/wp-json\/wp\/v2\/product"}],"about":[{"href":"https:\/\/vitablanca.ma\/en\/wp-json\/wp\/v2\/types\/product"}],"wp:featuredmedia":[{"embeddable":true,"href":"https:\/\/vitablanca.ma\/en\/wp-json\/wp\/v2\/media\/14807"}],"wp:attachment":[{"href":"https:\/\/vitablanca.ma\/en\/wp-json\/wp\/v2\/media?parent=14809"}],"wp:term":[{"taxonomy":"product_brand","embeddable":true,"href":"https:\/\/vitablanca.ma\/en\/wp-json\/wp\/v2\/product_brand?post=14809"},{"taxonomy":"product_cat","embeddable":true,"href":"https:\/\/vitablanca.ma\/en\/wp-json\/wp\/v2\/product_cat?post=14809"},{"taxonomy":"product_tag","embeddable":true,"href":"https:\/\/vitablanca.ma\/en\/wp-json\/wp\/v2\/product_tag?post=14809"}],"curies":[{"name":"wp","href":"https:\/\/api.w.org\/{rel}","templated":true}]}}