{"id":14781,"date":"2025-06-08T22:15:52","date_gmt":"2025-06-08T22:15:52","guid":{"rendered":"https:\/\/vitablanca.ma\/?post_type=product&#038;p=14781"},"modified":"2025-12-01T19:35:57","modified_gmt":"2025-12-01T19:35:57","slug":"manuka-health-pastilles-au-miel-de-manuka-cassis-mgo-400-15-pastilles","status":"publish","type":"product","link":"https:\/\/vitablanca.ma\/en\/product\/manuka-health-pastilles-au-miel-de-manuka-cassis-mgo-400-15-pastilles\/","title":{"rendered":"Manuka Health Manuka Honey Pastilles, Blackcurrant, MGO 400+, 15 pastilles."},"content":{"rendered":"<p><a href=\"https:\/\/www.jumia.ma\/customer\/account\/login\/?tkWl=MA055DV1HBRGLNAFAMZ-29554725&return=%2Fpastilles-au-miel-de-manuka-cassis-mgo-400-15-pastilles.-manuka-health-mpg934364.html\"><\/a><\/p>\n\n\n\n<p>These delicious soothing lozenges help calm and soothe a dry, itchy throat, providing instant relief that lasts. They combine the goodness of premium New Zealand Manuka honey with the fresh fruity taste of blackcurrant and an extra boost of vitamin C.<\/p>\n\n\n\n<p>Made with our high quality MGO400 + Manuka Honey, certified for natural methylglyoxal content\u00a0<\/p>","protected":false},"excerpt":{"rendered":"<ul>\n<li>With natural blackcurrant flavor<\/li>\n<li>Soothing relief for a dry, irritated throat<\/li>\n<li>Boosted with vitamin C<\/li>\n<li>100% Natural Ingredients<\/li>\n<li>Food supplement<\/li>\n<li>No artificial flavors or colors<\/li>\n<li>Gluten free<\/li>\n<li>Nut-free<\/li>\n<li>Suitable for vegetarians<\/li>\n<\/ul>","protected":false},"featured_media":14783,"template":"","meta":{"om_disable_all_campaigns":false},"product_brand":[234],"product_cat":[18,2493],"product_tag":[235,784,2496,2505,117,2504,2498],"class_list":{"0":"post-14781","1":"product","2":"type-product","3":"status-publish","4":"has-post-thumbnail","6":"product_brand-manuka-health-maroc-prix","7":"product_cat-beaute-sante","8":"product_cat-miel-de-manuka","9":"product_tag-manuka-health","10":"product_tag-manuka-health-maroc","11":"product_tag-maux-de-gorge-maroc","12":"product_tag-mgo-400-maroc","13":"product_tag-miel-manuka-maroc","14":"product_tag-pastilles-miel-manuka-cassis-maroc","15":"product_tag-remede-naturel-maroc","17":"first","18":"instock","19":"sale","20":"taxable","21":"shipping-taxable","22":"purchasable","23":"product-type-simple"},"yoast_head":"<!-- This site is optimized with the Yoast SEO plugin v27.5 - https:\/\/yoast.com\/product\/yoast-seo-wordpress\/ -->\n<title>Miel de Manuka Health \u2013 Pastilles MGO 400+ pastilles - Prix Maroc<\/title>\n<meta name=\"description\" content=\"Pastilles Manuka MGO 400+\u2013 Adoucissent la gorge naturellement. Produit original. Livraison au Maroc.\" \/>\n<meta name=\"robots\" content=\"index, follow, max-snippet:-1, max-image-preview:large, max-video-preview:-1\" \/>\n<link rel=\"canonical\" href=\"https:\/\/vitablanca.ma\/en\/product\/manuka-health-pastilles-au-miel-de-manuka-cassis-mgo-400-15-pastilles\/\" \/>\n<meta property=\"og:locale\" content=\"en_US\" \/>\n<meta property=\"og:type\" content=\"article\" \/>\n<meta property=\"og:title\" content=\"Miel de Manuka Health \u2013 Pastilles MGO 400+ pastilles - Prix Maroc\" \/>\n<meta property=\"og:description\" content=\"Pastilles Manuka MGO 400+\u2013 Adoucissent la gorge naturellement. Produit original. Livraison au Maroc.\" \/>\n<meta property=\"og:url\" content=\"https:\/\/vitablanca.ma\/en\/product\/manuka-health-pastilles-au-miel-de-manuka-cassis-mgo-400-15-pastilles\/\" \/>\n<meta property=\"og:site_name\" content=\"Vitablanca.ma &ndash; Sant&eacute;, vitalit&eacute; et bien-&ecirc;tre pour tous les Marocains\" \/>\n<meta property=\"article:publisher\" content=\"https:\/\/www.facebook.com\/profile.php?id=61576678196717\" \/>\n<meta property=\"article:modified_time\" content=\"2025-12-01T19:35:57+00:00\" \/>\n<meta property=\"og:image\" content=\"https:\/\/vitablanca.ma\/wp-content\/uploads\/2025\/06\/pastilles-au-miel-de-manuka-cassis-mgo-400-15-pastilles.-manuka-health.jpg\" \/>\n\t<meta property=\"og:image:width\" content=\"680\" \/>\n\t<meta property=\"og:image:height\" content=\"680\" \/>\n\t<meta property=\"og:image:type\" content=\"image\/jpeg\" \/>\n<meta name=\"twitter:card\" content=\"summary_large_image\" \/>\n<meta name=\"twitter:label1\" content=\"Est. reading time\" \/>\n\t<meta name=\"twitter:data1\" content=\"1 minute\" \/>\n<script type=\"application\/ld+json\" class=\"yoast-schema-graph\">{\"@context\":\"https:\\\/\\\/schema.org\",\"@graph\":[{\"@type\":[\"WebPage\",\"ItemPage\"],\"@id\":\"https:\\\/\\\/vitablanca.ma\\\/produit\\\/manuka-health-pastilles-au-miel-de-manuka-cassis-mgo-400-15-pastilles\\\/\",\"url\":\"https:\\\/\\\/vitablanca.ma\\\/produit\\\/manuka-health-pastilles-au-miel-de-manuka-cassis-mgo-400-15-pastilles\\\/\",\"name\":\"Miel de Manuka Health \u2013 Pastilles MGO 400+ pastilles - Prix Maroc\",\"isPartOf\":{\"@id\":\"https:\\\/\\\/vitablanca.ma\\\/#website\"},\"primaryImageOfPage\":{\"@id\":\"https:\\\/\\\/vitablanca.ma\\\/produit\\\/manuka-health-pastilles-au-miel-de-manuka-cassis-mgo-400-15-pastilles\\\/#primaryimage\"},\"image\":{\"@id\":\"https:\\\/\\\/vitablanca.ma\\\/produit\\\/manuka-health-pastilles-au-miel-de-manuka-cassis-mgo-400-15-pastilles\\\/#primaryimage\"},\"thumbnailUrl\":\"https:\\\/\\\/vitablanca.ma\\\/wp-content\\\/uploads\\\/2025\\\/06\\\/pastilles-au-miel-de-manuka-cassis-mgo-400-15-pastilles.-manuka-health.jpg\",\"datePublished\":\"2025-06-08T22:15:52+00:00\",\"dateModified\":\"2025-12-01T19:35:57+00:00\",\"description\":\"Pastilles Manuka MGO 400+\u2013 Adoucissent la gorge naturellement. Produit original. Livraison au Maroc.\",\"breadcrumb\":{\"@id\":\"https:\\\/\\\/vitablanca.ma\\\/produit\\\/manuka-health-pastilles-au-miel-de-manuka-cassis-mgo-400-15-pastilles\\\/#breadcrumb\"},\"inLanguage\":\"en-US\",\"potentialAction\":[{\"@type\":\"ReadAction\",\"target\":[\"https:\\\/\\\/vitablanca.ma\\\/produit\\\/manuka-health-pastilles-au-miel-de-manuka-cassis-mgo-400-15-pastilles\\\/\"]}]},{\"@type\":\"ImageObject\",\"inLanguage\":\"en-US\",\"@id\":\"https:\\\/\\\/vitablanca.ma\\\/produit\\\/manuka-health-pastilles-au-miel-de-manuka-cassis-mgo-400-15-pastilles\\\/#primaryimage\",\"url\":\"https:\\\/\\\/vitablanca.ma\\\/wp-content\\\/uploads\\\/2025\\\/06\\\/pastilles-au-miel-de-manuka-cassis-mgo-400-15-pastilles.-manuka-health.jpg\",\"contentUrl\":\"https:\\\/\\\/vitablanca.ma\\\/wp-content\\\/uploads\\\/2025\\\/06\\\/pastilles-au-miel-de-manuka-cassis-mgo-400-15-pastilles.-manuka-health.jpg\",\"width\":680,\"height\":680},{\"@type\":\"BreadcrumbList\",\"@id\":\"https:\\\/\\\/vitablanca.ma\\\/produit\\\/manuka-health-pastilles-au-miel-de-manuka-cassis-mgo-400-15-pastilles\\\/#breadcrumb\",\"itemListElement\":[{\"@type\":\"ListItem\",\"position\":1,\"name\":\"Home\",\"item\":\"https:\\\/\\\/vitablanca.ma\\\/\"},{\"@type\":\"ListItem\",\"position\":2,\"name\":\"Tous Les Produits\",\"item\":\"https:\\\/\\\/vitablanca.ma\\\/tous-les-produits\\\/\"},{\"@type\":\"ListItem\",\"position\":3,\"name\":\"Manuka Health Pastilles au Miel de Manuka, Cassis, MGO 400+, 15 pastilles.\"}]},{\"@type\":\"WebSite\",\"@id\":\"https:\\\/\\\/vitablanca.ma\\\/#website\",\"url\":\"https:\\\/\\\/vitablanca.ma\\\/\",\"name\":\"VitaBlanca.ma | Compl\u00e9ments alimentaires, sant\u00e9 & beaut\u00e9 au Maroc\",\"description\":\"vendre vitamines et compl\u00e9ments premium des USA &amp; Canada, Nouvelle Z\u00e9lande,Maroc (NOW Foods, Solgar, Manuka). Livraison rapide partout au Maroc.\",\"publisher\":{\"@id\":\"https:\\\/\\\/vitablanca.ma\\\/#organization\"},\"alternateName\":\"VitaBlanca.ma\",\"potentialAction\":[{\"@type\":\"SearchAction\",\"target\":{\"@type\":\"EntryPoint\",\"urlTemplate\":\"https:\\\/\\\/vitablanca.ma\\\/?s={search_term_string}\"},\"query-input\":{\"@type\":\"PropertyValueSpecification\",\"valueRequired\":true,\"valueName\":\"search_term_string\"}}],\"inLanguage\":\"en-US\"},{\"@type\":\"Organization\",\"@id\":\"https:\\\/\\\/vitablanca.ma\\\/#organization\",\"name\":\"VitaBlanca\",\"url\":\"https:\\\/\\\/vitablanca.ma\\\/\",\"logo\":{\"@type\":\"ImageObject\",\"inLanguage\":\"en-US\",\"@id\":\"https:\\\/\\\/vitablanca.ma\\\/#\\\/schema\\\/logo\\\/image\\\/\",\"url\":\"https:\\\/\\\/vitablanca.ma\\\/wp-content\\\/uploads\\\/2025\\\/05\\\/cropped-vitablanca.png\",\"contentUrl\":\"https:\\\/\\\/vitablanca.ma\\\/wp-content\\\/uploads\\\/2025\\\/05\\\/cropped-vitablanca.png\",\"width\":360,\"height\":67,\"caption\":\"VitaBlanca\"},\"image\":{\"@id\":\"https:\\\/\\\/vitablanca.ma\\\/#\\\/schema\\\/logo\\\/image\\\/\"},\"sameAs\":[\"https:\\\/\\\/www.facebook.com\\\/profile.php?id=61576678196717\",\"https:\\\/\\\/www.tiktok.com\\\/@vitablanca.ma\",\"https:\\\/\\\/www.instagram.com\\\/vitablanca.ma\\\/\"]}]}<\/script>\n<!-- \/ Yoast SEO plugin. -->","yoast_head_json":{"title":"Manuka Health Honey - MGO 400+ Lozenges - Price in Morocco","description":"Manuka Lozenges MGO 400+ \u2013 Naturally soothe your throat. Original product. Delivered to Morocco.","robots":{"index":"index","follow":"follow","max-snippet":"max-snippet:-1","max-image-preview":"max-image-preview:large","max-video-preview":"max-video-preview:-1"},"canonical":"https:\/\/vitablanca.ma\/en\/product\/manuka-health-pastilles-au-miel-de-manuka-cassis-mgo-400-15-pastilles\/","og_locale":"en_US","og_type":"article","og_title":"Miel de Manuka Health \u2013 Pastilles MGO 400+ pastilles - Prix Maroc","og_description":"Pastilles Manuka MGO 400+\u2013 Adoucissent la gorge naturellement. Produit original. Livraison au Maroc.","og_url":"https:\/\/vitablanca.ma\/en\/product\/manuka-health-pastilles-au-miel-de-manuka-cassis-mgo-400-15-pastilles\/","og_site_name":"Vitablanca.ma &ndash; Sant&eacute;, vitalit&eacute; et bien-&ecirc;tre pour tous les Marocains","article_publisher":"https:\/\/www.facebook.com\/profile.php?id=61576678196717","article_modified_time":"2025-12-01T19:35:57+00:00","og_image":[{"width":680,"height":680,"url":"https:\/\/vitablanca.ma\/wp-content\/uploads\/2025\/06\/pastilles-au-miel-de-manuka-cassis-mgo-400-15-pastilles.-manuka-health.jpg","type":"image\/jpeg"}],"twitter_card":"summary_large_image","twitter_misc":{"Est. reading time":"1 minute"},"schema":{"@context":"https:\/\/schema.org","@graph":[{"@type":["WebPage","ItemPage"],"@id":"https:\/\/vitablanca.ma\/produit\/manuka-health-pastilles-au-miel-de-manuka-cassis-mgo-400-15-pastilles\/","url":"https:\/\/vitablanca.ma\/produit\/manuka-health-pastilles-au-miel-de-manuka-cassis-mgo-400-15-pastilles\/","name":"Manuka Health Honey - MGO 400+ Lozenges - Price in Morocco","isPartOf":{"@id":"https:\/\/vitablanca.ma\/#website"},"primaryImageOfPage":{"@id":"https:\/\/vitablanca.ma\/produit\/manuka-health-pastilles-au-miel-de-manuka-cassis-mgo-400-15-pastilles\/#primaryimage"},"image":{"@id":"https:\/\/vitablanca.ma\/produit\/manuka-health-pastilles-au-miel-de-manuka-cassis-mgo-400-15-pastilles\/#primaryimage"},"thumbnailUrl":"https:\/\/vitablanca.ma\/wp-content\/uploads\/2025\/06\/pastilles-au-miel-de-manuka-cassis-mgo-400-15-pastilles.-manuka-health.jpg","datePublished":"2025-06-08T22:15:52+00:00","dateModified":"2025-12-01T19:35:57+00:00","description":"Manuka Lozenges MGO 400+ \u2013 Naturally soothe your throat. Original product. Delivered to Morocco.","breadcrumb":{"@id":"https:\/\/vitablanca.ma\/produit\/manuka-health-pastilles-au-miel-de-manuka-cassis-mgo-400-15-pastilles\/#breadcrumb"},"inLanguage":"en-US","potentialAction":[{"@type":"ReadAction","target":["https:\/\/vitablanca.ma\/produit\/manuka-health-pastilles-au-miel-de-manuka-cassis-mgo-400-15-pastilles\/"]}]},{"@type":"ImageObject","inLanguage":"en-US","@id":"https:\/\/vitablanca.ma\/produit\/manuka-health-pastilles-au-miel-de-manuka-cassis-mgo-400-15-pastilles\/#primaryimage","url":"https:\/\/vitablanca.ma\/wp-content\/uploads\/2025\/06\/pastilles-au-miel-de-manuka-cassis-mgo-400-15-pastilles.-manuka-health.jpg","contentUrl":"https:\/\/vitablanca.ma\/wp-content\/uploads\/2025\/06\/pastilles-au-miel-de-manuka-cassis-mgo-400-15-pastilles.-manuka-health.jpg","width":680,"height":680},{"@type":"BreadcrumbList","@id":"https:\/\/vitablanca.ma\/produit\/manuka-health-pastilles-au-miel-de-manuka-cassis-mgo-400-15-pastilles\/#breadcrumb","itemListElement":[{"@type":"ListItem","position":1,"name":"Home","item":"https:\/\/vitablanca.ma\/"},{"@type":"ListItem","position":2,"name":"Tous Les Produits","item":"https:\/\/vitablanca.ma\/tous-les-produits\/"},{"@type":"ListItem","position":3,"name":"Manuka Health Pastilles au Miel de Manuka, Cassis, MGO 400+, 15 pastilles."}]},{"@type":"WebSite","@id":"https:\/\/vitablanca.ma\/#website","url":"https:\/\/vitablanca.ma\/","name":"VitaBlanca.ma | Food supplements, health &amp; beauty in Morocco","description":"sell premium vitamins and supplements from USA &amp; Canada, New Zealand, Morocco (NOW Foods, Solgar, Manuka). Fast delivery anywhere in Morocco.","publisher":{"@id":"https:\/\/vitablanca.ma\/#organization"},"alternateName":"VitaBlanca.ma","potentialAction":[{"@type":"SearchAction","target":{"@type":"EntryPoint","urlTemplate":"https:\/\/vitablanca.ma\/?s={search_term_string}"},"query-input":{"@type":"PropertyValueSpecification","valueRequired":true,"valueName":"search_term_string"}}],"inLanguage":"en-US"},{"@type":"Organization","@id":"https:\/\/vitablanca.ma\/#organization","name":"VitaBlanca","url":"https:\/\/vitablanca.ma\/","logo":{"@type":"ImageObject","inLanguage":"en-US","@id":"https:\/\/vitablanca.ma\/#\/schema\/logo\/image\/","url":"https:\/\/vitablanca.ma\/wp-content\/uploads\/2025\/05\/cropped-vitablanca.png","contentUrl":"https:\/\/vitablanca.ma\/wp-content\/uploads\/2025\/05\/cropped-vitablanca.png","width":360,"height":67,"caption":"VitaBlanca"},"image":{"@id":"https:\/\/vitablanca.ma\/#\/schema\/logo\/image\/"},"sameAs":["https:\/\/www.facebook.com\/profile.php?id=61576678196717","https:\/\/www.tiktok.com\/@vitablanca.ma","https:\/\/www.instagram.com\/vitablanca.ma\/"]}]}},"jetpack_sharing_enabled":true,"_links":{"self":[{"href":"https:\/\/vitablanca.ma\/en\/wp-json\/wp\/v2\/product\/14781","targetHints":{"allow":["GET"]}}],"collection":[{"href":"https:\/\/vitablanca.ma\/en\/wp-json\/wp\/v2\/product"}],"about":[{"href":"https:\/\/vitablanca.ma\/en\/wp-json\/wp\/v2\/types\/product"}],"wp:featuredmedia":[{"embeddable":true,"href":"https:\/\/vitablanca.ma\/en\/wp-json\/wp\/v2\/media\/14783"}],"wp:attachment":[{"href":"https:\/\/vitablanca.ma\/en\/wp-json\/wp\/v2\/media?parent=14781"}],"wp:term":[{"taxonomy":"product_brand","embeddable":true,"href":"https:\/\/vitablanca.ma\/en\/wp-json\/wp\/v2\/product_brand?post=14781"},{"taxonomy":"product_cat","embeddable":true,"href":"https:\/\/vitablanca.ma\/en\/wp-json\/wp\/v2\/product_cat?post=14781"},{"taxonomy":"product_tag","embeddable":true,"href":"https:\/\/vitablanca.ma\/en\/wp-json\/wp\/v2\/product_tag?post=14781"}],"curies":[{"name":"wp","href":"https:\/\/api.w.org\/{rel}","templated":true}]}}