{"id":14771,"date":"2025-06-08T21:46:35","date_gmt":"2025-06-08T21:46:35","guid":{"rendered":"https:\/\/vitablanca.ma\/?post_type=product&#038;p=14771"},"modified":"2025-12-01T19:35:48","modified_gmt":"2025-12-01T19:35:48","slug":"manuka-health-pastilles-au-miel-de-manuka-mgo-400-gingembre-et-citron-15-pastilles-maroc","status":"publish","type":"product","link":"https:\/\/vitablanca.ma\/en\/product\/manuka-health-pastilles-au-miel-de-manuka-mgo-400-gingembre-et-citron-15-pastilles-maroc\/","title":{"rendered":"Manuka Health Manuka honey lozenges, MGO 400+, ginger and lemon, 15 lozenges"},"content":{"rendered":"<p><a href=\"https:\/\/www.jumia.ma\/customer\/account\/login\/?tkWl=MA055DV1IBWCLNAFAMZ-49482039&return=%2Fmanuka-health-pastilles-au-miel-de-manuka-mgo-400-gingembre-et-citron-15-pastilles-50445219.html\"><\/a><\/p>\n\n\n\n<p>\u00c0 l\u2019ar\u00f4me naturel de gingembre & Citron<\/p>\n\n\n\n<p>Soothing relief from dry, scratchy throats + Vitamin C<\/p>\n\n\n\n<p>Food supplement<\/p>\n\n\n\n<p>100 % d\u2019ingr\u00e9dients naturels<\/p>\n\n\n\n<p>No artificial flavors or colors, gluten-free, nut-free<\/p>\n\n\n\n<p>Suitable for vegetarians<\/p>\n\n\n\n<p>Given by Nature, Proven by Science.<\/p>\n\n\n\n<p>These delicious soothing lozenges help calm and soothe dry, irritated throats, providing instant and long-lasting relief. They combine the benefits of premium New Zealand Manuka honey with the tangy taste of natural ginger and lemon, and an added boost of vitamin C.<\/p>\n\n\n\n<p>Made with our high quality MGO 400+ Manuka honey, certified for its natural methylglyoxal content (400 mg\/kg).<\/p>\n\n\n\n<ul class=\"wp-block-list\">\n<li>These delicious soothing lozenges help calm and soothe dry, irritated throats, providing instant and long-lasting relief.<\/li>\n\n\n\n<li>\u00a0They combine the benefits of premium New Zealand Manuka honey with the tangy taste of natural ginger and lemon and an extra boost of vitamin C.<\/li>\n\n\n\n<li>Made with our high quality MGO 400+ Manuka honey, certified for its natural methylglyoxal content (400 mg\/kg).<\/li>\n<\/ul>\n\n\n\n<p><\/p>","protected":false},"excerpt":{"rendered":"<ul>\n<li>With natural ginger &amp; lemon flavor<\/li>\n<li>Soothing relief from dry, scratchy throats + Vitamin C<\/li>\n<li>Food supplement<\/li>\n<li>100 % of natural ingredients<\/li>\n<li>No artificial flavors or colors, gluten-free, nut-free<\/li>\n<li>Suitable for vegetarians<\/li>\n<\/ul>","protected":false},"featured_media":14774,"template":"","meta":{"om_disable_all_campaigns":false},"product_brand":[234],"product_cat":[2493],"product_tag":[2494,108,235,784,2496,2495,2497,2498],"class_list":{"0":"post-14771","1":"product","2":"type-product","3":"status-publish","4":"has-post-thumbnail","6":"product_brand-manuka-health-maroc-prix","7":"product_cat-miel-de-manuka","8":"product_tag-gingembre-citron-maroc","9":"product_tag-manuka","10":"product_tag-manuka-health","11":"product_tag-manuka-health-maroc","12":"product_tag-maux-de-gorge-maroc","13":"product_tag-miel-mgo-400-maroc","14":"product_tag-pastilles-miel-manuka-maroc","15":"product_tag-remede-naturel-maroc","17":"first","18":"instock","19":"sale","20":"taxable","21":"shipping-taxable","22":"purchasable","23":"product-type-simple"},"yoast_head":"<!-- This site is optimized with the Yoast SEO plugin v27.5 - https:\/\/yoast.com\/product\/yoast-seo-wordpress\/ -->\n<title>Manuka Health Pastilles Miel MGO 400+, Gingembre Citron- Maroc<\/title>\n<meta name=\"description\" content=\"Achetez Manuka Health Pastilles au Miel de Manuka MGO 400+ (gingembre &amp; citron) au Maroc. 15 pastilles apaisantes pour la gorge, un soutien immunitaire naturel et un go\u00fbt d\u00e9licieux. Id\u00e9al pour toute la famille. Livraison rapide au Maroc!\" \/>\n<meta name=\"robots\" content=\"index, follow, max-snippet:-1, max-image-preview:large, max-video-preview:-1\" \/>\n<link rel=\"canonical\" href=\"https:\/\/vitablanca.ma\/en\/product\/manuka-health-pastilles-au-miel-de-manuka-mgo-400-gingembre-et-citron-15-pastilles-maroc\/\" \/>\n<meta property=\"og:locale\" content=\"en_US\" \/>\n<meta property=\"og:type\" content=\"article\" \/>\n<meta property=\"og:title\" content=\"Manuka Health Pastilles Miel MGO 400+, Gingembre Citron- Maroc\" \/>\n<meta property=\"og:description\" content=\"Achetez Manuka Health Pastilles au Miel de Manuka MGO 400+ (gingembre &amp; citron) au Maroc. 15 pastilles apaisantes pour la gorge, un soutien immunitaire naturel et un go\u00fbt d\u00e9licieux. Id\u00e9al pour toute la famille. Livraison rapide au Maroc!\" \/>\n<meta property=\"og:url\" content=\"https:\/\/vitablanca.ma\/en\/product\/manuka-health-pastilles-au-miel-de-manuka-mgo-400-gingembre-et-citron-15-pastilles-maroc\/\" \/>\n<meta property=\"og:site_name\" content=\"Vitablanca.ma &ndash; Sant&eacute;, vitalit&eacute; et bien-&ecirc;tre pour tous les Marocains\" \/>\n<meta property=\"article:publisher\" content=\"https:\/\/www.facebook.com\/profile.php?id=61576678196717\" \/>\n<meta property=\"article:modified_time\" content=\"2025-12-01T19:35:48+00:00\" \/>\n<meta property=\"og:image\" content=\"https:\/\/vitablanca.ma\/wp-content\/uploads\/2025\/06\/manuka-health-pastilles-au-miel-de-manuka-mgo-400-gingembre-et-citron-15-pastilles.jpg\" \/>\n\t<meta property=\"og:image:width\" content=\"680\" \/>\n\t<meta property=\"og:image:height\" content=\"680\" \/>\n\t<meta property=\"og:image:type\" content=\"image\/jpeg\" \/>\n<meta name=\"twitter:card\" content=\"summary_large_image\" \/>\n<meta name=\"twitter:label1\" content=\"Est. reading time\" \/>\n\t<meta name=\"twitter:data1\" content=\"2 minutes\" \/>\n<script type=\"application\/ld+json\" class=\"yoast-schema-graph\">{\"@context\":\"https:\\\/\\\/schema.org\",\"@graph\":[{\"@type\":[\"WebPage\",\"ItemPage\"],\"@id\":\"https:\\\/\\\/vitablanca.ma\\\/produit\\\/manuka-health-pastilles-au-miel-de-manuka-mgo-400-gingembre-et-citron-15-pastilles-maroc\\\/\",\"url\":\"https:\\\/\\\/vitablanca.ma\\\/produit\\\/manuka-health-pastilles-au-miel-de-manuka-mgo-400-gingembre-et-citron-15-pastilles-maroc\\\/\",\"name\":\"Manuka Health Pastilles Miel MGO 400+, Gingembre Citron- Maroc\",\"isPartOf\":{\"@id\":\"https:\\\/\\\/vitablanca.ma\\\/#website\"},\"primaryImageOfPage\":{\"@id\":\"https:\\\/\\\/vitablanca.ma\\\/produit\\\/manuka-health-pastilles-au-miel-de-manuka-mgo-400-gingembre-et-citron-15-pastilles-maroc\\\/#primaryimage\"},\"image\":{\"@id\":\"https:\\\/\\\/vitablanca.ma\\\/produit\\\/manuka-health-pastilles-au-miel-de-manuka-mgo-400-gingembre-et-citron-15-pastilles-maroc\\\/#primaryimage\"},\"thumbnailUrl\":\"https:\\\/\\\/vitablanca.ma\\\/wp-content\\\/uploads\\\/2025\\\/06\\\/manuka-health-pastilles-au-miel-de-manuka-mgo-400-gingembre-et-citron-15-pastilles.jpg\",\"datePublished\":\"2025-06-08T21:46:35+00:00\",\"dateModified\":\"2025-12-01T19:35:48+00:00\",\"description\":\"Achetez Manuka Health Pastilles au Miel de Manuka MGO 400+ (gingembre & citron) au Maroc. 15 pastilles apaisantes pour la gorge, un soutien immunitaire naturel et un go\u00fbt d\u00e9licieux. Id\u00e9al pour toute la famille. Livraison rapide au Maroc!\",\"breadcrumb\":{\"@id\":\"https:\\\/\\\/vitablanca.ma\\\/produit\\\/manuka-health-pastilles-au-miel-de-manuka-mgo-400-gingembre-et-citron-15-pastilles-maroc\\\/#breadcrumb\"},\"inLanguage\":\"en-US\",\"potentialAction\":[{\"@type\":\"ReadAction\",\"target\":[\"https:\\\/\\\/vitablanca.ma\\\/produit\\\/manuka-health-pastilles-au-miel-de-manuka-mgo-400-gingembre-et-citron-15-pastilles-maroc\\\/\"]}]},{\"@type\":\"ImageObject\",\"inLanguage\":\"en-US\",\"@id\":\"https:\\\/\\\/vitablanca.ma\\\/produit\\\/manuka-health-pastilles-au-miel-de-manuka-mgo-400-gingembre-et-citron-15-pastilles-maroc\\\/#primaryimage\",\"url\":\"https:\\\/\\\/vitablanca.ma\\\/wp-content\\\/uploads\\\/2025\\\/06\\\/manuka-health-pastilles-au-miel-de-manuka-mgo-400-gingembre-et-citron-15-pastilles.jpg\",\"contentUrl\":\"https:\\\/\\\/vitablanca.ma\\\/wp-content\\\/uploads\\\/2025\\\/06\\\/manuka-health-pastilles-au-miel-de-manuka-mgo-400-gingembre-et-citron-15-pastilles.jpg\",\"width\":680,\"height\":680},{\"@type\":\"BreadcrumbList\",\"@id\":\"https:\\\/\\\/vitablanca.ma\\\/produit\\\/manuka-health-pastilles-au-miel-de-manuka-mgo-400-gingembre-et-citron-15-pastilles-maroc\\\/#breadcrumb\",\"itemListElement\":[{\"@type\":\"ListItem\",\"position\":1,\"name\":\"Home\",\"item\":\"https:\\\/\\\/vitablanca.ma\\\/\"},{\"@type\":\"ListItem\",\"position\":2,\"name\":\"Tous Les Produits\",\"item\":\"https:\\\/\\\/vitablanca.ma\\\/tous-les-produits\\\/\"},{\"@type\":\"ListItem\",\"position\":3,\"name\":\"Manuka Health Pastilles au miel de Manuka, MGO 400+, gingembre et citron, 15 pastilles\"}]},{\"@type\":\"WebSite\",\"@id\":\"https:\\\/\\\/vitablanca.ma\\\/#website\",\"url\":\"https:\\\/\\\/vitablanca.ma\\\/\",\"name\":\"VitaBlanca.ma | Compl\u00e9ments alimentaires, sant\u00e9 & beaut\u00e9 au Maroc\",\"description\":\"vendre vitamines et compl\u00e9ments premium des USA &amp; Canada, Nouvelle Z\u00e9lande,Maroc (NOW Foods, Solgar, Manuka). Livraison rapide partout au Maroc.\",\"publisher\":{\"@id\":\"https:\\\/\\\/vitablanca.ma\\\/#organization\"},\"alternateName\":\"VitaBlanca.ma\",\"potentialAction\":[{\"@type\":\"SearchAction\",\"target\":{\"@type\":\"EntryPoint\",\"urlTemplate\":\"https:\\\/\\\/vitablanca.ma\\\/?s={search_term_string}\"},\"query-input\":{\"@type\":\"PropertyValueSpecification\",\"valueRequired\":true,\"valueName\":\"search_term_string\"}}],\"inLanguage\":\"en-US\"},{\"@type\":\"Organization\",\"@id\":\"https:\\\/\\\/vitablanca.ma\\\/#organization\",\"name\":\"VitaBlanca\",\"url\":\"https:\\\/\\\/vitablanca.ma\\\/\",\"logo\":{\"@type\":\"ImageObject\",\"inLanguage\":\"en-US\",\"@id\":\"https:\\\/\\\/vitablanca.ma\\\/#\\\/schema\\\/logo\\\/image\\\/\",\"url\":\"https:\\\/\\\/vitablanca.ma\\\/wp-content\\\/uploads\\\/2025\\\/05\\\/cropped-vitablanca.png\",\"contentUrl\":\"https:\\\/\\\/vitablanca.ma\\\/wp-content\\\/uploads\\\/2025\\\/05\\\/cropped-vitablanca.png\",\"width\":360,\"height\":67,\"caption\":\"VitaBlanca\"},\"image\":{\"@id\":\"https:\\\/\\\/vitablanca.ma\\\/#\\\/schema\\\/logo\\\/image\\\/\"},\"sameAs\":[\"https:\\\/\\\/www.facebook.com\\\/profile.php?id=61576678196717\",\"https:\\\/\\\/www.tiktok.com\\\/@vitablanca.ma\",\"https:\\\/\\\/www.instagram.com\\\/vitablanca.ma\\\/\"]}]}<\/script>\n<!-- \/ Yoast SEO plugin. -->","yoast_head_json":{"title":"Manuka Health Lozenges Honey MGO 400+, Ginger Lemon - Morocco","description":"Buy Manuka Health Manuka Honey Lozenges MGO 400+ (Ginger &amp; Lemon) in Morocco. 15 lozenges provide soothing throat care, natural immune support, and a delicious taste. Ideal for the whole family. Fast delivery to Morocco!","robots":{"index":"index","follow":"follow","max-snippet":"max-snippet:-1","max-image-preview":"max-image-preview:large","max-video-preview":"max-video-preview:-1"},"canonical":"https:\/\/vitablanca.ma\/en\/product\/manuka-health-pastilles-au-miel-de-manuka-mgo-400-gingembre-et-citron-15-pastilles-maroc\/","og_locale":"en_US","og_type":"article","og_title":"Manuka Health Pastilles Miel MGO 400+, Gingembre Citron- Maroc","og_description":"Achetez Manuka Health Pastilles au Miel de Manuka MGO 400+ (gingembre & citron) au Maroc. 15 pastilles apaisantes pour la gorge, un soutien immunitaire naturel et un go\u00fbt d\u00e9licieux. Id\u00e9al pour toute la famille. Livraison rapide au Maroc!","og_url":"https:\/\/vitablanca.ma\/en\/product\/manuka-health-pastilles-au-miel-de-manuka-mgo-400-gingembre-et-citron-15-pastilles-maroc\/","og_site_name":"Vitablanca.ma &ndash; Sant&eacute;, vitalit&eacute; et bien-&ecirc;tre pour tous les Marocains","article_publisher":"https:\/\/www.facebook.com\/profile.php?id=61576678196717","article_modified_time":"2025-12-01T19:35:48+00:00","og_image":[{"width":680,"height":680,"url":"https:\/\/vitablanca.ma\/wp-content\/uploads\/2025\/06\/manuka-health-pastilles-au-miel-de-manuka-mgo-400-gingembre-et-citron-15-pastilles.jpg","type":"image\/jpeg"}],"twitter_card":"summary_large_image","twitter_misc":{"Est. reading time":"2 minutes"},"schema":{"@context":"https:\/\/schema.org","@graph":[{"@type":["WebPage","ItemPage"],"@id":"https:\/\/vitablanca.ma\/produit\/manuka-health-pastilles-au-miel-de-manuka-mgo-400-gingembre-et-citron-15-pastilles-maroc\/","url":"https:\/\/vitablanca.ma\/produit\/manuka-health-pastilles-au-miel-de-manuka-mgo-400-gingembre-et-citron-15-pastilles-maroc\/","name":"Manuka Health Lozenges Honey MGO 400+, Ginger Lemon - Morocco","isPartOf":{"@id":"https:\/\/vitablanca.ma\/#website"},"primaryImageOfPage":{"@id":"https:\/\/vitablanca.ma\/produit\/manuka-health-pastilles-au-miel-de-manuka-mgo-400-gingembre-et-citron-15-pastilles-maroc\/#primaryimage"},"image":{"@id":"https:\/\/vitablanca.ma\/produit\/manuka-health-pastilles-au-miel-de-manuka-mgo-400-gingembre-et-citron-15-pastilles-maroc\/#primaryimage"},"thumbnailUrl":"https:\/\/vitablanca.ma\/wp-content\/uploads\/2025\/06\/manuka-health-pastilles-au-miel-de-manuka-mgo-400-gingembre-et-citron-15-pastilles.jpg","datePublished":"2025-06-08T21:46:35+00:00","dateModified":"2025-12-01T19:35:48+00:00","description":"Buy Manuka Health Manuka Honey Lozenges MGO 400+ (Ginger &amp; Lemon) in Morocco. 15 lozenges provide soothing throat care, natural immune support, and a delicious taste. Ideal for the whole family. Fast delivery to Morocco!","breadcrumb":{"@id":"https:\/\/vitablanca.ma\/produit\/manuka-health-pastilles-au-miel-de-manuka-mgo-400-gingembre-et-citron-15-pastilles-maroc\/#breadcrumb"},"inLanguage":"en-US","potentialAction":[{"@type":"ReadAction","target":["https:\/\/vitablanca.ma\/produit\/manuka-health-pastilles-au-miel-de-manuka-mgo-400-gingembre-et-citron-15-pastilles-maroc\/"]}]},{"@type":"ImageObject","inLanguage":"en-US","@id":"https:\/\/vitablanca.ma\/produit\/manuka-health-pastilles-au-miel-de-manuka-mgo-400-gingembre-et-citron-15-pastilles-maroc\/#primaryimage","url":"https:\/\/vitablanca.ma\/wp-content\/uploads\/2025\/06\/manuka-health-pastilles-au-miel-de-manuka-mgo-400-gingembre-et-citron-15-pastilles.jpg","contentUrl":"https:\/\/vitablanca.ma\/wp-content\/uploads\/2025\/06\/manuka-health-pastilles-au-miel-de-manuka-mgo-400-gingembre-et-citron-15-pastilles.jpg","width":680,"height":680},{"@type":"BreadcrumbList","@id":"https:\/\/vitablanca.ma\/produit\/manuka-health-pastilles-au-miel-de-manuka-mgo-400-gingembre-et-citron-15-pastilles-maroc\/#breadcrumb","itemListElement":[{"@type":"ListItem","position":1,"name":"Home","item":"https:\/\/vitablanca.ma\/"},{"@type":"ListItem","position":2,"name":"Tous Les Produits","item":"https:\/\/vitablanca.ma\/tous-les-produits\/"},{"@type":"ListItem","position":3,"name":"Manuka Health Pastilles au miel de Manuka, MGO 400+, gingembre et citron, 15 pastilles"}]},{"@type":"WebSite","@id":"https:\/\/vitablanca.ma\/#website","url":"https:\/\/vitablanca.ma\/","name":"VitaBlanca.ma | Food supplements, health &amp; beauty in Morocco","description":"sell premium vitamins and supplements from USA &amp; Canada, New Zealand, Morocco (NOW Foods, Solgar, Manuka). Fast delivery anywhere in Morocco.","publisher":{"@id":"https:\/\/vitablanca.ma\/#organization"},"alternateName":"VitaBlanca.ma","potentialAction":[{"@type":"SearchAction","target":{"@type":"EntryPoint","urlTemplate":"https:\/\/vitablanca.ma\/?s={search_term_string}"},"query-input":{"@type":"PropertyValueSpecification","valueRequired":true,"valueName":"search_term_string"}}],"inLanguage":"en-US"},{"@type":"Organization","@id":"https:\/\/vitablanca.ma\/#organization","name":"VitaBlanca","url":"https:\/\/vitablanca.ma\/","logo":{"@type":"ImageObject","inLanguage":"en-US","@id":"https:\/\/vitablanca.ma\/#\/schema\/logo\/image\/","url":"https:\/\/vitablanca.ma\/wp-content\/uploads\/2025\/05\/cropped-vitablanca.png","contentUrl":"https:\/\/vitablanca.ma\/wp-content\/uploads\/2025\/05\/cropped-vitablanca.png","width":360,"height":67,"caption":"VitaBlanca"},"image":{"@id":"https:\/\/vitablanca.ma\/#\/schema\/logo\/image\/"},"sameAs":["https:\/\/www.facebook.com\/profile.php?id=61576678196717","https:\/\/www.tiktok.com\/@vitablanca.ma","https:\/\/www.instagram.com\/vitablanca.ma\/"]}]}},"jetpack_sharing_enabled":true,"_links":{"self":[{"href":"https:\/\/vitablanca.ma\/en\/wp-json\/wp\/v2\/product\/14771","targetHints":{"allow":["GET"]}}],"collection":[{"href":"https:\/\/vitablanca.ma\/en\/wp-json\/wp\/v2\/product"}],"about":[{"href":"https:\/\/vitablanca.ma\/en\/wp-json\/wp\/v2\/types\/product"}],"wp:featuredmedia":[{"embeddable":true,"href":"https:\/\/vitablanca.ma\/en\/wp-json\/wp\/v2\/media\/14774"}],"wp:attachment":[{"href":"https:\/\/vitablanca.ma\/en\/wp-json\/wp\/v2\/media?parent=14771"}],"wp:term":[{"taxonomy":"product_brand","embeddable":true,"href":"https:\/\/vitablanca.ma\/en\/wp-json\/wp\/v2\/product_brand?post=14771"},{"taxonomy":"product_cat","embeddable":true,"href":"https:\/\/vitablanca.ma\/en\/wp-json\/wp\/v2\/product_cat?post=14771"},{"taxonomy":"product_tag","embeddable":true,"href":"https:\/\/vitablanca.ma\/en\/wp-json\/wp\/v2\/product_tag?post=14771"}],"curies":[{"name":"wp","href":"https:\/\/api.w.org\/{rel}","templated":true}]}}