{"id":14763,"date":"2025-06-06T16:36:23","date_gmt":"2025-06-06T16:36:23","guid":{"rendered":"https:\/\/vitablanca.ma\/?post_type=product&#038;p=14763"},"modified":"2025-08-30T20:56:39","modified_gmt":"2025-08-30T20:56:39","slug":"source-naturals-coenzyme-q10-100-mg-60-gelules-maroc","status":"publish","type":"product","link":"https:\/\/vitablanca.ma\/en\/product\/source-naturals-coenzyme-q10-100-mg-60-gelules-maroc\/","title":{"rendered":"Source Naturals Coenzyme Q10, 100 mg, 60 Capsules"},"content":{"rendered":"<p>La coenzyme Q10 est un composant crucial dans le cycle de production d\u2019\u00e9nergie primaire.\u00a0La recherche indique que la suppl\u00e9mentation avec ce nutriment peut soutenir la fonction cardiaque normale, fournir une protection antioxydante et maintenir la sant\u00e9 des gencives.\u00a0<br>Softgels\u00a0<br>Les\u00a0g\u00e9lules de\u00a0Coenzyme Q10 de\u00a0Source\u00a0Naturals\u00a0400mg\u00a0sont l\u2019un des produits de Coenzyme Q10 les plus puissants disponibles aujourd\u2019hui pour une nutrition s\u00e9rieuse et une protection puissante.<a href=\"https:\/\/www.jumia.ma\/customer\/account\/login\/?tkWl=SO219DV1ID4JXNAFAMZ-35974954&return=%2Fcoenzyme-q10-100-mg-60-gelules-source-naturals-mpg940180.html\"><\/a><\/p>","protected":false},"excerpt":{"rendered":"<p>Coenzyme Q10 is a crucial component in the primary energy production cycle. Research indicates that supplementing with this nutrient can support normal heart function, provide antioxidant protection, and maintain gum health.\u00a0<br class=\"SCXW91140840 BCX8\" \/>Softgels\u00a0<br class=\"SCXW91140840 BCX8\" \/>Source Naturals Coenzyme Q10 400mg Softgels are one of the most potent Coenzyme Q10 products available today for serious nutrition and powerful protection.<\/p>","protected":false},"featured_media":14765,"template":"","meta":{"om_disable_all_campaigns":false},"product_brand":[405],"product_cat":[18,3366,20,19],"product_tag":[2485,2461,2486,2487,408],"class_list":{"0":"post-14763","1":"product","2":"type-product","3":"status-publish","4":"has-post-thumbnail","6":"product_brand-source-naturals-prix-maroc","7":"product_cat-beaute-sante","8":"product_cat-complements-alimentaires-au-maroc-vitablanca","9":"product_cat-supplements","10":"product_cat-vitamines-supplements-dietetiques","11":"product_tag-coenzyme-q10-maroc","12":"product_tag-complement-energie-maroc","13":"product_tag-coq10-100mg-maroc","14":"product_tag-sante-cardiaque-maroc","15":"product_tag-source-naturals-maroc","17":"first","18":"instock","19":"taxable","20":"shipping-taxable","21":"purchasable","22":"product-type-simple"},"yoast_head":"<!-- This site is optimized with the Yoast SEO plugin v27.5 - https:\/\/yoast.com\/product\/yoast-seo-wordpress\/ -->\n<title>Source Naturals Coenzyme Q10, 100 mg, 60 G\u00e9lules - Maroc Prix<\/title>\n<meta name=\"description\" content=\"Achetez Source Naturals Coenzyme Q10 100 mg au Maroc. Ces 60 g\u00e9lules sont essentielles pour la sant\u00e9 cardiaque,Livraison rapide partout au Maroc!\" \/>\n<meta name=\"robots\" content=\"index, follow, max-snippet:-1, max-image-preview:large, max-video-preview:-1\" \/>\n<link rel=\"canonical\" href=\"https:\/\/vitablanca.ma\/en\/product\/source-naturals-coenzyme-q10-100-mg-60-gelules-maroc\/\" \/>\n<meta property=\"og:locale\" content=\"en_US\" \/>\n<meta property=\"og:type\" content=\"article\" \/>\n<meta property=\"og:title\" content=\"Source Naturals Coenzyme Q10, 100 mg, 60 G\u00e9lules - Maroc Prix\" \/>\n<meta property=\"og:description\" content=\"Achetez Source Naturals Coenzyme Q10 100 mg au Maroc. Ces 60 g\u00e9lules sont essentielles pour la sant\u00e9 cardiaque,Livraison rapide partout au Maroc!\" \/>\n<meta property=\"og:url\" content=\"https:\/\/vitablanca.ma\/en\/product\/source-naturals-coenzyme-q10-100-mg-60-gelules-maroc\/\" \/>\n<meta property=\"og:site_name\" content=\"Vitablanca.ma &ndash; Sant&eacute;, vitalit&eacute; et bien-&ecirc;tre pour tous les Marocains\" \/>\n<meta property=\"article:publisher\" content=\"https:\/\/www.facebook.com\/profile.php?id=61576678196717\" \/>\n<meta property=\"article:modified_time\" content=\"2025-08-30T20:56:39+00:00\" \/>\n<meta property=\"og:image\" content=\"https:\/\/vitablanca.ma\/wp-content\/uploads\/2025\/06\/coenzyme-q10-100-mg-60-gelules-source-naturals-.jpg\" \/>\n\t<meta property=\"og:image:width\" content=\"680\" \/>\n\t<meta property=\"og:image:height\" content=\"680\" \/>\n\t<meta property=\"og:image:type\" content=\"image\/jpeg\" \/>\n<meta name=\"twitter:card\" content=\"summary_large_image\" \/>\n<meta name=\"twitter:label1\" content=\"Est. reading time\" \/>\n\t<meta name=\"twitter:data1\" content=\"1 minute\" \/>\n<script type=\"application\/ld+json\" class=\"yoast-schema-graph\">{\"@context\":\"https:\\\/\\\/schema.org\",\"@graph\":[{\"@type\":[\"WebPage\",\"ItemPage\"],\"@id\":\"https:\\\/\\\/vitablanca.ma\\\/produit\\\/source-naturals-coenzyme-q10-100-mg-60-gelules-maroc\\\/\",\"url\":\"https:\\\/\\\/vitablanca.ma\\\/produit\\\/source-naturals-coenzyme-q10-100-mg-60-gelules-maroc\\\/\",\"name\":\"Source Naturals Coenzyme Q10, 100 mg, 60 G\u00e9lules - Maroc Prix\",\"isPartOf\":{\"@id\":\"https:\\\/\\\/vitablanca.ma\\\/#website\"},\"primaryImageOfPage\":{\"@id\":\"https:\\\/\\\/vitablanca.ma\\\/produit\\\/source-naturals-coenzyme-q10-100-mg-60-gelules-maroc\\\/#primaryimage\"},\"image\":{\"@id\":\"https:\\\/\\\/vitablanca.ma\\\/produit\\\/source-naturals-coenzyme-q10-100-mg-60-gelules-maroc\\\/#primaryimage\"},\"thumbnailUrl\":\"https:\\\/\\\/vitablanca.ma\\\/wp-content\\\/uploads\\\/2025\\\/06\\\/coenzyme-q10-100-mg-60-gelules-source-naturals-.jpg\",\"datePublished\":\"2025-06-06T16:36:23+00:00\",\"dateModified\":\"2025-08-30T20:56:39+00:00\",\"description\":\"Achetez Source Naturals Coenzyme Q10 100 mg au Maroc. Ces 60 g\u00e9lules sont essentielles pour la sant\u00e9 cardiaque,Livraison rapide partout au Maroc!\",\"breadcrumb\":{\"@id\":\"https:\\\/\\\/vitablanca.ma\\\/produit\\\/source-naturals-coenzyme-q10-100-mg-60-gelules-maroc\\\/#breadcrumb\"},\"inLanguage\":\"en-US\",\"potentialAction\":[{\"@type\":\"ReadAction\",\"target\":[\"https:\\\/\\\/vitablanca.ma\\\/produit\\\/source-naturals-coenzyme-q10-100-mg-60-gelules-maroc\\\/\"]}]},{\"@type\":\"ImageObject\",\"inLanguage\":\"en-US\",\"@id\":\"https:\\\/\\\/vitablanca.ma\\\/produit\\\/source-naturals-coenzyme-q10-100-mg-60-gelules-maroc\\\/#primaryimage\",\"url\":\"https:\\\/\\\/vitablanca.ma\\\/wp-content\\\/uploads\\\/2025\\\/06\\\/coenzyme-q10-100-mg-60-gelules-source-naturals-.jpg\",\"contentUrl\":\"https:\\\/\\\/vitablanca.ma\\\/wp-content\\\/uploads\\\/2025\\\/06\\\/coenzyme-q10-100-mg-60-gelules-source-naturals-.jpg\",\"width\":680,\"height\":680},{\"@type\":\"BreadcrumbList\",\"@id\":\"https:\\\/\\\/vitablanca.ma\\\/produit\\\/source-naturals-coenzyme-q10-100-mg-60-gelules-maroc\\\/#breadcrumb\",\"itemListElement\":[{\"@type\":\"ListItem\",\"position\":1,\"name\":\"Home\",\"item\":\"https:\\\/\\\/vitablanca.ma\\\/\"},{\"@type\":\"ListItem\",\"position\":2,\"name\":\"Tous Les Produits\",\"item\":\"https:\\\/\\\/vitablanca.ma\\\/tous-les-produits\\\/\"},{\"@type\":\"ListItem\",\"position\":3,\"name\":\"Source Naturals Coenzyme Q10, 100 mg, 60 G\u00e9lules\"}]},{\"@type\":\"WebSite\",\"@id\":\"https:\\\/\\\/vitablanca.ma\\\/#website\",\"url\":\"https:\\\/\\\/vitablanca.ma\\\/\",\"name\":\"VitaBlanca.ma | Compl\u00e9ments alimentaires, sant\u00e9 & beaut\u00e9 au Maroc\",\"description\":\"vendre vitamines et compl\u00e9ments premium des USA &amp; Canada, Nouvelle Z\u00e9lande,Maroc (NOW Foods, Solgar, Manuka). Livraison rapide partout au Maroc.\",\"publisher\":{\"@id\":\"https:\\\/\\\/vitablanca.ma\\\/#organization\"},\"alternateName\":\"VitaBlanca.ma\",\"potentialAction\":[{\"@type\":\"SearchAction\",\"target\":{\"@type\":\"EntryPoint\",\"urlTemplate\":\"https:\\\/\\\/vitablanca.ma\\\/?s={search_term_string}\"},\"query-input\":{\"@type\":\"PropertyValueSpecification\",\"valueRequired\":true,\"valueName\":\"search_term_string\"}}],\"inLanguage\":\"en-US\"},{\"@type\":\"Organization\",\"@id\":\"https:\\\/\\\/vitablanca.ma\\\/#organization\",\"name\":\"VitaBlanca\",\"url\":\"https:\\\/\\\/vitablanca.ma\\\/\",\"logo\":{\"@type\":\"ImageObject\",\"inLanguage\":\"en-US\",\"@id\":\"https:\\\/\\\/vitablanca.ma\\\/#\\\/schema\\\/logo\\\/image\\\/\",\"url\":\"https:\\\/\\\/vitablanca.ma\\\/wp-content\\\/uploads\\\/2025\\\/05\\\/cropped-vitablanca.png\",\"contentUrl\":\"https:\\\/\\\/vitablanca.ma\\\/wp-content\\\/uploads\\\/2025\\\/05\\\/cropped-vitablanca.png\",\"width\":360,\"height\":67,\"caption\":\"VitaBlanca\"},\"image\":{\"@id\":\"https:\\\/\\\/vitablanca.ma\\\/#\\\/schema\\\/logo\\\/image\\\/\"},\"sameAs\":[\"https:\\\/\\\/www.facebook.com\\\/profile.php?id=61576678196717\",\"https:\\\/\\\/www.tiktok.com\\\/@vitablanca.ma\",\"https:\\\/\\\/www.instagram.com\\\/vitablanca.ma\\\/\"]}]}<\/script>\n<!-- \/ Yoast SEO plugin. -->","yoast_head_json":{"title":"Source Naturals Coenzyme Q10, 100 mg, 60 Capsules - Morocco Price","description":"Buy Source Naturals Coenzyme Q10 100 mg in Morocco. These 60 capsules are essential for heart health. Fast delivery anywhere in Morocco!","robots":{"index":"index","follow":"follow","max-snippet":"max-snippet:-1","max-image-preview":"max-image-preview:large","max-video-preview":"max-video-preview:-1"},"canonical":"https:\/\/vitablanca.ma\/en\/product\/source-naturals-coenzyme-q10-100-mg-60-gelules-maroc\/","og_locale":"en_US","og_type":"article","og_title":"Source Naturals Coenzyme Q10, 100 mg, 60 G\u00e9lules - Maroc Prix","og_description":"Achetez Source Naturals Coenzyme Q10 100 mg au Maroc. Ces 60 g\u00e9lules sont essentielles pour la sant\u00e9 cardiaque,Livraison rapide partout au Maroc!","og_url":"https:\/\/vitablanca.ma\/en\/product\/source-naturals-coenzyme-q10-100-mg-60-gelules-maroc\/","og_site_name":"Vitablanca.ma &ndash; Sant&eacute;, vitalit&eacute; et bien-&ecirc;tre pour tous les Marocains","article_publisher":"https:\/\/www.facebook.com\/profile.php?id=61576678196717","article_modified_time":"2025-08-30T20:56:39+00:00","og_image":[{"width":680,"height":680,"url":"https:\/\/vitablanca.ma\/wp-content\/uploads\/2025\/06\/coenzyme-q10-100-mg-60-gelules-source-naturals-.jpg","type":"image\/jpeg"}],"twitter_card":"summary_large_image","twitter_misc":{"Est. reading time":"1 minute"},"schema":{"@context":"https:\/\/schema.org","@graph":[{"@type":["WebPage","ItemPage"],"@id":"https:\/\/vitablanca.ma\/produit\/source-naturals-coenzyme-q10-100-mg-60-gelules-maroc\/","url":"https:\/\/vitablanca.ma\/produit\/source-naturals-coenzyme-q10-100-mg-60-gelules-maroc\/","name":"Source Naturals Coenzyme Q10, 100 mg, 60 Capsules - Morocco Price","isPartOf":{"@id":"https:\/\/vitablanca.ma\/#website"},"primaryImageOfPage":{"@id":"https:\/\/vitablanca.ma\/produit\/source-naturals-coenzyme-q10-100-mg-60-gelules-maroc\/#primaryimage"},"image":{"@id":"https:\/\/vitablanca.ma\/produit\/source-naturals-coenzyme-q10-100-mg-60-gelules-maroc\/#primaryimage"},"thumbnailUrl":"https:\/\/vitablanca.ma\/wp-content\/uploads\/2025\/06\/coenzyme-q10-100-mg-60-gelules-source-naturals-.jpg","datePublished":"2025-06-06T16:36:23+00:00","dateModified":"2025-08-30T20:56:39+00:00","description":"Buy Source Naturals Coenzyme Q10 100 mg in Morocco. These 60 capsules are essential for heart health. Fast delivery anywhere in Morocco!","breadcrumb":{"@id":"https:\/\/vitablanca.ma\/produit\/source-naturals-coenzyme-q10-100-mg-60-gelules-maroc\/#breadcrumb"},"inLanguage":"en-US","potentialAction":[{"@type":"ReadAction","target":["https:\/\/vitablanca.ma\/produit\/source-naturals-coenzyme-q10-100-mg-60-gelules-maroc\/"]}]},{"@type":"ImageObject","inLanguage":"en-US","@id":"https:\/\/vitablanca.ma\/produit\/source-naturals-coenzyme-q10-100-mg-60-gelules-maroc\/#primaryimage","url":"https:\/\/vitablanca.ma\/wp-content\/uploads\/2025\/06\/coenzyme-q10-100-mg-60-gelules-source-naturals-.jpg","contentUrl":"https:\/\/vitablanca.ma\/wp-content\/uploads\/2025\/06\/coenzyme-q10-100-mg-60-gelules-source-naturals-.jpg","width":680,"height":680},{"@type":"BreadcrumbList","@id":"https:\/\/vitablanca.ma\/produit\/source-naturals-coenzyme-q10-100-mg-60-gelules-maroc\/#breadcrumb","itemListElement":[{"@type":"ListItem","position":1,"name":"Home","item":"https:\/\/vitablanca.ma\/"},{"@type":"ListItem","position":2,"name":"Tous Les Produits","item":"https:\/\/vitablanca.ma\/tous-les-produits\/"},{"@type":"ListItem","position":3,"name":"Source Naturals Coenzyme Q10, 100 mg, 60 G\u00e9lules"}]},{"@type":"WebSite","@id":"https:\/\/vitablanca.ma\/#website","url":"https:\/\/vitablanca.ma\/","name":"VitaBlanca.ma | Food supplements, health &amp; beauty in Morocco","description":"sell premium vitamins and supplements from USA &amp; Canada, New Zealand, Morocco (NOW Foods, Solgar, Manuka). Fast delivery anywhere in Morocco.","publisher":{"@id":"https:\/\/vitablanca.ma\/#organization"},"alternateName":"VitaBlanca.ma","potentialAction":[{"@type":"SearchAction","target":{"@type":"EntryPoint","urlTemplate":"https:\/\/vitablanca.ma\/?s={search_term_string}"},"query-input":{"@type":"PropertyValueSpecification","valueRequired":true,"valueName":"search_term_string"}}],"inLanguage":"en-US"},{"@type":"Organization","@id":"https:\/\/vitablanca.ma\/#organization","name":"VitaBlanca","url":"https:\/\/vitablanca.ma\/","logo":{"@type":"ImageObject","inLanguage":"en-US","@id":"https:\/\/vitablanca.ma\/#\/schema\/logo\/image\/","url":"https:\/\/vitablanca.ma\/wp-content\/uploads\/2025\/05\/cropped-vitablanca.png","contentUrl":"https:\/\/vitablanca.ma\/wp-content\/uploads\/2025\/05\/cropped-vitablanca.png","width":360,"height":67,"caption":"VitaBlanca"},"image":{"@id":"https:\/\/vitablanca.ma\/#\/schema\/logo\/image\/"},"sameAs":["https:\/\/www.facebook.com\/profile.php?id=61576678196717","https:\/\/www.tiktok.com\/@vitablanca.ma","https:\/\/www.instagram.com\/vitablanca.ma\/"]}]}},"jetpack_sharing_enabled":true,"_links":{"self":[{"href":"https:\/\/vitablanca.ma\/en\/wp-json\/wp\/v2\/product\/14763","targetHints":{"allow":["GET"]}}],"collection":[{"href":"https:\/\/vitablanca.ma\/en\/wp-json\/wp\/v2\/product"}],"about":[{"href":"https:\/\/vitablanca.ma\/en\/wp-json\/wp\/v2\/types\/product"}],"wp:featuredmedia":[{"embeddable":true,"href":"https:\/\/vitablanca.ma\/en\/wp-json\/wp\/v2\/media\/14765"}],"wp:attachment":[{"href":"https:\/\/vitablanca.ma\/en\/wp-json\/wp\/v2\/media?parent=14763"}],"wp:term":[{"taxonomy":"product_brand","embeddable":true,"href":"https:\/\/vitablanca.ma\/en\/wp-json\/wp\/v2\/product_brand?post=14763"},{"taxonomy":"product_cat","embeddable":true,"href":"https:\/\/vitablanca.ma\/en\/wp-json\/wp\/v2\/product_cat?post=14763"},{"taxonomy":"product_tag","embeddable":true,"href":"https:\/\/vitablanca.ma\/en\/wp-json\/wp\/v2\/product_tag?post=14763"}],"curies":[{"name":"wp","href":"https:\/\/api.w.org\/{rel}","templated":true}]}}