{"id":14759,"date":"2025-06-06T15:54:21","date_gmt":"2025-06-06T15:54:21","guid":{"rendered":"https:\/\/vitablanca.ma\/?post_type=product&#038;p=14759"},"modified":"2025-12-03T19:26:20","modified_gmt":"2025-12-03T19:26:20","slug":"source-naturals-defense-immunitaire-aux-champignons-complexe-16-champignons-60-comprimes-maroc","status":"publish","type":"product","link":"https:\/\/vitablanca.ma\/en\/product\/source-naturals-defense-immunitaire-aux-champignons-complexe-16-champignons-60-comprimes-maroc\/","title":{"rendered":"Source Naturals Mushroom Immune Defense, 16 Mushroom Complex, 60 Tablets."},"content":{"rendered":"<p>Complex of 16 mushrooms\u00a0<\/p>\n\n\n\n<p>Food supplement\u00a0<\/p>\n\n\n\n<p>Source\u00a0Naturals\u00a0Mushroom\u00a0Immune\u00a0Defense\u00a0est un m\u00e9lange du champignon\u00a0mycelia\u00a0avec des extraits issus des 16 esp\u00e8ces de champignons les plus \u00e9tudi\u00e9s pour leurs vertus sur la sant\u00e9. Bien que les m\u00e9canismes des actions se d\u00e9roulant dans le corps ne soient pas int\u00e9gralement compris, les chercheurs supposent que les constituants de ces champignons peuvent soutenir les cellules tueuses naturelles (NK), le cellules T, l\u2019activit\u00e9 macrophage et la production de cytokine. En associant soigneusement ces champignons et en les renfor\u00e7ant avec des extraits, Source\u00a0Naturals\u00a0Mushroom\u00a0Immune\u00a0Defense\u00a0est un produit \u00e0 large spectre, complet et tr\u00e8s efficace.\u00a0<\/p>","protected":false},"excerpt":{"rendered":"<ul>\n<li><b>Complex of 16 mushrooms\u00a0<\/b><\/li>\n<li><b>Food supplement\u00a0<\/b><\/li>\n<li><b>NO yeast, egg, dairy, soy or artificial colors\u00a0<\/b><\/li>\n<li><b>Natural immune system booster\u00a0<\/b><\/li>\n<li><b>The best edible mushrooms\u00a0<\/b><\/li>\n<li><b>Good for the stomach\u00a0<br class=\"SCXW117912331 BCX8\" \/><\/b><\/li>\n<li><b>May help with weight management\u00a0<br class=\"SCXW117912331 BCX8\" \/><\/b><\/li>\n<li><b>May promote a healthier and longer life\u00a0<br class=\"SCXW117912331 BCX8\" \/><\/b><\/li>\n<li><b>Ecological\u00a0<\/b><\/li>\n<\/ul>","protected":false},"featured_media":14762,"template":"","meta":{"om_disable_all_campaigns":false},"product_brand":[405],"product_cat":[18,2484,3366,104,19],"product_tag":[],"class_list":{"0":"post-14759","1":"product","2":"type-product","3":"status-publish","4":"has-post-thumbnail","6":"product_brand-source-naturals-prix-maroc","7":"product_cat-beaute-sante","8":"product_cat-champignons","9":"product_cat-complements-alimentaires-au-maroc-vitablanca","10":"product_cat-supplements-a-base-de-plantes","11":"product_cat-vitamines-supplements-dietetiques","13":"first","14":"instock","15":"sale","16":"taxable","17":"shipping-taxable","18":"purchasable","19":"product-type-simple"},"yoast_head":"<!-- This site is optimized with the Yoast SEO plugin v27.5 - https:\/\/yoast.com\/product\/yoast-seo-wordpress\/ -->\n<title>Source Naturals D\u00e9fense Immunitaire aux Champignons - Maroc<\/title>\n<meta name=\"description\" content=\"Achetez Source Naturals D\u00e9fense Immunitaire aux Champignons (complexe de 16 champignons) au Maroc. Ces 60 comprim\u00e9s offrent un soutien puissant\" \/>\n<meta name=\"robots\" content=\"index, follow, max-snippet:-1, max-image-preview:large, max-video-preview:-1\" \/>\n<link rel=\"canonical\" href=\"https:\/\/vitablanca.ma\/en\/product\/source-naturals-defense-immunitaire-aux-champignons-complexe-16-champignons-60-comprimes-maroc\/\" \/>\n<meta property=\"og:locale\" content=\"en_US\" \/>\n<meta property=\"og:type\" content=\"article\" \/>\n<meta property=\"og:title\" content=\"Source Naturals D\u00e9fense Immunitaire aux Champignons - Maroc\" \/>\n<meta property=\"og:description\" content=\"Achetez Source Naturals D\u00e9fense Immunitaire aux Champignons (complexe de 16 champignons) au Maroc. Ces 60 comprim\u00e9s offrent un soutien puissant\" \/>\n<meta property=\"og:url\" content=\"https:\/\/vitablanca.ma\/en\/product\/source-naturals-defense-immunitaire-aux-champignons-complexe-16-champignons-60-comprimes-maroc\/\" \/>\n<meta property=\"og:site_name\" content=\"Vitablanca.ma &ndash; Sant&eacute;, vitalit&eacute; et bien-&ecirc;tre pour tous les Marocains\" \/>\n<meta property=\"article:publisher\" content=\"https:\/\/www.facebook.com\/profile.php?id=61576678196717\" \/>\n<meta property=\"article:modified_time\" content=\"2025-12-03T19:26:20+00:00\" \/>\n<meta property=\"og:image\" content=\"https:\/\/vitablanca.ma\/wp-content\/uploads\/2025\/06\/source-naturals-defense-immunitaire-aux-champignons-complexe-16-champignons-.jpg\" \/>\n\t<meta property=\"og:image:width\" content=\"680\" \/>\n\t<meta property=\"og:image:height\" content=\"680\" \/>\n\t<meta property=\"og:image:type\" content=\"image\/jpeg\" \/>\n<meta name=\"twitter:card\" content=\"summary_large_image\" \/>\n<meta name=\"twitter:label1\" content=\"Est. reading time\" \/>\n\t<meta name=\"twitter:data1\" content=\"1 minute\" \/>\n<script type=\"application\/ld+json\" class=\"yoast-schema-graph\">{\"@context\":\"https:\\\/\\\/schema.org\",\"@graph\":[{\"@type\":[\"WebPage\",\"ItemPage\"],\"@id\":\"https:\\\/\\\/vitablanca.ma\\\/produit\\\/source-naturals-defense-immunitaire-aux-champignons-complexe-16-champignons-60-comprimes-maroc\\\/\",\"url\":\"https:\\\/\\\/vitablanca.ma\\\/produit\\\/source-naturals-defense-immunitaire-aux-champignons-complexe-16-champignons-60-comprimes-maroc\\\/\",\"name\":\"Source Naturals D\u00e9fense Immunitaire aux Champignons - Maroc\",\"isPartOf\":{\"@id\":\"https:\\\/\\\/vitablanca.ma\\\/#website\"},\"primaryImageOfPage\":{\"@id\":\"https:\\\/\\\/vitablanca.ma\\\/produit\\\/source-naturals-defense-immunitaire-aux-champignons-complexe-16-champignons-60-comprimes-maroc\\\/#primaryimage\"},\"image\":{\"@id\":\"https:\\\/\\\/vitablanca.ma\\\/produit\\\/source-naturals-defense-immunitaire-aux-champignons-complexe-16-champignons-60-comprimes-maroc\\\/#primaryimage\"},\"thumbnailUrl\":\"https:\\\/\\\/vitablanca.ma\\\/wp-content\\\/uploads\\\/2025\\\/06\\\/source-naturals-defense-immunitaire-aux-champignons-complexe-16-champignons-.jpg\",\"datePublished\":\"2025-06-06T15:54:21+00:00\",\"dateModified\":\"2025-12-03T19:26:20+00:00\",\"description\":\"Achetez Source Naturals D\u00e9fense Immunitaire aux Champignons (complexe de 16 champignons) au Maroc. Ces 60 comprim\u00e9s offrent un soutien puissant\",\"breadcrumb\":{\"@id\":\"https:\\\/\\\/vitablanca.ma\\\/produit\\\/source-naturals-defense-immunitaire-aux-champignons-complexe-16-champignons-60-comprimes-maroc\\\/#breadcrumb\"},\"inLanguage\":\"en-US\",\"potentialAction\":[{\"@type\":\"ReadAction\",\"target\":[\"https:\\\/\\\/vitablanca.ma\\\/produit\\\/source-naturals-defense-immunitaire-aux-champignons-complexe-16-champignons-60-comprimes-maroc\\\/\"]}]},{\"@type\":\"ImageObject\",\"inLanguage\":\"en-US\",\"@id\":\"https:\\\/\\\/vitablanca.ma\\\/produit\\\/source-naturals-defense-immunitaire-aux-champignons-complexe-16-champignons-60-comprimes-maroc\\\/#primaryimage\",\"url\":\"https:\\\/\\\/vitablanca.ma\\\/wp-content\\\/uploads\\\/2025\\\/06\\\/source-naturals-defense-immunitaire-aux-champignons-complexe-16-champignons-.jpg\",\"contentUrl\":\"https:\\\/\\\/vitablanca.ma\\\/wp-content\\\/uploads\\\/2025\\\/06\\\/source-naturals-defense-immunitaire-aux-champignons-complexe-16-champignons-.jpg\",\"width\":680,\"height\":680},{\"@type\":\"BreadcrumbList\",\"@id\":\"https:\\\/\\\/vitablanca.ma\\\/produit\\\/source-naturals-defense-immunitaire-aux-champignons-complexe-16-champignons-60-comprimes-maroc\\\/#breadcrumb\",\"itemListElement\":[{\"@type\":\"ListItem\",\"position\":1,\"name\":\"Home\",\"item\":\"https:\\\/\\\/vitablanca.ma\\\/\"},{\"@type\":\"ListItem\",\"position\":2,\"name\":\"Tous Les Produits\",\"item\":\"https:\\\/\\\/vitablanca.ma\\\/tous-les-produits\\\/\"},{\"@type\":\"ListItem\",\"position\":3,\"name\":\"Source Naturals D\u00e9fense immunitaire aux champignons, complexe 16 champignons, 60 comprim\u00e9s.\"}]},{\"@type\":\"WebSite\",\"@id\":\"https:\\\/\\\/vitablanca.ma\\\/#website\",\"url\":\"https:\\\/\\\/vitablanca.ma\\\/\",\"name\":\"VitaBlanca.ma | Compl\u00e9ments alimentaires, sant\u00e9 & beaut\u00e9 au Maroc\",\"description\":\"vendre vitamines et compl\u00e9ments premium des USA &amp; Canada, Nouvelle Z\u00e9lande,Maroc (NOW Foods, Solgar, Manuka). Livraison rapide partout au Maroc.\",\"publisher\":{\"@id\":\"https:\\\/\\\/vitablanca.ma\\\/#organization\"},\"alternateName\":\"VitaBlanca.ma\",\"potentialAction\":[{\"@type\":\"SearchAction\",\"target\":{\"@type\":\"EntryPoint\",\"urlTemplate\":\"https:\\\/\\\/vitablanca.ma\\\/?s={search_term_string}\"},\"query-input\":{\"@type\":\"PropertyValueSpecification\",\"valueRequired\":true,\"valueName\":\"search_term_string\"}}],\"inLanguage\":\"en-US\"},{\"@type\":\"Organization\",\"@id\":\"https:\\\/\\\/vitablanca.ma\\\/#organization\",\"name\":\"VitaBlanca\",\"url\":\"https:\\\/\\\/vitablanca.ma\\\/\",\"logo\":{\"@type\":\"ImageObject\",\"inLanguage\":\"en-US\",\"@id\":\"https:\\\/\\\/vitablanca.ma\\\/#\\\/schema\\\/logo\\\/image\\\/\",\"url\":\"https:\\\/\\\/vitablanca.ma\\\/wp-content\\\/uploads\\\/2025\\\/05\\\/cropped-vitablanca.png\",\"contentUrl\":\"https:\\\/\\\/vitablanca.ma\\\/wp-content\\\/uploads\\\/2025\\\/05\\\/cropped-vitablanca.png\",\"width\":360,\"height\":67,\"caption\":\"VitaBlanca\"},\"image\":{\"@id\":\"https:\\\/\\\/vitablanca.ma\\\/#\\\/schema\\\/logo\\\/image\\\/\"},\"sameAs\":[\"https:\\\/\\\/www.facebook.com\\\/profile.php?id=61576678196717\",\"https:\\\/\\\/www.tiktok.com\\\/@vitablanca.ma\",\"https:\\\/\\\/www.instagram.com\\\/vitablanca.ma\\\/\"]}]}<\/script>\n<!-- \/ Yoast SEO plugin. -->","yoast_head_json":{"title":"Source Naturals Mushroom Immune Defense - Morocco","description":"Achetez Source Naturals D\u00e9fense Immunitaire aux Champignons (complexe de 16 champignons) au Maroc. Ces 60 comprim\u00e9s offrent un soutien puissant","robots":{"index":"index","follow":"follow","max-snippet":"max-snippet:-1","max-image-preview":"max-image-preview:large","max-video-preview":"max-video-preview:-1"},"canonical":"https:\/\/vitablanca.ma\/en\/product\/source-naturals-defense-immunitaire-aux-champignons-complexe-16-champignons-60-comprimes-maroc\/","og_locale":"en_US","og_type":"article","og_title":"Source Naturals D\u00e9fense Immunitaire aux Champignons - Maroc","og_description":"Achetez Source Naturals D\u00e9fense Immunitaire aux Champignons (complexe de 16 champignons) au Maroc. Ces 60 comprim\u00e9s offrent un soutien puissant","og_url":"https:\/\/vitablanca.ma\/en\/product\/source-naturals-defense-immunitaire-aux-champignons-complexe-16-champignons-60-comprimes-maroc\/","og_site_name":"Vitablanca.ma &ndash; Sant&eacute;, vitalit&eacute; et bien-&ecirc;tre pour tous les Marocains","article_publisher":"https:\/\/www.facebook.com\/profile.php?id=61576678196717","article_modified_time":"2025-12-03T19:26:20+00:00","og_image":[{"width":680,"height":680,"url":"https:\/\/vitablanca.ma\/wp-content\/uploads\/2025\/06\/source-naturals-defense-immunitaire-aux-champignons-complexe-16-champignons-.jpg","type":"image\/jpeg"}],"twitter_card":"summary_large_image","twitter_misc":{"Est. reading time":"1 minute"},"schema":{"@context":"https:\/\/schema.org","@graph":[{"@type":["WebPage","ItemPage"],"@id":"https:\/\/vitablanca.ma\/produit\/source-naturals-defense-immunitaire-aux-champignons-complexe-16-champignons-60-comprimes-maroc\/","url":"https:\/\/vitablanca.ma\/produit\/source-naturals-defense-immunitaire-aux-champignons-complexe-16-champignons-60-comprimes-maroc\/","name":"Source Naturals Mushroom Immune Defense - Morocco","isPartOf":{"@id":"https:\/\/vitablanca.ma\/#website"},"primaryImageOfPage":{"@id":"https:\/\/vitablanca.ma\/produit\/source-naturals-defense-immunitaire-aux-champignons-complexe-16-champignons-60-comprimes-maroc\/#primaryimage"},"image":{"@id":"https:\/\/vitablanca.ma\/produit\/source-naturals-defense-immunitaire-aux-champignons-complexe-16-champignons-60-comprimes-maroc\/#primaryimage"},"thumbnailUrl":"https:\/\/vitablanca.ma\/wp-content\/uploads\/2025\/06\/source-naturals-defense-immunitaire-aux-champignons-complexe-16-champignons-.jpg","datePublished":"2025-06-06T15:54:21+00:00","dateModified":"2025-12-03T19:26:20+00:00","description":"Achetez Source Naturals D\u00e9fense Immunitaire aux Champignons (complexe de 16 champignons) au Maroc. Ces 60 comprim\u00e9s offrent un soutien puissant","breadcrumb":{"@id":"https:\/\/vitablanca.ma\/produit\/source-naturals-defense-immunitaire-aux-champignons-complexe-16-champignons-60-comprimes-maroc\/#breadcrumb"},"inLanguage":"en-US","potentialAction":[{"@type":"ReadAction","target":["https:\/\/vitablanca.ma\/produit\/source-naturals-defense-immunitaire-aux-champignons-complexe-16-champignons-60-comprimes-maroc\/"]}]},{"@type":"ImageObject","inLanguage":"en-US","@id":"https:\/\/vitablanca.ma\/produit\/source-naturals-defense-immunitaire-aux-champignons-complexe-16-champignons-60-comprimes-maroc\/#primaryimage","url":"https:\/\/vitablanca.ma\/wp-content\/uploads\/2025\/06\/source-naturals-defense-immunitaire-aux-champignons-complexe-16-champignons-.jpg","contentUrl":"https:\/\/vitablanca.ma\/wp-content\/uploads\/2025\/06\/source-naturals-defense-immunitaire-aux-champignons-complexe-16-champignons-.jpg","width":680,"height":680},{"@type":"BreadcrumbList","@id":"https:\/\/vitablanca.ma\/produit\/source-naturals-defense-immunitaire-aux-champignons-complexe-16-champignons-60-comprimes-maroc\/#breadcrumb","itemListElement":[{"@type":"ListItem","position":1,"name":"Home","item":"https:\/\/vitablanca.ma\/"},{"@type":"ListItem","position":2,"name":"Tous Les Produits","item":"https:\/\/vitablanca.ma\/tous-les-produits\/"},{"@type":"ListItem","position":3,"name":"Source Naturals D\u00e9fense immunitaire aux champignons, complexe 16 champignons, 60 comprim\u00e9s."}]},{"@type":"WebSite","@id":"https:\/\/vitablanca.ma\/#website","url":"https:\/\/vitablanca.ma\/","name":"VitaBlanca.ma | Food supplements, health &amp; beauty in Morocco","description":"sell premium vitamins and supplements from USA &amp; Canada, New Zealand, Morocco (NOW Foods, Solgar, Manuka). Fast delivery anywhere in Morocco.","publisher":{"@id":"https:\/\/vitablanca.ma\/#organization"},"alternateName":"VitaBlanca.ma","potentialAction":[{"@type":"SearchAction","target":{"@type":"EntryPoint","urlTemplate":"https:\/\/vitablanca.ma\/?s={search_term_string}"},"query-input":{"@type":"PropertyValueSpecification","valueRequired":true,"valueName":"search_term_string"}}],"inLanguage":"en-US"},{"@type":"Organization","@id":"https:\/\/vitablanca.ma\/#organization","name":"VitaBlanca","url":"https:\/\/vitablanca.ma\/","logo":{"@type":"ImageObject","inLanguage":"en-US","@id":"https:\/\/vitablanca.ma\/#\/schema\/logo\/image\/","url":"https:\/\/vitablanca.ma\/wp-content\/uploads\/2025\/05\/cropped-vitablanca.png","contentUrl":"https:\/\/vitablanca.ma\/wp-content\/uploads\/2025\/05\/cropped-vitablanca.png","width":360,"height":67,"caption":"VitaBlanca"},"image":{"@id":"https:\/\/vitablanca.ma\/#\/schema\/logo\/image\/"},"sameAs":["https:\/\/www.facebook.com\/profile.php?id=61576678196717","https:\/\/www.tiktok.com\/@vitablanca.ma","https:\/\/www.instagram.com\/vitablanca.ma\/"]}]}},"jetpack_sharing_enabled":true,"_links":{"self":[{"href":"https:\/\/vitablanca.ma\/en\/wp-json\/wp\/v2\/product\/14759","targetHints":{"allow":["GET"]}}],"collection":[{"href":"https:\/\/vitablanca.ma\/en\/wp-json\/wp\/v2\/product"}],"about":[{"href":"https:\/\/vitablanca.ma\/en\/wp-json\/wp\/v2\/types\/product"}],"wp:featuredmedia":[{"embeddable":true,"href":"https:\/\/vitablanca.ma\/en\/wp-json\/wp\/v2\/media\/14762"}],"wp:attachment":[{"href":"https:\/\/vitablanca.ma\/en\/wp-json\/wp\/v2\/media?parent=14759"}],"wp:term":[{"taxonomy":"product_brand","embeddable":true,"href":"https:\/\/vitablanca.ma\/en\/wp-json\/wp\/v2\/product_brand?post=14759"},{"taxonomy":"product_cat","embeddable":true,"href":"https:\/\/vitablanca.ma\/en\/wp-json\/wp\/v2\/product_cat?post=14759"},{"taxonomy":"product_tag","embeddable":true,"href":"https:\/\/vitablanca.ma\/en\/wp-json\/wp\/v2\/product_tag?post=14759"}],"curies":[{"name":"wp","href":"https:\/\/api.w.org\/{rel}","templated":true}]}}